{"id":1114,"date":"2024-04-20T07:27:38","date_gmt":"2024-04-20T07:27:38","guid":{"rendered":"https:\/\/fanmerch.fi\/?page_id=1114"},"modified":"2026-01-22T13:32:20","modified_gmt":"2026-01-22T10:32:20","slug":"sopimusehdot","status":"publish","type":"page","link":"https:\/\/fanmerch.fi\/en\/sopimusehdot\/","title":{"rendered":"Sopimusehdot"},"content":{"rendered":"<div data-elementor-type=\"wp-page\" data-elementor-id=\"1114\" class=\"elementor elementor-1114\" data-elementor-settings=\"{&quot;ha_cmc_init_switcher&quot;:&quot;no&quot;}\" data-elementor-post-type=\"page\">\n\t\t\t\t\t\t<section class=\"elementor-section elementor-top-section elementor-element elementor-element-463c5f1 elementor-section-boxed elementor-section-height-default elementor-section-height-default\" data-id=\"463c5f1\" data-element_type=\"section\" data-e-type=\"section\" data-settings=\"{&quot;_ha_eqh_enable&quot;:false}\">\n\t\t\t\t\t\t<div class=\"elementor-container elementor-column-gap-default\">\n\t\t\t\t\t<div class=\"elementor-column elementor-col-100 elementor-top-column elementor-element elementor-element-378b035b\" data-id=\"378b035b\" data-element_type=\"column\" data-e-type=\"column\">\n\t\t\t<div class=\"elementor-widget-wrap elementor-element-populated\">\n\t\t\t\t\t\t<div class=\"elementor-element elementor-element-64d37819 elementor-widget elementor-widget-heading\" data-id=\"64d37819\" data-element_type=\"widget\" data-e-type=\"widget\" data-widget_type=\"heading.default\">\n\t\t\t\t<div class=\"elementor-widget-container\">\n\t\t\t\t\t<h1 class=\"elementor-heading-title elementor-size-default\">Sopimusehdot<\/h1>\t\t\t\t<\/div>\n\t\t\t\t<\/div>\n\t\t\t\t<div class=\"elementor-element elementor-element-3d0837b9 elementor-widget elementor-widget-text-editor\" data-id=\"3d0837b9\" data-element_type=\"widget\" data-e-type=\"widget\" data-widget_type=\"text-editor.default\">\n\t\t\t\t<div class=\"elementor-widget-container\">\n\t\t\t\t\t\t\t\t\t<p>Voimassa 1.6.2025 alkaen<\/p><p><strong>YLEISET SOPIMUSEHDOT \u2013 FANMERCH FINLAND OY<\/strong><br \/>Fanmerch.fi ja sen verkkokauppasivustot ovat Fanmerch Finland Oy:n (Y-tunnus 3354620-2) omistamia markkinapaikkoja. N\u00e4it\u00e4 yleisi\u00e4 sopimusehtoja sovelletaan Fanmerchin ja sen asiakkaiden v\u00e4lisess\u00e4 kauppasuhteessa.<\/p><p>Fanmerch pid\u00e4tt\u00e4\u00e4 oikeuden muuttaa n\u00e4it\u00e4 sopimusehtoja yksipuolisesti ilman ennakkoilmoitusta. Tilaushetkell\u00e4 voimassa olevat sopimusehdot ovat n\u00e4ht\u00e4vill\u00e4 osoitteessa fanmerch.fi. Mahdolliset lainmuutokset astuvat voimaan heti, ellei lains\u00e4\u00e4d\u00e4nt\u00f6 muuta edellyt\u00e4.<\/p><p>Fanmerch ei vastaa ylivoimaisesta esteest\u00e4 (force majeure) aiheutuvista viiv\u00e4styksist\u00e4 tai vahingoista. Asiakkaille ilmoitetaan t\u00e4llaisista tilanteista viipym\u00e4tt\u00e4.<\/p><p><strong>1. ASIAKAS<\/strong><br \/>Fanmerch myy tuotteita t\u00e4ysi-ik\u00e4isille kuluttajille ja yritysasiakkaille. Alle 18-vuotiaalla asiakkaalla on oltava huoltajan suostumus tilauksen tekemiseen.<\/p><p>Kuluttajakaupassa noudatetaan Suomen ja EU:n kuluttajansuojalains\u00e4\u00e4d\u00e4nt\u00f6\u00e4. Mik\u00e4li n\u00e4iss\u00e4 ehdoissa on ristiriita pakottavan lains\u00e4\u00e4d\u00e4nn\u00f6n kanssa, noudatetaan ensisijaisesti voimassa olevaa lakia.<\/p><p>Yritysasiakkaiden osalta sovelletaan Suomen kauppalakia, ellei muuta ole erikseen sovittu.<\/p><p>Tilausta tehdess\u00e4\u00e4n asiakas on velvollinen antamaan t\u00e4ydelliset yhteystiedot: nimi, toimitusosoite, toimiva s\u00e4hk\u00f6postiosoite ja puhelinnumero. Yritysasiakkailta vaaditaan lis\u00e4ksi Y-tunnus ja tarvittaessa laskutusosoite.<\/p><p>Toimitusaika-arviot perustuvat logistiikkakumppaneiden antamiin tietoihin. Fanmerch ei vastaa kolmansien osapuolten aiheuttamista viiv\u00e4styksist\u00e4.<\/p><p>Asiakkaiden tiedot tallennetaan Fanmerchin asiakasrekisteriin, jota k\u00e4ytet\u00e4\u00e4n asiakassuhteen hoitamiseen.<\/p><p>Fanmerch pid\u00e4tt\u00e4\u00e4 oikeuden peruuttaa tilauksen, mik\u00e4li on syyt\u00e4 ep\u00e4ill\u00e4 petosta. Ep\u00e4selviss\u00e4 tilanteissa olemme yhteydess\u00e4 asiakkaaseen ja tarvittaessa ilmoitamme asiasta poliisille.<\/p><p><strong>2. TUOTTEET JA HINNAT<\/strong><br \/>Tuotteiden hinnat sis\u00e4lt\u00e4v\u00e4t arvonlis\u00e4veron ja ovat n\u00e4ht\u00e4vill\u00e4 verkkokaupassamme osoitteessa fanmerch.fi. Hintatiedot voivat muuttua ilman erillist\u00e4 ilmoitusta, mutta tilauksen vahvistamisen j\u00e4lkeen asiakas maksaa tuotteista sen hinnan, joka on ollut voimassa tilaushetkell\u00e4.<\/p><p>Verkkokaupan tuotekuvat ovat viitteellisi\u00e4. Tuotteiden ulkoasu, v\u00e4ri tai leikkaus saattaa poiketa hieman kuvista esimerkiksi mallimuutosten tai painoteknisten syiden vuoksi.<\/p><p>Fanmerch.fi myy painot\u00f6it\u00e4 valmiisiin tekstiileihin. P\u00e4\u00e4asialliset tuotekategoriat ovat t-paidat, hupparit ja collegepaidat.<\/p><p><strong>3. MAKSUTAVAT JA MAKSUNV\u00c4LITYS<\/strong><br \/>Maksupalvelun tarjoajana toimii Paytrail Oyj (Y-tunnus 2122839-7) yhteisty\u00f6ss\u00e4 pankkien ja luottolaitosten kanssa. Paytrail n\u00e4kyy maksun saajana tiliotteella, ja se v\u00e4litt\u00e4\u00e4 maksun Fanmerchille.<\/p><p>Maksamiseen liittyviss\u00e4 ongelmatilanteissa pyyd\u00e4mme ottamaan ensisijaisesti yhteytt\u00e4 asiakaspalveluumme: asiakaspalvelu@fanmerchfinland.fi<\/p><p><strong>4. TOIMITUS<\/strong><br \/>Fanmerch toimittaa kaikki tilaukset DB Schenkerin kautta. Toimitustapa ja arvioitu toimitusaika ilmoitetaan tuotekohtaisesti tuotesivuilla. Keskim\u00e4\u00e4r\u00e4inen toimitusaika on 5\u201310 arkip\u00e4iv\u00e4\u00e4.<\/p><p>Jos tilauksessa on useita eri toimitusaikaisia tuotteita, koko tilaus toimitetaan pisimm\u00e4n toimitusajan mukaan.<\/p><p>Tilaukset toimitetaan DB Schenkerin pakettipalveluna l\u00e4himp\u00e4\u00e4n noutopisteeseen. Saat saapumisilmoituksen, kun paketti on noudettavissa. Pakettia s\u00e4ilytet\u00e4\u00e4n noutopisteess\u00e4 7 p\u00e4iv\u00e4\u00e4.<\/p><p>Noutamaton paketti ei ole sama kuin palautus. Noutamattomista tilauksista veloitamme 15 \u20ac:n k\u00e4sittely- ja toimituskulun.<\/p><p>Fanmerch ei vastaa DB Schenkerin mahdollisesti aiheuttamista viiv\u00e4styksist\u00e4. Juhlapyhien ja kampanjoiden aikana toimitusajat voivat olla normaalia pidemm\u00e4t.<\/p><p><strong>5. PALAUTUS JA PERUUTUSOIKEUS<\/strong><br \/>Fanmerch valmistaa tuotteet tilauksesta. Siksi pyyd\u00e4mme asiakkaita tarkistamaan koko- ja tuotevalinnat huolellisesti ennen tilausta. Tuotteilla ei ole vaihto-oikeutta. Palautus on mahdollista vain k\u00e4ytt\u00e4m\u00e4tt\u00f6mille, t\u00e4ysin uudenveroisille tuotteille 14 p\u00e4iv\u00e4n kuluessa tilauksen vastaanottamisesta. Palautuksesta perit\u00e4\u00e4n 6,99 \u20ac k\u00e4sittelykulu.<\/p><p>Personoiduilla tuotteilla (esimerkiksi painatus omalla nimell\u00e4) ei ole palautusoikeutta.<\/p><p>Mik\u00e4li koko tilaus palautetaan, hyvit\u00e4mme tuotteiden hinnan, mutta v\u00e4henn\u00e4mme toimitus- ja palautuskulut. Osapalautuksissa palautuskulu 6,99 \u20ac veloitetaan samalla tavoin.<\/p><p>Palautuksesta on aina sovittava etuk\u00e4teen s\u00e4hk\u00f6postitse: asiakaspalvelu@fanmerchfinland.fi<\/p><p><strong>6. TUOTEVIRHEET JA TAKUU<\/strong><br \/>Mik\u00e4li asiakas saa viallisen tuotteen, h\u00e4nen tulee ilmoittaa asiasta kohtuullisessa ajassa osoitteeseen asiakaspalvelu@fanmerchfinland.fi. Otsikoksi viestiin &#8221;Reklamaatio&#8221; ja mukaan tilausnumero, kuva virheest\u00e4 ja lyhyt selostus.<\/p><p>Tuotevirheen tulee olla valmistus- tai materiaalivirhe. Normaali kuluminen tai v\u00e4\u00e4r\u00e4nlainen pesu ei kuulu reklamaatioon. Tuotekuvat ovat viitteellisi\u00e4 \u2013 pieni\u00e4 v\u00e4ri- tai sijoittelueroja ei k\u00e4sitell\u00e4 virhein\u00e4.<\/p><p><strong>7. TIETOSUOJA<\/strong><br \/>K\u00e4sittelemme henkil\u00f6tietoja EU:n yleisen tietosuoja-asetuksen (GDPR) mukaisesti. Tietosuojak\u00e4yt\u00e4nt\u00f6 l\u00f6ytyy osoitteesta <a href=\"https:\/\/fanmerch.fi\/en\/tietosuojaseloste\/\">fanmerch.fi\/tietosuojaseloste<\/a>. Hyv\u00e4ksym\u00e4ll\u00e4 n\u00e4m\u00e4 ehdot hyv\u00e4ksyt my\u00f6s tietosuojak\u00e4yt\u00e4nn\u00f6n.<\/p><p><strong>8. YHTEYSTIEDOT<\/strong><br \/>Fanmerch Finland Oy<br \/>Y-tunnus: 3113979-5<br \/>customer-service@fanmerchfinland.fi<br \/>fanmerch.f<\/p>\t\t\t\t\t\t\t\t<\/div>\n\t\t\t\t<\/div>\n\t\t\t\t\t<\/div>\n\t\t<\/div>\n\t\t\t\t\t<\/div>\n\t\t<\/section>\n\t\t\t\t<\/div>","protected":false},"excerpt":{"rendered":"<p>Sopimusehdot Voimassa 1.6.2025 alkaen YLEISET SOPIMUSEHDOT \u2013 FANMERCH FINLAND OYFanmerch.fi ja sen verkkokauppasivustot ovat Fanmerch Finland Oy:n (Y-tunnus 3354620-2) omistamia markkinapaikkoja. N\u00e4it\u00e4 yleisi\u00e4 sopimusehtoja sovelletaan Fanmerchin ja sen asiakkaiden v\u00e4lisess\u00e4 kauppasuhteessa. Fanmerch pid\u00e4tt\u00e4\u00e4 oikeuden muuttaa n\u00e4it\u00e4 sopimusehtoja yksipuolisesti ilman ennakkoilmoitusta. Tilaushetkell\u00e4 voimassa olevat sopimusehdot ovat n\u00e4ht\u00e4vill\u00e4 osoitteessa fanmerch.fi. Mahdolliset lainmuutokset astuvat voimaan heti, ellei lains\u00e4\u00e4d\u00e4nt\u00f6 [&hellip;]<\/p>\n","protected":false},"author":1,"featured_media":0,"parent":0,"menu_order":0,"comment_status":"closed","ping_status":"closed","template":"template-canvas.php","meta":{"footnotes":""},"class_list":["post-1114","page","type-page","status-publish","hentry"],"yoast_head":"<!-- This site is optimized with the Yoast SEO Premium plugin v26.9 (Yoast SEO v27.4) - https:\/\/yoast.com\/product\/yoast-seo-premium-wordpress\/ -->\n<title>Sopimusehdot | Fanmerch Finland<\/title>\n<meta name=\"robots\" content=\"noindex, nofollow\" \/>\n<meta property=\"og:locale\" content=\"en_GB\" \/>\n<meta property=\"og:type\" content=\"article\" \/>\n<meta property=\"og:title\" content=\"Sopimusehdot\" \/>\n<meta property=\"og:description\" content=\"Sopimusehdot Voimassa 1.6.2025 alkaen YLEISET SOPIMUSEHDOT \u2013 FANMERCH FINLAND OYFanmerch.fi ja sen verkkokauppasivustot ovat Fanmerch Finland Oy:n (Y-tunnus 3354620-2) omistamia markkinapaikkoja. N\u00e4it\u00e4 yleisi\u00e4 sopimusehtoja sovelletaan Fanmerchin ja sen asiakkaiden v\u00e4lisess\u00e4 kauppasuhteessa. Fanmerch pid\u00e4tt\u00e4\u00e4 oikeuden muuttaa n\u00e4it\u00e4 sopimusehtoja yksipuolisesti ilman ennakkoilmoitusta. Tilaushetkell\u00e4 voimassa olevat sopimusehdot ovat n\u00e4ht\u00e4vill\u00e4 osoitteessa fanmerch.fi. Mahdolliset lainmuutokset astuvat voimaan heti, ellei lains\u00e4\u00e4d\u00e4nt\u00f6 [&hellip;]\" \/>\n<meta property=\"og:url\" content=\"https:\/\/fanmerch.fi\/en\/sopimusehdot\/\" \/>\n<meta property=\"og:site_name\" content=\"Fanmerch Finland\" \/>\n<meta property=\"article:modified_time\" content=\"2026-01-22T10:32:20+00:00\" \/>\n<meta name=\"twitter:card\" content=\"summary_large_image\" \/>\n<meta name=\"twitter:label1\" content=\"Estimated reading time\" \/>\n\t<meta name=\"twitter:data1\" content=\"4 minutes\" \/>\n<script type=\"application\/ld+json\" class=\"yoast-schema-graph\">{\"@context\":\"https:\\\/\\\/schema.org\",\"@graph\":[{\"@type\":\"WebPage\",\"@id\":\"https:\\\/\\\/fanmerch.fi\\\/sopimusehdot\\\/\",\"url\":\"https:\\\/\\\/fanmerch.fi\\\/sopimusehdot\\\/\",\"name\":\"Sopimusehdot | Fanmerch Finland\",\"isPartOf\":{\"@id\":\"https:\\\/\\\/fanmerch.fi\\\/#website\"},\"datePublished\":\"2024-04-20T07:27:38+00:00\",\"dateModified\":\"2026-01-22T10:32:20+00:00\",\"breadcrumb\":{\"@id\":\"https:\\\/\\\/fanmerch.fi\\\/sopimusehdot\\\/#breadcrumb\"},\"inLanguage\":\"en-GB\",\"potentialAction\":[{\"@type\":\"ReadAction\",\"target\":[\"https:\\\/\\\/fanmerch.fi\\\/sopimusehdot\\\/\"]}]},{\"@type\":\"BreadcrumbList\",\"@id\":\"https:\\\/\\\/fanmerch.fi\\\/sopimusehdot\\\/#breadcrumb\",\"itemListElement\":[{\"@type\":\"ListItem\",\"position\":1,\"name\":\"Etusivu\",\"item\":\"https:\\\/\\\/fanmerch.fi\\\/\"},{\"@type\":\"ListItem\",\"position\":2,\"name\":\"Sopimusehdot\"}]},{\"@type\":\"WebSite\",\"@id\":\"https:\\\/\\\/fanmerch.fi\\\/#website\",\"url\":\"https:\\\/\\\/fanmerch.fi\\\/\",\"name\":\"Fanmerch Finland\",\"description\":\"\",\"potentialAction\":[{\"@type\":\"SearchAction\",\"target\":{\"@type\":\"EntryPoint\",\"urlTemplate\":\"https:\\\/\\\/fanmerch.fi\\\/?s={search_term_string}\"},\"query-input\":{\"@type\":\"PropertyValueSpecification\",\"valueRequired\":true,\"valueName\":\"search_term_string\"}}],\"inLanguage\":\"en-GB\"}]}<\/script>\n<!-- \/ Yoast SEO Premium plugin. -->","yoast_head_json":{"title":"Sopimusehdot | Fanmerch Finland","robots":{"index":"noindex","follow":"nofollow"},"og_locale":"en_GB","og_type":"article","og_title":"Sopimusehdot","og_description":"Sopimusehdot Voimassa 1.6.2025 alkaen YLEISET SOPIMUSEHDOT \u2013 FANMERCH FINLAND OYFanmerch.fi ja sen verkkokauppasivustot ovat Fanmerch Finland Oy:n (Y-tunnus 3354620-2) omistamia markkinapaikkoja. N\u00e4it\u00e4 yleisi\u00e4 sopimusehtoja sovelletaan Fanmerchin ja sen asiakkaiden v\u00e4lisess\u00e4 kauppasuhteessa. Fanmerch pid\u00e4tt\u00e4\u00e4 oikeuden muuttaa n\u00e4it\u00e4 sopimusehtoja yksipuolisesti ilman ennakkoilmoitusta. Tilaushetkell\u00e4 voimassa olevat sopimusehdot ovat n\u00e4ht\u00e4vill\u00e4 osoitteessa fanmerch.fi. Mahdolliset lainmuutokset astuvat voimaan heti, ellei lains\u00e4\u00e4d\u00e4nt\u00f6 [&hellip;]","og_url":"https:\/\/fanmerch.fi\/en\/sopimusehdot\/","og_site_name":"Fanmerch Finland","article_modified_time":"2026-01-22T10:32:20+00:00","twitter_card":"summary_large_image","twitter_misc":{"Estimated reading time":"4 minutes"},"schema":{"@context":"https:\/\/schema.org","@graph":[{"@type":"WebPage","@id":"https:\/\/fanmerch.fi\/sopimusehdot\/","url":"https:\/\/fanmerch.fi\/sopimusehdot\/","name":"Sopimusehdot | Fanmerch Finland","isPartOf":{"@id":"https:\/\/fanmerch.fi\/#website"},"datePublished":"2024-04-20T07:27:38+00:00","dateModified":"2026-01-22T10:32:20+00:00","breadcrumb":{"@id":"https:\/\/fanmerch.fi\/sopimusehdot\/#breadcrumb"},"inLanguage":"en-GB","potentialAction":[{"@type":"ReadAction","target":["https:\/\/fanmerch.fi\/sopimusehdot\/"]}]},{"@type":"BreadcrumbList","@id":"https:\/\/fanmerch.fi\/sopimusehdot\/#breadcrumb","itemListElement":[{"@type":"ListItem","position":1,"name":"Etusivu","item":"https:\/\/fanmerch.fi\/"},{"@type":"ListItem","position":2,"name":"Sopimusehdot"}]},{"@type":"WebSite","@id":"https:\/\/fanmerch.fi\/#website","url":"https:\/\/fanmerch.fi\/","name":"Fanmerch Finland","description":"","potentialAction":[{"@type":"SearchAction","target":{"@type":"EntryPoint","urlTemplate":"https:\/\/fanmerch.fi\/?s={search_term_string}"},"query-input":{"@type":"PropertyValueSpecification","valueRequired":true,"valueName":"search_term_string"}}],"inLanguage":"en-GB"}]}},"_links":{"self":[{"href":"https:\/\/fanmerch.fi\/en\/wp-json\/wp\/v2\/pages\/1114","targetHints":{"allow":["GET"]}}],"collection":[{"href":"https:\/\/fanmerch.fi\/en\/wp-json\/wp\/v2\/pages"}],"about":[{"href":"https:\/\/fanmerch.fi\/en\/wp-json\/wp\/v2\/types\/page"}],"author":[{"embeddable":true,"href":"https:\/\/fanmerch.fi\/en\/wp-json\/wp\/v2\/users\/1"}],"replies":[{"embeddable":true,"href":"https:\/\/fanmerch.fi\/en\/wp-json\/wp\/v2\/comments?post=1114"}],"version-history":[{"count":11,"href":"https:\/\/fanmerch.fi\/en\/wp-json\/wp\/v2\/pages\/1114\/revisions"}],"predecessor-version":[{"id":54904,"href":"https:\/\/fanmerch.fi\/en\/wp-json\/wp\/v2\/pages\/1114\/revisions\/54904"}],"wp:attachment":[{"href":"https:\/\/fanmerch.fi\/en\/wp-json\/wp\/v2\/media?parent=1114"}],"curies":[{"name":"wp","href":"https:\/\/api.w.org\/{rel}","templated":true}]}}