{"id":52160,"date":"2025-07-11T15:55:30","date_gmt":"2025-07-11T12:55:30","guid":{"rendered":"https:\/\/fanmerch.fi\/?page_id=52160"},"modified":"2025-07-11T16:02:33","modified_gmt":"2025-07-11T13:02:33","slug":"tietosuojaseloste","status":"publish","type":"page","link":"https:\/\/fanmerch.fi\/en\/tietosuojaseloste\/","title":{"rendered":"Privacy policy"},"content":{"rendered":"<div data-elementor-type=\"wp-page\" data-elementor-id=\"52160\" class=\"elementor elementor-52160\" data-elementor-settings=\"{&quot;ha_cmc_init_switcher&quot;:&quot;no&quot;}\" data-elementor-post-type=\"page\">\n\t\t\t\t\t\t<section class=\"elementor-section elementor-top-section elementor-element elementor-element-463c5f1 elementor-section-boxed elementor-section-height-default elementor-section-height-default\" data-id=\"463c5f1\" data-element_type=\"section\" data-e-type=\"section\" data-settings=\"{&quot;_ha_eqh_enable&quot;:false}\">\n\t\t\t\t\t\t<div class=\"elementor-container elementor-column-gap-default\">\n\t\t\t\t\t<div class=\"elementor-column elementor-col-100 elementor-top-column elementor-element elementor-element-378b035b\" data-id=\"378b035b\" data-element_type=\"column\" data-e-type=\"column\">\n\t\t\t<div class=\"elementor-widget-wrap elementor-element-populated\">\n\t\t\t\t\t\t<div class=\"elementor-element elementor-element-64d37819 elementor-widget elementor-widget-heading\" data-id=\"64d37819\" data-element_type=\"widget\" data-e-type=\"widget\" data-widget_type=\"heading.default\">\n\t\t\t\t<div class=\"elementor-widget-container\">\n\t\t\t\t\t<h1 class=\"elementor-heading-title elementor-size-default\">Privacy policy<\/h1>\t\t\t\t<\/div>\n\t\t\t\t<\/div>\n\t\t\t\t<div class=\"elementor-element elementor-element-3d0837b9 elementor-widget elementor-widget-text-editor\" data-id=\"3d0837b9\" data-element_type=\"widget\" data-e-type=\"widget\" data-widget_type=\"text-editor.default\">\n\t\t\t\t<div class=\"elementor-widget-container\">\n\t\t\t\t\t\t\t\t\t<p><strong>Fanmerch Finland Oy<\/strong><br \/>Voimassa 1.6.2025 alkaen<\/p><p><strong>1. Yleist\u00e4<\/strong><br \/>T\u00e4m\u00e4 tietosuojaseloste kertoo, miten Fanmerch Finland Oy (\u201dFanmerch\u201d, Y-tunnus 3113979 5) k\u00e4sittelee asiakkaidensa ja sivuston k\u00e4ytt\u00e4jien henkil\u00f6tietoja. Suhtaudumme yksityisyyteesi vakavasti ja huolehdimme tietosuojastasi vastuullisesti ja l\u00e4pin\u00e4kyv\u00e4sti. T\u00e4ss\u00e4 dokumentissa selit\u00e4mme, mit\u00e4 tietoja ker\u00e4\u00e4mme, miksi niit\u00e4 tarvitaan, miten niit\u00e4 k\u00e4ytet\u00e4\u00e4n ja miten sin\u00e4 voit vaikuttaa tietojesi k\u00e4sittelyyn.<\/p><p>T\u00e4m\u00e4 seloste koskee sinua, jos olet asiakkaamme, vierailet verkkokaupassamme fanmerch.fi tai osallistut kampanjoihimme.<\/p><p><strong>2. Mit\u00e4 tietoja ker\u00e4\u00e4mme ja mist\u00e4 ne tulevat<\/strong><br \/>Ker\u00e4\u00e4mme henkil\u00f6tietoja p\u00e4\u00e4asiassa seuraavista l\u00e4hteist\u00e4<\/p><ul><li><strong>Sinulta itselt\u00e4si:<\/strong> kun ostat tuotteita verkkokaupastamme, otat meihin yhteytt\u00e4 tai liityt postituslistalle<\/li><li><strong>Teknisesti automaattisesti:<\/strong> esimerkiksi IP osoite, k\u00e4ytt\u00e4m\u00e4si laite ja selain verkkosivuk\u00e4ynnin yhteydess\u00e4<\/li><li><strong>Luotettavilta kolmansilta osapuolilta:<\/strong> esimerkiksi maksupalveluntarjoajat tai luottotietorekisterit<\/li><\/ul><p>Tyypillisi\u00e4 tietoja, joita k\u00e4sittelemme<\/p><ul><li>Nimi, osoite, s\u00e4hk\u00f6posti, puhelinnumero<\/li><li>Tilaus ja ostohistoria<\/li><li>Maksutavat ja mahdolliset laskutustiedot<\/li><li>Ev\u00e4steiden ja analytiikan avulla syntyv\u00e4 tekninen tieto<\/li><li>Suostumukset esimerkiksi markkinointiviestint\u00e4\u00e4n<\/li><\/ul><p><strong>3. Mihin tarkoituksiin k\u00e4sittelemme tietojasi<\/strong><br \/>Henkil\u00f6tietojen k\u00e4sittelyn perusteita ovat<\/p><p>Sopimuksen toteuttaminen: tilauksesi toimittaminen, asiakaspalvelu, reklamaatioiden k\u00e4sittely<\/p><ul><li><strong>Lakis\u00e4\u00e4teiset velvoitteet:<\/strong> kirjanpito, veroilmoitukset, viranomaispyynn\u00f6t<\/li><li><strong>Oikeutettu etu:<\/strong> asiakaskokemuksen parantaminen, v\u00e4\u00e4rink\u00e4yt\u00f6sten est\u00e4minen, asiakasviestint\u00e4<\/li><li><strong>Suostumus:<\/strong> s\u00e4hk\u00f6postimarkkinointi vain jos olet antanut luvan<\/li><\/ul><p>Voit aina peruuttaa antamasi suostumuksen ottamalla meihin yhteytt\u00e4<\/p><p><strong>4. Ev\u00e4steet ja analytiikka<\/strong><br \/>K\u00e4yt\u00e4mme ev\u00e4steit\u00e4 verkkosivujemme toimivuuden takaamiseksi ja asiakaskokemuksen parantamiseksi. Ev\u00e4steiden avulla ker\u00e4tty tieto ei yleens\u00e4 tunnista sinua henkil\u00f6kohtaisesti. K\u00e4yt\u00e4mme my\u00f6s kolmannen osapuolen palveluita kuten Google Analyticsia liikenteen seuraamiseen.<\/p><p>Voit est\u00e4\u00e4 ev\u00e4steet selaimesi asetuksista tai hallinnoida suostumustasi ev\u00e4steilmoituksen kautta.<\/p><p><strong>5. Tietojen luovutus ja siirto<\/strong><br \/>Tietojasi voidaan jakaa seuraavien tahojen kanssa<\/p><ul><li><strong>Maksupalveluntarjoajat ja logistiikkakumppanit:<\/strong> jotta saamme tilauksesi liikkeelle<\/li><li><strong>Teknologiakumppanit:<\/strong> kuten verkkokauppa-alustan tai s\u00e4hk\u00f6postity\u00f6kalujen tarjoajat<\/li><li><strong>Viranomaiset:<\/strong> jos laki tai viranomaisp\u00e4\u00e4t\u00f6s sit\u00e4 vaatii<\/li><\/ul><p>Tietojasi ei siirret\u00e4 EU:n tai ETA alueen ulkopuolelle ilman asianmukaisia suojaustoimia<\/p><p><strong>6. Tietojen s\u00e4ilytys<\/strong><br \/>S\u00e4ilyt\u00e4mme henkil\u00f6tietojasi vain niin kauan kuin on tarpeellista tai lain edellytt\u00e4m\u00e4\u00e4. Esimerkiksi<\/p><ul><li>Kirjanpitoa koskevia tietoja s\u00e4ilytet\u00e4\u00e4n 6\u201310 vuotta<\/li><li>Asiakastilin perustiedot s\u00e4ilytet\u00e4\u00e4n niin kauan kuin asiakkuus on aktiivinen<\/li><li>Markkinointilistalta voit poistua milloin tahansa<\/li><\/ul><p><strong>7. Oikeutesi<\/strong><br \/>Sinulla on oikeus<\/p><ul><li>Pyyt\u00e4\u00e4 p\u00e4\u00e4sy\u00e4 omiin tietoihisi<\/li><li>Pyyt\u00e4\u00e4 virheellisten tietojen korjaamista<\/li><li>Vastustaa tietojesi k\u00e4sittely\u00e4<\/li><li>Pyyt\u00e4\u00e4 tietojesi poistamista lain sallimissa rajoissa<\/li><li>Rajoittaa k\u00e4sittely\u00e4<\/li><li>Siirt\u00e4\u00e4 tiedot j\u00e4rjestelm\u00e4st\u00e4 toiseen jos teknisesti mahdollista<\/li><\/ul><p>Oikeuksien k\u00e4ytt\u00e4miseksi ota yhteytt\u00e4 s\u00e4hk\u00f6postilla asiakaspalvelu@fanmerchfinland.fi<\/p><p><strong>8. Yhteystiedot ja valitusoikeus<\/strong><br \/>Rekisterinpit\u00e4j\u00e4<br \/>Fanmerch Finland Oy<br \/>Y-tunnus 3113979 5<br \/>S\u00e4hk\u00f6posti asiakaspalvelu@fanmerchfinland.fi<br \/>Verkkosivusto fanmerch.fi<\/p><p>Jos sinulla on kysytt\u00e4v\u00e4\u00e4 tai haluat tehd\u00e4 valituksen tietojesi k\u00e4sittelyst\u00e4 voit my\u00f6s olla yhteydess\u00e4 valvovaan viranomaiseen<\/p><p>Tietosuojavaltuutetun toimisto<br \/>www.tietosuoja.fi<\/p><p><strong>9. Muutokset tietosuojaselosteeseen<\/strong><br \/>P\u00e4ivit\u00e4mme t\u00e4t\u00e4 selostetta tarvittaessa palveluiden lains\u00e4\u00e4d\u00e4nn\u00f6n tai k\u00e4yt\u00e4nt\u00f6jen muuttuessa. Merkitt\u00e4vist\u00e4 muutoksista ilmoitamme erikseen verkkosivuillamme tai asiakasviestinn\u00e4ss\u00e4.<\/p>\t\t\t\t\t\t\t\t<\/div>\n\t\t\t\t<\/div>\n\t\t\t\t\t<\/div>\n\t\t<\/div>\n\t\t\t\t\t<\/div>\n\t\t<\/section>\n\t\t\t\t<\/div>","protected":false},"excerpt":{"rendered":"<p>Tietosuojaseloste Fanmerch Finland OyVoimassa 1.6.2025 alkaen 1. Yleist\u00e4T\u00e4m\u00e4 tietosuojaseloste kertoo, miten Fanmerch Finland Oy (\u201dFanmerch\u201d, Y-tunnus 3113979 5) k\u00e4sittelee asiakkaidensa ja sivuston k\u00e4ytt\u00e4jien henkil\u00f6tietoja. Suhtaudumme yksityisyyteesi vakavasti ja huolehdimme tietosuojastasi vastuullisesti ja l\u00e4pin\u00e4kyv\u00e4sti. T\u00e4ss\u00e4 dokumentissa selit\u00e4mme, mit\u00e4 tietoja ker\u00e4\u00e4mme, miksi niit\u00e4 tarvitaan, miten niit\u00e4 k\u00e4ytet\u00e4\u00e4n ja miten sin\u00e4 voit vaikuttaa tietojesi k\u00e4sittelyyn. T\u00e4m\u00e4 seloste koskee [&hellip;]<\/p>\n","protected":false},"author":1,"featured_media":0,"parent":0,"menu_order":0,"comment_status":"closed","ping_status":"closed","template":"template-canvas.php","meta":{"footnotes":""},"class_list":["post-52160","page","type-page","status-publish","hentry"],"yoast_head":"<!-- This site is optimized with the Yoast SEO Premium plugin v26.9 (Yoast SEO v27.4) - https:\/\/yoast.com\/product\/yoast-seo-premium-wordpress\/ -->\n<title>Tietosuojaseloste | Fanmerch Finland<\/title>\n<meta name=\"robots\" content=\"noindex, nofollow\" \/>\n<meta property=\"og:locale\" content=\"en_GB\" \/>\n<meta property=\"og:type\" content=\"article\" \/>\n<meta property=\"og:title\" content=\"Tietosuojaseloste\" \/>\n<meta property=\"og:description\" content=\"Tietosuojaseloste Fanmerch Finland OyVoimassa 1.6.2025 alkaen 1. Yleist\u00e4T\u00e4m\u00e4 tietosuojaseloste kertoo, miten Fanmerch Finland Oy (\u201dFanmerch\u201d, Y-tunnus 3113979 5) k\u00e4sittelee asiakkaidensa ja sivuston k\u00e4ytt\u00e4jien henkil\u00f6tietoja. Suhtaudumme yksityisyyteesi vakavasti ja huolehdimme tietosuojastasi vastuullisesti ja l\u00e4pin\u00e4kyv\u00e4sti. T\u00e4ss\u00e4 dokumentissa selit\u00e4mme, mit\u00e4 tietoja ker\u00e4\u00e4mme, miksi niit\u00e4 tarvitaan, miten niit\u00e4 k\u00e4ytet\u00e4\u00e4n ja miten sin\u00e4 voit vaikuttaa tietojesi k\u00e4sittelyyn. T\u00e4m\u00e4 seloste koskee [&hellip;]\" \/>\n<meta property=\"og:url\" content=\"https:\/\/fanmerch.fi\/en\/tietosuojaseloste\/\" \/>\n<meta property=\"og:site_name\" content=\"Fanmerch Finland\" \/>\n<meta property=\"article:modified_time\" content=\"2025-07-11T13:02:33+00:00\" \/>\n<meta name=\"twitter:card\" content=\"summary_large_image\" \/>\n<meta name=\"twitter:label1\" content=\"Estimated reading time\" \/>\n\t<meta name=\"twitter:data1\" content=\"3 minutes\" \/>\n<script type=\"application\/ld+json\" class=\"yoast-schema-graph\">{\"@context\":\"https:\\\/\\\/schema.org\",\"@graph\":[{\"@type\":\"WebPage\",\"@id\":\"https:\\\/\\\/fanmerch.fi\\\/tietosuojaseloste\\\/\",\"url\":\"https:\\\/\\\/fanmerch.fi\\\/tietosuojaseloste\\\/\",\"name\":\"Tietosuojaseloste | Fanmerch Finland\",\"isPartOf\":{\"@id\":\"https:\\\/\\\/fanmerch.fi\\\/#website\"},\"datePublished\":\"2025-07-11T12:55:30+00:00\",\"dateModified\":\"2025-07-11T13:02:33+00:00\",\"breadcrumb\":{\"@id\":\"https:\\\/\\\/fanmerch.fi\\\/tietosuojaseloste\\\/#breadcrumb\"},\"inLanguage\":\"en-GB\",\"potentialAction\":[{\"@type\":\"ReadAction\",\"target\":[\"https:\\\/\\\/fanmerch.fi\\\/tietosuojaseloste\\\/\"]}]},{\"@type\":\"BreadcrumbList\",\"@id\":\"https:\\\/\\\/fanmerch.fi\\\/tietosuojaseloste\\\/#breadcrumb\",\"itemListElement\":[{\"@type\":\"ListItem\",\"position\":1,\"name\":\"Etusivu\",\"item\":\"https:\\\/\\\/fanmerch.fi\\\/\"},{\"@type\":\"ListItem\",\"position\":2,\"name\":\"Tietosuojaseloste\"}]},{\"@type\":\"WebSite\",\"@id\":\"https:\\\/\\\/fanmerch.fi\\\/#website\",\"url\":\"https:\\\/\\\/fanmerch.fi\\\/\",\"name\":\"Fanmerch Finland\",\"description\":\"\",\"potentialAction\":[{\"@type\":\"SearchAction\",\"target\":{\"@type\":\"EntryPoint\",\"urlTemplate\":\"https:\\\/\\\/fanmerch.fi\\\/?s={search_term_string}\"},\"query-input\":{\"@type\":\"PropertyValueSpecification\",\"valueRequired\":true,\"valueName\":\"search_term_string\"}}],\"inLanguage\":\"en-GB\"}]}<\/script>\n<!-- \/ Yoast SEO Premium plugin. -->","yoast_head_json":{"title":"Tietosuojaseloste | Fanmerch Finland","robots":{"index":"noindex","follow":"nofollow"},"og_locale":"en_GB","og_type":"article","og_title":"Tietosuojaseloste","og_description":"Tietosuojaseloste Fanmerch Finland OyVoimassa 1.6.2025 alkaen 1. Yleist\u00e4T\u00e4m\u00e4 tietosuojaseloste kertoo, miten Fanmerch Finland Oy (\u201dFanmerch\u201d, Y-tunnus 3113979 5) k\u00e4sittelee asiakkaidensa ja sivuston k\u00e4ytt\u00e4jien henkil\u00f6tietoja. Suhtaudumme yksityisyyteesi vakavasti ja huolehdimme tietosuojastasi vastuullisesti ja l\u00e4pin\u00e4kyv\u00e4sti. T\u00e4ss\u00e4 dokumentissa selit\u00e4mme, mit\u00e4 tietoja ker\u00e4\u00e4mme, miksi niit\u00e4 tarvitaan, miten niit\u00e4 k\u00e4ytet\u00e4\u00e4n ja miten sin\u00e4 voit vaikuttaa tietojesi k\u00e4sittelyyn. T\u00e4m\u00e4 seloste koskee [&hellip;]","og_url":"https:\/\/fanmerch.fi\/en\/tietosuojaseloste\/","og_site_name":"Fanmerch Finland","article_modified_time":"2025-07-11T13:02:33+00:00","twitter_card":"summary_large_image","twitter_misc":{"Estimated reading time":"3 minutes"},"schema":{"@context":"https:\/\/schema.org","@graph":[{"@type":"WebPage","@id":"https:\/\/fanmerch.fi\/tietosuojaseloste\/","url":"https:\/\/fanmerch.fi\/tietosuojaseloste\/","name":"Tietosuojaseloste | Fanmerch Finland","isPartOf":{"@id":"https:\/\/fanmerch.fi\/#website"},"datePublished":"2025-07-11T12:55:30+00:00","dateModified":"2025-07-11T13:02:33+00:00","breadcrumb":{"@id":"https:\/\/fanmerch.fi\/tietosuojaseloste\/#breadcrumb"},"inLanguage":"en-GB","potentialAction":[{"@type":"ReadAction","target":["https:\/\/fanmerch.fi\/tietosuojaseloste\/"]}]},{"@type":"BreadcrumbList","@id":"https:\/\/fanmerch.fi\/tietosuojaseloste\/#breadcrumb","itemListElement":[{"@type":"ListItem","position":1,"name":"Etusivu","item":"https:\/\/fanmerch.fi\/"},{"@type":"ListItem","position":2,"name":"Tietosuojaseloste"}]},{"@type":"WebSite","@id":"https:\/\/fanmerch.fi\/#website","url":"https:\/\/fanmerch.fi\/","name":"Fanmerch Finland","description":"","potentialAction":[{"@type":"SearchAction","target":{"@type":"EntryPoint","urlTemplate":"https:\/\/fanmerch.fi\/?s={search_term_string}"},"query-input":{"@type":"PropertyValueSpecification","valueRequired":true,"valueName":"search_term_string"}}],"inLanguage":"en-GB"}]}},"_links":{"self":[{"href":"https:\/\/fanmerch.fi\/en\/wp-json\/wp\/v2\/pages\/52160","targetHints":{"allow":["GET"]}}],"collection":[{"href":"https:\/\/fanmerch.fi\/en\/wp-json\/wp\/v2\/pages"}],"about":[{"href":"https:\/\/fanmerch.fi\/en\/wp-json\/wp\/v2\/types\/page"}],"author":[{"embeddable":true,"href":"https:\/\/fanmerch.fi\/en\/wp-json\/wp\/v2\/users\/1"}],"replies":[{"embeddable":true,"href":"https:\/\/fanmerch.fi\/en\/wp-json\/wp\/v2\/comments?post=52160"}],"version-history":[{"count":5,"href":"https:\/\/fanmerch.fi\/en\/wp-json\/wp\/v2\/pages\/52160\/revisions"}],"predecessor-version":[{"id":52168,"href":"https:\/\/fanmerch.fi\/en\/wp-json\/wp\/v2\/pages\/52160\/revisions\/52168"}],"wp:attachment":[{"href":"https:\/\/fanmerch.fi\/en\/wp-json\/wp\/v2\/media?parent=52160"}],"curies":[{"name":"wp","href":"https:\/\/api.w.org\/{rel}","templated":true}]}}