{"id":10826,"date":"2025-06-26T21:28:48","date_gmt":"2025-06-26T21:28:48","guid":{"rendered":"https:\/\/fanmerch.fi\/?post_type=product&#038;p=10826"},"modified":"2025-06-26T21:35:15","modified_gmt":"2025-06-26T21:35:15","slug":"awjh001-college-hoodie-sky-blue","status":"publish","type":"product","link":"https:\/\/fanmerch.fi\/en\/product\/awjh001-college-hoodie-sky-blue\/","title":{"rendered":"College Hoodie, Sky Blue"},"content":{"rendered":"<p>\u00a0<\/p>\n<h2 style=\"text-align: center;\">DTF-painatus \u2013 huippulaatua helposti<\/h2>\n<p style=\"text-align: center;\" data-start=\"86\" data-end=\"369\"><strong data-start=\"86\" data-end=\"120\">DTF (Direct To Film) -painatus<\/strong> on moderni ja monipuolinen painotekniikka, jolla onnistuvat sek\u00e4 yksiv\u00e4riset ett\u00e4 moniv\u00e4riset printit \u2014 ja mik\u00e4 parasta, v\u00e4rien m\u00e4\u00e4r\u00e4 ei vaikuta meill\u00e4 hintaan! Voit siis huoletta k\u00e4ytt\u00e4\u00e4 logoissa, teksteiss\u00e4 ja kuvissa juuri niin monta v\u00e4ri\u00e4 kuin haluat. DTF-painatus soveltuu erinomaisesti erityisesti puuvillaan, polyesterikankaisiin (esim. pelipaidat), collegepaitoihin, huppareihin, t-paitoihin sek\u00e4 sile\u00e4pintaisiin asusteisiin kuten kasseihin ja lippiksiin.<\/p>\n<p>\u00a0<\/p>\n<h2 style=\"text-align: center;\">DTF-painatushinnasto<\/h2>\n<h4 style=\"text-align: left;\">A7 (7,4 x 10,5 cm)<br \/>\n\n<table id=\"tablepress-1\" class=\"tablepress tablepress-id-1 fanmerch-price\">\n<thead>\n<tr class=\"row-1\">\n\t<th class=\"column-1\">M\u00e4\u00e4r\u00e4<\/th><th class=\"column-2\">Hinta \/ kpl (ALV 0%)<\/th><th class=\"column-3\">Hinta \/ kpl (ALV 25,5%)<\/th>\n<\/tr>\n<\/thead>\n<tbody class=\"row-striping\">\n<tr class=\"row-2\">\n\t<td class=\"column-1\">10\u201324 kpl<\/td><td class=\"column-2\">29,48 \u20ac \/ kpl<\/td><td class=\"column-3\">37,00 \u20ac \/ kpl<\/td>\n<\/tr>\n<tr class=\"row-3\">\n\t<td class=\"column-1\">25\u201349 kpl<\/td><td class=\"column-2\">27,09 \u20ac \/ kpl<\/td><td class=\"column-3\">34,00 \u20ac \/ kpl<\/td>\n<\/tr>\n<tr class=\"row-4\">\n\t<td class=\"column-1\">50\u201374 kpl<\/td><td class=\"column-2\">23,90 \u20ac \/ kpl<\/td><td class=\"column-3\">30,00 \u20ac \/ kpl<\/td>\n<\/tr>\n<tr class=\"row-5\">\n\t<td class=\"column-1\">75\u201399 kpl<\/td><td class=\"column-2\">21,51 \u20ac \/ kpl<\/td><td class=\"column-3\">27,00 \u20ac \/ kpl<\/td>\n<\/tr>\n<tr class=\"row-6\">\n\t<td class=\"column-1\">100\u2013125 kpl<\/td><td class=\"column-2\">19,92 \u20ac \/ kpl<\/td><td class=\"column-3\">25,00 \u20ac \/ kpl<\/td>\n<\/tr>\n<\/tbody>\n<\/table>\n<!-- #tablepress-1 from cache --><br \/>\nA6 (10,5 x 14,8 cm)<br \/>\n\n<table id=\"tablepress-2\" class=\"tablepress tablepress-id-2 fanmerch-price\">\n<thead>\n<tr class=\"row-1\">\n\t<th class=\"column-1\">M\u00e4\u00e4r\u00e4<\/th><th class=\"column-2\">Hinta \/ kpl (ALV 0%)<\/th><th class=\"column-3\">Hinta \/ kpl (ALV 25,5%)<\/th>\n<\/tr>\n<\/thead>\n<tbody class=\"row-striping\">\n<tr class=\"row-2\">\n\t<td class=\"column-1\">10\u201324 kpl<\/td><td class=\"column-2\">21,51 \u20ac<\/td><td class=\"column-3\">27 \u20ac<\/td>\n<\/tr>\n<tr class=\"row-3\">\n\t<td class=\"column-1\">25\u201349 kpl<\/td><td class=\"column-2\">19,12 \u20ac<\/td><td class=\"column-3\">24 \u20ac<\/td>\n<\/tr>\n<tr class=\"row-4\">\n\t<td class=\"column-1\">50\u201374 kpl<\/td><td class=\"column-2\">16,73 \u20ac<\/td><td class=\"column-3\">21 \u20ac<\/td>\n<\/tr>\n<tr class=\"row-5\">\n\t<td class=\"column-1\">75\u201399 kpl<\/td><td class=\"column-2\">15,14 \u20ac<\/td><td class=\"column-3\">19 \u20ac<\/td>\n<\/tr>\n<tr class=\"row-6\">\n\t<td class=\"column-1\">100\u2013125 kpl<\/td><td class=\"column-2\">14,34 \u20ac<\/td><td class=\"column-3\">18 \u20ac<\/td>\n<\/tr>\n<\/tbody>\n<\/table>\n<br \/>\nA5 (14,8 x 21,0 cm)<br \/>\n\n<table id=\"tablepress-3\" class=\"tablepress tablepress-id-3\">\n<thead>\n<tr class=\"row-1\">\n\t<th class=\"column-1\">M\u00e4\u00e4r\u00e4<\/th><th class=\"column-2\">Huppari \u20ac\/kpl<\/th><th class=\"column-3\">DTF-painatus \u20ac\/kpl<\/th><th class=\"column-4\">ALV 0%<\/th><th class=\"column-5\">ALV 25,5%<\/th>\n<\/tr>\n<\/thead>\n<tbody class=\"row-striping\">\n<tr class=\"row-2\">\n\t<td class=\"column-1\">10\u201324 kpl<\/td><td class=\"column-2\">16,72 \u20ac<\/td><td class=\"column-3\">4,77 \u20ac<\/td><td class=\"column-4\">21,49 \u20ac \/ kpl<\/td><td class=\"column-5\">26,96 \u20ac \/ kpl<\/td>\n<\/tr>\n<tr class=\"row-3\">\n\t<td class=\"column-1\">25\u201349 kpl<\/td><td class=\"column-2\">16,72 \u20ac<\/td><td class=\"column-3\">4,17 \u20ac<\/td><td class=\"column-4\">20,89 \u20ac \/ kpl<\/td><td class=\"column-5\">26,23 \u20ac \/ kpl<\/td>\n<\/tr>\n<tr class=\"row-4\">\n\t<td class=\"column-1\">50\u201399 kpl<\/td><td class=\"column-2\">16,72 \u20ac<\/td><td class=\"column-3\">3,60 \u20ac<\/td><td class=\"column-4\">20,32 \u20ac \/ kpl<\/td><td class=\"column-5\">25,52 \u20ac \/ kpl<\/td>\n<\/tr>\n<tr class=\"row-5\">\n\t<td class=\"column-1\">100+ kpl<\/td><td class=\"column-2\">16,72 \u20ac<\/td><td class=\"column-3\">3,39 \u20ac<\/td><td class=\"column-4\">20,11 \u20ac \/ kpl<\/td><td class=\"column-5\">25,26 \u20ac \/ kpl<\/td>\n<\/tr>\n<\/tbody>\n<\/table>\n<br \/>\nA4 (21,0 x 29,7 cm)<br \/>\n\n<table id=\"tablepress-4\" class=\"tablepress tablepress-id-4\">\n<thead>\n<tr class=\"row-1\">\n\t<th class=\"column-1\">M\u00e4\u00e4r\u00e4<\/th><th class=\"column-2\">Huppari \u20ac\/kpl<\/th><th class=\"column-3\">DTF-painatus \u20ac\/kpl<\/th><th class=\"column-4\">ALV 0%<\/th><th class=\"column-5\">ALV 25,5%<\/th>\n<\/tr>\n<\/thead>\n<tbody class=\"row-striping\">\n<tr class=\"row-2\">\n\t<td class=\"column-1\">10\u201324 kpl<\/td><td class=\"column-2\">16,72 \u20ac<\/td><td class=\"column-3\">6,69 \u20ac<\/td><td class=\"column-4\">23,41 \u20ac \/ kpl<\/td><td class=\"column-5\">29,33 \u20ac \/ kpl<\/td>\n<\/tr>\n<tr class=\"row-3\">\n\t<td class=\"column-1\">25\u201349 kpl<\/td><td class=\"column-2\">16,72 \u20ac<\/td><td class=\"column-3\">5,64 \u20ac<\/td><td class=\"column-4\">22,36 \u20ac \/ kpl<\/td><td class=\"column-5\">27,78 \u20ac \/ kpl<\/td>\n<\/tr>\n<tr class=\"row-4\">\n\t<td class=\"column-1\">50\u201399 kpl<\/td><td class=\"column-2\">16,72 \u20ac<\/td><td class=\"column-3\">5,22 \u20ac<\/td><td class=\"column-4\">21,94 \u20ac \/ kpl<\/td><td class=\"column-5\">27,02 \u20ac \/ kpl<\/td>\n<\/tr>\n<tr class=\"row-5\">\n\t<td class=\"column-1\">100+ kpl<\/td><td class=\"column-2\">16,72 \u20ac<\/td><td class=\"column-3\">5,04 \u20ac<\/td><td class=\"column-4\">21,76 \u20ac \/ kpl<\/td><td class=\"column-5\">26,77 \u20ac \/ kpl<\/td>\n<\/tr>\n<\/tbody>\n<\/table>\n<\/h4>","protected":false},"excerpt":{"rendered":"<ul>\n<li>\n<h5>Sizes available: XS, S, M, L, XL, 2XL, 3XL<\/h5>\n<\/li>\n<li>\n<h5>Brand: <a href=\"\/en\/tuotemerkit\/just-hoods-awdis\/\">AWDis \u2013 Just Hoods<\/a><\/h5>\n<\/li>\n<li>\n<h5>Minimum order quantity: 10 pcs<\/h5>\n<\/li>\n<li>\n<h5>Print methods: DTF (small batches) &amp; screen printing (large batches \u2014 ask for a quote)<\/h5>\n<\/li>\n<li>\n<h5>Painatuskoot: A7, A6, A5 ja A4<\/h5>\n<\/li>\n<\/ul>\n<p data-start=\"47\" data-end=\"90\"><strong data-start=\"47\" data-end=\"90\">Premium Hoodie for Everyday Wear<\/strong><\/p>\n<p data-start=\"92\" data-end=\"451\">This hoodie perfectly combines comfort and durability. The soft 280 gsm blend of ring-spun cotton and polyester (80% cotton \/ 20% polyester) feels great on and stands up to long-term use. Ring-spun cotton makes the fabric especially smooth, dense, and hard-wearing. A brushed fleece interior adds extra warmth on cooler days.<\/p>\n<p data-start=\"453\" data-end=\"690\">A relaxed fit, a double-layer hood with round drawcords, a practical kangaroo pocket, and ribbed cuffs and hem make this hoodie an everyday staple. Double-stitched seams complete the high-quality finish.<\/p>\n<p data-start=\"1195\" data-end=\"1274\"><strong data-start=\"1195\" data-end=\"1274\">Huom! Sivun alalaidasta l\u00f6yd\u00e4t DTF-painatuksen hinnat eri painatuskokoihin t\u00e4lle tuotteelle.<\/strong><\/p>\n<p data-start=\"1276\" data-end=\"1323\"><strong data-start=\"1276\" data-end=\"1323\">Hinta ilmoitettu ilman painatusta, alv 0 %.<\/strong><\/p>\n<p>&nbsp;<\/p>","protected":false},"featured_media":0,"template":"","meta":[],"product_brand":[63],"product_cat":[569],"product_tag":[346,343,79],"class_list":{"0":"post-10826","1":"product","2":"type-product","3":"status-publish","5":"product_brand-just-hoods-awdis","6":"product_cat-just-hoods-awdis","7":"product_tag-colleget","8":"product_tag-hupparit","9":"product_tag-kaikki","11":"first","12":"instock","13":"taxable","14":"shipping-taxable","15":"product-type-external"},"yoast_head":"<!-- This site is optimized with the Yoast SEO Premium plugin v25.7.1 (Yoast SEO v27.6) - https:\/\/yoast.com\/product\/yoast-seo-premium-wordpress\/ -->\n<title>College Hoodie, Sky Blue - Fanmerch Finland<\/title>\n<meta name=\"description\" content=\"College Hoodie, Sky Blue\" \/>\n<meta name=\"robots\" content=\"index, follow, max-snippet:-1, max-image-preview:large, max-video-preview:-1\" \/>\n<link rel=\"canonical\" href=\"https:\/\/fanmerch.fi\/en\/product\/awjh001-college-hoodie-sky-blue\/\" \/>\n<meta property=\"og:locale\" content=\"en_GB\" \/>\n<meta property=\"og:type\" content=\"article\" \/>\n<meta property=\"og:title\" content=\"College Hoodie, Sky Blue - Fanmerch Finland\" \/>\n<meta property=\"og:description\" content=\"College Hoodie, Sky Blue\" \/>\n<meta property=\"og:url\" content=\"https:\/\/fanmerch.fi\/en\/product\/awjh001-college-hoodie-sky-blue\/\" \/>\n<meta property=\"og:site_name\" content=\"Fanmerch Finland\" \/>\n<meta property=\"article:publisher\" content=\"https:\/\/www.facebook.com\/fanmerchfinland\" \/>\n<meta property=\"article:modified_time\" content=\"2025-06-26T21:35:15+00:00\" \/>\n<meta name=\"twitter:card\" content=\"summary_large_image\" \/>\n<meta name=\"twitter:site\" content=\"@fanmerchfinland\" \/>\n<meta name=\"twitter:label1\" content=\"Price\" \/>\n\t<meta name=\"twitter:data1\" content=\"16,72&nbsp;&euro;\" \/>\n\t<meta name=\"twitter:label2\" content=\"Availability\" \/>\n\t<meta name=\"twitter:data2\" content=\"In stock\" \/>\n<script type=\"application\/ld+json\" class=\"yoast-schema-graph\">{\"@context\":\"https:\\\/\\\/schema.org\",\"@graph\":[{\"@type\":\"WebPage\",\"@id\":\"https:\\\/\\\/fanmerch.fi\\\/product\\\/awjh001-college-hoodie-sky-blue\\\/\",\"url\":\"https:\\\/\\\/fanmerch.fi\\\/product\\\/awjh001-college-hoodie-sky-blue\\\/\",\"name\":\"College Hoodie, Sky Blue - Fanmerch Finland\",\"isPartOf\":{\"@id\":\"https:\\\/\\\/fanmerch.fi\\\/#website\"},\"datePublished\":\"2025-06-26T21:28:48+00:00\",\"dateModified\":\"2025-06-26T21:35:15+00:00\",\"description\":\"College Hoodie, Sky Blue\",\"breadcrumb\":{\"@id\":\"https:\\\/\\\/fanmerch.fi\\\/product\\\/awjh001-college-hoodie-sky-blue\\\/#breadcrumb\"},\"inLanguage\":\"en-GB\",\"potentialAction\":[{\"@type\":\"ReadAction\",\"target\":[\"https:\\\/\\\/fanmerch.fi\\\/product\\\/awjh001-college-hoodie-sky-blue\\\/\"]}]},{\"@type\":\"BreadcrumbList\",\"@id\":\"https:\\\/\\\/fanmerch.fi\\\/product\\\/awjh001-college-hoodie-sky-blue\\\/#breadcrumb\",\"itemListElement\":[{\"@type\":\"ListItem\",\"position\":1,\"name\":\"Etusivu\",\"item\":\"https:\\\/\\\/fanmerch.fi\\\/\"},{\"@type\":\"ListItem\",\"position\":2,\"name\":\"Tuotteet\",\"item\":\"https:\\\/\\\/fanmerch.fi\\\/shop\\\/\"},{\"@type\":\"ListItem\",\"position\":3,\"name\":\"College Hoodie, Sky Blue\"}]},{\"@type\":\"WebSite\",\"@id\":\"https:\\\/\\\/fanmerch.fi\\\/#website\",\"url\":\"https:\\\/\\\/fanmerch.fi\\\/\",\"name\":\"Fanmerch Finland - Your source of merch\",\"description\":\"Your source of merchandise\",\"publisher\":{\"@id\":\"https:\\\/\\\/fanmerch.fi\\\/#organization\"},\"potentialAction\":[{\"@type\":\"SearchAction\",\"target\":{\"@type\":\"EntryPoint\",\"urlTemplate\":\"https:\\\/\\\/fanmerch.fi\\\/?s={search_term_string}\"},\"query-input\":{\"@type\":\"PropertyValueSpecification\",\"valueRequired\":true,\"valueName\":\"search_term_string\"}}],\"inLanguage\":\"en-GB\"},{\"@type\":\"Organization\",\"@id\":\"https:\\\/\\\/fanmerch.fi\\\/#organization\",\"name\":\"Fanmerch Finlan\",\"url\":\"https:\\\/\\\/fanmerch.fi\\\/\",\"logo\":{\"@type\":\"ImageObject\",\"inLanguage\":\"en-GB\",\"@id\":\"https:\\\/\\\/fanmerch.fi\\\/#\\\/schema\\\/logo\\\/image\\\/\",\"url\":\"https:\\\/\\\/fanmerch.fi\\\/wp-content\\\/uploads\\\/2025\\\/06\\\/cropped-fanmerch-finland-site-logo.png\",\"contentUrl\":\"https:\\\/\\\/fanmerch.fi\\\/wp-content\\\/uploads\\\/2025\\\/06\\\/cropped-fanmerch-finland-site-logo.png\",\"width\":622,\"height\":180,\"caption\":\"Fanmerch Finlan\"},\"image\":{\"@id\":\"https:\\\/\\\/fanmerch.fi\\\/#\\\/schema\\\/logo\\\/image\\\/\"},\"sameAs\":[\"https:\\\/\\\/www.facebook.com\\\/fanmerchfinland\",\"https:\\\/\\\/x.com\\\/fanmerchfinland\",\"https:\\\/\\\/www.youtube.com\\\/@fanmerchfinland\",\"https:\\\/\\\/www.instagram.com\\\/fanmerchfinland\"]}]}<\/script>\n<meta property=\"product:price:amount\" content=\"16.72\" \/>\n<meta property=\"product:price:currency\" content=\"EUR\" \/>\n<meta property=\"og:availability\" content=\"instock\" \/>\n<meta property=\"product:availability\" content=\"instock\" \/>\n<meta property=\"product:retailer_item_id\" content=\"AWJH001 \/ Sky Blue\" \/>\n<meta property=\"product:condition\" content=\"new\" \/>\n<!-- \/ Yoast SEO Premium plugin. -->","yoast_head_json":{"title":"College Hoodie, Sky Blue - Fanmerch Finland","description":"College Hoodie, Sky Blue","robots":{"index":"index","follow":"follow","max-snippet":"max-snippet:-1","max-image-preview":"max-image-preview:large","max-video-preview":"max-video-preview:-1"},"canonical":"https:\/\/fanmerch.fi\/en\/product\/awjh001-college-hoodie-sky-blue\/","og_locale":"en_GB","og_type":"article","og_title":"College Hoodie, Sky Blue - Fanmerch Finland","og_description":"College Hoodie, Sky Blue","og_url":"https:\/\/fanmerch.fi\/en\/product\/awjh001-college-hoodie-sky-blue\/","og_site_name":"Fanmerch Finland","article_publisher":"https:\/\/www.facebook.com\/fanmerchfinland","article_modified_time":"2025-06-26T21:35:15+00:00","twitter_card":"summary_large_image","twitter_site":"@fanmerchfinland","twitter_misc":{"Price":"16,72&nbsp;&euro;","Availability":"In stock"},"schema":{"@context":"https:\/\/schema.org","@graph":[{"@type":"WebPage","@id":"https:\/\/fanmerch.fi\/product\/awjh001-college-hoodie-sky-blue\/","url":"https:\/\/fanmerch.fi\/product\/awjh001-college-hoodie-sky-blue\/","name":"College Hoodie, Sky Blue - Fanmerch Finland","isPartOf":{"@id":"https:\/\/fanmerch.fi\/#website"},"datePublished":"2025-06-26T21:28:48+00:00","dateModified":"2025-06-26T21:35:15+00:00","description":"College Hoodie, Sky Blue","breadcrumb":{"@id":"https:\/\/fanmerch.fi\/product\/awjh001-college-hoodie-sky-blue\/#breadcrumb"},"inLanguage":"en-GB","potentialAction":[{"@type":"ReadAction","target":["https:\/\/fanmerch.fi\/product\/awjh001-college-hoodie-sky-blue\/"]}]},{"@type":"BreadcrumbList","@id":"https:\/\/fanmerch.fi\/product\/awjh001-college-hoodie-sky-blue\/#breadcrumb","itemListElement":[{"@type":"ListItem","position":1,"name":"Etusivu","item":"https:\/\/fanmerch.fi\/"},{"@type":"ListItem","position":2,"name":"Tuotteet","item":"https:\/\/fanmerch.fi\/shop\/"},{"@type":"ListItem","position":3,"name":"College Hoodie, Sky Blue"}]},{"@type":"WebSite","@id":"https:\/\/fanmerch.fi\/#website","url":"https:\/\/fanmerch.fi\/","name":"Fanmerch Finland - Your source of merch","description":"Your source of merchandise","publisher":{"@id":"https:\/\/fanmerch.fi\/#organization"},"potentialAction":[{"@type":"SearchAction","target":{"@type":"EntryPoint","urlTemplate":"https:\/\/fanmerch.fi\/?s={search_term_string}"},"query-input":{"@type":"PropertyValueSpecification","valueRequired":true,"valueName":"search_term_string"}}],"inLanguage":"en-GB"},{"@type":"Organization","@id":"https:\/\/fanmerch.fi\/#organization","name":"Fanmerch Finlan","url":"https:\/\/fanmerch.fi\/","logo":{"@type":"ImageObject","inLanguage":"en-GB","@id":"https:\/\/fanmerch.fi\/#\/schema\/logo\/image\/","url":"https:\/\/fanmerch.fi\/wp-content\/uploads\/2025\/06\/cropped-fanmerch-finland-site-logo.png","contentUrl":"https:\/\/fanmerch.fi\/wp-content\/uploads\/2025\/06\/cropped-fanmerch-finland-site-logo.png","width":622,"height":180,"caption":"Fanmerch Finlan"},"image":{"@id":"https:\/\/fanmerch.fi\/#\/schema\/logo\/image\/"},"sameAs":["https:\/\/www.facebook.com\/fanmerchfinland","https:\/\/x.com\/fanmerchfinland","https:\/\/www.youtube.com\/@fanmerchfinland","https:\/\/www.instagram.com\/fanmerchfinland"]}]},"product_price_amount":"16.72","product_price_currency":"EUR","og_availability":"instock","product_availability":"instock","product_retailer_item_id":"AWJH001 \/ Sky Blue","product_condition":"new"},"_links":{"self":[{"href":"https:\/\/fanmerch.fi\/en\/wp-json\/wp\/v2\/product\/10826","targetHints":{"allow":["GET"]}}],"collection":[{"href":"https:\/\/fanmerch.fi\/en\/wp-json\/wp\/v2\/product"}],"about":[{"href":"https:\/\/fanmerch.fi\/en\/wp-json\/wp\/v2\/types\/product"}],"wp:attachment":[{"href":"https:\/\/fanmerch.fi\/en\/wp-json\/wp\/v2\/media?parent=10826"}],"wp:term":[{"taxonomy":"product_brand","embeddable":true,"href":"https:\/\/fanmerch.fi\/en\/wp-json\/wp\/v2\/product_brand?post=10826"},{"taxonomy":"product_cat","embeddable":true,"href":"https:\/\/fanmerch.fi\/en\/wp-json\/wp\/v2\/product_cat?post=10826"},{"taxonomy":"product_tag","embeddable":true,"href":"https:\/\/fanmerch.fi\/en\/wp-json\/wp\/v2\/product_tag?post=10826"}],"curies":[{"name":"wp","href":"https:\/\/api.w.org\/{rel}","templated":true}]}}