{"id":11867,"date":"2025-07-12T16:25:45","date_gmt":"2025-07-12T16:25:45","guid":{"rendered":"https:\/\/fanmerch.fi\/product\/imperial-denim\/"},"modified":"2026-03-09T12:25:02","modified_gmt":"2026-03-09T12:25:02","slug":"sols-imperial-denim","status":"publish","type":"product","link":"https:\/\/fanmerch.fi\/en\/product\/sols-imperial-denim\/","title":{"rendered":"Sol\u00b4s Imperial, Denim"},"content":{"rendered":"","protected":false},"excerpt":{"rendered":"<hr \/>\n<h4><strong>Tuotetiedot<\/strong><\/h4>\n<ul>\n<li>\n<h5>Saatavilla koot: XS, S, M, L, XL, 2XL, 3XL<\/h5>\n<\/li>\n<li>\n<h5><strong>V\u00e4rit: useita saatavilla<\/strong><\/h5>\n<\/li>\n<li>\n<h5>Soveltuvuus: Unisex<\/h5>\n<\/li>\n<li>\n<h5>Tuotemerkki: Sol\u00b4s Imperial<\/h5>\n<\/li>\n<li>\n<h5>Minimitilausm\u00e4\u00e4r\u00e4: 10 kpl<\/h5>\n<\/li>\n<li>\n<h5>Painatustekniikka: DTF (in-house)<\/h5>\n<\/li>\n<\/ul>\n<h4><strong>Sol\u00b4s \u2013 Imperial<\/strong><\/h4>\n<article class=\"text-token-text-primary w-full focus:outline-none [--shadow-height:45px] has-data-writing-block:pointer-events-none has-data-writing-block:-mt-(--shadow-height) has-data-writing-block:pt-(--shadow-height) [&#038;:has([data-writing-block])>*]:pointer-events-auto scroll-mt-(&#8211;header-height)&#8221; dir=&#8221;auto&#8221; tabindex=&#8221;-1&#8243; data-turn-id=&#8221;b799055d-da40-4753-a62e-d7d3385e9d57&#8243; data-testid=&#8221;conversation-turn-41&#8243; data-scroll-anchor=&#8221;false&#8221; data-turn=&#8221;user&#8221;><\/article>\n<article class=\"text-token-text-primary w-full focus:outline-none [--shadow-height:45px] has-data-writing-block:pointer-events-none has-data-writing-block:-mt-(--shadow-height) has-data-writing-block:pt-(--shadow-height) [&#038;:has([data-writing-block])>*]:pointer-events-auto scroll-mt-[calc(var(&#8211;header-height)+min(200px,max(70px,20svh)))]&#8221; dir=&#8221;auto&#8221; tabindex=&#8221;-1&#8243; data-turn-id=&#8221;request-WEB:2cd5f2a1-c3e3-4bd8-975d-90c6782a6fd5-20&#8243; data-testid=&#8221;conversation-turn-42&#8243; data-scroll-anchor=&#8221;true&#8221; data-turn=&#8221;assistant&#8221;><\/p>\n<div class=\"text-base my-auto mx-auto pb-10 [--thread-content-margin:var(--thread-content-margin-xs,calc(var(--spacing)*4))] @w-sm\/main:[--thread-content-margin:var(--thread-content-margin-sm,calc(var(--spacing)*6))] @w-lg\/main:[--thread-content-margin:var(--thread-content-margin-lg,calc(var(--spacing)*16))] px-(--thread-content-margin)\">\n<div class=\"[--thread-content-max-width:40rem] @w-lg\/main:[--thread-content-max-width:48rem] mx-auto max-w-(--thread-content-max-width) flex-1 group\/turn-messages focus-visible:outline-hidden relative flex w-full min-w-0 flex-col agent-turn\" tabindex=\"-1\">\n<div class=\"flex max-w-full flex-col gap-4 grow\">\n<div class=\"min-h-8 text-message relative flex w-full flex-col items-end gap-2 text-start break-words whitespace-normal [.text-message+&#038;]:mt-1\" dir=\"auto\" data-message-author-role=\"assistant\" data-message-id=\"c7e4360f-a0a1-421c-89c7-3444b605dd19\" data-message-model-slug=\"gpt-5-3\">\n<div class=\"flex w-full flex-col gap-1 empty:hidden\">\n<div class=\"markdown prose dark:prose-invert w-full wrap-break-word light markdown-new-styling\">\n<p data-start=\"0\" data-end=\"238\" data-is-last-node=\"\" data-is-only-node=\"\">Laadukas ja monik\u00e4ytt\u00f6inen t-paita painatuksella seuroille, yrityksille ja tapahtumiin. Sol\u2019s Imperial on Fanmerchin suosituin ja k\u00e4ytetyin t-paita, joka yhdist\u00e4\u00e4 miellytt\u00e4v\u00e4n k\u00e4ytt\u00f6tuntuman, kest\u00e4v\u00e4n rakenteen ja erinomaisen painatusj\u00e4ljen.<\/p>\n<\/div>\n<\/div>\n<\/div>\n<\/div>\n<\/div>\n<\/div>\n<\/article>\n<h4 data-start=\"47\" data-end=\"90\"><strong data-start=\"47\" data-end=\"90\">Materiaali ja istuvuus<\/strong><\/h4>\n<p>T\u00e4m\u00e4 T-paita on varma valinta niin arkik\u00e4ytt\u00f6\u00f6n kuin erilaisiin painatustarpeisiin. 190 g\/m\u00b2 kangas on valmistettu 100 % puolikammatusta rengaskehr\u00e4tyst\u00e4 puuvillasta, joka tuntuu miellytt\u00e4v\u00e4lt\u00e4 ihoa vasten ja kest\u00e4\u00e4 toistuvaa k\u00e4ytt\u00f6\u00e4 ja pesua. Rengaskehr\u00e4tty puuvilla tekee kankaasta sile\u00e4mm\u00e4n ja kest\u00e4v\u00e4mm\u00e4n verrattuna tavalliseen puuvillaan. Paidassa on vahvistettu niskasauma sek\u00e4 joustava elastaania sis\u00e4lt\u00e4v\u00e4 kaularesori, jotka parantavat k\u00e4ytt\u00f6mukavuutta ja muodon s\u00e4ilyvyytt\u00e4. Klassinen py\u00f6re\u00e4 p\u00e4\u00e4ntie, lyhyet hihat ja putkirakenne tekev\u00e4t t\u00e4st\u00e4 paidasta ajattoman ja helposti painettavan tuotteen.<\/p>\n<p data-start=\"1198\" data-end=\"1466\">\u2714<strong> Minimitilaus 10 kpl<\/strong><br \/>\n<strong>\u2714 Yksi painatus sis\u00e4ltyy hintaan<\/strong><\/p>\n<hr \/>\n","protected":false},"featured_media":14826,"template":"","meta":[],"product_brand":[64],"product_cat":[39],"product_tag":[79,286],"class_list":{"0":"post-11867","1":"product","2":"type-product","3":"status-publish","4":"has-post-thumbnail","6":"product_brand-sols","7":"product_cat-t-paidat","8":"product_tag-kaikki","9":"product_tag-sols","11":"first","12":"instock","13":"taxable","14":"shipping-taxable","15":"product-type-external"},"yoast_head":"<!-- This site is optimized with the Yoast SEO Premium plugin v25.7.1 (Yoast SEO v27.5) - https:\/\/yoast.com\/product\/yoast-seo-premium-wordpress\/ -->\n<title>Sol\u00b4s Imperial, Denim - Fanmerch Finland<\/title>\n<meta name=\"description\" content=\"Sol\u00b4s Imperial, Denim\" \/>\n<meta name=\"robots\" content=\"index, follow, max-snippet:-1, max-image-preview:large, max-video-preview:-1\" \/>\n<link rel=\"canonical\" href=\"https:\/\/fanmerch.fi\/en\/product\/sols-imperial-denim\/\" \/>\n<meta property=\"og:locale\" content=\"en_GB\" \/>\n<meta property=\"og:type\" content=\"article\" \/>\n<meta property=\"og:title\" content=\"Sol\u00b4s Imperial, Denim - Fanmerch Finland\" \/>\n<meta property=\"og:description\" content=\"Sol\u00b4s Imperial, Denim\" \/>\n<meta property=\"og:url\" content=\"https:\/\/fanmerch.fi\/en\/product\/sols-imperial-denim\/\" \/>\n<meta property=\"og:site_name\" content=\"Fanmerch Finland\" \/>\n<meta property=\"article:publisher\" content=\"https:\/\/www.facebook.com\/fanmerchfinland\" \/>\n<meta property=\"article:modified_time\" content=\"2026-03-09T12:25:02+00:00\" \/>\n<meta property=\"og:image\" content=\"https:\/\/fanmerch.fi\/wp-content\/uploads\/2025\/07\/sols-imperial-denim.webp\" \/>\n\t<meta property=\"og:image:width\" content=\"1695\" \/>\n\t<meta property=\"og:image:height\" content=\"2200\" \/>\n\t<meta property=\"og:image:type\" content=\"image\/webp\" \/>\n<meta name=\"twitter:card\" content=\"summary_large_image\" \/>\n<meta name=\"twitter:site\" content=\"@fanmerchfinland\" \/>\n<meta name=\"twitter:label1\" content=\"Price\" \/>\n\t<meta name=\"twitter:data1\" content=\"\" \/>\n\t<meta name=\"twitter:label2\" content=\"Availability\" \/>\n\t<meta name=\"twitter:data2\" content=\"In stock\" \/>\n<script type=\"application\/ld+json\" class=\"yoast-schema-graph\">{\"@context\":\"https:\\\/\\\/schema.org\",\"@graph\":[{\"@type\":\"WebPage\",\"@id\":\"https:\\\/\\\/fanmerch.fi\\\/product\\\/sols-imperial-denim\\\/\",\"url\":\"https:\\\/\\\/fanmerch.fi\\\/product\\\/sols-imperial-denim\\\/\",\"name\":\"Sol\u00b4s Imperial, Denim - Fanmerch Finland\",\"isPartOf\":{\"@id\":\"https:\\\/\\\/fanmerch.fi\\\/#website\"},\"primaryImageOfPage\":{\"@id\":\"https:\\\/\\\/fanmerch.fi\\\/product\\\/sols-imperial-denim\\\/#primaryimage\"},\"image\":{\"@id\":\"https:\\\/\\\/fanmerch.fi\\\/product\\\/sols-imperial-denim\\\/#primaryimage\"},\"thumbnailUrl\":\"https:\\\/\\\/fanmerch.fi\\\/wp-content\\\/uploads\\\/2025\\\/07\\\/sols-imperial-denim.webp\",\"datePublished\":\"2025-07-12T16:25:45+00:00\",\"dateModified\":\"2026-03-09T12:25:02+00:00\",\"description\":\"Sol\u00b4s Imperial, Denim\",\"breadcrumb\":{\"@id\":\"https:\\\/\\\/fanmerch.fi\\\/product\\\/sols-imperial-denim\\\/#breadcrumb\"},\"inLanguage\":\"en-GB\",\"potentialAction\":[{\"@type\":\"ReadAction\",\"target\":[\"https:\\\/\\\/fanmerch.fi\\\/product\\\/sols-imperial-denim\\\/\"]}]},{\"@type\":\"ImageObject\",\"inLanguage\":\"en-GB\",\"@id\":\"https:\\\/\\\/fanmerch.fi\\\/product\\\/sols-imperial-denim\\\/#primaryimage\",\"url\":\"https:\\\/\\\/fanmerch.fi\\\/wp-content\\\/uploads\\\/2025\\\/07\\\/sols-imperial-denim.webp\",\"contentUrl\":\"https:\\\/\\\/fanmerch.fi\\\/wp-content\\\/uploads\\\/2025\\\/07\\\/sols-imperial-denim.webp\",\"width\":1695,\"height\":2200},{\"@type\":\"BreadcrumbList\",\"@id\":\"https:\\\/\\\/fanmerch.fi\\\/product\\\/sols-imperial-denim\\\/#breadcrumb\",\"itemListElement\":[{\"@type\":\"ListItem\",\"position\":1,\"name\":\"Etusivu\",\"item\":\"https:\\\/\\\/fanmerch.fi\\\/\"},{\"@type\":\"ListItem\",\"position\":2,\"name\":\"Tuotteet\",\"item\":\"https:\\\/\\\/fanmerch.fi\\\/shop\\\/\"},{\"@type\":\"ListItem\",\"position\":3,\"name\":\"Sol\u00b4s Imperial, Denim\"}]},{\"@type\":\"WebSite\",\"@id\":\"https:\\\/\\\/fanmerch.fi\\\/#website\",\"url\":\"https:\\\/\\\/fanmerch.fi\\\/\",\"name\":\"Fanmerch Finland - Your source of merch\",\"description\":\"Your source of merchandise\",\"publisher\":{\"@id\":\"https:\\\/\\\/fanmerch.fi\\\/#organization\"},\"potentialAction\":[{\"@type\":\"SearchAction\",\"target\":{\"@type\":\"EntryPoint\",\"urlTemplate\":\"https:\\\/\\\/fanmerch.fi\\\/?s={search_term_string}\"},\"query-input\":{\"@type\":\"PropertyValueSpecification\",\"valueRequired\":true,\"valueName\":\"search_term_string\"}}],\"inLanguage\":\"en-GB\"},{\"@type\":\"Organization\",\"@id\":\"https:\\\/\\\/fanmerch.fi\\\/#organization\",\"name\":\"Fanmerch Finlan\",\"url\":\"https:\\\/\\\/fanmerch.fi\\\/\",\"logo\":{\"@type\":\"ImageObject\",\"inLanguage\":\"en-GB\",\"@id\":\"https:\\\/\\\/fanmerch.fi\\\/#\\\/schema\\\/logo\\\/image\\\/\",\"url\":\"https:\\\/\\\/fanmerch.fi\\\/wp-content\\\/uploads\\\/2025\\\/06\\\/cropped-fanmerch-finland-site-logo.png\",\"contentUrl\":\"https:\\\/\\\/fanmerch.fi\\\/wp-content\\\/uploads\\\/2025\\\/06\\\/cropped-fanmerch-finland-site-logo.png\",\"width\":622,\"height\":180,\"caption\":\"Fanmerch Finlan\"},\"image\":{\"@id\":\"https:\\\/\\\/fanmerch.fi\\\/#\\\/schema\\\/logo\\\/image\\\/\"},\"sameAs\":[\"https:\\\/\\\/www.facebook.com\\\/fanmerchfinland\",\"https:\\\/\\\/x.com\\\/fanmerchfinland\",\"https:\\\/\\\/www.youtube.com\\\/@fanmerchfinland\",\"https:\\\/\\\/www.instagram.com\\\/fanmerchfinland\"]}]}<\/script>\n<meta property=\"product:price:currency\" content=\"EUR\" \/>\n<meta property=\"og:availability\" content=\"instock\" \/>\n<meta property=\"product:availability\" content=\"instock\" \/>\n<meta property=\"product:retailer_item_id\" content=\"SO11500 Imperial \/ Denim\" \/>\n<meta property=\"product:condition\" content=\"new\" \/>\n<!-- \/ Yoast SEO Premium plugin. -->","yoast_head_json":{"title":"Sol\u00b4s Imperial, Denim - Fanmerch Finland","description":"Sol\u00b4s Imperial, Denim","robots":{"index":"index","follow":"follow","max-snippet":"max-snippet:-1","max-image-preview":"max-image-preview:large","max-video-preview":"max-video-preview:-1"},"canonical":"https:\/\/fanmerch.fi\/en\/product\/sols-imperial-denim\/","og_locale":"en_GB","og_type":"article","og_title":"Sol\u00b4s Imperial, Denim - Fanmerch Finland","og_description":"Sol\u00b4s Imperial, Denim","og_url":"https:\/\/fanmerch.fi\/en\/product\/sols-imperial-denim\/","og_site_name":"Fanmerch Finland","article_publisher":"https:\/\/www.facebook.com\/fanmerchfinland","article_modified_time":"2026-03-09T12:25:02+00:00","og_image":[{"width":1695,"height":2200,"url":"https:\/\/fanmerch.fi\/wp-content\/uploads\/2025\/07\/sols-imperial-denim.webp","type":"image\/webp"}],"twitter_card":"summary_large_image","twitter_site":"@fanmerchfinland","twitter_misc":{"Price":"","Availability":"In stock"},"schema":{"@context":"https:\/\/schema.org","@graph":[{"@type":"WebPage","@id":"https:\/\/fanmerch.fi\/product\/sols-imperial-denim\/","url":"https:\/\/fanmerch.fi\/product\/sols-imperial-denim\/","name":"Sol\u00b4s Imperial, Denim - Fanmerch Finland","isPartOf":{"@id":"https:\/\/fanmerch.fi\/#website"},"primaryImageOfPage":{"@id":"https:\/\/fanmerch.fi\/product\/sols-imperial-denim\/#primaryimage"},"image":{"@id":"https:\/\/fanmerch.fi\/product\/sols-imperial-denim\/#primaryimage"},"thumbnailUrl":"https:\/\/fanmerch.fi\/wp-content\/uploads\/2025\/07\/sols-imperial-denim.webp","datePublished":"2025-07-12T16:25:45+00:00","dateModified":"2026-03-09T12:25:02+00:00","description":"Sol\u00b4s Imperial, Denim","breadcrumb":{"@id":"https:\/\/fanmerch.fi\/product\/sols-imperial-denim\/#breadcrumb"},"inLanguage":"en-GB","potentialAction":[{"@type":"ReadAction","target":["https:\/\/fanmerch.fi\/product\/sols-imperial-denim\/"]}]},{"@type":"ImageObject","inLanguage":"en-GB","@id":"https:\/\/fanmerch.fi\/product\/sols-imperial-denim\/#primaryimage","url":"https:\/\/fanmerch.fi\/wp-content\/uploads\/2025\/07\/sols-imperial-denim.webp","contentUrl":"https:\/\/fanmerch.fi\/wp-content\/uploads\/2025\/07\/sols-imperial-denim.webp","width":1695,"height":2200},{"@type":"BreadcrumbList","@id":"https:\/\/fanmerch.fi\/product\/sols-imperial-denim\/#breadcrumb","itemListElement":[{"@type":"ListItem","position":1,"name":"Etusivu","item":"https:\/\/fanmerch.fi\/"},{"@type":"ListItem","position":2,"name":"Tuotteet","item":"https:\/\/fanmerch.fi\/shop\/"},{"@type":"ListItem","position":3,"name":"Sol\u00b4s Imperial, Denim"}]},{"@type":"WebSite","@id":"https:\/\/fanmerch.fi\/#website","url":"https:\/\/fanmerch.fi\/","name":"Fanmerch Finland - Your source of merch","description":"Your source of merchandise","publisher":{"@id":"https:\/\/fanmerch.fi\/#organization"},"potentialAction":[{"@type":"SearchAction","target":{"@type":"EntryPoint","urlTemplate":"https:\/\/fanmerch.fi\/?s={search_term_string}"},"query-input":{"@type":"PropertyValueSpecification","valueRequired":true,"valueName":"search_term_string"}}],"inLanguage":"en-GB"},{"@type":"Organization","@id":"https:\/\/fanmerch.fi\/#organization","name":"Fanmerch Finlan","url":"https:\/\/fanmerch.fi\/","logo":{"@type":"ImageObject","inLanguage":"en-GB","@id":"https:\/\/fanmerch.fi\/#\/schema\/logo\/image\/","url":"https:\/\/fanmerch.fi\/wp-content\/uploads\/2025\/06\/cropped-fanmerch-finland-site-logo.png","contentUrl":"https:\/\/fanmerch.fi\/wp-content\/uploads\/2025\/06\/cropped-fanmerch-finland-site-logo.png","width":622,"height":180,"caption":"Fanmerch Finlan"},"image":{"@id":"https:\/\/fanmerch.fi\/#\/schema\/logo\/image\/"},"sameAs":["https:\/\/www.facebook.com\/fanmerchfinland","https:\/\/x.com\/fanmerchfinland","https:\/\/www.youtube.com\/@fanmerchfinland","https:\/\/www.instagram.com\/fanmerchfinland"]}]},"product_price_currency":"EUR","og_availability":"instock","product_availability":"instock","product_retailer_item_id":"SO11500 Imperial \/ Denim","product_condition":"new"},"_links":{"self":[{"href":"https:\/\/fanmerch.fi\/en\/wp-json\/wp\/v2\/product\/11867","targetHints":{"allow":["GET"]}}],"collection":[{"href":"https:\/\/fanmerch.fi\/en\/wp-json\/wp\/v2\/product"}],"about":[{"href":"https:\/\/fanmerch.fi\/en\/wp-json\/wp\/v2\/types\/product"}],"wp:featuredmedia":[{"embeddable":true,"href":"https:\/\/fanmerch.fi\/en\/wp-json\/wp\/v2\/media\/14826"}],"wp:attachment":[{"href":"https:\/\/fanmerch.fi\/en\/wp-json\/wp\/v2\/media?parent=11867"}],"wp:term":[{"taxonomy":"product_brand","embeddable":true,"href":"https:\/\/fanmerch.fi\/en\/wp-json\/wp\/v2\/product_brand?post=11867"},{"taxonomy":"product_cat","embeddable":true,"href":"https:\/\/fanmerch.fi\/en\/wp-json\/wp\/v2\/product_cat?post=11867"},{"taxonomy":"product_tag","embeddable":true,"href":"https:\/\/fanmerch.fi\/en\/wp-json\/wp\/v2\/product_tag?post=11867"}],"curies":[{"name":"wp","href":"https:\/\/api.w.org\/{rel}","templated":true}]}}