{"id":1295,"date":"2024-04-20T08:35:27","date_gmt":"2024-04-20T08:35:27","guid":{"rendered":"https:\/\/fanmerch.fi\/?post_type=product&#038;p=1295"},"modified":"2025-09-06T10:11:29","modified_gmt":"2025-09-06T07:11:29","slug":"etelapaaty-prodiscus-jokeri","status":"publish","type":"product","link":"https:\/\/fanmerch.fi\/en\/product\/etelapaaty-prodiscus-jokeri\/","title":{"rendered":"Etel\u00e4p\u00e4\u00e4ty &#8211; Prodiscus Jokeri"},"content":{"rendered":"","protected":false},"excerpt":{"rendered":"<p>Pro-level putter\/approach disc made by Finnish Prodiscus with \"JOKERi\" Etel\u00e4p\u00e4\u00e4ty foil stamp. The disc has enough stability even for long and hard throws. An excellent choice of disc even for a beginner.<\/p>\n<ul>\n<li>\n<h5><strong>Delivery time 5-10 business days<\/strong><\/h5>\n<\/li>\n<li>\n<h5><strong>Flight Numbers: 3 | 3 | 2 | 1<\/strong><\/h5>\n<\/li>\n<li>\n<h5><strong>Plastic: Basic<\/strong><\/h5>\n<\/li>\n<li>\n<h5><strong>Weight: 173g<\/strong><\/h5>\n<\/li>\n<\/ul>","protected":false},"author":8,"featured_media":121,"template":"","meta":[],"product_brand":[],"product_cat":[19],"product_tag":[20,136,25],"class_list":{"0":"post-1295","1":"product","2":"type-product","3":"status-publish","4":"has-post-thumbnail","6":"product_cat-etelapaaty","7":"product_tag-etelapaaty","8":"product_tag-kaikki","9":"product_tag-muut","10":"product_shipping_class-matkahuolto","12":"first","13":"outofstock","14":"taxable","15":"shipping-taxable","16":"purchasable","17":"product-type-simple"},"yoast_head":"<!-- This site is optimized with the Yoast SEO Premium plugin v26.9 (Yoast SEO v27.3) - https:\/\/yoast.com\/product\/yoast-seo-premium-wordpress\/ -->\n<title>Etel\u00e4p\u00e4\u00e4ty - Prodiscus Jokeri | Fanmerch Finland<\/title>\n<meta name=\"robots\" content=\"index, follow, max-snippet:-1, max-image-preview:large, max-video-preview:-1\" \/>\n<link rel=\"canonical\" href=\"https:\/\/fanmerch.fi\/en\/product\/etelapaaty-prodiscus-jokeri\/\" \/>\n<meta property=\"og:locale\" content=\"en_GB\" \/>\n<meta property=\"og:type\" content=\"article\" \/>\n<meta property=\"og:title\" content=\"Etel\u00e4p\u00e4\u00e4ty - Prodiscus Jokeri\" \/>\n<meta property=\"og:description\" content=\"Suomalaisen Prodiscuksen valmistama pro-tason putteri\/l\u00e4hestymiskiekko &quot;JOKERi&quot; Etel\u00e4p\u00e4\u00e4ty -foilst\u00e4mpill\u00e4. Kiekossa riitt\u00e4\u00e4 vakautta my\u00f6s pitkiin ja koviin heittoihin. Erinomainen kiekkovalinta my\u00f6s aloittelijalle.    Toimitusaika 3-5 arkip\u00e4iv\u00e4\u00e4    Lentoarvot: 3 | 3 | 2 | 1    Muovi: Basic    Paino: 173g\" \/>\n<meta property=\"og:url\" content=\"https:\/\/fanmerch.fi\/en\/product\/etelapaaty-prodiscus-jokeri\/\" \/>\n<meta property=\"og:site_name\" content=\"Fanmerch Finland\" \/>\n<meta property=\"article:modified_time\" content=\"2025-09-06T07:11:29+00:00\" \/>\n<meta property=\"og:image\" content=\"https:\/\/fanmerch.fi\/wp-content\/uploads\/2024\/04\/etelapaaty-prodiscus-jokeri-valkoinen-scaled-1.jpg\" \/>\n\t<meta property=\"og:image:width\" content=\"2560\" \/>\n\t<meta property=\"og:image:height\" content=\"2560\" \/>\n\t<meta property=\"og:image:type\" content=\"image\/jpeg\" \/>\n<meta name=\"twitter:card\" content=\"summary_large_image\" \/>\n<meta name=\"twitter:label1\" content=\"Price\" \/>\n\t<meta name=\"twitter:data1\" content=\"6.00&euro;\" \/>\n\t<meta name=\"twitter:label2\" content=\"Availability\" \/>\n\t<meta name=\"twitter:data2\" content=\"Out of stock\" \/>\n<script type=\"application\/ld+json\" class=\"yoast-schema-graph\">{\"@context\":\"https:\\\/\\\/schema.org\",\"@graph\":[{\"@type\":\"WebPage\",\"@id\":\"https:\\\/\\\/fanmerch.fi\\\/tuote\\\/etelapaaty-prodiscus-jokeri\\\/\",\"url\":\"https:\\\/\\\/fanmerch.fi\\\/tuote\\\/etelapaaty-prodiscus-jokeri\\\/\",\"name\":\"Etel\u00e4p\u00e4\u00e4ty - Prodiscus Jokeri | Fanmerch Finland\",\"isPartOf\":{\"@id\":\"https:\\\/\\\/fanmerch.fi\\\/#website\"},\"primaryImageOfPage\":{\"@id\":\"https:\\\/\\\/fanmerch.fi\\\/tuote\\\/etelapaaty-prodiscus-jokeri\\\/#primaryimage\"},\"image\":{\"@id\":\"https:\\\/\\\/fanmerch.fi\\\/tuote\\\/etelapaaty-prodiscus-jokeri\\\/#primaryimage\"},\"thumbnailUrl\":\"https:\\\/\\\/fanmerch.fi\\\/wp-content\\\/uploads\\\/2024\\\/04\\\/etelapaaty-prodiscus-jokeri-valkoinen-scaled-1.jpg\",\"datePublished\":\"2024-04-20T08:35:27+00:00\",\"dateModified\":\"2025-09-06T07:11:29+00:00\",\"breadcrumb\":{\"@id\":\"https:\\\/\\\/fanmerch.fi\\\/tuote\\\/etelapaaty-prodiscus-jokeri\\\/#breadcrumb\"},\"inLanguage\":\"en-GB\",\"potentialAction\":[{\"@type\":\"ReadAction\",\"target\":[\"https:\\\/\\\/fanmerch.fi\\\/tuote\\\/etelapaaty-prodiscus-jokeri\\\/\"]}]},{\"@type\":\"ImageObject\",\"inLanguage\":\"en-GB\",\"@id\":\"https:\\\/\\\/fanmerch.fi\\\/tuote\\\/etelapaaty-prodiscus-jokeri\\\/#primaryimage\",\"url\":\"https:\\\/\\\/fanmerch.fi\\\/wp-content\\\/uploads\\\/2024\\\/04\\\/etelapaaty-prodiscus-jokeri-valkoinen-scaled-1.jpg\",\"contentUrl\":\"https:\\\/\\\/fanmerch.fi\\\/wp-content\\\/uploads\\\/2024\\\/04\\\/etelapaaty-prodiscus-jokeri-valkoinen-scaled-1.jpg\",\"width\":2560,\"height\":2560},{\"@type\":\"BreadcrumbList\",\"@id\":\"https:\\\/\\\/fanmerch.fi\\\/tuote\\\/etelapaaty-prodiscus-jokeri\\\/#breadcrumb\",\"itemListElement\":[{\"@type\":\"ListItem\",\"position\":1,\"name\":\"Etusivu\",\"item\":\"https:\\\/\\\/fanmerch.fi\\\/\"},{\"@type\":\"ListItem\",\"position\":2,\"name\":\"Kauppa\",\"item\":\"https:\\\/\\\/fanmerch.fi\\\/kauppa\\\/\"},{\"@type\":\"ListItem\",\"position\":3,\"name\":\"Etel\u00e4p\u00e4\u00e4ty &#8211; Prodiscus Jokeri\"}]},{\"@type\":\"WebSite\",\"@id\":\"https:\\\/\\\/fanmerch.fi\\\/#website\",\"url\":\"https:\\\/\\\/fanmerch.fi\\\/\",\"name\":\"Fanmerch Finland\",\"description\":\"\",\"potentialAction\":[{\"@type\":\"SearchAction\",\"target\":{\"@type\":\"EntryPoint\",\"urlTemplate\":\"https:\\\/\\\/fanmerch.fi\\\/?s={search_term_string}\"},\"query-input\":{\"@type\":\"PropertyValueSpecification\",\"valueRequired\":true,\"valueName\":\"search_term_string\"}}],\"inLanguage\":\"en-GB\"}]}<\/script>\n<meta property=\"product:price:amount\" content=\"6.00\" \/>\n<meta property=\"product:price:currency\" content=\"EUR\" \/>\n<meta property=\"og:availability\" content=\"out of stock\" \/>\n<meta property=\"product:availability\" content=\"out of stock\" \/>\n<meta property=\"product:retailer_item_id\" content=\"Etel\u00e4p\u00e4\u00e4ty \/ Prodiscus putteri \/ Valkoinen \/ Frisbeegolfkiekko\" \/>\n<meta property=\"product:condition\" content=\"new\" \/>\n<!-- \/ Yoast SEO Premium plugin. -->","yoast_head_json":{"title":"Etel\u00e4p\u00e4\u00e4ty - Prodiscus Jokeri | Fanmerch Finland","robots":{"index":"index","follow":"follow","max-snippet":"max-snippet:-1","max-image-preview":"max-image-preview:large","max-video-preview":"max-video-preview:-1"},"canonical":"https:\/\/fanmerch.fi\/en\/product\/etelapaaty-prodiscus-jokeri\/","og_locale":"en_GB","og_type":"article","og_title":"Etel\u00e4p\u00e4\u00e4ty - Prodiscus Jokeri","og_description":"Suomalaisen Prodiscuksen valmistama pro-tason putteri\/l\u00e4hestymiskiekko \"JOKERi\" Etel\u00e4p\u00e4\u00e4ty -foilst\u00e4mpill\u00e4. Kiekossa riitt\u00e4\u00e4 vakautta my\u00f6s pitkiin ja koviin heittoihin. Erinomainen kiekkovalinta my\u00f6s aloittelijalle.    Toimitusaika 3-5 arkip\u00e4iv\u00e4\u00e4    Lentoarvot: 3 | 3 | 2 | 1    Muovi: Basic    Paino: 173g","og_url":"https:\/\/fanmerch.fi\/en\/product\/etelapaaty-prodiscus-jokeri\/","og_site_name":"Fanmerch Finland","article_modified_time":"2025-09-06T07:11:29+00:00","og_image":[{"width":2560,"height":2560,"url":"https:\/\/fanmerch.fi\/wp-content\/uploads\/2024\/04\/etelapaaty-prodiscus-jokeri-valkoinen-scaled-1.jpg","type":"image\/jpeg"}],"twitter_card":"summary_large_image","twitter_misc":{"Price":"6.00&euro;","Availability":"Out of stock"},"schema":{"@context":"https:\/\/schema.org","@graph":[{"@type":"WebPage","@id":"https:\/\/fanmerch.fi\/tuote\/etelapaaty-prodiscus-jokeri\/","url":"https:\/\/fanmerch.fi\/tuote\/etelapaaty-prodiscus-jokeri\/","name":"Etel\u00e4p\u00e4\u00e4ty - Prodiscus Jokeri | Fanmerch Finland","isPartOf":{"@id":"https:\/\/fanmerch.fi\/#website"},"primaryImageOfPage":{"@id":"https:\/\/fanmerch.fi\/tuote\/etelapaaty-prodiscus-jokeri\/#primaryimage"},"image":{"@id":"https:\/\/fanmerch.fi\/tuote\/etelapaaty-prodiscus-jokeri\/#primaryimage"},"thumbnailUrl":"https:\/\/fanmerch.fi\/wp-content\/uploads\/2024\/04\/etelapaaty-prodiscus-jokeri-valkoinen-scaled-1.jpg","datePublished":"2024-04-20T08:35:27+00:00","dateModified":"2025-09-06T07:11:29+00:00","breadcrumb":{"@id":"https:\/\/fanmerch.fi\/tuote\/etelapaaty-prodiscus-jokeri\/#breadcrumb"},"inLanguage":"en-GB","potentialAction":[{"@type":"ReadAction","target":["https:\/\/fanmerch.fi\/tuote\/etelapaaty-prodiscus-jokeri\/"]}]},{"@type":"ImageObject","inLanguage":"en-GB","@id":"https:\/\/fanmerch.fi\/tuote\/etelapaaty-prodiscus-jokeri\/#primaryimage","url":"https:\/\/fanmerch.fi\/wp-content\/uploads\/2024\/04\/etelapaaty-prodiscus-jokeri-valkoinen-scaled-1.jpg","contentUrl":"https:\/\/fanmerch.fi\/wp-content\/uploads\/2024\/04\/etelapaaty-prodiscus-jokeri-valkoinen-scaled-1.jpg","width":2560,"height":2560},{"@type":"BreadcrumbList","@id":"https:\/\/fanmerch.fi\/tuote\/etelapaaty-prodiscus-jokeri\/#breadcrumb","itemListElement":[{"@type":"ListItem","position":1,"name":"Etusivu","item":"https:\/\/fanmerch.fi\/"},{"@type":"ListItem","position":2,"name":"Kauppa","item":"https:\/\/fanmerch.fi\/kauppa\/"},{"@type":"ListItem","position":3,"name":"Etel\u00e4p\u00e4\u00e4ty &#8211; Prodiscus Jokeri"}]},{"@type":"WebSite","@id":"https:\/\/fanmerch.fi\/#website","url":"https:\/\/fanmerch.fi\/","name":"Fanmerch Finland","description":"","potentialAction":[{"@type":"SearchAction","target":{"@type":"EntryPoint","urlTemplate":"https:\/\/fanmerch.fi\/?s={search_term_string}"},"query-input":{"@type":"PropertyValueSpecification","valueRequired":true,"valueName":"search_term_string"}}],"inLanguage":"en-GB"}]},"product_price_amount":"6.00","product_price_currency":"EUR","og_availability":"out of stock","product_availability":"out of stock","product_retailer_item_id":"Etel\u00e4p\u00e4\u00e4ty \/ Prodiscus putteri \/ Valkoinen \/ Frisbeegolfkiekko","product_condition":"new"},"_links":{"self":[{"href":"https:\/\/fanmerch.fi\/en\/wp-json\/wp\/v2\/product\/1295","targetHints":{"allow":["GET"]}}],"collection":[{"href":"https:\/\/fanmerch.fi\/en\/wp-json\/wp\/v2\/product"}],"about":[{"href":"https:\/\/fanmerch.fi\/en\/wp-json\/wp\/v2\/types\/product"}],"author":[{"embeddable":true,"href":"https:\/\/fanmerch.fi\/en\/wp-json\/wp\/v2\/users\/8"}],"version-history":[{"count":0,"href":"https:\/\/fanmerch.fi\/en\/wp-json\/wp\/v2\/product\/1295\/revisions"}],"wp:featuredmedia":[{"embeddable":true,"href":"https:\/\/fanmerch.fi\/en\/wp-json\/wp\/v2\/media\/121"}],"wp:attachment":[{"href":"https:\/\/fanmerch.fi\/en\/wp-json\/wp\/v2\/media?parent=1295"}],"wp:term":[{"taxonomy":"product_brand","embeddable":true,"href":"https:\/\/fanmerch.fi\/en\/wp-json\/wp\/v2\/product_brand?post=1295"},{"taxonomy":"product_cat","embeddable":true,"href":"https:\/\/fanmerch.fi\/en\/wp-json\/wp\/v2\/product_cat?post=1295"},{"taxonomy":"product_tag","embeddable":true,"href":"https:\/\/fanmerch.fi\/en\/wp-json\/wp\/v2\/product_tag?post=1295"}],"curies":[{"name":"wp","href":"https:\/\/api.w.org\/{rel}","templated":true}]}}