{"id":15075,"date":"2026-03-11T10:24:05","date_gmt":"2026-03-11T10:24:05","guid":{"rendered":"https:\/\/fanmerch.fi\/?post_type=product&#038;p=15075"},"modified":"2026-04-11T12:37:57","modified_gmt":"2026-04-11T10:37:57","slug":"if-gnistan-baby-box","status":"publish","type":"product","link":"https:\/\/fanmerch.fi\/en\/product\/if-gnistan-baby-box\/","title":{"rendered":"IF Gnistan, Baby Box"},"content":{"rendered":"","protected":false},"excerpt":{"rendered":"<p data-start=\"57\" data-end=\"72\"><strong data-start=\"57\" data-end=\"72\">PRODUCT DETAILS<\/strong><\/p>\n<p data-start=\"74\" data-end=\"278\">IF Gnistan <strong data-start=\"99\" data-end=\"114\">Baby Box<\/strong>\u00a0\u2013 huolella suunniteltu kokonaisuus vauvan ensimm\u00e4isiin hetkiin. Paketti sis\u00e4lt\u00e4\u00e4 pehme\u00e4n peiton, mukavan pipon, laadukkaan t-paidan sek\u00e4 k\u00e4yt\u00e4nn\u00f6llisen potkupuvun.<\/p>\n<p data-start=\"280\" data-end=\"609\">Baby Box yhdist\u00e4\u00e4 k\u00e4yt\u00e4nn\u00f6llisyyden, laadukkaat materiaalit ja Gnistanin tunnistettavan ilmeen. Kaikki tuotteet on valmistettu miellytt\u00e4vist\u00e4 ja hell\u00e4varaisista materiaaleista, jotka sopivat erinomaisesti vauvan herk\u00e4lle iholle. Setti toimii t\u00e4ydellisesti niin arjessa kuin lahjana \u2013 kaikki tarvittava valmiina yhdess\u00e4 paketissa.<\/p>\n<p data-start=\"611\" data-end=\"660\"><strong data-start=\"611\" data-end=\"623\">Sis\u00e4lt\u00f6:<\/strong><br data-start=\"623\" data-end=\"626\" \/>Peitto, pipo, t-paita, potkupuku<\/p>\n<p data-start=\"662\" data-end=\"757\"><strong data-start=\"662\" data-end=\"674\">T-paita:<\/strong> 74\/80 cm<br data-start=\"683\" data-end=\"686\" \/><strong data-start=\"686\" data-end=\"700\">Potkupuku:<\/strong> 62\/68 cm<br data-start=\"709\" data-end=\"712\" \/><strong data-start=\"712\" data-end=\"721\">Pipo:<\/strong> One size<br data-start=\"730\" data-end=\"733\" \/><strong data-start=\"733\" data-end=\"744\">Peitto:<\/strong> 80 x 80 cm<\/p>","protected":false},"featured_media":18017,"template":"","meta":[],"product_brand":[],"product_cat":[108],"product_tag":[79,85],"class_list":{"0":"post-15075","1":"product","2":"type-product","3":"status-publish","4":"has-post-thumbnail","6":"product_cat-if-gnistan","7":"product_tag-kaikki","8":"product_tag-lasten-tuotteet","10":"first","11":"instock","12":"taxable","13":"shipping-taxable","14":"purchasable","15":"product-type-simple"},"yoast_head":"<!-- This site is optimized with the Yoast SEO Premium plugin v25.7.1 (Yoast SEO v27.5) - https:\/\/yoast.com\/product\/yoast-seo-premium-wordpress\/ -->\n<title>IF Gnistan, Baby Box - Fanmerch Finland<\/title>\n<meta name=\"description\" content=\"IF Gnistan, Baby Box \u2013 huolella suunniteltu kokonaisuus vauvan ensimm\u00e4isiin hetkiin. Paketti sis\u00e4lt\u00e4\u00e4 peiton, pipon, t-paidan sek\u00e4 potkupuvun.\" \/>\n<meta name=\"robots\" content=\"index, follow, max-snippet:-1, max-image-preview:large, max-video-preview:-1\" \/>\n<link rel=\"canonical\" href=\"https:\/\/fanmerch.fi\/en\/product\/if-gnistan-baby-box\/\" \/>\n<meta property=\"og:locale\" content=\"en_GB\" \/>\n<meta property=\"og:type\" content=\"article\" \/>\n<meta property=\"og:title\" content=\"IF Gnistan, Baby Box - Fanmerch Finland\" \/>\n<meta property=\"og:description\" content=\"IF Gnistan, Baby Box \u2013 huolella suunniteltu kokonaisuus vauvan ensimm\u00e4isiin hetkiin. Paketti sis\u00e4lt\u00e4\u00e4 peiton, pipon, t-paidan sek\u00e4 potkupuvun.\" \/>\n<meta property=\"og:url\" content=\"https:\/\/fanmerch.fi\/en\/product\/if-gnistan-baby-box\/\" \/>\n<meta property=\"og:site_name\" content=\"Fanmerch Finland\" \/>\n<meta property=\"article:publisher\" content=\"https:\/\/www.facebook.com\/fanmerchfinland\" \/>\n<meta property=\"article:modified_time\" content=\"2026-04-11T10:37:57+00:00\" \/>\n<meta property=\"og:image\" content=\"https:\/\/fanmerch.fi\/wp-content\/uploads\/2026\/03\/if-gnistan-babybox-img.webp\" \/>\n\t<meta property=\"og:image:width\" content=\"1695\" \/>\n\t<meta property=\"og:image:height\" content=\"2200\" \/>\n\t<meta property=\"og:image:type\" content=\"image\/webp\" \/>\n<meta name=\"twitter:card\" content=\"summary_large_image\" \/>\n<meta name=\"twitter:title\" content=\"IF Gnistan, Baby Box - Fanmerch Finland\" \/>\n<meta name=\"twitter:description\" content=\"IF Gnistan, Baby Box \u2013 huolella suunniteltu kokonaisuus vauvan ensimm\u00e4isiin hetkiin. Paketti sis\u00e4lt\u00e4\u00e4 peiton, pipon, t-paidan sek\u00e4 potkupuvun.\" \/>\n<meta name=\"twitter:site\" content=\"@fanmerchfinland\" \/>\n<meta name=\"twitter:label1\" content=\"Price\" \/>\n\t<meta name=\"twitter:data1\" content=\"40,00&nbsp;&euro;\" \/>\n\t<meta name=\"twitter:label2\" content=\"Availability\" \/>\n\t<meta name=\"twitter:data2\" content=\"In stock\" \/>\n<script type=\"application\/ld+json\" class=\"yoast-schema-graph\">{\"@context\":\"https:\\\/\\\/schema.org\",\"@graph\":[{\"@type\":\"WebPage\",\"@id\":\"https:\\\/\\\/fanmerch.fi\\\/product\\\/if-gnistan-baby-box\\\/\",\"url\":\"https:\\\/\\\/fanmerch.fi\\\/product\\\/if-gnistan-baby-box\\\/\",\"name\":\"IF Gnistan, Baby Box - Fanmerch Finland\",\"isPartOf\":{\"@id\":\"https:\\\/\\\/fanmerch.fi\\\/#website\"},\"primaryImageOfPage\":{\"@id\":\"https:\\\/\\\/fanmerch.fi\\\/product\\\/if-gnistan-baby-box\\\/#primaryimage\"},\"image\":{\"@id\":\"https:\\\/\\\/fanmerch.fi\\\/product\\\/if-gnistan-baby-box\\\/#primaryimage\"},\"thumbnailUrl\":\"https:\\\/\\\/fanmerch.fi\\\/wp-content\\\/uploads\\\/2026\\\/03\\\/if-gnistan-babybox-img.webp\",\"datePublished\":\"2026-03-11T10:24:05+00:00\",\"dateModified\":\"2026-04-11T10:37:57+00:00\",\"description\":\"IF Gnistan, Baby Box \u2013 huolella suunniteltu kokonaisuus vauvan ensimm\u00e4isiin hetkiin. Paketti sis\u00e4lt\u00e4\u00e4 peiton, pipon, t-paidan sek\u00e4 potkupuvun.\",\"breadcrumb\":{\"@id\":\"https:\\\/\\\/fanmerch.fi\\\/product\\\/if-gnistan-baby-box\\\/#breadcrumb\"},\"inLanguage\":\"en-GB\",\"potentialAction\":[{\"@type\":\"ReadAction\",\"target\":[\"https:\\\/\\\/fanmerch.fi\\\/product\\\/if-gnistan-baby-box\\\/\"]}]},{\"@type\":\"ImageObject\",\"inLanguage\":\"en-GB\",\"@id\":\"https:\\\/\\\/fanmerch.fi\\\/product\\\/if-gnistan-baby-box\\\/#primaryimage\",\"url\":\"https:\\\/\\\/fanmerch.fi\\\/wp-content\\\/uploads\\\/2026\\\/03\\\/if-gnistan-babybox-img.webp\",\"contentUrl\":\"https:\\\/\\\/fanmerch.fi\\\/wp-content\\\/uploads\\\/2026\\\/03\\\/if-gnistan-babybox-img.webp\",\"width\":1695,\"height\":2200},{\"@type\":\"BreadcrumbList\",\"@id\":\"https:\\\/\\\/fanmerch.fi\\\/product\\\/if-gnistan-baby-box\\\/#breadcrumb\",\"itemListElement\":[{\"@type\":\"ListItem\",\"position\":1,\"name\":\"Etusivu\",\"item\":\"https:\\\/\\\/fanmerch.fi\\\/\"},{\"@type\":\"ListItem\",\"position\":2,\"name\":\"Tuotteet\",\"item\":\"https:\\\/\\\/fanmerch.fi\\\/shop\\\/\"},{\"@type\":\"ListItem\",\"position\":3,\"name\":\"IF Gnistan, Baby Box\"}]},{\"@type\":\"WebSite\",\"@id\":\"https:\\\/\\\/fanmerch.fi\\\/#website\",\"url\":\"https:\\\/\\\/fanmerch.fi\\\/\",\"name\":\"Fanmerch Finland - Your source of merch\",\"description\":\"Your source of merchandise\",\"publisher\":{\"@id\":\"https:\\\/\\\/fanmerch.fi\\\/#organization\"},\"potentialAction\":[{\"@type\":\"SearchAction\",\"target\":{\"@type\":\"EntryPoint\",\"urlTemplate\":\"https:\\\/\\\/fanmerch.fi\\\/?s={search_term_string}\"},\"query-input\":{\"@type\":\"PropertyValueSpecification\",\"valueRequired\":true,\"valueName\":\"search_term_string\"}}],\"inLanguage\":\"en-GB\"},{\"@type\":\"Organization\",\"@id\":\"https:\\\/\\\/fanmerch.fi\\\/#organization\",\"name\":\"Fanmerch Finlan\",\"url\":\"https:\\\/\\\/fanmerch.fi\\\/\",\"logo\":{\"@type\":\"ImageObject\",\"inLanguage\":\"en-GB\",\"@id\":\"https:\\\/\\\/fanmerch.fi\\\/#\\\/schema\\\/logo\\\/image\\\/\",\"url\":\"https:\\\/\\\/fanmerch.fi\\\/wp-content\\\/uploads\\\/2025\\\/06\\\/cropped-fanmerch-finland-site-logo.png\",\"contentUrl\":\"https:\\\/\\\/fanmerch.fi\\\/wp-content\\\/uploads\\\/2025\\\/06\\\/cropped-fanmerch-finland-site-logo.png\",\"width\":622,\"height\":180,\"caption\":\"Fanmerch Finlan\"},\"image\":{\"@id\":\"https:\\\/\\\/fanmerch.fi\\\/#\\\/schema\\\/logo\\\/image\\\/\"},\"sameAs\":[\"https:\\\/\\\/www.facebook.com\\\/fanmerchfinland\",\"https:\\\/\\\/x.com\\\/fanmerchfinland\",\"https:\\\/\\\/www.youtube.com\\\/@fanmerchfinland\",\"https:\\\/\\\/www.instagram.com\\\/fanmerchfinland\"]}]}<\/script>\n<meta property=\"product:price:amount\" content=\"40.00\" \/>\n<meta property=\"product:price:currency\" content=\"EUR\" \/>\n<meta property=\"og:availability\" content=\"instock\" \/>\n<meta property=\"product:availability\" content=\"instock\" \/>\n<meta property=\"product:retailer_item_id\" content=\"IF Gnistan \/ Baby Box\" \/>\n<meta property=\"product:condition\" content=\"new\" \/>\n<!-- \/ Yoast SEO Premium plugin. -->","yoast_head_json":{"title":"IF Gnistan, Baby Box - Fanmerch Finland","description":"IF Gnistan, Baby Box \u2013 huolella suunniteltu kokonaisuus vauvan ensimm\u00e4isiin hetkiin. Paketti sis\u00e4lt\u00e4\u00e4 peiton, pipon, t-paidan sek\u00e4 potkupuvun.","robots":{"index":"index","follow":"follow","max-snippet":"max-snippet:-1","max-image-preview":"max-image-preview:large","max-video-preview":"max-video-preview:-1"},"canonical":"https:\/\/fanmerch.fi\/en\/product\/if-gnistan-baby-box\/","og_locale":"en_GB","og_type":"article","og_title":"IF Gnistan, Baby Box - Fanmerch Finland","og_description":"IF Gnistan, Baby Box \u2013 huolella suunniteltu kokonaisuus vauvan ensimm\u00e4isiin hetkiin. Paketti sis\u00e4lt\u00e4\u00e4 peiton, pipon, t-paidan sek\u00e4 potkupuvun.","og_url":"https:\/\/fanmerch.fi\/en\/product\/if-gnistan-baby-box\/","og_site_name":"Fanmerch Finland","article_publisher":"https:\/\/www.facebook.com\/fanmerchfinland","article_modified_time":"2026-04-11T10:37:57+00:00","og_image":[{"width":1695,"height":2200,"url":"https:\/\/fanmerch.fi\/wp-content\/uploads\/2026\/03\/if-gnistan-babybox-img.webp","type":"image\/webp"}],"twitter_card":"summary_large_image","twitter_title":"IF Gnistan, Baby Box - Fanmerch Finland","twitter_description":"IF Gnistan, Baby Box \u2013 huolella suunniteltu kokonaisuus vauvan ensimm\u00e4isiin hetkiin. Paketti sis\u00e4lt\u00e4\u00e4 peiton, pipon, t-paidan sek\u00e4 potkupuvun.","twitter_site":"@fanmerchfinland","twitter_misc":{"Price":"40,00&nbsp;&euro;","Availability":"In stock"},"schema":{"@context":"https:\/\/schema.org","@graph":[{"@type":"WebPage","@id":"https:\/\/fanmerch.fi\/product\/if-gnistan-baby-box\/","url":"https:\/\/fanmerch.fi\/product\/if-gnistan-baby-box\/","name":"IF Gnistan, Baby Box - Fanmerch Finland","isPartOf":{"@id":"https:\/\/fanmerch.fi\/#website"},"primaryImageOfPage":{"@id":"https:\/\/fanmerch.fi\/product\/if-gnistan-baby-box\/#primaryimage"},"image":{"@id":"https:\/\/fanmerch.fi\/product\/if-gnistan-baby-box\/#primaryimage"},"thumbnailUrl":"https:\/\/fanmerch.fi\/wp-content\/uploads\/2026\/03\/if-gnistan-babybox-img.webp","datePublished":"2026-03-11T10:24:05+00:00","dateModified":"2026-04-11T10:37:57+00:00","description":"IF Gnistan, Baby Box \u2013 huolella suunniteltu kokonaisuus vauvan ensimm\u00e4isiin hetkiin. Paketti sis\u00e4lt\u00e4\u00e4 peiton, pipon, t-paidan sek\u00e4 potkupuvun.","breadcrumb":{"@id":"https:\/\/fanmerch.fi\/product\/if-gnistan-baby-box\/#breadcrumb"},"inLanguage":"en-GB","potentialAction":[{"@type":"ReadAction","target":["https:\/\/fanmerch.fi\/product\/if-gnistan-baby-box\/"]}]},{"@type":"ImageObject","inLanguage":"en-GB","@id":"https:\/\/fanmerch.fi\/product\/if-gnistan-baby-box\/#primaryimage","url":"https:\/\/fanmerch.fi\/wp-content\/uploads\/2026\/03\/if-gnistan-babybox-img.webp","contentUrl":"https:\/\/fanmerch.fi\/wp-content\/uploads\/2026\/03\/if-gnistan-babybox-img.webp","width":1695,"height":2200},{"@type":"BreadcrumbList","@id":"https:\/\/fanmerch.fi\/product\/if-gnistan-baby-box\/#breadcrumb","itemListElement":[{"@type":"ListItem","position":1,"name":"Etusivu","item":"https:\/\/fanmerch.fi\/"},{"@type":"ListItem","position":2,"name":"Tuotteet","item":"https:\/\/fanmerch.fi\/shop\/"},{"@type":"ListItem","position":3,"name":"IF Gnistan, Baby Box"}]},{"@type":"WebSite","@id":"https:\/\/fanmerch.fi\/#website","url":"https:\/\/fanmerch.fi\/","name":"Fanmerch Finland - Your source of merch","description":"Your source of merchandise","publisher":{"@id":"https:\/\/fanmerch.fi\/#organization"},"potentialAction":[{"@type":"SearchAction","target":{"@type":"EntryPoint","urlTemplate":"https:\/\/fanmerch.fi\/?s={search_term_string}"},"query-input":{"@type":"PropertyValueSpecification","valueRequired":true,"valueName":"search_term_string"}}],"inLanguage":"en-GB"},{"@type":"Organization","@id":"https:\/\/fanmerch.fi\/#organization","name":"Fanmerch Finlan","url":"https:\/\/fanmerch.fi\/","logo":{"@type":"ImageObject","inLanguage":"en-GB","@id":"https:\/\/fanmerch.fi\/#\/schema\/logo\/image\/","url":"https:\/\/fanmerch.fi\/wp-content\/uploads\/2025\/06\/cropped-fanmerch-finland-site-logo.png","contentUrl":"https:\/\/fanmerch.fi\/wp-content\/uploads\/2025\/06\/cropped-fanmerch-finland-site-logo.png","width":622,"height":180,"caption":"Fanmerch Finlan"},"image":{"@id":"https:\/\/fanmerch.fi\/#\/schema\/logo\/image\/"},"sameAs":["https:\/\/www.facebook.com\/fanmerchfinland","https:\/\/x.com\/fanmerchfinland","https:\/\/www.youtube.com\/@fanmerchfinland","https:\/\/www.instagram.com\/fanmerchfinland"]}]},"product_price_amount":"40.00","product_price_currency":"EUR","og_availability":"instock","product_availability":"instock","product_retailer_item_id":"IF Gnistan \/ Baby Box","product_condition":"new"},"_links":{"self":[{"href":"https:\/\/fanmerch.fi\/en\/wp-json\/wp\/v2\/product\/15075","targetHints":{"allow":["GET"]}}],"collection":[{"href":"https:\/\/fanmerch.fi\/en\/wp-json\/wp\/v2\/product"}],"about":[{"href":"https:\/\/fanmerch.fi\/en\/wp-json\/wp\/v2\/types\/product"}],"wp:featuredmedia":[{"embeddable":true,"href":"https:\/\/fanmerch.fi\/en\/wp-json\/wp\/v2\/media\/18017"}],"wp:attachment":[{"href":"https:\/\/fanmerch.fi\/en\/wp-json\/wp\/v2\/media?parent=15075"}],"wp:term":[{"taxonomy":"product_brand","embeddable":true,"href":"https:\/\/fanmerch.fi\/en\/wp-json\/wp\/v2\/product_brand?post=15075"},{"taxonomy":"product_cat","embeddable":true,"href":"https:\/\/fanmerch.fi\/en\/wp-json\/wp\/v2\/product_cat?post=15075"},{"taxonomy":"product_tag","embeddable":true,"href":"https:\/\/fanmerch.fi\/en\/wp-json\/wp\/v2\/product_tag?post=15075"}],"curies":[{"name":"wp","href":"https:\/\/api.w.org\/{rel}","templated":true}]}}