{"id":17600,"date":"2026-04-08T11:30:51","date_gmt":"2026-04-08T09:30:51","guid":{"rendered":"https:\/\/fanmerch.fi\/?post_type=product&#038;p=17600"},"modified":"2026-04-08T20:35:45","modified_gmt":"2026-04-08T18:35:45","slug":"pakkalan-palloseura-punainen-reppu","status":"publish","type":"product","link":"https:\/\/fanmerch.fi\/en\/product\/pakkalan-palloseura-punainen-reppu\/","title":{"rendered":"Pakkalan Palloseura, Reppu"},"content":{"rendered":"","protected":false},"excerpt":{"rendered":"<p><strong>PRODUCT DETAILS<\/strong><\/p>\n<p data-start=\"81\" data-end=\"374\">Pakkalan Palloseura punainen reppu, jossa etupuolella logopainatus. Reppu yhdist\u00e4\u00e4 k\u00e4yt\u00e4nn\u00f6llisyyden ja tyylikk\u00e4\u00e4n ulkon\u00e4\u00f6n, ja se soveltuu erinomaisesti niin arkeen, kouluk\u00e4ytt\u00f6\u00f6n kuin treeneihin. T\u00e4ss\u00e4 repussa kulkevat k\u00e4tev\u00e4sti mukana ty\u00f6tarvikkeet, koulukirjat sek\u00e4 urheiluvaatteet ja -varusteet.<\/p>\n<p data-start=\"376\" data-end=\"730\">Reppu on valmistettu kest\u00e4v\u00e4st\u00e4 600D-polyesterist\u00e4, joka siet\u00e4\u00e4 hyvin p\u00e4ivitt\u00e4ist\u00e4 k\u00e4ytt\u00f6\u00e4 ja pit\u00e4\u00e4 muotonsa my\u00f6s aktiivisessa menossa. Pehmustettu selk\u00e4osa ja s\u00e4\u00e4dett\u00e4v\u00e4t olkahihnat lis\u00e4\u00e4v\u00e4t k\u00e4ytt\u00f6mukavuutta, ja vetoketjullinen etutasku tuo lis\u00e4\u00e4 k\u00e4yt\u00e4nn\u00f6llist\u00e4 s\u00e4ilytystilaa pienemmille tavaroille. Kantokahva helpottaa repun k\u00e4sittely\u00e4 ja siirt\u00e4mist\u00e4.<\/p>\n<p data-start=\"732\" data-end=\"818\">Laadukas materiaali on helppo pit\u00e4\u00e4 puhtaana ja s\u00e4ilytt\u00e4\u00e4 siistin ulkon\u00e4k\u00f6ns\u00e4 pitk\u00e4\u00e4n.<\/p>\n<p><strong data-start=\"820\" data-end=\"835\">Material:<\/strong> 100 % 600D-polyesteri<br data-start=\"857\" data-end=\"860\" \/><strong data-start=\"860\" data-end=\"875\">Manufacturer:<\/strong> Sol\u2019s<br data-start=\"881\" data-end=\"884\" \/><strong data-start=\"884\" data-end=\"894\">Model:<\/strong> Rider<br data-start=\"900\" data-end=\"903\" \/><strong data-start=\"903\" data-end=\"916\">Tilavuus:<\/strong> 18 L<br data-start=\"921\" data-end=\"924\" data-is-only-node=\"\" \/><strong data-start=\"924\" data-end=\"934\">Mitat:<\/strong> 31 x 42 x 21 cm<\/p>\n<p><strong>Care instructions<\/strong>:<br \/>\nTuotetta ei suositella pest\u00e4v\u00e4ksi pesukoneessa. Puhdista tarvittaessa kostealla liinalla. V\u00e4lt\u00e4 kuivausrummun k\u00e4ytt\u00f6\u00e4.<\/p>","protected":false},"featured_media":17605,"template":"","meta":[],"product_brand":[],"product_cat":[123],"product_tag":[305,79],"class_list":{"0":"post-17600","1":"product","2":"type-product","3":"status-publish","4":"has-post-thumbnail","6":"product_cat-pakkalan-palloseura","7":"product_tag-fanituotteet","8":"product_tag-kaikki","10":"first","11":"instock","12":"taxable","13":"shipping-taxable","14":"purchasable","15":"product-type-variable","16":"has-default-attributes"},"yoast_head":"<!-- This site is optimized with the Yoast SEO Premium plugin v25.7.1 (Yoast SEO v27.6) - https:\/\/yoast.com\/product\/yoast-seo-premium-wordpress\/ -->\n<title>Pakkalan Palloseura, Reppu - Fanmerch Finland<\/title>\n<meta name=\"description\" content=\"Pakkalan Palloseura musta reppu, jossa etupuolella \u201dRed &amp; White Crew\u201d -painatus. Reppu soveltuu erinomaisesti niin arkeen, kouluk\u00e4ytt\u00f6\u00f6n kuin treeneihin.\" \/>\n<meta name=\"robots\" content=\"index, follow, max-snippet:-1, max-image-preview:large, max-video-preview:-1\" \/>\n<link rel=\"canonical\" href=\"https:\/\/fanmerch.fi\/en\/product\/pakkalan-palloseura-punainen-reppu\/\" \/>\n<meta property=\"og:locale\" content=\"en_GB\" \/>\n<meta property=\"og:type\" content=\"article\" \/>\n<meta property=\"og:title\" content=\"Pakkalan Palloseura, Reppu - Fanmerch Finland\" \/>\n<meta property=\"og:description\" content=\"Pakkalan Palloseura musta reppu, jossa etupuolella \u201dRed &amp; White Crew\u201d -painatus. Reppu soveltuu erinomaisesti niin arkeen, kouluk\u00e4ytt\u00f6\u00f6n kuin treeneihin.\" \/>\n<meta property=\"og:url\" content=\"https:\/\/fanmerch.fi\/en\/product\/pakkalan-palloseura-punainen-reppu\/\" \/>\n<meta property=\"og:site_name\" content=\"Fanmerch Finland\" \/>\n<meta property=\"article:publisher\" content=\"https:\/\/www.facebook.com\/fanmerchfinland\" \/>\n<meta property=\"article:modified_time\" content=\"2026-04-08T18:35:45+00:00\" \/>\n<meta property=\"og:image\" content=\"https:\/\/fanmerch.fi\/wp-content\/uploads\/2026\/04\/pps-red-backpack-front.webp\" \/>\n\t<meta property=\"og:image:width\" content=\"1695\" \/>\n\t<meta property=\"og:image:height\" content=\"2200\" \/>\n\t<meta property=\"og:image:type\" content=\"image\/webp\" \/>\n<meta name=\"twitter:card\" content=\"summary_large_image\" \/>\n<meta name=\"twitter:description\" content=\"Pakkalan Palloseura, Reppu\" \/>\n<meta name=\"twitter:site\" content=\"@fanmerchfinland\" \/>\n<meta name=\"twitter:label1\" content=\"Availability\" \/>\n\t<meta name=\"twitter:data1\" content=\"In stock\" \/>\n<script type=\"application\/ld+json\" class=\"yoast-schema-graph\">{\"@context\":\"https:\\\/\\\/schema.org\",\"@graph\":[{\"@type\":\"WebPage\",\"@id\":\"https:\\\/\\\/fanmerch.fi\\\/product\\\/pakkalan-palloseura-punainen-reppu\\\/\",\"url\":\"https:\\\/\\\/fanmerch.fi\\\/product\\\/pakkalan-palloseura-punainen-reppu\\\/\",\"name\":\"Pakkalan Palloseura, Reppu - Fanmerch Finland\",\"isPartOf\":{\"@id\":\"https:\\\/\\\/fanmerch.fi\\\/#website\"},\"primaryImageOfPage\":{\"@id\":\"https:\\\/\\\/fanmerch.fi\\\/product\\\/pakkalan-palloseura-punainen-reppu\\\/#primaryimage\"},\"image\":{\"@id\":\"https:\\\/\\\/fanmerch.fi\\\/product\\\/pakkalan-palloseura-punainen-reppu\\\/#primaryimage\"},\"thumbnailUrl\":\"https:\\\/\\\/fanmerch.fi\\\/wp-content\\\/uploads\\\/2026\\\/04\\\/pps-red-backpack-front.webp\",\"datePublished\":\"2026-04-08T09:30:51+00:00\",\"dateModified\":\"2026-04-08T18:35:45+00:00\",\"description\":\"Pakkalan Palloseura musta reppu, jossa etupuolella \u201dRed & White Crew\u201d -painatus. Reppu soveltuu erinomaisesti niin arkeen, kouluk\u00e4ytt\u00f6\u00f6n kuin treeneihin.\",\"breadcrumb\":{\"@id\":\"https:\\\/\\\/fanmerch.fi\\\/product\\\/pakkalan-palloseura-punainen-reppu\\\/#breadcrumb\"},\"inLanguage\":\"en-GB\",\"potentialAction\":[{\"@type\":\"ReadAction\",\"target\":[\"https:\\\/\\\/fanmerch.fi\\\/product\\\/pakkalan-palloseura-punainen-reppu\\\/\"]}]},{\"@type\":\"ImageObject\",\"inLanguage\":\"en-GB\",\"@id\":\"https:\\\/\\\/fanmerch.fi\\\/product\\\/pakkalan-palloseura-punainen-reppu\\\/#primaryimage\",\"url\":\"https:\\\/\\\/fanmerch.fi\\\/wp-content\\\/uploads\\\/2026\\\/04\\\/pps-red-backpack-front.webp\",\"contentUrl\":\"https:\\\/\\\/fanmerch.fi\\\/wp-content\\\/uploads\\\/2026\\\/04\\\/pps-red-backpack-front.webp\",\"width\":1695,\"height\":2200},{\"@type\":\"BreadcrumbList\",\"@id\":\"https:\\\/\\\/fanmerch.fi\\\/product\\\/pakkalan-palloseura-punainen-reppu\\\/#breadcrumb\",\"itemListElement\":[{\"@type\":\"ListItem\",\"position\":1,\"name\":\"Etusivu\",\"item\":\"https:\\\/\\\/fanmerch.fi\\\/\"},{\"@type\":\"ListItem\",\"position\":2,\"name\":\"Tuotteet\",\"item\":\"https:\\\/\\\/fanmerch.fi\\\/shop\\\/\"},{\"@type\":\"ListItem\",\"position\":3,\"name\":\"Pakkalan Palloseura, Reppu\"}]},{\"@type\":\"WebSite\",\"@id\":\"https:\\\/\\\/fanmerch.fi\\\/#website\",\"url\":\"https:\\\/\\\/fanmerch.fi\\\/\",\"name\":\"Fanmerch Finland - Your source of merch\",\"description\":\"Your source of merchandise\",\"publisher\":{\"@id\":\"https:\\\/\\\/fanmerch.fi\\\/#organization\"},\"potentialAction\":[{\"@type\":\"SearchAction\",\"target\":{\"@type\":\"EntryPoint\",\"urlTemplate\":\"https:\\\/\\\/fanmerch.fi\\\/?s={search_term_string}\"},\"query-input\":{\"@type\":\"PropertyValueSpecification\",\"valueRequired\":true,\"valueName\":\"search_term_string\"}}],\"inLanguage\":\"en-GB\"},{\"@type\":\"Organization\",\"@id\":\"https:\\\/\\\/fanmerch.fi\\\/#organization\",\"name\":\"Fanmerch Finlan\",\"url\":\"https:\\\/\\\/fanmerch.fi\\\/\",\"logo\":{\"@type\":\"ImageObject\",\"inLanguage\":\"en-GB\",\"@id\":\"https:\\\/\\\/fanmerch.fi\\\/#\\\/schema\\\/logo\\\/image\\\/\",\"url\":\"https:\\\/\\\/fanmerch.fi\\\/wp-content\\\/uploads\\\/2025\\\/06\\\/cropped-fanmerch-finland-site-logo.png\",\"contentUrl\":\"https:\\\/\\\/fanmerch.fi\\\/wp-content\\\/uploads\\\/2025\\\/06\\\/cropped-fanmerch-finland-site-logo.png\",\"width\":622,\"height\":180,\"caption\":\"Fanmerch Finlan\"},\"image\":{\"@id\":\"https:\\\/\\\/fanmerch.fi\\\/#\\\/schema\\\/logo\\\/image\\\/\"},\"sameAs\":[\"https:\\\/\\\/www.facebook.com\\\/fanmerchfinland\",\"https:\\\/\\\/x.com\\\/fanmerchfinland\",\"https:\\\/\\\/www.youtube.com\\\/@fanmerchfinland\",\"https:\\\/\\\/www.instagram.com\\\/fanmerchfinland\"]}]}<\/script>\n<meta property=\"og:availability\" content=\"instock\" \/>\n<meta property=\"product:availability\" content=\"instock\" \/>\n<meta property=\"product:retailer_item_id\" content=\"Pakkalan Palloseura - Logo \/ Red \/ Backpack\" \/>\n<meta property=\"product:condition\" content=\"new\" \/>\n<!-- \/ Yoast SEO Premium plugin. -->","yoast_head_json":{"title":"Pakkalan Palloseura, Reppu - Fanmerch Finland","description":"Pakkalan Palloseura musta reppu, jossa etupuolella \u201dRed & White Crew\u201d -painatus. Reppu soveltuu erinomaisesti niin arkeen, kouluk\u00e4ytt\u00f6\u00f6n kuin treeneihin.","robots":{"index":"index","follow":"follow","max-snippet":"max-snippet:-1","max-image-preview":"max-image-preview:large","max-video-preview":"max-video-preview:-1"},"canonical":"https:\/\/fanmerch.fi\/en\/product\/pakkalan-palloseura-punainen-reppu\/","og_locale":"en_GB","og_type":"article","og_title":"Pakkalan Palloseura, Reppu - Fanmerch Finland","og_description":"Pakkalan Palloseura musta reppu, jossa etupuolella \u201dRed & White Crew\u201d -painatus. Reppu soveltuu erinomaisesti niin arkeen, kouluk\u00e4ytt\u00f6\u00f6n kuin treeneihin.","og_url":"https:\/\/fanmerch.fi\/en\/product\/pakkalan-palloseura-punainen-reppu\/","og_site_name":"Fanmerch Finland","article_publisher":"https:\/\/www.facebook.com\/fanmerchfinland","article_modified_time":"2026-04-08T18:35:45+00:00","og_image":[{"width":1695,"height":2200,"url":"https:\/\/fanmerch.fi\/wp-content\/uploads\/2026\/04\/pps-red-backpack-front.webp","type":"image\/webp"}],"twitter_card":"summary_large_image","twitter_description":"Pakkalan Palloseura, Reppu","twitter_site":"@fanmerchfinland","twitter_misc":{"Availability":"In stock"},"schema":{"@context":"https:\/\/schema.org","@graph":[{"@type":"WebPage","@id":"https:\/\/fanmerch.fi\/product\/pakkalan-palloseura-punainen-reppu\/","url":"https:\/\/fanmerch.fi\/product\/pakkalan-palloseura-punainen-reppu\/","name":"Pakkalan Palloseura, Reppu - Fanmerch Finland","isPartOf":{"@id":"https:\/\/fanmerch.fi\/#website"},"primaryImageOfPage":{"@id":"https:\/\/fanmerch.fi\/product\/pakkalan-palloseura-punainen-reppu\/#primaryimage"},"image":{"@id":"https:\/\/fanmerch.fi\/product\/pakkalan-palloseura-punainen-reppu\/#primaryimage"},"thumbnailUrl":"https:\/\/fanmerch.fi\/wp-content\/uploads\/2026\/04\/pps-red-backpack-front.webp","datePublished":"2026-04-08T09:30:51+00:00","dateModified":"2026-04-08T18:35:45+00:00","description":"Pakkalan Palloseura musta reppu, jossa etupuolella \u201dRed & White Crew\u201d -painatus. Reppu soveltuu erinomaisesti niin arkeen, kouluk\u00e4ytt\u00f6\u00f6n kuin treeneihin.","breadcrumb":{"@id":"https:\/\/fanmerch.fi\/product\/pakkalan-palloseura-punainen-reppu\/#breadcrumb"},"inLanguage":"en-GB","potentialAction":[{"@type":"ReadAction","target":["https:\/\/fanmerch.fi\/product\/pakkalan-palloseura-punainen-reppu\/"]}]},{"@type":"ImageObject","inLanguage":"en-GB","@id":"https:\/\/fanmerch.fi\/product\/pakkalan-palloseura-punainen-reppu\/#primaryimage","url":"https:\/\/fanmerch.fi\/wp-content\/uploads\/2026\/04\/pps-red-backpack-front.webp","contentUrl":"https:\/\/fanmerch.fi\/wp-content\/uploads\/2026\/04\/pps-red-backpack-front.webp","width":1695,"height":2200},{"@type":"BreadcrumbList","@id":"https:\/\/fanmerch.fi\/product\/pakkalan-palloseura-punainen-reppu\/#breadcrumb","itemListElement":[{"@type":"ListItem","position":1,"name":"Etusivu","item":"https:\/\/fanmerch.fi\/"},{"@type":"ListItem","position":2,"name":"Tuotteet","item":"https:\/\/fanmerch.fi\/shop\/"},{"@type":"ListItem","position":3,"name":"Pakkalan Palloseura, Reppu"}]},{"@type":"WebSite","@id":"https:\/\/fanmerch.fi\/#website","url":"https:\/\/fanmerch.fi\/","name":"Fanmerch Finland - Your source of merch","description":"Your source of merchandise","publisher":{"@id":"https:\/\/fanmerch.fi\/#organization"},"potentialAction":[{"@type":"SearchAction","target":{"@type":"EntryPoint","urlTemplate":"https:\/\/fanmerch.fi\/?s={search_term_string}"},"query-input":{"@type":"PropertyValueSpecification","valueRequired":true,"valueName":"search_term_string"}}],"inLanguage":"en-GB"},{"@type":"Organization","@id":"https:\/\/fanmerch.fi\/#organization","name":"Fanmerch Finlan","url":"https:\/\/fanmerch.fi\/","logo":{"@type":"ImageObject","inLanguage":"en-GB","@id":"https:\/\/fanmerch.fi\/#\/schema\/logo\/image\/","url":"https:\/\/fanmerch.fi\/wp-content\/uploads\/2025\/06\/cropped-fanmerch-finland-site-logo.png","contentUrl":"https:\/\/fanmerch.fi\/wp-content\/uploads\/2025\/06\/cropped-fanmerch-finland-site-logo.png","width":622,"height":180,"caption":"Fanmerch Finlan"},"image":{"@id":"https:\/\/fanmerch.fi\/#\/schema\/logo\/image\/"},"sameAs":["https:\/\/www.facebook.com\/fanmerchfinland","https:\/\/x.com\/fanmerchfinland","https:\/\/www.youtube.com\/@fanmerchfinland","https:\/\/www.instagram.com\/fanmerchfinland"]}]},"og_availability":"instock","product_availability":"instock","product_retailer_item_id":"Pakkalan Palloseura - Logo \/ Red \/ Backpack","product_condition":"new"},"_links":{"self":[{"href":"https:\/\/fanmerch.fi\/en\/wp-json\/wp\/v2\/product\/17600","targetHints":{"allow":["GET"]}}],"collection":[{"href":"https:\/\/fanmerch.fi\/en\/wp-json\/wp\/v2\/product"}],"about":[{"href":"https:\/\/fanmerch.fi\/en\/wp-json\/wp\/v2\/types\/product"}],"wp:featuredmedia":[{"embeddable":true,"href":"https:\/\/fanmerch.fi\/en\/wp-json\/wp\/v2\/media\/17605"}],"wp:attachment":[{"href":"https:\/\/fanmerch.fi\/en\/wp-json\/wp\/v2\/media?parent=17600"}],"wp:term":[{"taxonomy":"product_brand","embeddable":true,"href":"https:\/\/fanmerch.fi\/en\/wp-json\/wp\/v2\/product_brand?post=17600"},{"taxonomy":"product_cat","embeddable":true,"href":"https:\/\/fanmerch.fi\/en\/wp-json\/wp\/v2\/product_cat?post=17600"},{"taxonomy":"product_tag","embeddable":true,"href":"https:\/\/fanmerch.fi\/en\/wp-json\/wp\/v2\/product_tag?post=17600"}],"curies":[{"name":"wp","href":"https:\/\/api.w.org\/{rel}","templated":true}]}}