{"id":17721,"date":"2026-04-10T06:11:41","date_gmt":"2026-04-10T04:11:41","guid":{"rendered":"https:\/\/fanmerch.fi\/?post_type=product&#038;p=17721"},"modified":"2026-04-11T01:41:09","modified_gmt":"2026-04-10T23:41:09","slug":"iippadaa-thats-vitun-it-sandaalit","status":"publish","type":"product","link":"https:\/\/fanmerch.fi\/en\/product\/iippadaa-thats-vitun-it-sandaalit\/","title":{"rendered":"Iippadaa &#8211; Th\u00e4ts Vitun It, Sandaalit"},"content":{"rendered":"","protected":false},"excerpt":{"rendered":"<p><strong>PRODUCT DETAILS<\/strong><\/p>\n<p data-start=\"84\" data-end=\"421\">Iippadaa mustat sandaalit (slides), joissa p\u00e4\u00e4llisess\u00e4 \u201dTh\u00e4ts Vitun It\u201d -painatus. Sandaalit on valmistettu kest\u00e4v\u00e4st\u00e4 ja joustavasta PVC-materiaalista, joka tuntuu mukavalta jalassa ja kest\u00e4\u00e4 hyvin k\u00e4ytt\u00f6\u00e4 niin rannalla, pukukopissa kuin arjessakin. Kevyt rakenne ja pit\u00e4v\u00e4 pohja tekev\u00e4t sandaaleista k\u00e4yt\u00e4nn\u00f6llisen valinnan kes\u00e4\u00e4n ja vapaa-aikaan.<\/p>\n<p data-start=\"423\" data-end=\"626\">The print on the strap is made with high quality, ensuring the colors stay vibrant and the design looks clean even with regular use. Easy to slip on and comfortable to wear \u2013 a perfect choice for after training or relaxed everyday use.<\/p>\n<p><strong>Material:<\/strong> 100% PVC<br \/>\n<strong>Manufacturer:<\/strong> Fanmerch Finland<\/p>","protected":false},"featured_media":17957,"template":"","meta":[],"product_brand":[],"product_cat":[257],"product_tag":[305,79,306],"class_list":{"0":"post-17721","1":"product","2":"type-product","3":"status-publish","4":"has-post-thumbnail","6":"product_cat-iippadaa","7":"product_tag-fanituotteet","8":"product_tag-kaikki","9":"product_tag-uutuudet","11":"first","12":"instock","13":"taxable","14":"shipping-taxable","15":"purchasable","16":"product-type-variable","17":"has-default-attributes"},"yoast_head":"<!-- This site is optimized with the Yoast SEO Premium plugin v25.7.1 (Yoast SEO v27.6) - https:\/\/yoast.com\/product\/yoast-seo-premium-wordpress\/ -->\n<title>Iippadaa - Th\u00e4ts Vitun It, Sandaalit - Fanmerch Finland<\/title>\n<meta name=\"description\" content=\"Iippadaa - Th\u00e4ts Vitun It, Sandaalit on valmistettu kest\u00e4v\u00e4st\u00e4 ja joustavasta PVC-materiaalista, joka tuntuu mukavalta jalassa ja kest\u00e4\u00e4 hyvin k\u00e4ytt\u00f6\u00e4.\" \/>\n<meta name=\"robots\" content=\"index, follow, max-snippet:-1, max-image-preview:large, max-video-preview:-1\" \/>\n<link rel=\"canonical\" href=\"https:\/\/fanmerch.fi\/en\/product\/iippadaa-thats-vitun-it-sandaalit\/\" \/>\n<meta property=\"og:locale\" content=\"en_GB\" \/>\n<meta property=\"og:type\" content=\"article\" \/>\n<meta property=\"og:title\" content=\"Iippadaa - Th\u00e4ts Vitun It, Sandaalit - Fanmerch Finland\" \/>\n<meta property=\"og:description\" content=\"Iippadaa - Th\u00e4ts Vitun It, Sandaalit on valmistettu kest\u00e4v\u00e4st\u00e4 ja joustavasta PVC-materiaalista, joka tuntuu mukavalta jalassa ja kest\u00e4\u00e4 hyvin k\u00e4ytt\u00f6\u00e4.\" \/>\n<meta property=\"og:url\" content=\"https:\/\/fanmerch.fi\/en\/product\/iippadaa-thats-vitun-it-sandaalit\/\" \/>\n<meta property=\"og:site_name\" content=\"Fanmerch Finland\" \/>\n<meta property=\"article:publisher\" content=\"https:\/\/www.facebook.com\/fanmerchfinland\" \/>\n<meta property=\"article:modified_time\" content=\"2026-04-10T23:41:09+00:00\" \/>\n<meta property=\"og:image\" content=\"https:\/\/fanmerch.fi\/wp-content\/uploads\/2026\/04\/iippadaa-thats-vitun-it-sandaalit.webp\" \/>\n\t<meta property=\"og:image:width\" content=\"1000\" \/>\n\t<meta property=\"og:image:height\" content=\"1298\" \/>\n\t<meta property=\"og:image:type\" content=\"image\/webp\" \/>\n<meta name=\"twitter:card\" content=\"summary_large_image\" \/>\n<meta name=\"twitter:title\" content=\"Iippadaa - Th\u00e4ts Vitun It, Sandaalit - Fanmerch Finland\" \/>\n<meta name=\"twitter:description\" content=\"Iippadaa - Th\u00e4ts Vitun It, Sandaalit on valmistettu kest\u00e4v\u00e4st\u00e4 ja joustavasta PVC-materiaalista, joka tuntuu mukavalta jalassa ja kest\u00e4\u00e4 hyvin k\u00e4ytt\u00f6\u00e4.\" \/>\n<meta name=\"twitter:site\" content=\"@fanmerchfinland\" \/>\n<meta name=\"twitter:label1\" content=\"Availability\" \/>\n\t<meta name=\"twitter:data1\" content=\"In stock\" \/>\n<script type=\"application\/ld+json\" class=\"yoast-schema-graph\">{\"@context\":\"https:\\\/\\\/schema.org\",\"@graph\":[{\"@type\":\"WebPage\",\"@id\":\"https:\\\/\\\/fanmerch.fi\\\/product\\\/iippadaa-thats-vitun-it-sandaalit\\\/\",\"url\":\"https:\\\/\\\/fanmerch.fi\\\/product\\\/iippadaa-thats-vitun-it-sandaalit\\\/\",\"name\":\"Iippadaa - Th\u00e4ts Vitun It, Sandaalit - Fanmerch Finland\",\"isPartOf\":{\"@id\":\"https:\\\/\\\/fanmerch.fi\\\/#website\"},\"primaryImageOfPage\":{\"@id\":\"https:\\\/\\\/fanmerch.fi\\\/product\\\/iippadaa-thats-vitun-it-sandaalit\\\/#primaryimage\"},\"image\":{\"@id\":\"https:\\\/\\\/fanmerch.fi\\\/product\\\/iippadaa-thats-vitun-it-sandaalit\\\/#primaryimage\"},\"thumbnailUrl\":\"https:\\\/\\\/fanmerch.fi\\\/wp-content\\\/uploads\\\/2026\\\/04\\\/iippadaa-thats-vitun-it-sandaalit.webp\",\"datePublished\":\"2026-04-10T04:11:41+00:00\",\"dateModified\":\"2026-04-10T23:41:09+00:00\",\"description\":\"Iippadaa - Th\u00e4ts Vitun It, Sandaalit on valmistettu kest\u00e4v\u00e4st\u00e4 ja joustavasta PVC-materiaalista, joka tuntuu mukavalta jalassa ja kest\u00e4\u00e4 hyvin k\u00e4ytt\u00f6\u00e4.\",\"breadcrumb\":{\"@id\":\"https:\\\/\\\/fanmerch.fi\\\/product\\\/iippadaa-thats-vitun-it-sandaalit\\\/#breadcrumb\"},\"inLanguage\":\"en-GB\",\"potentialAction\":[{\"@type\":\"ReadAction\",\"target\":[\"https:\\\/\\\/fanmerch.fi\\\/product\\\/iippadaa-thats-vitun-it-sandaalit\\\/\"]}]},{\"@type\":\"ImageObject\",\"inLanguage\":\"en-GB\",\"@id\":\"https:\\\/\\\/fanmerch.fi\\\/product\\\/iippadaa-thats-vitun-it-sandaalit\\\/#primaryimage\",\"url\":\"https:\\\/\\\/fanmerch.fi\\\/wp-content\\\/uploads\\\/2026\\\/04\\\/iippadaa-thats-vitun-it-sandaalit.webp\",\"contentUrl\":\"https:\\\/\\\/fanmerch.fi\\\/wp-content\\\/uploads\\\/2026\\\/04\\\/iippadaa-thats-vitun-it-sandaalit.webp\",\"width\":1000,\"height\":1298},{\"@type\":\"BreadcrumbList\",\"@id\":\"https:\\\/\\\/fanmerch.fi\\\/product\\\/iippadaa-thats-vitun-it-sandaalit\\\/#breadcrumb\",\"itemListElement\":[{\"@type\":\"ListItem\",\"position\":1,\"name\":\"Etusivu\",\"item\":\"https:\\\/\\\/fanmerch.fi\\\/\"},{\"@type\":\"ListItem\",\"position\":2,\"name\":\"Tuotteet\",\"item\":\"https:\\\/\\\/fanmerch.fi\\\/shop\\\/\"},{\"@type\":\"ListItem\",\"position\":3,\"name\":\"Iippadaa &#8211; Th\u00e4ts Vitun It, Sandaalit\"}]},{\"@type\":\"WebSite\",\"@id\":\"https:\\\/\\\/fanmerch.fi\\\/#website\",\"url\":\"https:\\\/\\\/fanmerch.fi\\\/\",\"name\":\"Fanmerch Finland - Your source of merch\",\"description\":\"Your source of merchandise\",\"publisher\":{\"@id\":\"https:\\\/\\\/fanmerch.fi\\\/#organization\"},\"potentialAction\":[{\"@type\":\"SearchAction\",\"target\":{\"@type\":\"EntryPoint\",\"urlTemplate\":\"https:\\\/\\\/fanmerch.fi\\\/?s={search_term_string}\"},\"query-input\":{\"@type\":\"PropertyValueSpecification\",\"valueRequired\":true,\"valueName\":\"search_term_string\"}}],\"inLanguage\":\"en-GB\"},{\"@type\":\"Organization\",\"@id\":\"https:\\\/\\\/fanmerch.fi\\\/#organization\",\"name\":\"Fanmerch Finlan\",\"url\":\"https:\\\/\\\/fanmerch.fi\\\/\",\"logo\":{\"@type\":\"ImageObject\",\"inLanguage\":\"en-GB\",\"@id\":\"https:\\\/\\\/fanmerch.fi\\\/#\\\/schema\\\/logo\\\/image\\\/\",\"url\":\"https:\\\/\\\/fanmerch.fi\\\/wp-content\\\/uploads\\\/2025\\\/06\\\/cropped-fanmerch-finland-site-logo.png\",\"contentUrl\":\"https:\\\/\\\/fanmerch.fi\\\/wp-content\\\/uploads\\\/2025\\\/06\\\/cropped-fanmerch-finland-site-logo.png\",\"width\":622,\"height\":180,\"caption\":\"Fanmerch Finlan\"},\"image\":{\"@id\":\"https:\\\/\\\/fanmerch.fi\\\/#\\\/schema\\\/logo\\\/image\\\/\"},\"sameAs\":[\"https:\\\/\\\/www.facebook.com\\\/fanmerchfinland\",\"https:\\\/\\\/x.com\\\/fanmerchfinland\",\"https:\\\/\\\/www.youtube.com\\\/@fanmerchfinland\",\"https:\\\/\\\/www.instagram.com\\\/fanmerchfinland\"]}]}<\/script>\n<meta property=\"og:availability\" content=\"instock\" \/>\n<meta property=\"product:availability\" content=\"instock\" \/>\n<meta property=\"product:retailer_item_id\" content=\"Iippadaa \/ Sandaali \/ Black\" \/>\n<meta property=\"product:condition\" content=\"new\" \/>\n<!-- \/ Yoast SEO Premium plugin. -->","yoast_head_json":{"title":"Iippadaa - Th\u00e4ts Vitun It, Sandaalit - Fanmerch Finland","description":"Iippadaa - Th\u00e4ts Vitun It, Sandaalit on valmistettu kest\u00e4v\u00e4st\u00e4 ja joustavasta PVC-materiaalista, joka tuntuu mukavalta jalassa ja kest\u00e4\u00e4 hyvin k\u00e4ytt\u00f6\u00e4.","robots":{"index":"index","follow":"follow","max-snippet":"max-snippet:-1","max-image-preview":"max-image-preview:large","max-video-preview":"max-video-preview:-1"},"canonical":"https:\/\/fanmerch.fi\/en\/product\/iippadaa-thats-vitun-it-sandaalit\/","og_locale":"en_GB","og_type":"article","og_title":"Iippadaa - Th\u00e4ts Vitun It, Sandaalit - Fanmerch Finland","og_description":"Iippadaa - Th\u00e4ts Vitun It, Sandaalit on valmistettu kest\u00e4v\u00e4st\u00e4 ja joustavasta PVC-materiaalista, joka tuntuu mukavalta jalassa ja kest\u00e4\u00e4 hyvin k\u00e4ytt\u00f6\u00e4.","og_url":"https:\/\/fanmerch.fi\/en\/product\/iippadaa-thats-vitun-it-sandaalit\/","og_site_name":"Fanmerch Finland","article_publisher":"https:\/\/www.facebook.com\/fanmerchfinland","article_modified_time":"2026-04-10T23:41:09+00:00","og_image":[{"width":1000,"height":1298,"url":"https:\/\/fanmerch.fi\/wp-content\/uploads\/2026\/04\/iippadaa-thats-vitun-it-sandaalit.webp","type":"image\/webp"}],"twitter_card":"summary_large_image","twitter_title":"Iippadaa - Th\u00e4ts Vitun It, Sandaalit - Fanmerch Finland","twitter_description":"Iippadaa - Th\u00e4ts Vitun It, Sandaalit on valmistettu kest\u00e4v\u00e4st\u00e4 ja joustavasta PVC-materiaalista, joka tuntuu mukavalta jalassa ja kest\u00e4\u00e4 hyvin k\u00e4ytt\u00f6\u00e4.","twitter_site":"@fanmerchfinland","twitter_misc":{"Availability":"In stock"},"schema":{"@context":"https:\/\/schema.org","@graph":[{"@type":"WebPage","@id":"https:\/\/fanmerch.fi\/product\/iippadaa-thats-vitun-it-sandaalit\/","url":"https:\/\/fanmerch.fi\/product\/iippadaa-thats-vitun-it-sandaalit\/","name":"Iippadaa - Th\u00e4ts Vitun It, Sandaalit - Fanmerch Finland","isPartOf":{"@id":"https:\/\/fanmerch.fi\/#website"},"primaryImageOfPage":{"@id":"https:\/\/fanmerch.fi\/product\/iippadaa-thats-vitun-it-sandaalit\/#primaryimage"},"image":{"@id":"https:\/\/fanmerch.fi\/product\/iippadaa-thats-vitun-it-sandaalit\/#primaryimage"},"thumbnailUrl":"https:\/\/fanmerch.fi\/wp-content\/uploads\/2026\/04\/iippadaa-thats-vitun-it-sandaalit.webp","datePublished":"2026-04-10T04:11:41+00:00","dateModified":"2026-04-10T23:41:09+00:00","description":"Iippadaa - Th\u00e4ts Vitun It, Sandaalit on valmistettu kest\u00e4v\u00e4st\u00e4 ja joustavasta PVC-materiaalista, joka tuntuu mukavalta jalassa ja kest\u00e4\u00e4 hyvin k\u00e4ytt\u00f6\u00e4.","breadcrumb":{"@id":"https:\/\/fanmerch.fi\/product\/iippadaa-thats-vitun-it-sandaalit\/#breadcrumb"},"inLanguage":"en-GB","potentialAction":[{"@type":"ReadAction","target":["https:\/\/fanmerch.fi\/product\/iippadaa-thats-vitun-it-sandaalit\/"]}]},{"@type":"ImageObject","inLanguage":"en-GB","@id":"https:\/\/fanmerch.fi\/product\/iippadaa-thats-vitun-it-sandaalit\/#primaryimage","url":"https:\/\/fanmerch.fi\/wp-content\/uploads\/2026\/04\/iippadaa-thats-vitun-it-sandaalit.webp","contentUrl":"https:\/\/fanmerch.fi\/wp-content\/uploads\/2026\/04\/iippadaa-thats-vitun-it-sandaalit.webp","width":1000,"height":1298},{"@type":"BreadcrumbList","@id":"https:\/\/fanmerch.fi\/product\/iippadaa-thats-vitun-it-sandaalit\/#breadcrumb","itemListElement":[{"@type":"ListItem","position":1,"name":"Etusivu","item":"https:\/\/fanmerch.fi\/"},{"@type":"ListItem","position":2,"name":"Tuotteet","item":"https:\/\/fanmerch.fi\/shop\/"},{"@type":"ListItem","position":3,"name":"Iippadaa &#8211; Th\u00e4ts Vitun It, Sandaalit"}]},{"@type":"WebSite","@id":"https:\/\/fanmerch.fi\/#website","url":"https:\/\/fanmerch.fi\/","name":"Fanmerch Finland - Your source of merch","description":"Your source of merchandise","publisher":{"@id":"https:\/\/fanmerch.fi\/#organization"},"potentialAction":[{"@type":"SearchAction","target":{"@type":"EntryPoint","urlTemplate":"https:\/\/fanmerch.fi\/?s={search_term_string}"},"query-input":{"@type":"PropertyValueSpecification","valueRequired":true,"valueName":"search_term_string"}}],"inLanguage":"en-GB"},{"@type":"Organization","@id":"https:\/\/fanmerch.fi\/#organization","name":"Fanmerch Finlan","url":"https:\/\/fanmerch.fi\/","logo":{"@type":"ImageObject","inLanguage":"en-GB","@id":"https:\/\/fanmerch.fi\/#\/schema\/logo\/image\/","url":"https:\/\/fanmerch.fi\/wp-content\/uploads\/2025\/06\/cropped-fanmerch-finland-site-logo.png","contentUrl":"https:\/\/fanmerch.fi\/wp-content\/uploads\/2025\/06\/cropped-fanmerch-finland-site-logo.png","width":622,"height":180,"caption":"Fanmerch Finlan"},"image":{"@id":"https:\/\/fanmerch.fi\/#\/schema\/logo\/image\/"},"sameAs":["https:\/\/www.facebook.com\/fanmerchfinland","https:\/\/x.com\/fanmerchfinland","https:\/\/www.youtube.com\/@fanmerchfinland","https:\/\/www.instagram.com\/fanmerchfinland"]}]},"og_availability":"instock","product_availability":"instock","product_retailer_item_id":"Iippadaa \/ Sandaali \/ Black","product_condition":"new"},"_links":{"self":[{"href":"https:\/\/fanmerch.fi\/en\/wp-json\/wp\/v2\/product\/17721","targetHints":{"allow":["GET"]}}],"collection":[{"href":"https:\/\/fanmerch.fi\/en\/wp-json\/wp\/v2\/product"}],"about":[{"href":"https:\/\/fanmerch.fi\/en\/wp-json\/wp\/v2\/types\/product"}],"wp:featuredmedia":[{"embeddable":true,"href":"https:\/\/fanmerch.fi\/en\/wp-json\/wp\/v2\/media\/17957"}],"wp:attachment":[{"href":"https:\/\/fanmerch.fi\/en\/wp-json\/wp\/v2\/media?parent=17721"}],"wp:term":[{"taxonomy":"product_brand","embeddable":true,"href":"https:\/\/fanmerch.fi\/en\/wp-json\/wp\/v2\/product_brand?post=17721"},{"taxonomy":"product_cat","embeddable":true,"href":"https:\/\/fanmerch.fi\/en\/wp-json\/wp\/v2\/product_cat?post=17721"},{"taxonomy":"product_tag","embeddable":true,"href":"https:\/\/fanmerch.fi\/en\/wp-json\/wp\/v2\/product_tag?post=17721"}],"curies":[{"name":"wp","href":"https:\/\/api.w.org\/{rel}","templated":true}]}}