{"id":17971,"date":"2026-04-11T08:55:22","date_gmt":"2026-04-11T06:55:22","guid":{"rendered":"https:\/\/fanmerch.fi\/?post_type=product&#038;p=17971"},"modified":"2026-04-11T09:03:41","modified_gmt":"2026-04-11T07:03:41","slug":"iippadaa-puhutko-suomea-musta-kevytpipo","status":"publish","type":"product","link":"https:\/\/fanmerch.fi\/en\/product\/iippadaa-puhutko-suomea-musta-kevytpipo\/","title":{"rendered":"Iippadaa &#8211; Puhutko Suomea?, Kevytpipo"},"content":{"rendered":"","protected":false},"excerpt":{"rendered":"<p data-start=\"101\" data-end=\"475\">Iippadaa musta kevytpipo, jossa edess\u00e4 \u201dPuhutko Suomea?\u201d-painatus. Kevytpipo on valmistettu miellytt\u00e4v\u00e4st\u00e4 ja joustavasta materiaalista, joka istuu hyvin p\u00e4\u00e4h\u00e4n ja sopii erinomaisesti niin arkeen, ulkoiluun kuin aktiiviseen k\u00e4ytt\u00f6\u00f6n. Kaksinkertainen kangas tuo pipoon ryhti\u00e4 ja tekee siit\u00e4 miellytt\u00e4v\u00e4n k\u00e4ytt\u00e4\u00e4 viile\u00e4mm\u00e4ll\u00e4kin s\u00e4\u00e4ll\u00e4. Medium-mallinen pipo on p\u00e4\u00e4nmy\u00f6t\u00e4inen, ja sen pituus on 24 cm.<\/p>\n<p data-start=\"477\" data-end=\"758\"><strong data-start=\"477\" data-end=\"492\">Material:<\/strong> 95 % puuvilla, 5 % elastaani<br data-start=\"573\" data-end=\"576\" \/><strong data-start=\"576\" data-end=\"587\" data-is-only-node=\"\">Kangas:<\/strong> Kaksinkertainen neulos, 180\u2013190 g\/m\u00b2<br data-start=\"624\" data-end=\"627\" \/><strong data-start=\"627\" data-end=\"636\">Size:<\/strong> Leveys 27 cm, pituus 24 cm<br data-start=\"663\" data-end=\"666\" \/><strong data-start=\"666\" data-end=\"679\">Istuvuus:<\/strong> Sopii noin 56\u201359 cm p\u00e4\u00e4nymp\u00e4rykseen<\/p>\n<p data-start=\"760\" data-end=\"1057\"><strong data-start=\"760\" data-end=\"773\">Pesuohje:<\/strong><br data-start=\"773\" data-end=\"776\" \/>Pese tuote pesukoneessa 40 \u00b0C l\u00e4mp\u00f6tilassa. Parhaan lopputuloksen saavuttamiseksi suosittelemme pesem\u00e4\u00e4n pipon nurinp\u00e4in k\u00e4\u00e4nnettyn\u00e4, jotta painatus s\u00e4ilyy siistin\u00e4 ja kest\u00e4v\u00e4n\u00e4 mahdollisimman pitk\u00e4\u00e4n. Tuote kest\u00e4\u00e4 normaalin linkouksen, mutta kuivausrummun k\u00e4ytt\u00f6\u00e4 emme suosittele.<\/p>","protected":false},"featured_media":17932,"template":"","meta":[],"product_brand":[],"product_cat":[257],"product_tag":[79,84],"class_list":{"0":"post-17971","1":"product","2":"type-product","3":"status-publish","4":"has-post-thumbnail","6":"product_cat-iippadaa","7":"product_tag-kaikki","8":"product_tag-paahineet","10":"first","11":"instock","12":"taxable","13":"shipping-taxable","14":"purchasable","15":"product-type-variable","16":"has-default-attributes"},"yoast_head":"<!-- This site is optimized with the Yoast SEO Premium plugin v25.7.1 (Yoast SEO v27.6) - https:\/\/yoast.com\/product\/yoast-seo-premium-wordpress\/ -->\n<title>Iippadaa - Puhutko Suomea?, Kevytpipo - Fanmerch Finland<\/title>\n<meta name=\"description\" content=\"Kevytpipo on valmistettu miellytt\u00e4v\u00e4st\u00e4 ja joustavasta kankaasta, istuu hyvin p\u00e4\u00e4h\u00e4n ja sopii erinomaisesti arkeen, ulkoiluun kuin aktiiviseen k\u00e4ytt\u00f6\u00f6n.\" \/>\n<meta name=\"robots\" content=\"index, follow, max-snippet:-1, max-image-preview:large, max-video-preview:-1\" \/>\n<link rel=\"canonical\" href=\"https:\/\/fanmerch.fi\/en\/product\/iippadaa-puhutko-suomea-musta-kevytpipo\/\" \/>\n<meta property=\"og:locale\" content=\"en_GB\" \/>\n<meta property=\"og:type\" content=\"article\" \/>\n<meta property=\"og:title\" content=\"Iippadaa - Puhutko Suomea?, Kevytpipo - Fanmerch Finland\" \/>\n<meta property=\"og:description\" content=\"Kevytpipo on valmistettu miellytt\u00e4v\u00e4st\u00e4 ja joustavasta kankaasta, istuu hyvin p\u00e4\u00e4h\u00e4n ja sopii erinomaisesti arkeen, ulkoiluun kuin aktiiviseen k\u00e4ytt\u00f6\u00f6n.\" \/>\n<meta property=\"og:url\" content=\"https:\/\/fanmerch.fi\/en\/product\/iippadaa-puhutko-suomea-musta-kevytpipo\/\" \/>\n<meta property=\"og:site_name\" content=\"Fanmerch Finland\" \/>\n<meta property=\"article:publisher\" content=\"https:\/\/www.facebook.com\/fanmerchfinland\" \/>\n<meta property=\"article:modified_time\" content=\"2026-04-11T07:03:41+00:00\" \/>\n<meta property=\"og:image\" content=\"https:\/\/fanmerch.fi\/wp-content\/uploads\/2026\/04\/iippadaa-puhutko-suomea-light-beanie-black.webp\" \/>\n\t<meta property=\"og:image:width\" content=\"1695\" \/>\n\t<meta property=\"og:image:height\" content=\"2200\" \/>\n\t<meta property=\"og:image:type\" content=\"image\/webp\" \/>\n<meta name=\"twitter:card\" content=\"summary_large_image\" \/>\n<meta name=\"twitter:title\" content=\"Iippadaa - Puhutko Suomea?, Kevytpipo - Fanmerch Finland\" \/>\n<meta name=\"twitter:description\" content=\"Kevytpipo on valmistettu miellytt\u00e4v\u00e4st\u00e4 ja joustavasta kankaasta, istuu hyvin p\u00e4\u00e4h\u00e4n ja sopii erinomaisesti arkeen, ulkoiluun kuin aktiiviseen k\u00e4ytt\u00f6\u00f6n.\" \/>\n<meta name=\"twitter:site\" content=\"@fanmerchfinland\" \/>\n<meta name=\"twitter:label1\" content=\"Availability\" \/>\n\t<meta name=\"twitter:data1\" content=\"In stock\" \/>\n<script type=\"application\/ld+json\" class=\"yoast-schema-graph\">{\"@context\":\"https:\\\/\\\/schema.org\",\"@graph\":[{\"@type\":\"WebPage\",\"@id\":\"https:\\\/\\\/fanmerch.fi\\\/product\\\/iippadaa-puhutko-suomea-musta-kevytpipo\\\/\",\"url\":\"https:\\\/\\\/fanmerch.fi\\\/product\\\/iippadaa-puhutko-suomea-musta-kevytpipo\\\/\",\"name\":\"Iippadaa - Puhutko Suomea?, Kevytpipo - Fanmerch Finland\",\"isPartOf\":{\"@id\":\"https:\\\/\\\/fanmerch.fi\\\/#website\"},\"primaryImageOfPage\":{\"@id\":\"https:\\\/\\\/fanmerch.fi\\\/product\\\/iippadaa-puhutko-suomea-musta-kevytpipo\\\/#primaryimage\"},\"image\":{\"@id\":\"https:\\\/\\\/fanmerch.fi\\\/product\\\/iippadaa-puhutko-suomea-musta-kevytpipo\\\/#primaryimage\"},\"thumbnailUrl\":\"https:\\\/\\\/fanmerch.fi\\\/wp-content\\\/uploads\\\/2026\\\/04\\\/iippadaa-puhutko-suomea-light-beanie-black.webp\",\"datePublished\":\"2026-04-11T06:55:22+00:00\",\"dateModified\":\"2026-04-11T07:03:41+00:00\",\"description\":\"Kevytpipo on valmistettu miellytt\u00e4v\u00e4st\u00e4 ja joustavasta kankaasta, istuu hyvin p\u00e4\u00e4h\u00e4n ja sopii erinomaisesti arkeen, ulkoiluun kuin aktiiviseen k\u00e4ytt\u00f6\u00f6n.\",\"breadcrumb\":{\"@id\":\"https:\\\/\\\/fanmerch.fi\\\/product\\\/iippadaa-puhutko-suomea-musta-kevytpipo\\\/#breadcrumb\"},\"inLanguage\":\"en-GB\",\"potentialAction\":[{\"@type\":\"ReadAction\",\"target\":[\"https:\\\/\\\/fanmerch.fi\\\/product\\\/iippadaa-puhutko-suomea-musta-kevytpipo\\\/\"]}]},{\"@type\":\"ImageObject\",\"inLanguage\":\"en-GB\",\"@id\":\"https:\\\/\\\/fanmerch.fi\\\/product\\\/iippadaa-puhutko-suomea-musta-kevytpipo\\\/#primaryimage\",\"url\":\"https:\\\/\\\/fanmerch.fi\\\/wp-content\\\/uploads\\\/2026\\\/04\\\/iippadaa-puhutko-suomea-light-beanie-black.webp\",\"contentUrl\":\"https:\\\/\\\/fanmerch.fi\\\/wp-content\\\/uploads\\\/2026\\\/04\\\/iippadaa-puhutko-suomea-light-beanie-black.webp\",\"width\":1695,\"height\":2200},{\"@type\":\"BreadcrumbList\",\"@id\":\"https:\\\/\\\/fanmerch.fi\\\/product\\\/iippadaa-puhutko-suomea-musta-kevytpipo\\\/#breadcrumb\",\"itemListElement\":[{\"@type\":\"ListItem\",\"position\":1,\"name\":\"Etusivu\",\"item\":\"https:\\\/\\\/fanmerch.fi\\\/\"},{\"@type\":\"ListItem\",\"position\":2,\"name\":\"Tuotteet\",\"item\":\"https:\\\/\\\/fanmerch.fi\\\/shop\\\/\"},{\"@type\":\"ListItem\",\"position\":3,\"name\":\"Iippadaa &#8211; Puhutko Suomea?, Kevytpipo\"}]},{\"@type\":\"WebSite\",\"@id\":\"https:\\\/\\\/fanmerch.fi\\\/#website\",\"url\":\"https:\\\/\\\/fanmerch.fi\\\/\",\"name\":\"Fanmerch Finland - Your source of merch\",\"description\":\"Your source of merchandise\",\"publisher\":{\"@id\":\"https:\\\/\\\/fanmerch.fi\\\/#organization\"},\"potentialAction\":[{\"@type\":\"SearchAction\",\"target\":{\"@type\":\"EntryPoint\",\"urlTemplate\":\"https:\\\/\\\/fanmerch.fi\\\/?s={search_term_string}\"},\"query-input\":{\"@type\":\"PropertyValueSpecification\",\"valueRequired\":true,\"valueName\":\"search_term_string\"}}],\"inLanguage\":\"en-GB\"},{\"@type\":\"Organization\",\"@id\":\"https:\\\/\\\/fanmerch.fi\\\/#organization\",\"name\":\"Fanmerch Finlan\",\"url\":\"https:\\\/\\\/fanmerch.fi\\\/\",\"logo\":{\"@type\":\"ImageObject\",\"inLanguage\":\"en-GB\",\"@id\":\"https:\\\/\\\/fanmerch.fi\\\/#\\\/schema\\\/logo\\\/image\\\/\",\"url\":\"https:\\\/\\\/fanmerch.fi\\\/wp-content\\\/uploads\\\/2025\\\/06\\\/cropped-fanmerch-finland-site-logo.png\",\"contentUrl\":\"https:\\\/\\\/fanmerch.fi\\\/wp-content\\\/uploads\\\/2025\\\/06\\\/cropped-fanmerch-finland-site-logo.png\",\"width\":622,\"height\":180,\"caption\":\"Fanmerch Finlan\"},\"image\":{\"@id\":\"https:\\\/\\\/fanmerch.fi\\\/#\\\/schema\\\/logo\\\/image\\\/\"},\"sameAs\":[\"https:\\\/\\\/www.facebook.com\\\/fanmerchfinland\",\"https:\\\/\\\/x.com\\\/fanmerchfinland\",\"https:\\\/\\\/www.youtube.com\\\/@fanmerchfinland\",\"https:\\\/\\\/www.instagram.com\\\/fanmerchfinland\"]}]}<\/script>\n<meta property=\"og:availability\" content=\"instock\" \/>\n<meta property=\"product:availability\" content=\"instock\" \/>\n<meta property=\"product:retailer_item_id\" content=\"Iippadaa - Puhutko Suomea? \/ Kevytpipo \/ Black\" \/>\n<meta property=\"product:condition\" content=\"new\" \/>\n<!-- \/ Yoast SEO Premium plugin. -->","yoast_head_json":{"title":"Iippadaa - Puhutko Suomea?, Kevytpipo - Fanmerch Finland","description":"Kevytpipo on valmistettu miellytt\u00e4v\u00e4st\u00e4 ja joustavasta kankaasta, istuu hyvin p\u00e4\u00e4h\u00e4n ja sopii erinomaisesti arkeen, ulkoiluun kuin aktiiviseen k\u00e4ytt\u00f6\u00f6n.","robots":{"index":"index","follow":"follow","max-snippet":"max-snippet:-1","max-image-preview":"max-image-preview:large","max-video-preview":"max-video-preview:-1"},"canonical":"https:\/\/fanmerch.fi\/en\/product\/iippadaa-puhutko-suomea-musta-kevytpipo\/","og_locale":"en_GB","og_type":"article","og_title":"Iippadaa - Puhutko Suomea?, Kevytpipo - Fanmerch Finland","og_description":"Kevytpipo on valmistettu miellytt\u00e4v\u00e4st\u00e4 ja joustavasta kankaasta, istuu hyvin p\u00e4\u00e4h\u00e4n ja sopii erinomaisesti arkeen, ulkoiluun kuin aktiiviseen k\u00e4ytt\u00f6\u00f6n.","og_url":"https:\/\/fanmerch.fi\/en\/product\/iippadaa-puhutko-suomea-musta-kevytpipo\/","og_site_name":"Fanmerch Finland","article_publisher":"https:\/\/www.facebook.com\/fanmerchfinland","article_modified_time":"2026-04-11T07:03:41+00:00","og_image":[{"width":1695,"height":2200,"url":"https:\/\/fanmerch.fi\/wp-content\/uploads\/2026\/04\/iippadaa-puhutko-suomea-light-beanie-black.webp","type":"image\/webp"}],"twitter_card":"summary_large_image","twitter_title":"Iippadaa - Puhutko Suomea?, Kevytpipo - Fanmerch Finland","twitter_description":"Kevytpipo on valmistettu miellytt\u00e4v\u00e4st\u00e4 ja joustavasta kankaasta, istuu hyvin p\u00e4\u00e4h\u00e4n ja sopii erinomaisesti arkeen, ulkoiluun kuin aktiiviseen k\u00e4ytt\u00f6\u00f6n.","twitter_site":"@fanmerchfinland","twitter_misc":{"Availability":"In stock"},"schema":{"@context":"https:\/\/schema.org","@graph":[{"@type":"WebPage","@id":"https:\/\/fanmerch.fi\/product\/iippadaa-puhutko-suomea-musta-kevytpipo\/","url":"https:\/\/fanmerch.fi\/product\/iippadaa-puhutko-suomea-musta-kevytpipo\/","name":"Iippadaa - Puhutko Suomea?, Kevytpipo - Fanmerch Finland","isPartOf":{"@id":"https:\/\/fanmerch.fi\/#website"},"primaryImageOfPage":{"@id":"https:\/\/fanmerch.fi\/product\/iippadaa-puhutko-suomea-musta-kevytpipo\/#primaryimage"},"image":{"@id":"https:\/\/fanmerch.fi\/product\/iippadaa-puhutko-suomea-musta-kevytpipo\/#primaryimage"},"thumbnailUrl":"https:\/\/fanmerch.fi\/wp-content\/uploads\/2026\/04\/iippadaa-puhutko-suomea-light-beanie-black.webp","datePublished":"2026-04-11T06:55:22+00:00","dateModified":"2026-04-11T07:03:41+00:00","description":"Kevytpipo on valmistettu miellytt\u00e4v\u00e4st\u00e4 ja joustavasta kankaasta, istuu hyvin p\u00e4\u00e4h\u00e4n ja sopii erinomaisesti arkeen, ulkoiluun kuin aktiiviseen k\u00e4ytt\u00f6\u00f6n.","breadcrumb":{"@id":"https:\/\/fanmerch.fi\/product\/iippadaa-puhutko-suomea-musta-kevytpipo\/#breadcrumb"},"inLanguage":"en-GB","potentialAction":[{"@type":"ReadAction","target":["https:\/\/fanmerch.fi\/product\/iippadaa-puhutko-suomea-musta-kevytpipo\/"]}]},{"@type":"ImageObject","inLanguage":"en-GB","@id":"https:\/\/fanmerch.fi\/product\/iippadaa-puhutko-suomea-musta-kevytpipo\/#primaryimage","url":"https:\/\/fanmerch.fi\/wp-content\/uploads\/2026\/04\/iippadaa-puhutko-suomea-light-beanie-black.webp","contentUrl":"https:\/\/fanmerch.fi\/wp-content\/uploads\/2026\/04\/iippadaa-puhutko-suomea-light-beanie-black.webp","width":1695,"height":2200},{"@type":"BreadcrumbList","@id":"https:\/\/fanmerch.fi\/product\/iippadaa-puhutko-suomea-musta-kevytpipo\/#breadcrumb","itemListElement":[{"@type":"ListItem","position":1,"name":"Etusivu","item":"https:\/\/fanmerch.fi\/"},{"@type":"ListItem","position":2,"name":"Tuotteet","item":"https:\/\/fanmerch.fi\/shop\/"},{"@type":"ListItem","position":3,"name":"Iippadaa &#8211; Puhutko Suomea?, Kevytpipo"}]},{"@type":"WebSite","@id":"https:\/\/fanmerch.fi\/#website","url":"https:\/\/fanmerch.fi\/","name":"Fanmerch Finland - Your source of merch","description":"Your source of merchandise","publisher":{"@id":"https:\/\/fanmerch.fi\/#organization"},"potentialAction":[{"@type":"SearchAction","target":{"@type":"EntryPoint","urlTemplate":"https:\/\/fanmerch.fi\/?s={search_term_string}"},"query-input":{"@type":"PropertyValueSpecification","valueRequired":true,"valueName":"search_term_string"}}],"inLanguage":"en-GB"},{"@type":"Organization","@id":"https:\/\/fanmerch.fi\/#organization","name":"Fanmerch Finlan","url":"https:\/\/fanmerch.fi\/","logo":{"@type":"ImageObject","inLanguage":"en-GB","@id":"https:\/\/fanmerch.fi\/#\/schema\/logo\/image\/","url":"https:\/\/fanmerch.fi\/wp-content\/uploads\/2025\/06\/cropped-fanmerch-finland-site-logo.png","contentUrl":"https:\/\/fanmerch.fi\/wp-content\/uploads\/2025\/06\/cropped-fanmerch-finland-site-logo.png","width":622,"height":180,"caption":"Fanmerch Finlan"},"image":{"@id":"https:\/\/fanmerch.fi\/#\/schema\/logo\/image\/"},"sameAs":["https:\/\/www.facebook.com\/fanmerchfinland","https:\/\/x.com\/fanmerchfinland","https:\/\/www.youtube.com\/@fanmerchfinland","https:\/\/www.instagram.com\/fanmerchfinland"]}]},"og_availability":"instock","product_availability":"instock","product_retailer_item_id":"Iippadaa - Puhutko Suomea? \/ Kevytpipo \/ Black","product_condition":"new"},"_links":{"self":[{"href":"https:\/\/fanmerch.fi\/en\/wp-json\/wp\/v2\/product\/17971","targetHints":{"allow":["GET"]}}],"collection":[{"href":"https:\/\/fanmerch.fi\/en\/wp-json\/wp\/v2\/product"}],"about":[{"href":"https:\/\/fanmerch.fi\/en\/wp-json\/wp\/v2\/types\/product"}],"wp:featuredmedia":[{"embeddable":true,"href":"https:\/\/fanmerch.fi\/en\/wp-json\/wp\/v2\/media\/17932"}],"wp:attachment":[{"href":"https:\/\/fanmerch.fi\/en\/wp-json\/wp\/v2\/media?parent=17971"}],"wp:term":[{"taxonomy":"product_brand","embeddable":true,"href":"https:\/\/fanmerch.fi\/en\/wp-json\/wp\/v2\/product_brand?post=17971"},{"taxonomy":"product_cat","embeddable":true,"href":"https:\/\/fanmerch.fi\/en\/wp-json\/wp\/v2\/product_cat?post=17971"},{"taxonomy":"product_tag","embeddable":true,"href":"https:\/\/fanmerch.fi\/en\/wp-json\/wp\/v2\/product_tag?post=17971"}],"curies":[{"name":"wp","href":"https:\/\/api.w.org\/{rel}","templated":true}]}}