{"id":18000,"date":"2026-04-11T10:41:26","date_gmt":"2026-04-11T08:41:26","guid":{"rendered":"https:\/\/fanmerch.fi\/?post_type=product&#038;p=18000"},"modified":"2026-04-11T10:53:13","modified_gmt":"2026-04-11T08:53:13","slug":"if-gnistan-text-crest-navy-lasten-t-paita","status":"publish","type":"product","link":"https:\/\/fanmerch.fi\/en\/product\/if-gnistan-text-crest-navy-lasten-t-paita\/","title":{"rendered":"IF Gnistan &#8211; Text Crest, Lasten t-paita"},"content":{"rendered":"","protected":false},"excerpt":{"rendered":"<p><strong>PRODUCT DETAILS<\/strong><\/p>\n<p>IF Gnistan tummansininen lasten\u00a0 t-paita, jossa rinnassa \u201dText Crest\u201d -painatus. Paita on valmistettu 100 % pehme\u00e4st\u00e4 rengaskehr\u00e4tyst\u00e4 puuvillasta, joka kest\u00e4\u00e4 hyvin my\u00f6s aktiivista k\u00e4ytt\u00f6\u00e4. Kangas on esikutistettu, joten paita s\u00e4ilytt\u00e4\u00e4 muotonsa eik\u00e4 kutistu tai veny helposti ensimm\u00e4isiss\u00e4 pesuissa. Kun noudatat suositeltuja pesuohjeita, paita pysyy hyv\u00e4nn\u00e4k\u00f6isen\u00e4 ja laadukkaana pitk\u00e4\u00e4n.<\/p>\n<p><strong>Material:<\/strong> 100% ring-spun cotton<br \/>\n<strong>Manufacturer:<\/strong>\u00a0Sol\u2019s<br \/>\n<strong>Model:<\/strong>\u00a0Imperial<br \/>\n<strong>Weight:<\/strong>\u00a0190 g\/m\u00b2<\/p>\n<p><strong>Care instructions<\/strong>:<br \/>\nMachine wash at 40\u00b0C. For best results, we recommend washing the garment inside out to help maintain the print quality for longer. The product can be tumble dried on a normal setting, but we do not recommend using a tumble dryer to preserve its longevity.<\/p>","protected":false},"featured_media":18008,"template":"","meta":[],"product_brand":[],"product_cat":[108],"product_tag":[79,85],"class_list":{"0":"post-18000","1":"product","2":"type-product","3":"status-publish","4":"has-post-thumbnail","6":"product_cat-if-gnistan","7":"product_tag-kaikki","8":"product_tag-lasten-tuotteet","10":"first","11":"instock","12":"taxable","13":"shipping-taxable","14":"purchasable","15":"product-type-variable","16":"has-default-attributes"},"yoast_head":"<!-- This site is optimized with the Yoast SEO Premium plugin v25.7.1 (Yoast SEO v27.5) - https:\/\/yoast.com\/product\/yoast-seo-premium-wordpress\/ -->\n<title>IF Gnistan - Text Crest, Lasten t-paita - Fanmerch Finland<\/title>\n<meta name=\"description\" content=\"IF Gnistan - Text Crest, Lasten t-paita on valmistettu 100 % pehme\u00e4st\u00e4 rengaskehr\u00e4tyst\u00e4 puuvillasta, joka kest\u00e4\u00e4 hyvin my\u00f6s aktiivista k\u00e4ytt\u00f6\u00e4.\" \/>\n<meta name=\"robots\" content=\"index, follow, max-snippet:-1, max-image-preview:large, max-video-preview:-1\" \/>\n<link rel=\"canonical\" href=\"https:\/\/fanmerch.fi\/en\/product\/if-gnistan-text-crest-navy-lasten-t-paita\/\" \/>\n<meta property=\"og:locale\" content=\"en_GB\" \/>\n<meta property=\"og:type\" content=\"article\" \/>\n<meta property=\"og:title\" content=\"IF Gnistan - Text Crest, Lasten t-paita - Fanmerch Finland\" \/>\n<meta property=\"og:description\" content=\"IF Gnistan - Text Crest, Lasten t-paita on valmistettu 100 % pehme\u00e4st\u00e4 rengaskehr\u00e4tyst\u00e4 puuvillasta, joka kest\u00e4\u00e4 hyvin my\u00f6s aktiivista k\u00e4ytt\u00f6\u00e4.\" \/>\n<meta property=\"og:url\" content=\"https:\/\/fanmerch.fi\/en\/product\/if-gnistan-text-crest-navy-lasten-t-paita\/\" \/>\n<meta property=\"og:site_name\" content=\"Fanmerch Finland\" \/>\n<meta property=\"article:publisher\" content=\"https:\/\/www.facebook.com\/fanmerchfinland\" \/>\n<meta property=\"article:modified_time\" content=\"2026-04-11T08:53:13+00:00\" \/>\n<meta property=\"og:image\" content=\"https:\/\/fanmerch.fi\/wp-content\/uploads\/2026\/04\/if-gnistan-tetx-crest-kids-navy-tee.webp\" \/>\n\t<meta property=\"og:image:width\" content=\"1695\" \/>\n\t<meta property=\"og:image:height\" content=\"2200\" \/>\n\t<meta property=\"og:image:type\" content=\"image\/webp\" \/>\n<meta name=\"twitter:card\" content=\"summary_large_image\" \/>\n<meta name=\"twitter:title\" content=\"IF Gnistan - Text Crest, Lasten t-paita - Fanmerch Finland\" \/>\n<meta name=\"twitter:description\" content=\"IF Gnistan - Text Crest, Lasten t-paita on valmistettu 100 % pehme\u00e4st\u00e4 rengaskehr\u00e4tyst\u00e4 puuvillasta, joka kest\u00e4\u00e4 hyvin my\u00f6s aktiivista k\u00e4ytt\u00f6\u00e4.\" \/>\n<meta name=\"twitter:site\" content=\"@fanmerchfinland\" \/>\n<meta name=\"twitter:label1\" content=\"Availability\" \/>\n\t<meta name=\"twitter:data1\" content=\"In stock\" \/>\n<script type=\"application\/ld+json\" class=\"yoast-schema-graph\">{\"@context\":\"https:\\\/\\\/schema.org\",\"@graph\":[{\"@type\":\"WebPage\",\"@id\":\"https:\\\/\\\/fanmerch.fi\\\/product\\\/if-gnistan-text-crest-navy-lasten-t-paita\\\/\",\"url\":\"https:\\\/\\\/fanmerch.fi\\\/product\\\/if-gnistan-text-crest-navy-lasten-t-paita\\\/\",\"name\":\"IF Gnistan - Text Crest, Lasten t-paita - Fanmerch Finland\",\"isPartOf\":{\"@id\":\"https:\\\/\\\/fanmerch.fi\\\/#website\"},\"primaryImageOfPage\":{\"@id\":\"https:\\\/\\\/fanmerch.fi\\\/product\\\/if-gnistan-text-crest-navy-lasten-t-paita\\\/#primaryimage\"},\"image\":{\"@id\":\"https:\\\/\\\/fanmerch.fi\\\/product\\\/if-gnistan-text-crest-navy-lasten-t-paita\\\/#primaryimage\"},\"thumbnailUrl\":\"https:\\\/\\\/fanmerch.fi\\\/wp-content\\\/uploads\\\/2026\\\/04\\\/if-gnistan-tetx-crest-kids-navy-tee.webp\",\"datePublished\":\"2026-04-11T08:41:26+00:00\",\"dateModified\":\"2026-04-11T08:53:13+00:00\",\"description\":\"IF Gnistan - Text Crest, Lasten t-paita on valmistettu 100 % pehme\u00e4st\u00e4 rengaskehr\u00e4tyst\u00e4 puuvillasta, joka kest\u00e4\u00e4 hyvin my\u00f6s aktiivista k\u00e4ytt\u00f6\u00e4.\",\"breadcrumb\":{\"@id\":\"https:\\\/\\\/fanmerch.fi\\\/product\\\/if-gnistan-text-crest-navy-lasten-t-paita\\\/#breadcrumb\"},\"inLanguage\":\"en-GB\",\"potentialAction\":[{\"@type\":\"ReadAction\",\"target\":[\"https:\\\/\\\/fanmerch.fi\\\/product\\\/if-gnistan-text-crest-navy-lasten-t-paita\\\/\"]}]},{\"@type\":\"ImageObject\",\"inLanguage\":\"en-GB\",\"@id\":\"https:\\\/\\\/fanmerch.fi\\\/product\\\/if-gnistan-text-crest-navy-lasten-t-paita\\\/#primaryimage\",\"url\":\"https:\\\/\\\/fanmerch.fi\\\/wp-content\\\/uploads\\\/2026\\\/04\\\/if-gnistan-tetx-crest-kids-navy-tee.webp\",\"contentUrl\":\"https:\\\/\\\/fanmerch.fi\\\/wp-content\\\/uploads\\\/2026\\\/04\\\/if-gnistan-tetx-crest-kids-navy-tee.webp\",\"width\":1695,\"height\":2200},{\"@type\":\"BreadcrumbList\",\"@id\":\"https:\\\/\\\/fanmerch.fi\\\/product\\\/if-gnistan-text-crest-navy-lasten-t-paita\\\/#breadcrumb\",\"itemListElement\":[{\"@type\":\"ListItem\",\"position\":1,\"name\":\"Etusivu\",\"item\":\"https:\\\/\\\/fanmerch.fi\\\/\"},{\"@type\":\"ListItem\",\"position\":2,\"name\":\"Tuotteet\",\"item\":\"https:\\\/\\\/fanmerch.fi\\\/shop\\\/\"},{\"@type\":\"ListItem\",\"position\":3,\"name\":\"IF Gnistan &#8211; Text Crest, Lasten t-paita\"}]},{\"@type\":\"WebSite\",\"@id\":\"https:\\\/\\\/fanmerch.fi\\\/#website\",\"url\":\"https:\\\/\\\/fanmerch.fi\\\/\",\"name\":\"Fanmerch Finland - Your source of merch\",\"description\":\"Your source of merchandise\",\"publisher\":{\"@id\":\"https:\\\/\\\/fanmerch.fi\\\/#organization\"},\"potentialAction\":[{\"@type\":\"SearchAction\",\"target\":{\"@type\":\"EntryPoint\",\"urlTemplate\":\"https:\\\/\\\/fanmerch.fi\\\/?s={search_term_string}\"},\"query-input\":{\"@type\":\"PropertyValueSpecification\",\"valueRequired\":true,\"valueName\":\"search_term_string\"}}],\"inLanguage\":\"en-GB\"},{\"@type\":\"Organization\",\"@id\":\"https:\\\/\\\/fanmerch.fi\\\/#organization\",\"name\":\"Fanmerch Finlan\",\"url\":\"https:\\\/\\\/fanmerch.fi\\\/\",\"logo\":{\"@type\":\"ImageObject\",\"inLanguage\":\"en-GB\",\"@id\":\"https:\\\/\\\/fanmerch.fi\\\/#\\\/schema\\\/logo\\\/image\\\/\",\"url\":\"https:\\\/\\\/fanmerch.fi\\\/wp-content\\\/uploads\\\/2025\\\/06\\\/cropped-fanmerch-finland-site-logo.png\",\"contentUrl\":\"https:\\\/\\\/fanmerch.fi\\\/wp-content\\\/uploads\\\/2025\\\/06\\\/cropped-fanmerch-finland-site-logo.png\",\"width\":622,\"height\":180,\"caption\":\"Fanmerch Finlan\"},\"image\":{\"@id\":\"https:\\\/\\\/fanmerch.fi\\\/#\\\/schema\\\/logo\\\/image\\\/\"},\"sameAs\":[\"https:\\\/\\\/www.facebook.com\\\/fanmerchfinland\",\"https:\\\/\\\/x.com\\\/fanmerchfinland\",\"https:\\\/\\\/www.youtube.com\\\/@fanmerchfinland\",\"https:\\\/\\\/www.instagram.com\\\/fanmerchfinland\"]}]}<\/script>\n<meta property=\"og:availability\" content=\"instock\" \/>\n<meta property=\"product:availability\" content=\"instock\" \/>\n<meta property=\"product:retailer_item_id\" content=\"IF Gnistan - Text Crest \/ Navy \/ Kids T-shirt\" \/>\n<meta property=\"product:condition\" content=\"new\" \/>\n<!-- \/ Yoast SEO Premium plugin. -->","yoast_head_json":{"title":"IF Gnistan - Text Crest, Lasten t-paita - Fanmerch Finland","description":"IF Gnistan - Text Crest, Lasten t-paita on valmistettu 100 % pehme\u00e4st\u00e4 rengaskehr\u00e4tyst\u00e4 puuvillasta, joka kest\u00e4\u00e4 hyvin my\u00f6s aktiivista k\u00e4ytt\u00f6\u00e4.","robots":{"index":"index","follow":"follow","max-snippet":"max-snippet:-1","max-image-preview":"max-image-preview:large","max-video-preview":"max-video-preview:-1"},"canonical":"https:\/\/fanmerch.fi\/en\/product\/if-gnistan-text-crest-navy-lasten-t-paita\/","og_locale":"en_GB","og_type":"article","og_title":"IF Gnistan - Text Crest, Lasten t-paita - Fanmerch Finland","og_description":"IF Gnistan - Text Crest, Lasten t-paita on valmistettu 100 % pehme\u00e4st\u00e4 rengaskehr\u00e4tyst\u00e4 puuvillasta, joka kest\u00e4\u00e4 hyvin my\u00f6s aktiivista k\u00e4ytt\u00f6\u00e4.","og_url":"https:\/\/fanmerch.fi\/en\/product\/if-gnistan-text-crest-navy-lasten-t-paita\/","og_site_name":"Fanmerch Finland","article_publisher":"https:\/\/www.facebook.com\/fanmerchfinland","article_modified_time":"2026-04-11T08:53:13+00:00","og_image":[{"width":1695,"height":2200,"url":"https:\/\/fanmerch.fi\/wp-content\/uploads\/2026\/04\/if-gnistan-tetx-crest-kids-navy-tee.webp","type":"image\/webp"}],"twitter_card":"summary_large_image","twitter_title":"IF Gnistan - Text Crest, Lasten t-paita - Fanmerch Finland","twitter_description":"IF Gnistan - Text Crest, Lasten t-paita on valmistettu 100 % pehme\u00e4st\u00e4 rengaskehr\u00e4tyst\u00e4 puuvillasta, joka kest\u00e4\u00e4 hyvin my\u00f6s aktiivista k\u00e4ytt\u00f6\u00e4.","twitter_site":"@fanmerchfinland","twitter_misc":{"Availability":"In stock"},"schema":{"@context":"https:\/\/schema.org","@graph":[{"@type":"WebPage","@id":"https:\/\/fanmerch.fi\/product\/if-gnistan-text-crest-navy-lasten-t-paita\/","url":"https:\/\/fanmerch.fi\/product\/if-gnistan-text-crest-navy-lasten-t-paita\/","name":"IF Gnistan - Text Crest, Lasten t-paita - Fanmerch Finland","isPartOf":{"@id":"https:\/\/fanmerch.fi\/#website"},"primaryImageOfPage":{"@id":"https:\/\/fanmerch.fi\/product\/if-gnistan-text-crest-navy-lasten-t-paita\/#primaryimage"},"image":{"@id":"https:\/\/fanmerch.fi\/product\/if-gnistan-text-crest-navy-lasten-t-paita\/#primaryimage"},"thumbnailUrl":"https:\/\/fanmerch.fi\/wp-content\/uploads\/2026\/04\/if-gnistan-tetx-crest-kids-navy-tee.webp","datePublished":"2026-04-11T08:41:26+00:00","dateModified":"2026-04-11T08:53:13+00:00","description":"IF Gnistan - Text Crest, Lasten t-paita on valmistettu 100 % pehme\u00e4st\u00e4 rengaskehr\u00e4tyst\u00e4 puuvillasta, joka kest\u00e4\u00e4 hyvin my\u00f6s aktiivista k\u00e4ytt\u00f6\u00e4.","breadcrumb":{"@id":"https:\/\/fanmerch.fi\/product\/if-gnistan-text-crest-navy-lasten-t-paita\/#breadcrumb"},"inLanguage":"en-GB","potentialAction":[{"@type":"ReadAction","target":["https:\/\/fanmerch.fi\/product\/if-gnistan-text-crest-navy-lasten-t-paita\/"]}]},{"@type":"ImageObject","inLanguage":"en-GB","@id":"https:\/\/fanmerch.fi\/product\/if-gnistan-text-crest-navy-lasten-t-paita\/#primaryimage","url":"https:\/\/fanmerch.fi\/wp-content\/uploads\/2026\/04\/if-gnistan-tetx-crest-kids-navy-tee.webp","contentUrl":"https:\/\/fanmerch.fi\/wp-content\/uploads\/2026\/04\/if-gnistan-tetx-crest-kids-navy-tee.webp","width":1695,"height":2200},{"@type":"BreadcrumbList","@id":"https:\/\/fanmerch.fi\/product\/if-gnistan-text-crest-navy-lasten-t-paita\/#breadcrumb","itemListElement":[{"@type":"ListItem","position":1,"name":"Etusivu","item":"https:\/\/fanmerch.fi\/"},{"@type":"ListItem","position":2,"name":"Tuotteet","item":"https:\/\/fanmerch.fi\/shop\/"},{"@type":"ListItem","position":3,"name":"IF Gnistan &#8211; Text Crest, Lasten t-paita"}]},{"@type":"WebSite","@id":"https:\/\/fanmerch.fi\/#website","url":"https:\/\/fanmerch.fi\/","name":"Fanmerch Finland - Your source of merch","description":"Your source of merchandise","publisher":{"@id":"https:\/\/fanmerch.fi\/#organization"},"potentialAction":[{"@type":"SearchAction","target":{"@type":"EntryPoint","urlTemplate":"https:\/\/fanmerch.fi\/?s={search_term_string}"},"query-input":{"@type":"PropertyValueSpecification","valueRequired":true,"valueName":"search_term_string"}}],"inLanguage":"en-GB"},{"@type":"Organization","@id":"https:\/\/fanmerch.fi\/#organization","name":"Fanmerch Finlan","url":"https:\/\/fanmerch.fi\/","logo":{"@type":"ImageObject","inLanguage":"en-GB","@id":"https:\/\/fanmerch.fi\/#\/schema\/logo\/image\/","url":"https:\/\/fanmerch.fi\/wp-content\/uploads\/2025\/06\/cropped-fanmerch-finland-site-logo.png","contentUrl":"https:\/\/fanmerch.fi\/wp-content\/uploads\/2025\/06\/cropped-fanmerch-finland-site-logo.png","width":622,"height":180,"caption":"Fanmerch Finlan"},"image":{"@id":"https:\/\/fanmerch.fi\/#\/schema\/logo\/image\/"},"sameAs":["https:\/\/www.facebook.com\/fanmerchfinland","https:\/\/x.com\/fanmerchfinland","https:\/\/www.youtube.com\/@fanmerchfinland","https:\/\/www.instagram.com\/fanmerchfinland"]}]},"og_availability":"instock","product_availability":"instock","product_retailer_item_id":"IF Gnistan - Text Crest \/ Navy \/ Kids T-shirt","product_condition":"new"},"_links":{"self":[{"href":"https:\/\/fanmerch.fi\/en\/wp-json\/wp\/v2\/product\/18000","targetHints":{"allow":["GET"]}}],"collection":[{"href":"https:\/\/fanmerch.fi\/en\/wp-json\/wp\/v2\/product"}],"about":[{"href":"https:\/\/fanmerch.fi\/en\/wp-json\/wp\/v2\/types\/product"}],"wp:featuredmedia":[{"embeddable":true,"href":"https:\/\/fanmerch.fi\/en\/wp-json\/wp\/v2\/media\/18008"}],"wp:attachment":[{"href":"https:\/\/fanmerch.fi\/en\/wp-json\/wp\/v2\/media?parent=18000"}],"wp:term":[{"taxonomy":"product_brand","embeddable":true,"href":"https:\/\/fanmerch.fi\/en\/wp-json\/wp\/v2\/product_brand?post=18000"},{"taxonomy":"product_cat","embeddable":true,"href":"https:\/\/fanmerch.fi\/en\/wp-json\/wp\/v2\/product_cat?post=18000"},{"taxonomy":"product_tag","embeddable":true,"href":"https:\/\/fanmerch.fi\/en\/wp-json\/wp\/v2\/product_tag?post=18000"}],"curies":[{"name":"wp","href":"https:\/\/api.w.org\/{rel}","templated":true}]}}