{"id":18063,"date":"2026-04-11T20:38:46","date_gmt":"2026-04-11T18:38:46","guid":{"rendered":"https:\/\/fanmerch.fi\/?post_type=product&#038;p=18063"},"modified":"2026-05-11T18:51:56","modified_gmt":"2026-05-11T15:51:56","slug":"if-gnistan-windrunner-tuulitakki","status":"publish","type":"product","link":"https:\/\/fanmerch.fi\/en\/product\/if-gnistan-windrunner-tuulitakki\/","title":{"rendered":"IF Gnistan Windrunner, Tuulitakki"},"content":{"rendered":"","protected":false},"excerpt":{"rendered":"<p data-start=\"33\" data-end=\"48\"><strong data-start=\"33\" data-end=\"48\">PRODUCT DETAILS<\/strong><\/p>\n<p data-start=\"50\" data-end=\"292\">Tummansininen IF Gnistan Windrunner tuulitakki suojaa tuulelta ja kevyelt\u00e4 sateelta, mutta s\u00e4ilytt\u00e4\u00e4 hengitt\u00e4vyyden kevyen rakenteen ja mesh-vuorin ansiosta. Erinomainen valinta arkeen, katsomoon ja vaihteleviin s\u00e4\u00e4olosuhteisiin. Rinnassa logopainatus.<\/p>\n<p data-start=\"294\" data-end=\"435\">Takissa on huppu, vetoketjulliset sivutaskut sek\u00e4 joustavat resorit hihansuissa ja helmassa, jotka parantavat istuvuutta ja k\u00e4ytt\u00f6mukavuutta.<\/p>\n<p data-start=\"437\" data-end=\"544\"><strong data-start=\"437\" data-end=\"454\">P\u00e4\u00e4llikangas:<\/strong> 100 % polyamidi, 230T nylon, 75 g\/m\u00b2<br data-start=\"491\" data-end=\"494\" \/><strong data-start=\"494\" data-end=\"509\">Sis\u00e4kangas:<\/strong> 100 % polyesteri, mesh, 130 g\/m\u00b2<\/p>\n<p data-start=\"546\" data-end=\"780\" data-is-last-node=\"\" data-is-only-node=\"\"><strong data-start=\"546\" data-end=\"561\">Hoito-ohje:<\/strong><br data-start=\"561\" data-end=\"564\" \/>Pese tuote pesukoneessa 40 \u00b0C l\u00e4mp\u00f6tilassa. Parhaan lopputuloksen saavuttamiseksi suosittelemme pesem\u00e4\u00e4n vaatteen nurinp\u00e4in k\u00e4\u00e4nnettyn\u00e4. Tuote kest\u00e4\u00e4 normaalin linkouksen, mutta kuivausrummun k\u00e4ytt\u00f6\u00e4 emme suosittele.<\/p>","protected":false},"featured_media":18065,"template":"","meta":[],"product_brand":[],"product_cat":[108],"product_tag":[79,304],"class_list":{"0":"post-18063","1":"product","2":"type-product","3":"status-publish","4":"has-post-thumbnail","6":"product_cat-if-gnistan","7":"product_tag-kaikki","8":"product_tag-vaatteet","10":"first","11":"instock","12":"taxable","13":"shipping-taxable","14":"purchasable","15":"product-type-variable","16":"has-default-attributes"},"yoast_head":"<!-- This site is optimized with the Yoast SEO Premium plugin v25.7.1 (Yoast SEO v27.6) - https:\/\/yoast.com\/product\/yoast-seo-premium-wordpress\/ -->\n<title>IF Gnistan Windrunner, Tuulitakki - Fanmerch Finland<\/title>\n<meta name=\"description\" content=\"IF Gnistan Windrunner, Tuulitakki suojaa tuulelta ja kevyelt\u00e4 sateelta, mutta s\u00e4ilytt\u00e4\u00e4 hengitt\u00e4vyyden kevyen rakenteen ja mesh-vuorin ansiosta.\" \/>\n<meta name=\"robots\" content=\"index, follow, max-snippet:-1, max-image-preview:large, max-video-preview:-1\" \/>\n<link rel=\"canonical\" href=\"https:\/\/fanmerch.fi\/en\/product\/if-gnistan-windrunner-tuulitakki\/\" \/>\n<meta property=\"og:locale\" content=\"en_GB\" \/>\n<meta property=\"og:type\" content=\"article\" \/>\n<meta property=\"og:title\" content=\"IF Gnistan Windrunner, Tuulitakki - Fanmerch Finland\" \/>\n<meta property=\"og:description\" content=\"IF Gnistan Windrunner, Tuulitakki suojaa tuulelta ja kevyelt\u00e4 sateelta, mutta s\u00e4ilytt\u00e4\u00e4 hengitt\u00e4vyyden kevyen rakenteen ja mesh-vuorin ansiosta.\" \/>\n<meta property=\"og:url\" content=\"https:\/\/fanmerch.fi\/en\/product\/if-gnistan-windrunner-tuulitakki\/\" \/>\n<meta property=\"og:site_name\" content=\"Fanmerch Finland\" \/>\n<meta property=\"article:publisher\" content=\"https:\/\/www.facebook.com\/fanmerchfinland\" \/>\n<meta property=\"article:modified_time\" content=\"2026-05-11T15:51:56+00:00\" \/>\n<meta property=\"og:image\" content=\"https:\/\/fanmerch.fi\/wp-content\/uploads\/2026\/04\/if-gnistan-windrunner-jacket-front.webp\" \/>\n\t<meta property=\"og:image:width\" content=\"1695\" \/>\n\t<meta property=\"og:image:height\" content=\"2200\" \/>\n\t<meta property=\"og:image:type\" content=\"image\/webp\" \/>\n<meta name=\"twitter:card\" content=\"summary_large_image\" \/>\n<meta name=\"twitter:description\" content=\"IF Gnistan Windrunner, Tuulitakki suojaa tuulelta ja kevyelt\u00e4 sateelta, mutta s\u00e4ilytt\u00e4\u00e4 hengitt\u00e4vyyden kevyen rakenteen ja mesh-vuorin ansiosta.\" \/>\n<meta name=\"twitter:site\" content=\"@fanmerchfinland\" \/>\n<meta name=\"twitter:label1\" content=\"Availability\" \/>\n\t<meta name=\"twitter:data1\" content=\"In stock\" \/>\n<script type=\"application\/ld+json\" class=\"yoast-schema-graph\">{\"@context\":\"https:\\\/\\\/schema.org\",\"@graph\":[{\"@type\":\"WebPage\",\"@id\":\"https:\\\/\\\/fanmerch.fi\\\/product\\\/if-gnistan-windrunner-tuulitakki\\\/\",\"url\":\"https:\\\/\\\/fanmerch.fi\\\/product\\\/if-gnistan-windrunner-tuulitakki\\\/\",\"name\":\"IF Gnistan Windrunner, Tuulitakki - Fanmerch Finland\",\"isPartOf\":{\"@id\":\"https:\\\/\\\/fanmerch.fi\\\/#website\"},\"primaryImageOfPage\":{\"@id\":\"https:\\\/\\\/fanmerch.fi\\\/product\\\/if-gnistan-windrunner-tuulitakki\\\/#primaryimage\"},\"image\":{\"@id\":\"https:\\\/\\\/fanmerch.fi\\\/product\\\/if-gnistan-windrunner-tuulitakki\\\/#primaryimage\"},\"thumbnailUrl\":\"https:\\\/\\\/fanmerch.fi\\\/wp-content\\\/uploads\\\/2026\\\/04\\\/if-gnistan-windrunner-jacket-front.webp\",\"datePublished\":\"2026-04-11T18:38:46+00:00\",\"dateModified\":\"2026-05-11T15:51:56+00:00\",\"description\":\"IF Gnistan Windrunner, Tuulitakki suojaa tuulelta ja kevyelt\u00e4 sateelta, mutta s\u00e4ilytt\u00e4\u00e4 hengitt\u00e4vyyden kevyen rakenteen ja mesh-vuorin ansiosta.\",\"breadcrumb\":{\"@id\":\"https:\\\/\\\/fanmerch.fi\\\/product\\\/if-gnistan-windrunner-tuulitakki\\\/#breadcrumb\"},\"inLanguage\":\"en-GB\",\"potentialAction\":[{\"@type\":\"ReadAction\",\"target\":[\"https:\\\/\\\/fanmerch.fi\\\/product\\\/if-gnistan-windrunner-tuulitakki\\\/\"]}]},{\"@type\":\"ImageObject\",\"inLanguage\":\"en-GB\",\"@id\":\"https:\\\/\\\/fanmerch.fi\\\/product\\\/if-gnistan-windrunner-tuulitakki\\\/#primaryimage\",\"url\":\"https:\\\/\\\/fanmerch.fi\\\/wp-content\\\/uploads\\\/2026\\\/04\\\/if-gnistan-windrunner-jacket-front.webp\",\"contentUrl\":\"https:\\\/\\\/fanmerch.fi\\\/wp-content\\\/uploads\\\/2026\\\/04\\\/if-gnistan-windrunner-jacket-front.webp\",\"width\":1695,\"height\":2200},{\"@type\":\"BreadcrumbList\",\"@id\":\"https:\\\/\\\/fanmerch.fi\\\/product\\\/if-gnistan-windrunner-tuulitakki\\\/#breadcrumb\",\"itemListElement\":[{\"@type\":\"ListItem\",\"position\":1,\"name\":\"Etusivu\",\"item\":\"https:\\\/\\\/fanmerch.fi\\\/\"},{\"@type\":\"ListItem\",\"position\":2,\"name\":\"Tuotteet\",\"item\":\"https:\\\/\\\/fanmerch.fi\\\/shop\\\/\"},{\"@type\":\"ListItem\",\"position\":3,\"name\":\"IF Gnistan Windrunner, Tuulitakki\"}]},{\"@type\":\"WebSite\",\"@id\":\"https:\\\/\\\/fanmerch.fi\\\/#website\",\"url\":\"https:\\\/\\\/fanmerch.fi\\\/\",\"name\":\"Fanmerch Finland - Your source of merch\",\"description\":\"Your source of merchandise\",\"publisher\":{\"@id\":\"https:\\\/\\\/fanmerch.fi\\\/#organization\"},\"potentialAction\":[{\"@type\":\"SearchAction\",\"target\":{\"@type\":\"EntryPoint\",\"urlTemplate\":\"https:\\\/\\\/fanmerch.fi\\\/?s={search_term_string}\"},\"query-input\":{\"@type\":\"PropertyValueSpecification\",\"valueRequired\":true,\"valueName\":\"search_term_string\"}}],\"inLanguage\":\"en-GB\"},{\"@type\":\"Organization\",\"@id\":\"https:\\\/\\\/fanmerch.fi\\\/#organization\",\"name\":\"Fanmerch Finlan\",\"url\":\"https:\\\/\\\/fanmerch.fi\\\/\",\"logo\":{\"@type\":\"ImageObject\",\"inLanguage\":\"en-GB\",\"@id\":\"https:\\\/\\\/fanmerch.fi\\\/#\\\/schema\\\/logo\\\/image\\\/\",\"url\":\"https:\\\/\\\/fanmerch.fi\\\/wp-content\\\/uploads\\\/2025\\\/06\\\/cropped-fanmerch-finland-site-logo.png\",\"contentUrl\":\"https:\\\/\\\/fanmerch.fi\\\/wp-content\\\/uploads\\\/2025\\\/06\\\/cropped-fanmerch-finland-site-logo.png\",\"width\":622,\"height\":180,\"caption\":\"Fanmerch Finlan\"},\"image\":{\"@id\":\"https:\\\/\\\/fanmerch.fi\\\/#\\\/schema\\\/logo\\\/image\\\/\"},\"sameAs\":[\"https:\\\/\\\/www.facebook.com\\\/fanmerchfinland\",\"https:\\\/\\\/x.com\\\/fanmerchfinland\",\"https:\\\/\\\/www.youtube.com\\\/@fanmerchfinland\",\"https:\\\/\\\/www.instagram.com\\\/fanmerchfinland\"]}]}<\/script>\n<meta property=\"og:availability\" content=\"instock\" \/>\n<meta property=\"product:availability\" content=\"instock\" \/>\n<meta property=\"product:retailer_item_id\" content=\"\/ Navy \/ Windrunner-1\" \/>\n<meta property=\"product:condition\" content=\"new\" \/>\n<!-- \/ Yoast SEO Premium plugin. -->","yoast_head_json":{"title":"IF Gnistan Windrunner, Tuulitakki - Fanmerch Finland","description":"IF Gnistan Windrunner, Tuulitakki suojaa tuulelta ja kevyelt\u00e4 sateelta, mutta s\u00e4ilytt\u00e4\u00e4 hengitt\u00e4vyyden kevyen rakenteen ja mesh-vuorin ansiosta.","robots":{"index":"index","follow":"follow","max-snippet":"max-snippet:-1","max-image-preview":"max-image-preview:large","max-video-preview":"max-video-preview:-1"},"canonical":"https:\/\/fanmerch.fi\/en\/product\/if-gnistan-windrunner-tuulitakki\/","og_locale":"en_GB","og_type":"article","og_title":"IF Gnistan Windrunner, Tuulitakki - Fanmerch Finland","og_description":"IF Gnistan Windrunner, Tuulitakki suojaa tuulelta ja kevyelt\u00e4 sateelta, mutta s\u00e4ilytt\u00e4\u00e4 hengitt\u00e4vyyden kevyen rakenteen ja mesh-vuorin ansiosta.","og_url":"https:\/\/fanmerch.fi\/en\/product\/if-gnistan-windrunner-tuulitakki\/","og_site_name":"Fanmerch Finland","article_publisher":"https:\/\/www.facebook.com\/fanmerchfinland","article_modified_time":"2026-05-11T15:51:56+00:00","og_image":[{"width":1695,"height":2200,"url":"https:\/\/fanmerch.fi\/wp-content\/uploads\/2026\/04\/if-gnistan-windrunner-jacket-front.webp","type":"image\/webp"}],"twitter_card":"summary_large_image","twitter_description":"IF Gnistan Windrunner, Tuulitakki suojaa tuulelta ja kevyelt\u00e4 sateelta, mutta s\u00e4ilytt\u00e4\u00e4 hengitt\u00e4vyyden kevyen rakenteen ja mesh-vuorin ansiosta.","twitter_site":"@fanmerchfinland","twitter_misc":{"Availability":"In stock"},"schema":{"@context":"https:\/\/schema.org","@graph":[{"@type":"WebPage","@id":"https:\/\/fanmerch.fi\/product\/if-gnistan-windrunner-tuulitakki\/","url":"https:\/\/fanmerch.fi\/product\/if-gnistan-windrunner-tuulitakki\/","name":"IF Gnistan Windrunner, Tuulitakki - Fanmerch Finland","isPartOf":{"@id":"https:\/\/fanmerch.fi\/#website"},"primaryImageOfPage":{"@id":"https:\/\/fanmerch.fi\/product\/if-gnistan-windrunner-tuulitakki\/#primaryimage"},"image":{"@id":"https:\/\/fanmerch.fi\/product\/if-gnistan-windrunner-tuulitakki\/#primaryimage"},"thumbnailUrl":"https:\/\/fanmerch.fi\/wp-content\/uploads\/2026\/04\/if-gnistan-windrunner-jacket-front.webp","datePublished":"2026-04-11T18:38:46+00:00","dateModified":"2026-05-11T15:51:56+00:00","description":"IF Gnistan Windrunner, Tuulitakki suojaa tuulelta ja kevyelt\u00e4 sateelta, mutta s\u00e4ilytt\u00e4\u00e4 hengitt\u00e4vyyden kevyen rakenteen ja mesh-vuorin ansiosta.","breadcrumb":{"@id":"https:\/\/fanmerch.fi\/product\/if-gnistan-windrunner-tuulitakki\/#breadcrumb"},"inLanguage":"en-GB","potentialAction":[{"@type":"ReadAction","target":["https:\/\/fanmerch.fi\/product\/if-gnistan-windrunner-tuulitakki\/"]}]},{"@type":"ImageObject","inLanguage":"en-GB","@id":"https:\/\/fanmerch.fi\/product\/if-gnistan-windrunner-tuulitakki\/#primaryimage","url":"https:\/\/fanmerch.fi\/wp-content\/uploads\/2026\/04\/if-gnistan-windrunner-jacket-front.webp","contentUrl":"https:\/\/fanmerch.fi\/wp-content\/uploads\/2026\/04\/if-gnistan-windrunner-jacket-front.webp","width":1695,"height":2200},{"@type":"BreadcrumbList","@id":"https:\/\/fanmerch.fi\/product\/if-gnistan-windrunner-tuulitakki\/#breadcrumb","itemListElement":[{"@type":"ListItem","position":1,"name":"Etusivu","item":"https:\/\/fanmerch.fi\/"},{"@type":"ListItem","position":2,"name":"Tuotteet","item":"https:\/\/fanmerch.fi\/shop\/"},{"@type":"ListItem","position":3,"name":"IF Gnistan Windrunner, Tuulitakki"}]},{"@type":"WebSite","@id":"https:\/\/fanmerch.fi\/#website","url":"https:\/\/fanmerch.fi\/","name":"Fanmerch Finland - Your source of merch","description":"Your source of merchandise","publisher":{"@id":"https:\/\/fanmerch.fi\/#organization"},"potentialAction":[{"@type":"SearchAction","target":{"@type":"EntryPoint","urlTemplate":"https:\/\/fanmerch.fi\/?s={search_term_string}"},"query-input":{"@type":"PropertyValueSpecification","valueRequired":true,"valueName":"search_term_string"}}],"inLanguage":"en-GB"},{"@type":"Organization","@id":"https:\/\/fanmerch.fi\/#organization","name":"Fanmerch Finlan","url":"https:\/\/fanmerch.fi\/","logo":{"@type":"ImageObject","inLanguage":"en-GB","@id":"https:\/\/fanmerch.fi\/#\/schema\/logo\/image\/","url":"https:\/\/fanmerch.fi\/wp-content\/uploads\/2025\/06\/cropped-fanmerch-finland-site-logo.png","contentUrl":"https:\/\/fanmerch.fi\/wp-content\/uploads\/2025\/06\/cropped-fanmerch-finland-site-logo.png","width":622,"height":180,"caption":"Fanmerch Finlan"},"image":{"@id":"https:\/\/fanmerch.fi\/#\/schema\/logo\/image\/"},"sameAs":["https:\/\/www.facebook.com\/fanmerchfinland","https:\/\/x.com\/fanmerchfinland","https:\/\/www.youtube.com\/@fanmerchfinland","https:\/\/www.instagram.com\/fanmerchfinland"]}]},"og_availability":"instock","product_availability":"instock","product_retailer_item_id":"\/ Navy \/ Windrunner-1","product_condition":"new"},"_links":{"self":[{"href":"https:\/\/fanmerch.fi\/en\/wp-json\/wp\/v2\/product\/18063","targetHints":{"allow":["GET"]}}],"collection":[{"href":"https:\/\/fanmerch.fi\/en\/wp-json\/wp\/v2\/product"}],"about":[{"href":"https:\/\/fanmerch.fi\/en\/wp-json\/wp\/v2\/types\/product"}],"wp:featuredmedia":[{"embeddable":true,"href":"https:\/\/fanmerch.fi\/en\/wp-json\/wp\/v2\/media\/18065"}],"wp:attachment":[{"href":"https:\/\/fanmerch.fi\/en\/wp-json\/wp\/v2\/media?parent=18063"}],"wp:term":[{"taxonomy":"product_brand","embeddable":true,"href":"https:\/\/fanmerch.fi\/en\/wp-json\/wp\/v2\/product_brand?post=18063"},{"taxonomy":"product_cat","embeddable":true,"href":"https:\/\/fanmerch.fi\/en\/wp-json\/wp\/v2\/product_cat?post=18063"},{"taxonomy":"product_tag","embeddable":true,"href":"https:\/\/fanmerch.fi\/en\/wp-json\/wp\/v2\/product_tag?post=18063"}],"curies":[{"name":"wp","href":"https:\/\/api.w.org\/{rel}","templated":true}]}}