{"id":18111,"date":"2026-04-12T15:59:17","date_gmt":"2026-04-12T13:59:17","guid":{"rendered":"https:\/\/fanmerch.fi\/?post_type=product&#038;p=18111"},"modified":"2026-04-12T16:05:21","modified_gmt":"2026-04-12T14:05:21","slug":"if-gnistan-lineae-oulunkyla-lasten-huppari","status":"publish","type":"product","link":"https:\/\/fanmerch.fi\/en\/product\/if-gnistan-lineae-oulunkyla-lasten-huppari\/","title":{"rendered":"IF Gnistan &#8211; Lineae Oulunkyl\u00e4, Lasten huppari"},"content":{"rendered":"","protected":false},"excerpt":{"rendered":"<p><strong>PRODUCT DETAILS<\/strong><\/p>\n<p data-start=\"102\" data-end=\"412\">IF Gnistan tummansininen lasten huppari, jossa rinnassa \u201dLineae Oulunkyl\u00e4\u201d -painatus. Huppari on valmistettu pehme\u00e4st\u00e4 ja kest\u00e4v\u00e4st\u00e4 kangassekoitteesta (80 % rengaskehr\u00e4tty\u00e4 puuvillaa ja 20 % kierr\u00e4tyspolyesteri\u00e4), joka tuntuu miellytt\u00e4v\u00e4lt\u00e4 p\u00e4\u00e4ll\u00e4 ja kest\u00e4\u00e4 hyvin k\u00e4ytt\u00f6\u00e4. Sis\u00e4pinta on harjattu, mik\u00e4 tekee hupparista l\u00e4mpim\u00e4n ja mukavan viile\u00e4mpiin p\u00e4iviin.<\/p>\n<p data-start=\"414\" data-end=\"595\">The high-quality fabric retains its shape and does not easily shrink or stretch during the first washes. By following the recommended care instructions, the hoodie will maintain its look and quality for a long time.<\/p>\n<p><strong>Material:<\/strong> 80% ring-spun cotton \/ 20% recycled polyester (GRS certified)<br \/>\n<strong>Manufacturer:<\/strong>\u00a0Sol\u2019s<br \/>\n<strong>Model:<\/strong> Condor<br \/>\n<strong>Weight:<\/strong> 280 g\/m\u00b2<\/p>\n<p><strong>Care instructions<\/strong>:<br \/>\nMachine wash at 40\u00b0C. For best results, we recommend washing the garment inside out to help maintain the print quality for longer. The product can be tumble dried on a normal setting, but we do not recommend using a tumble dryer to preserve its longevity.<\/p>","protected":false},"featured_media":18115,"template":"","meta":[],"product_brand":[],"product_cat":[108],"product_tag":[79,85],"class_list":{"0":"post-18111","1":"product","2":"type-product","3":"status-publish","4":"has-post-thumbnail","6":"product_cat-if-gnistan","7":"product_tag-kaikki","8":"product_tag-lasten-tuotteet","10":"first","11":"instock","12":"taxable","13":"shipping-taxable","14":"purchasable","15":"product-type-variable","16":"has-default-attributes"},"yoast_head":"<!-- This site is optimized with the Yoast SEO Premium plugin v25.7.1 (Yoast SEO v27.5) - https:\/\/yoast.com\/product\/yoast-seo-premium-wordpress\/ -->\n<title>IF Gnistan - Lineae Oulunkyl\u00e4, Lasten huppari - Fanmerch Finland<\/title>\n<meta name=\"description\" content=\"IF Gnistan - Lineae Oulunkyl\u00e4, Lasten huppari on valmistettu pehme\u00e4st\u00e4 ja kest\u00e4v\u00e4st\u00e4 kangassekoitteesta, joka tuntuu miellytt\u00e4v\u00e4lt\u00e4 p\u00e4\u00e4ll\u00e4.\" \/>\n<meta name=\"robots\" content=\"index, follow, max-snippet:-1, max-image-preview:large, max-video-preview:-1\" \/>\n<link rel=\"canonical\" href=\"https:\/\/fanmerch.fi\/en\/product\/if-gnistan-lineae-oulunkyla-lasten-huppari\/\" \/>\n<meta property=\"og:locale\" content=\"en_GB\" \/>\n<meta property=\"og:type\" content=\"article\" \/>\n<meta property=\"og:title\" content=\"IF Gnistan - Lineae Oulunkyl\u00e4, Lasten huppari - Fanmerch Finland\" \/>\n<meta property=\"og:description\" content=\"IF Gnistan - Lineae Oulunkyl\u00e4, Lasten huppari on valmistettu pehme\u00e4st\u00e4 ja kest\u00e4v\u00e4st\u00e4 kangassekoitteesta, joka tuntuu miellytt\u00e4v\u00e4lt\u00e4 p\u00e4\u00e4ll\u00e4.\" \/>\n<meta property=\"og:url\" content=\"https:\/\/fanmerch.fi\/en\/product\/if-gnistan-lineae-oulunkyla-lasten-huppari\/\" \/>\n<meta property=\"og:site_name\" content=\"Fanmerch Finland\" \/>\n<meta property=\"article:publisher\" content=\"https:\/\/www.facebook.com\/fanmerchfinland\" \/>\n<meta property=\"article:modified_time\" content=\"2026-04-12T14:05:21+00:00\" \/>\n<meta property=\"og:image\" content=\"https:\/\/fanmerch.fi\/wp-content\/uploads\/2026\/04\/if-gnistan-linea-crest-kids-navy-hoody.webp\" \/>\n\t<meta property=\"og:image:width\" content=\"1695\" \/>\n\t<meta property=\"og:image:height\" content=\"2200\" \/>\n\t<meta property=\"og:image:type\" content=\"image\/webp\" \/>\n<meta name=\"twitter:card\" content=\"summary_large_image\" \/>\n<meta name=\"twitter:description\" content=\"IF Gnistan - Lineae Oulunkyl\u00e4, Lasten huppari on valmistettu pehme\u00e4st\u00e4 ja kest\u00e4v\u00e4st\u00e4 kangassekoitteesta, joka tuntuu miellytt\u00e4v\u00e4lt\u00e4 p\u00e4\u00e4ll\u00e4.\" \/>\n<meta name=\"twitter:site\" content=\"@fanmerchfinland\" \/>\n<meta name=\"twitter:label1\" content=\"Availability\" \/>\n\t<meta name=\"twitter:data1\" content=\"In stock\" \/>\n<script type=\"application\/ld+json\" class=\"yoast-schema-graph\">{\"@context\":\"https:\\\/\\\/schema.org\",\"@graph\":[{\"@type\":\"WebPage\",\"@id\":\"https:\\\/\\\/fanmerch.fi\\\/product\\\/if-gnistan-lineae-oulunkyla-lasten-huppari\\\/\",\"url\":\"https:\\\/\\\/fanmerch.fi\\\/product\\\/if-gnistan-lineae-oulunkyla-lasten-huppari\\\/\",\"name\":\"IF Gnistan - Lineae Oulunkyl\u00e4, Lasten huppari - Fanmerch Finland\",\"isPartOf\":{\"@id\":\"https:\\\/\\\/fanmerch.fi\\\/#website\"},\"primaryImageOfPage\":{\"@id\":\"https:\\\/\\\/fanmerch.fi\\\/product\\\/if-gnistan-lineae-oulunkyla-lasten-huppari\\\/#primaryimage\"},\"image\":{\"@id\":\"https:\\\/\\\/fanmerch.fi\\\/product\\\/if-gnistan-lineae-oulunkyla-lasten-huppari\\\/#primaryimage\"},\"thumbnailUrl\":\"https:\\\/\\\/fanmerch.fi\\\/wp-content\\\/uploads\\\/2026\\\/04\\\/if-gnistan-linea-crest-kids-navy-hoody.webp\",\"datePublished\":\"2026-04-12T13:59:17+00:00\",\"dateModified\":\"2026-04-12T14:05:21+00:00\",\"description\":\"IF Gnistan - Lineae Oulunkyl\u00e4, Lasten huppari on valmistettu pehme\u00e4st\u00e4 ja kest\u00e4v\u00e4st\u00e4 kangassekoitteesta, joka tuntuu miellytt\u00e4v\u00e4lt\u00e4 p\u00e4\u00e4ll\u00e4.\",\"breadcrumb\":{\"@id\":\"https:\\\/\\\/fanmerch.fi\\\/product\\\/if-gnistan-lineae-oulunkyla-lasten-huppari\\\/#breadcrumb\"},\"inLanguage\":\"en-GB\",\"potentialAction\":[{\"@type\":\"ReadAction\",\"target\":[\"https:\\\/\\\/fanmerch.fi\\\/product\\\/if-gnistan-lineae-oulunkyla-lasten-huppari\\\/\"]}]},{\"@type\":\"ImageObject\",\"inLanguage\":\"en-GB\",\"@id\":\"https:\\\/\\\/fanmerch.fi\\\/product\\\/if-gnistan-lineae-oulunkyla-lasten-huppari\\\/#primaryimage\",\"url\":\"https:\\\/\\\/fanmerch.fi\\\/wp-content\\\/uploads\\\/2026\\\/04\\\/if-gnistan-linea-crest-kids-navy-hoody.webp\",\"contentUrl\":\"https:\\\/\\\/fanmerch.fi\\\/wp-content\\\/uploads\\\/2026\\\/04\\\/if-gnistan-linea-crest-kids-navy-hoody.webp\",\"width\":1695,\"height\":2200},{\"@type\":\"BreadcrumbList\",\"@id\":\"https:\\\/\\\/fanmerch.fi\\\/product\\\/if-gnistan-lineae-oulunkyla-lasten-huppari\\\/#breadcrumb\",\"itemListElement\":[{\"@type\":\"ListItem\",\"position\":1,\"name\":\"Etusivu\",\"item\":\"https:\\\/\\\/fanmerch.fi\\\/\"},{\"@type\":\"ListItem\",\"position\":2,\"name\":\"Tuotteet\",\"item\":\"https:\\\/\\\/fanmerch.fi\\\/shop\\\/\"},{\"@type\":\"ListItem\",\"position\":3,\"name\":\"IF Gnistan &#8211; Lineae Oulunkyl\u00e4, Lasten huppari\"}]},{\"@type\":\"WebSite\",\"@id\":\"https:\\\/\\\/fanmerch.fi\\\/#website\",\"url\":\"https:\\\/\\\/fanmerch.fi\\\/\",\"name\":\"Fanmerch Finland - Your source of merch\",\"description\":\"Your source of merchandise\",\"publisher\":{\"@id\":\"https:\\\/\\\/fanmerch.fi\\\/#organization\"},\"potentialAction\":[{\"@type\":\"SearchAction\",\"target\":{\"@type\":\"EntryPoint\",\"urlTemplate\":\"https:\\\/\\\/fanmerch.fi\\\/?s={search_term_string}\"},\"query-input\":{\"@type\":\"PropertyValueSpecification\",\"valueRequired\":true,\"valueName\":\"search_term_string\"}}],\"inLanguage\":\"en-GB\"},{\"@type\":\"Organization\",\"@id\":\"https:\\\/\\\/fanmerch.fi\\\/#organization\",\"name\":\"Fanmerch Finlan\",\"url\":\"https:\\\/\\\/fanmerch.fi\\\/\",\"logo\":{\"@type\":\"ImageObject\",\"inLanguage\":\"en-GB\",\"@id\":\"https:\\\/\\\/fanmerch.fi\\\/#\\\/schema\\\/logo\\\/image\\\/\",\"url\":\"https:\\\/\\\/fanmerch.fi\\\/wp-content\\\/uploads\\\/2025\\\/06\\\/cropped-fanmerch-finland-site-logo.png\",\"contentUrl\":\"https:\\\/\\\/fanmerch.fi\\\/wp-content\\\/uploads\\\/2025\\\/06\\\/cropped-fanmerch-finland-site-logo.png\",\"width\":622,\"height\":180,\"caption\":\"Fanmerch Finlan\"},\"image\":{\"@id\":\"https:\\\/\\\/fanmerch.fi\\\/#\\\/schema\\\/logo\\\/image\\\/\"},\"sameAs\":[\"https:\\\/\\\/www.facebook.com\\\/fanmerchfinland\",\"https:\\\/\\\/x.com\\\/fanmerchfinland\",\"https:\\\/\\\/www.youtube.com\\\/@fanmerchfinland\",\"https:\\\/\\\/www.instagram.com\\\/fanmerchfinland\"]}]}<\/script>\n<meta property=\"og:availability\" content=\"instock\" \/>\n<meta property=\"product:availability\" content=\"instock\" \/>\n<meta property=\"product:retailer_item_id\" content=\"\/ Navy \/ Kids-2\" \/>\n<meta property=\"product:condition\" content=\"new\" \/>\n<!-- \/ Yoast SEO Premium plugin. -->","yoast_head_json":{"title":"IF Gnistan - Lineae Oulunkyl\u00e4, Lasten huppari - Fanmerch Finland","description":"IF Gnistan - Lineae Oulunkyl\u00e4, Lasten huppari on valmistettu pehme\u00e4st\u00e4 ja kest\u00e4v\u00e4st\u00e4 kangassekoitteesta, joka tuntuu miellytt\u00e4v\u00e4lt\u00e4 p\u00e4\u00e4ll\u00e4.","robots":{"index":"index","follow":"follow","max-snippet":"max-snippet:-1","max-image-preview":"max-image-preview:large","max-video-preview":"max-video-preview:-1"},"canonical":"https:\/\/fanmerch.fi\/en\/product\/if-gnistan-lineae-oulunkyla-lasten-huppari\/","og_locale":"en_GB","og_type":"article","og_title":"IF Gnistan - Lineae Oulunkyl\u00e4, Lasten huppari - Fanmerch Finland","og_description":"IF Gnistan - Lineae Oulunkyl\u00e4, Lasten huppari on valmistettu pehme\u00e4st\u00e4 ja kest\u00e4v\u00e4st\u00e4 kangassekoitteesta, joka tuntuu miellytt\u00e4v\u00e4lt\u00e4 p\u00e4\u00e4ll\u00e4.","og_url":"https:\/\/fanmerch.fi\/en\/product\/if-gnistan-lineae-oulunkyla-lasten-huppari\/","og_site_name":"Fanmerch Finland","article_publisher":"https:\/\/www.facebook.com\/fanmerchfinland","article_modified_time":"2026-04-12T14:05:21+00:00","og_image":[{"width":1695,"height":2200,"url":"https:\/\/fanmerch.fi\/wp-content\/uploads\/2026\/04\/if-gnistan-linea-crest-kids-navy-hoody.webp","type":"image\/webp"}],"twitter_card":"summary_large_image","twitter_description":"IF Gnistan - Lineae Oulunkyl\u00e4, Lasten huppari on valmistettu pehme\u00e4st\u00e4 ja kest\u00e4v\u00e4st\u00e4 kangassekoitteesta, joka tuntuu miellytt\u00e4v\u00e4lt\u00e4 p\u00e4\u00e4ll\u00e4.","twitter_site":"@fanmerchfinland","twitter_misc":{"Availability":"In stock"},"schema":{"@context":"https:\/\/schema.org","@graph":[{"@type":"WebPage","@id":"https:\/\/fanmerch.fi\/product\/if-gnistan-lineae-oulunkyla-lasten-huppari\/","url":"https:\/\/fanmerch.fi\/product\/if-gnistan-lineae-oulunkyla-lasten-huppari\/","name":"IF Gnistan - Lineae Oulunkyl\u00e4, Lasten huppari - Fanmerch Finland","isPartOf":{"@id":"https:\/\/fanmerch.fi\/#website"},"primaryImageOfPage":{"@id":"https:\/\/fanmerch.fi\/product\/if-gnistan-lineae-oulunkyla-lasten-huppari\/#primaryimage"},"image":{"@id":"https:\/\/fanmerch.fi\/product\/if-gnistan-lineae-oulunkyla-lasten-huppari\/#primaryimage"},"thumbnailUrl":"https:\/\/fanmerch.fi\/wp-content\/uploads\/2026\/04\/if-gnistan-linea-crest-kids-navy-hoody.webp","datePublished":"2026-04-12T13:59:17+00:00","dateModified":"2026-04-12T14:05:21+00:00","description":"IF Gnistan - Lineae Oulunkyl\u00e4, Lasten huppari on valmistettu pehme\u00e4st\u00e4 ja kest\u00e4v\u00e4st\u00e4 kangassekoitteesta, joka tuntuu miellytt\u00e4v\u00e4lt\u00e4 p\u00e4\u00e4ll\u00e4.","breadcrumb":{"@id":"https:\/\/fanmerch.fi\/product\/if-gnistan-lineae-oulunkyla-lasten-huppari\/#breadcrumb"},"inLanguage":"en-GB","potentialAction":[{"@type":"ReadAction","target":["https:\/\/fanmerch.fi\/product\/if-gnistan-lineae-oulunkyla-lasten-huppari\/"]}]},{"@type":"ImageObject","inLanguage":"en-GB","@id":"https:\/\/fanmerch.fi\/product\/if-gnistan-lineae-oulunkyla-lasten-huppari\/#primaryimage","url":"https:\/\/fanmerch.fi\/wp-content\/uploads\/2026\/04\/if-gnistan-linea-crest-kids-navy-hoody.webp","contentUrl":"https:\/\/fanmerch.fi\/wp-content\/uploads\/2026\/04\/if-gnistan-linea-crest-kids-navy-hoody.webp","width":1695,"height":2200},{"@type":"BreadcrumbList","@id":"https:\/\/fanmerch.fi\/product\/if-gnistan-lineae-oulunkyla-lasten-huppari\/#breadcrumb","itemListElement":[{"@type":"ListItem","position":1,"name":"Etusivu","item":"https:\/\/fanmerch.fi\/"},{"@type":"ListItem","position":2,"name":"Tuotteet","item":"https:\/\/fanmerch.fi\/shop\/"},{"@type":"ListItem","position":3,"name":"IF Gnistan &#8211; Lineae Oulunkyl\u00e4, Lasten huppari"}]},{"@type":"WebSite","@id":"https:\/\/fanmerch.fi\/#website","url":"https:\/\/fanmerch.fi\/","name":"Fanmerch Finland - Your source of merch","description":"Your source of merchandise","publisher":{"@id":"https:\/\/fanmerch.fi\/#organization"},"potentialAction":[{"@type":"SearchAction","target":{"@type":"EntryPoint","urlTemplate":"https:\/\/fanmerch.fi\/?s={search_term_string}"},"query-input":{"@type":"PropertyValueSpecification","valueRequired":true,"valueName":"search_term_string"}}],"inLanguage":"en-GB"},{"@type":"Organization","@id":"https:\/\/fanmerch.fi\/#organization","name":"Fanmerch Finlan","url":"https:\/\/fanmerch.fi\/","logo":{"@type":"ImageObject","inLanguage":"en-GB","@id":"https:\/\/fanmerch.fi\/#\/schema\/logo\/image\/","url":"https:\/\/fanmerch.fi\/wp-content\/uploads\/2025\/06\/cropped-fanmerch-finland-site-logo.png","contentUrl":"https:\/\/fanmerch.fi\/wp-content\/uploads\/2025\/06\/cropped-fanmerch-finland-site-logo.png","width":622,"height":180,"caption":"Fanmerch Finlan"},"image":{"@id":"https:\/\/fanmerch.fi\/#\/schema\/logo\/image\/"},"sameAs":["https:\/\/www.facebook.com\/fanmerchfinland","https:\/\/x.com\/fanmerchfinland","https:\/\/www.youtube.com\/@fanmerchfinland","https:\/\/www.instagram.com\/fanmerchfinland"]}]},"og_availability":"instock","product_availability":"instock","product_retailer_item_id":"\/ Navy \/ Kids-2","product_condition":"new"},"_links":{"self":[{"href":"https:\/\/fanmerch.fi\/en\/wp-json\/wp\/v2\/product\/18111","targetHints":{"allow":["GET"]}}],"collection":[{"href":"https:\/\/fanmerch.fi\/en\/wp-json\/wp\/v2\/product"}],"about":[{"href":"https:\/\/fanmerch.fi\/en\/wp-json\/wp\/v2\/types\/product"}],"wp:featuredmedia":[{"embeddable":true,"href":"https:\/\/fanmerch.fi\/en\/wp-json\/wp\/v2\/media\/18115"}],"wp:attachment":[{"href":"https:\/\/fanmerch.fi\/en\/wp-json\/wp\/v2\/media?parent=18111"}],"wp:term":[{"taxonomy":"product_brand","embeddable":true,"href":"https:\/\/fanmerch.fi\/en\/wp-json\/wp\/v2\/product_brand?post=18111"},{"taxonomy":"product_cat","embeddable":true,"href":"https:\/\/fanmerch.fi\/en\/wp-json\/wp\/v2\/product_cat?post=18111"},{"taxonomy":"product_tag","embeddable":true,"href":"https:\/\/fanmerch.fi\/en\/wp-json\/wp\/v2\/product_tag?post=18111"}],"curies":[{"name":"wp","href":"https:\/\/api.w.org\/{rel}","templated":true}]}}