{"id":18117,"date":"2026-04-12T16:10:45","date_gmt":"2026-04-12T14:10:45","guid":{"rendered":"https:\/\/fanmerch.fi\/?post_type=product&#038;p=18117"},"modified":"2026-04-12T16:54:49","modified_gmt":"2026-04-12T14:54:49","slug":"if-gnistan-sinikeltainen-tupsupipo","status":"publish","type":"product","link":"https:\/\/fanmerch.fi\/en\/product\/if-gnistan-sinikeltainen-tupsupipo\/","title":{"rendered":"IF Gnistan &#8211; Sinikeltainen, Tupsupipo"},"content":{"rendered":"","protected":false},"excerpt":{"rendered":"<p data-start=\"73\" data-end=\"383\"><strong>PRODUCT DETAILS<\/strong><\/p>\n<p data-start=\"73\" data-end=\"383\">IF Gnistan sinikeltainen tupsupipo, jossa n\u00e4ytt\u00e4v\u00e4 \u201dGnistan\u201d-neulos sek\u00e4 edess\u00e4 brodeerattu G-logo. Pipo on valmistettu l\u00e4mpim\u00e4st\u00e4 ja miellytt\u00e4v\u00e4st\u00e4 materiaalista, joka pit\u00e4\u00e4 p\u00e4\u00e4n suojassa kylm\u00e4ll\u00e4 s\u00e4\u00e4ll\u00e4. Klassinen tupsumalli tuo pipoon sporttisen ilmeen ja tekee siit\u00e4 erottuvan fanituotteen niin arkeen kuin ottelup\u00e4iv\u00e4\u00e4n.<\/p>\n<p data-start=\"385\" data-end=\"615\">Laadukas neulos ja istuva malli takaavat k\u00e4ytt\u00f6mukavuuden, ja pipo s\u00e4ilytt\u00e4\u00e4 muotonsa hyvin k\u00e4yt\u00f6ss\u00e4 kaudesta toiseen. T\u00e4m\u00e4 pipo on t\u00e4ydellinen valinta Gnistanin kannattajalle, joka haluaa yhdist\u00e4\u00e4 l\u00e4mm\u00f6n, tyylin ja seuraylpeyden.<\/p>\n<p data-start=\"617\" data-end=\"779\"><strong data-start=\"617\" data-end=\"632\">Material:<\/strong> Akryyli<br data-start=\"663\" data-end=\"666\" \/><strong data-start=\"666\" data-end=\"676\">V\u00e4rit:<\/strong> Sininen \/ keltainen<br data-start=\"752\" data-end=\"755\" \/><strong data-start=\"755\" data-end=\"768\" data-is-only-node=\"\">Istuvuus:<\/strong> One size<\/p>","protected":false},"featured_media":18118,"template":"","meta":[],"product_brand":[],"product_cat":[108],"product_tag":[79,84],"class_list":{"0":"post-18117","1":"product","2":"type-product","3":"status-publish","4":"has-post-thumbnail","6":"product_cat-if-gnistan","7":"product_tag-kaikki","8":"product_tag-paahineet","10":"first","11":"instock","12":"taxable","13":"shipping-taxable","14":"purchasable","15":"product-type-simple"},"yoast_head":"<!-- This site is optimized with the Yoast SEO Premium plugin v25.7.1 (Yoast SEO v27.5) - https:\/\/yoast.com\/product\/yoast-seo-premium-wordpress\/ -->\n<title>IF Gnistan - Sinikeltainen, Tupsupipo - Fanmerch Finland<\/title>\n<meta name=\"description\" content=\"IF Gnistan - Sinikeltainen, Tupsupipo on valmistettu l\u00e4mpim\u00e4st\u00e4 ja miellytt\u00e4v\u00e4st\u00e4 materiaalista, joka pit\u00e4\u00e4 p\u00e4\u00e4n suojassa kylm\u00e4ll\u00e4 s\u00e4\u00e4ll\u00e4.\" \/>\n<meta name=\"robots\" content=\"index, follow, max-snippet:-1, max-image-preview:large, max-video-preview:-1\" \/>\n<link rel=\"canonical\" href=\"https:\/\/fanmerch.fi\/en\/product\/if-gnistan-sinikeltainen-tupsupipo\/\" \/>\n<meta property=\"og:locale\" content=\"en_GB\" \/>\n<meta property=\"og:type\" content=\"article\" \/>\n<meta property=\"og:title\" content=\"IF Gnistan - Sinikeltainen, Tupsupipo - Fanmerch Finland\" \/>\n<meta property=\"og:description\" content=\"IF Gnistan - Sinikeltainen, Tupsupipo on valmistettu l\u00e4mpim\u00e4st\u00e4 ja miellytt\u00e4v\u00e4st\u00e4 materiaalista, joka pit\u00e4\u00e4 p\u00e4\u00e4n suojassa kylm\u00e4ll\u00e4 s\u00e4\u00e4ll\u00e4.\" \/>\n<meta property=\"og:url\" content=\"https:\/\/fanmerch.fi\/en\/product\/if-gnistan-sinikeltainen-tupsupipo\/\" \/>\n<meta property=\"og:site_name\" content=\"Fanmerch Finland\" \/>\n<meta property=\"article:publisher\" content=\"https:\/\/www.facebook.com\/fanmerchfinland\" \/>\n<meta property=\"article:modified_time\" content=\"2026-04-12T14:54:49+00:00\" \/>\n<meta property=\"og:image\" content=\"https:\/\/fanmerch.fi\/wp-content\/uploads\/2026\/04\/if-gnistan-tupsupipo-sinikeltainen.webp\" \/>\n\t<meta property=\"og:image:width\" content=\"1183\" \/>\n\t<meta property=\"og:image:height\" content=\"1536\" \/>\n\t<meta property=\"og:image:type\" content=\"image\/webp\" \/>\n<meta name=\"twitter:card\" content=\"summary_large_image\" \/>\n<meta name=\"twitter:title\" content=\"IF Gnistan - Sinikeltainen, Tupsupipo - Fanmerch Finland\" \/>\n<meta name=\"twitter:description\" content=\"IF Gnistan - Sinikeltainen, Tupsupipo on valmistettu l\u00e4mpim\u00e4st\u00e4 ja miellytt\u00e4v\u00e4st\u00e4 materiaalista, joka pit\u00e4\u00e4 p\u00e4\u00e4n suojassa kylm\u00e4ll\u00e4 s\u00e4\u00e4ll\u00e4.\" \/>\n<meta name=\"twitter:site\" content=\"@fanmerchfinland\" \/>\n<meta name=\"twitter:label1\" content=\"Price\" \/>\n\t<meta name=\"twitter:data1\" content=\"25,00&nbsp;&euro;\" \/>\n\t<meta name=\"twitter:label2\" content=\"Availability\" \/>\n\t<meta name=\"twitter:data2\" content=\"In stock\" \/>\n<script type=\"application\/ld+json\" class=\"yoast-schema-graph\">{\"@context\":\"https:\\\/\\\/schema.org\",\"@graph\":[{\"@type\":\"WebPage\",\"@id\":\"https:\\\/\\\/fanmerch.fi\\\/product\\\/if-gnistan-sinikeltainen-tupsupipo\\\/\",\"url\":\"https:\\\/\\\/fanmerch.fi\\\/product\\\/if-gnistan-sinikeltainen-tupsupipo\\\/\",\"name\":\"IF Gnistan - Sinikeltainen, Tupsupipo - Fanmerch Finland\",\"isPartOf\":{\"@id\":\"https:\\\/\\\/fanmerch.fi\\\/#website\"},\"primaryImageOfPage\":{\"@id\":\"https:\\\/\\\/fanmerch.fi\\\/product\\\/if-gnistan-sinikeltainen-tupsupipo\\\/#primaryimage\"},\"image\":{\"@id\":\"https:\\\/\\\/fanmerch.fi\\\/product\\\/if-gnistan-sinikeltainen-tupsupipo\\\/#primaryimage\"},\"thumbnailUrl\":\"https:\\\/\\\/fanmerch.fi\\\/wp-content\\\/uploads\\\/2026\\\/04\\\/if-gnistan-tupsupipo-sinikeltainen.webp\",\"datePublished\":\"2026-04-12T14:10:45+00:00\",\"dateModified\":\"2026-04-12T14:54:49+00:00\",\"description\":\"IF Gnistan - Sinikeltainen, Tupsupipo on valmistettu l\u00e4mpim\u00e4st\u00e4 ja miellytt\u00e4v\u00e4st\u00e4 materiaalista, joka pit\u00e4\u00e4 p\u00e4\u00e4n suojassa kylm\u00e4ll\u00e4 s\u00e4\u00e4ll\u00e4.\",\"breadcrumb\":{\"@id\":\"https:\\\/\\\/fanmerch.fi\\\/product\\\/if-gnistan-sinikeltainen-tupsupipo\\\/#breadcrumb\"},\"inLanguage\":\"en-GB\",\"potentialAction\":[{\"@type\":\"ReadAction\",\"target\":[\"https:\\\/\\\/fanmerch.fi\\\/product\\\/if-gnistan-sinikeltainen-tupsupipo\\\/\"]}]},{\"@type\":\"ImageObject\",\"inLanguage\":\"en-GB\",\"@id\":\"https:\\\/\\\/fanmerch.fi\\\/product\\\/if-gnistan-sinikeltainen-tupsupipo\\\/#primaryimage\",\"url\":\"https:\\\/\\\/fanmerch.fi\\\/wp-content\\\/uploads\\\/2026\\\/04\\\/if-gnistan-tupsupipo-sinikeltainen.webp\",\"contentUrl\":\"https:\\\/\\\/fanmerch.fi\\\/wp-content\\\/uploads\\\/2026\\\/04\\\/if-gnistan-tupsupipo-sinikeltainen.webp\",\"width\":1183,\"height\":1536},{\"@type\":\"BreadcrumbList\",\"@id\":\"https:\\\/\\\/fanmerch.fi\\\/product\\\/if-gnistan-sinikeltainen-tupsupipo\\\/#breadcrumb\",\"itemListElement\":[{\"@type\":\"ListItem\",\"position\":1,\"name\":\"Etusivu\",\"item\":\"https:\\\/\\\/fanmerch.fi\\\/\"},{\"@type\":\"ListItem\",\"position\":2,\"name\":\"Tuotteet\",\"item\":\"https:\\\/\\\/fanmerch.fi\\\/shop\\\/\"},{\"@type\":\"ListItem\",\"position\":3,\"name\":\"IF Gnistan &#8211; Sinikeltainen, Tupsupipo\"}]},{\"@type\":\"WebSite\",\"@id\":\"https:\\\/\\\/fanmerch.fi\\\/#website\",\"url\":\"https:\\\/\\\/fanmerch.fi\\\/\",\"name\":\"Fanmerch Finland - Your source of merch\",\"description\":\"Your source of merchandise\",\"publisher\":{\"@id\":\"https:\\\/\\\/fanmerch.fi\\\/#organization\"},\"potentialAction\":[{\"@type\":\"SearchAction\",\"target\":{\"@type\":\"EntryPoint\",\"urlTemplate\":\"https:\\\/\\\/fanmerch.fi\\\/?s={search_term_string}\"},\"query-input\":{\"@type\":\"PropertyValueSpecification\",\"valueRequired\":true,\"valueName\":\"search_term_string\"}}],\"inLanguage\":\"en-GB\"},{\"@type\":\"Organization\",\"@id\":\"https:\\\/\\\/fanmerch.fi\\\/#organization\",\"name\":\"Fanmerch Finlan\",\"url\":\"https:\\\/\\\/fanmerch.fi\\\/\",\"logo\":{\"@type\":\"ImageObject\",\"inLanguage\":\"en-GB\",\"@id\":\"https:\\\/\\\/fanmerch.fi\\\/#\\\/schema\\\/logo\\\/image\\\/\",\"url\":\"https:\\\/\\\/fanmerch.fi\\\/wp-content\\\/uploads\\\/2025\\\/06\\\/cropped-fanmerch-finland-site-logo.png\",\"contentUrl\":\"https:\\\/\\\/fanmerch.fi\\\/wp-content\\\/uploads\\\/2025\\\/06\\\/cropped-fanmerch-finland-site-logo.png\",\"width\":622,\"height\":180,\"caption\":\"Fanmerch Finlan\"},\"image\":{\"@id\":\"https:\\\/\\\/fanmerch.fi\\\/#\\\/schema\\\/logo\\\/image\\\/\"},\"sameAs\":[\"https:\\\/\\\/www.facebook.com\\\/fanmerchfinland\",\"https:\\\/\\\/x.com\\\/fanmerchfinland\",\"https:\\\/\\\/www.youtube.com\\\/@fanmerchfinland\",\"https:\\\/\\\/www.instagram.com\\\/fanmerchfinland\"]}]}<\/script>\n<meta property=\"product:price:amount\" content=\"25.00\" \/>\n<meta property=\"product:price:currency\" content=\"EUR\" \/>\n<meta property=\"og:availability\" content=\"instock\" \/>\n<meta property=\"product:availability\" content=\"instock\" \/>\n<meta property=\"product:retailer_item_id\" content=\"IF Gnistan \/ Sinikeltainen \/ Tupsupipo\" \/>\n<meta property=\"product:condition\" content=\"new\" \/>\n<!-- \/ Yoast SEO Premium plugin. -->","yoast_head_json":{"title":"IF Gnistan - Sinikeltainen, Tupsupipo - Fanmerch Finland","description":"IF Gnistan - Sinikeltainen, Tupsupipo on valmistettu l\u00e4mpim\u00e4st\u00e4 ja miellytt\u00e4v\u00e4st\u00e4 materiaalista, joka pit\u00e4\u00e4 p\u00e4\u00e4n suojassa kylm\u00e4ll\u00e4 s\u00e4\u00e4ll\u00e4.","robots":{"index":"index","follow":"follow","max-snippet":"max-snippet:-1","max-image-preview":"max-image-preview:large","max-video-preview":"max-video-preview:-1"},"canonical":"https:\/\/fanmerch.fi\/en\/product\/if-gnistan-sinikeltainen-tupsupipo\/","og_locale":"en_GB","og_type":"article","og_title":"IF Gnistan - Sinikeltainen, Tupsupipo - Fanmerch Finland","og_description":"IF Gnistan - Sinikeltainen, Tupsupipo on valmistettu l\u00e4mpim\u00e4st\u00e4 ja miellytt\u00e4v\u00e4st\u00e4 materiaalista, joka pit\u00e4\u00e4 p\u00e4\u00e4n suojassa kylm\u00e4ll\u00e4 s\u00e4\u00e4ll\u00e4.","og_url":"https:\/\/fanmerch.fi\/en\/product\/if-gnistan-sinikeltainen-tupsupipo\/","og_site_name":"Fanmerch Finland","article_publisher":"https:\/\/www.facebook.com\/fanmerchfinland","article_modified_time":"2026-04-12T14:54:49+00:00","og_image":[{"width":1183,"height":1536,"url":"https:\/\/fanmerch.fi\/wp-content\/uploads\/2026\/04\/if-gnistan-tupsupipo-sinikeltainen.webp","type":"image\/webp"}],"twitter_card":"summary_large_image","twitter_title":"IF Gnistan - Sinikeltainen, Tupsupipo - Fanmerch Finland","twitter_description":"IF Gnistan - Sinikeltainen, Tupsupipo on valmistettu l\u00e4mpim\u00e4st\u00e4 ja miellytt\u00e4v\u00e4st\u00e4 materiaalista, joka pit\u00e4\u00e4 p\u00e4\u00e4n suojassa kylm\u00e4ll\u00e4 s\u00e4\u00e4ll\u00e4.","twitter_site":"@fanmerchfinland","twitter_misc":{"Price":"25,00&nbsp;&euro;","Availability":"In stock"},"schema":{"@context":"https:\/\/schema.org","@graph":[{"@type":"WebPage","@id":"https:\/\/fanmerch.fi\/product\/if-gnistan-sinikeltainen-tupsupipo\/","url":"https:\/\/fanmerch.fi\/product\/if-gnistan-sinikeltainen-tupsupipo\/","name":"IF Gnistan - Sinikeltainen, Tupsupipo - Fanmerch Finland","isPartOf":{"@id":"https:\/\/fanmerch.fi\/#website"},"primaryImageOfPage":{"@id":"https:\/\/fanmerch.fi\/product\/if-gnistan-sinikeltainen-tupsupipo\/#primaryimage"},"image":{"@id":"https:\/\/fanmerch.fi\/product\/if-gnistan-sinikeltainen-tupsupipo\/#primaryimage"},"thumbnailUrl":"https:\/\/fanmerch.fi\/wp-content\/uploads\/2026\/04\/if-gnistan-tupsupipo-sinikeltainen.webp","datePublished":"2026-04-12T14:10:45+00:00","dateModified":"2026-04-12T14:54:49+00:00","description":"IF Gnistan - Sinikeltainen, Tupsupipo on valmistettu l\u00e4mpim\u00e4st\u00e4 ja miellytt\u00e4v\u00e4st\u00e4 materiaalista, joka pit\u00e4\u00e4 p\u00e4\u00e4n suojassa kylm\u00e4ll\u00e4 s\u00e4\u00e4ll\u00e4.","breadcrumb":{"@id":"https:\/\/fanmerch.fi\/product\/if-gnistan-sinikeltainen-tupsupipo\/#breadcrumb"},"inLanguage":"en-GB","potentialAction":[{"@type":"ReadAction","target":["https:\/\/fanmerch.fi\/product\/if-gnistan-sinikeltainen-tupsupipo\/"]}]},{"@type":"ImageObject","inLanguage":"en-GB","@id":"https:\/\/fanmerch.fi\/product\/if-gnistan-sinikeltainen-tupsupipo\/#primaryimage","url":"https:\/\/fanmerch.fi\/wp-content\/uploads\/2026\/04\/if-gnistan-tupsupipo-sinikeltainen.webp","contentUrl":"https:\/\/fanmerch.fi\/wp-content\/uploads\/2026\/04\/if-gnistan-tupsupipo-sinikeltainen.webp","width":1183,"height":1536},{"@type":"BreadcrumbList","@id":"https:\/\/fanmerch.fi\/product\/if-gnistan-sinikeltainen-tupsupipo\/#breadcrumb","itemListElement":[{"@type":"ListItem","position":1,"name":"Etusivu","item":"https:\/\/fanmerch.fi\/"},{"@type":"ListItem","position":2,"name":"Tuotteet","item":"https:\/\/fanmerch.fi\/shop\/"},{"@type":"ListItem","position":3,"name":"IF Gnistan &#8211; Sinikeltainen, Tupsupipo"}]},{"@type":"WebSite","@id":"https:\/\/fanmerch.fi\/#website","url":"https:\/\/fanmerch.fi\/","name":"Fanmerch Finland - Your source of merch","description":"Your source of merchandise","publisher":{"@id":"https:\/\/fanmerch.fi\/#organization"},"potentialAction":[{"@type":"SearchAction","target":{"@type":"EntryPoint","urlTemplate":"https:\/\/fanmerch.fi\/?s={search_term_string}"},"query-input":{"@type":"PropertyValueSpecification","valueRequired":true,"valueName":"search_term_string"}}],"inLanguage":"en-GB"},{"@type":"Organization","@id":"https:\/\/fanmerch.fi\/#organization","name":"Fanmerch Finlan","url":"https:\/\/fanmerch.fi\/","logo":{"@type":"ImageObject","inLanguage":"en-GB","@id":"https:\/\/fanmerch.fi\/#\/schema\/logo\/image\/","url":"https:\/\/fanmerch.fi\/wp-content\/uploads\/2025\/06\/cropped-fanmerch-finland-site-logo.png","contentUrl":"https:\/\/fanmerch.fi\/wp-content\/uploads\/2025\/06\/cropped-fanmerch-finland-site-logo.png","width":622,"height":180,"caption":"Fanmerch Finlan"},"image":{"@id":"https:\/\/fanmerch.fi\/#\/schema\/logo\/image\/"},"sameAs":["https:\/\/www.facebook.com\/fanmerchfinland","https:\/\/x.com\/fanmerchfinland","https:\/\/www.youtube.com\/@fanmerchfinland","https:\/\/www.instagram.com\/fanmerchfinland"]}]},"product_price_amount":"25.00","product_price_currency":"EUR","og_availability":"instock","product_availability":"instock","product_retailer_item_id":"IF Gnistan \/ Sinikeltainen \/ Tupsupipo","product_condition":"new"},"_links":{"self":[{"href":"https:\/\/fanmerch.fi\/en\/wp-json\/wp\/v2\/product\/18117","targetHints":{"allow":["GET"]}}],"collection":[{"href":"https:\/\/fanmerch.fi\/en\/wp-json\/wp\/v2\/product"}],"about":[{"href":"https:\/\/fanmerch.fi\/en\/wp-json\/wp\/v2\/types\/product"}],"wp:featuredmedia":[{"embeddable":true,"href":"https:\/\/fanmerch.fi\/en\/wp-json\/wp\/v2\/media\/18118"}],"wp:attachment":[{"href":"https:\/\/fanmerch.fi\/en\/wp-json\/wp\/v2\/media?parent=18117"}],"wp:term":[{"taxonomy":"product_brand","embeddable":true,"href":"https:\/\/fanmerch.fi\/en\/wp-json\/wp\/v2\/product_brand?post=18117"},{"taxonomy":"product_cat","embeddable":true,"href":"https:\/\/fanmerch.fi\/en\/wp-json\/wp\/v2\/product_cat?post=18117"},{"taxonomy":"product_tag","embeddable":true,"href":"https:\/\/fanmerch.fi\/en\/wp-json\/wp\/v2\/product_tag?post=18117"}],"curies":[{"name":"wp","href":"https:\/\/api.w.org\/{rel}","templated":true}]}}