{"id":18162,"date":"2026-04-12T21:38:23","date_gmt":"2026-04-12T19:38:23","guid":{"rendered":"https:\/\/fanmerch.fi\/?post_type=product&#038;p=18162"},"modified":"2026-04-12T21:48:28","modified_gmt":"2026-04-12T19:48:28","slug":"if-gnistan-musta-bucket-hat","status":"publish","type":"product","link":"https:\/\/fanmerch.fi\/en\/product\/if-gnistan-musta-bucket-hat\/","title":{"rendered":"IF Gnistan &#8211; Musta, Bucket Hat"},"content":{"rendered":"","protected":false},"excerpt":{"rendered":"<p data-start=\"63\" data-end=\"78\"><strong data-start=\"63\" data-end=\"78\">PRODUCT DETAILS<\/strong><\/p>\n<p data-start=\"80\" data-end=\"354\">IF Gnistan musta Bucket Hat (kalastajahattu), jossa edess\u00e4 logobrodeeraus. Kalastajahattu on valmistettu kest\u00e4v\u00e4st\u00e4 materiaalista, joka tekee siit\u00e4 miellytt\u00e4v\u00e4n k\u00e4ytt\u00e4\u00e4 ja sopivan niin arkeen kuin vapaa-aikaan. Pehme\u00e4 rakenne ja rento istuvuus takaavat hyv\u00e4n k\u00e4ytt\u00f6mukavuuden eri tilanteissa.<\/p>\n<p data-start=\"356\" data-end=\"465\"><strong data-start=\"356\" data-end=\"371\">Material:<\/strong> 100 % puuvilla<br data-start=\"386\" data-end=\"389\" \/><strong data-start=\"389\" data-end=\"404\">Manufacturer:<\/strong> MPH Headgear<br data-start=\"417\" data-end=\"420\" \/><strong data-start=\"420\" data-end=\"430\">Model:<\/strong> Kalastajahattu<\/p>\n<p data-start=\"467\" data-end=\"681\"><strong data-start=\"467\" data-end=\"482\">Hoito-ohje:<\/strong><br data-start=\"482\" data-end=\"485\" \/>Suosittelemme puhdistamaan tuotteen k\u00e4sin kostealla liinalla. Tarvittaessa kevyt k\u00e4sinpesu viile\u00e4ss\u00e4 vedess\u00e4. V\u00e4lt\u00e4 pesukonetta ja kuivausrumpua, jotta tuotteen muoto s\u00e4ilyy mahdollisimman hyv\u00e4n\u00e4.<\/p>","protected":false},"featured_media":18164,"template":"","meta":[],"product_brand":[],"product_cat":[108],"product_tag":[79,84],"class_list":{"0":"post-18162","1":"product","2":"type-product","3":"status-publish","4":"has-post-thumbnail","6":"product_cat-if-gnistan","7":"product_tag-kaikki","8":"product_tag-paahineet","10":"first","11":"instock","12":"taxable","13":"shipping-taxable","14":"purchasable","15":"product-type-variable","16":"has-default-attributes"},"yoast_head":"<!-- This site is optimized with the Yoast SEO Premium plugin v25.7.1 (Yoast SEO v27.5) - https:\/\/yoast.com\/product\/yoast-seo-premium-wordpress\/ -->\n<title>IF Gnistan - Musta, Bucket Hat - Fanmerch Finland<\/title>\n<meta name=\"description\" content=\"IF Gnistan - Musta, Bucket Hat on valmistettu kest\u00e4v\u00e4st\u00e4 materiaalista, joka tekee siit\u00e4 miellytt\u00e4v\u00e4n k\u00e4ytt\u00e4\u00e4 ja sopivan niin arkeen kuin vapaa-aikaan.\" \/>\n<meta name=\"robots\" content=\"index, follow, max-snippet:-1, max-image-preview:large, max-video-preview:-1\" \/>\n<link rel=\"canonical\" href=\"https:\/\/fanmerch.fi\/en\/product\/if-gnistan-musta-bucket-hat\/\" \/>\n<meta property=\"og:locale\" content=\"en_GB\" \/>\n<meta property=\"og:type\" content=\"article\" \/>\n<meta property=\"og:title\" content=\"IF Gnistan - Musta, Bucket Hat - Fanmerch Finland\" \/>\n<meta property=\"og:description\" content=\"IF Gnistan - Musta, Bucket Hat on valmistettu kest\u00e4v\u00e4st\u00e4 materiaalista, joka tekee siit\u00e4 miellytt\u00e4v\u00e4n k\u00e4ytt\u00e4\u00e4 ja sopivan niin arkeen kuin vapaa-aikaan.\" \/>\n<meta property=\"og:url\" content=\"https:\/\/fanmerch.fi\/en\/product\/if-gnistan-musta-bucket-hat\/\" \/>\n<meta property=\"og:site_name\" content=\"Fanmerch Finland\" \/>\n<meta property=\"article:publisher\" content=\"https:\/\/www.facebook.com\/fanmerchfinland\" \/>\n<meta property=\"article:modified_time\" content=\"2026-04-12T19:48:28+00:00\" \/>\n<meta property=\"og:image\" content=\"https:\/\/fanmerch.fi\/wp-content\/uploads\/2026\/04\/if-gnistan-bucket-hat-black-front.webp\" \/>\n\t<meta property=\"og:image:width\" content=\"1000\" \/>\n\t<meta property=\"og:image:height\" content=\"1300\" \/>\n\t<meta property=\"og:image:type\" content=\"image\/webp\" \/>\n<meta name=\"twitter:card\" content=\"summary_large_image\" \/>\n<meta name=\"twitter:description\" content=\"IF Gnistan - Musta, Bucket Hat on valmistettu kest\u00e4v\u00e4st\u00e4 materiaalista, joka tekee siit\u00e4 miellytt\u00e4v\u00e4n k\u00e4ytt\u00e4\u00e4 ja sopivan niin arkeen kuin vapaa-aikaan.\" \/>\n<meta name=\"twitter:site\" content=\"@fanmerchfinland\" \/>\n<meta name=\"twitter:label1\" content=\"Availability\" \/>\n\t<meta name=\"twitter:data1\" content=\"In stock\" \/>\n<script type=\"application\/ld+json\" class=\"yoast-schema-graph\">{\"@context\":\"https:\\\/\\\/schema.org\",\"@graph\":[{\"@type\":\"WebPage\",\"@id\":\"https:\\\/\\\/fanmerch.fi\\\/product\\\/if-gnistan-musta-bucket-hat\\\/\",\"url\":\"https:\\\/\\\/fanmerch.fi\\\/product\\\/if-gnistan-musta-bucket-hat\\\/\",\"name\":\"IF Gnistan - Musta, Bucket Hat - Fanmerch Finland\",\"isPartOf\":{\"@id\":\"https:\\\/\\\/fanmerch.fi\\\/#website\"},\"primaryImageOfPage\":{\"@id\":\"https:\\\/\\\/fanmerch.fi\\\/product\\\/if-gnistan-musta-bucket-hat\\\/#primaryimage\"},\"image\":{\"@id\":\"https:\\\/\\\/fanmerch.fi\\\/product\\\/if-gnistan-musta-bucket-hat\\\/#primaryimage\"},\"thumbnailUrl\":\"https:\\\/\\\/fanmerch.fi\\\/wp-content\\\/uploads\\\/2026\\\/04\\\/if-gnistan-bucket-hat-black-front.webp\",\"datePublished\":\"2026-04-12T19:38:23+00:00\",\"dateModified\":\"2026-04-12T19:48:28+00:00\",\"description\":\"IF Gnistan - Musta, Bucket Hat on valmistettu kest\u00e4v\u00e4st\u00e4 materiaalista, joka tekee siit\u00e4 miellytt\u00e4v\u00e4n k\u00e4ytt\u00e4\u00e4 ja sopivan niin arkeen kuin vapaa-aikaan.\",\"breadcrumb\":{\"@id\":\"https:\\\/\\\/fanmerch.fi\\\/product\\\/if-gnistan-musta-bucket-hat\\\/#breadcrumb\"},\"inLanguage\":\"en-GB\",\"potentialAction\":[{\"@type\":\"ReadAction\",\"target\":[\"https:\\\/\\\/fanmerch.fi\\\/product\\\/if-gnistan-musta-bucket-hat\\\/\"]}]},{\"@type\":\"ImageObject\",\"inLanguage\":\"en-GB\",\"@id\":\"https:\\\/\\\/fanmerch.fi\\\/product\\\/if-gnistan-musta-bucket-hat\\\/#primaryimage\",\"url\":\"https:\\\/\\\/fanmerch.fi\\\/wp-content\\\/uploads\\\/2026\\\/04\\\/if-gnistan-bucket-hat-black-front.webp\",\"contentUrl\":\"https:\\\/\\\/fanmerch.fi\\\/wp-content\\\/uploads\\\/2026\\\/04\\\/if-gnistan-bucket-hat-black-front.webp\",\"width\":1000,\"height\":1300},{\"@type\":\"BreadcrumbList\",\"@id\":\"https:\\\/\\\/fanmerch.fi\\\/product\\\/if-gnistan-musta-bucket-hat\\\/#breadcrumb\",\"itemListElement\":[{\"@type\":\"ListItem\",\"position\":1,\"name\":\"Etusivu\",\"item\":\"https:\\\/\\\/fanmerch.fi\\\/\"},{\"@type\":\"ListItem\",\"position\":2,\"name\":\"Tuotteet\",\"item\":\"https:\\\/\\\/fanmerch.fi\\\/shop\\\/\"},{\"@type\":\"ListItem\",\"position\":3,\"name\":\"IF Gnistan &#8211; Musta, Bucket Hat\"}]},{\"@type\":\"WebSite\",\"@id\":\"https:\\\/\\\/fanmerch.fi\\\/#website\",\"url\":\"https:\\\/\\\/fanmerch.fi\\\/\",\"name\":\"Fanmerch Finland - Your source of merch\",\"description\":\"Your source of merchandise\",\"publisher\":{\"@id\":\"https:\\\/\\\/fanmerch.fi\\\/#organization\"},\"potentialAction\":[{\"@type\":\"SearchAction\",\"target\":{\"@type\":\"EntryPoint\",\"urlTemplate\":\"https:\\\/\\\/fanmerch.fi\\\/?s={search_term_string}\"},\"query-input\":{\"@type\":\"PropertyValueSpecification\",\"valueRequired\":true,\"valueName\":\"search_term_string\"}}],\"inLanguage\":\"en-GB\"},{\"@type\":\"Organization\",\"@id\":\"https:\\\/\\\/fanmerch.fi\\\/#organization\",\"name\":\"Fanmerch Finlan\",\"url\":\"https:\\\/\\\/fanmerch.fi\\\/\",\"logo\":{\"@type\":\"ImageObject\",\"inLanguage\":\"en-GB\",\"@id\":\"https:\\\/\\\/fanmerch.fi\\\/#\\\/schema\\\/logo\\\/image\\\/\",\"url\":\"https:\\\/\\\/fanmerch.fi\\\/wp-content\\\/uploads\\\/2025\\\/06\\\/cropped-fanmerch-finland-site-logo.png\",\"contentUrl\":\"https:\\\/\\\/fanmerch.fi\\\/wp-content\\\/uploads\\\/2025\\\/06\\\/cropped-fanmerch-finland-site-logo.png\",\"width\":622,\"height\":180,\"caption\":\"Fanmerch Finlan\"},\"image\":{\"@id\":\"https:\\\/\\\/fanmerch.fi\\\/#\\\/schema\\\/logo\\\/image\\\/\"},\"sameAs\":[\"https:\\\/\\\/www.facebook.com\\\/fanmerchfinland\",\"https:\\\/\\\/x.com\\\/fanmerchfinland\",\"https:\\\/\\\/www.youtube.com\\\/@fanmerchfinland\",\"https:\\\/\\\/www.instagram.com\\\/fanmerchfinland\"]}]}<\/script>\n<meta property=\"og:availability\" content=\"instock\" \/>\n<meta property=\"product:availability\" content=\"instock\" \/>\n<meta property=\"product:retailer_item_id\" content=\"\/ Kalastajahattu \/ Black-2\" \/>\n<meta property=\"product:condition\" content=\"new\" \/>\n<!-- \/ Yoast SEO Premium plugin. -->","yoast_head_json":{"title":"IF Gnistan - Musta, Bucket Hat - Fanmerch Finland","description":"IF Gnistan - Musta, Bucket Hat on valmistettu kest\u00e4v\u00e4st\u00e4 materiaalista, joka tekee siit\u00e4 miellytt\u00e4v\u00e4n k\u00e4ytt\u00e4\u00e4 ja sopivan niin arkeen kuin vapaa-aikaan.","robots":{"index":"index","follow":"follow","max-snippet":"max-snippet:-1","max-image-preview":"max-image-preview:large","max-video-preview":"max-video-preview:-1"},"canonical":"https:\/\/fanmerch.fi\/en\/product\/if-gnistan-musta-bucket-hat\/","og_locale":"en_GB","og_type":"article","og_title":"IF Gnistan - Musta, Bucket Hat - Fanmerch Finland","og_description":"IF Gnistan - Musta, Bucket Hat on valmistettu kest\u00e4v\u00e4st\u00e4 materiaalista, joka tekee siit\u00e4 miellytt\u00e4v\u00e4n k\u00e4ytt\u00e4\u00e4 ja sopivan niin arkeen kuin vapaa-aikaan.","og_url":"https:\/\/fanmerch.fi\/en\/product\/if-gnistan-musta-bucket-hat\/","og_site_name":"Fanmerch Finland","article_publisher":"https:\/\/www.facebook.com\/fanmerchfinland","article_modified_time":"2026-04-12T19:48:28+00:00","og_image":[{"width":1000,"height":1300,"url":"https:\/\/fanmerch.fi\/wp-content\/uploads\/2026\/04\/if-gnistan-bucket-hat-black-front.webp","type":"image\/webp"}],"twitter_card":"summary_large_image","twitter_description":"IF Gnistan - Musta, Bucket Hat on valmistettu kest\u00e4v\u00e4st\u00e4 materiaalista, joka tekee siit\u00e4 miellytt\u00e4v\u00e4n k\u00e4ytt\u00e4\u00e4 ja sopivan niin arkeen kuin vapaa-aikaan.","twitter_site":"@fanmerchfinland","twitter_misc":{"Availability":"In stock"},"schema":{"@context":"https:\/\/schema.org","@graph":[{"@type":"WebPage","@id":"https:\/\/fanmerch.fi\/product\/if-gnistan-musta-bucket-hat\/","url":"https:\/\/fanmerch.fi\/product\/if-gnistan-musta-bucket-hat\/","name":"IF Gnistan - Musta, Bucket Hat - Fanmerch Finland","isPartOf":{"@id":"https:\/\/fanmerch.fi\/#website"},"primaryImageOfPage":{"@id":"https:\/\/fanmerch.fi\/product\/if-gnistan-musta-bucket-hat\/#primaryimage"},"image":{"@id":"https:\/\/fanmerch.fi\/product\/if-gnistan-musta-bucket-hat\/#primaryimage"},"thumbnailUrl":"https:\/\/fanmerch.fi\/wp-content\/uploads\/2026\/04\/if-gnistan-bucket-hat-black-front.webp","datePublished":"2026-04-12T19:38:23+00:00","dateModified":"2026-04-12T19:48:28+00:00","description":"IF Gnistan - Musta, Bucket Hat on valmistettu kest\u00e4v\u00e4st\u00e4 materiaalista, joka tekee siit\u00e4 miellytt\u00e4v\u00e4n k\u00e4ytt\u00e4\u00e4 ja sopivan niin arkeen kuin vapaa-aikaan.","breadcrumb":{"@id":"https:\/\/fanmerch.fi\/product\/if-gnistan-musta-bucket-hat\/#breadcrumb"},"inLanguage":"en-GB","potentialAction":[{"@type":"ReadAction","target":["https:\/\/fanmerch.fi\/product\/if-gnistan-musta-bucket-hat\/"]}]},{"@type":"ImageObject","inLanguage":"en-GB","@id":"https:\/\/fanmerch.fi\/product\/if-gnistan-musta-bucket-hat\/#primaryimage","url":"https:\/\/fanmerch.fi\/wp-content\/uploads\/2026\/04\/if-gnistan-bucket-hat-black-front.webp","contentUrl":"https:\/\/fanmerch.fi\/wp-content\/uploads\/2026\/04\/if-gnistan-bucket-hat-black-front.webp","width":1000,"height":1300},{"@type":"BreadcrumbList","@id":"https:\/\/fanmerch.fi\/product\/if-gnistan-musta-bucket-hat\/#breadcrumb","itemListElement":[{"@type":"ListItem","position":1,"name":"Etusivu","item":"https:\/\/fanmerch.fi\/"},{"@type":"ListItem","position":2,"name":"Tuotteet","item":"https:\/\/fanmerch.fi\/shop\/"},{"@type":"ListItem","position":3,"name":"IF Gnistan &#8211; Musta, Bucket Hat"}]},{"@type":"WebSite","@id":"https:\/\/fanmerch.fi\/#website","url":"https:\/\/fanmerch.fi\/","name":"Fanmerch Finland - Your source of merch","description":"Your source of merchandise","publisher":{"@id":"https:\/\/fanmerch.fi\/#organization"},"potentialAction":[{"@type":"SearchAction","target":{"@type":"EntryPoint","urlTemplate":"https:\/\/fanmerch.fi\/?s={search_term_string}"},"query-input":{"@type":"PropertyValueSpecification","valueRequired":true,"valueName":"search_term_string"}}],"inLanguage":"en-GB"},{"@type":"Organization","@id":"https:\/\/fanmerch.fi\/#organization","name":"Fanmerch Finlan","url":"https:\/\/fanmerch.fi\/","logo":{"@type":"ImageObject","inLanguage":"en-GB","@id":"https:\/\/fanmerch.fi\/#\/schema\/logo\/image\/","url":"https:\/\/fanmerch.fi\/wp-content\/uploads\/2025\/06\/cropped-fanmerch-finland-site-logo.png","contentUrl":"https:\/\/fanmerch.fi\/wp-content\/uploads\/2025\/06\/cropped-fanmerch-finland-site-logo.png","width":622,"height":180,"caption":"Fanmerch Finlan"},"image":{"@id":"https:\/\/fanmerch.fi\/#\/schema\/logo\/image\/"},"sameAs":["https:\/\/www.facebook.com\/fanmerchfinland","https:\/\/x.com\/fanmerchfinland","https:\/\/www.youtube.com\/@fanmerchfinland","https:\/\/www.instagram.com\/fanmerchfinland"]}]},"og_availability":"instock","product_availability":"instock","product_retailer_item_id":"\/ Kalastajahattu \/ Black-2","product_condition":"new"},"_links":{"self":[{"href":"https:\/\/fanmerch.fi\/en\/wp-json\/wp\/v2\/product\/18162","targetHints":{"allow":["GET"]}}],"collection":[{"href":"https:\/\/fanmerch.fi\/en\/wp-json\/wp\/v2\/product"}],"about":[{"href":"https:\/\/fanmerch.fi\/en\/wp-json\/wp\/v2\/types\/product"}],"wp:featuredmedia":[{"embeddable":true,"href":"https:\/\/fanmerch.fi\/en\/wp-json\/wp\/v2\/media\/18164"}],"wp:attachment":[{"href":"https:\/\/fanmerch.fi\/en\/wp-json\/wp\/v2\/media?parent=18162"}],"wp:term":[{"taxonomy":"product_brand","embeddable":true,"href":"https:\/\/fanmerch.fi\/en\/wp-json\/wp\/v2\/product_brand?post=18162"},{"taxonomy":"product_cat","embeddable":true,"href":"https:\/\/fanmerch.fi\/en\/wp-json\/wp\/v2\/product_cat?post=18162"},{"taxonomy":"product_tag","embeddable":true,"href":"https:\/\/fanmerch.fi\/en\/wp-json\/wp\/v2\/product_tag?post=18162"}],"curies":[{"name":"wp","href":"https:\/\/api.w.org\/{rel}","templated":true}]}}