{"id":18180,"date":"2026-04-13T12:12:02","date_gmt":"2026-04-13T10:12:02","guid":{"rendered":"https:\/\/fanmerch.fi\/?post_type=product&#038;p=18180"},"modified":"2026-05-05T00:15:48","modified_gmt":"2026-05-04T21:15:48","slug":"if-gnistan-text-crest-navy-kangaskassi","status":"publish","type":"product","link":"https:\/\/fanmerch.fi\/en\/product\/if-gnistan-text-crest-navy-kangaskassi\/","title":{"rendered":"IF Gnistan &#8211; Text Crest, Kangaskassi"},"content":{"rendered":"","protected":false},"excerpt":{"rendered":"<p data-start=\"42\" data-end=\"388\">IF Gnistan tummansininen kangaskassi, jossa toisella puolella \u201dText Crest\u201d-painatus. Kangaskassi on valmistettu kevyest\u00e4 mutta napakasta canvas-puuvillasta, joka tekee siit\u00e4 k\u00e4yt\u00e4nn\u00f6llisen valinnan arkeen, tapahtumiin ja vapaa-aikaan. Pitkien kantokahvojen ansiosta kassia on mukava kantaa olalla tai k\u00e4dess\u00e4, ja tilava koko sopii hyvin p\u00e4ivitt\u00e4iseen k\u00e4ytt\u00f6\u00f6n.<\/p>\n<p data-start=\"390\" data-end=\"547\"><strong data-start=\"390\" data-end=\"405\">Material:<\/strong> 100 % puuvilla<br data-start=\"420\" data-end=\"423\" \/><strong data-start=\"423\" data-end=\"438\">Manufacturer:<\/strong> SOL&#8217;S<br data-start=\"463\" data-end=\"466\" data-is-only-node=\"\" \/><strong data-start=\"466\" data-end=\"477\">Kangas:<\/strong> Canvas 140 g\/m\u00b2<br data-start=\"493\" data-end=\"496\" \/><strong data-start=\"496\" data-end=\"505\">Size:<\/strong> 38 x 42 cm<br data-start=\"516\" data-end=\"519\" \/><strong data-start=\"519\" data-end=\"535\">Kantokahvat:<\/strong> 70 x 2 cm<\/p>\n<p data-start=\"549\" data-end=\"762\"><strong>Care instructions<\/strong>:<br \/>\nPese tuote pesukoneessa 40 \u00b0C l\u00e4mp\u00f6tilassa. Parhaan lopputuloksen saavuttamiseksi suosittelemme pesem\u00e4\u00e4n kassin nurinp\u00e4in k\u00e4\u00e4nnettyn\u00e4 \u2013 n\u00e4in painatus s\u00e4ilyy siistin\u00e4 ja kest\u00e4v\u00e4n\u00e4 pidemp\u00e4\u00e4n. Tuote kest\u00e4\u00e4 normaalin linkouksen, mutta kuivausrummun k\u00e4ytt\u00f6\u00e4 emme suosittele.<\/p>","protected":false},"featured_media":18182,"template":"","meta":[],"product_brand":[],"product_cat":[108],"product_tag":[305,79],"class_list":{"0":"post-18180","1":"product","2":"type-product","3":"status-publish","4":"has-post-thumbnail","6":"product_cat-if-gnistan","7":"product_tag-fanituotteet","8":"product_tag-kaikki","10":"first","11":"instock","12":"taxable","13":"shipping-taxable","14":"purchasable","15":"product-type-variable","16":"has-default-attributes"},"yoast_head":"<!-- This site is optimized with the Yoast SEO Premium plugin v25.7.1 (Yoast SEO v27.6) - https:\/\/yoast.com\/product\/yoast-seo-premium-wordpress\/ -->\n<title>IF Gnistan - Text Crest, Kangaskassi - Fanmerch Finland<\/title>\n<meta name=\"description\" content=\"IF Gnistan - Text Crest, Kangaskassi on valmistettu kevyest\u00e4 mutta napakasta canvas-puuvillasta, joka tekee siit\u00e4 k\u00e4yt\u00e4nn\u00f6llisen valinnan arkeen.\" \/>\n<meta name=\"robots\" content=\"index, follow, max-snippet:-1, max-image-preview:large, max-video-preview:-1\" \/>\n<link rel=\"canonical\" href=\"https:\/\/fanmerch.fi\/en\/product\/if-gnistan-text-crest-navy-kangaskassi\/\" \/>\n<meta property=\"og:locale\" content=\"en_GB\" \/>\n<meta property=\"og:type\" content=\"article\" \/>\n<meta property=\"og:title\" content=\"IF Gnistan - Text Crest, Kangaskassi - Fanmerch Finland\" \/>\n<meta property=\"og:description\" content=\"IF Gnistan - Text Crest, Kangaskassi on valmistettu kevyest\u00e4 mutta napakasta canvas-puuvillasta, joka tekee siit\u00e4 k\u00e4yt\u00e4nn\u00f6llisen valinnan arkeen.\" \/>\n<meta property=\"og:url\" content=\"https:\/\/fanmerch.fi\/en\/product\/if-gnistan-text-crest-navy-kangaskassi\/\" \/>\n<meta property=\"og:site_name\" content=\"Fanmerch Finland\" \/>\n<meta property=\"article:publisher\" content=\"https:\/\/www.facebook.com\/fanmerchfinland\" \/>\n<meta property=\"article:modified_time\" content=\"2026-05-04T21:15:48+00:00\" \/>\n<meta property=\"og:image\" content=\"https:\/\/fanmerch.fi\/wp-content\/uploads\/2026\/04\/if-gnistan-text-crest-navy-kangaskassi.webp\" \/>\n\t<meta property=\"og:image:width\" content=\"1695\" \/>\n\t<meta property=\"og:image:height\" content=\"2200\" \/>\n\t<meta property=\"og:image:type\" content=\"image\/webp\" \/>\n<meta name=\"twitter:card\" content=\"summary_large_image\" \/>\n<meta name=\"twitter:description\" content=\"IF Gnistan - Text Crest, Kangaskassi on valmistettu kevyest\u00e4 mutta napakasta canvas-puuvillasta, joka tekee siit\u00e4 k\u00e4yt\u00e4nn\u00f6llisen valinnan arkeen.\" \/>\n<meta name=\"twitter:site\" content=\"@fanmerchfinland\" \/>\n<meta name=\"twitter:label1\" content=\"Availability\" \/>\n\t<meta name=\"twitter:data1\" content=\"In stock\" \/>\n<script type=\"application\/ld+json\" class=\"yoast-schema-graph\">{\"@context\":\"https:\\\/\\\/schema.org\",\"@graph\":[{\"@type\":\"WebPage\",\"@id\":\"https:\\\/\\\/fanmerch.fi\\\/product\\\/if-gnistan-text-crest-navy-kangaskassi\\\/\",\"url\":\"https:\\\/\\\/fanmerch.fi\\\/product\\\/if-gnistan-text-crest-navy-kangaskassi\\\/\",\"name\":\"IF Gnistan - Text Crest, Kangaskassi - Fanmerch Finland\",\"isPartOf\":{\"@id\":\"https:\\\/\\\/fanmerch.fi\\\/#website\"},\"primaryImageOfPage\":{\"@id\":\"https:\\\/\\\/fanmerch.fi\\\/product\\\/if-gnistan-text-crest-navy-kangaskassi\\\/#primaryimage\"},\"image\":{\"@id\":\"https:\\\/\\\/fanmerch.fi\\\/product\\\/if-gnistan-text-crest-navy-kangaskassi\\\/#primaryimage\"},\"thumbnailUrl\":\"https:\\\/\\\/fanmerch.fi\\\/wp-content\\\/uploads\\\/2026\\\/04\\\/if-gnistan-text-crest-navy-kangaskassi.webp\",\"datePublished\":\"2026-04-13T10:12:02+00:00\",\"dateModified\":\"2026-05-04T21:15:48+00:00\",\"description\":\"IF Gnistan - Text Crest, Kangaskassi on valmistettu kevyest\u00e4 mutta napakasta canvas-puuvillasta, joka tekee siit\u00e4 k\u00e4yt\u00e4nn\u00f6llisen valinnan arkeen.\",\"breadcrumb\":{\"@id\":\"https:\\\/\\\/fanmerch.fi\\\/product\\\/if-gnistan-text-crest-navy-kangaskassi\\\/#breadcrumb\"},\"inLanguage\":\"en-GB\",\"potentialAction\":[{\"@type\":\"ReadAction\",\"target\":[\"https:\\\/\\\/fanmerch.fi\\\/product\\\/if-gnistan-text-crest-navy-kangaskassi\\\/\"]}]},{\"@type\":\"ImageObject\",\"inLanguage\":\"en-GB\",\"@id\":\"https:\\\/\\\/fanmerch.fi\\\/product\\\/if-gnistan-text-crest-navy-kangaskassi\\\/#primaryimage\",\"url\":\"https:\\\/\\\/fanmerch.fi\\\/wp-content\\\/uploads\\\/2026\\\/04\\\/if-gnistan-text-crest-navy-kangaskassi.webp\",\"contentUrl\":\"https:\\\/\\\/fanmerch.fi\\\/wp-content\\\/uploads\\\/2026\\\/04\\\/if-gnistan-text-crest-navy-kangaskassi.webp\",\"width\":1695,\"height\":2200},{\"@type\":\"BreadcrumbList\",\"@id\":\"https:\\\/\\\/fanmerch.fi\\\/product\\\/if-gnistan-text-crest-navy-kangaskassi\\\/#breadcrumb\",\"itemListElement\":[{\"@type\":\"ListItem\",\"position\":1,\"name\":\"Etusivu\",\"item\":\"https:\\\/\\\/fanmerch.fi\\\/\"},{\"@type\":\"ListItem\",\"position\":2,\"name\":\"Tuotteet\",\"item\":\"https:\\\/\\\/fanmerch.fi\\\/shop\\\/\"},{\"@type\":\"ListItem\",\"position\":3,\"name\":\"IF Gnistan &#8211; Text Crest, Kangaskassi\"}]},{\"@type\":\"WebSite\",\"@id\":\"https:\\\/\\\/fanmerch.fi\\\/#website\",\"url\":\"https:\\\/\\\/fanmerch.fi\\\/\",\"name\":\"Fanmerch Finland - Your source of merch\",\"description\":\"Your source of merchandise\",\"publisher\":{\"@id\":\"https:\\\/\\\/fanmerch.fi\\\/#organization\"},\"potentialAction\":[{\"@type\":\"SearchAction\",\"target\":{\"@type\":\"EntryPoint\",\"urlTemplate\":\"https:\\\/\\\/fanmerch.fi\\\/?s={search_term_string}\"},\"query-input\":{\"@type\":\"PropertyValueSpecification\",\"valueRequired\":true,\"valueName\":\"search_term_string\"}}],\"inLanguage\":\"en-GB\"},{\"@type\":\"Organization\",\"@id\":\"https:\\\/\\\/fanmerch.fi\\\/#organization\",\"name\":\"Fanmerch Finlan\",\"url\":\"https:\\\/\\\/fanmerch.fi\\\/\",\"logo\":{\"@type\":\"ImageObject\",\"inLanguage\":\"en-GB\",\"@id\":\"https:\\\/\\\/fanmerch.fi\\\/#\\\/schema\\\/logo\\\/image\\\/\",\"url\":\"https:\\\/\\\/fanmerch.fi\\\/wp-content\\\/uploads\\\/2025\\\/06\\\/cropped-fanmerch-finland-site-logo.png\",\"contentUrl\":\"https:\\\/\\\/fanmerch.fi\\\/wp-content\\\/uploads\\\/2025\\\/06\\\/cropped-fanmerch-finland-site-logo.png\",\"width\":622,\"height\":180,\"caption\":\"Fanmerch Finlan\"},\"image\":{\"@id\":\"https:\\\/\\\/fanmerch.fi\\\/#\\\/schema\\\/logo\\\/image\\\/\"},\"sameAs\":[\"https:\\\/\\\/www.facebook.com\\\/fanmerchfinland\",\"https:\\\/\\\/x.com\\\/fanmerchfinland\",\"https:\\\/\\\/www.youtube.com\\\/@fanmerchfinland\",\"https:\\\/\\\/www.instagram.com\\\/fanmerchfinland\"]}]}<\/script>\n<meta property=\"og:availability\" content=\"instock\" \/>\n<meta property=\"product:availability\" content=\"instock\" \/>\n<meta property=\"product:retailer_item_id\" content=\"IF Gnistan \/ Kangaskassi \/ Navy\" \/>\n<meta property=\"product:condition\" content=\"new\" \/>\n<!-- \/ Yoast SEO Premium plugin. -->","yoast_head_json":{"title":"IF Gnistan - Text Crest, Kangaskassi - Fanmerch Finland","description":"IF Gnistan - Text Crest, Kangaskassi on valmistettu kevyest\u00e4 mutta napakasta canvas-puuvillasta, joka tekee siit\u00e4 k\u00e4yt\u00e4nn\u00f6llisen valinnan arkeen.","robots":{"index":"index","follow":"follow","max-snippet":"max-snippet:-1","max-image-preview":"max-image-preview:large","max-video-preview":"max-video-preview:-1"},"canonical":"https:\/\/fanmerch.fi\/en\/product\/if-gnistan-text-crest-navy-kangaskassi\/","og_locale":"en_GB","og_type":"article","og_title":"IF Gnistan - Text Crest, Kangaskassi - Fanmerch Finland","og_description":"IF Gnistan - Text Crest, Kangaskassi on valmistettu kevyest\u00e4 mutta napakasta canvas-puuvillasta, joka tekee siit\u00e4 k\u00e4yt\u00e4nn\u00f6llisen valinnan arkeen.","og_url":"https:\/\/fanmerch.fi\/en\/product\/if-gnistan-text-crest-navy-kangaskassi\/","og_site_name":"Fanmerch Finland","article_publisher":"https:\/\/www.facebook.com\/fanmerchfinland","article_modified_time":"2026-05-04T21:15:48+00:00","og_image":[{"width":1695,"height":2200,"url":"https:\/\/fanmerch.fi\/wp-content\/uploads\/2026\/04\/if-gnistan-text-crest-navy-kangaskassi.webp","type":"image\/webp"}],"twitter_card":"summary_large_image","twitter_description":"IF Gnistan - Text Crest, Kangaskassi on valmistettu kevyest\u00e4 mutta napakasta canvas-puuvillasta, joka tekee siit\u00e4 k\u00e4yt\u00e4nn\u00f6llisen valinnan arkeen.","twitter_site":"@fanmerchfinland","twitter_misc":{"Availability":"In stock"},"schema":{"@context":"https:\/\/schema.org","@graph":[{"@type":"WebPage","@id":"https:\/\/fanmerch.fi\/product\/if-gnistan-text-crest-navy-kangaskassi\/","url":"https:\/\/fanmerch.fi\/product\/if-gnistan-text-crest-navy-kangaskassi\/","name":"IF Gnistan - Text Crest, Kangaskassi - Fanmerch Finland","isPartOf":{"@id":"https:\/\/fanmerch.fi\/#website"},"primaryImageOfPage":{"@id":"https:\/\/fanmerch.fi\/product\/if-gnistan-text-crest-navy-kangaskassi\/#primaryimage"},"image":{"@id":"https:\/\/fanmerch.fi\/product\/if-gnistan-text-crest-navy-kangaskassi\/#primaryimage"},"thumbnailUrl":"https:\/\/fanmerch.fi\/wp-content\/uploads\/2026\/04\/if-gnistan-text-crest-navy-kangaskassi.webp","datePublished":"2026-04-13T10:12:02+00:00","dateModified":"2026-05-04T21:15:48+00:00","description":"IF Gnistan - Text Crest, Kangaskassi on valmistettu kevyest\u00e4 mutta napakasta canvas-puuvillasta, joka tekee siit\u00e4 k\u00e4yt\u00e4nn\u00f6llisen valinnan arkeen.","breadcrumb":{"@id":"https:\/\/fanmerch.fi\/product\/if-gnistan-text-crest-navy-kangaskassi\/#breadcrumb"},"inLanguage":"en-GB","potentialAction":[{"@type":"ReadAction","target":["https:\/\/fanmerch.fi\/product\/if-gnistan-text-crest-navy-kangaskassi\/"]}]},{"@type":"ImageObject","inLanguage":"en-GB","@id":"https:\/\/fanmerch.fi\/product\/if-gnistan-text-crest-navy-kangaskassi\/#primaryimage","url":"https:\/\/fanmerch.fi\/wp-content\/uploads\/2026\/04\/if-gnistan-text-crest-navy-kangaskassi.webp","contentUrl":"https:\/\/fanmerch.fi\/wp-content\/uploads\/2026\/04\/if-gnistan-text-crest-navy-kangaskassi.webp","width":1695,"height":2200},{"@type":"BreadcrumbList","@id":"https:\/\/fanmerch.fi\/product\/if-gnistan-text-crest-navy-kangaskassi\/#breadcrumb","itemListElement":[{"@type":"ListItem","position":1,"name":"Etusivu","item":"https:\/\/fanmerch.fi\/"},{"@type":"ListItem","position":2,"name":"Tuotteet","item":"https:\/\/fanmerch.fi\/shop\/"},{"@type":"ListItem","position":3,"name":"IF Gnistan &#8211; Text Crest, Kangaskassi"}]},{"@type":"WebSite","@id":"https:\/\/fanmerch.fi\/#website","url":"https:\/\/fanmerch.fi\/","name":"Fanmerch Finland - Your source of merch","description":"Your source of merchandise","publisher":{"@id":"https:\/\/fanmerch.fi\/#organization"},"potentialAction":[{"@type":"SearchAction","target":{"@type":"EntryPoint","urlTemplate":"https:\/\/fanmerch.fi\/?s={search_term_string}"},"query-input":{"@type":"PropertyValueSpecification","valueRequired":true,"valueName":"search_term_string"}}],"inLanguage":"en-GB"},{"@type":"Organization","@id":"https:\/\/fanmerch.fi\/#organization","name":"Fanmerch Finlan","url":"https:\/\/fanmerch.fi\/","logo":{"@type":"ImageObject","inLanguage":"en-GB","@id":"https:\/\/fanmerch.fi\/#\/schema\/logo\/image\/","url":"https:\/\/fanmerch.fi\/wp-content\/uploads\/2025\/06\/cropped-fanmerch-finland-site-logo.png","contentUrl":"https:\/\/fanmerch.fi\/wp-content\/uploads\/2025\/06\/cropped-fanmerch-finland-site-logo.png","width":622,"height":180,"caption":"Fanmerch Finlan"},"image":{"@id":"https:\/\/fanmerch.fi\/#\/schema\/logo\/image\/"},"sameAs":["https:\/\/www.facebook.com\/fanmerchfinland","https:\/\/x.com\/fanmerchfinland","https:\/\/www.youtube.com\/@fanmerchfinland","https:\/\/www.instagram.com\/fanmerchfinland"]}]},"og_availability":"instock","product_availability":"instock","product_retailer_item_id":"IF Gnistan \/ Kangaskassi \/ Navy","product_condition":"new"},"_links":{"self":[{"href":"https:\/\/fanmerch.fi\/en\/wp-json\/wp\/v2\/product\/18180","targetHints":{"allow":["GET"]}}],"collection":[{"href":"https:\/\/fanmerch.fi\/en\/wp-json\/wp\/v2\/product"}],"about":[{"href":"https:\/\/fanmerch.fi\/en\/wp-json\/wp\/v2\/types\/product"}],"wp:featuredmedia":[{"embeddable":true,"href":"https:\/\/fanmerch.fi\/en\/wp-json\/wp\/v2\/media\/18182"}],"wp:attachment":[{"href":"https:\/\/fanmerch.fi\/en\/wp-json\/wp\/v2\/media?parent=18180"}],"wp:term":[{"taxonomy":"product_brand","embeddable":true,"href":"https:\/\/fanmerch.fi\/en\/wp-json\/wp\/v2\/product_brand?post=18180"},{"taxonomy":"product_cat","embeddable":true,"href":"https:\/\/fanmerch.fi\/en\/wp-json\/wp\/v2\/product_cat?post=18180"},{"taxonomy":"product_tag","embeddable":true,"href":"https:\/\/fanmerch.fi\/en\/wp-json\/wp\/v2\/product_tag?post=18180"}],"curies":[{"name":"wp","href":"https:\/\/api.w.org\/{rel}","templated":true}]}}