{"id":18185,"date":"2026-04-13T12:33:13","date_gmt":"2026-04-13T10:33:13","guid":{"rendered":"https:\/\/fanmerch.fi\/?post_type=product&#038;p=18185"},"modified":"2026-04-13T12:54:06","modified_gmt":"2026-04-13T10:54:06","slug":"if-gnistan-kipina-ei-sammu-kaulahuivi","status":"publish","type":"product","link":"https:\/\/fanmerch.fi\/en\/product\/if-gnistan-kipina-ei-sammu-kaulahuivi\/","title":{"rendered":"IF Gnistan &#8211; Kipin\u00e4 Ei Sammu, Kaulahuivi"},"content":{"rendered":"","protected":false},"excerpt":{"rendered":"<p data-start=\"83\" data-end=\"98\"><strong data-start=\"83\" data-end=\"98\">PRODUCT DETAILS<\/strong><\/p>\n<p data-start=\"100\" data-end=\"346\">IF Gnistan \u201cKipin\u00e4 Ei Sammu\u201d kaulahuivi on klassinen fanituote, joka yhdist\u00e4\u00e4 n\u00e4ytt\u00e4v\u00e4n ulkoasun ja k\u00e4yt\u00e4nn\u00f6llisyyden. L\u00e4mpim\u00e4st\u00e4 materiaalista valmistettu 130cm X 19cm kokoinen IF Gnistan kaulahuivi.<\/p>\n<p data-start=\"554\" data-end=\"775\"><strong data-start=\"554\" data-end=\"569\">Material:<\/strong> 100 % akryyli<br data-start=\"583\" data-end=\"586\" \/><strong data-start=\"586\" data-end=\"595\">Size:<\/strong> 130 cm x 19 cm<br data-start=\"652\" data-end=\"655\" \/><strong data-start=\"655\" data-end=\"665\">V\u00e4rit:<\/strong> Sininen \/ keltainen<\/p>\n<p data-start=\"815\" data-end=\"1002\"><strong data-start=\"815\" data-end=\"830\">Hoito-ohje:<\/strong><br data-start=\"830\" data-end=\"833\" \/>Suositellaan k\u00e4sinpesua tai hell\u00e4varaista pesuohjelmaa. Muotoile kosteana ja kuivata tasolla. V\u00e4lt\u00e4 kuivausrumpua, jotta huivi s\u00e4ilytt\u00e4\u00e4 muotonsa ja pehmeytens\u00e4 pitk\u00e4\u00e4n.<\/p>","protected":false},"featured_media":18188,"template":"","meta":[],"product_brand":[],"product_cat":[108],"product_tag":[305,79],"class_list":{"0":"post-18185","1":"product","2":"type-product","3":"status-publish","4":"has-post-thumbnail","6":"product_cat-if-gnistan","7":"product_tag-fanituotteet","8":"product_tag-kaikki","10":"first","11":"instock","12":"taxable","13":"shipping-taxable","14":"purchasable","15":"product-type-simple"},"yoast_head":"<!-- This site is optimized with the Yoast SEO Premium plugin v25.7.1 (Yoast SEO v27.5) - https:\/\/yoast.com\/product\/yoast-seo-premium-wordpress\/ -->\n<title>IF Gnistan - Kipin\u00e4 Ei Sammu, Kaulahuivi - Fanmerch Finland<\/title>\n<meta name=\"description\" content=\"IF Gnistan - Kipin\u00e4 Ei Sammu, Kaulahuivi, l\u00e4mpim\u00e4st\u00e4 ja miellytt\u00e4v\u00e4st\u00e4 materiaalista valmistettu huivi sopii t\u00e4ydellisesti viileisiin otteluiltoihin.\" \/>\n<meta name=\"robots\" content=\"index, follow, max-snippet:-1, max-image-preview:large, max-video-preview:-1\" \/>\n<link rel=\"canonical\" href=\"https:\/\/fanmerch.fi\/en\/product\/if-gnistan-kipina-ei-sammu-kaulahuivi\/\" \/>\n<meta property=\"og:locale\" content=\"en_GB\" \/>\n<meta property=\"og:type\" content=\"article\" \/>\n<meta property=\"og:title\" content=\"IF Gnistan - Kipin\u00e4 Ei Sammu, Kaulahuivi - Fanmerch Finland\" \/>\n<meta property=\"og:description\" content=\"IF Gnistan - Kipin\u00e4 Ei Sammu, Kaulahuivi, l\u00e4mpim\u00e4st\u00e4 ja miellytt\u00e4v\u00e4st\u00e4 materiaalista valmistettu huivi sopii t\u00e4ydellisesti viileisiin otteluiltoihin.\" \/>\n<meta property=\"og:url\" content=\"https:\/\/fanmerch.fi\/en\/product\/if-gnistan-kipina-ei-sammu-kaulahuivi\/\" \/>\n<meta property=\"og:site_name\" content=\"Fanmerch Finland\" \/>\n<meta property=\"article:publisher\" content=\"https:\/\/www.facebook.com\/fanmerchfinland\" \/>\n<meta property=\"article:modified_time\" content=\"2026-04-13T10:54:06+00:00\" \/>\n<meta property=\"og:image\" content=\"https:\/\/fanmerch.fi\/wp-content\/uploads\/2026\/04\/if-gnistan-kipina-ei-sammu-kaulahuivi.webp\" \/>\n\t<meta property=\"og:image:width\" content=\"1000\" \/>\n\t<meta property=\"og:image:height\" content=\"1300\" \/>\n\t<meta property=\"og:image:type\" content=\"image\/webp\" \/>\n<meta name=\"twitter:card\" content=\"summary_large_image\" \/>\n<meta name=\"twitter:title\" content=\"IF Gnistan - Kipin\u00e4 Ei Sammu, Kaulahuivi - Fanmerch Finland\" \/>\n<meta name=\"twitter:description\" content=\"IF Gnistan - Kipin\u00e4 Ei Sammu, Kaulahuivi, l\u00e4mpim\u00e4st\u00e4 ja miellytt\u00e4v\u00e4st\u00e4 materiaalista valmistettu huivi sopii t\u00e4ydellisesti viileisiin otteluiltoihin.\" \/>\n<meta name=\"twitter:site\" content=\"@fanmerchfinland\" \/>\n<meta name=\"twitter:label1\" content=\"Price\" \/>\n\t<meta name=\"twitter:data1\" content=\"25,00&nbsp;&euro;\" \/>\n\t<meta name=\"twitter:label2\" content=\"Availability\" \/>\n\t<meta name=\"twitter:data2\" content=\"In stock\" \/>\n<script type=\"application\/ld+json\" class=\"yoast-schema-graph\">{\"@context\":\"https:\\\/\\\/schema.org\",\"@graph\":[{\"@type\":\"WebPage\",\"@id\":\"https:\\\/\\\/fanmerch.fi\\\/product\\\/if-gnistan-kipina-ei-sammu-kaulahuivi\\\/\",\"url\":\"https:\\\/\\\/fanmerch.fi\\\/product\\\/if-gnistan-kipina-ei-sammu-kaulahuivi\\\/\",\"name\":\"IF Gnistan - Kipin\u00e4 Ei Sammu, Kaulahuivi - Fanmerch Finland\",\"isPartOf\":{\"@id\":\"https:\\\/\\\/fanmerch.fi\\\/#website\"},\"primaryImageOfPage\":{\"@id\":\"https:\\\/\\\/fanmerch.fi\\\/product\\\/if-gnistan-kipina-ei-sammu-kaulahuivi\\\/#primaryimage\"},\"image\":{\"@id\":\"https:\\\/\\\/fanmerch.fi\\\/product\\\/if-gnistan-kipina-ei-sammu-kaulahuivi\\\/#primaryimage\"},\"thumbnailUrl\":\"https:\\\/\\\/fanmerch.fi\\\/wp-content\\\/uploads\\\/2026\\\/04\\\/if-gnistan-kipina-ei-sammu-kaulahuivi.webp\",\"datePublished\":\"2026-04-13T10:33:13+00:00\",\"dateModified\":\"2026-04-13T10:54:06+00:00\",\"description\":\"IF Gnistan - Kipin\u00e4 Ei Sammu, Kaulahuivi, l\u00e4mpim\u00e4st\u00e4 ja miellytt\u00e4v\u00e4st\u00e4 materiaalista valmistettu huivi sopii t\u00e4ydellisesti viileisiin otteluiltoihin.\",\"breadcrumb\":{\"@id\":\"https:\\\/\\\/fanmerch.fi\\\/product\\\/if-gnistan-kipina-ei-sammu-kaulahuivi\\\/#breadcrumb\"},\"inLanguage\":\"en-GB\",\"potentialAction\":[{\"@type\":\"ReadAction\",\"target\":[\"https:\\\/\\\/fanmerch.fi\\\/product\\\/if-gnistan-kipina-ei-sammu-kaulahuivi\\\/\"]}]},{\"@type\":\"ImageObject\",\"inLanguage\":\"en-GB\",\"@id\":\"https:\\\/\\\/fanmerch.fi\\\/product\\\/if-gnistan-kipina-ei-sammu-kaulahuivi\\\/#primaryimage\",\"url\":\"https:\\\/\\\/fanmerch.fi\\\/wp-content\\\/uploads\\\/2026\\\/04\\\/if-gnistan-kipina-ei-sammu-kaulahuivi.webp\",\"contentUrl\":\"https:\\\/\\\/fanmerch.fi\\\/wp-content\\\/uploads\\\/2026\\\/04\\\/if-gnistan-kipina-ei-sammu-kaulahuivi.webp\",\"width\":1000,\"height\":1300},{\"@type\":\"BreadcrumbList\",\"@id\":\"https:\\\/\\\/fanmerch.fi\\\/product\\\/if-gnistan-kipina-ei-sammu-kaulahuivi\\\/#breadcrumb\",\"itemListElement\":[{\"@type\":\"ListItem\",\"position\":1,\"name\":\"Etusivu\",\"item\":\"https:\\\/\\\/fanmerch.fi\\\/\"},{\"@type\":\"ListItem\",\"position\":2,\"name\":\"Tuotteet\",\"item\":\"https:\\\/\\\/fanmerch.fi\\\/shop\\\/\"},{\"@type\":\"ListItem\",\"position\":3,\"name\":\"IF Gnistan &#8211; Kipin\u00e4 Ei Sammu, Kaulahuivi\"}]},{\"@type\":\"WebSite\",\"@id\":\"https:\\\/\\\/fanmerch.fi\\\/#website\",\"url\":\"https:\\\/\\\/fanmerch.fi\\\/\",\"name\":\"Fanmerch Finland - Your source of merch\",\"description\":\"Your source of merchandise\",\"publisher\":{\"@id\":\"https:\\\/\\\/fanmerch.fi\\\/#organization\"},\"potentialAction\":[{\"@type\":\"SearchAction\",\"target\":{\"@type\":\"EntryPoint\",\"urlTemplate\":\"https:\\\/\\\/fanmerch.fi\\\/?s={search_term_string}\"},\"query-input\":{\"@type\":\"PropertyValueSpecification\",\"valueRequired\":true,\"valueName\":\"search_term_string\"}}],\"inLanguage\":\"en-GB\"},{\"@type\":\"Organization\",\"@id\":\"https:\\\/\\\/fanmerch.fi\\\/#organization\",\"name\":\"Fanmerch Finlan\",\"url\":\"https:\\\/\\\/fanmerch.fi\\\/\",\"logo\":{\"@type\":\"ImageObject\",\"inLanguage\":\"en-GB\",\"@id\":\"https:\\\/\\\/fanmerch.fi\\\/#\\\/schema\\\/logo\\\/image\\\/\",\"url\":\"https:\\\/\\\/fanmerch.fi\\\/wp-content\\\/uploads\\\/2025\\\/06\\\/cropped-fanmerch-finland-site-logo.png\",\"contentUrl\":\"https:\\\/\\\/fanmerch.fi\\\/wp-content\\\/uploads\\\/2025\\\/06\\\/cropped-fanmerch-finland-site-logo.png\",\"width\":622,\"height\":180,\"caption\":\"Fanmerch Finlan\"},\"image\":{\"@id\":\"https:\\\/\\\/fanmerch.fi\\\/#\\\/schema\\\/logo\\\/image\\\/\"},\"sameAs\":[\"https:\\\/\\\/www.facebook.com\\\/fanmerchfinland\",\"https:\\\/\\\/x.com\\\/fanmerchfinland\",\"https:\\\/\\\/www.youtube.com\\\/@fanmerchfinland\",\"https:\\\/\\\/www.instagram.com\\\/fanmerchfinland\"]}]}<\/script>\n<meta property=\"product:price:amount\" content=\"25.00\" \/>\n<meta property=\"product:price:currency\" content=\"EUR\" \/>\n<meta property=\"og:availability\" content=\"instock\" \/>\n<meta property=\"product:availability\" content=\"instock\" \/>\n<meta property=\"product:retailer_item_id\" content=\"IF Gnistan \/ Kipin\u00e4 Ei Sammu \/ Kaulahuivi\" \/>\n<meta property=\"product:condition\" content=\"new\" \/>\n<!-- \/ Yoast SEO Premium plugin. -->","yoast_head_json":{"title":"IF Gnistan - Kipin\u00e4 Ei Sammu, Kaulahuivi - Fanmerch Finland","description":"IF Gnistan - Kipin\u00e4 Ei Sammu, Kaulahuivi, l\u00e4mpim\u00e4st\u00e4 ja miellytt\u00e4v\u00e4st\u00e4 materiaalista valmistettu huivi sopii t\u00e4ydellisesti viileisiin otteluiltoihin.","robots":{"index":"index","follow":"follow","max-snippet":"max-snippet:-1","max-image-preview":"max-image-preview:large","max-video-preview":"max-video-preview:-1"},"canonical":"https:\/\/fanmerch.fi\/en\/product\/if-gnistan-kipina-ei-sammu-kaulahuivi\/","og_locale":"en_GB","og_type":"article","og_title":"IF Gnistan - Kipin\u00e4 Ei Sammu, Kaulahuivi - Fanmerch Finland","og_description":"IF Gnistan - Kipin\u00e4 Ei Sammu, Kaulahuivi, l\u00e4mpim\u00e4st\u00e4 ja miellytt\u00e4v\u00e4st\u00e4 materiaalista valmistettu huivi sopii t\u00e4ydellisesti viileisiin otteluiltoihin.","og_url":"https:\/\/fanmerch.fi\/en\/product\/if-gnistan-kipina-ei-sammu-kaulahuivi\/","og_site_name":"Fanmerch Finland","article_publisher":"https:\/\/www.facebook.com\/fanmerchfinland","article_modified_time":"2026-04-13T10:54:06+00:00","og_image":[{"width":1000,"height":1300,"url":"https:\/\/fanmerch.fi\/wp-content\/uploads\/2026\/04\/if-gnistan-kipina-ei-sammu-kaulahuivi.webp","type":"image\/webp"}],"twitter_card":"summary_large_image","twitter_title":"IF Gnistan - Kipin\u00e4 Ei Sammu, Kaulahuivi - Fanmerch Finland","twitter_description":"IF Gnistan - Kipin\u00e4 Ei Sammu, Kaulahuivi, l\u00e4mpim\u00e4st\u00e4 ja miellytt\u00e4v\u00e4st\u00e4 materiaalista valmistettu huivi sopii t\u00e4ydellisesti viileisiin otteluiltoihin.","twitter_site":"@fanmerchfinland","twitter_misc":{"Price":"25,00&nbsp;&euro;","Availability":"In stock"},"schema":{"@context":"https:\/\/schema.org","@graph":[{"@type":"WebPage","@id":"https:\/\/fanmerch.fi\/product\/if-gnistan-kipina-ei-sammu-kaulahuivi\/","url":"https:\/\/fanmerch.fi\/product\/if-gnistan-kipina-ei-sammu-kaulahuivi\/","name":"IF Gnistan - Kipin\u00e4 Ei Sammu, Kaulahuivi - Fanmerch Finland","isPartOf":{"@id":"https:\/\/fanmerch.fi\/#website"},"primaryImageOfPage":{"@id":"https:\/\/fanmerch.fi\/product\/if-gnistan-kipina-ei-sammu-kaulahuivi\/#primaryimage"},"image":{"@id":"https:\/\/fanmerch.fi\/product\/if-gnistan-kipina-ei-sammu-kaulahuivi\/#primaryimage"},"thumbnailUrl":"https:\/\/fanmerch.fi\/wp-content\/uploads\/2026\/04\/if-gnistan-kipina-ei-sammu-kaulahuivi.webp","datePublished":"2026-04-13T10:33:13+00:00","dateModified":"2026-04-13T10:54:06+00:00","description":"IF Gnistan - Kipin\u00e4 Ei Sammu, Kaulahuivi, l\u00e4mpim\u00e4st\u00e4 ja miellytt\u00e4v\u00e4st\u00e4 materiaalista valmistettu huivi sopii t\u00e4ydellisesti viileisiin otteluiltoihin.","breadcrumb":{"@id":"https:\/\/fanmerch.fi\/product\/if-gnistan-kipina-ei-sammu-kaulahuivi\/#breadcrumb"},"inLanguage":"en-GB","potentialAction":[{"@type":"ReadAction","target":["https:\/\/fanmerch.fi\/product\/if-gnistan-kipina-ei-sammu-kaulahuivi\/"]}]},{"@type":"ImageObject","inLanguage":"en-GB","@id":"https:\/\/fanmerch.fi\/product\/if-gnistan-kipina-ei-sammu-kaulahuivi\/#primaryimage","url":"https:\/\/fanmerch.fi\/wp-content\/uploads\/2026\/04\/if-gnistan-kipina-ei-sammu-kaulahuivi.webp","contentUrl":"https:\/\/fanmerch.fi\/wp-content\/uploads\/2026\/04\/if-gnistan-kipina-ei-sammu-kaulahuivi.webp","width":1000,"height":1300},{"@type":"BreadcrumbList","@id":"https:\/\/fanmerch.fi\/product\/if-gnistan-kipina-ei-sammu-kaulahuivi\/#breadcrumb","itemListElement":[{"@type":"ListItem","position":1,"name":"Etusivu","item":"https:\/\/fanmerch.fi\/"},{"@type":"ListItem","position":2,"name":"Tuotteet","item":"https:\/\/fanmerch.fi\/shop\/"},{"@type":"ListItem","position":3,"name":"IF Gnistan &#8211; Kipin\u00e4 Ei Sammu, Kaulahuivi"}]},{"@type":"WebSite","@id":"https:\/\/fanmerch.fi\/#website","url":"https:\/\/fanmerch.fi\/","name":"Fanmerch Finland - Your source of merch","description":"Your source of merchandise","publisher":{"@id":"https:\/\/fanmerch.fi\/#organization"},"potentialAction":[{"@type":"SearchAction","target":{"@type":"EntryPoint","urlTemplate":"https:\/\/fanmerch.fi\/?s={search_term_string}"},"query-input":{"@type":"PropertyValueSpecification","valueRequired":true,"valueName":"search_term_string"}}],"inLanguage":"en-GB"},{"@type":"Organization","@id":"https:\/\/fanmerch.fi\/#organization","name":"Fanmerch Finlan","url":"https:\/\/fanmerch.fi\/","logo":{"@type":"ImageObject","inLanguage":"en-GB","@id":"https:\/\/fanmerch.fi\/#\/schema\/logo\/image\/","url":"https:\/\/fanmerch.fi\/wp-content\/uploads\/2025\/06\/cropped-fanmerch-finland-site-logo.png","contentUrl":"https:\/\/fanmerch.fi\/wp-content\/uploads\/2025\/06\/cropped-fanmerch-finland-site-logo.png","width":622,"height":180,"caption":"Fanmerch Finlan"},"image":{"@id":"https:\/\/fanmerch.fi\/#\/schema\/logo\/image\/"},"sameAs":["https:\/\/www.facebook.com\/fanmerchfinland","https:\/\/x.com\/fanmerchfinland","https:\/\/www.youtube.com\/@fanmerchfinland","https:\/\/www.instagram.com\/fanmerchfinland"]}]},"product_price_amount":"25.00","product_price_currency":"EUR","og_availability":"instock","product_availability":"instock","product_retailer_item_id":"IF Gnistan \/ Kipin\u00e4 Ei Sammu \/ Kaulahuivi","product_condition":"new"},"_links":{"self":[{"href":"https:\/\/fanmerch.fi\/en\/wp-json\/wp\/v2\/product\/18185","targetHints":{"allow":["GET"]}}],"collection":[{"href":"https:\/\/fanmerch.fi\/en\/wp-json\/wp\/v2\/product"}],"about":[{"href":"https:\/\/fanmerch.fi\/en\/wp-json\/wp\/v2\/types\/product"}],"wp:featuredmedia":[{"embeddable":true,"href":"https:\/\/fanmerch.fi\/en\/wp-json\/wp\/v2\/media\/18188"}],"wp:attachment":[{"href":"https:\/\/fanmerch.fi\/en\/wp-json\/wp\/v2\/media?parent=18185"}],"wp:term":[{"taxonomy":"product_brand","embeddable":true,"href":"https:\/\/fanmerch.fi\/en\/wp-json\/wp\/v2\/product_brand?post=18185"},{"taxonomy":"product_cat","embeddable":true,"href":"https:\/\/fanmerch.fi\/en\/wp-json\/wp\/v2\/product_cat?post=18185"},{"taxonomy":"product_tag","embeddable":true,"href":"https:\/\/fanmerch.fi\/en\/wp-json\/wp\/v2\/product_tag?post=18185"}],"curies":[{"name":"wp","href":"https:\/\/api.w.org\/{rel}","templated":true}]}}