{"id":18198,"date":"2026-04-13T15:47:32","date_gmt":"2026-04-13T13:47:32","guid":{"rendered":"https:\/\/fanmerch.fi\/?post_type=product&#038;p=18198"},"modified":"2026-05-05T00:20:34","modified_gmt":"2026-05-04T21:20:34","slug":"if-gnistan-leather-patch-navy-baseball-lippis","status":"publish","type":"product","link":"https:\/\/fanmerch.fi\/en\/product\/if-gnistan-leather-patch-navy-baseball-lippis\/","title":{"rendered":"IF Gnistan &#8211; Leather Patch, Baseball lippis"},"content":{"rendered":"","protected":false},"excerpt":{"rendered":"<p data-start=\"100\" data-end=\"115\"><strong data-start=\"100\" data-end=\"115\">PRODUCT DETAILS<\/strong><\/p>\n<p data-start=\"117\" data-end=\"436\">IF Gnistan navy leather patch baseball lippis. Baseball lippis on valmistettu j\u00e4m\u00e4k\u00e4st\u00e4 materiaalista, joka antaa sille ryhdikk\u00e4\u00e4n ja siistin ilmeen. Malli sopii erinomaisesti niin arkeen kuin aktiiviseen k\u00e4ytt\u00f6\u00f6n. S\u00e4\u00e4dett\u00e4v\u00e4n kiinnityksen ansiosta istuvuus on helposti muokattavissa k\u00e4ytt\u00e4j\u00e4lle sopivaksi.<\/p>\n<p data-start=\"438\" data-end=\"582\"><strong data-start=\"438\" data-end=\"453\">Material:<\/strong> 100 % polyesteri<br data-start=\"501\" data-end=\"504\" \/><strong data-start=\"504\" data-end=\"514\">Model:<\/strong> Baseball<br data-start=\"539\" data-end=\"542\" \/><strong data-start=\"542\" data-end=\"556\">Kiinnitys:<\/strong> S\u00e4\u00e4dett\u00e4v\u00e4 (liukusolki)<\/p>\n<p data-start=\"584\" data-end=\"799\"><strong data-start=\"584\" data-end=\"599\">Hoito-ohje:<\/strong><br data-start=\"599\" data-end=\"602\" \/>Suosittelemme puhdistamaan tuotteen k\u00e4sin kostealla liinalla. Tarvittaessa kevyt k\u00e4sinpesu viile\u00e4ss\u00e4 vedess\u00e4. V\u00e4lt\u00e4 pesukonetta ja kuivausrumpua, jotta lippiksen muoto s\u00e4ilyy mahdollisimman hyv\u00e4n\u00e4.<\/p>","protected":false},"featured_media":18365,"template":"","meta":[],"product_brand":[],"product_cat":[108],"product_tag":[79,84,306],"class_list":{"0":"post-18198","1":"product","2":"type-product","3":"status-publish","4":"has-post-thumbnail","6":"product_cat-if-gnistan","7":"product_tag-kaikki","8":"product_tag-paahineet","9":"product_tag-uutuudet","11":"first","12":"instock","13":"taxable","14":"shipping-taxable","15":"purchasable","16":"product-type-variable","17":"has-default-attributes"},"yoast_head":"<!-- This site is optimized with the Yoast SEO Premium plugin v25.7.1 (Yoast SEO v27.6) - https:\/\/yoast.com\/product\/yoast-seo-premium-wordpress\/ -->\n<title>IF Gnistan - Leather Patch, Baseball lippis - Fanmerch Finland<\/title>\n<meta name=\"description\" content=\"IF Gnistan - Leather Patch, Baseball lippis on valmistettu j\u00e4m\u00e4k\u00e4st\u00e4 materiaalista, joka antaa sille ryhdikk\u00e4\u00e4n ja siistin ilmeen.\" \/>\n<meta name=\"robots\" content=\"index, follow, max-snippet:-1, max-image-preview:large, max-video-preview:-1\" \/>\n<link rel=\"canonical\" href=\"https:\/\/fanmerch.fi\/en\/product\/if-gnistan-leather-patch-navy-baseball-lippis\/\" \/>\n<meta property=\"og:locale\" content=\"en_GB\" \/>\n<meta property=\"og:type\" content=\"article\" \/>\n<meta property=\"og:title\" content=\"IF Gnistan - Leather Patch, Baseball lippis - Fanmerch Finland\" \/>\n<meta property=\"og:description\" content=\"Hockey-mallinen lippis on valmistettu j\u00e4m\u00e4k\u00e4st\u00e4 materiaalista, joka antaa sille ryhdikk\u00e4\u00e4n ja siistin ilmeen. Malli sopii erinomaisesti niin arkeen kuin aktiiviseen k\u00e4ytt\u00f6\u00f6n.\" \/>\n<meta property=\"og:url\" content=\"https:\/\/fanmerch.fi\/en\/product\/if-gnistan-leather-patch-navy-baseball-lippis\/\" \/>\n<meta property=\"og:site_name\" content=\"Fanmerch Finland\" \/>\n<meta property=\"article:publisher\" content=\"https:\/\/www.facebook.com\/fanmerchfinland\" \/>\n<meta property=\"article:modified_time\" content=\"2026-05-04T21:20:34+00:00\" \/>\n<meta property=\"og:image\" content=\"https:\/\/fanmerch.fi\/wp-content\/uploads\/2026\/04\/if-gnistan-leather-patch-navy-baseball-lippis.webp\" \/>\n\t<meta property=\"og:image:width\" content=\"1000\" \/>\n\t<meta property=\"og:image:height\" content=\"1300\" \/>\n\t<meta property=\"og:image:type\" content=\"image\/webp\" \/>\n<meta name=\"twitter:card\" content=\"summary_large_image\" \/>\n<meta name=\"twitter:title\" content=\"IF Gnistan - Leather Patch, Baseball lippis - Fanmerch Finland\" \/>\n<meta name=\"twitter:description\" content=\"Hockey-mallinen lippis on valmistettu j\u00e4m\u00e4k\u00e4st\u00e4 materiaalista, joka antaa sille ryhdikk\u00e4\u00e4n ja siistin ilmeen. Malli sopii erinomaisesti niin arkeen kuin aktiiviseen k\u00e4ytt\u00f6\u00f6n.\" \/>\n<meta name=\"twitter:site\" content=\"@fanmerchfinland\" \/>\n<meta name=\"twitter:label1\" content=\"Availability\" \/>\n\t<meta name=\"twitter:data1\" content=\"In stock\" \/>\n<script type=\"application\/ld+json\" class=\"yoast-schema-graph\">{\"@context\":\"https:\\\/\\\/schema.org\",\"@graph\":[{\"@type\":\"WebPage\",\"@id\":\"https:\\\/\\\/fanmerch.fi\\\/product\\\/if-gnistan-leather-patch-navy-baseball-lippis\\\/\",\"url\":\"https:\\\/\\\/fanmerch.fi\\\/product\\\/if-gnistan-leather-patch-navy-baseball-lippis\\\/\",\"name\":\"IF Gnistan - Leather Patch, Baseball lippis - Fanmerch Finland\",\"isPartOf\":{\"@id\":\"https:\\\/\\\/fanmerch.fi\\\/#website\"},\"primaryImageOfPage\":{\"@id\":\"https:\\\/\\\/fanmerch.fi\\\/product\\\/if-gnistan-leather-patch-navy-baseball-lippis\\\/#primaryimage\"},\"image\":{\"@id\":\"https:\\\/\\\/fanmerch.fi\\\/product\\\/if-gnistan-leather-patch-navy-baseball-lippis\\\/#primaryimage\"},\"thumbnailUrl\":\"https:\\\/\\\/fanmerch.fi\\\/wp-content\\\/uploads\\\/2026\\\/04\\\/if-gnistan-leather-patch-navy-baseball-lippis.webp\",\"datePublished\":\"2026-04-13T13:47:32+00:00\",\"dateModified\":\"2026-05-04T21:20:34+00:00\",\"description\":\"IF Gnistan - Leather Patch, Baseball lippis on valmistettu j\u00e4m\u00e4k\u00e4st\u00e4 materiaalista, joka antaa sille ryhdikk\u00e4\u00e4n ja siistin ilmeen.\",\"breadcrumb\":{\"@id\":\"https:\\\/\\\/fanmerch.fi\\\/product\\\/if-gnistan-leather-patch-navy-baseball-lippis\\\/#breadcrumb\"},\"inLanguage\":\"en-GB\",\"potentialAction\":[{\"@type\":\"ReadAction\",\"target\":[\"https:\\\/\\\/fanmerch.fi\\\/product\\\/if-gnistan-leather-patch-navy-baseball-lippis\\\/\"]}]},{\"@type\":\"ImageObject\",\"inLanguage\":\"en-GB\",\"@id\":\"https:\\\/\\\/fanmerch.fi\\\/product\\\/if-gnistan-leather-patch-navy-baseball-lippis\\\/#primaryimage\",\"url\":\"https:\\\/\\\/fanmerch.fi\\\/wp-content\\\/uploads\\\/2026\\\/04\\\/if-gnistan-leather-patch-navy-baseball-lippis.webp\",\"contentUrl\":\"https:\\\/\\\/fanmerch.fi\\\/wp-content\\\/uploads\\\/2026\\\/04\\\/if-gnistan-leather-patch-navy-baseball-lippis.webp\",\"width\":1000,\"height\":1300},{\"@type\":\"BreadcrumbList\",\"@id\":\"https:\\\/\\\/fanmerch.fi\\\/product\\\/if-gnistan-leather-patch-navy-baseball-lippis\\\/#breadcrumb\",\"itemListElement\":[{\"@type\":\"ListItem\",\"position\":1,\"name\":\"Etusivu\",\"item\":\"https:\\\/\\\/fanmerch.fi\\\/\"},{\"@type\":\"ListItem\",\"position\":2,\"name\":\"Tuotteet\",\"item\":\"https:\\\/\\\/fanmerch.fi\\\/shop\\\/\"},{\"@type\":\"ListItem\",\"position\":3,\"name\":\"IF Gnistan &#8211; Leather Patch, Baseball lippis\"}]},{\"@type\":\"WebSite\",\"@id\":\"https:\\\/\\\/fanmerch.fi\\\/#website\",\"url\":\"https:\\\/\\\/fanmerch.fi\\\/\",\"name\":\"Fanmerch Finland - Your source of merch\",\"description\":\"Your source of merchandise\",\"publisher\":{\"@id\":\"https:\\\/\\\/fanmerch.fi\\\/#organization\"},\"potentialAction\":[{\"@type\":\"SearchAction\",\"target\":{\"@type\":\"EntryPoint\",\"urlTemplate\":\"https:\\\/\\\/fanmerch.fi\\\/?s={search_term_string}\"},\"query-input\":{\"@type\":\"PropertyValueSpecification\",\"valueRequired\":true,\"valueName\":\"search_term_string\"}}],\"inLanguage\":\"en-GB\"},{\"@type\":\"Organization\",\"@id\":\"https:\\\/\\\/fanmerch.fi\\\/#organization\",\"name\":\"Fanmerch Finlan\",\"url\":\"https:\\\/\\\/fanmerch.fi\\\/\",\"logo\":{\"@type\":\"ImageObject\",\"inLanguage\":\"en-GB\",\"@id\":\"https:\\\/\\\/fanmerch.fi\\\/#\\\/schema\\\/logo\\\/image\\\/\",\"url\":\"https:\\\/\\\/fanmerch.fi\\\/wp-content\\\/uploads\\\/2025\\\/06\\\/cropped-fanmerch-finland-site-logo.png\",\"contentUrl\":\"https:\\\/\\\/fanmerch.fi\\\/wp-content\\\/uploads\\\/2025\\\/06\\\/cropped-fanmerch-finland-site-logo.png\",\"width\":622,\"height\":180,\"caption\":\"Fanmerch Finlan\"},\"image\":{\"@id\":\"https:\\\/\\\/fanmerch.fi\\\/#\\\/schema\\\/logo\\\/image\\\/\"},\"sameAs\":[\"https:\\\/\\\/www.facebook.com\\\/fanmerchfinland\",\"https:\\\/\\\/x.com\\\/fanmerchfinland\",\"https:\\\/\\\/www.youtube.com\\\/@fanmerchfinland\",\"https:\\\/\\\/www.instagram.com\\\/fanmerchfinland\"]}]}<\/script>\n<meta property=\"og:availability\" content=\"instock\" \/>\n<meta property=\"product:availability\" content=\"instock\" \/>\n<meta property=\"product:retailer_item_id\" content=\"IF Gnistan - Leather Patch \/ Navy \/ Baseball lippis\" \/>\n<meta property=\"product:condition\" content=\"new\" \/>\n<!-- \/ Yoast SEO Premium plugin. -->","yoast_head_json":{"title":"IF Gnistan - Leather Patch, Baseball lippis - Fanmerch Finland","description":"IF Gnistan - Leather Patch, Baseball lippis on valmistettu j\u00e4m\u00e4k\u00e4st\u00e4 materiaalista, joka antaa sille ryhdikk\u00e4\u00e4n ja siistin ilmeen.","robots":{"index":"index","follow":"follow","max-snippet":"max-snippet:-1","max-image-preview":"max-image-preview:large","max-video-preview":"max-video-preview:-1"},"canonical":"https:\/\/fanmerch.fi\/en\/product\/if-gnistan-leather-patch-navy-baseball-lippis\/","og_locale":"en_GB","og_type":"article","og_title":"IF Gnistan - Leather Patch, Baseball lippis - Fanmerch Finland","og_description":"Hockey-mallinen lippis on valmistettu j\u00e4m\u00e4k\u00e4st\u00e4 materiaalista, joka antaa sille ryhdikk\u00e4\u00e4n ja siistin ilmeen. Malli sopii erinomaisesti niin arkeen kuin aktiiviseen k\u00e4ytt\u00f6\u00f6n.","og_url":"https:\/\/fanmerch.fi\/en\/product\/if-gnistan-leather-patch-navy-baseball-lippis\/","og_site_name":"Fanmerch Finland","article_publisher":"https:\/\/www.facebook.com\/fanmerchfinland","article_modified_time":"2026-05-04T21:20:34+00:00","og_image":[{"width":1000,"height":1300,"url":"https:\/\/fanmerch.fi\/wp-content\/uploads\/2026\/04\/if-gnistan-leather-patch-navy-baseball-lippis.webp","type":"image\/webp"}],"twitter_card":"summary_large_image","twitter_title":"IF Gnistan - Leather Patch, Baseball lippis - Fanmerch Finland","twitter_description":"Hockey-mallinen lippis on valmistettu j\u00e4m\u00e4k\u00e4st\u00e4 materiaalista, joka antaa sille ryhdikk\u00e4\u00e4n ja siistin ilmeen. Malli sopii erinomaisesti niin arkeen kuin aktiiviseen k\u00e4ytt\u00f6\u00f6n.","twitter_site":"@fanmerchfinland","twitter_misc":{"Availability":"In stock"},"schema":{"@context":"https:\/\/schema.org","@graph":[{"@type":"WebPage","@id":"https:\/\/fanmerch.fi\/product\/if-gnistan-leather-patch-navy-baseball-lippis\/","url":"https:\/\/fanmerch.fi\/product\/if-gnistan-leather-patch-navy-baseball-lippis\/","name":"IF Gnistan - Leather Patch, Baseball lippis - Fanmerch Finland","isPartOf":{"@id":"https:\/\/fanmerch.fi\/#website"},"primaryImageOfPage":{"@id":"https:\/\/fanmerch.fi\/product\/if-gnistan-leather-patch-navy-baseball-lippis\/#primaryimage"},"image":{"@id":"https:\/\/fanmerch.fi\/product\/if-gnistan-leather-patch-navy-baseball-lippis\/#primaryimage"},"thumbnailUrl":"https:\/\/fanmerch.fi\/wp-content\/uploads\/2026\/04\/if-gnistan-leather-patch-navy-baseball-lippis.webp","datePublished":"2026-04-13T13:47:32+00:00","dateModified":"2026-05-04T21:20:34+00:00","description":"IF Gnistan - Leather Patch, Baseball lippis on valmistettu j\u00e4m\u00e4k\u00e4st\u00e4 materiaalista, joka antaa sille ryhdikk\u00e4\u00e4n ja siistin ilmeen.","breadcrumb":{"@id":"https:\/\/fanmerch.fi\/product\/if-gnistan-leather-patch-navy-baseball-lippis\/#breadcrumb"},"inLanguage":"en-GB","potentialAction":[{"@type":"ReadAction","target":["https:\/\/fanmerch.fi\/product\/if-gnistan-leather-patch-navy-baseball-lippis\/"]}]},{"@type":"ImageObject","inLanguage":"en-GB","@id":"https:\/\/fanmerch.fi\/product\/if-gnistan-leather-patch-navy-baseball-lippis\/#primaryimage","url":"https:\/\/fanmerch.fi\/wp-content\/uploads\/2026\/04\/if-gnistan-leather-patch-navy-baseball-lippis.webp","contentUrl":"https:\/\/fanmerch.fi\/wp-content\/uploads\/2026\/04\/if-gnistan-leather-patch-navy-baseball-lippis.webp","width":1000,"height":1300},{"@type":"BreadcrumbList","@id":"https:\/\/fanmerch.fi\/product\/if-gnistan-leather-patch-navy-baseball-lippis\/#breadcrumb","itemListElement":[{"@type":"ListItem","position":1,"name":"Etusivu","item":"https:\/\/fanmerch.fi\/"},{"@type":"ListItem","position":2,"name":"Tuotteet","item":"https:\/\/fanmerch.fi\/shop\/"},{"@type":"ListItem","position":3,"name":"IF Gnistan &#8211; Leather Patch, Baseball lippis"}]},{"@type":"WebSite","@id":"https:\/\/fanmerch.fi\/#website","url":"https:\/\/fanmerch.fi\/","name":"Fanmerch Finland - Your source of merch","description":"Your source of merchandise","publisher":{"@id":"https:\/\/fanmerch.fi\/#organization"},"potentialAction":[{"@type":"SearchAction","target":{"@type":"EntryPoint","urlTemplate":"https:\/\/fanmerch.fi\/?s={search_term_string}"},"query-input":{"@type":"PropertyValueSpecification","valueRequired":true,"valueName":"search_term_string"}}],"inLanguage":"en-GB"},{"@type":"Organization","@id":"https:\/\/fanmerch.fi\/#organization","name":"Fanmerch Finlan","url":"https:\/\/fanmerch.fi\/","logo":{"@type":"ImageObject","inLanguage":"en-GB","@id":"https:\/\/fanmerch.fi\/#\/schema\/logo\/image\/","url":"https:\/\/fanmerch.fi\/wp-content\/uploads\/2025\/06\/cropped-fanmerch-finland-site-logo.png","contentUrl":"https:\/\/fanmerch.fi\/wp-content\/uploads\/2025\/06\/cropped-fanmerch-finland-site-logo.png","width":622,"height":180,"caption":"Fanmerch Finlan"},"image":{"@id":"https:\/\/fanmerch.fi\/#\/schema\/logo\/image\/"},"sameAs":["https:\/\/www.facebook.com\/fanmerchfinland","https:\/\/x.com\/fanmerchfinland","https:\/\/www.youtube.com\/@fanmerchfinland","https:\/\/www.instagram.com\/fanmerchfinland"]}]},"og_availability":"instock","product_availability":"instock","product_retailer_item_id":"IF Gnistan - Leather Patch \/ Navy \/ Baseball lippis","product_condition":"new"},"_links":{"self":[{"href":"https:\/\/fanmerch.fi\/en\/wp-json\/wp\/v2\/product\/18198","targetHints":{"allow":["GET"]}}],"collection":[{"href":"https:\/\/fanmerch.fi\/en\/wp-json\/wp\/v2\/product"}],"about":[{"href":"https:\/\/fanmerch.fi\/en\/wp-json\/wp\/v2\/types\/product"}],"wp:featuredmedia":[{"embeddable":true,"href":"https:\/\/fanmerch.fi\/en\/wp-json\/wp\/v2\/media\/18365"}],"wp:attachment":[{"href":"https:\/\/fanmerch.fi\/en\/wp-json\/wp\/v2\/media?parent=18198"}],"wp:term":[{"taxonomy":"product_brand","embeddable":true,"href":"https:\/\/fanmerch.fi\/en\/wp-json\/wp\/v2\/product_brand?post=18198"},{"taxonomy":"product_cat","embeddable":true,"href":"https:\/\/fanmerch.fi\/en\/wp-json\/wp\/v2\/product_cat?post=18198"},{"taxonomy":"product_tag","embeddable":true,"href":"https:\/\/fanmerch.fi\/en\/wp-json\/wp\/v2\/product_tag?post=18198"}],"curies":[{"name":"wp","href":"https:\/\/api.w.org\/{rel}","templated":true}]}}