{"id":19881,"date":"2026-04-26T00:58:51","date_gmt":"2026-04-25T22:58:51","guid":{"rendered":"https:\/\/fanmerch.fi\/product\/etelapaaty-liekkilogo-suoralippa\/"},"modified":"2026-04-26T01:01:40","modified_gmt":"2026-04-25T23:01:40","slug":"etelapaaty-liekkilogo-suoralippa","status":"publish","type":"product","link":"https:\/\/fanmerch.fi\/en\/product\/etelapaaty-liekkilogo-suoralippa\/","title":{"rendered":"Etel\u00e4p\u00e4\u00e4ty &#8211; Liekkilogo, Suoralippa"},"content":{"rendered":"<p>This hat is structured with a classic fit, flat brim, and full buckram. The adjustable snap closure makes it a comfortable, one-size-fits-most hat.<\/p>\n<p>\u2022 80% acrylic, 20% wool<br \/>\n\u2022 Green Camo is 60% cotton, 40% polyester<br \/>\n\u2022 Structured, 6-panel, high-profile<br \/>\n\u2022 6 embroidered eyelets<br \/>\n\u2022 Plastic snap closure<br \/>\n\u2022 Green undervisor<br \/>\n\u2022 Head circumference: 21\u215d\u2033\u201323\u215d\u2033 (54.9 cm\u201360 cm)<br \/>\n\u2022 Blank product sourced from Vietnam or Bangladesh<\/p>","protected":false},"excerpt":{"rendered":"<p>This hat is structured with a classic fit, flat brim, and full buckram. The adjustable snap closure makes it a comfortable, one-size-fits-most hat. \u2022 80% acrylic, 20% wool \u2022 Green Camo is 60% cotton, 40% polyester \u2022 Structured, 6-panel, high-profile \u2022 6 embroidered eyelets \u2022 Plastic snap closure \u2022 Green undervisor \u2022 Head circumference: 21\u215d\u2033\u201323\u215d\u2033 [&hellip;]<\/p>\n","protected":false},"featured_media":19882,"template":"","meta":[],"product_brand":[],"product_cat":[101],"product_tag":[79,84],"class_list":{"0":"post-19881","1":"product","2":"type-product","3":"status-publish","4":"has-post-thumbnail","6":"product_cat-etelapaaty","7":"product_tag-kaikki","8":"product_tag-paahineet","10":"first","11":"instock","12":"taxable","13":"shipping-taxable","14":"purchasable","15":"product-type-simple"},"yoast_head":"<!-- This site is optimized with the Yoast SEO Premium plugin v25.7.1 (Yoast SEO v27.5) - https:\/\/yoast.com\/product\/yoast-seo-premium-wordpress\/ -->\n<title>Etel\u00e4p\u00e4\u00e4ty - Liekkilogo, Suoralippa - Fanmerch Finland<\/title>\n<meta name=\"description\" content=\"Etel\u00e4p\u00e4\u00e4ty - Liekkilogo, Suoralippa\" \/>\n<meta name=\"robots\" content=\"index, follow, max-snippet:-1, max-image-preview:large, max-video-preview:-1\" \/>\n<link rel=\"canonical\" href=\"https:\/\/fanmerch.fi\/en\/product\/etelapaaty-liekkilogo-suoralippa\/\" \/>\n<meta property=\"og:locale\" content=\"en_GB\" \/>\n<meta property=\"og:type\" content=\"article\" \/>\n<meta property=\"og:title\" content=\"Etel\u00e4p\u00e4\u00e4ty - Liekkilogo, Suoralippa - Fanmerch Finland\" \/>\n<meta property=\"og:description\" content=\"Etel\u00e4p\u00e4\u00e4ty - Liekkilogo, Suoralippa\" \/>\n<meta property=\"og:url\" content=\"https:\/\/fanmerch.fi\/en\/product\/etelapaaty-liekkilogo-suoralippa\/\" \/>\n<meta property=\"og:site_name\" content=\"Fanmerch Finland\" \/>\n<meta property=\"article:publisher\" content=\"https:\/\/www.facebook.com\/fanmerchfinland\" \/>\n<meta property=\"article:modified_time\" content=\"2026-04-25T23:01:40+00:00\" \/>\n<meta property=\"og:image\" content=\"https:\/\/fanmerch.fi\/wp-content\/uploads\/2026\/04\/classic-snapback-black-front-69ed471c2566f.jpg\" \/>\n\t<meta property=\"og:image:width\" content=\"2000\" \/>\n\t<meta property=\"og:image:height\" content=\"2000\" \/>\n\t<meta property=\"og:image:type\" content=\"image\/jpeg\" \/>\n<meta name=\"twitter:card\" content=\"summary_large_image\" \/>\n<meta name=\"twitter:site\" content=\"@fanmerchfinland\" \/>\n<meta name=\"twitter:label1\" content=\"Price\" \/>\n\t<meta name=\"twitter:data1\" content=\"25,00&nbsp;&euro;\" \/>\n\t<meta name=\"twitter:label2\" content=\"Availability\" \/>\n\t<meta name=\"twitter:data2\" content=\"In stock\" \/>\n<script type=\"application\/ld+json\" class=\"yoast-schema-graph\">{\"@context\":\"https:\\\/\\\/schema.org\",\"@graph\":[{\"@type\":\"WebPage\",\"@id\":\"https:\\\/\\\/fanmerch.fi\\\/product\\\/etelapaaty-liekkilogo-suoralippa\\\/\",\"url\":\"https:\\\/\\\/fanmerch.fi\\\/product\\\/etelapaaty-liekkilogo-suoralippa\\\/\",\"name\":\"Etel\u00e4p\u00e4\u00e4ty - Liekkilogo, Suoralippa - Fanmerch Finland\",\"isPartOf\":{\"@id\":\"https:\\\/\\\/fanmerch.fi\\\/#website\"},\"primaryImageOfPage\":{\"@id\":\"https:\\\/\\\/fanmerch.fi\\\/product\\\/etelapaaty-liekkilogo-suoralippa\\\/#primaryimage\"},\"image\":{\"@id\":\"https:\\\/\\\/fanmerch.fi\\\/product\\\/etelapaaty-liekkilogo-suoralippa\\\/#primaryimage\"},\"thumbnailUrl\":\"https:\\\/\\\/fanmerch.fi\\\/wp-content\\\/uploads\\\/2026\\\/04\\\/classic-snapback-black-front-69ed471c2566f.jpg\",\"datePublished\":\"2026-04-25T22:58:51+00:00\",\"dateModified\":\"2026-04-25T23:01:40+00:00\",\"description\":\"Etel\u00e4p\u00e4\u00e4ty - Liekkilogo, Suoralippa\",\"breadcrumb\":{\"@id\":\"https:\\\/\\\/fanmerch.fi\\\/product\\\/etelapaaty-liekkilogo-suoralippa\\\/#breadcrumb\"},\"inLanguage\":\"en-GB\",\"potentialAction\":[{\"@type\":\"ReadAction\",\"target\":[\"https:\\\/\\\/fanmerch.fi\\\/product\\\/etelapaaty-liekkilogo-suoralippa\\\/\"]}]},{\"@type\":\"ImageObject\",\"inLanguage\":\"en-GB\",\"@id\":\"https:\\\/\\\/fanmerch.fi\\\/product\\\/etelapaaty-liekkilogo-suoralippa\\\/#primaryimage\",\"url\":\"https:\\\/\\\/fanmerch.fi\\\/wp-content\\\/uploads\\\/2026\\\/04\\\/classic-snapback-black-front-69ed471c2566f.jpg\",\"contentUrl\":\"https:\\\/\\\/fanmerch.fi\\\/wp-content\\\/uploads\\\/2026\\\/04\\\/classic-snapback-black-front-69ed471c2566f.jpg\",\"width\":2000,\"height\":2000},{\"@type\":\"BreadcrumbList\",\"@id\":\"https:\\\/\\\/fanmerch.fi\\\/product\\\/etelapaaty-liekkilogo-suoralippa\\\/#breadcrumb\",\"itemListElement\":[{\"@type\":\"ListItem\",\"position\":1,\"name\":\"Etusivu\",\"item\":\"https:\\\/\\\/fanmerch.fi\\\/\"},{\"@type\":\"ListItem\",\"position\":2,\"name\":\"Tuotteet\",\"item\":\"https:\\\/\\\/fanmerch.fi\\\/shop\\\/\"},{\"@type\":\"ListItem\",\"position\":3,\"name\":\"Etel\u00e4p\u00e4\u00e4ty &#8211; Liekkilogo, Suoralippa\"}]},{\"@type\":\"WebSite\",\"@id\":\"https:\\\/\\\/fanmerch.fi\\\/#website\",\"url\":\"https:\\\/\\\/fanmerch.fi\\\/\",\"name\":\"Fanmerch Finland - Your source of merch\",\"description\":\"Your source of merchandise\",\"publisher\":{\"@id\":\"https:\\\/\\\/fanmerch.fi\\\/#organization\"},\"potentialAction\":[{\"@type\":\"SearchAction\",\"target\":{\"@type\":\"EntryPoint\",\"urlTemplate\":\"https:\\\/\\\/fanmerch.fi\\\/?s={search_term_string}\"},\"query-input\":{\"@type\":\"PropertyValueSpecification\",\"valueRequired\":true,\"valueName\":\"search_term_string\"}}],\"inLanguage\":\"en-GB\"},{\"@type\":\"Organization\",\"@id\":\"https:\\\/\\\/fanmerch.fi\\\/#organization\",\"name\":\"Fanmerch Finlan\",\"url\":\"https:\\\/\\\/fanmerch.fi\\\/\",\"logo\":{\"@type\":\"ImageObject\",\"inLanguage\":\"en-GB\",\"@id\":\"https:\\\/\\\/fanmerch.fi\\\/#\\\/schema\\\/logo\\\/image\\\/\",\"url\":\"https:\\\/\\\/fanmerch.fi\\\/wp-content\\\/uploads\\\/2025\\\/06\\\/cropped-fanmerch-finland-site-logo.png\",\"contentUrl\":\"https:\\\/\\\/fanmerch.fi\\\/wp-content\\\/uploads\\\/2025\\\/06\\\/cropped-fanmerch-finland-site-logo.png\",\"width\":622,\"height\":180,\"caption\":\"Fanmerch Finlan\"},\"image\":{\"@id\":\"https:\\\/\\\/fanmerch.fi\\\/#\\\/schema\\\/logo\\\/image\\\/\"},\"sameAs\":[\"https:\\\/\\\/www.facebook.com\\\/fanmerchfinland\",\"https:\\\/\\\/x.com\\\/fanmerchfinland\",\"https:\\\/\\\/www.youtube.com\\\/@fanmerchfinland\",\"https:\\\/\\\/www.instagram.com\\\/fanmerchfinland\"]}]}<\/script>\n<meta property=\"product:price:amount\" content=\"25.00\" \/>\n<meta property=\"product:price:currency\" content=\"EUR\" \/>\n<meta property=\"og:availability\" content=\"instock\" \/>\n<meta property=\"product:availability\" content=\"instock\" \/>\n<meta property=\"product:retailer_item_id\" content=\"69ED472570C52\" \/>\n<meta property=\"product:condition\" content=\"new\" \/>\n<!-- \/ Yoast SEO Premium plugin. -->","yoast_head_json":{"title":"Etel\u00e4p\u00e4\u00e4ty - Liekkilogo, Suoralippa - Fanmerch Finland","description":"Etel\u00e4p\u00e4\u00e4ty - Liekkilogo, Suoralippa","robots":{"index":"index","follow":"follow","max-snippet":"max-snippet:-1","max-image-preview":"max-image-preview:large","max-video-preview":"max-video-preview:-1"},"canonical":"https:\/\/fanmerch.fi\/en\/product\/etelapaaty-liekkilogo-suoralippa\/","og_locale":"en_GB","og_type":"article","og_title":"Etel\u00e4p\u00e4\u00e4ty - Liekkilogo, Suoralippa - Fanmerch Finland","og_description":"Etel\u00e4p\u00e4\u00e4ty - Liekkilogo, Suoralippa","og_url":"https:\/\/fanmerch.fi\/en\/product\/etelapaaty-liekkilogo-suoralippa\/","og_site_name":"Fanmerch Finland","article_publisher":"https:\/\/www.facebook.com\/fanmerchfinland","article_modified_time":"2026-04-25T23:01:40+00:00","og_image":[{"width":2000,"height":2000,"url":"https:\/\/fanmerch.fi\/wp-content\/uploads\/2026\/04\/classic-snapback-black-front-69ed471c2566f.jpg","type":"image\/jpeg"}],"twitter_card":"summary_large_image","twitter_site":"@fanmerchfinland","twitter_misc":{"Price":"25,00&nbsp;&euro;","Availability":"In stock"},"schema":{"@context":"https:\/\/schema.org","@graph":[{"@type":"WebPage","@id":"https:\/\/fanmerch.fi\/product\/etelapaaty-liekkilogo-suoralippa\/","url":"https:\/\/fanmerch.fi\/product\/etelapaaty-liekkilogo-suoralippa\/","name":"Etel\u00e4p\u00e4\u00e4ty - Liekkilogo, Suoralippa - Fanmerch Finland","isPartOf":{"@id":"https:\/\/fanmerch.fi\/#website"},"primaryImageOfPage":{"@id":"https:\/\/fanmerch.fi\/product\/etelapaaty-liekkilogo-suoralippa\/#primaryimage"},"image":{"@id":"https:\/\/fanmerch.fi\/product\/etelapaaty-liekkilogo-suoralippa\/#primaryimage"},"thumbnailUrl":"https:\/\/fanmerch.fi\/wp-content\/uploads\/2026\/04\/classic-snapback-black-front-69ed471c2566f.jpg","datePublished":"2026-04-25T22:58:51+00:00","dateModified":"2026-04-25T23:01:40+00:00","description":"Etel\u00e4p\u00e4\u00e4ty - Liekkilogo, Suoralippa","breadcrumb":{"@id":"https:\/\/fanmerch.fi\/product\/etelapaaty-liekkilogo-suoralippa\/#breadcrumb"},"inLanguage":"en-GB","potentialAction":[{"@type":"ReadAction","target":["https:\/\/fanmerch.fi\/product\/etelapaaty-liekkilogo-suoralippa\/"]}]},{"@type":"ImageObject","inLanguage":"en-GB","@id":"https:\/\/fanmerch.fi\/product\/etelapaaty-liekkilogo-suoralippa\/#primaryimage","url":"https:\/\/fanmerch.fi\/wp-content\/uploads\/2026\/04\/classic-snapback-black-front-69ed471c2566f.jpg","contentUrl":"https:\/\/fanmerch.fi\/wp-content\/uploads\/2026\/04\/classic-snapback-black-front-69ed471c2566f.jpg","width":2000,"height":2000},{"@type":"BreadcrumbList","@id":"https:\/\/fanmerch.fi\/product\/etelapaaty-liekkilogo-suoralippa\/#breadcrumb","itemListElement":[{"@type":"ListItem","position":1,"name":"Etusivu","item":"https:\/\/fanmerch.fi\/"},{"@type":"ListItem","position":2,"name":"Tuotteet","item":"https:\/\/fanmerch.fi\/shop\/"},{"@type":"ListItem","position":3,"name":"Etel\u00e4p\u00e4\u00e4ty &#8211; Liekkilogo, Suoralippa"}]},{"@type":"WebSite","@id":"https:\/\/fanmerch.fi\/#website","url":"https:\/\/fanmerch.fi\/","name":"Fanmerch Finland - Your source of merch","description":"Your source of merchandise","publisher":{"@id":"https:\/\/fanmerch.fi\/#organization"},"potentialAction":[{"@type":"SearchAction","target":{"@type":"EntryPoint","urlTemplate":"https:\/\/fanmerch.fi\/?s={search_term_string}"},"query-input":{"@type":"PropertyValueSpecification","valueRequired":true,"valueName":"search_term_string"}}],"inLanguage":"en-GB"},{"@type":"Organization","@id":"https:\/\/fanmerch.fi\/#organization","name":"Fanmerch Finlan","url":"https:\/\/fanmerch.fi\/","logo":{"@type":"ImageObject","inLanguage":"en-GB","@id":"https:\/\/fanmerch.fi\/#\/schema\/logo\/image\/","url":"https:\/\/fanmerch.fi\/wp-content\/uploads\/2025\/06\/cropped-fanmerch-finland-site-logo.png","contentUrl":"https:\/\/fanmerch.fi\/wp-content\/uploads\/2025\/06\/cropped-fanmerch-finland-site-logo.png","width":622,"height":180,"caption":"Fanmerch Finlan"},"image":{"@id":"https:\/\/fanmerch.fi\/#\/schema\/logo\/image\/"},"sameAs":["https:\/\/www.facebook.com\/fanmerchfinland","https:\/\/x.com\/fanmerchfinland","https:\/\/www.youtube.com\/@fanmerchfinland","https:\/\/www.instagram.com\/fanmerchfinland"]}]},"product_price_amount":"25.00","product_price_currency":"EUR","og_availability":"instock","product_availability":"instock","product_retailer_item_id":"69ED472570C52","product_condition":"new"},"_links":{"self":[{"href":"https:\/\/fanmerch.fi\/en\/wp-json\/wp\/v2\/product\/19881","targetHints":{"allow":["GET"]}}],"collection":[{"href":"https:\/\/fanmerch.fi\/en\/wp-json\/wp\/v2\/product"}],"about":[{"href":"https:\/\/fanmerch.fi\/en\/wp-json\/wp\/v2\/types\/product"}],"wp:featuredmedia":[{"embeddable":true,"href":"https:\/\/fanmerch.fi\/en\/wp-json\/wp\/v2\/media\/19882"}],"wp:attachment":[{"href":"https:\/\/fanmerch.fi\/en\/wp-json\/wp\/v2\/media?parent=19881"}],"wp:term":[{"taxonomy":"product_brand","embeddable":true,"href":"https:\/\/fanmerch.fi\/en\/wp-json\/wp\/v2\/product_brand?post=19881"},{"taxonomy":"product_cat","embeddable":true,"href":"https:\/\/fanmerch.fi\/en\/wp-json\/wp\/v2\/product_cat?post=19881"},{"taxonomy":"product_tag","embeddable":true,"href":"https:\/\/fanmerch.fi\/en\/wp-json\/wp\/v2\/product_tag?post=19881"}],"curies":[{"name":"wp","href":"https:\/\/api.w.org\/{rel}","templated":true}]}}