{"id":20098,"date":"2026-04-30T11:50:51","date_gmt":"2026-04-30T09:50:51","guid":{"rendered":"https:\/\/fanmerch.fi\/product\/nasa-insignia-white-t-paita\/"},"modified":"2026-05-01T06:51:51","modified_gmt":"2026-05-01T04:51:51","slug":"nasa-insignia-white-t-paita","status":"publish","type":"product","link":"https:\/\/fanmerch.fi\/en\/product\/nasa-insignia-white-t-paita\/","title":{"rendered":"NASA &#8211; Insignia White, T-paita"},"content":{"rendered":"","protected":false},"excerpt":{"rendered":"<p><strong>PRODUCT DETAILS<\/strong><\/p>\n<p>T-paita on valmistettu 100 % pehme\u00e4st\u00e4 rengaskehr\u00e4tyst\u00e4 puuvillasta, joka kest\u00e4\u00e4 hyvin my\u00f6s aktiivista k\u00e4ytt\u00f6\u00e4. Kangas on esikutistettu, joten paita s\u00e4ilytt\u00e4\u00e4 muotonsa eik\u00e4 kutistu tai veny helposti ensimm\u00e4isiss\u00e4 pesuissa. Kun noudatat suositeltuja pesuohjeita, paita pysyy hyv\u00e4nn\u00e4k\u00f6isen\u00e4 ja laadukkaana pitk\u00e4\u00e4n.<\/p>\n<ul>\n<li><strong>Material:<\/strong>\u00a0100% ring-spun cotton<\/li>\n<li><strong>Manufacturer:<\/strong>\u00a0Gildan<\/li>\n<li><strong>Model:<\/strong>\u00a0GI64000<\/li>\n<li><strong>Weight:<\/strong>\u00a0153 g\/m\u00b2<\/li>\n<\/ul>\n<p><strong>Pesuohje:<\/strong><br \/>\nMachine wash at 40\u00b0C. For best results, we recommend washing the garment inside out to help maintain the print quality for longer. The product can be tumble dried on a normal setting, but we do not recommend using a tumble dryer to preserve its longevity.<\/p>","protected":false},"featured_media":20105,"template":"","meta":[],"product_brand":[],"product_cat":[418],"product_tag":[],"class_list":{"0":"post-20098","1":"product","2":"type-product","3":"status-publish","4":"has-post-thumbnail","6":"product_cat-nasa","8":"first","9":"instock","10":"taxable","11":"shipping-taxable","12":"purchasable","13":"product-type-variable"},"yoast_head":"<!-- This site is optimized with the Yoast SEO Premium plugin v25.7.1 (Yoast SEO v27.6) - https:\/\/yoast.com\/product\/yoast-seo-premium-wordpress\/ -->\n<title>NASA - Insignia White, T-paita - Fanmerch Finland<\/title>\n<meta name=\"description\" content=\"NASA - Insignia White, T-paita\" \/>\n<meta name=\"robots\" content=\"index, follow, max-snippet:-1, max-image-preview:large, max-video-preview:-1\" \/>\n<link rel=\"canonical\" href=\"https:\/\/fanmerch.fi\/en\/product\/nasa-insignia-white-t-paita\/\" \/>\n<meta property=\"og:locale\" content=\"en_GB\" \/>\n<meta property=\"og:type\" content=\"article\" \/>\n<meta property=\"og:title\" content=\"NASA - Insignia White, T-paita - Fanmerch Finland\" \/>\n<meta property=\"og:description\" content=\"NASA - Insignia White, T-paita\" \/>\n<meta property=\"og:url\" content=\"https:\/\/fanmerch.fi\/en\/product\/nasa-insignia-white-t-paita\/\" \/>\n<meta property=\"og:site_name\" content=\"Fanmerch Finland\" \/>\n<meta property=\"article:publisher\" content=\"https:\/\/www.facebook.com\/fanmerchfinland\" \/>\n<meta property=\"article:modified_time\" content=\"2026-05-01T04:51:51+00:00\" \/>\n<meta property=\"og:image\" content=\"https:\/\/fanmerch.fi\/wp-content\/uploads\/2026\/04\/unisex-basic-softstyle-t-shirt-white-front-69f325e5c7e35.jpg\" \/>\n\t<meta property=\"og:image:width\" content=\"2000\" \/>\n\t<meta property=\"og:image:height\" content=\"2000\" \/>\n\t<meta property=\"og:image:type\" content=\"image\/jpeg\" \/>\n<meta name=\"twitter:card\" content=\"summary_large_image\" \/>\n<meta name=\"twitter:site\" content=\"@fanmerchfinland\" \/>\n<meta name=\"twitter:label1\" content=\"Availability\" \/>\n\t<meta name=\"twitter:data1\" content=\"In stock\" \/>\n<script type=\"application\/ld+json\" class=\"yoast-schema-graph\">{\"@context\":\"https:\\\/\\\/schema.org\",\"@graph\":[{\"@type\":\"WebPage\",\"@id\":\"https:\\\/\\\/fanmerch.fi\\\/product\\\/nasa-insignia-white-t-paita\\\/\",\"url\":\"https:\\\/\\\/fanmerch.fi\\\/product\\\/nasa-insignia-white-t-paita\\\/\",\"name\":\"NASA - Insignia White, T-paita - Fanmerch Finland\",\"isPartOf\":{\"@id\":\"https:\\\/\\\/fanmerch.fi\\\/#website\"},\"primaryImageOfPage\":{\"@id\":\"https:\\\/\\\/fanmerch.fi\\\/product\\\/nasa-insignia-white-t-paita\\\/#primaryimage\"},\"image\":{\"@id\":\"https:\\\/\\\/fanmerch.fi\\\/product\\\/nasa-insignia-white-t-paita\\\/#primaryimage\"},\"thumbnailUrl\":\"https:\\\/\\\/fanmerch.fi\\\/wp-content\\\/uploads\\\/2026\\\/04\\\/unisex-basic-softstyle-t-shirt-white-front-69f325e5c7e35.jpg\",\"datePublished\":\"2026-04-30T09:50:51+00:00\",\"dateModified\":\"2026-05-01T04:51:51+00:00\",\"description\":\"NASA - Insignia White, T-paita\",\"breadcrumb\":{\"@id\":\"https:\\\/\\\/fanmerch.fi\\\/product\\\/nasa-insignia-white-t-paita\\\/#breadcrumb\"},\"inLanguage\":\"en-GB\",\"potentialAction\":[{\"@type\":\"ReadAction\",\"target\":[\"https:\\\/\\\/fanmerch.fi\\\/product\\\/nasa-insignia-white-t-paita\\\/\"]}]},{\"@type\":\"ImageObject\",\"inLanguage\":\"en-GB\",\"@id\":\"https:\\\/\\\/fanmerch.fi\\\/product\\\/nasa-insignia-white-t-paita\\\/#primaryimage\",\"url\":\"https:\\\/\\\/fanmerch.fi\\\/wp-content\\\/uploads\\\/2026\\\/04\\\/unisex-basic-softstyle-t-shirt-white-front-69f325e5c7e35.jpg\",\"contentUrl\":\"https:\\\/\\\/fanmerch.fi\\\/wp-content\\\/uploads\\\/2026\\\/04\\\/unisex-basic-softstyle-t-shirt-white-front-69f325e5c7e35.jpg\",\"width\":2000,\"height\":2000},{\"@type\":\"BreadcrumbList\",\"@id\":\"https:\\\/\\\/fanmerch.fi\\\/product\\\/nasa-insignia-white-t-paita\\\/#breadcrumb\",\"itemListElement\":[{\"@type\":\"ListItem\",\"position\":1,\"name\":\"Etusivu\",\"item\":\"https:\\\/\\\/fanmerch.fi\\\/\"},{\"@type\":\"ListItem\",\"position\":2,\"name\":\"Tuotteet\",\"item\":\"https:\\\/\\\/fanmerch.fi\\\/shop\\\/\"},{\"@type\":\"ListItem\",\"position\":3,\"name\":\"NASA &#8211; Insignia White, T-paita\"}]},{\"@type\":\"WebSite\",\"@id\":\"https:\\\/\\\/fanmerch.fi\\\/#website\",\"url\":\"https:\\\/\\\/fanmerch.fi\\\/\",\"name\":\"Fanmerch Finland - Your source of merch\",\"description\":\"Your source of merchandise\",\"publisher\":{\"@id\":\"https:\\\/\\\/fanmerch.fi\\\/#organization\"},\"potentialAction\":[{\"@type\":\"SearchAction\",\"target\":{\"@type\":\"EntryPoint\",\"urlTemplate\":\"https:\\\/\\\/fanmerch.fi\\\/?s={search_term_string}\"},\"query-input\":{\"@type\":\"PropertyValueSpecification\",\"valueRequired\":true,\"valueName\":\"search_term_string\"}}],\"inLanguage\":\"en-GB\"},{\"@type\":\"Organization\",\"@id\":\"https:\\\/\\\/fanmerch.fi\\\/#organization\",\"name\":\"Fanmerch Finlan\",\"url\":\"https:\\\/\\\/fanmerch.fi\\\/\",\"logo\":{\"@type\":\"ImageObject\",\"inLanguage\":\"en-GB\",\"@id\":\"https:\\\/\\\/fanmerch.fi\\\/#\\\/schema\\\/logo\\\/image\\\/\",\"url\":\"https:\\\/\\\/fanmerch.fi\\\/wp-content\\\/uploads\\\/2025\\\/06\\\/cropped-fanmerch-finland-site-logo.png\",\"contentUrl\":\"https:\\\/\\\/fanmerch.fi\\\/wp-content\\\/uploads\\\/2025\\\/06\\\/cropped-fanmerch-finland-site-logo.png\",\"width\":622,\"height\":180,\"caption\":\"Fanmerch Finlan\"},\"image\":{\"@id\":\"https:\\\/\\\/fanmerch.fi\\\/#\\\/schema\\\/logo\\\/image\\\/\"},\"sameAs\":[\"https:\\\/\\\/www.facebook.com\\\/fanmerchfinland\",\"https:\\\/\\\/x.com\\\/fanmerchfinland\",\"https:\\\/\\\/www.youtube.com\\\/@fanmerchfinland\",\"https:\\\/\\\/www.instagram.com\\\/fanmerchfinland\"]}]}<\/script>\n<meta property=\"og:availability\" content=\"instock\" \/>\n<meta property=\"product:availability\" content=\"instock\" \/>\n<meta property=\"product:condition\" content=\"new\" \/>\n<!-- \/ Yoast SEO Premium plugin. -->","yoast_head_json":{"title":"NASA - Insignia White, T-paita - Fanmerch Finland","description":"NASA - Insignia White, T-paita","robots":{"index":"index","follow":"follow","max-snippet":"max-snippet:-1","max-image-preview":"max-image-preview:large","max-video-preview":"max-video-preview:-1"},"canonical":"https:\/\/fanmerch.fi\/en\/product\/nasa-insignia-white-t-paita\/","og_locale":"en_GB","og_type":"article","og_title":"NASA - Insignia White, T-paita - Fanmerch Finland","og_description":"NASA - Insignia White, T-paita","og_url":"https:\/\/fanmerch.fi\/en\/product\/nasa-insignia-white-t-paita\/","og_site_name":"Fanmerch Finland","article_publisher":"https:\/\/www.facebook.com\/fanmerchfinland","article_modified_time":"2026-05-01T04:51:51+00:00","og_image":[{"width":2000,"height":2000,"url":"https:\/\/fanmerch.fi\/wp-content\/uploads\/2026\/04\/unisex-basic-softstyle-t-shirt-white-front-69f325e5c7e35.jpg","type":"image\/jpeg"}],"twitter_card":"summary_large_image","twitter_site":"@fanmerchfinland","twitter_misc":{"Availability":"In stock"},"schema":{"@context":"https:\/\/schema.org","@graph":[{"@type":"WebPage","@id":"https:\/\/fanmerch.fi\/product\/nasa-insignia-white-t-paita\/","url":"https:\/\/fanmerch.fi\/product\/nasa-insignia-white-t-paita\/","name":"NASA - Insignia White, T-paita - Fanmerch Finland","isPartOf":{"@id":"https:\/\/fanmerch.fi\/#website"},"primaryImageOfPage":{"@id":"https:\/\/fanmerch.fi\/product\/nasa-insignia-white-t-paita\/#primaryimage"},"image":{"@id":"https:\/\/fanmerch.fi\/product\/nasa-insignia-white-t-paita\/#primaryimage"},"thumbnailUrl":"https:\/\/fanmerch.fi\/wp-content\/uploads\/2026\/04\/unisex-basic-softstyle-t-shirt-white-front-69f325e5c7e35.jpg","datePublished":"2026-04-30T09:50:51+00:00","dateModified":"2026-05-01T04:51:51+00:00","description":"NASA - Insignia White, T-paita","breadcrumb":{"@id":"https:\/\/fanmerch.fi\/product\/nasa-insignia-white-t-paita\/#breadcrumb"},"inLanguage":"en-GB","potentialAction":[{"@type":"ReadAction","target":["https:\/\/fanmerch.fi\/product\/nasa-insignia-white-t-paita\/"]}]},{"@type":"ImageObject","inLanguage":"en-GB","@id":"https:\/\/fanmerch.fi\/product\/nasa-insignia-white-t-paita\/#primaryimage","url":"https:\/\/fanmerch.fi\/wp-content\/uploads\/2026\/04\/unisex-basic-softstyle-t-shirt-white-front-69f325e5c7e35.jpg","contentUrl":"https:\/\/fanmerch.fi\/wp-content\/uploads\/2026\/04\/unisex-basic-softstyle-t-shirt-white-front-69f325e5c7e35.jpg","width":2000,"height":2000},{"@type":"BreadcrumbList","@id":"https:\/\/fanmerch.fi\/product\/nasa-insignia-white-t-paita\/#breadcrumb","itemListElement":[{"@type":"ListItem","position":1,"name":"Etusivu","item":"https:\/\/fanmerch.fi\/"},{"@type":"ListItem","position":2,"name":"Tuotteet","item":"https:\/\/fanmerch.fi\/shop\/"},{"@type":"ListItem","position":3,"name":"NASA &#8211; Insignia White, T-paita"}]},{"@type":"WebSite","@id":"https:\/\/fanmerch.fi\/#website","url":"https:\/\/fanmerch.fi\/","name":"Fanmerch Finland - Your source of merch","description":"Your source of merchandise","publisher":{"@id":"https:\/\/fanmerch.fi\/#organization"},"potentialAction":[{"@type":"SearchAction","target":{"@type":"EntryPoint","urlTemplate":"https:\/\/fanmerch.fi\/?s={search_term_string}"},"query-input":{"@type":"PropertyValueSpecification","valueRequired":true,"valueName":"search_term_string"}}],"inLanguage":"en-GB"},{"@type":"Organization","@id":"https:\/\/fanmerch.fi\/#organization","name":"Fanmerch Finlan","url":"https:\/\/fanmerch.fi\/","logo":{"@type":"ImageObject","inLanguage":"en-GB","@id":"https:\/\/fanmerch.fi\/#\/schema\/logo\/image\/","url":"https:\/\/fanmerch.fi\/wp-content\/uploads\/2025\/06\/cropped-fanmerch-finland-site-logo.png","contentUrl":"https:\/\/fanmerch.fi\/wp-content\/uploads\/2025\/06\/cropped-fanmerch-finland-site-logo.png","width":622,"height":180,"caption":"Fanmerch Finlan"},"image":{"@id":"https:\/\/fanmerch.fi\/#\/schema\/logo\/image\/"},"sameAs":["https:\/\/www.facebook.com\/fanmerchfinland","https:\/\/x.com\/fanmerchfinland","https:\/\/www.youtube.com\/@fanmerchfinland","https:\/\/www.instagram.com\/fanmerchfinland"]}]},"og_availability":"instock","product_availability":"instock","product_condition":"new"},"_links":{"self":[{"href":"https:\/\/fanmerch.fi\/en\/wp-json\/wp\/v2\/product\/20098","targetHints":{"allow":["GET"]}}],"collection":[{"href":"https:\/\/fanmerch.fi\/en\/wp-json\/wp\/v2\/product"}],"about":[{"href":"https:\/\/fanmerch.fi\/en\/wp-json\/wp\/v2\/types\/product"}],"wp:featuredmedia":[{"embeddable":true,"href":"https:\/\/fanmerch.fi\/en\/wp-json\/wp\/v2\/media\/20105"}],"wp:attachment":[{"href":"https:\/\/fanmerch.fi\/en\/wp-json\/wp\/v2\/media?parent=20098"}],"wp:term":[{"taxonomy":"product_brand","embeddable":true,"href":"https:\/\/fanmerch.fi\/en\/wp-json\/wp\/v2\/product_brand?post=20098"},{"taxonomy":"product_cat","embeddable":true,"href":"https:\/\/fanmerch.fi\/en\/wp-json\/wp\/v2\/product_cat?post=20098"},{"taxonomy":"product_tag","embeddable":true,"href":"https:\/\/fanmerch.fi\/en\/wp-json\/wp\/v2\/product_tag?post=20098"}],"curies":[{"name":"wp","href":"https:\/\/api.w.org\/{rel}","templated":true}]}}