{"id":20294,"date":"2026-05-01T17:11:44","date_gmt":"2026-05-01T14:11:44","guid":{"rendered":"https:\/\/fanmerch.fi\/product\/suolahden-urho-navy-taitepipo\/"},"modified":"2026-05-01T17:22:36","modified_gmt":"2026-05-01T14:22:36","slug":"suolahden-urho-navy-taitepipo","status":"publish","type":"product","link":"https:\/\/fanmerch.fi\/en\/product\/suolahden-urho-navy-taitepipo\/","title":{"rendered":"Suolahden Urho &#8211; Navy, Taitepipo"},"content":{"rendered":"","protected":false},"excerpt":{"rendered":"<p><strong>PRODUCT DETAILS<\/strong><\/p>\n<p data-start=\"17\" data-end=\"240\">Pipo on napakasti istuva ja miellytt\u00e4v\u00e4n tuntuinen asuste, joka pit\u00e4\u00e4 p\u00e4\u00e4n l\u00e4mpim\u00e4n\u00e4 viile\u00e4mm\u00e4ll\u00e4 s\u00e4\u00e4ll\u00e4. Yksinkertainen ja ajaton malli tekee siit\u00e4 helposti yhdistelt\u00e4v\u00e4n tuotteen arkeen, vapaa-aikaan ja fanipukeutumiseen.<\/p>\n<p data-start=\"242\" data-end=\"514\">Pipo on valmistettu 100 % Turbo Acrylic -materiaalista, joka on kevyt, pehme\u00e4 ja hyvin muotonsa s\u00e4ilytt\u00e4v\u00e4. Materiaali on hypoallergeeninen, joten se sopii hyvin my\u00f6s herkemm\u00e4lle iholle. Unisex-mallinsa ansiosta pipo sopii monenlaiseen k\u00e4ytt\u00f6\u00f6n ja erilaisille k\u00e4ytt\u00e4jille.<\/p>\n<p data-start=\"516\" data-end=\"649\" data-is-last-node=\"\" data-is-only-node=\"\">Pipon pituus on noin 30 cm. Tuote suositellaan pest\u00e4v\u00e4ksi k\u00e4sin, jotta materiaali ja istuvuus s\u00e4ilyv\u00e4t mahdollisimman hyv\u00e4n\u00e4 pitk\u00e4\u00e4n.<\/p>\n<ul>\n<li><strong>Material:<\/strong> 100% Turbo Akryyli<\/li>\n<li><strong>Manufacturer:<\/strong> Yupoong<\/li>\n<li><strong>Model:<\/strong> 1501KC<\/li>\n<\/ul>\n<p><strong>Pesuohje:<\/strong><br \/>\nPese tuote k\u00e4sin viile\u00e4ss\u00e4 tai haaleassa vedess\u00e4. Parhaan lopputuloksen saavuttamiseksi suosittelemme hell\u00e4varaista pesua ja voimakasta hankaamista v\u00e4ltt\u00e4en \u2013 n\u00e4in pipo s\u00e4ilytt\u00e4\u00e4 muotonsa ja materiaalinsa mahdollisimman hyv\u00e4n\u00e4 pitk\u00e4\u00e4n. Muotoile tuote kosteana ja anna kuivua ilmavasti. Kuivausrummun k\u00e4ytt\u00f6\u00e4 emme suosittele.<\/p>","protected":false},"featured_media":20295,"template":"","meta":[],"product_brand":[],"product_cat":[233],"product_tag":[79,84],"class_list":{"0":"post-20294","1":"product","2":"type-product","3":"status-publish","4":"has-post-thumbnail","6":"product_cat-suolahden-urho","7":"product_tag-kaikki","8":"product_tag-paahineet","10":"first","11":"instock","12":"taxable","13":"shipping-taxable","14":"purchasable","15":"product-type-simple"},"yoast_head":"<!-- This site is optimized with the Yoast SEO Premium plugin v25.7.1 (Yoast SEO v27.5) - https:\/\/yoast.com\/product\/yoast-seo-premium-wordpress\/ -->\n<title>Suolahden Urho - Navy, Taitepipo - Fanmerch Finland<\/title>\n<meta name=\"description\" content=\"Suolahden Urho - Navy, Taitepipo\" \/>\n<meta name=\"robots\" content=\"index, follow, max-snippet:-1, max-image-preview:large, max-video-preview:-1\" \/>\n<link rel=\"canonical\" href=\"https:\/\/fanmerch.fi\/en\/product\/suolahden-urho-navy-taitepipo\/\" \/>\n<meta property=\"og:locale\" content=\"en_GB\" \/>\n<meta property=\"og:type\" content=\"article\" \/>\n<meta property=\"og:title\" content=\"Suolahden Urho - Navy, Taitepipo - Fanmerch Finland\" \/>\n<meta property=\"og:description\" content=\"Suolahden Urho - Navy, Taitepipo\" \/>\n<meta property=\"og:url\" content=\"https:\/\/fanmerch.fi\/en\/product\/suolahden-urho-navy-taitepipo\/\" \/>\n<meta property=\"og:site_name\" content=\"Fanmerch Finland\" \/>\n<meta property=\"article:publisher\" content=\"https:\/\/www.facebook.com\/fanmerchfinland\" \/>\n<meta property=\"article:modified_time\" content=\"2026-05-01T14:22:36+00:00\" \/>\n<meta property=\"og:image\" content=\"https:\/\/fanmerch.fi\/wp-content\/uploads\/2026\/05\/cuffed-beanie-navy-front-69f4b497ee839.jpg\" \/>\n\t<meta property=\"og:image:width\" content=\"2000\" \/>\n\t<meta property=\"og:image:height\" content=\"2000\" \/>\n\t<meta property=\"og:image:type\" content=\"image\/jpeg\" \/>\n<meta name=\"twitter:card\" content=\"summary_large_image\" \/>\n<meta name=\"twitter:site\" content=\"@fanmerchfinland\" \/>\n<meta name=\"twitter:label1\" content=\"Price\" \/>\n\t<meta name=\"twitter:data1\" content=\"25,00&nbsp;&euro;\" \/>\n\t<meta name=\"twitter:label2\" content=\"Availability\" \/>\n\t<meta name=\"twitter:data2\" content=\"In stock\" \/>\n<script type=\"application\/ld+json\" class=\"yoast-schema-graph\">{\"@context\":\"https:\\\/\\\/schema.org\",\"@graph\":[{\"@type\":\"WebPage\",\"@id\":\"https:\\\/\\\/fanmerch.fi\\\/product\\\/suolahden-urho-navy-taitepipo\\\/\",\"url\":\"https:\\\/\\\/fanmerch.fi\\\/product\\\/suolahden-urho-navy-taitepipo\\\/\",\"name\":\"Suolahden Urho - Navy, Taitepipo - Fanmerch Finland\",\"isPartOf\":{\"@id\":\"https:\\\/\\\/fanmerch.fi\\\/#website\"},\"primaryImageOfPage\":{\"@id\":\"https:\\\/\\\/fanmerch.fi\\\/product\\\/suolahden-urho-navy-taitepipo\\\/#primaryimage\"},\"image\":{\"@id\":\"https:\\\/\\\/fanmerch.fi\\\/product\\\/suolahden-urho-navy-taitepipo\\\/#primaryimage\"},\"thumbnailUrl\":\"https:\\\/\\\/fanmerch.fi\\\/wp-content\\\/uploads\\\/2026\\\/05\\\/cuffed-beanie-navy-front-69f4b497ee839.jpg\",\"datePublished\":\"2026-05-01T14:11:44+00:00\",\"dateModified\":\"2026-05-01T14:22:36+00:00\",\"description\":\"Suolahden Urho - Navy, Taitepipo\",\"breadcrumb\":{\"@id\":\"https:\\\/\\\/fanmerch.fi\\\/product\\\/suolahden-urho-navy-taitepipo\\\/#breadcrumb\"},\"inLanguage\":\"en-GB\",\"potentialAction\":[{\"@type\":\"ReadAction\",\"target\":[\"https:\\\/\\\/fanmerch.fi\\\/product\\\/suolahden-urho-navy-taitepipo\\\/\"]}]},{\"@type\":\"ImageObject\",\"inLanguage\":\"en-GB\",\"@id\":\"https:\\\/\\\/fanmerch.fi\\\/product\\\/suolahden-urho-navy-taitepipo\\\/#primaryimage\",\"url\":\"https:\\\/\\\/fanmerch.fi\\\/wp-content\\\/uploads\\\/2026\\\/05\\\/cuffed-beanie-navy-front-69f4b497ee839.jpg\",\"contentUrl\":\"https:\\\/\\\/fanmerch.fi\\\/wp-content\\\/uploads\\\/2026\\\/05\\\/cuffed-beanie-navy-front-69f4b497ee839.jpg\",\"width\":2000,\"height\":2000},{\"@type\":\"BreadcrumbList\",\"@id\":\"https:\\\/\\\/fanmerch.fi\\\/product\\\/suolahden-urho-navy-taitepipo\\\/#breadcrumb\",\"itemListElement\":[{\"@type\":\"ListItem\",\"position\":1,\"name\":\"Etusivu\",\"item\":\"https:\\\/\\\/fanmerch.fi\\\/\"},{\"@type\":\"ListItem\",\"position\":2,\"name\":\"Tuotteet\",\"item\":\"https:\\\/\\\/fanmerch.fi\\\/shop\\\/\"},{\"@type\":\"ListItem\",\"position\":3,\"name\":\"Suolahden Urho &#8211; Navy, Taitepipo\"}]},{\"@type\":\"WebSite\",\"@id\":\"https:\\\/\\\/fanmerch.fi\\\/#website\",\"url\":\"https:\\\/\\\/fanmerch.fi\\\/\",\"name\":\"Fanmerch Finland - Your source of merch\",\"description\":\"Your source of merchandise\",\"publisher\":{\"@id\":\"https:\\\/\\\/fanmerch.fi\\\/#organization\"},\"potentialAction\":[{\"@type\":\"SearchAction\",\"target\":{\"@type\":\"EntryPoint\",\"urlTemplate\":\"https:\\\/\\\/fanmerch.fi\\\/?s={search_term_string}\"},\"query-input\":{\"@type\":\"PropertyValueSpecification\",\"valueRequired\":true,\"valueName\":\"search_term_string\"}}],\"inLanguage\":\"en-GB\"},{\"@type\":\"Organization\",\"@id\":\"https:\\\/\\\/fanmerch.fi\\\/#organization\",\"name\":\"Fanmerch Finlan\",\"url\":\"https:\\\/\\\/fanmerch.fi\\\/\",\"logo\":{\"@type\":\"ImageObject\",\"inLanguage\":\"en-GB\",\"@id\":\"https:\\\/\\\/fanmerch.fi\\\/#\\\/schema\\\/logo\\\/image\\\/\",\"url\":\"https:\\\/\\\/fanmerch.fi\\\/wp-content\\\/uploads\\\/2025\\\/06\\\/cropped-fanmerch-finland-site-logo.png\",\"contentUrl\":\"https:\\\/\\\/fanmerch.fi\\\/wp-content\\\/uploads\\\/2025\\\/06\\\/cropped-fanmerch-finland-site-logo.png\",\"width\":622,\"height\":180,\"caption\":\"Fanmerch Finlan\"},\"image\":{\"@id\":\"https:\\\/\\\/fanmerch.fi\\\/#\\\/schema\\\/logo\\\/image\\\/\"},\"sameAs\":[\"https:\\\/\\\/www.facebook.com\\\/fanmerchfinland\",\"https:\\\/\\\/x.com\\\/fanmerchfinland\",\"https:\\\/\\\/www.youtube.com\\\/@fanmerchfinland\",\"https:\\\/\\\/www.instagram.com\\\/fanmerchfinland\"]}]}<\/script>\n<meta property=\"product:price:amount\" content=\"25.00\" \/>\n<meta property=\"product:price:currency\" content=\"EUR\" \/>\n<meta property=\"og:availability\" content=\"instock\" \/>\n<meta property=\"product:availability\" content=\"instock\" \/>\n<meta property=\"product:retailer_item_id\" content=\"69F4B49D208D3\" \/>\n<meta property=\"product:condition\" content=\"new\" \/>\n<!-- \/ Yoast SEO Premium plugin. -->","yoast_head_json":{"title":"Suolahden Urho - Navy, Taitepipo - Fanmerch Finland","description":"Suolahden Urho - Navy, Taitepipo","robots":{"index":"index","follow":"follow","max-snippet":"max-snippet:-1","max-image-preview":"max-image-preview:large","max-video-preview":"max-video-preview:-1"},"canonical":"https:\/\/fanmerch.fi\/en\/product\/suolahden-urho-navy-taitepipo\/","og_locale":"en_GB","og_type":"article","og_title":"Suolahden Urho - Navy, Taitepipo - Fanmerch Finland","og_description":"Suolahden Urho - Navy, Taitepipo","og_url":"https:\/\/fanmerch.fi\/en\/product\/suolahden-urho-navy-taitepipo\/","og_site_name":"Fanmerch Finland","article_publisher":"https:\/\/www.facebook.com\/fanmerchfinland","article_modified_time":"2026-05-01T14:22:36+00:00","og_image":[{"width":2000,"height":2000,"url":"https:\/\/fanmerch.fi\/wp-content\/uploads\/2026\/05\/cuffed-beanie-navy-front-69f4b497ee839.jpg","type":"image\/jpeg"}],"twitter_card":"summary_large_image","twitter_site":"@fanmerchfinland","twitter_misc":{"Price":"25,00&nbsp;&euro;","Availability":"In stock"},"schema":{"@context":"https:\/\/schema.org","@graph":[{"@type":"WebPage","@id":"https:\/\/fanmerch.fi\/product\/suolahden-urho-navy-taitepipo\/","url":"https:\/\/fanmerch.fi\/product\/suolahden-urho-navy-taitepipo\/","name":"Suolahden Urho - Navy, Taitepipo - Fanmerch Finland","isPartOf":{"@id":"https:\/\/fanmerch.fi\/#website"},"primaryImageOfPage":{"@id":"https:\/\/fanmerch.fi\/product\/suolahden-urho-navy-taitepipo\/#primaryimage"},"image":{"@id":"https:\/\/fanmerch.fi\/product\/suolahden-urho-navy-taitepipo\/#primaryimage"},"thumbnailUrl":"https:\/\/fanmerch.fi\/wp-content\/uploads\/2026\/05\/cuffed-beanie-navy-front-69f4b497ee839.jpg","datePublished":"2026-05-01T14:11:44+00:00","dateModified":"2026-05-01T14:22:36+00:00","description":"Suolahden Urho - Navy, Taitepipo","breadcrumb":{"@id":"https:\/\/fanmerch.fi\/product\/suolahden-urho-navy-taitepipo\/#breadcrumb"},"inLanguage":"en-GB","potentialAction":[{"@type":"ReadAction","target":["https:\/\/fanmerch.fi\/product\/suolahden-urho-navy-taitepipo\/"]}]},{"@type":"ImageObject","inLanguage":"en-GB","@id":"https:\/\/fanmerch.fi\/product\/suolahden-urho-navy-taitepipo\/#primaryimage","url":"https:\/\/fanmerch.fi\/wp-content\/uploads\/2026\/05\/cuffed-beanie-navy-front-69f4b497ee839.jpg","contentUrl":"https:\/\/fanmerch.fi\/wp-content\/uploads\/2026\/05\/cuffed-beanie-navy-front-69f4b497ee839.jpg","width":2000,"height":2000},{"@type":"BreadcrumbList","@id":"https:\/\/fanmerch.fi\/product\/suolahden-urho-navy-taitepipo\/#breadcrumb","itemListElement":[{"@type":"ListItem","position":1,"name":"Etusivu","item":"https:\/\/fanmerch.fi\/"},{"@type":"ListItem","position":2,"name":"Tuotteet","item":"https:\/\/fanmerch.fi\/shop\/"},{"@type":"ListItem","position":3,"name":"Suolahden Urho &#8211; Navy, Taitepipo"}]},{"@type":"WebSite","@id":"https:\/\/fanmerch.fi\/#website","url":"https:\/\/fanmerch.fi\/","name":"Fanmerch Finland - Your source of merch","description":"Your source of merchandise","publisher":{"@id":"https:\/\/fanmerch.fi\/#organization"},"potentialAction":[{"@type":"SearchAction","target":{"@type":"EntryPoint","urlTemplate":"https:\/\/fanmerch.fi\/?s={search_term_string}"},"query-input":{"@type":"PropertyValueSpecification","valueRequired":true,"valueName":"search_term_string"}}],"inLanguage":"en-GB"},{"@type":"Organization","@id":"https:\/\/fanmerch.fi\/#organization","name":"Fanmerch Finlan","url":"https:\/\/fanmerch.fi\/","logo":{"@type":"ImageObject","inLanguage":"en-GB","@id":"https:\/\/fanmerch.fi\/#\/schema\/logo\/image\/","url":"https:\/\/fanmerch.fi\/wp-content\/uploads\/2025\/06\/cropped-fanmerch-finland-site-logo.png","contentUrl":"https:\/\/fanmerch.fi\/wp-content\/uploads\/2025\/06\/cropped-fanmerch-finland-site-logo.png","width":622,"height":180,"caption":"Fanmerch Finlan"},"image":{"@id":"https:\/\/fanmerch.fi\/#\/schema\/logo\/image\/"},"sameAs":["https:\/\/www.facebook.com\/fanmerchfinland","https:\/\/x.com\/fanmerchfinland","https:\/\/www.youtube.com\/@fanmerchfinland","https:\/\/www.instagram.com\/fanmerchfinland"]}]},"product_price_amount":"25.00","product_price_currency":"EUR","og_availability":"instock","product_availability":"instock","product_retailer_item_id":"69F4B49D208D3","product_condition":"new"},"_links":{"self":[{"href":"https:\/\/fanmerch.fi\/en\/wp-json\/wp\/v2\/product\/20294","targetHints":{"allow":["GET"]}}],"collection":[{"href":"https:\/\/fanmerch.fi\/en\/wp-json\/wp\/v2\/product"}],"about":[{"href":"https:\/\/fanmerch.fi\/en\/wp-json\/wp\/v2\/types\/product"}],"wp:featuredmedia":[{"embeddable":true,"href":"https:\/\/fanmerch.fi\/en\/wp-json\/wp\/v2\/media\/20295"}],"wp:attachment":[{"href":"https:\/\/fanmerch.fi\/en\/wp-json\/wp\/v2\/media?parent=20294"}],"wp:term":[{"taxonomy":"product_brand","embeddable":true,"href":"https:\/\/fanmerch.fi\/en\/wp-json\/wp\/v2\/product_brand?post=20294"},{"taxonomy":"product_cat","embeddable":true,"href":"https:\/\/fanmerch.fi\/en\/wp-json\/wp\/v2\/product_cat?post=20294"},{"taxonomy":"product_tag","embeddable":true,"href":"https:\/\/fanmerch.fi\/en\/wp-json\/wp\/v2\/product_tag?post=20294"}],"curies":[{"name":"wp","href":"https:\/\/api.w.org\/{rel}","templated":true}]}}