{"id":20331,"date":"2026-05-01T18:22:46","date_gmt":"2026-05-01T15:22:46","guid":{"rendered":"https:\/\/fanmerch.fi\/product\/suolahden-urho-crest-light-pink-huppari\/"},"modified":"2026-05-01T18:26:56","modified_gmt":"2026-05-01T15:26:56","slug":"suolahden-urho-crest-light-pink-huppari","status":"publish","type":"product","link":"https:\/\/fanmerch.fi\/en\/product\/suolahden-urho-crest-light-pink-huppari\/","title":{"rendered":"Suolahden Urho &#8211; Crest &#8211; Light Pink, Huppari"},"content":{"rendered":"<p>Everyone needs a cozy go-to hoodie to curl up in, so go for one that\u2019s soft, smooth, and stylish. It\u2019s the perfect choice for cooler evenings!<\/p>\n<p>\u2022 50% pre-shrunk cotton, 50% polyester<br \/>\nHeather Sport Dark Navy is 40% cotton, 60% polyester<br \/>\n\u2022 Fabric weight: 8.0 oz\/yd\u00b2 (271.25 g\/m\u00b2)<br \/>\n\u2022 Air-jet spun yarn with a soft feel and reduced pilling<br \/>\n\u2022 Double-lined hood with matching drawcord<br \/>\n\u2022 Quarter-turned body to avoid crease down the middle<br \/>\n\u2022 1 \u00d7 1 athletic rib-knit cuffs and waistband with spandex<br \/>\n\u2022 Front pouch pocket<br \/>\n\u2022 Double-needle stitched collar, shoulders, armholes, cuffs, and hem<br \/>\n\u2022 Blank product sourced from Bangladesh, Nicaragua, Honduras or El Salvador<\/p>\n<p>Disclaimer: Due to the fabric properties, the White color variant may appear off-white rather than bright white.<\/p>","protected":false},"excerpt":{"rendered":"<p><strong>PRODUCT DETAILS<\/strong><\/p>\n<p>Huppari on valmistettu pehme\u00e4st\u00e4 ja kest\u00e4v\u00e4st\u00e4 kangassekoitteesta (50 % esikutistettua rengaskehr\u00e4tty\u00e4 puuvillaa ja 50 % polyesteri\u00e4), joka tuntuu miellytt\u00e4v\u00e4lt\u00e4 p\u00e4\u00e4ll\u00e4 ja kest\u00e4\u00e4 hyvin k\u00e4ytt\u00f6\u00e4. Sis\u00e4pinta on harjattu, mik\u00e4 tekee hupparista l\u00e4mpim\u00e4n ja mukavan viile\u00e4mpiin p\u00e4iviin.<\/p>\n<p>The high-quality fabric retains its shape and does not easily shrink or stretch during the first washes. By following the recommended care instructions, the hoodie will maintain its look and quality for a long time.<\/p>\n<ul>\n<li><strong>Material:<\/strong> 50% rengaskehr\u00e4tty\u00e4 puuvillaa \/ 50% polyesteri<\/li>\n<li><strong>Manufacturer:<\/strong>\u00a0Gildan<\/li>\n<li><strong>Model:<\/strong> GI18500<\/li>\n<li><strong>Weight:<\/strong> 271.25 g\/m\u00b2<\/li>\n<\/ul>\n<p><strong>Pesuohje:<\/strong><br \/>\nMachine wash at 40\u00b0C. For best results, we recommend washing the garment inside out to help maintain the print quality for longer. The product can be tumble dried on a normal setting, but we do not recommend using a tumble dryer to preserve its longevity.<\/p>","protected":false},"featured_media":20338,"template":"","meta":[],"product_brand":[],"product_cat":[233],"product_tag":[79,304],"class_list":{"0":"post-20331","1":"product","2":"type-product","3":"status-publish","4":"has-post-thumbnail","6":"product_cat-suolahden-urho","7":"product_tag-kaikki","8":"product_tag-vaatteet","10":"first","11":"instock","12":"taxable","13":"shipping-taxable","14":"purchasable","15":"product-type-variable"},"yoast_head":"<!-- This site is optimized with the Yoast SEO Premium plugin v25.7.1 (Yoast SEO v27.5) - https:\/\/yoast.com\/product\/yoast-seo-premium-wordpress\/ -->\n<title>Suolahden Urho - Crest - Light Pink, Huppari - Fanmerch Finland<\/title>\n<meta name=\"description\" content=\"Suolahden Urho - Crest - Light Pink, Huppari on valmistettu pehme\u00e4st\u00e4 ja kest\u00e4v\u00e4st\u00e4 kangassekoitteesta, joka tuntuu miellytt\u00e4v\u00e4lt\u00e4 p\u00e4\u00e4ll\u00e4.\" \/>\n<meta name=\"robots\" content=\"index, follow, max-snippet:-1, max-image-preview:large, max-video-preview:-1\" \/>\n<link rel=\"canonical\" href=\"https:\/\/fanmerch.fi\/en\/product\/suolahden-urho-crest-light-pink-huppari\/\" \/>\n<meta property=\"og:locale\" content=\"en_GB\" \/>\n<meta property=\"og:type\" content=\"article\" \/>\n<meta property=\"og:title\" content=\"Suolahden Urho - Crest - Light Pink, Huppari - Fanmerch Finland\" \/>\n<meta property=\"og:description\" content=\"Suolahden Urho - Crest - Light Pink, Huppari\" \/>\n<meta property=\"og:url\" content=\"https:\/\/fanmerch.fi\/en\/product\/suolahden-urho-crest-light-pink-huppari\/\" \/>\n<meta property=\"og:site_name\" content=\"Fanmerch Finland\" \/>\n<meta property=\"article:publisher\" content=\"https:\/\/www.facebook.com\/fanmerchfinland\" \/>\n<meta property=\"article:modified_time\" content=\"2026-05-01T15:26:56+00:00\" \/>\n<meta property=\"og:image\" content=\"https:\/\/fanmerch.fi\/wp-content\/uploads\/2026\/05\/unisex-heavy-blend-hoodie-light-pink-front-69f4c5325e34f.jpg\" \/>\n\t<meta property=\"og:image:width\" content=\"2000\" \/>\n\t<meta property=\"og:image:height\" content=\"2000\" \/>\n\t<meta property=\"og:image:type\" content=\"image\/jpeg\" \/>\n<meta name=\"twitter:card\" content=\"summary_large_image\" \/>\n<meta name=\"twitter:site\" content=\"@fanmerchfinland\" \/>\n<meta name=\"twitter:label1\" content=\"Availability\" \/>\n\t<meta name=\"twitter:data1\" content=\"In stock\" \/>\n<script type=\"application\/ld+json\" class=\"yoast-schema-graph\">{\"@context\":\"https:\\\/\\\/schema.org\",\"@graph\":[{\"@type\":\"WebPage\",\"@id\":\"https:\\\/\\\/fanmerch.fi\\\/product\\\/suolahden-urho-crest-light-pink-huppari\\\/\",\"url\":\"https:\\\/\\\/fanmerch.fi\\\/product\\\/suolahden-urho-crest-light-pink-huppari\\\/\",\"name\":\"Suolahden Urho - Crest - Light Pink, Huppari - Fanmerch Finland\",\"isPartOf\":{\"@id\":\"https:\\\/\\\/fanmerch.fi\\\/#website\"},\"primaryImageOfPage\":{\"@id\":\"https:\\\/\\\/fanmerch.fi\\\/product\\\/suolahden-urho-crest-light-pink-huppari\\\/#primaryimage\"},\"image\":{\"@id\":\"https:\\\/\\\/fanmerch.fi\\\/product\\\/suolahden-urho-crest-light-pink-huppari\\\/#primaryimage\"},\"thumbnailUrl\":\"https:\\\/\\\/fanmerch.fi\\\/wp-content\\\/uploads\\\/2026\\\/05\\\/unisex-heavy-blend-hoodie-light-pink-front-69f4c5325e34f.jpg\",\"datePublished\":\"2026-05-01T15:22:46+00:00\",\"dateModified\":\"2026-05-01T15:26:56+00:00\",\"description\":\"Suolahden Urho - Crest - Light Pink, Huppari on valmistettu pehme\u00e4st\u00e4 ja kest\u00e4v\u00e4st\u00e4 kangassekoitteesta, joka tuntuu miellytt\u00e4v\u00e4lt\u00e4 p\u00e4\u00e4ll\u00e4.\",\"breadcrumb\":{\"@id\":\"https:\\\/\\\/fanmerch.fi\\\/product\\\/suolahden-urho-crest-light-pink-huppari\\\/#breadcrumb\"},\"inLanguage\":\"en-GB\",\"potentialAction\":[{\"@type\":\"ReadAction\",\"target\":[\"https:\\\/\\\/fanmerch.fi\\\/product\\\/suolahden-urho-crest-light-pink-huppari\\\/\"]}]},{\"@type\":\"ImageObject\",\"inLanguage\":\"en-GB\",\"@id\":\"https:\\\/\\\/fanmerch.fi\\\/product\\\/suolahden-urho-crest-light-pink-huppari\\\/#primaryimage\",\"url\":\"https:\\\/\\\/fanmerch.fi\\\/wp-content\\\/uploads\\\/2026\\\/05\\\/unisex-heavy-blend-hoodie-light-pink-front-69f4c5325e34f.jpg\",\"contentUrl\":\"https:\\\/\\\/fanmerch.fi\\\/wp-content\\\/uploads\\\/2026\\\/05\\\/unisex-heavy-blend-hoodie-light-pink-front-69f4c5325e34f.jpg\",\"width\":2000,\"height\":2000},{\"@type\":\"BreadcrumbList\",\"@id\":\"https:\\\/\\\/fanmerch.fi\\\/product\\\/suolahden-urho-crest-light-pink-huppari\\\/#breadcrumb\",\"itemListElement\":[{\"@type\":\"ListItem\",\"position\":1,\"name\":\"Etusivu\",\"item\":\"https:\\\/\\\/fanmerch.fi\\\/\"},{\"@type\":\"ListItem\",\"position\":2,\"name\":\"Tuotteet\",\"item\":\"https:\\\/\\\/fanmerch.fi\\\/shop\\\/\"},{\"@type\":\"ListItem\",\"position\":3,\"name\":\"Suolahden Urho &#8211; Crest &#8211; Light Pink, Huppari\"}]},{\"@type\":\"WebSite\",\"@id\":\"https:\\\/\\\/fanmerch.fi\\\/#website\",\"url\":\"https:\\\/\\\/fanmerch.fi\\\/\",\"name\":\"Fanmerch Finland - Your source of merch\",\"description\":\"Your source of merchandise\",\"publisher\":{\"@id\":\"https:\\\/\\\/fanmerch.fi\\\/#organization\"},\"potentialAction\":[{\"@type\":\"SearchAction\",\"target\":{\"@type\":\"EntryPoint\",\"urlTemplate\":\"https:\\\/\\\/fanmerch.fi\\\/?s={search_term_string}\"},\"query-input\":{\"@type\":\"PropertyValueSpecification\",\"valueRequired\":true,\"valueName\":\"search_term_string\"}}],\"inLanguage\":\"en-GB\"},{\"@type\":\"Organization\",\"@id\":\"https:\\\/\\\/fanmerch.fi\\\/#organization\",\"name\":\"Fanmerch Finlan\",\"url\":\"https:\\\/\\\/fanmerch.fi\\\/\",\"logo\":{\"@type\":\"ImageObject\",\"inLanguage\":\"en-GB\",\"@id\":\"https:\\\/\\\/fanmerch.fi\\\/#\\\/schema\\\/logo\\\/image\\\/\",\"url\":\"https:\\\/\\\/fanmerch.fi\\\/wp-content\\\/uploads\\\/2025\\\/06\\\/cropped-fanmerch-finland-site-logo.png\",\"contentUrl\":\"https:\\\/\\\/fanmerch.fi\\\/wp-content\\\/uploads\\\/2025\\\/06\\\/cropped-fanmerch-finland-site-logo.png\",\"width\":622,\"height\":180,\"caption\":\"Fanmerch Finlan\"},\"image\":{\"@id\":\"https:\\\/\\\/fanmerch.fi\\\/#\\\/schema\\\/logo\\\/image\\\/\"},\"sameAs\":[\"https:\\\/\\\/www.facebook.com\\\/fanmerchfinland\",\"https:\\\/\\\/x.com\\\/fanmerchfinland\",\"https:\\\/\\\/www.youtube.com\\\/@fanmerchfinland\",\"https:\\\/\\\/www.instagram.com\\\/fanmerchfinland\"]}]}<\/script>\n<meta property=\"og:availability\" content=\"instock\" \/>\n<meta property=\"product:availability\" content=\"instock\" \/>\n<meta property=\"product:condition\" content=\"new\" \/>\n<!-- \/ Yoast SEO Premium plugin. -->","yoast_head_json":{"title":"Suolahden Urho - Crest - Light Pink, Huppari - Fanmerch Finland","description":"Suolahden Urho - Crest - Light Pink, Huppari on valmistettu pehme\u00e4st\u00e4 ja kest\u00e4v\u00e4st\u00e4 kangassekoitteesta, joka tuntuu miellytt\u00e4v\u00e4lt\u00e4 p\u00e4\u00e4ll\u00e4.","robots":{"index":"index","follow":"follow","max-snippet":"max-snippet:-1","max-image-preview":"max-image-preview:large","max-video-preview":"max-video-preview:-1"},"canonical":"https:\/\/fanmerch.fi\/en\/product\/suolahden-urho-crest-light-pink-huppari\/","og_locale":"en_GB","og_type":"article","og_title":"Suolahden Urho - Crest - Light Pink, Huppari - Fanmerch Finland","og_description":"Suolahden Urho - Crest - Light Pink, Huppari","og_url":"https:\/\/fanmerch.fi\/en\/product\/suolahden-urho-crest-light-pink-huppari\/","og_site_name":"Fanmerch Finland","article_publisher":"https:\/\/www.facebook.com\/fanmerchfinland","article_modified_time":"2026-05-01T15:26:56+00:00","og_image":[{"width":2000,"height":2000,"url":"https:\/\/fanmerch.fi\/wp-content\/uploads\/2026\/05\/unisex-heavy-blend-hoodie-light-pink-front-69f4c5325e34f.jpg","type":"image\/jpeg"}],"twitter_card":"summary_large_image","twitter_site":"@fanmerchfinland","twitter_misc":{"Availability":"In stock"},"schema":{"@context":"https:\/\/schema.org","@graph":[{"@type":"WebPage","@id":"https:\/\/fanmerch.fi\/product\/suolahden-urho-crest-light-pink-huppari\/","url":"https:\/\/fanmerch.fi\/product\/suolahden-urho-crest-light-pink-huppari\/","name":"Suolahden Urho - Crest - Light Pink, Huppari - Fanmerch Finland","isPartOf":{"@id":"https:\/\/fanmerch.fi\/#website"},"primaryImageOfPage":{"@id":"https:\/\/fanmerch.fi\/product\/suolahden-urho-crest-light-pink-huppari\/#primaryimage"},"image":{"@id":"https:\/\/fanmerch.fi\/product\/suolahden-urho-crest-light-pink-huppari\/#primaryimage"},"thumbnailUrl":"https:\/\/fanmerch.fi\/wp-content\/uploads\/2026\/05\/unisex-heavy-blend-hoodie-light-pink-front-69f4c5325e34f.jpg","datePublished":"2026-05-01T15:22:46+00:00","dateModified":"2026-05-01T15:26:56+00:00","description":"Suolahden Urho - Crest - Light Pink, Huppari on valmistettu pehme\u00e4st\u00e4 ja kest\u00e4v\u00e4st\u00e4 kangassekoitteesta, joka tuntuu miellytt\u00e4v\u00e4lt\u00e4 p\u00e4\u00e4ll\u00e4.","breadcrumb":{"@id":"https:\/\/fanmerch.fi\/product\/suolahden-urho-crest-light-pink-huppari\/#breadcrumb"},"inLanguage":"en-GB","potentialAction":[{"@type":"ReadAction","target":["https:\/\/fanmerch.fi\/product\/suolahden-urho-crest-light-pink-huppari\/"]}]},{"@type":"ImageObject","inLanguage":"en-GB","@id":"https:\/\/fanmerch.fi\/product\/suolahden-urho-crest-light-pink-huppari\/#primaryimage","url":"https:\/\/fanmerch.fi\/wp-content\/uploads\/2026\/05\/unisex-heavy-blend-hoodie-light-pink-front-69f4c5325e34f.jpg","contentUrl":"https:\/\/fanmerch.fi\/wp-content\/uploads\/2026\/05\/unisex-heavy-blend-hoodie-light-pink-front-69f4c5325e34f.jpg","width":2000,"height":2000},{"@type":"BreadcrumbList","@id":"https:\/\/fanmerch.fi\/product\/suolahden-urho-crest-light-pink-huppari\/#breadcrumb","itemListElement":[{"@type":"ListItem","position":1,"name":"Etusivu","item":"https:\/\/fanmerch.fi\/"},{"@type":"ListItem","position":2,"name":"Tuotteet","item":"https:\/\/fanmerch.fi\/shop\/"},{"@type":"ListItem","position":3,"name":"Suolahden Urho &#8211; Crest &#8211; Light Pink, Huppari"}]},{"@type":"WebSite","@id":"https:\/\/fanmerch.fi\/#website","url":"https:\/\/fanmerch.fi\/","name":"Fanmerch Finland - Your source of merch","description":"Your source of merchandise","publisher":{"@id":"https:\/\/fanmerch.fi\/#organization"},"potentialAction":[{"@type":"SearchAction","target":{"@type":"EntryPoint","urlTemplate":"https:\/\/fanmerch.fi\/?s={search_term_string}"},"query-input":{"@type":"PropertyValueSpecification","valueRequired":true,"valueName":"search_term_string"}}],"inLanguage":"en-GB"},{"@type":"Organization","@id":"https:\/\/fanmerch.fi\/#organization","name":"Fanmerch Finlan","url":"https:\/\/fanmerch.fi\/","logo":{"@type":"ImageObject","inLanguage":"en-GB","@id":"https:\/\/fanmerch.fi\/#\/schema\/logo\/image\/","url":"https:\/\/fanmerch.fi\/wp-content\/uploads\/2025\/06\/cropped-fanmerch-finland-site-logo.png","contentUrl":"https:\/\/fanmerch.fi\/wp-content\/uploads\/2025\/06\/cropped-fanmerch-finland-site-logo.png","width":622,"height":180,"caption":"Fanmerch Finlan"},"image":{"@id":"https:\/\/fanmerch.fi\/#\/schema\/logo\/image\/"},"sameAs":["https:\/\/www.facebook.com\/fanmerchfinland","https:\/\/x.com\/fanmerchfinland","https:\/\/www.youtube.com\/@fanmerchfinland","https:\/\/www.instagram.com\/fanmerchfinland"]}]},"og_availability":"instock","product_availability":"instock","product_condition":"new"},"_links":{"self":[{"href":"https:\/\/fanmerch.fi\/en\/wp-json\/wp\/v2\/product\/20331","targetHints":{"allow":["GET"]}}],"collection":[{"href":"https:\/\/fanmerch.fi\/en\/wp-json\/wp\/v2\/product"}],"about":[{"href":"https:\/\/fanmerch.fi\/en\/wp-json\/wp\/v2\/types\/product"}],"wp:featuredmedia":[{"embeddable":true,"href":"https:\/\/fanmerch.fi\/en\/wp-json\/wp\/v2\/media\/20338"}],"wp:attachment":[{"href":"https:\/\/fanmerch.fi\/en\/wp-json\/wp\/v2\/media?parent=20331"}],"wp:term":[{"taxonomy":"product_brand","embeddable":true,"href":"https:\/\/fanmerch.fi\/en\/wp-json\/wp\/v2\/product_brand?post=20331"},{"taxonomy":"product_cat","embeddable":true,"href":"https:\/\/fanmerch.fi\/en\/wp-json\/wp\/v2\/product_cat?post=20331"},{"taxonomy":"product_tag","embeddable":true,"href":"https:\/\/fanmerch.fi\/en\/wp-json\/wp\/v2\/product_tag?post=20331"}],"curies":[{"name":"wp","href":"https:\/\/api.w.org\/{rel}","templated":true}]}}