{"id":20391,"date":"2026-05-01T22:36:37","date_gmt":"2026-05-01T19:36:37","guid":{"rendered":"https:\/\/fanmerch.fi\/product\/suolahden-urho-33dl-kahvikuppi\/"},"modified":"2026-05-01T22:42:22","modified_gmt":"2026-05-01T19:42:22","slug":"suolahden-urho-kahvimuki","status":"publish","type":"product","link":"https:\/\/fanmerch.fi\/en\/product\/suolahden-urho-kahvimuki\/","title":{"rendered":"Suolahden Urho &#8211; 3,3dl, Kahvimuki"},"content":{"rendered":"","protected":false},"excerpt":{"rendered":"<p data-start=\"0\" data-end=\"15\"><strong data-start=\"0\" data-end=\"15\">PRODUCT DETAILS<\/strong><\/p>\n<p data-start=\"17\" data-end=\"245\">Keraaminen muki tuo v\u00e4ri\u00e4 ja ilmett\u00e4 aamukahviin, teehetkeen tai ty\u00f6p\u00e4iv\u00e4n piristykseksi. Mukissa on n\u00e4ytt\u00e4v\u00e4 painatus sek\u00e4 v\u00e4rillinen reuna, sis\u00e4osa ja kahva, jotka tekev\u00e4t siit\u00e4 persoonallisen ja k\u00e4yt\u00e4nn\u00f6llisen k\u00e4ytt\u00f6tuotteen.<\/p>\n<p data-start=\"247\" data-end=\"456\">Muki on valmistettu kest\u00e4v\u00e4st\u00e4 keramiikasta, ja materiaali on lyijyt\u00f6n sek\u00e4 BPA-vapaa. Tuote soveltuu hyvin p\u00e4ivitt\u00e4iseen k\u00e4ytt\u00f6\u00f6n, sill\u00e4 sen voi pest\u00e4 astianpesukoneessa ja sit\u00e4 voi k\u00e4ytt\u00e4\u00e4 mikroaaltouunissa.<\/p>","protected":false},"featured_media":20392,"template":"","meta":[],"product_brand":[],"product_cat":[233],"product_tag":[305,79],"class_list":{"0":"post-20391","1":"product","2":"type-product","3":"status-publish","4":"has-post-thumbnail","6":"product_cat-suolahden-urho","7":"product_tag-fanituotteet","8":"product_tag-kaikki","10":"first","11":"instock","12":"taxable","13":"shipping-taxable","14":"purchasable","15":"product-type-simple"},"yoast_head":"<!-- This site is optimized with the Yoast SEO Premium plugin v25.7.1 (Yoast SEO v27.5) - https:\/\/yoast.com\/product\/yoast-seo-premium-wordpress\/ -->\n<title>Suolahden Urho - 3,3dl, Kahvimuki - Fanmerch Finland<\/title>\n<meta name=\"description\" content=\"Suolahden Urho - 3,3dl, Kahvimuki tuo v\u00e4ri\u00e4 ja ilmett\u00e4 aamukahviin, teehetkeen tai ty\u00f6p\u00e4iv\u00e4n piristykseksi. Voi pest\u00e4 astianpesukoneessa.\" \/>\n<meta name=\"robots\" content=\"index, follow, max-snippet:-1, max-image-preview:large, max-video-preview:-1\" \/>\n<link rel=\"canonical\" href=\"https:\/\/fanmerch.fi\/en\/product\/suolahden-urho-kahvimuki\/\" \/>\n<meta property=\"og:locale\" content=\"en_GB\" \/>\n<meta property=\"og:type\" content=\"article\" \/>\n<meta property=\"og:title\" content=\"Suolahden Urho - 3,3dl, Kahvimuki - Fanmerch Finland\" \/>\n<meta property=\"og:description\" content=\"Suolahden Urho - 3,3dl, Kahvimuki\" \/>\n<meta property=\"og:url\" content=\"https:\/\/fanmerch.fi\/en\/product\/suolahden-urho-kahvimuki\/\" \/>\n<meta property=\"og:site_name\" content=\"Fanmerch Finland\" \/>\n<meta property=\"article:publisher\" content=\"https:\/\/www.facebook.com\/fanmerchfinland\" \/>\n<meta property=\"article:modified_time\" content=\"2026-05-01T19:42:22+00:00\" \/>\n<meta property=\"og:image\" content=\"https:\/\/fanmerch.fi\/wp-content\/uploads\/2026\/05\/white-ceramic-mug-with-color-inside-red-11-oz-front-69f500bcdd5f7.jpg\" \/>\n\t<meta property=\"og:image:width\" content=\"2000\" \/>\n\t<meta property=\"og:image:height\" content=\"2000\" \/>\n\t<meta property=\"og:image:type\" content=\"image\/jpeg\" \/>\n<meta name=\"twitter:card\" content=\"summary_large_image\" \/>\n<meta name=\"twitter:site\" content=\"@fanmerchfinland\" \/>\n<meta name=\"twitter:label1\" content=\"Price\" \/>\n\t<meta name=\"twitter:data1\" content=\"17,00&nbsp;&euro;\" \/>\n\t<meta name=\"twitter:label2\" content=\"Availability\" \/>\n\t<meta name=\"twitter:data2\" content=\"In stock\" \/>\n<script type=\"application\/ld+json\" class=\"yoast-schema-graph\">{\"@context\":\"https:\\\/\\\/schema.org\",\"@graph\":[{\"@type\":\"WebPage\",\"@id\":\"https:\\\/\\\/fanmerch.fi\\\/product\\\/suolahden-urho-kahvimuki\\\/\",\"url\":\"https:\\\/\\\/fanmerch.fi\\\/product\\\/suolahden-urho-kahvimuki\\\/\",\"name\":\"Suolahden Urho - 3,3dl, Kahvimuki - Fanmerch Finland\",\"isPartOf\":{\"@id\":\"https:\\\/\\\/fanmerch.fi\\\/#website\"},\"primaryImageOfPage\":{\"@id\":\"https:\\\/\\\/fanmerch.fi\\\/product\\\/suolahden-urho-kahvimuki\\\/#primaryimage\"},\"image\":{\"@id\":\"https:\\\/\\\/fanmerch.fi\\\/product\\\/suolahden-urho-kahvimuki\\\/#primaryimage\"},\"thumbnailUrl\":\"https:\\\/\\\/fanmerch.fi\\\/wp-content\\\/uploads\\\/2026\\\/05\\\/white-ceramic-mug-with-color-inside-red-11-oz-front-69f500bcdd5f7.jpg\",\"datePublished\":\"2026-05-01T19:36:37+00:00\",\"dateModified\":\"2026-05-01T19:42:22+00:00\",\"description\":\"Suolahden Urho - 3,3dl, Kahvimuki tuo v\u00e4ri\u00e4 ja ilmett\u00e4 aamukahviin, teehetkeen tai ty\u00f6p\u00e4iv\u00e4n piristykseksi. Voi pest\u00e4 astianpesukoneessa.\",\"breadcrumb\":{\"@id\":\"https:\\\/\\\/fanmerch.fi\\\/product\\\/suolahden-urho-kahvimuki\\\/#breadcrumb\"},\"inLanguage\":\"en-GB\",\"potentialAction\":[{\"@type\":\"ReadAction\",\"target\":[\"https:\\\/\\\/fanmerch.fi\\\/product\\\/suolahden-urho-kahvimuki\\\/\"]}]},{\"@type\":\"ImageObject\",\"inLanguage\":\"en-GB\",\"@id\":\"https:\\\/\\\/fanmerch.fi\\\/product\\\/suolahden-urho-kahvimuki\\\/#primaryimage\",\"url\":\"https:\\\/\\\/fanmerch.fi\\\/wp-content\\\/uploads\\\/2026\\\/05\\\/white-ceramic-mug-with-color-inside-red-11-oz-front-69f500bcdd5f7.jpg\",\"contentUrl\":\"https:\\\/\\\/fanmerch.fi\\\/wp-content\\\/uploads\\\/2026\\\/05\\\/white-ceramic-mug-with-color-inside-red-11-oz-front-69f500bcdd5f7.jpg\",\"width\":2000,\"height\":2000},{\"@type\":\"BreadcrumbList\",\"@id\":\"https:\\\/\\\/fanmerch.fi\\\/product\\\/suolahden-urho-kahvimuki\\\/#breadcrumb\",\"itemListElement\":[{\"@type\":\"ListItem\",\"position\":1,\"name\":\"Etusivu\",\"item\":\"https:\\\/\\\/fanmerch.fi\\\/\"},{\"@type\":\"ListItem\",\"position\":2,\"name\":\"Tuotteet\",\"item\":\"https:\\\/\\\/fanmerch.fi\\\/shop\\\/\"},{\"@type\":\"ListItem\",\"position\":3,\"name\":\"Suolahden Urho &#8211; 3,3dl, Kahvimuki\"}]},{\"@type\":\"WebSite\",\"@id\":\"https:\\\/\\\/fanmerch.fi\\\/#website\",\"url\":\"https:\\\/\\\/fanmerch.fi\\\/\",\"name\":\"Fanmerch Finland - Your source of merch\",\"description\":\"Your source of merchandise\",\"publisher\":{\"@id\":\"https:\\\/\\\/fanmerch.fi\\\/#organization\"},\"potentialAction\":[{\"@type\":\"SearchAction\",\"target\":{\"@type\":\"EntryPoint\",\"urlTemplate\":\"https:\\\/\\\/fanmerch.fi\\\/?s={search_term_string}\"},\"query-input\":{\"@type\":\"PropertyValueSpecification\",\"valueRequired\":true,\"valueName\":\"search_term_string\"}}],\"inLanguage\":\"en-GB\"},{\"@type\":\"Organization\",\"@id\":\"https:\\\/\\\/fanmerch.fi\\\/#organization\",\"name\":\"Fanmerch Finlan\",\"url\":\"https:\\\/\\\/fanmerch.fi\\\/\",\"logo\":{\"@type\":\"ImageObject\",\"inLanguage\":\"en-GB\",\"@id\":\"https:\\\/\\\/fanmerch.fi\\\/#\\\/schema\\\/logo\\\/image\\\/\",\"url\":\"https:\\\/\\\/fanmerch.fi\\\/wp-content\\\/uploads\\\/2025\\\/06\\\/cropped-fanmerch-finland-site-logo.png\",\"contentUrl\":\"https:\\\/\\\/fanmerch.fi\\\/wp-content\\\/uploads\\\/2025\\\/06\\\/cropped-fanmerch-finland-site-logo.png\",\"width\":622,\"height\":180,\"caption\":\"Fanmerch Finlan\"},\"image\":{\"@id\":\"https:\\\/\\\/fanmerch.fi\\\/#\\\/schema\\\/logo\\\/image\\\/\"},\"sameAs\":[\"https:\\\/\\\/www.facebook.com\\\/fanmerchfinland\",\"https:\\\/\\\/x.com\\\/fanmerchfinland\",\"https:\\\/\\\/www.youtube.com\\\/@fanmerchfinland\",\"https:\\\/\\\/www.instagram.com\\\/fanmerchfinland\"]}]}<\/script>\n<meta property=\"product:price:amount\" content=\"17.00\" \/>\n<meta property=\"product:price:currency\" content=\"EUR\" \/>\n<meta property=\"og:availability\" content=\"instock\" \/>\n<meta property=\"product:availability\" content=\"instock\" \/>\n<meta property=\"product:retailer_item_id\" content=\"69F500C19DE8B\" \/>\n<meta property=\"product:condition\" content=\"new\" \/>\n<!-- \/ Yoast SEO Premium plugin. -->","yoast_head_json":{"title":"Suolahden Urho - 3,3dl, Kahvimuki - Fanmerch Finland","description":"Suolahden Urho - 3,3dl, Kahvimuki tuo v\u00e4ri\u00e4 ja ilmett\u00e4 aamukahviin, teehetkeen tai ty\u00f6p\u00e4iv\u00e4n piristykseksi. Voi pest\u00e4 astianpesukoneessa.","robots":{"index":"index","follow":"follow","max-snippet":"max-snippet:-1","max-image-preview":"max-image-preview:large","max-video-preview":"max-video-preview:-1"},"canonical":"https:\/\/fanmerch.fi\/en\/product\/suolahden-urho-kahvimuki\/","og_locale":"en_GB","og_type":"article","og_title":"Suolahden Urho - 3,3dl, Kahvimuki - Fanmerch Finland","og_description":"Suolahden Urho - 3,3dl, Kahvimuki","og_url":"https:\/\/fanmerch.fi\/en\/product\/suolahden-urho-kahvimuki\/","og_site_name":"Fanmerch Finland","article_publisher":"https:\/\/www.facebook.com\/fanmerchfinland","article_modified_time":"2026-05-01T19:42:22+00:00","og_image":[{"width":2000,"height":2000,"url":"https:\/\/fanmerch.fi\/wp-content\/uploads\/2026\/05\/white-ceramic-mug-with-color-inside-red-11-oz-front-69f500bcdd5f7.jpg","type":"image\/jpeg"}],"twitter_card":"summary_large_image","twitter_site":"@fanmerchfinland","twitter_misc":{"Price":"17,00&nbsp;&euro;","Availability":"In stock"},"schema":{"@context":"https:\/\/schema.org","@graph":[{"@type":"WebPage","@id":"https:\/\/fanmerch.fi\/product\/suolahden-urho-kahvimuki\/","url":"https:\/\/fanmerch.fi\/product\/suolahden-urho-kahvimuki\/","name":"Suolahden Urho - 3,3dl, Kahvimuki - Fanmerch Finland","isPartOf":{"@id":"https:\/\/fanmerch.fi\/#website"},"primaryImageOfPage":{"@id":"https:\/\/fanmerch.fi\/product\/suolahden-urho-kahvimuki\/#primaryimage"},"image":{"@id":"https:\/\/fanmerch.fi\/product\/suolahden-urho-kahvimuki\/#primaryimage"},"thumbnailUrl":"https:\/\/fanmerch.fi\/wp-content\/uploads\/2026\/05\/white-ceramic-mug-with-color-inside-red-11-oz-front-69f500bcdd5f7.jpg","datePublished":"2026-05-01T19:36:37+00:00","dateModified":"2026-05-01T19:42:22+00:00","description":"Suolahden Urho - 3,3dl, Kahvimuki tuo v\u00e4ri\u00e4 ja ilmett\u00e4 aamukahviin, teehetkeen tai ty\u00f6p\u00e4iv\u00e4n piristykseksi. Voi pest\u00e4 astianpesukoneessa.","breadcrumb":{"@id":"https:\/\/fanmerch.fi\/product\/suolahden-urho-kahvimuki\/#breadcrumb"},"inLanguage":"en-GB","potentialAction":[{"@type":"ReadAction","target":["https:\/\/fanmerch.fi\/product\/suolahden-urho-kahvimuki\/"]}]},{"@type":"ImageObject","inLanguage":"en-GB","@id":"https:\/\/fanmerch.fi\/product\/suolahden-urho-kahvimuki\/#primaryimage","url":"https:\/\/fanmerch.fi\/wp-content\/uploads\/2026\/05\/white-ceramic-mug-with-color-inside-red-11-oz-front-69f500bcdd5f7.jpg","contentUrl":"https:\/\/fanmerch.fi\/wp-content\/uploads\/2026\/05\/white-ceramic-mug-with-color-inside-red-11-oz-front-69f500bcdd5f7.jpg","width":2000,"height":2000},{"@type":"BreadcrumbList","@id":"https:\/\/fanmerch.fi\/product\/suolahden-urho-kahvimuki\/#breadcrumb","itemListElement":[{"@type":"ListItem","position":1,"name":"Etusivu","item":"https:\/\/fanmerch.fi\/"},{"@type":"ListItem","position":2,"name":"Tuotteet","item":"https:\/\/fanmerch.fi\/shop\/"},{"@type":"ListItem","position":3,"name":"Suolahden Urho &#8211; 3,3dl, Kahvimuki"}]},{"@type":"WebSite","@id":"https:\/\/fanmerch.fi\/#website","url":"https:\/\/fanmerch.fi\/","name":"Fanmerch Finland - Your source of merch","description":"Your source of merchandise","publisher":{"@id":"https:\/\/fanmerch.fi\/#organization"},"potentialAction":[{"@type":"SearchAction","target":{"@type":"EntryPoint","urlTemplate":"https:\/\/fanmerch.fi\/?s={search_term_string}"},"query-input":{"@type":"PropertyValueSpecification","valueRequired":true,"valueName":"search_term_string"}}],"inLanguage":"en-GB"},{"@type":"Organization","@id":"https:\/\/fanmerch.fi\/#organization","name":"Fanmerch Finlan","url":"https:\/\/fanmerch.fi\/","logo":{"@type":"ImageObject","inLanguage":"en-GB","@id":"https:\/\/fanmerch.fi\/#\/schema\/logo\/image\/","url":"https:\/\/fanmerch.fi\/wp-content\/uploads\/2025\/06\/cropped-fanmerch-finland-site-logo.png","contentUrl":"https:\/\/fanmerch.fi\/wp-content\/uploads\/2025\/06\/cropped-fanmerch-finland-site-logo.png","width":622,"height":180,"caption":"Fanmerch Finlan"},"image":{"@id":"https:\/\/fanmerch.fi\/#\/schema\/logo\/image\/"},"sameAs":["https:\/\/www.facebook.com\/fanmerchfinland","https:\/\/x.com\/fanmerchfinland","https:\/\/www.youtube.com\/@fanmerchfinland","https:\/\/www.instagram.com\/fanmerchfinland"]}]},"product_price_amount":"17.00","product_price_currency":"EUR","og_availability":"instock","product_availability":"instock","product_retailer_item_id":"69F500C19DE8B","product_condition":"new"},"_links":{"self":[{"href":"https:\/\/fanmerch.fi\/en\/wp-json\/wp\/v2\/product\/20391","targetHints":{"allow":["GET"]}}],"collection":[{"href":"https:\/\/fanmerch.fi\/en\/wp-json\/wp\/v2\/product"}],"about":[{"href":"https:\/\/fanmerch.fi\/en\/wp-json\/wp\/v2\/types\/product"}],"wp:featuredmedia":[{"embeddable":true,"href":"https:\/\/fanmerch.fi\/en\/wp-json\/wp\/v2\/media\/20392"}],"wp:attachment":[{"href":"https:\/\/fanmerch.fi\/en\/wp-json\/wp\/v2\/media?parent=20391"}],"wp:term":[{"taxonomy":"product_brand","embeddable":true,"href":"https:\/\/fanmerch.fi\/en\/wp-json\/wp\/v2\/product_brand?post=20391"},{"taxonomy":"product_cat","embeddable":true,"href":"https:\/\/fanmerch.fi\/en\/wp-json\/wp\/v2\/product_cat?post=20391"},{"taxonomy":"product_tag","embeddable":true,"href":"https:\/\/fanmerch.fi\/en\/wp-json\/wp\/v2\/product_tag?post=20391"}],"curies":[{"name":"wp","href":"https:\/\/api.w.org\/{rel}","templated":true}]}}