{"id":215,"date":"2024-04-16T18:29:55","date_gmt":"2024-04-16T18:29:55","guid":{"rendered":"https:\/\/fanmerch.fi\/?post_type=product&#038;p=215"},"modified":"2024-12-30T12:28:43","modified_gmt":"2024-12-30T09:28:43","slug":"warkis-crew-hockey-navy-beanie","status":"publish","type":"product","link":"https:\/\/fanmerch.fi\/en\/product\/warkis-crew-hockey-navy-beanie\/","title":{"rendered":"Crew Hockey Navy, Beanie"},"content":{"rendered":"","protected":false},"excerpt":{"rendered":"<p>Yksinkertainen trikoopipo miellytt\u00e4v\u00e4st\u00e4 puuvillatrikoosta. T\u00e4m\u00e4 malli ei hiosta sis\u00e4ll\u00e4k\u00e4\u00e4n. Edess\u00e4 &#8221;Crew Hockey&#8221; -painatus. Lyhyt malli.<\/p>\n<ul>\n<li>\n<h5><strong>Printed product, delivery time 5-10 business days<\/strong><\/h5>\n<\/li>\n<li>\n<h5><strong>95% Puuvilla 5% Elastaani<\/strong><\/h5>\n<\/li>\n<\/ul>","protected":false},"author":9,"featured_media":276,"template":"","meta":[],"product_brand":[],"product_cat":[29],"product_tag":[136,170,30],"class_list":{"0":"post-215","1":"product","2":"type-product","3":"status-publish","4":"has-post-thumbnail","6":"product_cat-warkis","7":"product_tag-kaikki","8":"product_tag-paahineet","9":"product_tag-warkis","10":"product_shipping_class-matkahuolto","12":"first","13":"outofstock","14":"taxable","15":"shipping-taxable","16":"purchasable","17":"product-type-simple"},"yoast_head":"<!-- This site is optimized with the Yoast SEO Premium plugin v26.9 (Yoast SEO v27.4) - https:\/\/yoast.com\/product\/yoast-seo-premium-wordpress\/ -->\n<title>Warkis - Crew Hockey Navy, Beanie | Fanmerch Finland<\/title>\n<meta name=\"robots\" content=\"index, follow, max-snippet:-1, max-image-preview:large, max-video-preview:-1\" \/>\n<link rel=\"canonical\" href=\"https:\/\/fanmerch.fi\/en\/product\/warkis-crew-hockey-navy-beanie\/\" \/>\n<meta property=\"og:locale\" content=\"en_GB\" \/>\n<meta property=\"og:type\" content=\"article\" \/>\n<meta property=\"og:title\" content=\"Crew Hockey Navy, Beanie\" \/>\n<meta property=\"og:description\" content=\"Yksinkertainen trikoopipo miellytt\u00e4v\u00e4st\u00e4 puuvillatrikoosta. T\u00e4m\u00e4 malli ei hiosta sis\u00e4ll\u00e4k\u00e4\u00e4n. Edess\u00e4 &quot;Crew Hockey&quot; -painatus. Lyhyt malli.    Painotuote, toimitusaika 5-10 arkip\u00e4iv\u00e4\u00e4    95% Puuvilla 5% Elastaani\" \/>\n<meta property=\"og:url\" content=\"https:\/\/fanmerch.fi\/en\/product\/warkis-crew-hockey-navy-beanie\/\" \/>\n<meta property=\"og:site_name\" content=\"Fanmerch Finland\" \/>\n<meta property=\"article:modified_time\" content=\"2024-12-30T09:28:43+00:00\" \/>\n<meta property=\"og:image\" content=\"https:\/\/fanmerch.fi\/wp-content\/uploads\/2024\/04\/warkis-crew-hockey-navy-beanie-jpg.webp\" \/>\n\t<meta property=\"og:image:width\" content=\"1000\" \/>\n\t<meta property=\"og:image:height\" content=\"1000\" \/>\n\t<meta property=\"og:image:type\" content=\"image\/webp\" \/>\n<meta name=\"twitter:card\" content=\"summary_large_image\" \/>\n<meta name=\"twitter:label1\" content=\"Price\" \/>\n\t<meta name=\"twitter:data1\" content=\"12.00&euro;\" \/>\n\t<meta name=\"twitter:label2\" content=\"Availability\" \/>\n\t<meta name=\"twitter:data2\" content=\"Out of stock\" \/>\n<script type=\"application\/ld+json\" class=\"yoast-schema-graph\">{\"@context\":\"https:\\\/\\\/schema.org\",\"@graph\":[{\"@type\":\"WebPage\",\"@id\":\"https:\\\/\\\/fanmerch.fi\\\/tuote\\\/warkis-crew-hockey-navy-beanie\\\/\",\"url\":\"https:\\\/\\\/fanmerch.fi\\\/tuote\\\/warkis-crew-hockey-navy-beanie\\\/\",\"name\":\"Warkis - Crew Hockey Navy, Beanie | Fanmerch Finland\",\"isPartOf\":{\"@id\":\"https:\\\/\\\/fanmerch.fi\\\/#website\"},\"primaryImageOfPage\":{\"@id\":\"https:\\\/\\\/fanmerch.fi\\\/tuote\\\/warkis-crew-hockey-navy-beanie\\\/#primaryimage\"},\"image\":{\"@id\":\"https:\\\/\\\/fanmerch.fi\\\/tuote\\\/warkis-crew-hockey-navy-beanie\\\/#primaryimage\"},\"thumbnailUrl\":\"https:\\\/\\\/fanmerch.fi\\\/wp-content\\\/uploads\\\/2024\\\/04\\\/warkis-crew-hockey-navy-beanie-jpg.webp\",\"datePublished\":\"2024-04-16T18:29:55+00:00\",\"dateModified\":\"2024-12-30T09:28:43+00:00\",\"breadcrumb\":{\"@id\":\"https:\\\/\\\/fanmerch.fi\\\/tuote\\\/warkis-crew-hockey-navy-beanie\\\/#breadcrumb\"},\"inLanguage\":\"en-GB\",\"potentialAction\":[{\"@type\":\"ReadAction\",\"target\":[\"https:\\\/\\\/fanmerch.fi\\\/tuote\\\/warkis-crew-hockey-navy-beanie\\\/\"]}]},{\"@type\":\"ImageObject\",\"inLanguage\":\"en-GB\",\"@id\":\"https:\\\/\\\/fanmerch.fi\\\/tuote\\\/warkis-crew-hockey-navy-beanie\\\/#primaryimage\",\"url\":\"https:\\\/\\\/fanmerch.fi\\\/wp-content\\\/uploads\\\/2024\\\/04\\\/warkis-crew-hockey-navy-beanie-jpg.webp\",\"contentUrl\":\"https:\\\/\\\/fanmerch.fi\\\/wp-content\\\/uploads\\\/2024\\\/04\\\/warkis-crew-hockey-navy-beanie-jpg.webp\",\"width\":1000,\"height\":1000},{\"@type\":\"BreadcrumbList\",\"@id\":\"https:\\\/\\\/fanmerch.fi\\\/tuote\\\/warkis-crew-hockey-navy-beanie\\\/#breadcrumb\",\"itemListElement\":[{\"@type\":\"ListItem\",\"position\":1,\"name\":\"Etusivu\",\"item\":\"https:\\\/\\\/fanmerch.fi\\\/\"},{\"@type\":\"ListItem\",\"position\":2,\"name\":\"Kauppa\",\"item\":\"https:\\\/\\\/fanmerch.fi\\\/kauppa\\\/\"},{\"@type\":\"ListItem\",\"position\":3,\"name\":\"Crew Hockey Navy, Beanie\"}]},{\"@type\":\"WebSite\",\"@id\":\"https:\\\/\\\/fanmerch.fi\\\/#website\",\"url\":\"https:\\\/\\\/fanmerch.fi\\\/\",\"name\":\"Fanmerch Finland\",\"description\":\"\",\"potentialAction\":[{\"@type\":\"SearchAction\",\"target\":{\"@type\":\"EntryPoint\",\"urlTemplate\":\"https:\\\/\\\/fanmerch.fi\\\/?s={search_term_string}\"},\"query-input\":{\"@type\":\"PropertyValueSpecification\",\"valueRequired\":true,\"valueName\":\"search_term_string\"}}],\"inLanguage\":\"en-GB\"}]}<\/script>\n<meta property=\"product:price:amount\" content=\"12.00\" \/>\n<meta property=\"product:price:currency\" content=\"EUR\" \/>\n<meta property=\"og:availability\" content=\"out of stock\" \/>\n<meta property=\"product:availability\" content=\"out of stock\" \/>\n<meta property=\"product:retailer_item_id\" content=\"WARKIS-CREW-HOCKEY-NAVY-BEANIE\" \/>\n<meta property=\"product:condition\" content=\"new\" \/>\n<!-- \/ Yoast SEO Premium plugin. -->","yoast_head_json":{"title":"Warkis - Crew Hockey Navy, Beanie | Fanmerch Finland","robots":{"index":"index","follow":"follow","max-snippet":"max-snippet:-1","max-image-preview":"max-image-preview:large","max-video-preview":"max-video-preview:-1"},"canonical":"https:\/\/fanmerch.fi\/en\/product\/warkis-crew-hockey-navy-beanie\/","og_locale":"en_GB","og_type":"article","og_title":"Crew Hockey Navy, Beanie","og_description":"Yksinkertainen trikoopipo miellytt\u00e4v\u00e4st\u00e4 puuvillatrikoosta. T\u00e4m\u00e4 malli ei hiosta sis\u00e4ll\u00e4k\u00e4\u00e4n. Edess\u00e4 \"Crew Hockey\" -painatus. Lyhyt malli.    Painotuote, toimitusaika 5-10 arkip\u00e4iv\u00e4\u00e4    95% Puuvilla 5% Elastaani","og_url":"https:\/\/fanmerch.fi\/en\/product\/warkis-crew-hockey-navy-beanie\/","og_site_name":"Fanmerch Finland","article_modified_time":"2024-12-30T09:28:43+00:00","og_image":[{"width":1000,"height":1000,"url":"https:\/\/fanmerch.fi\/wp-content\/uploads\/2024\/04\/warkis-crew-hockey-navy-beanie-jpg.webp","type":"image\/webp"}],"twitter_card":"summary_large_image","twitter_misc":{"Price":"12.00&euro;","Availability":"Out of stock"},"schema":{"@context":"https:\/\/schema.org","@graph":[{"@type":"WebPage","@id":"https:\/\/fanmerch.fi\/tuote\/warkis-crew-hockey-navy-beanie\/","url":"https:\/\/fanmerch.fi\/tuote\/warkis-crew-hockey-navy-beanie\/","name":"Warkis - Crew Hockey Navy, Beanie | Fanmerch Finland","isPartOf":{"@id":"https:\/\/fanmerch.fi\/#website"},"primaryImageOfPage":{"@id":"https:\/\/fanmerch.fi\/tuote\/warkis-crew-hockey-navy-beanie\/#primaryimage"},"image":{"@id":"https:\/\/fanmerch.fi\/tuote\/warkis-crew-hockey-navy-beanie\/#primaryimage"},"thumbnailUrl":"https:\/\/fanmerch.fi\/wp-content\/uploads\/2024\/04\/warkis-crew-hockey-navy-beanie-jpg.webp","datePublished":"2024-04-16T18:29:55+00:00","dateModified":"2024-12-30T09:28:43+00:00","breadcrumb":{"@id":"https:\/\/fanmerch.fi\/tuote\/warkis-crew-hockey-navy-beanie\/#breadcrumb"},"inLanguage":"en-GB","potentialAction":[{"@type":"ReadAction","target":["https:\/\/fanmerch.fi\/tuote\/warkis-crew-hockey-navy-beanie\/"]}]},{"@type":"ImageObject","inLanguage":"en-GB","@id":"https:\/\/fanmerch.fi\/tuote\/warkis-crew-hockey-navy-beanie\/#primaryimage","url":"https:\/\/fanmerch.fi\/wp-content\/uploads\/2024\/04\/warkis-crew-hockey-navy-beanie-jpg.webp","contentUrl":"https:\/\/fanmerch.fi\/wp-content\/uploads\/2024\/04\/warkis-crew-hockey-navy-beanie-jpg.webp","width":1000,"height":1000},{"@type":"BreadcrumbList","@id":"https:\/\/fanmerch.fi\/tuote\/warkis-crew-hockey-navy-beanie\/#breadcrumb","itemListElement":[{"@type":"ListItem","position":1,"name":"Etusivu","item":"https:\/\/fanmerch.fi\/"},{"@type":"ListItem","position":2,"name":"Kauppa","item":"https:\/\/fanmerch.fi\/kauppa\/"},{"@type":"ListItem","position":3,"name":"Crew Hockey Navy, Beanie"}]},{"@type":"WebSite","@id":"https:\/\/fanmerch.fi\/#website","url":"https:\/\/fanmerch.fi\/","name":"Fanmerch Finland","description":"","potentialAction":[{"@type":"SearchAction","target":{"@type":"EntryPoint","urlTemplate":"https:\/\/fanmerch.fi\/?s={search_term_string}"},"query-input":{"@type":"PropertyValueSpecification","valueRequired":true,"valueName":"search_term_string"}}],"inLanguage":"en-GB"}]},"product_price_amount":"12.00","product_price_currency":"EUR","og_availability":"out of stock","product_availability":"out of stock","product_retailer_item_id":"WARKIS-CREW-HOCKEY-NAVY-BEANIE","product_condition":"new"},"_links":{"self":[{"href":"https:\/\/fanmerch.fi\/en\/wp-json\/wp\/v2\/product\/215","targetHints":{"allow":["GET"]}}],"collection":[{"href":"https:\/\/fanmerch.fi\/en\/wp-json\/wp\/v2\/product"}],"about":[{"href":"https:\/\/fanmerch.fi\/en\/wp-json\/wp\/v2\/types\/product"}],"author":[{"embeddable":true,"href":"https:\/\/fanmerch.fi\/en\/wp-json\/wp\/v2\/users\/9"}],"version-history":[{"count":0,"href":"https:\/\/fanmerch.fi\/en\/wp-json\/wp\/v2\/product\/215\/revisions"}],"wp:featuredmedia":[{"embeddable":true,"href":"https:\/\/fanmerch.fi\/en\/wp-json\/wp\/v2\/media\/276"}],"wp:attachment":[{"href":"https:\/\/fanmerch.fi\/en\/wp-json\/wp\/v2\/media?parent=215"}],"wp:term":[{"taxonomy":"product_brand","embeddable":true,"href":"https:\/\/fanmerch.fi\/en\/wp-json\/wp\/v2\/product_brand?post=215"},{"taxonomy":"product_cat","embeddable":true,"href":"https:\/\/fanmerch.fi\/en\/wp-json\/wp\/v2\/product_cat?post=215"},{"taxonomy":"product_tag","embeddable":true,"href":"https:\/\/fanmerch.fi\/en\/wp-json\/wp\/v2\/product_tag?post=215"}],"curies":[{"name":"wp","href":"https:\/\/api.w.org\/{rel}","templated":true}]}}