{"id":31370,"date":"2024-05-10T11:59:17","date_gmt":"2024-05-10T08:59:17","guid":{"rendered":"https:\/\/fanmerch.fi\/tuote\/kiss-destroyer-album-college\/"},"modified":"2025-03-25T11:40:36","modified_gmt":"2025-03-25T08:40:36","slug":"kiss-destroyer-album-college","status":"publish","type":"product","link":"https:\/\/fanmerch.fi\/en\/product\/kiss-destroyer-album-college\/","title":{"rendered":"Destroyer, Crewneck"},"content":{"rendered":"","protected":false},"excerpt":{"rendered":"<p>Virallinen KISS -fanituote. Musta aikuisten collegepaita, jossa edess\u00e4 \u201dDestroyer\u201d -painatus.<\/p>\n<ul>\n<li>\n<h5><strong>Delivery time 5-10 business days<\/strong><\/h5>\n<\/li>\n<li>\n<h5><strong>50% cotton, 50% polyester<\/strong><\/h5>\n<\/li>\n<\/ul>","protected":false},"author":12,"featured_media":31373,"template":"","meta":[],"product_brand":[],"product_cat":[98],"product_tag":[23,136,116],"class_list":{"0":"post-31370","1":"product","2":"type-product","3":"status-publish","4":"has-post-thumbnail","6":"product_cat-kiss","7":"product_tag-colleget","8":"product_tag-kaikki","9":"product_tag-kiss","11":"first","12":"instock","13":"taxable","14":"shipping-taxable","15":"product-type-variable"},"yoast_head":"<!-- This site is optimized with the Yoast SEO Premium plugin v26.9 (Yoast SEO v27.4) - https:\/\/yoast.com\/product\/yoast-seo-premium-wordpress\/ -->\n<title>KISS - Destroyer, Crewneck | Fanmerch Finland<\/title>\n<meta name=\"robots\" content=\"index, follow, max-snippet:-1, max-image-preview:large, max-video-preview:-1\" \/>\n<link rel=\"canonical\" href=\"https:\/\/fanmerch.fi\/en\/product\/kiss-destroyer-album-college\/\" \/>\n<meta property=\"og:locale\" content=\"en_GB\" \/>\n<meta property=\"og:type\" content=\"article\" \/>\n<meta property=\"og:title\" content=\"Destroyer, Crewneck\" \/>\n<meta property=\"og:description\" content=\"Virallinen KISS -fanituote. Musta aikuisten collegepaita, jossa edess\u00e4 \u201dDestroyer\u201d -painatus.    Toimitusaika 5-10 arkip\u00e4iv\u00e4\u00e4    50% puuvilla, 50% polyesteri\" \/>\n<meta property=\"og:url\" content=\"https:\/\/fanmerch.fi\/en\/product\/kiss-destroyer-album-college\/\" \/>\n<meta property=\"og:site_name\" content=\"Fanmerch Finland\" \/>\n<meta property=\"article:modified_time\" content=\"2025-03-25T08:40:36+00:00\" \/>\n<meta property=\"og:image\" content=\"https:\/\/fanmerch.fi\/wp-content\/uploads\/2024\/05\/9264cefa15302a3ee5d4c00c539e0547-1.jpg\" \/>\n\t<meta property=\"og:image:width\" content=\"500\" \/>\n\t<meta property=\"og:image:height\" content=\"500\" \/>\n\t<meta property=\"og:image:type\" content=\"image\/jpeg\" \/>\n<meta name=\"twitter:card\" content=\"summary_large_image\" \/>\n<meta name=\"twitter:label1\" content=\"Availability\" \/>\n\t<meta name=\"twitter:data1\" content=\"In stock\" \/>\n<script type=\"application\/ld+json\" class=\"yoast-schema-graph\">{\"@context\":\"https:\\\/\\\/schema.org\",\"@graph\":[{\"@type\":\"WebPage\",\"@id\":\"https:\\\/\\\/fanmerch.fi\\\/tuote\\\/kiss-destroyer-album-college\\\/\",\"url\":\"https:\\\/\\\/fanmerch.fi\\\/tuote\\\/kiss-destroyer-album-college\\\/\",\"name\":\"KISS - Destroyer, Crewneck | Fanmerch Finland\",\"isPartOf\":{\"@id\":\"https:\\\/\\\/fanmerch.fi\\\/#website\"},\"primaryImageOfPage\":{\"@id\":\"https:\\\/\\\/fanmerch.fi\\\/tuote\\\/kiss-destroyer-album-college\\\/#primaryimage\"},\"image\":{\"@id\":\"https:\\\/\\\/fanmerch.fi\\\/tuote\\\/kiss-destroyer-album-college\\\/#primaryimage\"},\"thumbnailUrl\":\"https:\\\/\\\/fanmerch.fi\\\/wp-content\\\/uploads\\\/2024\\\/05\\\/9264cefa15302a3ee5d4c00c539e0547-1.jpg\",\"datePublished\":\"2024-05-10T08:59:17+00:00\",\"dateModified\":\"2025-03-25T08:40:36+00:00\",\"breadcrumb\":{\"@id\":\"https:\\\/\\\/fanmerch.fi\\\/tuote\\\/kiss-destroyer-album-college\\\/#breadcrumb\"},\"inLanguage\":\"en-GB\",\"potentialAction\":[{\"@type\":\"ReadAction\",\"target\":[\"https:\\\/\\\/fanmerch.fi\\\/tuote\\\/kiss-destroyer-album-college\\\/\"]}]},{\"@type\":\"ImageObject\",\"inLanguage\":\"en-GB\",\"@id\":\"https:\\\/\\\/fanmerch.fi\\\/tuote\\\/kiss-destroyer-album-college\\\/#primaryimage\",\"url\":\"https:\\\/\\\/fanmerch.fi\\\/wp-content\\\/uploads\\\/2024\\\/05\\\/9264cefa15302a3ee5d4c00c539e0547-1.jpg\",\"contentUrl\":\"https:\\\/\\\/fanmerch.fi\\\/wp-content\\\/uploads\\\/2024\\\/05\\\/9264cefa15302a3ee5d4c00c539e0547-1.jpg\",\"width\":500,\"height\":500,\"caption\":\"Kiss - Destroyer album college\"},{\"@type\":\"BreadcrumbList\",\"@id\":\"https:\\\/\\\/fanmerch.fi\\\/tuote\\\/kiss-destroyer-album-college\\\/#breadcrumb\",\"itemListElement\":[{\"@type\":\"ListItem\",\"position\":1,\"name\":\"Etusivu\",\"item\":\"https:\\\/\\\/fanmerch.fi\\\/\"},{\"@type\":\"ListItem\",\"position\":2,\"name\":\"Kauppa\",\"item\":\"https:\\\/\\\/fanmerch.fi\\\/kauppa\\\/\"},{\"@type\":\"ListItem\",\"position\":3,\"name\":\"Destroyer, Crewneck\"}]},{\"@type\":\"WebSite\",\"@id\":\"https:\\\/\\\/fanmerch.fi\\\/#website\",\"url\":\"https:\\\/\\\/fanmerch.fi\\\/\",\"name\":\"Fanmerch Finland\",\"description\":\"\",\"potentialAction\":[{\"@type\":\"SearchAction\",\"target\":{\"@type\":\"EntryPoint\",\"urlTemplate\":\"https:\\\/\\\/fanmerch.fi\\\/?s={search_term_string}\"},\"query-input\":{\"@type\":\"PropertyValueSpecification\",\"valueRequired\":true,\"valueName\":\"search_term_string\"}}],\"inLanguage\":\"en-GB\"}]}<\/script>\n<meta property=\"og:availability\" content=\"instock\" \/>\n<meta property=\"product:availability\" content=\"instock\" \/>\n<meta property=\"product:condition\" content=\"new\" \/>\n<!-- \/ Yoast SEO Premium plugin. -->","yoast_head_json":{"title":"KISS - Destroyer, Crewneck | Fanmerch Finland","robots":{"index":"index","follow":"follow","max-snippet":"max-snippet:-1","max-image-preview":"max-image-preview:large","max-video-preview":"max-video-preview:-1"},"canonical":"https:\/\/fanmerch.fi\/en\/product\/kiss-destroyer-album-college\/","og_locale":"en_GB","og_type":"article","og_title":"Destroyer, Crewneck","og_description":"Virallinen KISS -fanituote. Musta aikuisten collegepaita, jossa edess\u00e4 \u201dDestroyer\u201d -painatus.    Toimitusaika 5-10 arkip\u00e4iv\u00e4\u00e4    50% puuvilla, 50% polyesteri","og_url":"https:\/\/fanmerch.fi\/en\/product\/kiss-destroyer-album-college\/","og_site_name":"Fanmerch Finland","article_modified_time":"2025-03-25T08:40:36+00:00","og_image":[{"width":500,"height":500,"url":"https:\/\/fanmerch.fi\/wp-content\/uploads\/2024\/05\/9264cefa15302a3ee5d4c00c539e0547-1.jpg","type":"image\/jpeg"}],"twitter_card":"summary_large_image","twitter_misc":{"Availability":"In stock"},"schema":{"@context":"https:\/\/schema.org","@graph":[{"@type":"WebPage","@id":"https:\/\/fanmerch.fi\/tuote\/kiss-destroyer-album-college\/","url":"https:\/\/fanmerch.fi\/tuote\/kiss-destroyer-album-college\/","name":"KISS - Destroyer, Crewneck | Fanmerch Finland","isPartOf":{"@id":"https:\/\/fanmerch.fi\/#website"},"primaryImageOfPage":{"@id":"https:\/\/fanmerch.fi\/tuote\/kiss-destroyer-album-college\/#primaryimage"},"image":{"@id":"https:\/\/fanmerch.fi\/tuote\/kiss-destroyer-album-college\/#primaryimage"},"thumbnailUrl":"https:\/\/fanmerch.fi\/wp-content\/uploads\/2024\/05\/9264cefa15302a3ee5d4c00c539e0547-1.jpg","datePublished":"2024-05-10T08:59:17+00:00","dateModified":"2025-03-25T08:40:36+00:00","breadcrumb":{"@id":"https:\/\/fanmerch.fi\/tuote\/kiss-destroyer-album-college\/#breadcrumb"},"inLanguage":"en-GB","potentialAction":[{"@type":"ReadAction","target":["https:\/\/fanmerch.fi\/tuote\/kiss-destroyer-album-college\/"]}]},{"@type":"ImageObject","inLanguage":"en-GB","@id":"https:\/\/fanmerch.fi\/tuote\/kiss-destroyer-album-college\/#primaryimage","url":"https:\/\/fanmerch.fi\/wp-content\/uploads\/2024\/05\/9264cefa15302a3ee5d4c00c539e0547-1.jpg","contentUrl":"https:\/\/fanmerch.fi\/wp-content\/uploads\/2024\/05\/9264cefa15302a3ee5d4c00c539e0547-1.jpg","width":500,"height":500,"caption":"Kiss - Destroyer album college"},{"@type":"BreadcrumbList","@id":"https:\/\/fanmerch.fi\/tuote\/kiss-destroyer-album-college\/#breadcrumb","itemListElement":[{"@type":"ListItem","position":1,"name":"Etusivu","item":"https:\/\/fanmerch.fi\/"},{"@type":"ListItem","position":2,"name":"Kauppa","item":"https:\/\/fanmerch.fi\/kauppa\/"},{"@type":"ListItem","position":3,"name":"Destroyer, Crewneck"}]},{"@type":"WebSite","@id":"https:\/\/fanmerch.fi\/#website","url":"https:\/\/fanmerch.fi\/","name":"Fanmerch Finland","description":"","potentialAction":[{"@type":"SearchAction","target":{"@type":"EntryPoint","urlTemplate":"https:\/\/fanmerch.fi\/?s={search_term_string}"},"query-input":{"@type":"PropertyValueSpecification","valueRequired":true,"valueName":"search_term_string"}}],"inLanguage":"en-GB"}]},"og_availability":"instock","product_availability":"instock","product_condition":"new"},"_links":{"self":[{"href":"https:\/\/fanmerch.fi\/en\/wp-json\/wp\/v2\/product\/31370","targetHints":{"allow":["GET"]}}],"collection":[{"href":"https:\/\/fanmerch.fi\/en\/wp-json\/wp\/v2\/product"}],"about":[{"href":"https:\/\/fanmerch.fi\/en\/wp-json\/wp\/v2\/types\/product"}],"author":[{"embeddable":true,"href":"https:\/\/fanmerch.fi\/en\/wp-json\/wp\/v2\/users\/12"}],"version-history":[{"count":0,"href":"https:\/\/fanmerch.fi\/en\/wp-json\/wp\/v2\/product\/31370\/revisions"}],"wp:featuredmedia":[{"embeddable":true,"href":"https:\/\/fanmerch.fi\/en\/wp-json\/wp\/v2\/media\/31373"}],"wp:attachment":[{"href":"https:\/\/fanmerch.fi\/en\/wp-json\/wp\/v2\/media?parent=31370"}],"wp:term":[{"taxonomy":"product_brand","embeddable":true,"href":"https:\/\/fanmerch.fi\/en\/wp-json\/wp\/v2\/product_brand?post=31370"},{"taxonomy":"product_cat","embeddable":true,"href":"https:\/\/fanmerch.fi\/en\/wp-json\/wp\/v2\/product_cat?post=31370"},{"taxonomy":"product_tag","embeddable":true,"href":"https:\/\/fanmerch.fi\/en\/wp-json\/wp\/v2\/product_tag?post=31370"}],"curies":[{"name":"wp","href":"https:\/\/api.w.org\/{rel}","templated":true}]}}