{"id":32358,"date":"2024-05-10T12:14:02","date_gmt":"2024-05-10T09:14:02","guid":{"rendered":"https:\/\/fanmerch.fi\/tuote\/ac-dc-money-talks-mens-hoodie-huppari\/"},"modified":"2025-04-11T17:18:51","modified_gmt":"2025-04-11T14:18:51","slug":"ac-dc-money-talks-mens-hoodie-huppari","status":"publish","type":"product","link":"https:\/\/fanmerch.fi\/en\/product\/ac-dc-money-talks-mens-hoodie-huppari\/","title":{"rendered":"Money Talks, Hoody"},"content":{"rendered":"","protected":false},"excerpt":{"rendered":"<p>Virallinen AC\/DC -fanituote. Beige aikuisten huppari, jossa edess\u00e4 \u201dMoney Talks\u201d -painatus.<\/p>\n<ul>\n<li>\n<h5><strong>Delivery time 5-10 business days<\/strong><\/h5>\n<\/li>\n<li>\n<h5><strong>50% cotton, 50% polyester<\/strong><\/h5>\n<\/li>\n<\/ul>","protected":false},"author":17,"featured_media":32359,"template":"","meta":[],"product_brand":[],"product_cat":[82],"product_tag":[146,21,136],"class_list":{"0":"post-32358","1":"product","2":"type-product","3":"status-publish","4":"has-post-thumbnail","6":"product_cat-ac-dc","7":"product_tag-ac-dc","8":"product_tag-hupparit","9":"product_tag-kaikki","11":"first","12":"instock","13":"taxable","14":"shipping-taxable","15":"purchasable","16":"product-type-variable"},"yoast_head":"<!-- This site is optimized with the Yoast SEO Premium plugin v26.9 (Yoast SEO v27.4) - https:\/\/yoast.com\/product\/yoast-seo-premium-wordpress\/ -->\n<title>AC\/DC - Money Talks, Hoody | Fanmerch Finland<\/title>\n<meta name=\"robots\" content=\"index, follow, max-snippet:-1, max-image-preview:large, max-video-preview:-1\" \/>\n<link rel=\"canonical\" href=\"https:\/\/fanmerch.fi\/en\/product\/ac-dc-money-talks-mens-hoodie-huppari\/\" \/>\n<meta property=\"og:locale\" content=\"en_GB\" \/>\n<meta property=\"og:type\" content=\"article\" \/>\n<meta property=\"og:title\" content=\"Money Talks, Hoody\" \/>\n<meta property=\"og:description\" content=\"Virallinen AC\/DC -fanituote. Beige aikuisten huppari, jossa edess\u00e4 \u201dMoney Talks\u201d -painatus.    Toimitusaika 5-10 arkip\u00e4iv\u00e4\u00e4    50% puuvilla, 50% polyesteri\" \/>\n<meta property=\"og:url\" content=\"https:\/\/fanmerch.fi\/en\/product\/ac-dc-money-talks-mens-hoodie-huppari\/\" \/>\n<meta property=\"og:site_name\" content=\"Fanmerch Finland\" \/>\n<meta property=\"article:modified_time\" content=\"2025-04-11T14:18:51+00:00\" \/>\n<meta property=\"og:image\" content=\"https:\/\/fanmerch.fi\/wp-content\/uploads\/2024\/05\/07efe5cab209c910eb0633daa1700631-1.jpg\" \/>\n\t<meta property=\"og:image:width\" content=\"128\" \/>\n\t<meta property=\"og:image:height\" content=\"160\" \/>\n\t<meta property=\"og:image:type\" content=\"image\/jpeg\" \/>\n<meta name=\"twitter:card\" content=\"summary_large_image\" \/>\n<meta name=\"twitter:label1\" content=\"Availability\" \/>\n\t<meta name=\"twitter:data1\" content=\"In stock\" \/>\n<script type=\"application\/ld+json\" class=\"yoast-schema-graph\">{\"@context\":\"https:\\\/\\\/schema.org\",\"@graph\":[{\"@type\":\"WebPage\",\"@id\":\"https:\\\/\\\/fanmerch.fi\\\/tuote\\\/ac-dc-money-talks-mens-hoodie-huppari\\\/\",\"url\":\"https:\\\/\\\/fanmerch.fi\\\/tuote\\\/ac-dc-money-talks-mens-hoodie-huppari\\\/\",\"name\":\"AC\\\/DC - Money Talks, Hoody | Fanmerch Finland\",\"isPartOf\":{\"@id\":\"https:\\\/\\\/fanmerch.fi\\\/#website\"},\"primaryImageOfPage\":{\"@id\":\"https:\\\/\\\/fanmerch.fi\\\/tuote\\\/ac-dc-money-talks-mens-hoodie-huppari\\\/#primaryimage\"},\"image\":{\"@id\":\"https:\\\/\\\/fanmerch.fi\\\/tuote\\\/ac-dc-money-talks-mens-hoodie-huppari\\\/#primaryimage\"},\"thumbnailUrl\":\"https:\\\/\\\/fanmerch.fi\\\/wp-content\\\/uploads\\\/2024\\\/05\\\/07efe5cab209c910eb0633daa1700631-1.jpg\",\"datePublished\":\"2024-05-10T09:14:02+00:00\",\"dateModified\":\"2025-04-11T14:18:51+00:00\",\"breadcrumb\":{\"@id\":\"https:\\\/\\\/fanmerch.fi\\\/tuote\\\/ac-dc-money-talks-mens-hoodie-huppari\\\/#breadcrumb\"},\"inLanguage\":\"en-GB\",\"potentialAction\":[{\"@type\":\"ReadAction\",\"target\":[\"https:\\\/\\\/fanmerch.fi\\\/tuote\\\/ac-dc-money-talks-mens-hoodie-huppari\\\/\"]}]},{\"@type\":\"ImageObject\",\"inLanguage\":\"en-GB\",\"@id\":\"https:\\\/\\\/fanmerch.fi\\\/tuote\\\/ac-dc-money-talks-mens-hoodie-huppari\\\/#primaryimage\",\"url\":\"https:\\\/\\\/fanmerch.fi\\\/wp-content\\\/uploads\\\/2024\\\/05\\\/07efe5cab209c910eb0633daa1700631-1.jpg\",\"contentUrl\":\"https:\\\/\\\/fanmerch.fi\\\/wp-content\\\/uploads\\\/2024\\\/05\\\/07efe5cab209c910eb0633daa1700631-1.jpg\",\"width\":128,\"height\":160,\"caption\":\"Ac\\\/Dc Money Talks Mens Hoodie Huppari\"},{\"@type\":\"BreadcrumbList\",\"@id\":\"https:\\\/\\\/fanmerch.fi\\\/tuote\\\/ac-dc-money-talks-mens-hoodie-huppari\\\/#breadcrumb\",\"itemListElement\":[{\"@type\":\"ListItem\",\"position\":1,\"name\":\"Etusivu\",\"item\":\"https:\\\/\\\/fanmerch.fi\\\/\"},{\"@type\":\"ListItem\",\"position\":2,\"name\":\"Kauppa\",\"item\":\"https:\\\/\\\/fanmerch.fi\\\/kauppa\\\/\"},{\"@type\":\"ListItem\",\"position\":3,\"name\":\"Money Talks, Hoody\"}]},{\"@type\":\"WebSite\",\"@id\":\"https:\\\/\\\/fanmerch.fi\\\/#website\",\"url\":\"https:\\\/\\\/fanmerch.fi\\\/\",\"name\":\"Fanmerch Finland\",\"description\":\"\",\"potentialAction\":[{\"@type\":\"SearchAction\",\"target\":{\"@type\":\"EntryPoint\",\"urlTemplate\":\"https:\\\/\\\/fanmerch.fi\\\/?s={search_term_string}\"},\"query-input\":{\"@type\":\"PropertyValueSpecification\",\"valueRequired\":true,\"valueName\":\"search_term_string\"}}],\"inLanguage\":\"en-GB\"}]}<\/script>\n<meta property=\"og:availability\" content=\"instock\" \/>\n<meta property=\"product:availability\" content=\"instock\" \/>\n<meta property=\"product:condition\" content=\"new\" \/>\n<!-- \/ Yoast SEO Premium plugin. -->","yoast_head_json":{"title":"AC\/DC - Money Talks, Hoody | Fanmerch Finland","robots":{"index":"index","follow":"follow","max-snippet":"max-snippet:-1","max-image-preview":"max-image-preview:large","max-video-preview":"max-video-preview:-1"},"canonical":"https:\/\/fanmerch.fi\/en\/product\/ac-dc-money-talks-mens-hoodie-huppari\/","og_locale":"en_GB","og_type":"article","og_title":"Money Talks, Hoody","og_description":"Virallinen AC\/DC -fanituote. Beige aikuisten huppari, jossa edess\u00e4 \u201dMoney Talks\u201d -painatus.    Toimitusaika 5-10 arkip\u00e4iv\u00e4\u00e4    50% puuvilla, 50% polyesteri","og_url":"https:\/\/fanmerch.fi\/en\/product\/ac-dc-money-talks-mens-hoodie-huppari\/","og_site_name":"Fanmerch Finland","article_modified_time":"2025-04-11T14:18:51+00:00","og_image":[{"width":128,"height":160,"url":"https:\/\/fanmerch.fi\/wp-content\/uploads\/2024\/05\/07efe5cab209c910eb0633daa1700631-1.jpg","type":"image\/jpeg"}],"twitter_card":"summary_large_image","twitter_misc":{"Availability":"In stock"},"schema":{"@context":"https:\/\/schema.org","@graph":[{"@type":"WebPage","@id":"https:\/\/fanmerch.fi\/tuote\/ac-dc-money-talks-mens-hoodie-huppari\/","url":"https:\/\/fanmerch.fi\/tuote\/ac-dc-money-talks-mens-hoodie-huppari\/","name":"AC\/DC - Money Talks, Hoody | Fanmerch Finland","isPartOf":{"@id":"https:\/\/fanmerch.fi\/#website"},"primaryImageOfPage":{"@id":"https:\/\/fanmerch.fi\/tuote\/ac-dc-money-talks-mens-hoodie-huppari\/#primaryimage"},"image":{"@id":"https:\/\/fanmerch.fi\/tuote\/ac-dc-money-talks-mens-hoodie-huppari\/#primaryimage"},"thumbnailUrl":"https:\/\/fanmerch.fi\/wp-content\/uploads\/2024\/05\/07efe5cab209c910eb0633daa1700631-1.jpg","datePublished":"2024-05-10T09:14:02+00:00","dateModified":"2025-04-11T14:18:51+00:00","breadcrumb":{"@id":"https:\/\/fanmerch.fi\/tuote\/ac-dc-money-talks-mens-hoodie-huppari\/#breadcrumb"},"inLanguage":"en-GB","potentialAction":[{"@type":"ReadAction","target":["https:\/\/fanmerch.fi\/tuote\/ac-dc-money-talks-mens-hoodie-huppari\/"]}]},{"@type":"ImageObject","inLanguage":"en-GB","@id":"https:\/\/fanmerch.fi\/tuote\/ac-dc-money-talks-mens-hoodie-huppari\/#primaryimage","url":"https:\/\/fanmerch.fi\/wp-content\/uploads\/2024\/05\/07efe5cab209c910eb0633daa1700631-1.jpg","contentUrl":"https:\/\/fanmerch.fi\/wp-content\/uploads\/2024\/05\/07efe5cab209c910eb0633daa1700631-1.jpg","width":128,"height":160,"caption":"Ac\/Dc Money Talks Mens Hoodie Huppari"},{"@type":"BreadcrumbList","@id":"https:\/\/fanmerch.fi\/tuote\/ac-dc-money-talks-mens-hoodie-huppari\/#breadcrumb","itemListElement":[{"@type":"ListItem","position":1,"name":"Etusivu","item":"https:\/\/fanmerch.fi\/"},{"@type":"ListItem","position":2,"name":"Kauppa","item":"https:\/\/fanmerch.fi\/kauppa\/"},{"@type":"ListItem","position":3,"name":"Money Talks, Hoody"}]},{"@type":"WebSite","@id":"https:\/\/fanmerch.fi\/#website","url":"https:\/\/fanmerch.fi\/","name":"Fanmerch Finland","description":"","potentialAction":[{"@type":"SearchAction","target":{"@type":"EntryPoint","urlTemplate":"https:\/\/fanmerch.fi\/?s={search_term_string}"},"query-input":{"@type":"PropertyValueSpecification","valueRequired":true,"valueName":"search_term_string"}}],"inLanguage":"en-GB"}]},"og_availability":"instock","product_availability":"instock","product_condition":"new"},"_links":{"self":[{"href":"https:\/\/fanmerch.fi\/en\/wp-json\/wp\/v2\/product\/32358","targetHints":{"allow":["GET"]}}],"collection":[{"href":"https:\/\/fanmerch.fi\/en\/wp-json\/wp\/v2\/product"}],"about":[{"href":"https:\/\/fanmerch.fi\/en\/wp-json\/wp\/v2\/types\/product"}],"author":[{"embeddable":true,"href":"https:\/\/fanmerch.fi\/en\/wp-json\/wp\/v2\/users\/17"}],"version-history":[{"count":0,"href":"https:\/\/fanmerch.fi\/en\/wp-json\/wp\/v2\/product\/32358\/revisions"}],"wp:featuredmedia":[{"embeddable":true,"href":"https:\/\/fanmerch.fi\/en\/wp-json\/wp\/v2\/media\/32359"}],"wp:attachment":[{"href":"https:\/\/fanmerch.fi\/en\/wp-json\/wp\/v2\/media?parent=32358"}],"wp:term":[{"taxonomy":"product_brand","embeddable":true,"href":"https:\/\/fanmerch.fi\/en\/wp-json\/wp\/v2\/product_brand?post=32358"},{"taxonomy":"product_cat","embeddable":true,"href":"https:\/\/fanmerch.fi\/en\/wp-json\/wp\/v2\/product_cat?post=32358"},{"taxonomy":"product_tag","embeddable":true,"href":"https:\/\/fanmerch.fi\/en\/wp-json\/wp\/v2\/product_tag?post=32358"}],"curies":[{"name":"wp","href":"https:\/\/api.w.org\/{rel}","templated":true}]}}