{"id":32496,"date":"2024-05-10T12:05:52","date_gmt":"2024-05-10T09:05:52","guid":{"rendered":"https:\/\/fanmerch.fi\/tuote\/ac-dc-stiff-upper-lip-unisex-t-paita\/"},"modified":"2025-04-11T14:51:10","modified_gmt":"2025-04-11T11:51:10","slug":"ac-dc-stiff-upper-lip-unisex-t-paita","status":"publish","type":"product","link":"https:\/\/fanmerch.fi\/en\/product\/ac-dc-stiff-upper-lip-unisex-t-paita\/","title":{"rendered":"Stiff Upper Lip, Tee"},"content":{"rendered":"","protected":false},"excerpt":{"rendered":"<p>Virallinen AC\/DC -fanituote. Musta aikuisten t-paita, jossa edess\u00e4 \u201dStiff Upper Lip\u201d -painatus.<\/p>\n<ul>\n<li>\n<h5><strong>Delivery time 5-10 business days<\/strong><\/h5>\n<\/li>\n<li>\n<h5><strong>100% cotton<\/strong><\/h5>\n<\/li>\n<\/ul>","protected":false},"author":17,"featured_media":32503,"template":"","meta":[],"product_brand":[],"product_cat":[82],"product_tag":[146,136,24],"class_list":{"0":"post-32496","1":"product","2":"type-product","3":"status-publish","4":"has-post-thumbnail","6":"product_cat-ac-dc","7":"product_tag-ac-dc","8":"product_tag-kaikki","9":"product_tag-t-paidat","11":"first","12":"instock","13":"taxable","14":"shipping-taxable","15":"purchasable","16":"product-type-variable"},"yoast_head":"<!-- This site is optimized with the Yoast SEO Premium plugin v26.9 (Yoast SEO v27.4) - https:\/\/yoast.com\/product\/yoast-seo-premium-wordpress\/ -->\n<title>AC\/DC - Stiff Upper Lip, Tee | Fanmerch Finland<\/title>\n<meta name=\"robots\" content=\"index, follow, max-snippet:-1, max-image-preview:large, max-video-preview:-1\" \/>\n<link rel=\"canonical\" href=\"https:\/\/fanmerch.fi\/en\/product\/ac-dc-stiff-upper-lip-unisex-t-paita\/\" \/>\n<meta property=\"og:locale\" content=\"en_GB\" \/>\n<meta property=\"og:type\" content=\"article\" \/>\n<meta property=\"og:title\" content=\"Stiff Upper Lip, Tee\" \/>\n<meta property=\"og:description\" content=\"Virallinen AC\/DC -fanituote. Musta aikuisten t-paita, jossa edess\u00e4 \u201dStiff Upper Lip\u201d -painatus.    Toimitusaika 5-10 arkip\u00e4iv\u00e4\u00e4    100% Puuvilla\" \/>\n<meta property=\"og:url\" content=\"https:\/\/fanmerch.fi\/en\/product\/ac-dc-stiff-upper-lip-unisex-t-paita\/\" \/>\n<meta property=\"og:site_name\" content=\"Fanmerch Finland\" \/>\n<meta property=\"article:modified_time\" content=\"2025-04-11T11:51:10+00:00\" \/>\n<meta property=\"og:image\" content=\"https:\/\/fanmerch.fi\/wp-content\/uploads\/2024\/05\/deaaf089bdd75589306b9aebf6ee194c-1.jpg\" \/>\n\t<meta property=\"og:image:width\" content=\"500\" \/>\n\t<meta property=\"og:image:height\" content=\"500\" \/>\n\t<meta property=\"og:image:type\" content=\"image\/jpeg\" \/>\n<meta name=\"twitter:card\" content=\"summary_large_image\" \/>\n<meta name=\"twitter:label1\" content=\"Availability\" \/>\n\t<meta name=\"twitter:data1\" content=\"In stock\" \/>\n<script type=\"application\/ld+json\" class=\"yoast-schema-graph\">{\"@context\":\"https:\\\/\\\/schema.org\",\"@graph\":[{\"@type\":\"WebPage\",\"@id\":\"https:\\\/\\\/fanmerch.fi\\\/tuote\\\/ac-dc-stiff-upper-lip-unisex-t-paita\\\/\",\"url\":\"https:\\\/\\\/fanmerch.fi\\\/tuote\\\/ac-dc-stiff-upper-lip-unisex-t-paita\\\/\",\"name\":\"AC\\\/DC - Stiff Upper Lip, Tee | Fanmerch Finland\",\"isPartOf\":{\"@id\":\"https:\\\/\\\/fanmerch.fi\\\/#website\"},\"primaryImageOfPage\":{\"@id\":\"https:\\\/\\\/fanmerch.fi\\\/tuote\\\/ac-dc-stiff-upper-lip-unisex-t-paita\\\/#primaryimage\"},\"image\":{\"@id\":\"https:\\\/\\\/fanmerch.fi\\\/tuote\\\/ac-dc-stiff-upper-lip-unisex-t-paita\\\/#primaryimage\"},\"thumbnailUrl\":\"https:\\\/\\\/fanmerch.fi\\\/wp-content\\\/uploads\\\/2024\\\/05\\\/deaaf089bdd75589306b9aebf6ee194c-1.jpg\",\"datePublished\":\"2024-05-10T09:05:52+00:00\",\"dateModified\":\"2025-04-11T11:51:10+00:00\",\"breadcrumb\":{\"@id\":\"https:\\\/\\\/fanmerch.fi\\\/tuote\\\/ac-dc-stiff-upper-lip-unisex-t-paita\\\/#breadcrumb\"},\"inLanguage\":\"en-GB\",\"potentialAction\":[{\"@type\":\"ReadAction\",\"target\":[\"https:\\\/\\\/fanmerch.fi\\\/tuote\\\/ac-dc-stiff-upper-lip-unisex-t-paita\\\/\"]}]},{\"@type\":\"ImageObject\",\"inLanguage\":\"en-GB\",\"@id\":\"https:\\\/\\\/fanmerch.fi\\\/tuote\\\/ac-dc-stiff-upper-lip-unisex-t-paita\\\/#primaryimage\",\"url\":\"https:\\\/\\\/fanmerch.fi\\\/wp-content\\\/uploads\\\/2024\\\/05\\\/deaaf089bdd75589306b9aebf6ee194c-1.jpg\",\"contentUrl\":\"https:\\\/\\\/fanmerch.fi\\\/wp-content\\\/uploads\\\/2024\\\/05\\\/deaaf089bdd75589306b9aebf6ee194c-1.jpg\",\"width\":500,\"height\":500,\"caption\":\"AC\\\/DC Stiff upper lip Unisex T-Paita\"},{\"@type\":\"BreadcrumbList\",\"@id\":\"https:\\\/\\\/fanmerch.fi\\\/tuote\\\/ac-dc-stiff-upper-lip-unisex-t-paita\\\/#breadcrumb\",\"itemListElement\":[{\"@type\":\"ListItem\",\"position\":1,\"name\":\"Etusivu\",\"item\":\"https:\\\/\\\/fanmerch.fi\\\/\"},{\"@type\":\"ListItem\",\"position\":2,\"name\":\"Kauppa\",\"item\":\"https:\\\/\\\/fanmerch.fi\\\/kauppa\\\/\"},{\"@type\":\"ListItem\",\"position\":3,\"name\":\"Stiff Upper Lip, Tee\"}]},{\"@type\":\"WebSite\",\"@id\":\"https:\\\/\\\/fanmerch.fi\\\/#website\",\"url\":\"https:\\\/\\\/fanmerch.fi\\\/\",\"name\":\"Fanmerch Finland\",\"description\":\"\",\"potentialAction\":[{\"@type\":\"SearchAction\",\"target\":{\"@type\":\"EntryPoint\",\"urlTemplate\":\"https:\\\/\\\/fanmerch.fi\\\/?s={search_term_string}\"},\"query-input\":{\"@type\":\"PropertyValueSpecification\",\"valueRequired\":true,\"valueName\":\"search_term_string\"}}],\"inLanguage\":\"en-GB\"}]}<\/script>\n<meta property=\"og:availability\" content=\"instock\" \/>\n<meta property=\"product:availability\" content=\"instock\" \/>\n<meta property=\"product:condition\" content=\"new\" \/>\n<!-- \/ Yoast SEO Premium plugin. -->","yoast_head_json":{"title":"AC\/DC - Stiff Upper Lip, Tee | Fanmerch Finland","robots":{"index":"index","follow":"follow","max-snippet":"max-snippet:-1","max-image-preview":"max-image-preview:large","max-video-preview":"max-video-preview:-1"},"canonical":"https:\/\/fanmerch.fi\/en\/product\/ac-dc-stiff-upper-lip-unisex-t-paita\/","og_locale":"en_GB","og_type":"article","og_title":"Stiff Upper Lip, Tee","og_description":"Virallinen AC\/DC -fanituote. Musta aikuisten t-paita, jossa edess\u00e4 \u201dStiff Upper Lip\u201d -painatus.    Toimitusaika 5-10 arkip\u00e4iv\u00e4\u00e4    100% Puuvilla","og_url":"https:\/\/fanmerch.fi\/en\/product\/ac-dc-stiff-upper-lip-unisex-t-paita\/","og_site_name":"Fanmerch Finland","article_modified_time":"2025-04-11T11:51:10+00:00","og_image":[{"width":500,"height":500,"url":"https:\/\/fanmerch.fi\/wp-content\/uploads\/2024\/05\/deaaf089bdd75589306b9aebf6ee194c-1.jpg","type":"image\/jpeg"}],"twitter_card":"summary_large_image","twitter_misc":{"Availability":"In stock"},"schema":{"@context":"https:\/\/schema.org","@graph":[{"@type":"WebPage","@id":"https:\/\/fanmerch.fi\/tuote\/ac-dc-stiff-upper-lip-unisex-t-paita\/","url":"https:\/\/fanmerch.fi\/tuote\/ac-dc-stiff-upper-lip-unisex-t-paita\/","name":"AC\/DC - Stiff Upper Lip, Tee | Fanmerch Finland","isPartOf":{"@id":"https:\/\/fanmerch.fi\/#website"},"primaryImageOfPage":{"@id":"https:\/\/fanmerch.fi\/tuote\/ac-dc-stiff-upper-lip-unisex-t-paita\/#primaryimage"},"image":{"@id":"https:\/\/fanmerch.fi\/tuote\/ac-dc-stiff-upper-lip-unisex-t-paita\/#primaryimage"},"thumbnailUrl":"https:\/\/fanmerch.fi\/wp-content\/uploads\/2024\/05\/deaaf089bdd75589306b9aebf6ee194c-1.jpg","datePublished":"2024-05-10T09:05:52+00:00","dateModified":"2025-04-11T11:51:10+00:00","breadcrumb":{"@id":"https:\/\/fanmerch.fi\/tuote\/ac-dc-stiff-upper-lip-unisex-t-paita\/#breadcrumb"},"inLanguage":"en-GB","potentialAction":[{"@type":"ReadAction","target":["https:\/\/fanmerch.fi\/tuote\/ac-dc-stiff-upper-lip-unisex-t-paita\/"]}]},{"@type":"ImageObject","inLanguage":"en-GB","@id":"https:\/\/fanmerch.fi\/tuote\/ac-dc-stiff-upper-lip-unisex-t-paita\/#primaryimage","url":"https:\/\/fanmerch.fi\/wp-content\/uploads\/2024\/05\/deaaf089bdd75589306b9aebf6ee194c-1.jpg","contentUrl":"https:\/\/fanmerch.fi\/wp-content\/uploads\/2024\/05\/deaaf089bdd75589306b9aebf6ee194c-1.jpg","width":500,"height":500,"caption":"AC\/DC Stiff upper lip Unisex T-Paita"},{"@type":"BreadcrumbList","@id":"https:\/\/fanmerch.fi\/tuote\/ac-dc-stiff-upper-lip-unisex-t-paita\/#breadcrumb","itemListElement":[{"@type":"ListItem","position":1,"name":"Etusivu","item":"https:\/\/fanmerch.fi\/"},{"@type":"ListItem","position":2,"name":"Kauppa","item":"https:\/\/fanmerch.fi\/kauppa\/"},{"@type":"ListItem","position":3,"name":"Stiff Upper Lip, Tee"}]},{"@type":"WebSite","@id":"https:\/\/fanmerch.fi\/#website","url":"https:\/\/fanmerch.fi\/","name":"Fanmerch Finland","description":"","potentialAction":[{"@type":"SearchAction","target":{"@type":"EntryPoint","urlTemplate":"https:\/\/fanmerch.fi\/?s={search_term_string}"},"query-input":{"@type":"PropertyValueSpecification","valueRequired":true,"valueName":"search_term_string"}}],"inLanguage":"en-GB"}]},"og_availability":"instock","product_availability":"instock","product_condition":"new"},"_links":{"self":[{"href":"https:\/\/fanmerch.fi\/en\/wp-json\/wp\/v2\/product\/32496","targetHints":{"allow":["GET"]}}],"collection":[{"href":"https:\/\/fanmerch.fi\/en\/wp-json\/wp\/v2\/product"}],"about":[{"href":"https:\/\/fanmerch.fi\/en\/wp-json\/wp\/v2\/types\/product"}],"author":[{"embeddable":true,"href":"https:\/\/fanmerch.fi\/en\/wp-json\/wp\/v2\/users\/17"}],"version-history":[{"count":0,"href":"https:\/\/fanmerch.fi\/en\/wp-json\/wp\/v2\/product\/32496\/revisions"}],"wp:featuredmedia":[{"embeddable":true,"href":"https:\/\/fanmerch.fi\/en\/wp-json\/wp\/v2\/media\/32503"}],"wp:attachment":[{"href":"https:\/\/fanmerch.fi\/en\/wp-json\/wp\/v2\/media?parent=32496"}],"wp:term":[{"taxonomy":"product_brand","embeddable":true,"href":"https:\/\/fanmerch.fi\/en\/wp-json\/wp\/v2\/product_brand?post=32496"},{"taxonomy":"product_cat","embeddable":true,"href":"https:\/\/fanmerch.fi\/en\/wp-json\/wp\/v2\/product_cat?post=32496"},{"taxonomy":"product_tag","embeddable":true,"href":"https:\/\/fanmerch.fi\/en\/wp-json\/wp\/v2\/product_tag?post=32496"}],"curies":[{"name":"wp","href":"https:\/\/api.w.org\/{rel}","templated":true}]}}