{"id":38093,"date":"2024-05-10T12:53:05","date_gmt":"2024-05-10T09:53:05","guid":{"rendered":"https:\/\/fanmerch.fi\/tuote\/twisted-sister-you-cant-stop-rock-ana-roll-kaulahuivi\/"},"modified":"2025-04-11T17:07:20","modified_gmt":"2025-04-11T14:07:20","slug":"twisted-sister-you-cant-stop-rock-ana-roll-kaulahuivi","status":"publish","type":"product","link":"https:\/\/fanmerch.fi\/en\/product\/twisted-sister-you-cant-stop-rock-ana-roll-kaulahuivi\/","title":{"rendered":"You Can&#8217;t Stop Rock \u00b4n\u00b4 Roll, Kaulahuivi"},"content":{"rendered":"","protected":false},"excerpt":{"rendered":"<p>Virallinen Twisted Sister -fanituote. Kudottu \u201dYou Can&#8217;t Stop Rock \u00b4n\u00b4 Roll\u201d kaulahuivi. Koko 140cm X 16cm.<\/p>\n<ul>\n<li>\n<h5><strong>Delivery time 5-10 business days<\/strong><\/h5>\n<\/li>\n<li>\n<h5><strong>100% acrylic<\/strong><\/h5>\n<\/li>\n<\/ul>","protected":false},"author":1,"featured_media":38092,"template":"","meta":[],"product_brand":[],"product_cat":[111],"product_tag":[136,25,184],"class_list":{"0":"post-38093","1":"product","2":"type-product","3":"status-publish","4":"has-post-thumbnail","6":"product_cat-twisted-sister","7":"product_tag-kaikki","8":"product_tag-muut","9":"product_tag-twisted-sister","11":"first","12":"instock","13":"taxable","14":"shipping-taxable","15":"purchasable","16":"product-type-simple"},"yoast_head":"<!-- This site is optimized with the Yoast SEO Premium plugin v26.9 (Yoast SEO v27.4) - https:\/\/yoast.com\/product\/yoast-seo-premium-wordpress\/ -->\n<title>Twisted Sister - You Can&#039;t Stop Rock \u00b4n\u00b4 Roll, Kaulahuivi | Fanmerch Finland<\/title>\n<meta name=\"robots\" content=\"index, follow, max-snippet:-1, max-image-preview:large, max-video-preview:-1\" \/>\n<link rel=\"canonical\" href=\"https:\/\/fanmerch.fi\/en\/product\/twisted-sister-you-cant-stop-rock-ana-roll-kaulahuivi\/\" \/>\n<meta property=\"og:locale\" content=\"en_GB\" \/>\n<meta property=\"og:type\" content=\"article\" \/>\n<meta property=\"og:title\" content=\"You Can&#039;t Stop Rock \u00b4n\u00b4 Roll, Kaulahuivi\" \/>\n<meta property=\"og:description\" content=\"Virallinen Twisted Sister -fanituote. Kudottu \u201dYou Can&#039;t Stop Rock \u00b4n\u00b4 Roll\u201d kaulahuivi. Koko 140cm X 16cm.    Toimitusaika 5-10 arkip\u00e4iv\u00e4\u00e4    100% akryyli\" \/>\n<meta property=\"og:url\" content=\"https:\/\/fanmerch.fi\/en\/product\/twisted-sister-you-cant-stop-rock-ana-roll-kaulahuivi\/\" \/>\n<meta property=\"og:site_name\" content=\"Fanmerch Finland\" \/>\n<meta property=\"article:modified_time\" content=\"2025-04-11T14:07:20+00:00\" \/>\n<meta property=\"og:image\" content=\"https:\/\/fanmerch.fi\/wp-content\/uploads\/2024\/05\/510781491a79eea4f5482c000affa8e0ff4b903f.jpg\" \/>\n\t<meta property=\"og:image:width\" content=\"750\" \/>\n\t<meta property=\"og:image:height\" content=\"501\" \/>\n\t<meta property=\"og:image:type\" content=\"image\/jpeg\" \/>\n<meta name=\"twitter:card\" content=\"summary_large_image\" \/>\n<meta name=\"twitter:label1\" content=\"Price\" \/>\n\t<meta name=\"twitter:data1\" content=\"24.90&euro;\" \/>\n\t<meta name=\"twitter:label2\" content=\"Availability\" \/>\n\t<meta name=\"twitter:data2\" content=\"In stock\" \/>\n<script type=\"application\/ld+json\" class=\"yoast-schema-graph\">{\"@context\":\"https:\\\/\\\/schema.org\",\"@graph\":[{\"@type\":\"WebPage\",\"@id\":\"https:\\\/\\\/fanmerch.fi\\\/tuote\\\/twisted-sister-you-cant-stop-rock-ana-roll-kaulahuivi\\\/\",\"url\":\"https:\\\/\\\/fanmerch.fi\\\/tuote\\\/twisted-sister-you-cant-stop-rock-ana-roll-kaulahuivi\\\/\",\"name\":\"Twisted Sister - You Can't Stop Rock \u00b4n\u00b4 Roll, Kaulahuivi | Fanmerch Finland\",\"isPartOf\":{\"@id\":\"https:\\\/\\\/fanmerch.fi\\\/#website\"},\"primaryImageOfPage\":{\"@id\":\"https:\\\/\\\/fanmerch.fi\\\/tuote\\\/twisted-sister-you-cant-stop-rock-ana-roll-kaulahuivi\\\/#primaryimage\"},\"image\":{\"@id\":\"https:\\\/\\\/fanmerch.fi\\\/tuote\\\/twisted-sister-you-cant-stop-rock-ana-roll-kaulahuivi\\\/#primaryimage\"},\"thumbnailUrl\":\"https:\\\/\\\/fanmerch.fi\\\/wp-content\\\/uploads\\\/2024\\\/05\\\/510781491a79eea4f5482c000affa8e0ff4b903f.jpg\",\"datePublished\":\"2024-05-10T09:53:05+00:00\",\"dateModified\":\"2025-04-11T14:07:20+00:00\",\"breadcrumb\":{\"@id\":\"https:\\\/\\\/fanmerch.fi\\\/tuote\\\/twisted-sister-you-cant-stop-rock-ana-roll-kaulahuivi\\\/#breadcrumb\"},\"inLanguage\":\"en-GB\",\"potentialAction\":[{\"@type\":\"ReadAction\",\"target\":[\"https:\\\/\\\/fanmerch.fi\\\/tuote\\\/twisted-sister-you-cant-stop-rock-ana-roll-kaulahuivi\\\/\"]}]},{\"@type\":\"ImageObject\",\"inLanguage\":\"en-GB\",\"@id\":\"https:\\\/\\\/fanmerch.fi\\\/tuote\\\/twisted-sister-you-cant-stop-rock-ana-roll-kaulahuivi\\\/#primaryimage\",\"url\":\"https:\\\/\\\/fanmerch.fi\\\/wp-content\\\/uploads\\\/2024\\\/05\\\/510781491a79eea4f5482c000affa8e0ff4b903f.jpg\",\"contentUrl\":\"https:\\\/\\\/fanmerch.fi\\\/wp-content\\\/uploads\\\/2024\\\/05\\\/510781491a79eea4f5482c000affa8e0ff4b903f.jpg\",\"width\":750,\"height\":501,\"caption\":\"Twisted Sister You can't stop Rock \u00c2\u00b4n\u00c2\u00b4 Roll Kaulahuivi\"},{\"@type\":\"BreadcrumbList\",\"@id\":\"https:\\\/\\\/fanmerch.fi\\\/tuote\\\/twisted-sister-you-cant-stop-rock-ana-roll-kaulahuivi\\\/#breadcrumb\",\"itemListElement\":[{\"@type\":\"ListItem\",\"position\":1,\"name\":\"Etusivu\",\"item\":\"https:\\\/\\\/fanmerch.fi\\\/\"},{\"@type\":\"ListItem\",\"position\":2,\"name\":\"Kauppa\",\"item\":\"https:\\\/\\\/fanmerch.fi\\\/kauppa\\\/\"},{\"@type\":\"ListItem\",\"position\":3,\"name\":\"You Can&#8217;t Stop Rock \u00b4n\u00b4 Roll, Kaulahuivi\"}]},{\"@type\":\"WebSite\",\"@id\":\"https:\\\/\\\/fanmerch.fi\\\/#website\",\"url\":\"https:\\\/\\\/fanmerch.fi\\\/\",\"name\":\"Fanmerch Finland\",\"description\":\"\",\"potentialAction\":[{\"@type\":\"SearchAction\",\"target\":{\"@type\":\"EntryPoint\",\"urlTemplate\":\"https:\\\/\\\/fanmerch.fi\\\/?s={search_term_string}\"},\"query-input\":{\"@type\":\"PropertyValueSpecification\",\"valueRequired\":true,\"valueName\":\"search_term_string\"}}],\"inLanguage\":\"en-GB\"}]}<\/script>\n<meta property=\"product:price:amount\" content=\"24.90\" \/>\n<meta property=\"product:price:currency\" content=\"EUR\" \/>\n<meta property=\"og:availability\" content=\"instock\" \/>\n<meta property=\"product:availability\" content=\"instock\" \/>\n<meta property=\"product:retailer_item_id\" content=\"51078149\" \/>\n<meta property=\"product:condition\" content=\"new\" \/>\n<!-- \/ Yoast SEO Premium plugin. -->","yoast_head_json":{"title":"Twisted Sister - You Can't Stop Rock \u00b4n\u00b4 Roll, Kaulahuivi | Fanmerch Finland","robots":{"index":"index","follow":"follow","max-snippet":"max-snippet:-1","max-image-preview":"max-image-preview:large","max-video-preview":"max-video-preview:-1"},"canonical":"https:\/\/fanmerch.fi\/en\/product\/twisted-sister-you-cant-stop-rock-ana-roll-kaulahuivi\/","og_locale":"en_GB","og_type":"article","og_title":"You Can't Stop Rock \u00b4n\u00b4 Roll, Kaulahuivi","og_description":"Virallinen Twisted Sister -fanituote. Kudottu \u201dYou Can't Stop Rock \u00b4n\u00b4 Roll\u201d kaulahuivi. Koko 140cm X 16cm.    Toimitusaika 5-10 arkip\u00e4iv\u00e4\u00e4    100% akryyli","og_url":"https:\/\/fanmerch.fi\/en\/product\/twisted-sister-you-cant-stop-rock-ana-roll-kaulahuivi\/","og_site_name":"Fanmerch Finland","article_modified_time":"2025-04-11T14:07:20+00:00","og_image":[{"width":750,"height":501,"url":"https:\/\/fanmerch.fi\/wp-content\/uploads\/2024\/05\/510781491a79eea4f5482c000affa8e0ff4b903f.jpg","type":"image\/jpeg"}],"twitter_card":"summary_large_image","twitter_misc":{"Price":"24.90&euro;","Availability":"In stock"},"schema":{"@context":"https:\/\/schema.org","@graph":[{"@type":"WebPage","@id":"https:\/\/fanmerch.fi\/tuote\/twisted-sister-you-cant-stop-rock-ana-roll-kaulahuivi\/","url":"https:\/\/fanmerch.fi\/tuote\/twisted-sister-you-cant-stop-rock-ana-roll-kaulahuivi\/","name":"Twisted Sister - You Can't Stop Rock \u00b4n\u00b4 Roll, Kaulahuivi | Fanmerch Finland","isPartOf":{"@id":"https:\/\/fanmerch.fi\/#website"},"primaryImageOfPage":{"@id":"https:\/\/fanmerch.fi\/tuote\/twisted-sister-you-cant-stop-rock-ana-roll-kaulahuivi\/#primaryimage"},"image":{"@id":"https:\/\/fanmerch.fi\/tuote\/twisted-sister-you-cant-stop-rock-ana-roll-kaulahuivi\/#primaryimage"},"thumbnailUrl":"https:\/\/fanmerch.fi\/wp-content\/uploads\/2024\/05\/510781491a79eea4f5482c000affa8e0ff4b903f.jpg","datePublished":"2024-05-10T09:53:05+00:00","dateModified":"2025-04-11T14:07:20+00:00","breadcrumb":{"@id":"https:\/\/fanmerch.fi\/tuote\/twisted-sister-you-cant-stop-rock-ana-roll-kaulahuivi\/#breadcrumb"},"inLanguage":"en-GB","potentialAction":[{"@type":"ReadAction","target":["https:\/\/fanmerch.fi\/tuote\/twisted-sister-you-cant-stop-rock-ana-roll-kaulahuivi\/"]}]},{"@type":"ImageObject","inLanguage":"en-GB","@id":"https:\/\/fanmerch.fi\/tuote\/twisted-sister-you-cant-stop-rock-ana-roll-kaulahuivi\/#primaryimage","url":"https:\/\/fanmerch.fi\/wp-content\/uploads\/2024\/05\/510781491a79eea4f5482c000affa8e0ff4b903f.jpg","contentUrl":"https:\/\/fanmerch.fi\/wp-content\/uploads\/2024\/05\/510781491a79eea4f5482c000affa8e0ff4b903f.jpg","width":750,"height":501,"caption":"Twisted Sister You can't stop Rock \u00c2\u00b4n\u00c2\u00b4 Roll Kaulahuivi"},{"@type":"BreadcrumbList","@id":"https:\/\/fanmerch.fi\/tuote\/twisted-sister-you-cant-stop-rock-ana-roll-kaulahuivi\/#breadcrumb","itemListElement":[{"@type":"ListItem","position":1,"name":"Etusivu","item":"https:\/\/fanmerch.fi\/"},{"@type":"ListItem","position":2,"name":"Kauppa","item":"https:\/\/fanmerch.fi\/kauppa\/"},{"@type":"ListItem","position":3,"name":"You Can&#8217;t Stop Rock \u00b4n\u00b4 Roll, Kaulahuivi"}]},{"@type":"WebSite","@id":"https:\/\/fanmerch.fi\/#website","url":"https:\/\/fanmerch.fi\/","name":"Fanmerch Finland","description":"","potentialAction":[{"@type":"SearchAction","target":{"@type":"EntryPoint","urlTemplate":"https:\/\/fanmerch.fi\/?s={search_term_string}"},"query-input":{"@type":"PropertyValueSpecification","valueRequired":true,"valueName":"search_term_string"}}],"inLanguage":"en-GB"}]},"product_price_amount":"24.90","product_price_currency":"EUR","og_availability":"instock","product_availability":"instock","product_retailer_item_id":"51078149","product_condition":"new"},"_links":{"self":[{"href":"https:\/\/fanmerch.fi\/en\/wp-json\/wp\/v2\/product\/38093","targetHints":{"allow":["GET"]}}],"collection":[{"href":"https:\/\/fanmerch.fi\/en\/wp-json\/wp\/v2\/product"}],"about":[{"href":"https:\/\/fanmerch.fi\/en\/wp-json\/wp\/v2\/types\/product"}],"author":[{"embeddable":true,"href":"https:\/\/fanmerch.fi\/en\/wp-json\/wp\/v2\/users\/1"}],"version-history":[{"count":0,"href":"https:\/\/fanmerch.fi\/en\/wp-json\/wp\/v2\/product\/38093\/revisions"}],"wp:featuredmedia":[{"embeddable":true,"href":"https:\/\/fanmerch.fi\/en\/wp-json\/wp\/v2\/media\/38092"}],"wp:attachment":[{"href":"https:\/\/fanmerch.fi\/en\/wp-json\/wp\/v2\/media?parent=38093"}],"wp:term":[{"taxonomy":"product_brand","embeddable":true,"href":"https:\/\/fanmerch.fi\/en\/wp-json\/wp\/v2\/product_brand?post=38093"},{"taxonomy":"product_cat","embeddable":true,"href":"https:\/\/fanmerch.fi\/en\/wp-json\/wp\/v2\/product_cat?post=38093"},{"taxonomy":"product_tag","embeddable":true,"href":"https:\/\/fanmerch.fi\/en\/wp-json\/wp\/v2\/product_tag?post=38093"}],"curies":[{"name":"wp","href":"https:\/\/api.w.org\/{rel}","templated":true}]}}