{"id":40868,"date":"2024-06-03T07:17:23","date_gmt":"2024-06-03T07:17:23","guid":{"rendered":"https:\/\/fanmerch.fi\/?post_type=product&#038;p=40868"},"modified":"2025-01-01T15:29:38","modified_gmt":"2025-01-01T12:29:38","slug":"peliitat-tupsupipo-burgundy-white-black","status":"publish","type":"product","link":"https:\/\/fanmerch.fi\/en\/product\/peliitat-tupsupipo-burgundy-white-black\/","title":{"rendered":"Peliitat &#8211; Tupsupipo"},"content":{"rendered":"","protected":false},"excerpt":{"rendered":"<p>Tyylik\u00e4s kudottu Peliitat tupsupipo. Edess\u00e4 Peliitat -logobrodeeraus. Yksi koko, sopii useimmille.<\/p>\n<ul>\n<li>\n<h5><strong>Delivery time 5-10 business days<\/strong><\/h5>\n<\/li>\n<li>\n<h5><strong>100% Acrylic<\/strong><\/h5>\n<\/li>\n<\/ul>","protected":false},"author":6,"featured_media":40864,"template":"","meta":[],"product_brand":[],"product_cat":[34],"product_tag":[136,170,35],"class_list":{"0":"post-40868","1":"product","2":"type-product","3":"status-publish","4":"has-post-thumbnail","6":"product_cat-peliitat","7":"product_tag-kaikki","8":"product_tag-paahineet","9":"product_tag-peliitat","11":"first","12":"outofstock","13":"featured","14":"taxable","15":"shipping-taxable","16":"purchasable","17":"product-type-simple"},"yoast_head":"<!-- This site is optimized with the Yoast SEO Premium plugin v26.9 (Yoast SEO v27.4) - https:\/\/yoast.com\/product\/yoast-seo-premium-wordpress\/ -->\n<title>Peliitat - Tupsupipo | Fanmerch Finland<\/title>\n<meta name=\"robots\" content=\"index, follow, max-snippet:-1, max-image-preview:large, max-video-preview:-1\" \/>\n<link rel=\"canonical\" href=\"https:\/\/fanmerch.fi\/en\/product\/peliitat-tupsupipo-burgundy-white-black\/\" \/>\n<meta property=\"og:locale\" content=\"en_GB\" \/>\n<meta property=\"og:type\" content=\"article\" \/>\n<meta property=\"og:title\" content=\"Peliitat - Tupsupipo\" \/>\n<meta property=\"og:description\" content=\"Tyylik\u00e4s kudottu Peliitat tupsupipo. Edess\u00e4 Peliitat -logobrodeeraus. Yksi koko, sopii useimmille.    Toimitusaika 3-5 arkip\u00e4iv\u00e4\u00e4    100% Akryyli\" \/>\n<meta property=\"og:url\" content=\"https:\/\/fanmerch.fi\/en\/product\/peliitat-tupsupipo-burgundy-white-black\/\" \/>\n<meta property=\"og:site_name\" content=\"Fanmerch Finland\" \/>\n<meta property=\"article:modified_time\" content=\"2025-01-01T12:29:38+00:00\" \/>\n<meta property=\"og:image\" content=\"https:\/\/fanmerch.fi\/wp-content\/uploads\/2024\/06\/peliitat-tupsupipo-burgundy-black-white.jpg\" \/>\n\t<meta property=\"og:image:width\" content=\"1200\" \/>\n\t<meta property=\"og:image:height\" content=\"1200\" \/>\n\t<meta property=\"og:image:type\" content=\"image\/jpeg\" \/>\n<meta name=\"twitter:card\" content=\"summary_large_image\" \/>\n<meta name=\"twitter:label1\" content=\"Price\" \/>\n\t<meta name=\"twitter:data1\" content=\"20.00&euro;\" \/>\n\t<meta name=\"twitter:label2\" content=\"Availability\" \/>\n\t<meta name=\"twitter:data2\" content=\"Out of stock\" \/>\n<script type=\"application\/ld+json\" class=\"yoast-schema-graph\">{\"@context\":\"https:\\\/\\\/schema.org\",\"@graph\":[{\"@type\":\"WebPage\",\"@id\":\"https:\\\/\\\/fanmerch.fi\\\/tuote\\\/peliitat-tupsupipo-burgundy-white-black\\\/\",\"url\":\"https:\\\/\\\/fanmerch.fi\\\/tuote\\\/peliitat-tupsupipo-burgundy-white-black\\\/\",\"name\":\"Peliitat - Tupsupipo | Fanmerch Finland\",\"isPartOf\":{\"@id\":\"https:\\\/\\\/fanmerch.fi\\\/#website\"},\"primaryImageOfPage\":{\"@id\":\"https:\\\/\\\/fanmerch.fi\\\/tuote\\\/peliitat-tupsupipo-burgundy-white-black\\\/#primaryimage\"},\"image\":{\"@id\":\"https:\\\/\\\/fanmerch.fi\\\/tuote\\\/peliitat-tupsupipo-burgundy-white-black\\\/#primaryimage\"},\"thumbnailUrl\":\"https:\\\/\\\/fanmerch.fi\\\/wp-content\\\/uploads\\\/2024\\\/06\\\/peliitat-tupsupipo-burgundy-black-white.jpg\",\"datePublished\":\"2024-06-03T07:17:23+00:00\",\"dateModified\":\"2025-01-01T12:29:38+00:00\",\"breadcrumb\":{\"@id\":\"https:\\\/\\\/fanmerch.fi\\\/tuote\\\/peliitat-tupsupipo-burgundy-white-black\\\/#breadcrumb\"},\"inLanguage\":\"en-GB\",\"potentialAction\":[{\"@type\":\"ReadAction\",\"target\":[\"https:\\\/\\\/fanmerch.fi\\\/tuote\\\/peliitat-tupsupipo-burgundy-white-black\\\/\"]}]},{\"@type\":\"ImageObject\",\"inLanguage\":\"en-GB\",\"@id\":\"https:\\\/\\\/fanmerch.fi\\\/tuote\\\/peliitat-tupsupipo-burgundy-white-black\\\/#primaryimage\",\"url\":\"https:\\\/\\\/fanmerch.fi\\\/wp-content\\\/uploads\\\/2024\\\/06\\\/peliitat-tupsupipo-burgundy-black-white.jpg\",\"contentUrl\":\"https:\\\/\\\/fanmerch.fi\\\/wp-content\\\/uploads\\\/2024\\\/06\\\/peliitat-tupsupipo-burgundy-black-white.jpg\",\"width\":1200,\"height\":1200},{\"@type\":\"BreadcrumbList\",\"@id\":\"https:\\\/\\\/fanmerch.fi\\\/tuote\\\/peliitat-tupsupipo-burgundy-white-black\\\/#breadcrumb\",\"itemListElement\":[{\"@type\":\"ListItem\",\"position\":1,\"name\":\"Etusivu\",\"item\":\"https:\\\/\\\/fanmerch.fi\\\/\"},{\"@type\":\"ListItem\",\"position\":2,\"name\":\"Kauppa\",\"item\":\"https:\\\/\\\/fanmerch.fi\\\/kauppa\\\/\"},{\"@type\":\"ListItem\",\"position\":3,\"name\":\"Peliitat &#8211; Tupsupipo\"}]},{\"@type\":\"WebSite\",\"@id\":\"https:\\\/\\\/fanmerch.fi\\\/#website\",\"url\":\"https:\\\/\\\/fanmerch.fi\\\/\",\"name\":\"Fanmerch Finland\",\"description\":\"\",\"potentialAction\":[{\"@type\":\"SearchAction\",\"target\":{\"@type\":\"EntryPoint\",\"urlTemplate\":\"https:\\\/\\\/fanmerch.fi\\\/?s={search_term_string}\"},\"query-input\":{\"@type\":\"PropertyValueSpecification\",\"valueRequired\":true,\"valueName\":\"search_term_string\"}}],\"inLanguage\":\"en-GB\"}]}<\/script>\n<meta property=\"product:price:amount\" content=\"20.00\" \/>\n<meta property=\"product:price:currency\" content=\"EUR\" \/>\n<meta property=\"og:availability\" content=\"out of stock\" \/>\n<meta property=\"product:availability\" content=\"out of stock\" \/>\n<meta property=\"product:retailer_item_id\" content=\"Peliitat - tupsupipo -burgundy-white-black\" \/>\n<meta property=\"product:condition\" content=\"new\" \/>\n<!-- \/ Yoast SEO Premium plugin. -->","yoast_head_json":{"title":"Peliitat - Tupsupipo | Fanmerch Finland","robots":{"index":"index","follow":"follow","max-snippet":"max-snippet:-1","max-image-preview":"max-image-preview:large","max-video-preview":"max-video-preview:-1"},"canonical":"https:\/\/fanmerch.fi\/en\/product\/peliitat-tupsupipo-burgundy-white-black\/","og_locale":"en_GB","og_type":"article","og_title":"Peliitat - Tupsupipo","og_description":"Tyylik\u00e4s kudottu Peliitat tupsupipo. Edess\u00e4 Peliitat -logobrodeeraus. Yksi koko, sopii useimmille.    Toimitusaika 3-5 arkip\u00e4iv\u00e4\u00e4    100% Akryyli","og_url":"https:\/\/fanmerch.fi\/en\/product\/peliitat-tupsupipo-burgundy-white-black\/","og_site_name":"Fanmerch Finland","article_modified_time":"2025-01-01T12:29:38+00:00","og_image":[{"width":1200,"height":1200,"url":"https:\/\/fanmerch.fi\/wp-content\/uploads\/2024\/06\/peliitat-tupsupipo-burgundy-black-white.jpg","type":"image\/jpeg"}],"twitter_card":"summary_large_image","twitter_misc":{"Price":"20.00&euro;","Availability":"Out of stock"},"schema":{"@context":"https:\/\/schema.org","@graph":[{"@type":"WebPage","@id":"https:\/\/fanmerch.fi\/tuote\/peliitat-tupsupipo-burgundy-white-black\/","url":"https:\/\/fanmerch.fi\/tuote\/peliitat-tupsupipo-burgundy-white-black\/","name":"Peliitat - Tupsupipo | Fanmerch Finland","isPartOf":{"@id":"https:\/\/fanmerch.fi\/#website"},"primaryImageOfPage":{"@id":"https:\/\/fanmerch.fi\/tuote\/peliitat-tupsupipo-burgundy-white-black\/#primaryimage"},"image":{"@id":"https:\/\/fanmerch.fi\/tuote\/peliitat-tupsupipo-burgundy-white-black\/#primaryimage"},"thumbnailUrl":"https:\/\/fanmerch.fi\/wp-content\/uploads\/2024\/06\/peliitat-tupsupipo-burgundy-black-white.jpg","datePublished":"2024-06-03T07:17:23+00:00","dateModified":"2025-01-01T12:29:38+00:00","breadcrumb":{"@id":"https:\/\/fanmerch.fi\/tuote\/peliitat-tupsupipo-burgundy-white-black\/#breadcrumb"},"inLanguage":"en-GB","potentialAction":[{"@type":"ReadAction","target":["https:\/\/fanmerch.fi\/tuote\/peliitat-tupsupipo-burgundy-white-black\/"]}]},{"@type":"ImageObject","inLanguage":"en-GB","@id":"https:\/\/fanmerch.fi\/tuote\/peliitat-tupsupipo-burgundy-white-black\/#primaryimage","url":"https:\/\/fanmerch.fi\/wp-content\/uploads\/2024\/06\/peliitat-tupsupipo-burgundy-black-white.jpg","contentUrl":"https:\/\/fanmerch.fi\/wp-content\/uploads\/2024\/06\/peliitat-tupsupipo-burgundy-black-white.jpg","width":1200,"height":1200},{"@type":"BreadcrumbList","@id":"https:\/\/fanmerch.fi\/tuote\/peliitat-tupsupipo-burgundy-white-black\/#breadcrumb","itemListElement":[{"@type":"ListItem","position":1,"name":"Etusivu","item":"https:\/\/fanmerch.fi\/"},{"@type":"ListItem","position":2,"name":"Kauppa","item":"https:\/\/fanmerch.fi\/kauppa\/"},{"@type":"ListItem","position":3,"name":"Peliitat &#8211; Tupsupipo"}]},{"@type":"WebSite","@id":"https:\/\/fanmerch.fi\/#website","url":"https:\/\/fanmerch.fi\/","name":"Fanmerch Finland","description":"","potentialAction":[{"@type":"SearchAction","target":{"@type":"EntryPoint","urlTemplate":"https:\/\/fanmerch.fi\/?s={search_term_string}"},"query-input":{"@type":"PropertyValueSpecification","valueRequired":true,"valueName":"search_term_string"}}],"inLanguage":"en-GB"}]},"product_price_amount":"20.00","product_price_currency":"EUR","og_availability":"out of stock","product_availability":"out of stock","product_retailer_item_id":"Peliitat - tupsupipo -burgundy-white-black","product_condition":"new"},"_links":{"self":[{"href":"https:\/\/fanmerch.fi\/en\/wp-json\/wp\/v2\/product\/40868","targetHints":{"allow":["GET"]}}],"collection":[{"href":"https:\/\/fanmerch.fi\/en\/wp-json\/wp\/v2\/product"}],"about":[{"href":"https:\/\/fanmerch.fi\/en\/wp-json\/wp\/v2\/types\/product"}],"author":[{"embeddable":true,"href":"https:\/\/fanmerch.fi\/en\/wp-json\/wp\/v2\/users\/6"}],"version-history":[{"count":0,"href":"https:\/\/fanmerch.fi\/en\/wp-json\/wp\/v2\/product\/40868\/revisions"}],"wp:featuredmedia":[{"embeddable":true,"href":"https:\/\/fanmerch.fi\/en\/wp-json\/wp\/v2\/media\/40864"}],"wp:attachment":[{"href":"https:\/\/fanmerch.fi\/en\/wp-json\/wp\/v2\/media?parent=40868"}],"wp:term":[{"taxonomy":"product_brand","embeddable":true,"href":"https:\/\/fanmerch.fi\/en\/wp-json\/wp\/v2\/product_brand?post=40868"},{"taxonomy":"product_cat","embeddable":true,"href":"https:\/\/fanmerch.fi\/en\/wp-json\/wp\/v2\/product_cat?post=40868"},{"taxonomy":"product_tag","embeddable":true,"href":"https:\/\/fanmerch.fi\/en\/wp-json\/wp\/v2\/product_tag?post=40868"}],"curies":[{"name":"wp","href":"https:\/\/api.w.org\/{rel}","templated":true}]}}