{"id":42903,"date":"2024-06-21T11:44:27","date_gmt":"2024-06-21T08:44:27","guid":{"rendered":"https:\/\/fanmerch.fi\/?post_type=product&#038;p=42903"},"modified":"2024-11-29T19:33:41","modified_gmt":"2024-11-29T16:33:41","slug":"fc-puhuri-text-crest-hoodyblack","status":"publish","type":"product","link":"https:\/\/fanmerch.fi\/en\/product\/fc-puhuri-text-crest-hoodyblack\/","title":{"rendered":"Text Crest, Hoody"},"content":{"rendered":"","protected":false},"excerpt":{"rendered":"<p>Very high quality responsibly made adult black hoodie with \"Text Crest\" print on the front.<\/p>\n<ul>\n<li>\n<h5>Printed product, delivery time 5-10 business days<\/h5>\n<\/li>\n<li>\n<h5>65% Cotton, 35% Polyester, 300\/gsm<\/h5>\n<\/li>\n<\/ul>","protected":false},"author":1,"featured_media":42905,"template":"","meta":[],"product_brand":[],"product_cat":[212],"product_tag":[213,21,136],"class_list":{"0":"post-42903","1":"product","2":"type-product","3":"status-publish","4":"has-post-thumbnail","6":"product_cat-fc-puhuri","7":"product_tag-fc-puhuri","8":"product_tag-hupparit","9":"product_tag-kaikki","11":"first","12":"outofstock","13":"taxable","14":"shipping-taxable","15":"purchasable","16":"product-type-variable"},"yoast_head":"<!-- This site is optimized with the Yoast SEO Premium plugin v26.9 (Yoast SEO v27.4) - https:\/\/yoast.com\/product\/yoast-seo-premium-wordpress\/ -->\n<title>FC Puhuri - Text Crest, Hoody | Fanmerch Finland<\/title>\n<meta name=\"robots\" content=\"index, follow, max-snippet:-1, max-image-preview:large, max-video-preview:-1\" \/>\n<link rel=\"canonical\" href=\"https:\/\/fanmerch.fi\/en\/product\/fc-puhuri-text-crest-hoodyblack\/\" \/>\n<meta property=\"og:locale\" content=\"en_GB\" \/>\n<meta property=\"og:type\" content=\"article\" \/>\n<meta property=\"og:title\" content=\"Text Crest, Hoody\" \/>\n<meta property=\"og:description\" content=\"Eritt\u00e4in laadukas vastuullisesti valmistettu aikuisten musta huppari, jossa edess\u00e4 &quot;Text Crest&quot; -painatus.    Painotuote, toimitusaika 5-10 arkip\u00e4iv\u00e4\u00e4    65% Puuvilla, 35% Polyesteri, 300\/gsm\" \/>\n<meta property=\"og:url\" content=\"https:\/\/fanmerch.fi\/en\/product\/fc-puhuri-text-crest-hoodyblack\/\" \/>\n<meta property=\"og:site_name\" content=\"Fanmerch Finland\" \/>\n<meta property=\"article:modified_time\" content=\"2024-11-29T16:33:41+00:00\" \/>\n<meta property=\"og:image\" content=\"https:\/\/fanmerch.fi\/wp-content\/uploads\/2024\/06\/fc-puhuri-logo-black-heavy-hoody.jpg\" \/>\n\t<meta property=\"og:image:width\" content=\"1000\" \/>\n\t<meta property=\"og:image:height\" content=\"1300\" \/>\n\t<meta property=\"og:image:type\" content=\"image\/jpeg\" \/>\n<meta name=\"twitter:card\" content=\"summary_large_image\" \/>\n<meta name=\"twitter:label1\" content=\"Availability\" \/>\n\t<meta name=\"twitter:data1\" content=\"Out of stock\" \/>\n<script type=\"application\/ld+json\" class=\"yoast-schema-graph\">{\"@context\":\"https:\\\/\\\/schema.org\",\"@graph\":[{\"@type\":\"WebPage\",\"@id\":\"https:\\\/\\\/fanmerch.fi\\\/tuote\\\/fc-puhuri-text-crest-hoodyblack\\\/\",\"url\":\"https:\\\/\\\/fanmerch.fi\\\/tuote\\\/fc-puhuri-text-crest-hoodyblack\\\/\",\"name\":\"FC Puhuri - Text Crest, Hoody | Fanmerch Finland\",\"isPartOf\":{\"@id\":\"https:\\\/\\\/fanmerch.fi\\\/#website\"},\"primaryImageOfPage\":{\"@id\":\"https:\\\/\\\/fanmerch.fi\\\/tuote\\\/fc-puhuri-text-crest-hoodyblack\\\/#primaryimage\"},\"image\":{\"@id\":\"https:\\\/\\\/fanmerch.fi\\\/tuote\\\/fc-puhuri-text-crest-hoodyblack\\\/#primaryimage\"},\"thumbnailUrl\":\"https:\\\/\\\/fanmerch.fi\\\/wp-content\\\/uploads\\\/2024\\\/06\\\/fc-puhuri-logo-black-heavy-hoody.jpg\",\"datePublished\":\"2024-06-21T08:44:27+00:00\",\"dateModified\":\"2024-11-29T16:33:41+00:00\",\"breadcrumb\":{\"@id\":\"https:\\\/\\\/fanmerch.fi\\\/tuote\\\/fc-puhuri-text-crest-hoodyblack\\\/#breadcrumb\"},\"inLanguage\":\"en-GB\",\"potentialAction\":[{\"@type\":\"ReadAction\",\"target\":[\"https:\\\/\\\/fanmerch.fi\\\/tuote\\\/fc-puhuri-text-crest-hoodyblack\\\/\"]}]},{\"@type\":\"ImageObject\",\"inLanguage\":\"en-GB\",\"@id\":\"https:\\\/\\\/fanmerch.fi\\\/tuote\\\/fc-puhuri-text-crest-hoodyblack\\\/#primaryimage\",\"url\":\"https:\\\/\\\/fanmerch.fi\\\/wp-content\\\/uploads\\\/2024\\\/06\\\/fc-puhuri-logo-black-heavy-hoody.jpg\",\"contentUrl\":\"https:\\\/\\\/fanmerch.fi\\\/wp-content\\\/uploads\\\/2024\\\/06\\\/fc-puhuri-logo-black-heavy-hoody.jpg\",\"width\":1000,\"height\":1300},{\"@type\":\"BreadcrumbList\",\"@id\":\"https:\\\/\\\/fanmerch.fi\\\/tuote\\\/fc-puhuri-text-crest-hoodyblack\\\/#breadcrumb\",\"itemListElement\":[{\"@type\":\"ListItem\",\"position\":1,\"name\":\"Etusivu\",\"item\":\"https:\\\/\\\/fanmerch.fi\\\/\"},{\"@type\":\"ListItem\",\"position\":2,\"name\":\"Kauppa\",\"item\":\"https:\\\/\\\/fanmerch.fi\\\/kauppa\\\/\"},{\"@type\":\"ListItem\",\"position\":3,\"name\":\"Text Crest, Hoody\"}]},{\"@type\":\"WebSite\",\"@id\":\"https:\\\/\\\/fanmerch.fi\\\/#website\",\"url\":\"https:\\\/\\\/fanmerch.fi\\\/\",\"name\":\"Fanmerch Finland\",\"description\":\"\",\"potentialAction\":[{\"@type\":\"SearchAction\",\"target\":{\"@type\":\"EntryPoint\",\"urlTemplate\":\"https:\\\/\\\/fanmerch.fi\\\/?s={search_term_string}\"},\"query-input\":{\"@type\":\"PropertyValueSpecification\",\"valueRequired\":true,\"valueName\":\"search_term_string\"}}],\"inLanguage\":\"en-GB\"}]}<\/script>\n<meta property=\"og:availability\" content=\"out of stock\" \/>\n<meta property=\"product:availability\" content=\"out of stock\" \/>\n<meta property=\"product:retailer_item_id\" content=\"FC Puhuri \/ Text Crest \/ Black \/ Heavy Hoody\" \/>\n<meta property=\"product:condition\" content=\"new\" \/>\n<!-- \/ Yoast SEO Premium plugin. -->","yoast_head_json":{"title":"FC Puhuri - Text Crest, Hoody | Fanmerch Finland","robots":{"index":"index","follow":"follow","max-snippet":"max-snippet:-1","max-image-preview":"max-image-preview:large","max-video-preview":"max-video-preview:-1"},"canonical":"https:\/\/fanmerch.fi\/en\/product\/fc-puhuri-text-crest-hoodyblack\/","og_locale":"en_GB","og_type":"article","og_title":"Text Crest, Hoody","og_description":"Eritt\u00e4in laadukas vastuullisesti valmistettu aikuisten musta huppari, jossa edess\u00e4 \"Text Crest\" -painatus.    Painotuote, toimitusaika 5-10 arkip\u00e4iv\u00e4\u00e4    65% Puuvilla, 35% Polyesteri, 300\/gsm","og_url":"https:\/\/fanmerch.fi\/en\/product\/fc-puhuri-text-crest-hoodyblack\/","og_site_name":"Fanmerch Finland","article_modified_time":"2024-11-29T16:33:41+00:00","og_image":[{"width":1000,"height":1300,"url":"https:\/\/fanmerch.fi\/wp-content\/uploads\/2024\/06\/fc-puhuri-logo-black-heavy-hoody.jpg","type":"image\/jpeg"}],"twitter_card":"summary_large_image","twitter_misc":{"Availability":"Out of stock"},"schema":{"@context":"https:\/\/schema.org","@graph":[{"@type":"WebPage","@id":"https:\/\/fanmerch.fi\/tuote\/fc-puhuri-text-crest-hoodyblack\/","url":"https:\/\/fanmerch.fi\/tuote\/fc-puhuri-text-crest-hoodyblack\/","name":"FC Puhuri - Text Crest, Hoody | Fanmerch Finland","isPartOf":{"@id":"https:\/\/fanmerch.fi\/#website"},"primaryImageOfPage":{"@id":"https:\/\/fanmerch.fi\/tuote\/fc-puhuri-text-crest-hoodyblack\/#primaryimage"},"image":{"@id":"https:\/\/fanmerch.fi\/tuote\/fc-puhuri-text-crest-hoodyblack\/#primaryimage"},"thumbnailUrl":"https:\/\/fanmerch.fi\/wp-content\/uploads\/2024\/06\/fc-puhuri-logo-black-heavy-hoody.jpg","datePublished":"2024-06-21T08:44:27+00:00","dateModified":"2024-11-29T16:33:41+00:00","breadcrumb":{"@id":"https:\/\/fanmerch.fi\/tuote\/fc-puhuri-text-crest-hoodyblack\/#breadcrumb"},"inLanguage":"en-GB","potentialAction":[{"@type":"ReadAction","target":["https:\/\/fanmerch.fi\/tuote\/fc-puhuri-text-crest-hoodyblack\/"]}]},{"@type":"ImageObject","inLanguage":"en-GB","@id":"https:\/\/fanmerch.fi\/tuote\/fc-puhuri-text-crest-hoodyblack\/#primaryimage","url":"https:\/\/fanmerch.fi\/wp-content\/uploads\/2024\/06\/fc-puhuri-logo-black-heavy-hoody.jpg","contentUrl":"https:\/\/fanmerch.fi\/wp-content\/uploads\/2024\/06\/fc-puhuri-logo-black-heavy-hoody.jpg","width":1000,"height":1300},{"@type":"BreadcrumbList","@id":"https:\/\/fanmerch.fi\/tuote\/fc-puhuri-text-crest-hoodyblack\/#breadcrumb","itemListElement":[{"@type":"ListItem","position":1,"name":"Etusivu","item":"https:\/\/fanmerch.fi\/"},{"@type":"ListItem","position":2,"name":"Kauppa","item":"https:\/\/fanmerch.fi\/kauppa\/"},{"@type":"ListItem","position":3,"name":"Text Crest, Hoody"}]},{"@type":"WebSite","@id":"https:\/\/fanmerch.fi\/#website","url":"https:\/\/fanmerch.fi\/","name":"Fanmerch Finland","description":"","potentialAction":[{"@type":"SearchAction","target":{"@type":"EntryPoint","urlTemplate":"https:\/\/fanmerch.fi\/?s={search_term_string}"},"query-input":{"@type":"PropertyValueSpecification","valueRequired":true,"valueName":"search_term_string"}}],"inLanguage":"en-GB"}]},"og_availability":"out of stock","product_availability":"out of stock","product_retailer_item_id":"FC Puhuri \/ Text Crest \/ Black \/ Heavy Hoody","product_condition":"new"},"_links":{"self":[{"href":"https:\/\/fanmerch.fi\/en\/wp-json\/wp\/v2\/product\/42903","targetHints":{"allow":["GET"]}}],"collection":[{"href":"https:\/\/fanmerch.fi\/en\/wp-json\/wp\/v2\/product"}],"about":[{"href":"https:\/\/fanmerch.fi\/en\/wp-json\/wp\/v2\/types\/product"}],"author":[{"embeddable":true,"href":"https:\/\/fanmerch.fi\/en\/wp-json\/wp\/v2\/users\/1"}],"version-history":[{"count":0,"href":"https:\/\/fanmerch.fi\/en\/wp-json\/wp\/v2\/product\/42903\/revisions"}],"wp:featuredmedia":[{"embeddable":true,"href":"https:\/\/fanmerch.fi\/en\/wp-json\/wp\/v2\/media\/42905"}],"wp:attachment":[{"href":"https:\/\/fanmerch.fi\/en\/wp-json\/wp\/v2\/media?parent=42903"}],"wp:term":[{"taxonomy":"product_brand","embeddable":true,"href":"https:\/\/fanmerch.fi\/en\/wp-json\/wp\/v2\/product_brand?post=42903"},{"taxonomy":"product_cat","embeddable":true,"href":"https:\/\/fanmerch.fi\/en\/wp-json\/wp\/v2\/product_cat?post=42903"},{"taxonomy":"product_tag","embeddable":true,"href":"https:\/\/fanmerch.fi\/en\/wp-json\/wp\/v2\/product_tag?post=42903"}],"curies":[{"name":"wp","href":"https:\/\/api.w.org\/{rel}","templated":true}]}}