{"id":43811,"date":"2024-07-26T18:49:24","date_gmt":"2024-07-26T15:49:24","guid":{"rendered":"https:\/\/fanmerch.fi\/?post_type=product&#038;p=43811"},"modified":"2024-08-07T22:01:12","modified_gmt":"2024-08-07T19:01:12","slug":"if-gnistan-small-crest-navy-baseball-cap","status":"publish","type":"product","link":"https:\/\/fanmerch.fi\/en\/product\/if-gnistan-small-crest-navy-baseball-cap\/","title":{"rendered":"Small Crest, Baseball Cap"},"content":{"rendered":"","protected":false},"excerpt":{"rendered":"<p>Dark blue baseball cap with embroidered IF Gnistan logo on the front and IF Gnistan text embroidery on the back. The snapback fastening on the back allows for easy size adjustment, ensuring the cap fits all head sizes.<\/p>\n<ul>\n<li>\n<h5>Delivery time 5-10 business days<\/h5>\n<\/li>\n<li>\n<h5>Size: 57.5cm<\/h5>\n<\/li>\n<li>\n<h5><strong>Fastening: Snapback<\/strong><\/h5>\n<\/li>\n<li>\n<h5>Material: 100% Cotton<\/h5>\n<\/li>\n<\/ul>","protected":false},"author":26,"featured_media":43812,"template":"","meta":[],"product_brand":[],"product_cat":[214],"product_tag":[215,136,170],"class_list":{"0":"post-43811","1":"product","2":"type-product","3":"status-publish","4":"has-post-thumbnail","6":"product_cat-if-gnistan","7":"product_tag-if-gnistan","8":"product_tag-kaikki","9":"product_tag-paahineet","11":"first","12":"outofstock","13":"sale","14":"taxable","15":"shipping-taxable","16":"purchasable","17":"product-type-simple"},"yoast_head":"<!-- This site is optimized with the Yoast SEO Premium plugin v26.9 (Yoast SEO v27.4) - https:\/\/yoast.com\/product\/yoast-seo-premium-wordpress\/ -->\n<title>IF Gnistan - Small Crest, Baseball Cap | Fanmerch Finland<\/title>\n<meta name=\"robots\" content=\"index, follow, max-snippet:-1, max-image-preview:large, max-video-preview:-1\" \/>\n<link rel=\"canonical\" href=\"https:\/\/fanmerch.fi\/en\/product\/if-gnistan-small-crest-navy-baseball-cap\/\" \/>\n<meta property=\"og:locale\" content=\"en_GB\" \/>\n<meta property=\"og:type\" content=\"article\" \/>\n<meta property=\"og:title\" content=\"Small Crest, Baseball Cap\" \/>\n<meta property=\"og:description\" content=\"Tummansininen baseball-lippalakki, jossa edess\u00e4 IF Gnistan -logobrodeeraus ja takana IF Gnistan -tekstibrodeeraus. Takaosan snapback-kiinnitys toimii mainiosti koon s\u00e4\u00e4t\u00e4j\u00e4n\u00e4, jolloin lippis sopii jokaiseen p\u00e4\u00e4h\u00e4n.    Toimitusaika 3-5 arkip\u00e4iv\u00e4\u00e4    Koko:\u00a0 57,5cm    Kiinnitys: Snapback    Materiaali: 100% Puuvilla\" \/>\n<meta property=\"og:url\" content=\"https:\/\/fanmerch.fi\/en\/product\/if-gnistan-small-crest-navy-baseball-cap\/\" \/>\n<meta property=\"og:site_name\" content=\"Fanmerch Finland\" \/>\n<meta property=\"article:modified_time\" content=\"2024-08-07T19:01:12+00:00\" \/>\n<meta property=\"og:image\" content=\"https:\/\/fanmerch.fi\/wp-content\/uploads\/2024\/07\/if-gnistan-small-crest-baseball-cap.jpg\" \/>\n\t<meta property=\"og:image:width\" content=\"1000\" \/>\n\t<meta property=\"og:image:height\" content=\"1300\" \/>\n\t<meta property=\"og:image:type\" content=\"image\/jpeg\" \/>\n<meta name=\"twitter:card\" content=\"summary_large_image\" \/>\n<meta name=\"twitter:label1\" content=\"Price\" \/>\n\t<meta name=\"twitter:data1\" content=\"20.00&euro;\" \/>\n\t<meta name=\"twitter:label2\" content=\"Availability\" \/>\n\t<meta name=\"twitter:data2\" content=\"Out of stock\" \/>\n<script type=\"application\/ld+json\" class=\"yoast-schema-graph\">{\"@context\":\"https:\\\/\\\/schema.org\",\"@graph\":[{\"@type\":\"WebPage\",\"@id\":\"https:\\\/\\\/fanmerch.fi\\\/tuote\\\/if-gnistan-small-crest-navy-baseball-cap\\\/\",\"url\":\"https:\\\/\\\/fanmerch.fi\\\/tuote\\\/if-gnistan-small-crest-navy-baseball-cap\\\/\",\"name\":\"IF Gnistan - Small Crest, Baseball Cap | Fanmerch Finland\",\"isPartOf\":{\"@id\":\"https:\\\/\\\/fanmerch.fi\\\/#website\"},\"primaryImageOfPage\":{\"@id\":\"https:\\\/\\\/fanmerch.fi\\\/tuote\\\/if-gnistan-small-crest-navy-baseball-cap\\\/#primaryimage\"},\"image\":{\"@id\":\"https:\\\/\\\/fanmerch.fi\\\/tuote\\\/if-gnistan-small-crest-navy-baseball-cap\\\/#primaryimage\"},\"thumbnailUrl\":\"https:\\\/\\\/fanmerch.fi\\\/wp-content\\\/uploads\\\/2024\\\/07\\\/if-gnistan-small-crest-baseball-cap.jpg\",\"datePublished\":\"2024-07-26T15:49:24+00:00\",\"dateModified\":\"2024-08-07T19:01:12+00:00\",\"breadcrumb\":{\"@id\":\"https:\\\/\\\/fanmerch.fi\\\/tuote\\\/if-gnistan-small-crest-navy-baseball-cap\\\/#breadcrumb\"},\"inLanguage\":\"en-GB\",\"potentialAction\":[{\"@type\":\"ReadAction\",\"target\":[\"https:\\\/\\\/fanmerch.fi\\\/tuote\\\/if-gnistan-small-crest-navy-baseball-cap\\\/\"]}]},{\"@type\":\"ImageObject\",\"inLanguage\":\"en-GB\",\"@id\":\"https:\\\/\\\/fanmerch.fi\\\/tuote\\\/if-gnistan-small-crest-navy-baseball-cap\\\/#primaryimage\",\"url\":\"https:\\\/\\\/fanmerch.fi\\\/wp-content\\\/uploads\\\/2024\\\/07\\\/if-gnistan-small-crest-baseball-cap.jpg\",\"contentUrl\":\"https:\\\/\\\/fanmerch.fi\\\/wp-content\\\/uploads\\\/2024\\\/07\\\/if-gnistan-small-crest-baseball-cap.jpg\",\"width\":1000,\"height\":1300},{\"@type\":\"BreadcrumbList\",\"@id\":\"https:\\\/\\\/fanmerch.fi\\\/tuote\\\/if-gnistan-small-crest-navy-baseball-cap\\\/#breadcrumb\",\"itemListElement\":[{\"@type\":\"ListItem\",\"position\":1,\"name\":\"Etusivu\",\"item\":\"https:\\\/\\\/fanmerch.fi\\\/\"},{\"@type\":\"ListItem\",\"position\":2,\"name\":\"Kauppa\",\"item\":\"https:\\\/\\\/fanmerch.fi\\\/kauppa\\\/\"},{\"@type\":\"ListItem\",\"position\":3,\"name\":\"Small Crest, Baseball Cap\"}]},{\"@type\":\"WebSite\",\"@id\":\"https:\\\/\\\/fanmerch.fi\\\/#website\",\"url\":\"https:\\\/\\\/fanmerch.fi\\\/\",\"name\":\"Fanmerch Finland\",\"description\":\"\",\"potentialAction\":[{\"@type\":\"SearchAction\",\"target\":{\"@type\":\"EntryPoint\",\"urlTemplate\":\"https:\\\/\\\/fanmerch.fi\\\/?s={search_term_string}\"},\"query-input\":{\"@type\":\"PropertyValueSpecification\",\"valueRequired\":true,\"valueName\":\"search_term_string\"}}],\"inLanguage\":\"en-GB\"}]}<\/script>\n<meta property=\"product:price:amount\" content=\"20.00\" \/>\n<meta property=\"product:price:currency\" content=\"EUR\" \/>\n<meta property=\"og:availability\" content=\"out of stock\" \/>\n<meta property=\"product:availability\" content=\"out of stock\" \/>\n<meta property=\"product:retailer_item_id\" content=\"IF Gnistan \/ Small Crest \/ Navy \/ Baseball Cap\" \/>\n<meta property=\"product:condition\" content=\"new\" \/>\n<!-- \/ Yoast SEO Premium plugin. -->","yoast_head_json":{"title":"IF Gnistan - Small Crest, Baseball Cap | Fanmerch Finland","robots":{"index":"index","follow":"follow","max-snippet":"max-snippet:-1","max-image-preview":"max-image-preview:large","max-video-preview":"max-video-preview:-1"},"canonical":"https:\/\/fanmerch.fi\/en\/product\/if-gnistan-small-crest-navy-baseball-cap\/","og_locale":"en_GB","og_type":"article","og_title":"Small Crest, Baseball Cap","og_description":"Tummansininen baseball-lippalakki, jossa edess\u00e4 IF Gnistan -logobrodeeraus ja takana IF Gnistan -tekstibrodeeraus. Takaosan snapback-kiinnitys toimii mainiosti koon s\u00e4\u00e4t\u00e4j\u00e4n\u00e4, jolloin lippis sopii jokaiseen p\u00e4\u00e4h\u00e4n.    Toimitusaika 3-5 arkip\u00e4iv\u00e4\u00e4    Koko:\u00a0 57,5cm    Kiinnitys: Snapback    Materiaali: 100% Puuvilla","og_url":"https:\/\/fanmerch.fi\/en\/product\/if-gnistan-small-crest-navy-baseball-cap\/","og_site_name":"Fanmerch Finland","article_modified_time":"2024-08-07T19:01:12+00:00","og_image":[{"width":1000,"height":1300,"url":"https:\/\/fanmerch.fi\/wp-content\/uploads\/2024\/07\/if-gnistan-small-crest-baseball-cap.jpg","type":"image\/jpeg"}],"twitter_card":"summary_large_image","twitter_misc":{"Price":"20.00&euro;","Availability":"Out of stock"},"schema":{"@context":"https:\/\/schema.org","@graph":[{"@type":"WebPage","@id":"https:\/\/fanmerch.fi\/tuote\/if-gnistan-small-crest-navy-baseball-cap\/","url":"https:\/\/fanmerch.fi\/tuote\/if-gnistan-small-crest-navy-baseball-cap\/","name":"IF Gnistan - Small Crest, Baseball Cap | Fanmerch Finland","isPartOf":{"@id":"https:\/\/fanmerch.fi\/#website"},"primaryImageOfPage":{"@id":"https:\/\/fanmerch.fi\/tuote\/if-gnistan-small-crest-navy-baseball-cap\/#primaryimage"},"image":{"@id":"https:\/\/fanmerch.fi\/tuote\/if-gnistan-small-crest-navy-baseball-cap\/#primaryimage"},"thumbnailUrl":"https:\/\/fanmerch.fi\/wp-content\/uploads\/2024\/07\/if-gnistan-small-crest-baseball-cap.jpg","datePublished":"2024-07-26T15:49:24+00:00","dateModified":"2024-08-07T19:01:12+00:00","breadcrumb":{"@id":"https:\/\/fanmerch.fi\/tuote\/if-gnistan-small-crest-navy-baseball-cap\/#breadcrumb"},"inLanguage":"en-GB","potentialAction":[{"@type":"ReadAction","target":["https:\/\/fanmerch.fi\/tuote\/if-gnistan-small-crest-navy-baseball-cap\/"]}]},{"@type":"ImageObject","inLanguage":"en-GB","@id":"https:\/\/fanmerch.fi\/tuote\/if-gnistan-small-crest-navy-baseball-cap\/#primaryimage","url":"https:\/\/fanmerch.fi\/wp-content\/uploads\/2024\/07\/if-gnistan-small-crest-baseball-cap.jpg","contentUrl":"https:\/\/fanmerch.fi\/wp-content\/uploads\/2024\/07\/if-gnistan-small-crest-baseball-cap.jpg","width":1000,"height":1300},{"@type":"BreadcrumbList","@id":"https:\/\/fanmerch.fi\/tuote\/if-gnistan-small-crest-navy-baseball-cap\/#breadcrumb","itemListElement":[{"@type":"ListItem","position":1,"name":"Etusivu","item":"https:\/\/fanmerch.fi\/"},{"@type":"ListItem","position":2,"name":"Kauppa","item":"https:\/\/fanmerch.fi\/kauppa\/"},{"@type":"ListItem","position":3,"name":"Small Crest, Baseball Cap"}]},{"@type":"WebSite","@id":"https:\/\/fanmerch.fi\/#website","url":"https:\/\/fanmerch.fi\/","name":"Fanmerch Finland","description":"","potentialAction":[{"@type":"SearchAction","target":{"@type":"EntryPoint","urlTemplate":"https:\/\/fanmerch.fi\/?s={search_term_string}"},"query-input":{"@type":"PropertyValueSpecification","valueRequired":true,"valueName":"search_term_string"}}],"inLanguage":"en-GB"}]},"product_price_amount":"20.00","product_price_currency":"EUR","og_availability":"out of stock","product_availability":"out of stock","product_retailer_item_id":"IF Gnistan \/ Small Crest \/ Navy \/ Baseball Cap","product_condition":"new"},"_links":{"self":[{"href":"https:\/\/fanmerch.fi\/en\/wp-json\/wp\/v2\/product\/43811","targetHints":{"allow":["GET"]}}],"collection":[{"href":"https:\/\/fanmerch.fi\/en\/wp-json\/wp\/v2\/product"}],"about":[{"href":"https:\/\/fanmerch.fi\/en\/wp-json\/wp\/v2\/types\/product"}],"author":[{"embeddable":true,"href":"https:\/\/fanmerch.fi\/en\/wp-json\/wp\/v2\/users\/26"}],"version-history":[{"count":0,"href":"https:\/\/fanmerch.fi\/en\/wp-json\/wp\/v2\/product\/43811\/revisions"}],"wp:featuredmedia":[{"embeddable":true,"href":"https:\/\/fanmerch.fi\/en\/wp-json\/wp\/v2\/media\/43812"}],"wp:attachment":[{"href":"https:\/\/fanmerch.fi\/en\/wp-json\/wp\/v2\/media?parent=43811"}],"wp:term":[{"taxonomy":"product_brand","embeddable":true,"href":"https:\/\/fanmerch.fi\/en\/wp-json\/wp\/v2\/product_brand?post=43811"},{"taxonomy":"product_cat","embeddable":true,"href":"https:\/\/fanmerch.fi\/en\/wp-json\/wp\/v2\/product_cat?post=43811"},{"taxonomy":"product_tag","embeddable":true,"href":"https:\/\/fanmerch.fi\/en\/wp-json\/wp\/v2\/product_tag?post=43811"}],"curies":[{"name":"wp","href":"https:\/\/api.w.org\/{rel}","templated":true}]}}