{"id":45931,"date":"2024-09-17T16:17:41","date_gmt":"2024-09-17T13:17:41","guid":{"rendered":"https:\/\/fanmerch.fi\/?post_type=product&#038;p=45931"},"modified":"2025-10-15T05:26:53","modified_gmt":"2025-10-15T02:26:53","slug":"oriveden-ponnistus-together-stronger-distressed-grey-hoody","status":"publish","type":"product","link":"https:\/\/fanmerch.fi\/en\/product\/oriveden-ponnistus-together-stronger-distressed-grey-hoody\/","title":{"rendered":"Together, Stronger Distressed, Hoody"},"content":{"rendered":"","protected":false},"excerpt":{"rendered":"<p class=\"ai-optimize-11\">Laadukas vastuullisesti valmistettu aikuisten vaaleanharmaa huppari, jossa edess\u00e4 &#8221;Together, Stronger Distressed&#8221; -painatus.<\/p>\n<ul>\n<li class=\"ai-optimize-12\">\n<h5 class=\"ai-optimize-13\">Printed product, delivery time 5-10 business days<\/h5>\n<\/li>\n<li class=\"ai-optimize-14\">\n<h5 class=\"ai-optimize-15\">75% Puuvilla, 25% Polyesteri, 280\/gsm<\/h5>\n<\/li>\n<\/ul>","protected":false},"author":29,"featured_media":53051,"template":"","meta":[],"product_brand":[],"product_cat":[219],"product_tag":[21,136,220],"class_list":{"0":"post-45931","1":"product","2":"type-product","3":"status-publish","4":"has-post-thumbnail","6":"product_cat-oriveden-ponnistus","7":"product_tag-hupparit","8":"product_tag-kaikki","9":"product_tag-oriveden-ponnistus","11":"first","12":"instock","13":"taxable","14":"shipping-taxable","15":"purchasable","16":"product-type-variable"},"yoast_head":"<!-- This site is optimized with the Yoast SEO Premium plugin v26.9 (Yoast SEO v27.4) - https:\/\/yoast.com\/product\/yoast-seo-premium-wordpress\/ -->\n<title>Oriveden Ponnistus - Together, Stronger Distressed, Hoody | Fanmerch Finland<\/title>\n<meta name=\"robots\" content=\"index, follow, max-snippet:-1, max-image-preview:large, max-video-preview:-1\" \/>\n<link rel=\"canonical\" href=\"https:\/\/fanmerch.fi\/en\/product\/oriveden-ponnistus-together-stronger-distressed-grey-hoody\/\" \/>\n<meta property=\"og:locale\" content=\"en_GB\" \/>\n<meta property=\"og:type\" content=\"article\" \/>\n<meta property=\"og:title\" content=\"Together, Stronger Distressed, Hoody\" \/>\n<meta property=\"og:description\" content=\"Laadukas vastuullisesti valmistettu aikuisten vaaleanharmaa huppari, jossa edess\u00e4 &quot;Together, Stronger Distressed&quot; -painatus.     Painotuote, toimitusaika 5-10 arkip\u00e4iv\u00e4\u00e4    75% Puuvilla, 25% Polyesteri, 280\/gsm\" \/>\n<meta property=\"og:url\" content=\"https:\/\/fanmerch.fi\/en\/product\/oriveden-ponnistus-together-stronger-distressed-grey-hoody\/\" \/>\n<meta property=\"og:site_name\" content=\"Fanmerch Finland\" \/>\n<meta property=\"article:modified_time\" content=\"2025-10-15T02:26:53+00:00\" \/>\n<meta property=\"og:image\" content=\"https:\/\/fanmerch.fi\/wp-content\/uploads\/2024\/09\/orpo-together-stronger-distressed-melange-grey-hoody-front.jpg\" \/>\n\t<meta property=\"og:image:width\" content=\"1695\" \/>\n\t<meta property=\"og:image:height\" content=\"2200\" \/>\n\t<meta property=\"og:image:type\" content=\"image\/jpeg\" \/>\n<meta name=\"twitter:card\" content=\"summary_large_image\" \/>\n<meta name=\"twitter:label1\" content=\"Availability\" \/>\n\t<meta name=\"twitter:data1\" content=\"In stock\" \/>\n<script type=\"application\/ld+json\" class=\"yoast-schema-graph\">{\"@context\":\"https:\\\/\\\/schema.org\",\"@graph\":[{\"@type\":\"WebPage\",\"@id\":\"https:\\\/\\\/fanmerch.fi\\\/tuote\\\/oriveden-ponnistus-together-stronger-distressed-grey-hoody\\\/\",\"url\":\"https:\\\/\\\/fanmerch.fi\\\/tuote\\\/oriveden-ponnistus-together-stronger-distressed-grey-hoody\\\/\",\"name\":\"Oriveden Ponnistus - Together, Stronger Distressed, Hoody | Fanmerch Finland\",\"isPartOf\":{\"@id\":\"https:\\\/\\\/fanmerch.fi\\\/#website\"},\"primaryImageOfPage\":{\"@id\":\"https:\\\/\\\/fanmerch.fi\\\/tuote\\\/oriveden-ponnistus-together-stronger-distressed-grey-hoody\\\/#primaryimage\"},\"image\":{\"@id\":\"https:\\\/\\\/fanmerch.fi\\\/tuote\\\/oriveden-ponnistus-together-stronger-distressed-grey-hoody\\\/#primaryimage\"},\"thumbnailUrl\":\"https:\\\/\\\/fanmerch.fi\\\/wp-content\\\/uploads\\\/2024\\\/09\\\/orpo-together-stronger-distressed-melange-grey-hoody-front.jpg\",\"datePublished\":\"2024-09-17T13:17:41+00:00\",\"dateModified\":\"2025-10-15T02:26:53+00:00\",\"breadcrumb\":{\"@id\":\"https:\\\/\\\/fanmerch.fi\\\/tuote\\\/oriveden-ponnistus-together-stronger-distressed-grey-hoody\\\/#breadcrumb\"},\"inLanguage\":\"en-GB\",\"potentialAction\":[{\"@type\":\"ReadAction\",\"target\":[\"https:\\\/\\\/fanmerch.fi\\\/tuote\\\/oriveden-ponnistus-together-stronger-distressed-grey-hoody\\\/\"]}]},{\"@type\":\"ImageObject\",\"inLanguage\":\"en-GB\",\"@id\":\"https:\\\/\\\/fanmerch.fi\\\/tuote\\\/oriveden-ponnistus-together-stronger-distressed-grey-hoody\\\/#primaryimage\",\"url\":\"https:\\\/\\\/fanmerch.fi\\\/wp-content\\\/uploads\\\/2024\\\/09\\\/orpo-together-stronger-distressed-melange-grey-hoody-front.jpg\",\"contentUrl\":\"https:\\\/\\\/fanmerch.fi\\\/wp-content\\\/uploads\\\/2024\\\/09\\\/orpo-together-stronger-distressed-melange-grey-hoody-front.jpg\",\"width\":1695,\"height\":2200},{\"@type\":\"BreadcrumbList\",\"@id\":\"https:\\\/\\\/fanmerch.fi\\\/tuote\\\/oriveden-ponnistus-together-stronger-distressed-grey-hoody\\\/#breadcrumb\",\"itemListElement\":[{\"@type\":\"ListItem\",\"position\":1,\"name\":\"Etusivu\",\"item\":\"https:\\\/\\\/fanmerch.fi\\\/\"},{\"@type\":\"ListItem\",\"position\":2,\"name\":\"Kauppa\",\"item\":\"https:\\\/\\\/fanmerch.fi\\\/kauppa\\\/\"},{\"@type\":\"ListItem\",\"position\":3,\"name\":\"Together, Stronger Distressed, Hoody\"}]},{\"@type\":\"WebSite\",\"@id\":\"https:\\\/\\\/fanmerch.fi\\\/#website\",\"url\":\"https:\\\/\\\/fanmerch.fi\\\/\",\"name\":\"Fanmerch Finland\",\"description\":\"\",\"potentialAction\":[{\"@type\":\"SearchAction\",\"target\":{\"@type\":\"EntryPoint\",\"urlTemplate\":\"https:\\\/\\\/fanmerch.fi\\\/?s={search_term_string}\"},\"query-input\":{\"@type\":\"PropertyValueSpecification\",\"valueRequired\":true,\"valueName\":\"search_term_string\"}}],\"inLanguage\":\"en-GB\"}]}<\/script>\n<meta property=\"og:availability\" content=\"instock\" \/>\n<meta property=\"product:availability\" content=\"instock\" \/>\n<meta property=\"product:retailer_item_id\" content=\"Oriveden Ponnistus \/ Together, Stronger \/ Heather Grey \/ Hoody\" \/>\n<meta property=\"product:condition\" content=\"new\" \/>\n<!-- \/ Yoast SEO Premium plugin. -->","yoast_head_json":{"title":"Oriveden Ponnistus - Together, Stronger Distressed, Hoody | Fanmerch Finland","robots":{"index":"index","follow":"follow","max-snippet":"max-snippet:-1","max-image-preview":"max-image-preview:large","max-video-preview":"max-video-preview:-1"},"canonical":"https:\/\/fanmerch.fi\/en\/product\/oriveden-ponnistus-together-stronger-distressed-grey-hoody\/","og_locale":"en_GB","og_type":"article","og_title":"Together, Stronger Distressed, Hoody","og_description":"Laadukas vastuullisesti valmistettu aikuisten vaaleanharmaa huppari, jossa edess\u00e4 \"Together, Stronger Distressed\" -painatus.     Painotuote, toimitusaika 5-10 arkip\u00e4iv\u00e4\u00e4    75% Puuvilla, 25% Polyesteri, 280\/gsm","og_url":"https:\/\/fanmerch.fi\/en\/product\/oriveden-ponnistus-together-stronger-distressed-grey-hoody\/","og_site_name":"Fanmerch Finland","article_modified_time":"2025-10-15T02:26:53+00:00","og_image":[{"width":1695,"height":2200,"url":"https:\/\/fanmerch.fi\/wp-content\/uploads\/2024\/09\/orpo-together-stronger-distressed-melange-grey-hoody-front.jpg","type":"image\/jpeg"}],"twitter_card":"summary_large_image","twitter_misc":{"Availability":"In stock"},"schema":{"@context":"https:\/\/schema.org","@graph":[{"@type":"WebPage","@id":"https:\/\/fanmerch.fi\/tuote\/oriveden-ponnistus-together-stronger-distressed-grey-hoody\/","url":"https:\/\/fanmerch.fi\/tuote\/oriveden-ponnistus-together-stronger-distressed-grey-hoody\/","name":"Oriveden Ponnistus - Together, Stronger Distressed, Hoody | Fanmerch Finland","isPartOf":{"@id":"https:\/\/fanmerch.fi\/#website"},"primaryImageOfPage":{"@id":"https:\/\/fanmerch.fi\/tuote\/oriveden-ponnistus-together-stronger-distressed-grey-hoody\/#primaryimage"},"image":{"@id":"https:\/\/fanmerch.fi\/tuote\/oriveden-ponnistus-together-stronger-distressed-grey-hoody\/#primaryimage"},"thumbnailUrl":"https:\/\/fanmerch.fi\/wp-content\/uploads\/2024\/09\/orpo-together-stronger-distressed-melange-grey-hoody-front.jpg","datePublished":"2024-09-17T13:17:41+00:00","dateModified":"2025-10-15T02:26:53+00:00","breadcrumb":{"@id":"https:\/\/fanmerch.fi\/tuote\/oriveden-ponnistus-together-stronger-distressed-grey-hoody\/#breadcrumb"},"inLanguage":"en-GB","potentialAction":[{"@type":"ReadAction","target":["https:\/\/fanmerch.fi\/tuote\/oriveden-ponnistus-together-stronger-distressed-grey-hoody\/"]}]},{"@type":"ImageObject","inLanguage":"en-GB","@id":"https:\/\/fanmerch.fi\/tuote\/oriveden-ponnistus-together-stronger-distressed-grey-hoody\/#primaryimage","url":"https:\/\/fanmerch.fi\/wp-content\/uploads\/2024\/09\/orpo-together-stronger-distressed-melange-grey-hoody-front.jpg","contentUrl":"https:\/\/fanmerch.fi\/wp-content\/uploads\/2024\/09\/orpo-together-stronger-distressed-melange-grey-hoody-front.jpg","width":1695,"height":2200},{"@type":"BreadcrumbList","@id":"https:\/\/fanmerch.fi\/tuote\/oriveden-ponnistus-together-stronger-distressed-grey-hoody\/#breadcrumb","itemListElement":[{"@type":"ListItem","position":1,"name":"Etusivu","item":"https:\/\/fanmerch.fi\/"},{"@type":"ListItem","position":2,"name":"Kauppa","item":"https:\/\/fanmerch.fi\/kauppa\/"},{"@type":"ListItem","position":3,"name":"Together, Stronger Distressed, Hoody"}]},{"@type":"WebSite","@id":"https:\/\/fanmerch.fi\/#website","url":"https:\/\/fanmerch.fi\/","name":"Fanmerch Finland","description":"","potentialAction":[{"@type":"SearchAction","target":{"@type":"EntryPoint","urlTemplate":"https:\/\/fanmerch.fi\/?s={search_term_string}"},"query-input":{"@type":"PropertyValueSpecification","valueRequired":true,"valueName":"search_term_string"}}],"inLanguage":"en-GB"}]},"og_availability":"instock","product_availability":"instock","product_retailer_item_id":"Oriveden Ponnistus \/ Together, Stronger \/ Heather Grey \/ Hoody","product_condition":"new"},"_links":{"self":[{"href":"https:\/\/fanmerch.fi\/en\/wp-json\/wp\/v2\/product\/45931","targetHints":{"allow":["GET"]}}],"collection":[{"href":"https:\/\/fanmerch.fi\/en\/wp-json\/wp\/v2\/product"}],"about":[{"href":"https:\/\/fanmerch.fi\/en\/wp-json\/wp\/v2\/types\/product"}],"author":[{"embeddable":true,"href":"https:\/\/fanmerch.fi\/en\/wp-json\/wp\/v2\/users\/29"}],"version-history":[{"count":1,"href":"https:\/\/fanmerch.fi\/en\/wp-json\/wp\/v2\/product\/45931\/revisions"}],"predecessor-version":[{"id":53046,"href":"https:\/\/fanmerch.fi\/en\/wp-json\/wp\/v2\/product\/45931\/revisions\/53046"}],"wp:featuredmedia":[{"embeddable":true,"href":"https:\/\/fanmerch.fi\/en\/wp-json\/wp\/v2\/media\/53051"}],"wp:attachment":[{"href":"https:\/\/fanmerch.fi\/en\/wp-json\/wp\/v2\/media?parent=45931"}],"wp:term":[{"taxonomy":"product_brand","embeddable":true,"href":"https:\/\/fanmerch.fi\/en\/wp-json\/wp\/v2\/product_brand?post=45931"},{"taxonomy":"product_cat","embeddable":true,"href":"https:\/\/fanmerch.fi\/en\/wp-json\/wp\/v2\/product_cat?post=45931"},{"taxonomy":"product_tag","embeddable":true,"href":"https:\/\/fanmerch.fi\/en\/wp-json\/wp\/v2\/product_tag?post=45931"}],"curies":[{"name":"wp","href":"https:\/\/api.w.org\/{rel}","templated":true}]}}