{"id":46140,"date":"2024-09-04T18:32:27","date_gmt":"2024-09-04T15:32:27","guid":{"rendered":"https:\/\/fanmerch.fi\/?post_type=product&#038;p=46140"},"modified":"2024-12-30T12:23:02","modified_gmt":"2024-12-30T09:23:02","slug":"etelapaaty-flames-logo-black-tee","status":"publish","type":"product","link":"https:\/\/fanmerch.fi\/en\/product\/etelapaaty-flames-logo-black-tee\/","title":{"rendered":"Flames Logo, Tee"},"content":{"rendered":"","protected":false},"excerpt":{"rendered":"<p>Laadukas ja eettisesti valmistettu musta t-paita, edess\u00e4 &#8221;Flames Logo&#8221; -painatus.<\/p>\n<ul>\n<li>\n<h5><strong>Printed product, delivery time 5-10 business days<\/strong><\/h5>\n<\/li>\n<li>\n<h5><strong>100% cotton <\/strong><\/h5>\n<\/li>\n<li>\n<h5><strong>200 gsm<\/strong><\/h5>\n<\/li>\n<\/ul>","protected":false},"author":8,"featured_media":46142,"template":"","meta":[],"product_brand":[],"product_cat":[19],"product_tag":[20,136,24],"class_list":{"0":"post-46140","1":"product","2":"type-product","3":"status-publish","4":"has-post-thumbnail","6":"product_cat-etelapaaty","7":"product_tag-etelapaaty","8":"product_tag-kaikki","9":"product_tag-t-paidat","10":"product_shipping_class-matkahuolto","12":"first","13":"outofstock","14":"featured","15":"taxable","16":"shipping-taxable","17":"purchasable","18":"product-type-variable"},"yoast_head":"<!-- This site is optimized with the Yoast SEO Premium plugin v26.9 (Yoast SEO v27.3) - https:\/\/yoast.com\/product\/yoast-seo-premium-wordpress\/ -->\n<title>Etel\u00e4p\u00e4\u00e4ty - Flames Logo, Tee | Fanmerch Finland<\/title>\n<meta name=\"robots\" content=\"index, follow, max-snippet:-1, max-image-preview:large, max-video-preview:-1\" \/>\n<link rel=\"canonical\" href=\"https:\/\/fanmerch.fi\/en\/product\/etelapaaty-flames-logo-black-tee\/\" \/>\n<meta property=\"og:locale\" content=\"en_GB\" \/>\n<meta property=\"og:type\" content=\"article\" \/>\n<meta property=\"og:title\" content=\"Flames Logo, Tee\" \/>\n<meta property=\"og:description\" content=\"Laadukas ja eettisesti valmistettu musta t-paita, edess\u00e4 &quot;Flames Logo&quot; -painatus.    Painotuote, toimitusaika 5-10 arkip\u00e4iv\u00e4\u00e4    100% Puuvilla     200 gsm\" \/>\n<meta property=\"og:url\" content=\"https:\/\/fanmerch.fi\/en\/product\/etelapaaty-flames-logo-black-tee\/\" \/>\n<meta property=\"og:site_name\" content=\"Fanmerch Finland\" \/>\n<meta property=\"article:modified_time\" content=\"2024-12-30T09:23:02+00:00\" \/>\n<meta property=\"og:image\" content=\"https:\/\/fanmerch.fi\/wp-content\/uploads\/2024\/09\/etelapaaty-liekkilogo-tee-black.jpg\" \/>\n\t<meta property=\"og:image:width\" content=\"1000\" \/>\n\t<meta property=\"og:image:height\" content=\"1300\" \/>\n\t<meta property=\"og:image:type\" content=\"image\/jpeg\" \/>\n<meta name=\"twitter:card\" content=\"summary_large_image\" \/>\n<meta name=\"twitter:label1\" content=\"Availability\" \/>\n\t<meta name=\"twitter:data1\" content=\"Out of stock\" \/>\n<script type=\"application\/ld+json\" class=\"yoast-schema-graph\">{\"@context\":\"https:\\\/\\\/schema.org\",\"@graph\":[{\"@type\":\"WebPage\",\"@id\":\"https:\\\/\\\/fanmerch.fi\\\/tuote\\\/etelapaaty-flames-logo-black-tee\\\/\",\"url\":\"https:\\\/\\\/fanmerch.fi\\\/tuote\\\/etelapaaty-flames-logo-black-tee\\\/\",\"name\":\"Etel\u00e4p\u00e4\u00e4ty - Flames Logo, Tee | Fanmerch Finland\",\"isPartOf\":{\"@id\":\"https:\\\/\\\/fanmerch.fi\\\/#website\"},\"primaryImageOfPage\":{\"@id\":\"https:\\\/\\\/fanmerch.fi\\\/tuote\\\/etelapaaty-flames-logo-black-tee\\\/#primaryimage\"},\"image\":{\"@id\":\"https:\\\/\\\/fanmerch.fi\\\/tuote\\\/etelapaaty-flames-logo-black-tee\\\/#primaryimage\"},\"thumbnailUrl\":\"https:\\\/\\\/fanmerch.fi\\\/wp-content\\\/uploads\\\/2024\\\/09\\\/etelapaaty-liekkilogo-tee-black.jpg\",\"datePublished\":\"2024-09-04T15:32:27+00:00\",\"dateModified\":\"2024-12-30T09:23:02+00:00\",\"breadcrumb\":{\"@id\":\"https:\\\/\\\/fanmerch.fi\\\/tuote\\\/etelapaaty-flames-logo-black-tee\\\/#breadcrumb\"},\"inLanguage\":\"en-GB\",\"potentialAction\":[{\"@type\":\"ReadAction\",\"target\":[\"https:\\\/\\\/fanmerch.fi\\\/tuote\\\/etelapaaty-flames-logo-black-tee\\\/\"]}]},{\"@type\":\"ImageObject\",\"inLanguage\":\"en-GB\",\"@id\":\"https:\\\/\\\/fanmerch.fi\\\/tuote\\\/etelapaaty-flames-logo-black-tee\\\/#primaryimage\",\"url\":\"https:\\\/\\\/fanmerch.fi\\\/wp-content\\\/uploads\\\/2024\\\/09\\\/etelapaaty-liekkilogo-tee-black.jpg\",\"contentUrl\":\"https:\\\/\\\/fanmerch.fi\\\/wp-content\\\/uploads\\\/2024\\\/09\\\/etelapaaty-liekkilogo-tee-black.jpg\",\"width\":1000,\"height\":1300},{\"@type\":\"BreadcrumbList\",\"@id\":\"https:\\\/\\\/fanmerch.fi\\\/tuote\\\/etelapaaty-flames-logo-black-tee\\\/#breadcrumb\",\"itemListElement\":[{\"@type\":\"ListItem\",\"position\":1,\"name\":\"Etusivu\",\"item\":\"https:\\\/\\\/fanmerch.fi\\\/\"},{\"@type\":\"ListItem\",\"position\":2,\"name\":\"Kauppa\",\"item\":\"https:\\\/\\\/fanmerch.fi\\\/kauppa\\\/\"},{\"@type\":\"ListItem\",\"position\":3,\"name\":\"Flames Logo, Tee\"}]},{\"@type\":\"WebSite\",\"@id\":\"https:\\\/\\\/fanmerch.fi\\\/#website\",\"url\":\"https:\\\/\\\/fanmerch.fi\\\/\",\"name\":\"Fanmerch Finland\",\"description\":\"\",\"potentialAction\":[{\"@type\":\"SearchAction\",\"target\":{\"@type\":\"EntryPoint\",\"urlTemplate\":\"https:\\\/\\\/fanmerch.fi\\\/?s={search_term_string}\"},\"query-input\":{\"@type\":\"PropertyValueSpecification\",\"valueRequired\":true,\"valueName\":\"search_term_string\"}}],\"inLanguage\":\"en-GB\"}]}<\/script>\n<meta property=\"og:availability\" content=\"out of stock\" \/>\n<meta property=\"product:availability\" content=\"out of stock\" \/>\n<meta property=\"product:retailer_item_id\" content=\"Etel\u00e4p\u00e4\u00e4ty \/ Flames Logo \/ Black Tee\" \/>\n<meta property=\"product:condition\" content=\"new\" \/>\n<!-- \/ Yoast SEO Premium plugin. -->","yoast_head_json":{"title":"Etel\u00e4p\u00e4\u00e4ty - Flames Logo, Tee | Fanmerch Finland","robots":{"index":"index","follow":"follow","max-snippet":"max-snippet:-1","max-image-preview":"max-image-preview:large","max-video-preview":"max-video-preview:-1"},"canonical":"https:\/\/fanmerch.fi\/en\/product\/etelapaaty-flames-logo-black-tee\/","og_locale":"en_GB","og_type":"article","og_title":"Flames Logo, Tee","og_description":"Laadukas ja eettisesti valmistettu musta t-paita, edess\u00e4 \"Flames Logo\" -painatus.    Painotuote, toimitusaika 5-10 arkip\u00e4iv\u00e4\u00e4    100% Puuvilla     200 gsm","og_url":"https:\/\/fanmerch.fi\/en\/product\/etelapaaty-flames-logo-black-tee\/","og_site_name":"Fanmerch Finland","article_modified_time":"2024-12-30T09:23:02+00:00","og_image":[{"width":1000,"height":1300,"url":"https:\/\/fanmerch.fi\/wp-content\/uploads\/2024\/09\/etelapaaty-liekkilogo-tee-black.jpg","type":"image\/jpeg"}],"twitter_card":"summary_large_image","twitter_misc":{"Availability":"Out of stock"},"schema":{"@context":"https:\/\/schema.org","@graph":[{"@type":"WebPage","@id":"https:\/\/fanmerch.fi\/tuote\/etelapaaty-flames-logo-black-tee\/","url":"https:\/\/fanmerch.fi\/tuote\/etelapaaty-flames-logo-black-tee\/","name":"Etel\u00e4p\u00e4\u00e4ty - Flames Logo, Tee | Fanmerch Finland","isPartOf":{"@id":"https:\/\/fanmerch.fi\/#website"},"primaryImageOfPage":{"@id":"https:\/\/fanmerch.fi\/tuote\/etelapaaty-flames-logo-black-tee\/#primaryimage"},"image":{"@id":"https:\/\/fanmerch.fi\/tuote\/etelapaaty-flames-logo-black-tee\/#primaryimage"},"thumbnailUrl":"https:\/\/fanmerch.fi\/wp-content\/uploads\/2024\/09\/etelapaaty-liekkilogo-tee-black.jpg","datePublished":"2024-09-04T15:32:27+00:00","dateModified":"2024-12-30T09:23:02+00:00","breadcrumb":{"@id":"https:\/\/fanmerch.fi\/tuote\/etelapaaty-flames-logo-black-tee\/#breadcrumb"},"inLanguage":"en-GB","potentialAction":[{"@type":"ReadAction","target":["https:\/\/fanmerch.fi\/tuote\/etelapaaty-flames-logo-black-tee\/"]}]},{"@type":"ImageObject","inLanguage":"en-GB","@id":"https:\/\/fanmerch.fi\/tuote\/etelapaaty-flames-logo-black-tee\/#primaryimage","url":"https:\/\/fanmerch.fi\/wp-content\/uploads\/2024\/09\/etelapaaty-liekkilogo-tee-black.jpg","contentUrl":"https:\/\/fanmerch.fi\/wp-content\/uploads\/2024\/09\/etelapaaty-liekkilogo-tee-black.jpg","width":1000,"height":1300},{"@type":"BreadcrumbList","@id":"https:\/\/fanmerch.fi\/tuote\/etelapaaty-flames-logo-black-tee\/#breadcrumb","itemListElement":[{"@type":"ListItem","position":1,"name":"Etusivu","item":"https:\/\/fanmerch.fi\/"},{"@type":"ListItem","position":2,"name":"Kauppa","item":"https:\/\/fanmerch.fi\/kauppa\/"},{"@type":"ListItem","position":3,"name":"Flames Logo, Tee"}]},{"@type":"WebSite","@id":"https:\/\/fanmerch.fi\/#website","url":"https:\/\/fanmerch.fi\/","name":"Fanmerch Finland","description":"","potentialAction":[{"@type":"SearchAction","target":{"@type":"EntryPoint","urlTemplate":"https:\/\/fanmerch.fi\/?s={search_term_string}"},"query-input":{"@type":"PropertyValueSpecification","valueRequired":true,"valueName":"search_term_string"}}],"inLanguage":"en-GB"}]},"og_availability":"out of stock","product_availability":"out of stock","product_retailer_item_id":"Etel\u00e4p\u00e4\u00e4ty \/ Flames Logo \/ Black Tee","product_condition":"new"},"_links":{"self":[{"href":"https:\/\/fanmerch.fi\/en\/wp-json\/wp\/v2\/product\/46140","targetHints":{"allow":["GET"]}}],"collection":[{"href":"https:\/\/fanmerch.fi\/en\/wp-json\/wp\/v2\/product"}],"about":[{"href":"https:\/\/fanmerch.fi\/en\/wp-json\/wp\/v2\/types\/product"}],"author":[{"embeddable":true,"href":"https:\/\/fanmerch.fi\/en\/wp-json\/wp\/v2\/users\/8"}],"version-history":[{"count":0,"href":"https:\/\/fanmerch.fi\/en\/wp-json\/wp\/v2\/product\/46140\/revisions"}],"wp:featuredmedia":[{"embeddable":true,"href":"https:\/\/fanmerch.fi\/en\/wp-json\/wp\/v2\/media\/46142"}],"wp:attachment":[{"href":"https:\/\/fanmerch.fi\/en\/wp-json\/wp\/v2\/media?parent=46140"}],"wp:term":[{"taxonomy":"product_brand","embeddable":true,"href":"https:\/\/fanmerch.fi\/en\/wp-json\/wp\/v2\/product_brand?post=46140"},{"taxonomy":"product_cat","embeddable":true,"href":"https:\/\/fanmerch.fi\/en\/wp-json\/wp\/v2\/product_cat?post=46140"},{"taxonomy":"product_tag","embeddable":true,"href":"https:\/\/fanmerch.fi\/en\/wp-json\/wp\/v2\/product_tag?post=46140"}],"curies":[{"name":"wp","href":"https:\/\/api.w.org\/{rel}","templated":true}]}}