{"id":46153,"date":"2024-09-04T19:12:48","date_gmt":"2024-09-04T16:12:48","guid":{"rendered":"https:\/\/fanmerch.fi\/?post_type=product&#038;p=46153"},"modified":"2024-12-30T12:22:57","modified_gmt":"2024-12-30T09:22:57","slug":"etelapaaty-suomen-suurin-suomen-kaunein-black-hoody","status":"publish","type":"product","link":"https:\/\/fanmerch.fi\/en\/product\/etelapaaty-suomen-suurin-suomen-kaunein-black-hoody\/","title":{"rendered":"Suomen Suurin, Suomen Kaunein, Hoody"},"content":{"rendered":"","protected":false},"excerpt":{"rendered":"<p>Laadukas ja eettisesti valmistettu musta huppari, edess\u00e4 kultainen &#8221;Suomen Suurin, Suomen Kaunein&#8221;\u00a0 -painatus.<\/p>\n<ul>\n<li>\n<h5>Printed product, delivery time 5-10 business days<\/h5>\n<\/li>\n<li>\n<h5>50% Cotton, 50% Polyester<\/h5>\n<\/li>\n<li>\n<h5>Brushed fleece, 270\/gms<\/h5>\n<\/li>\n<\/ul>","protected":false},"author":8,"featured_media":46156,"template":"","meta":[],"product_brand":[],"product_cat":[19],"product_tag":[20,21,136],"class_list":{"0":"post-46153","1":"product","2":"type-product","3":"status-publish","4":"has-post-thumbnail","6":"product_cat-etelapaaty","7":"product_tag-etelapaaty","8":"product_tag-hupparit","9":"product_tag-kaikki","10":"product_shipping_class-matkahuolto","12":"first","13":"outofstock","14":"featured","15":"taxable","16":"shipping-taxable","17":"purchasable","18":"product-type-variable"},"yoast_head":"<!-- This site is optimized with the Yoast SEO Premium plugin v26.9 (Yoast SEO v27.3) - https:\/\/yoast.com\/product\/yoast-seo-premium-wordpress\/ -->\n<title>Etel\u00e4p\u00e4\u00e4ty - Suomen Suurin, Suomen Kaunein, Hoody | Fanmerch Finland<\/title>\n<meta name=\"robots\" content=\"index, follow, max-snippet:-1, max-image-preview:large, max-video-preview:-1\" \/>\n<link rel=\"canonical\" href=\"https:\/\/fanmerch.fi\/en\/product\/etelapaaty-suomen-suurin-suomen-kaunein-black-hoody\/\" \/>\n<meta property=\"og:locale\" content=\"en_GB\" \/>\n<meta property=\"og:type\" content=\"article\" \/>\n<meta property=\"og:title\" content=\"Suomen Suurin, Suomen Kaunein, Hoody\" \/>\n<meta property=\"og:description\" content=\"Laadukas ja eettisesti valmistettu musta huppari, edess\u00e4 kultainen &quot;Suomen Suurin, Suomen Kaunein&quot;\u00a0 -painatus.    Painotuote, toimitusaika 5-10 arkip\u00e4iv\u00e4\u00e4    50% Puuvilla 50% Polyesteri    Harjattu Fleece, 270 gsm\" \/>\n<meta property=\"og:url\" content=\"https:\/\/fanmerch.fi\/en\/product\/etelapaaty-suomen-suurin-suomen-kaunein-black-hoody\/\" \/>\n<meta property=\"og:site_name\" content=\"Fanmerch Finland\" \/>\n<meta property=\"article:modified_time\" content=\"2024-12-30T09:22:57+00:00\" \/>\n<meta property=\"og:image\" content=\"https:\/\/fanmerch.fi\/wp-content\/uploads\/2024\/09\/etelapaaty-suomen-suurin-suomen-kaunein-black-hoody.jpg\" \/>\n\t<meta property=\"og:image:width\" content=\"984\" \/>\n\t<meta property=\"og:image:height\" content=\"1280\" \/>\n\t<meta property=\"og:image:type\" content=\"image\/jpeg\" \/>\n<meta name=\"twitter:card\" content=\"summary_large_image\" \/>\n<meta name=\"twitter:label1\" content=\"Availability\" \/>\n\t<meta name=\"twitter:data1\" content=\"Out of stock\" \/>\n<script type=\"application\/ld+json\" class=\"yoast-schema-graph\">{\"@context\":\"https:\\\/\\\/schema.org\",\"@graph\":[{\"@type\":\"WebPage\",\"@id\":\"https:\\\/\\\/fanmerch.fi\\\/tuote\\\/etelapaaty-suomen-suurin-suomen-kaunein-black-hoody\\\/\",\"url\":\"https:\\\/\\\/fanmerch.fi\\\/tuote\\\/etelapaaty-suomen-suurin-suomen-kaunein-black-hoody\\\/\",\"name\":\"Etel\u00e4p\u00e4\u00e4ty - Suomen Suurin, Suomen Kaunein, Hoody | Fanmerch Finland\",\"isPartOf\":{\"@id\":\"https:\\\/\\\/fanmerch.fi\\\/#website\"},\"primaryImageOfPage\":{\"@id\":\"https:\\\/\\\/fanmerch.fi\\\/tuote\\\/etelapaaty-suomen-suurin-suomen-kaunein-black-hoody\\\/#primaryimage\"},\"image\":{\"@id\":\"https:\\\/\\\/fanmerch.fi\\\/tuote\\\/etelapaaty-suomen-suurin-suomen-kaunein-black-hoody\\\/#primaryimage\"},\"thumbnailUrl\":\"https:\\\/\\\/fanmerch.fi\\\/wp-content\\\/uploads\\\/2024\\\/09\\\/etelapaaty-suomen-suurin-suomen-kaunein-black-hoody.jpg\",\"datePublished\":\"2024-09-04T16:12:48+00:00\",\"dateModified\":\"2024-12-30T09:22:57+00:00\",\"breadcrumb\":{\"@id\":\"https:\\\/\\\/fanmerch.fi\\\/tuote\\\/etelapaaty-suomen-suurin-suomen-kaunein-black-hoody\\\/#breadcrumb\"},\"inLanguage\":\"en-GB\",\"potentialAction\":[{\"@type\":\"ReadAction\",\"target\":[\"https:\\\/\\\/fanmerch.fi\\\/tuote\\\/etelapaaty-suomen-suurin-suomen-kaunein-black-hoody\\\/\"]}]},{\"@type\":\"ImageObject\",\"inLanguage\":\"en-GB\",\"@id\":\"https:\\\/\\\/fanmerch.fi\\\/tuote\\\/etelapaaty-suomen-suurin-suomen-kaunein-black-hoody\\\/#primaryimage\",\"url\":\"https:\\\/\\\/fanmerch.fi\\\/wp-content\\\/uploads\\\/2024\\\/09\\\/etelapaaty-suomen-suurin-suomen-kaunein-black-hoody.jpg\",\"contentUrl\":\"https:\\\/\\\/fanmerch.fi\\\/wp-content\\\/uploads\\\/2024\\\/09\\\/etelapaaty-suomen-suurin-suomen-kaunein-black-hoody.jpg\",\"width\":984,\"height\":1280},{\"@type\":\"BreadcrumbList\",\"@id\":\"https:\\\/\\\/fanmerch.fi\\\/tuote\\\/etelapaaty-suomen-suurin-suomen-kaunein-black-hoody\\\/#breadcrumb\",\"itemListElement\":[{\"@type\":\"ListItem\",\"position\":1,\"name\":\"Etusivu\",\"item\":\"https:\\\/\\\/fanmerch.fi\\\/\"},{\"@type\":\"ListItem\",\"position\":2,\"name\":\"Kauppa\",\"item\":\"https:\\\/\\\/fanmerch.fi\\\/kauppa\\\/\"},{\"@type\":\"ListItem\",\"position\":3,\"name\":\"Suomen Suurin, Suomen Kaunein, Hoody\"}]},{\"@type\":\"WebSite\",\"@id\":\"https:\\\/\\\/fanmerch.fi\\\/#website\",\"url\":\"https:\\\/\\\/fanmerch.fi\\\/\",\"name\":\"Fanmerch Finland\",\"description\":\"\",\"potentialAction\":[{\"@type\":\"SearchAction\",\"target\":{\"@type\":\"EntryPoint\",\"urlTemplate\":\"https:\\\/\\\/fanmerch.fi\\\/?s={search_term_string}\"},\"query-input\":{\"@type\":\"PropertyValueSpecification\",\"valueRequired\":true,\"valueName\":\"search_term_string\"}}],\"inLanguage\":\"en-GB\"}]}<\/script>\n<meta property=\"og:availability\" content=\"out of stock\" \/>\n<meta property=\"product:availability\" content=\"out of stock\" \/>\n<meta property=\"product:retailer_item_id\" content=\"Etel\u00e4p\u00e4\u00e4ty \/ Suomen Suurin, Suomen Kaunein \/ Black \/ Hoody\" \/>\n<meta property=\"product:condition\" content=\"new\" \/>\n<!-- \/ Yoast SEO Premium plugin. -->","yoast_head_json":{"title":"Etel\u00e4p\u00e4\u00e4ty - Suomen Suurin, Suomen Kaunein, Hoody | Fanmerch Finland","robots":{"index":"index","follow":"follow","max-snippet":"max-snippet:-1","max-image-preview":"max-image-preview:large","max-video-preview":"max-video-preview:-1"},"canonical":"https:\/\/fanmerch.fi\/en\/product\/etelapaaty-suomen-suurin-suomen-kaunein-black-hoody\/","og_locale":"en_GB","og_type":"article","og_title":"Suomen Suurin, Suomen Kaunein, Hoody","og_description":"Laadukas ja eettisesti valmistettu musta huppari, edess\u00e4 kultainen \"Suomen Suurin, Suomen Kaunein\"\u00a0 -painatus.    Painotuote, toimitusaika 5-10 arkip\u00e4iv\u00e4\u00e4    50% Puuvilla 50% Polyesteri    Harjattu Fleece, 270 gsm","og_url":"https:\/\/fanmerch.fi\/en\/product\/etelapaaty-suomen-suurin-suomen-kaunein-black-hoody\/","og_site_name":"Fanmerch Finland","article_modified_time":"2024-12-30T09:22:57+00:00","og_image":[{"width":984,"height":1280,"url":"https:\/\/fanmerch.fi\/wp-content\/uploads\/2024\/09\/etelapaaty-suomen-suurin-suomen-kaunein-black-hoody.jpg","type":"image\/jpeg"}],"twitter_card":"summary_large_image","twitter_misc":{"Availability":"Out of stock"},"schema":{"@context":"https:\/\/schema.org","@graph":[{"@type":"WebPage","@id":"https:\/\/fanmerch.fi\/tuote\/etelapaaty-suomen-suurin-suomen-kaunein-black-hoody\/","url":"https:\/\/fanmerch.fi\/tuote\/etelapaaty-suomen-suurin-suomen-kaunein-black-hoody\/","name":"Etel\u00e4p\u00e4\u00e4ty - Suomen Suurin, Suomen Kaunein, Hoody | Fanmerch Finland","isPartOf":{"@id":"https:\/\/fanmerch.fi\/#website"},"primaryImageOfPage":{"@id":"https:\/\/fanmerch.fi\/tuote\/etelapaaty-suomen-suurin-suomen-kaunein-black-hoody\/#primaryimage"},"image":{"@id":"https:\/\/fanmerch.fi\/tuote\/etelapaaty-suomen-suurin-suomen-kaunein-black-hoody\/#primaryimage"},"thumbnailUrl":"https:\/\/fanmerch.fi\/wp-content\/uploads\/2024\/09\/etelapaaty-suomen-suurin-suomen-kaunein-black-hoody.jpg","datePublished":"2024-09-04T16:12:48+00:00","dateModified":"2024-12-30T09:22:57+00:00","breadcrumb":{"@id":"https:\/\/fanmerch.fi\/tuote\/etelapaaty-suomen-suurin-suomen-kaunein-black-hoody\/#breadcrumb"},"inLanguage":"en-GB","potentialAction":[{"@type":"ReadAction","target":["https:\/\/fanmerch.fi\/tuote\/etelapaaty-suomen-suurin-suomen-kaunein-black-hoody\/"]}]},{"@type":"ImageObject","inLanguage":"en-GB","@id":"https:\/\/fanmerch.fi\/tuote\/etelapaaty-suomen-suurin-suomen-kaunein-black-hoody\/#primaryimage","url":"https:\/\/fanmerch.fi\/wp-content\/uploads\/2024\/09\/etelapaaty-suomen-suurin-suomen-kaunein-black-hoody.jpg","contentUrl":"https:\/\/fanmerch.fi\/wp-content\/uploads\/2024\/09\/etelapaaty-suomen-suurin-suomen-kaunein-black-hoody.jpg","width":984,"height":1280},{"@type":"BreadcrumbList","@id":"https:\/\/fanmerch.fi\/tuote\/etelapaaty-suomen-suurin-suomen-kaunein-black-hoody\/#breadcrumb","itemListElement":[{"@type":"ListItem","position":1,"name":"Etusivu","item":"https:\/\/fanmerch.fi\/"},{"@type":"ListItem","position":2,"name":"Kauppa","item":"https:\/\/fanmerch.fi\/kauppa\/"},{"@type":"ListItem","position":3,"name":"Suomen Suurin, Suomen Kaunein, Hoody"}]},{"@type":"WebSite","@id":"https:\/\/fanmerch.fi\/#website","url":"https:\/\/fanmerch.fi\/","name":"Fanmerch Finland","description":"","potentialAction":[{"@type":"SearchAction","target":{"@type":"EntryPoint","urlTemplate":"https:\/\/fanmerch.fi\/?s={search_term_string}"},"query-input":{"@type":"PropertyValueSpecification","valueRequired":true,"valueName":"search_term_string"}}],"inLanguage":"en-GB"}]},"og_availability":"out of stock","product_availability":"out of stock","product_retailer_item_id":"Etel\u00e4p\u00e4\u00e4ty \/ Suomen Suurin, Suomen Kaunein \/ Black \/ Hoody","product_condition":"new"},"_links":{"self":[{"href":"https:\/\/fanmerch.fi\/en\/wp-json\/wp\/v2\/product\/46153","targetHints":{"allow":["GET"]}}],"collection":[{"href":"https:\/\/fanmerch.fi\/en\/wp-json\/wp\/v2\/product"}],"about":[{"href":"https:\/\/fanmerch.fi\/en\/wp-json\/wp\/v2\/types\/product"}],"author":[{"embeddable":true,"href":"https:\/\/fanmerch.fi\/en\/wp-json\/wp\/v2\/users\/8"}],"version-history":[{"count":0,"href":"https:\/\/fanmerch.fi\/en\/wp-json\/wp\/v2\/product\/46153\/revisions"}],"wp:featuredmedia":[{"embeddable":true,"href":"https:\/\/fanmerch.fi\/en\/wp-json\/wp\/v2\/media\/46156"}],"wp:attachment":[{"href":"https:\/\/fanmerch.fi\/en\/wp-json\/wp\/v2\/media?parent=46153"}],"wp:term":[{"taxonomy":"product_brand","embeddable":true,"href":"https:\/\/fanmerch.fi\/en\/wp-json\/wp\/v2\/product_brand?post=46153"},{"taxonomy":"product_cat","embeddable":true,"href":"https:\/\/fanmerch.fi\/en\/wp-json\/wp\/v2\/product_cat?post=46153"},{"taxonomy":"product_tag","embeddable":true,"href":"https:\/\/fanmerch.fi\/en\/wp-json\/wp\/v2\/product_tag?post=46153"}],"curies":[{"name":"wp","href":"https:\/\/api.w.org\/{rel}","templated":true}]}}