{"id":46216,"date":"2024-09-06T17:40:47","date_gmt":"2024-09-06T14:40:47","guid":{"rendered":"https:\/\/fanmerch.fi\/?post_type=product&#038;p=46216"},"modified":"2024-12-30T12:22:43","modified_gmt":"2024-12-30T09:22:43","slug":"el-capo-tee","status":"publish","type":"product","link":"https:\/\/fanmerch.fi\/en\/product\/el-capo-tee\/","title":{"rendered":"El Capo, Tee"},"content":{"rendered":"","protected":false},"excerpt":{"rendered":"<p>Laadukas ja eettisesti valmistettu tummanpunainen t-paita, edess\u00e4 iso &#8221;El Capo&#8221; -painatus.<\/p>\n<ul>\n<li>\n<h5><strong>Printed product, delivery time 5-10 business days<\/strong><\/h5>\n<\/li>\n<li>\n<h5><strong>100% cotton <\/strong><\/h5>\n<\/li>\n<li>\n<h5><strong>200 gsm<\/strong><\/h5>\n<\/li>\n<\/ul>","protected":false},"author":8,"featured_media":46226,"template":"","meta":[],"product_brand":[],"product_cat":[19],"product_tag":[20,136,24],"class_list":{"0":"post-46216","1":"product","2":"type-product","3":"status-publish","4":"has-post-thumbnail","6":"product_cat-etelapaaty","7":"product_tag-etelapaaty","8":"product_tag-kaikki","9":"product_tag-t-paidat","10":"product_shipping_class-matkahuolto","12":"first","13":"outofstock","14":"featured","15":"taxable","16":"shipping-taxable","17":"purchasable","18":"product-type-variable"},"yoast_head":"<!-- This site is optimized with the Yoast SEO Premium plugin v26.9 (Yoast SEO v27.4) - https:\/\/yoast.com\/product\/yoast-seo-premium-wordpress\/ -->\n<title>Etel\u00e4p\u00e4\u00e4ty - El Capo, Tee | Fanmerch Finland<\/title>\n<meta name=\"robots\" content=\"index, follow, max-snippet:-1, max-image-preview:large, max-video-preview:-1\" \/>\n<link rel=\"canonical\" href=\"https:\/\/fanmerch.fi\/en\/product\/el-capo-tee\/\" \/>\n<meta property=\"og:locale\" content=\"en_GB\" \/>\n<meta property=\"og:type\" content=\"article\" \/>\n<meta property=\"og:title\" content=\"El Capo, Tee\" \/>\n<meta property=\"og:description\" content=\"Laadukas ja eettisesti valmistettu tummanpunainen t-paita, edess\u00e4 iso &quot;El Capo&quot; -painatus.    Painotuote, toimitusaika 5-10 arkip\u00e4iv\u00e4\u00e4    100% Puuvilla     200 gsm\" \/>\n<meta property=\"og:url\" content=\"https:\/\/fanmerch.fi\/en\/product\/el-capo-tee\/\" \/>\n<meta property=\"og:site_name\" content=\"Fanmerch Finland\" \/>\n<meta property=\"article:modified_time\" content=\"2024-12-30T09:22:43+00:00\" \/>\n<meta property=\"og:image\" content=\"https:\/\/fanmerch.fi\/wp-content\/uploads\/2024\/09\/etelapaaty-el-capo-burgundy-t-shirt.jpg\" \/>\n\t<meta property=\"og:image:width\" content=\"984\" \/>\n\t<meta property=\"og:image:height\" content=\"1280\" \/>\n\t<meta property=\"og:image:type\" content=\"image\/jpeg\" \/>\n<meta name=\"twitter:card\" content=\"summary_large_image\" \/>\n<meta name=\"twitter:label1\" content=\"Availability\" \/>\n\t<meta name=\"twitter:data1\" content=\"Out of stock\" \/>\n<script type=\"application\/ld+json\" class=\"yoast-schema-graph\">{\"@context\":\"https:\\\/\\\/schema.org\",\"@graph\":[{\"@type\":\"WebPage\",\"@id\":\"https:\\\/\\\/fanmerch.fi\\\/tuote\\\/el-capo-tee\\\/\",\"url\":\"https:\\\/\\\/fanmerch.fi\\\/tuote\\\/el-capo-tee\\\/\",\"name\":\"Etel\u00e4p\u00e4\u00e4ty - El Capo, Tee | Fanmerch Finland\",\"isPartOf\":{\"@id\":\"https:\\\/\\\/fanmerch.fi\\\/#website\"},\"primaryImageOfPage\":{\"@id\":\"https:\\\/\\\/fanmerch.fi\\\/tuote\\\/el-capo-tee\\\/#primaryimage\"},\"image\":{\"@id\":\"https:\\\/\\\/fanmerch.fi\\\/tuote\\\/el-capo-tee\\\/#primaryimage\"},\"thumbnailUrl\":\"https:\\\/\\\/fanmerch.fi\\\/wp-content\\\/uploads\\\/2024\\\/09\\\/etelapaaty-el-capo-burgundy-t-shirt.jpg\",\"datePublished\":\"2024-09-06T14:40:47+00:00\",\"dateModified\":\"2024-12-30T09:22:43+00:00\",\"breadcrumb\":{\"@id\":\"https:\\\/\\\/fanmerch.fi\\\/tuote\\\/el-capo-tee\\\/#breadcrumb\"},\"inLanguage\":\"en-GB\",\"potentialAction\":[{\"@type\":\"ReadAction\",\"target\":[\"https:\\\/\\\/fanmerch.fi\\\/tuote\\\/el-capo-tee\\\/\"]}]},{\"@type\":\"ImageObject\",\"inLanguage\":\"en-GB\",\"@id\":\"https:\\\/\\\/fanmerch.fi\\\/tuote\\\/el-capo-tee\\\/#primaryimage\",\"url\":\"https:\\\/\\\/fanmerch.fi\\\/wp-content\\\/uploads\\\/2024\\\/09\\\/etelapaaty-el-capo-burgundy-t-shirt.jpg\",\"contentUrl\":\"https:\\\/\\\/fanmerch.fi\\\/wp-content\\\/uploads\\\/2024\\\/09\\\/etelapaaty-el-capo-burgundy-t-shirt.jpg\",\"width\":984,\"height\":1280},{\"@type\":\"BreadcrumbList\",\"@id\":\"https:\\\/\\\/fanmerch.fi\\\/tuote\\\/el-capo-tee\\\/#breadcrumb\",\"itemListElement\":[{\"@type\":\"ListItem\",\"position\":1,\"name\":\"Etusivu\",\"item\":\"https:\\\/\\\/fanmerch.fi\\\/\"},{\"@type\":\"ListItem\",\"position\":2,\"name\":\"Kauppa\",\"item\":\"https:\\\/\\\/fanmerch.fi\\\/kauppa\\\/\"},{\"@type\":\"ListItem\",\"position\":3,\"name\":\"El Capo, Tee\"}]},{\"@type\":\"WebSite\",\"@id\":\"https:\\\/\\\/fanmerch.fi\\\/#website\",\"url\":\"https:\\\/\\\/fanmerch.fi\\\/\",\"name\":\"Fanmerch Finland\",\"description\":\"\",\"potentialAction\":[{\"@type\":\"SearchAction\",\"target\":{\"@type\":\"EntryPoint\",\"urlTemplate\":\"https:\\\/\\\/fanmerch.fi\\\/?s={search_term_string}\"},\"query-input\":{\"@type\":\"PropertyValueSpecification\",\"valueRequired\":true,\"valueName\":\"search_term_string\"}}],\"inLanguage\":\"en-GB\"}]}<\/script>\n<meta property=\"og:availability\" content=\"out of stock\" \/>\n<meta property=\"product:availability\" content=\"out of stock\" \/>\n<meta property=\"product:retailer_item_id\" content=\"Etel\u00e4p\u00e4\u00e4ty \/ El Capo \/ Burgundy \/ Tee\" \/>\n<meta property=\"product:condition\" content=\"new\" \/>\n<!-- \/ Yoast SEO Premium plugin. -->","yoast_head_json":{"title":"Etel\u00e4p\u00e4\u00e4ty - El Capo, Tee | Fanmerch Finland","robots":{"index":"index","follow":"follow","max-snippet":"max-snippet:-1","max-image-preview":"max-image-preview:large","max-video-preview":"max-video-preview:-1"},"canonical":"https:\/\/fanmerch.fi\/en\/product\/el-capo-tee\/","og_locale":"en_GB","og_type":"article","og_title":"El Capo, Tee","og_description":"Laadukas ja eettisesti valmistettu tummanpunainen t-paita, edess\u00e4 iso \"El Capo\" -painatus.    Painotuote, toimitusaika 5-10 arkip\u00e4iv\u00e4\u00e4    100% Puuvilla     200 gsm","og_url":"https:\/\/fanmerch.fi\/en\/product\/el-capo-tee\/","og_site_name":"Fanmerch Finland","article_modified_time":"2024-12-30T09:22:43+00:00","og_image":[{"width":984,"height":1280,"url":"https:\/\/fanmerch.fi\/wp-content\/uploads\/2024\/09\/etelapaaty-el-capo-burgundy-t-shirt.jpg","type":"image\/jpeg"}],"twitter_card":"summary_large_image","twitter_misc":{"Availability":"Out of stock"},"schema":{"@context":"https:\/\/schema.org","@graph":[{"@type":"WebPage","@id":"https:\/\/fanmerch.fi\/tuote\/el-capo-tee\/","url":"https:\/\/fanmerch.fi\/tuote\/el-capo-tee\/","name":"Etel\u00e4p\u00e4\u00e4ty - El Capo, Tee | Fanmerch Finland","isPartOf":{"@id":"https:\/\/fanmerch.fi\/#website"},"primaryImageOfPage":{"@id":"https:\/\/fanmerch.fi\/tuote\/el-capo-tee\/#primaryimage"},"image":{"@id":"https:\/\/fanmerch.fi\/tuote\/el-capo-tee\/#primaryimage"},"thumbnailUrl":"https:\/\/fanmerch.fi\/wp-content\/uploads\/2024\/09\/etelapaaty-el-capo-burgundy-t-shirt.jpg","datePublished":"2024-09-06T14:40:47+00:00","dateModified":"2024-12-30T09:22:43+00:00","breadcrumb":{"@id":"https:\/\/fanmerch.fi\/tuote\/el-capo-tee\/#breadcrumb"},"inLanguage":"en-GB","potentialAction":[{"@type":"ReadAction","target":["https:\/\/fanmerch.fi\/tuote\/el-capo-tee\/"]}]},{"@type":"ImageObject","inLanguage":"en-GB","@id":"https:\/\/fanmerch.fi\/tuote\/el-capo-tee\/#primaryimage","url":"https:\/\/fanmerch.fi\/wp-content\/uploads\/2024\/09\/etelapaaty-el-capo-burgundy-t-shirt.jpg","contentUrl":"https:\/\/fanmerch.fi\/wp-content\/uploads\/2024\/09\/etelapaaty-el-capo-burgundy-t-shirt.jpg","width":984,"height":1280},{"@type":"BreadcrumbList","@id":"https:\/\/fanmerch.fi\/tuote\/el-capo-tee\/#breadcrumb","itemListElement":[{"@type":"ListItem","position":1,"name":"Etusivu","item":"https:\/\/fanmerch.fi\/"},{"@type":"ListItem","position":2,"name":"Kauppa","item":"https:\/\/fanmerch.fi\/kauppa\/"},{"@type":"ListItem","position":3,"name":"El Capo, Tee"}]},{"@type":"WebSite","@id":"https:\/\/fanmerch.fi\/#website","url":"https:\/\/fanmerch.fi\/","name":"Fanmerch Finland","description":"","potentialAction":[{"@type":"SearchAction","target":{"@type":"EntryPoint","urlTemplate":"https:\/\/fanmerch.fi\/?s={search_term_string}"},"query-input":{"@type":"PropertyValueSpecification","valueRequired":true,"valueName":"search_term_string"}}],"inLanguage":"en-GB"}]},"og_availability":"out of stock","product_availability":"out of stock","product_retailer_item_id":"Etel\u00e4p\u00e4\u00e4ty \/ El Capo \/ Burgundy \/ Tee","product_condition":"new"},"_links":{"self":[{"href":"https:\/\/fanmerch.fi\/en\/wp-json\/wp\/v2\/product\/46216","targetHints":{"allow":["GET"]}}],"collection":[{"href":"https:\/\/fanmerch.fi\/en\/wp-json\/wp\/v2\/product"}],"about":[{"href":"https:\/\/fanmerch.fi\/en\/wp-json\/wp\/v2\/types\/product"}],"author":[{"embeddable":true,"href":"https:\/\/fanmerch.fi\/en\/wp-json\/wp\/v2\/users\/8"}],"version-history":[{"count":0,"href":"https:\/\/fanmerch.fi\/en\/wp-json\/wp\/v2\/product\/46216\/revisions"}],"wp:featuredmedia":[{"embeddable":true,"href":"https:\/\/fanmerch.fi\/en\/wp-json\/wp\/v2\/media\/46226"}],"wp:attachment":[{"href":"https:\/\/fanmerch.fi\/en\/wp-json\/wp\/v2\/media?parent=46216"}],"wp:term":[{"taxonomy":"product_brand","embeddable":true,"href":"https:\/\/fanmerch.fi\/en\/wp-json\/wp\/v2\/product_brand?post=46216"},{"taxonomy":"product_cat","embeddable":true,"href":"https:\/\/fanmerch.fi\/en\/wp-json\/wp\/v2\/product_cat?post=46216"},{"taxonomy":"product_tag","embeddable":true,"href":"https:\/\/fanmerch.fi\/en\/wp-json\/wp\/v2\/product_tag?post=46216"}],"curies":[{"name":"wp","href":"https:\/\/api.w.org\/{rel}","templated":true}]}}