{"id":46284,"date":"2024-09-10T13:28:26","date_gmt":"2024-09-10T10:28:26","guid":{"rendered":"https:\/\/fanmerch.fi\/?post_type=product&#038;p=46284"},"modified":"2026-01-01T11:33:43","modified_gmt":"2026-01-01T08:33:43","slug":"sb-vantaa-prodiscus-jokeri","status":"publish","type":"product","link":"https:\/\/fanmerch.fi\/en\/product\/sb-vantaa-prodiscus-jokeri\/","title":{"rendered":"SB Vantaa &#8211; Prodiscus Jokeri"},"content":{"rendered":"","protected":false},"excerpt":{"rendered":"<p class=\"ai-optimize-16\">Suomalaisen Prodiscuksen valmistama pro-tason putteri\/l\u00e4hestymiskiekko &#8221;JOKERi&#8221; SB Vantaa -st\u00e4mpill\u00e4. Kiekossa riitt\u00e4\u00e4 vakautta my\u00f6s pitkiin ja koviin heittoihin. Erinomainen kiekkovalinta my\u00f6s aloittelijalle.<\/p>\n<ul>\n<li class=\"ai-optimize-17\">\n<h5 class=\"ai-optimize-18\"><strong>Delivery time 5-10 business days<\/strong><\/h5>\n<\/li>\n<li class=\"ai-optimize-19\">\n<h5 class=\"ai-optimize-20\"><strong>Flight Numbers: 3 | 3 | 2 | 1<\/strong><\/h5>\n<\/li>\n<li class=\"ai-optimize-21\">\n<h5 class=\"ai-optimize-22\"><strong>Plastic: Basic<\/strong><\/h5>\n<\/li>\n<li class=\"ai-optimize-23\">\n<h5 class=\"ai-optimize-24\"><strong>Weight: 173g<\/strong><\/h5>\n<\/li>\n<\/ul>","protected":false},"author":28,"featured_media":46285,"template":"","meta":[],"product_brand":[],"product_cat":[223],"product_tag":[136,25,78],"class_list":{"0":"post-46284","1":"product","2":"type-product","3":"status-publish","4":"has-post-thumbnail","6":"product_cat-sb-vantaa","7":"product_tag-kaikki","8":"product_tag-muut","9":"product_tag-sb-vantaa","10":"product_shipping_class-matkahuolto","12":"first","13":"instock","14":"taxable","15":"shipping-taxable","16":"purchasable","17":"product-type-simple"},"yoast_head":"<!-- This site is optimized with the Yoast SEO Premium plugin v26.9 (Yoast SEO v27.4) - https:\/\/yoast.com\/product\/yoast-seo-premium-wordpress\/ -->\n<title>SB Vantaa - Prodiscus Jokeri | Fanmerch Finland<\/title>\n<meta name=\"robots\" content=\"index, follow, max-snippet:-1, max-image-preview:large, max-video-preview:-1\" \/>\n<link rel=\"canonical\" href=\"https:\/\/fanmerch.fi\/en\/product\/sb-vantaa-prodiscus-jokeri\/\" \/>\n<meta property=\"og:locale\" content=\"en_GB\" \/>\n<meta property=\"og:type\" content=\"article\" \/>\n<meta property=\"og:title\" content=\"SB Vantaa - Prodiscus Jokeri\" \/>\n<meta property=\"og:description\" content=\"Suomalaisen Prodiscuksen valmistama pro-tason putteri\/l\u00e4hestymiskiekko &quot;JOKERi&quot; SB Vantaa -st\u00e4mpill\u00e4. Kiekossa riitt\u00e4\u00e4 vakautta my\u00f6s pitkiin ja koviin heittoihin. Erinomainen kiekkovalinta my\u00f6s aloittelijalle.     Toimitusaika 3-5 arkip\u00e4iv\u00e4\u00e4    Lentoarvot: 3 | 3 | 2 | 1    Muovi: Basic    Paino: 173g\" \/>\n<meta property=\"og:url\" content=\"https:\/\/fanmerch.fi\/en\/product\/sb-vantaa-prodiscus-jokeri\/\" \/>\n<meta property=\"og:site_name\" content=\"Fanmerch Finland\" \/>\n<meta property=\"article:modified_time\" content=\"2026-01-01T08:33:43+00:00\" \/>\n<meta property=\"og:image\" content=\"https:\/\/fanmerch.fi\/wp-content\/uploads\/2024\/09\/sb-vantaa-prodiscus-jokeri.jpg\" \/>\n\t<meta property=\"og:image:width\" content=\"984\" \/>\n\t<meta property=\"og:image:height\" content=\"1280\" \/>\n\t<meta property=\"og:image:type\" content=\"image\/jpeg\" \/>\n<meta name=\"twitter:card\" content=\"summary_large_image\" \/>\n<meta name=\"twitter:label1\" content=\"Price\" \/>\n\t<meta name=\"twitter:data1\" content=\"10.00&euro;\" \/>\n\t<meta name=\"twitter:label2\" content=\"Availability\" \/>\n\t<meta name=\"twitter:data2\" content=\"In stock\" \/>\n<script type=\"application\/ld+json\" class=\"yoast-schema-graph\">{\"@context\":\"https:\\\/\\\/schema.org\",\"@graph\":[{\"@type\":\"WebPage\",\"@id\":\"https:\\\/\\\/fanmerch.fi\\\/tuote\\\/sb-vantaa-prodiscus-jokeri\\\/\",\"url\":\"https:\\\/\\\/fanmerch.fi\\\/tuote\\\/sb-vantaa-prodiscus-jokeri\\\/\",\"name\":\"SB Vantaa - Prodiscus Jokeri | Fanmerch Finland\",\"isPartOf\":{\"@id\":\"https:\\\/\\\/fanmerch.fi\\\/#website\"},\"primaryImageOfPage\":{\"@id\":\"https:\\\/\\\/fanmerch.fi\\\/tuote\\\/sb-vantaa-prodiscus-jokeri\\\/#primaryimage\"},\"image\":{\"@id\":\"https:\\\/\\\/fanmerch.fi\\\/tuote\\\/sb-vantaa-prodiscus-jokeri\\\/#primaryimage\"},\"thumbnailUrl\":\"https:\\\/\\\/fanmerch.fi\\\/wp-content\\\/uploads\\\/2024\\\/09\\\/sb-vantaa-prodiscus-jokeri.jpg\",\"datePublished\":\"2024-09-10T10:28:26+00:00\",\"dateModified\":\"2026-01-01T08:33:43+00:00\",\"breadcrumb\":{\"@id\":\"https:\\\/\\\/fanmerch.fi\\\/tuote\\\/sb-vantaa-prodiscus-jokeri\\\/#breadcrumb\"},\"inLanguage\":\"en-GB\",\"potentialAction\":[{\"@type\":\"ReadAction\",\"target\":[\"https:\\\/\\\/fanmerch.fi\\\/tuote\\\/sb-vantaa-prodiscus-jokeri\\\/\"]}]},{\"@type\":\"ImageObject\",\"inLanguage\":\"en-GB\",\"@id\":\"https:\\\/\\\/fanmerch.fi\\\/tuote\\\/sb-vantaa-prodiscus-jokeri\\\/#primaryimage\",\"url\":\"https:\\\/\\\/fanmerch.fi\\\/wp-content\\\/uploads\\\/2024\\\/09\\\/sb-vantaa-prodiscus-jokeri.jpg\",\"contentUrl\":\"https:\\\/\\\/fanmerch.fi\\\/wp-content\\\/uploads\\\/2024\\\/09\\\/sb-vantaa-prodiscus-jokeri.jpg\",\"width\":984,\"height\":1280},{\"@type\":\"BreadcrumbList\",\"@id\":\"https:\\\/\\\/fanmerch.fi\\\/tuote\\\/sb-vantaa-prodiscus-jokeri\\\/#breadcrumb\",\"itemListElement\":[{\"@type\":\"ListItem\",\"position\":1,\"name\":\"Etusivu\",\"item\":\"https:\\\/\\\/fanmerch.fi\\\/\"},{\"@type\":\"ListItem\",\"position\":2,\"name\":\"Kauppa\",\"item\":\"https:\\\/\\\/fanmerch.fi\\\/kauppa\\\/\"},{\"@type\":\"ListItem\",\"position\":3,\"name\":\"SB Vantaa &#8211; Prodiscus Jokeri\"}]},{\"@type\":\"WebSite\",\"@id\":\"https:\\\/\\\/fanmerch.fi\\\/#website\",\"url\":\"https:\\\/\\\/fanmerch.fi\\\/\",\"name\":\"Fanmerch Finland\",\"description\":\"\",\"potentialAction\":[{\"@type\":\"SearchAction\",\"target\":{\"@type\":\"EntryPoint\",\"urlTemplate\":\"https:\\\/\\\/fanmerch.fi\\\/?s={search_term_string}\"},\"query-input\":{\"@type\":\"PropertyValueSpecification\",\"valueRequired\":true,\"valueName\":\"search_term_string\"}}],\"inLanguage\":\"en-GB\"}]}<\/script>\n<meta property=\"product:price:amount\" content=\"10.00\" \/>\n<meta property=\"product:price:currency\" content=\"EUR\" \/>\n<meta property=\"og:availability\" content=\"instock\" \/>\n<meta property=\"product:availability\" content=\"instock\" \/>\n<meta property=\"product:retailer_item_id\" content=\"SB Vantaa \/ Prodiscus putteri \/ Valkoinen \/ Frisbeegolfkiekko\" \/>\n<meta property=\"product:condition\" content=\"new\" \/>\n<!-- \/ Yoast SEO Premium plugin. -->","yoast_head_json":{"title":"SB Vantaa - Prodiscus Jokeri | Fanmerch Finland","robots":{"index":"index","follow":"follow","max-snippet":"max-snippet:-1","max-image-preview":"max-image-preview:large","max-video-preview":"max-video-preview:-1"},"canonical":"https:\/\/fanmerch.fi\/en\/product\/sb-vantaa-prodiscus-jokeri\/","og_locale":"en_GB","og_type":"article","og_title":"SB Vantaa - Prodiscus Jokeri","og_description":"Suomalaisen Prodiscuksen valmistama pro-tason putteri\/l\u00e4hestymiskiekko \"JOKERi\" SB Vantaa -st\u00e4mpill\u00e4. Kiekossa riitt\u00e4\u00e4 vakautta my\u00f6s pitkiin ja koviin heittoihin. Erinomainen kiekkovalinta my\u00f6s aloittelijalle.     Toimitusaika 3-5 arkip\u00e4iv\u00e4\u00e4    Lentoarvot: 3 | 3 | 2 | 1    Muovi: Basic    Paino: 173g","og_url":"https:\/\/fanmerch.fi\/en\/product\/sb-vantaa-prodiscus-jokeri\/","og_site_name":"Fanmerch Finland","article_modified_time":"2026-01-01T08:33:43+00:00","og_image":[{"width":984,"height":1280,"url":"https:\/\/fanmerch.fi\/wp-content\/uploads\/2024\/09\/sb-vantaa-prodiscus-jokeri.jpg","type":"image\/jpeg"}],"twitter_card":"summary_large_image","twitter_misc":{"Price":"10.00&euro;","Availability":"In stock"},"schema":{"@context":"https:\/\/schema.org","@graph":[{"@type":"WebPage","@id":"https:\/\/fanmerch.fi\/tuote\/sb-vantaa-prodiscus-jokeri\/","url":"https:\/\/fanmerch.fi\/tuote\/sb-vantaa-prodiscus-jokeri\/","name":"SB Vantaa - Prodiscus Jokeri | Fanmerch Finland","isPartOf":{"@id":"https:\/\/fanmerch.fi\/#website"},"primaryImageOfPage":{"@id":"https:\/\/fanmerch.fi\/tuote\/sb-vantaa-prodiscus-jokeri\/#primaryimage"},"image":{"@id":"https:\/\/fanmerch.fi\/tuote\/sb-vantaa-prodiscus-jokeri\/#primaryimage"},"thumbnailUrl":"https:\/\/fanmerch.fi\/wp-content\/uploads\/2024\/09\/sb-vantaa-prodiscus-jokeri.jpg","datePublished":"2024-09-10T10:28:26+00:00","dateModified":"2026-01-01T08:33:43+00:00","breadcrumb":{"@id":"https:\/\/fanmerch.fi\/tuote\/sb-vantaa-prodiscus-jokeri\/#breadcrumb"},"inLanguage":"en-GB","potentialAction":[{"@type":"ReadAction","target":["https:\/\/fanmerch.fi\/tuote\/sb-vantaa-prodiscus-jokeri\/"]}]},{"@type":"ImageObject","inLanguage":"en-GB","@id":"https:\/\/fanmerch.fi\/tuote\/sb-vantaa-prodiscus-jokeri\/#primaryimage","url":"https:\/\/fanmerch.fi\/wp-content\/uploads\/2024\/09\/sb-vantaa-prodiscus-jokeri.jpg","contentUrl":"https:\/\/fanmerch.fi\/wp-content\/uploads\/2024\/09\/sb-vantaa-prodiscus-jokeri.jpg","width":984,"height":1280},{"@type":"BreadcrumbList","@id":"https:\/\/fanmerch.fi\/tuote\/sb-vantaa-prodiscus-jokeri\/#breadcrumb","itemListElement":[{"@type":"ListItem","position":1,"name":"Etusivu","item":"https:\/\/fanmerch.fi\/"},{"@type":"ListItem","position":2,"name":"Kauppa","item":"https:\/\/fanmerch.fi\/kauppa\/"},{"@type":"ListItem","position":3,"name":"SB Vantaa &#8211; Prodiscus Jokeri"}]},{"@type":"WebSite","@id":"https:\/\/fanmerch.fi\/#website","url":"https:\/\/fanmerch.fi\/","name":"Fanmerch Finland","description":"","potentialAction":[{"@type":"SearchAction","target":{"@type":"EntryPoint","urlTemplate":"https:\/\/fanmerch.fi\/?s={search_term_string}"},"query-input":{"@type":"PropertyValueSpecification","valueRequired":true,"valueName":"search_term_string"}}],"inLanguage":"en-GB"}]},"product_price_amount":"10.00","product_price_currency":"EUR","og_availability":"instock","product_availability":"instock","product_retailer_item_id":"SB Vantaa \/ Prodiscus putteri \/ Valkoinen \/ Frisbeegolfkiekko","product_condition":"new"},"_links":{"self":[{"href":"https:\/\/fanmerch.fi\/en\/wp-json\/wp\/v2\/product\/46284","targetHints":{"allow":["GET"]}}],"collection":[{"href":"https:\/\/fanmerch.fi\/en\/wp-json\/wp\/v2\/product"}],"about":[{"href":"https:\/\/fanmerch.fi\/en\/wp-json\/wp\/v2\/types\/product"}],"author":[{"embeddable":true,"href":"https:\/\/fanmerch.fi\/en\/wp-json\/wp\/v2\/users\/28"}],"version-history":[{"count":1,"href":"https:\/\/fanmerch.fi\/en\/wp-json\/wp\/v2\/product\/46284\/revisions"}],"predecessor-version":[{"id":54185,"href":"https:\/\/fanmerch.fi\/en\/wp-json\/wp\/v2\/product\/46284\/revisions\/54185"}],"wp:featuredmedia":[{"embeddable":true,"href":"https:\/\/fanmerch.fi\/en\/wp-json\/wp\/v2\/media\/46285"}],"wp:attachment":[{"href":"https:\/\/fanmerch.fi\/en\/wp-json\/wp\/v2\/media?parent=46284"}],"wp:term":[{"taxonomy":"product_brand","embeddable":true,"href":"https:\/\/fanmerch.fi\/en\/wp-json\/wp\/v2\/product_brand?post=46284"},{"taxonomy":"product_cat","embeddable":true,"href":"https:\/\/fanmerch.fi\/en\/wp-json\/wp\/v2\/product_cat?post=46284"},{"taxonomy":"product_tag","embeddable":true,"href":"https:\/\/fanmerch.fi\/en\/wp-json\/wp\/v2\/product_tag?post=46284"}],"curies":[{"name":"wp","href":"https:\/\/api.w.org\/{rel}","templated":true}]}}