{"id":47421,"date":"2024-10-23T17:44:21","date_gmt":"2024-10-23T14:44:21","guid":{"rendered":"https:\/\/fanmerch.fi\/?post_type=product&#038;p=47421"},"modified":"2026-02-25T18:59:54","modified_gmt":"2026-02-25T15:59:54","slug":"gladiator-shield-backpack","status":"publish","type":"product","link":"https:\/\/fanmerch.fi\/en\/product\/gladiator-shield-backpack\/","title":{"rendered":"Gladiator Shield, Backpack"},"content":{"rendered":"","protected":false},"excerpt":{"rendered":"<p class=\"ai-optimize-12\">Eritt\u00e4in k\u00e4yt\u00e4nn\u00f6llinen, tilavahko ja vankka selk\u00e4reppu. Soveltuu erinomaisesti koulu- tai salirepuksi. Repussa suuri keskitasku kaksinkertaisella vetoketjulla, vetoketjullinen etutasku ja nylon-kantokahva. Repussa on s\u00e4\u00e4dett\u00e4v\u00e4t pehmustetut ja vahvistetut olkaimet. Repun selk\u00e4osa on my\u00f6s pehmustettu.<\/p>\n<ul>\n<li class=\"ai-optimize-13\">\n<h5 class=\"ai-optimize-14\"><strong>Printed product, delivery time 5-10 business days<\/strong><\/h5>\n<\/li>\n<li class=\"ai-optimize-15\">\n<h5 class=\"ai-optimize-16\"><strong>100% Polyester<\/strong><\/h5>\n<\/li>\n<li class=\"ai-optimize-17\">\n<h5 class=\"ai-optimize-18\"><strong>Tilavuus 15,7 litraa<\/strong><\/h5>\n<\/li>\n<\/ul>","protected":false},"author":31,"featured_media":47423,"template":"","meta":[],"product_brand":[],"product_cat":[227],"product_tag":[228,136,25],"class_list":{"0":"post-47421","1":"product","2":"type-product","3":"status-publish","4":"has-post-thumbnail","6":"product_cat-gladiators-hockey","7":"product_tag-gladiators-hockey","8":"product_tag-kaikki","9":"product_tag-muut","10":"product_shipping_class-matkahuolto","12":"first","13":"instock","14":"sale","15":"taxable","16":"shipping-taxable","17":"purchasable","18":"product-type-simple"},"yoast_head":"<!-- This site is optimized with the Yoast SEO Premium plugin v26.9 (Yoast SEO v27.4) - https:\/\/yoast.com\/product\/yoast-seo-premium-wordpress\/ -->\n<title>Gladiators Hockey | Gladiator Shield, Backpack | Fanmerch Finland<\/title>\n<meta name=\"description\" content=\"K\u00e4yt\u00e4nn\u00f6llinen, tilavahko ja vankka selk\u00e4reppu. Soveltuu erinomaisesti koulu- tai salirepuksi. Repussa suuri keskitasku kaksinkertaisella vetoketjulla.\" \/>\n<meta name=\"robots\" content=\"index, follow, max-snippet:-1, max-image-preview:large, max-video-preview:-1\" \/>\n<link rel=\"canonical\" href=\"https:\/\/fanmerch.fi\/en\/product\/gladiator-shield-backpack\/\" \/>\n<meta property=\"og:locale\" content=\"en_GB\" \/>\n<meta property=\"og:type\" content=\"article\" \/>\n<meta property=\"og:title\" content=\"Gladiators Hockey | Gladiator Shield, Backpack | Fanmerch Finland\" \/>\n<meta property=\"og:description\" content=\"K\u00e4yt\u00e4nn\u00f6llinen, tilavahko ja vankka selk\u00e4reppu. Soveltuu erinomaisesti koulu- tai salirepuksi. Repussa suuri keskitasku kaksinkertaisella vetoketjulla.\" \/>\n<meta property=\"og:url\" content=\"https:\/\/fanmerch.fi\/en\/product\/gladiator-shield-backpack\/\" \/>\n<meta property=\"og:site_name\" content=\"Fanmerch Finland\" \/>\n<meta property=\"article:modified_time\" content=\"2026-02-25T15:59:54+00:00\" \/>\n<meta property=\"og:image\" content=\"https:\/\/fanmerch.fi\/wp-content\/uploads\/2024\/10\/gladiators-hockey-black-backpack-front.jpg\" \/>\n\t<meta property=\"og:image:width\" content=\"1695\" \/>\n\t<meta property=\"og:image:height\" content=\"2200\" \/>\n\t<meta property=\"og:image:type\" content=\"image\/jpeg\" \/>\n<meta name=\"twitter:card\" content=\"summary_large_image\" \/>\n<meta name=\"twitter:title\" content=\"Gladiators Hockey | Gladiator Shield, Backpack | Fanmerch Finland\" \/>\n<meta name=\"twitter:description\" content=\"K\u00e4yt\u00e4nn\u00f6llinen, tilavahko ja vankka selk\u00e4reppu. Soveltuu erinomaisesti koulu- tai salirepuksi. Repussa suuri keskitasku kaksinkertaisella vetoketjulla.\" \/>\n<meta name=\"twitter:label1\" content=\"Price\" \/>\n\t<meta name=\"twitter:data1\" content=\"15.00&euro;\" \/>\n\t<meta name=\"twitter:label2\" content=\"Availability\" \/>\n\t<meta name=\"twitter:data2\" content=\"In stock\" \/>\n<script type=\"application\/ld+json\" class=\"yoast-schema-graph\">{\"@context\":\"https:\\\/\\\/schema.org\",\"@graph\":[{\"@type\":\"WebPage\",\"@id\":\"https:\\\/\\\/fanmerch.fi\\\/tuote\\\/gladiator-shield-backpack\\\/\",\"url\":\"https:\\\/\\\/fanmerch.fi\\\/tuote\\\/gladiator-shield-backpack\\\/\",\"name\":\"Gladiators Hockey | Gladiator Shield, Backpack | Fanmerch Finland\",\"isPartOf\":{\"@id\":\"https:\\\/\\\/fanmerch.fi\\\/#website\"},\"primaryImageOfPage\":{\"@id\":\"https:\\\/\\\/fanmerch.fi\\\/tuote\\\/gladiator-shield-backpack\\\/#primaryimage\"},\"image\":{\"@id\":\"https:\\\/\\\/fanmerch.fi\\\/tuote\\\/gladiator-shield-backpack\\\/#primaryimage\"},\"thumbnailUrl\":\"https:\\\/\\\/fanmerch.fi\\\/wp-content\\\/uploads\\\/2024\\\/10\\\/gladiators-hockey-black-backpack-front.jpg\",\"datePublished\":\"2024-10-23T14:44:21+00:00\",\"dateModified\":\"2026-02-25T15:59:54+00:00\",\"description\":\"K\u00e4yt\u00e4nn\u00f6llinen, tilavahko ja vankka selk\u00e4reppu. Soveltuu erinomaisesti koulu- tai salirepuksi. Repussa suuri keskitasku kaksinkertaisella vetoketjulla.\",\"breadcrumb\":{\"@id\":\"https:\\\/\\\/fanmerch.fi\\\/tuote\\\/gladiator-shield-backpack\\\/#breadcrumb\"},\"inLanguage\":\"en-GB\",\"potentialAction\":[{\"@type\":\"ReadAction\",\"target\":[\"https:\\\/\\\/fanmerch.fi\\\/tuote\\\/gladiator-shield-backpack\\\/\"]}]},{\"@type\":\"ImageObject\",\"inLanguage\":\"en-GB\",\"@id\":\"https:\\\/\\\/fanmerch.fi\\\/tuote\\\/gladiator-shield-backpack\\\/#primaryimage\",\"url\":\"https:\\\/\\\/fanmerch.fi\\\/wp-content\\\/uploads\\\/2024\\\/10\\\/gladiators-hockey-black-backpack-front.jpg\",\"contentUrl\":\"https:\\\/\\\/fanmerch.fi\\\/wp-content\\\/uploads\\\/2024\\\/10\\\/gladiators-hockey-black-backpack-front.jpg\",\"width\":1695,\"height\":2200},{\"@type\":\"BreadcrumbList\",\"@id\":\"https:\\\/\\\/fanmerch.fi\\\/tuote\\\/gladiator-shield-backpack\\\/#breadcrumb\",\"itemListElement\":[{\"@type\":\"ListItem\",\"position\":1,\"name\":\"Etusivu\",\"item\":\"https:\\\/\\\/fanmerch.fi\\\/\"},{\"@type\":\"ListItem\",\"position\":2,\"name\":\"Kauppa\",\"item\":\"https:\\\/\\\/fanmerch.fi\\\/kauppa\\\/\"},{\"@type\":\"ListItem\",\"position\":3,\"name\":\"Gladiator Shield, Backpack\"}]},{\"@type\":\"WebSite\",\"@id\":\"https:\\\/\\\/fanmerch.fi\\\/#website\",\"url\":\"https:\\\/\\\/fanmerch.fi\\\/\",\"name\":\"Fanmerch Finland\",\"description\":\"\",\"potentialAction\":[{\"@type\":\"SearchAction\",\"target\":{\"@type\":\"EntryPoint\",\"urlTemplate\":\"https:\\\/\\\/fanmerch.fi\\\/?s={search_term_string}\"},\"query-input\":{\"@type\":\"PropertyValueSpecification\",\"valueRequired\":true,\"valueName\":\"search_term_string\"}}],\"inLanguage\":\"en-GB\"}]}<\/script>\n<meta property=\"product:price:amount\" content=\"15.00\" \/>\n<meta property=\"product:price:currency\" content=\"EUR\" \/>\n<meta property=\"og:availability\" content=\"instock\" \/>\n<meta property=\"product:availability\" content=\"instock\" \/>\n<meta property=\"product:retailer_item_id\" content=\"Gladiators Hockey \/ Gladiator Shield \/ Black \/ Backpack\" \/>\n<meta property=\"product:condition\" content=\"new\" \/>\n<!-- \/ Yoast SEO Premium plugin. -->","yoast_head_json":{"title":"Gladiators Hockey | Gladiator Shield, Backpack | Fanmerch Finland","description":"K\u00e4yt\u00e4nn\u00f6llinen, tilavahko ja vankka selk\u00e4reppu. Soveltuu erinomaisesti koulu- tai salirepuksi. Repussa suuri keskitasku kaksinkertaisella vetoketjulla.","robots":{"index":"index","follow":"follow","max-snippet":"max-snippet:-1","max-image-preview":"max-image-preview:large","max-video-preview":"max-video-preview:-1"},"canonical":"https:\/\/fanmerch.fi\/en\/product\/gladiator-shield-backpack\/","og_locale":"en_GB","og_type":"article","og_title":"Gladiators Hockey | Gladiator Shield, Backpack | Fanmerch Finland","og_description":"K\u00e4yt\u00e4nn\u00f6llinen, tilavahko ja vankka selk\u00e4reppu. Soveltuu erinomaisesti koulu- tai salirepuksi. Repussa suuri keskitasku kaksinkertaisella vetoketjulla.","og_url":"https:\/\/fanmerch.fi\/en\/product\/gladiator-shield-backpack\/","og_site_name":"Fanmerch Finland","article_modified_time":"2026-02-25T15:59:54+00:00","og_image":[{"width":1695,"height":2200,"url":"https:\/\/fanmerch.fi\/wp-content\/uploads\/2024\/10\/gladiators-hockey-black-backpack-front.jpg","type":"image\/jpeg"}],"twitter_card":"summary_large_image","twitter_title":"Gladiators Hockey | Gladiator Shield, Backpack | Fanmerch Finland","twitter_description":"K\u00e4yt\u00e4nn\u00f6llinen, tilavahko ja vankka selk\u00e4reppu. Soveltuu erinomaisesti koulu- tai salirepuksi. Repussa suuri keskitasku kaksinkertaisella vetoketjulla.","twitter_misc":{"Price":"15.00&euro;","Availability":"In stock"},"schema":{"@context":"https:\/\/schema.org","@graph":[{"@type":"WebPage","@id":"https:\/\/fanmerch.fi\/tuote\/gladiator-shield-backpack\/","url":"https:\/\/fanmerch.fi\/tuote\/gladiator-shield-backpack\/","name":"Gladiators Hockey | Gladiator Shield, Backpack | Fanmerch Finland","isPartOf":{"@id":"https:\/\/fanmerch.fi\/#website"},"primaryImageOfPage":{"@id":"https:\/\/fanmerch.fi\/tuote\/gladiator-shield-backpack\/#primaryimage"},"image":{"@id":"https:\/\/fanmerch.fi\/tuote\/gladiator-shield-backpack\/#primaryimage"},"thumbnailUrl":"https:\/\/fanmerch.fi\/wp-content\/uploads\/2024\/10\/gladiators-hockey-black-backpack-front.jpg","datePublished":"2024-10-23T14:44:21+00:00","dateModified":"2026-02-25T15:59:54+00:00","description":"K\u00e4yt\u00e4nn\u00f6llinen, tilavahko ja vankka selk\u00e4reppu. Soveltuu erinomaisesti koulu- tai salirepuksi. Repussa suuri keskitasku kaksinkertaisella vetoketjulla.","breadcrumb":{"@id":"https:\/\/fanmerch.fi\/tuote\/gladiator-shield-backpack\/#breadcrumb"},"inLanguage":"en-GB","potentialAction":[{"@type":"ReadAction","target":["https:\/\/fanmerch.fi\/tuote\/gladiator-shield-backpack\/"]}]},{"@type":"ImageObject","inLanguage":"en-GB","@id":"https:\/\/fanmerch.fi\/tuote\/gladiator-shield-backpack\/#primaryimage","url":"https:\/\/fanmerch.fi\/wp-content\/uploads\/2024\/10\/gladiators-hockey-black-backpack-front.jpg","contentUrl":"https:\/\/fanmerch.fi\/wp-content\/uploads\/2024\/10\/gladiators-hockey-black-backpack-front.jpg","width":1695,"height":2200},{"@type":"BreadcrumbList","@id":"https:\/\/fanmerch.fi\/tuote\/gladiator-shield-backpack\/#breadcrumb","itemListElement":[{"@type":"ListItem","position":1,"name":"Etusivu","item":"https:\/\/fanmerch.fi\/"},{"@type":"ListItem","position":2,"name":"Kauppa","item":"https:\/\/fanmerch.fi\/kauppa\/"},{"@type":"ListItem","position":3,"name":"Gladiator Shield, Backpack"}]},{"@type":"WebSite","@id":"https:\/\/fanmerch.fi\/#website","url":"https:\/\/fanmerch.fi\/","name":"Fanmerch Finland","description":"","potentialAction":[{"@type":"SearchAction","target":{"@type":"EntryPoint","urlTemplate":"https:\/\/fanmerch.fi\/?s={search_term_string}"},"query-input":{"@type":"PropertyValueSpecification","valueRequired":true,"valueName":"search_term_string"}}],"inLanguage":"en-GB"}]},"product_price_amount":"15.00","product_price_currency":"EUR","og_availability":"instock","product_availability":"instock","product_retailer_item_id":"Gladiators Hockey \/ Gladiator Shield \/ Black \/ Backpack","product_condition":"new"},"_links":{"self":[{"href":"https:\/\/fanmerch.fi\/en\/wp-json\/wp\/v2\/product\/47421","targetHints":{"allow":["GET"]}}],"collection":[{"href":"https:\/\/fanmerch.fi\/en\/wp-json\/wp\/v2\/product"}],"about":[{"href":"https:\/\/fanmerch.fi\/en\/wp-json\/wp\/v2\/types\/product"}],"author":[{"embeddable":true,"href":"https:\/\/fanmerch.fi\/en\/wp-json\/wp\/v2\/users\/31"}],"version-history":[{"count":1,"href":"https:\/\/fanmerch.fi\/en\/wp-json\/wp\/v2\/product\/47421\/revisions"}],"predecessor-version":[{"id":52823,"href":"https:\/\/fanmerch.fi\/en\/wp-json\/wp\/v2\/product\/47421\/revisions\/52823"}],"wp:featuredmedia":[{"embeddable":true,"href":"https:\/\/fanmerch.fi\/en\/wp-json\/wp\/v2\/media\/47423"}],"wp:attachment":[{"href":"https:\/\/fanmerch.fi\/en\/wp-json\/wp\/v2\/media?parent=47421"}],"wp:term":[{"taxonomy":"product_brand","embeddable":true,"href":"https:\/\/fanmerch.fi\/en\/wp-json\/wp\/v2\/product_brand?post=47421"},{"taxonomy":"product_cat","embeddable":true,"href":"https:\/\/fanmerch.fi\/en\/wp-json\/wp\/v2\/product_cat?post=47421"},{"taxonomy":"product_tag","embeddable":true,"href":"https:\/\/fanmerch.fi\/en\/wp-json\/wp\/v2\/product_tag?post=47421"}],"curies":[{"name":"wp","href":"https:\/\/api.w.org\/{rel}","templated":true}]}}