{"id":47614,"date":"2024-11-01T20:22:14","date_gmt":"2024-11-01T17:22:14","guid":{"rendered":"https:\/\/fanmerch.fi\/?post_type=product&#038;p=47614"},"modified":"2025-03-16T20:55:36","modified_gmt":"2025-03-16T17:55:36","slug":"if-gnistan-navy-small-crest-flat-peak-cap","status":"publish","type":"product","link":"https:\/\/fanmerch.fi\/en\/product\/if-gnistan-navy-small-crest-flat-peak-cap\/","title":{"rendered":"Small Crest, Flat Peak Cap"},"content":{"rendered":"","protected":false},"excerpt":{"rendered":"<p>A navy blue Flat Peak cap with the IF Gnistan logo embroidered on the front and the IF Gnistan text embroidered on the back. The snapback fastening at the back works perfectly as a size adjuster, ensuring the cap fits every head.<\/p>\n<ul>\n<li>\n<h5>Delivery time 5-10 business days<\/h5>\n<\/li>\n<li>\n<h5>Size: 57.5cm<\/h5>\n<\/li>\n<li>\n<h5><strong>Fastening: Snapback<\/strong><\/h5>\n<\/li>\n<li>\n<h5>Material: 100% Cotton<\/h5>\n<\/li>\n<\/ul>","protected":false},"author":26,"featured_media":43817,"template":"","meta":[],"product_brand":[],"product_cat":[214],"product_tag":[215,136,170],"class_list":{"0":"post-47614","1":"product","2":"type-product","3":"status-publish","4":"has-post-thumbnail","6":"product_cat-if-gnistan","7":"product_tag-if-gnistan","8":"product_tag-kaikki","9":"product_tag-paahineet","11":"first","12":"outofstock","13":"taxable","14":"shipping-taxable","15":"purchasable","16":"product-type-simple"},"yoast_head":"<!-- This site is optimized with the Yoast SEO Premium plugin v26.9 (Yoast SEO v27.4) - https:\/\/yoast.com\/product\/yoast-seo-premium-wordpress\/ -->\n<title>IF Gnistan - Small Crest, Flat Peak Cap | Fanmerch Finland<\/title>\n<meta name=\"robots\" content=\"index, follow, max-snippet:-1, max-image-preview:large, max-video-preview:-1\" \/>\n<link rel=\"canonical\" href=\"https:\/\/fanmerch.fi\/en\/product\/if-gnistan-navy-small-crest-flat-peak-cap\/\" \/>\n<meta property=\"og:locale\" content=\"en_GB\" \/>\n<meta property=\"og:type\" content=\"article\" \/>\n<meta property=\"og:title\" content=\"Small Crest, Flat Peak Cap\" \/>\n<meta property=\"og:description\" content=\"Tummansininen Flat Peak-lippalakki, jossa edess\u00e4 IF Gnistan -logobrodeeraus ja takana IF Gnistan -tekstibrodeeraus. Takaosan snapback-kiinnitys toimii mainiosti koon s\u00e4\u00e4t\u00e4j\u00e4n\u00e4, jolloin lippis sopii jokaiseen p\u00e4\u00e4h\u00e4n.    Toimitusaika 3-5 arkip\u00e4iv\u00e4\u00e4    Koko:\u00a0 57,5cm    Kiinnitys: Snapback    Materiaali: 100% Puuvilla\" \/>\n<meta property=\"og:url\" content=\"https:\/\/fanmerch.fi\/en\/product\/if-gnistan-navy-small-crest-flat-peak-cap\/\" \/>\n<meta property=\"og:site_name\" content=\"Fanmerch Finland\" \/>\n<meta property=\"article:modified_time\" content=\"2025-03-16T17:55:36+00:00\" \/>\n<meta property=\"og:image\" content=\"https:\/\/fanmerch.fi\/wp-content\/uploads\/2024\/07\/if-gnistan-small-crest-flatpeak-cap.jpg\" \/>\n\t<meta property=\"og:image:width\" content=\"1000\" \/>\n\t<meta property=\"og:image:height\" content=\"1300\" \/>\n\t<meta property=\"og:image:type\" content=\"image\/jpeg\" \/>\n<meta name=\"twitter:card\" content=\"summary_large_image\" \/>\n<meta name=\"twitter:label1\" content=\"Price\" \/>\n\t<meta name=\"twitter:data1\" content=\"25.00&euro;\" \/>\n\t<meta name=\"twitter:label2\" content=\"Availability\" \/>\n\t<meta name=\"twitter:data2\" content=\"Out of stock\" \/>\n<script type=\"application\/ld+json\" class=\"yoast-schema-graph\">{\"@context\":\"https:\\\/\\\/schema.org\",\"@graph\":[{\"@type\":\"WebPage\",\"@id\":\"https:\\\/\\\/fanmerch.fi\\\/tuote\\\/if-gnistan-navy-small-crest-flat-peak-cap\\\/\",\"url\":\"https:\\\/\\\/fanmerch.fi\\\/tuote\\\/if-gnistan-navy-small-crest-flat-peak-cap\\\/\",\"name\":\"IF Gnistan - Small Crest, Flat Peak Cap | Fanmerch Finland\",\"isPartOf\":{\"@id\":\"https:\\\/\\\/fanmerch.fi\\\/#website\"},\"primaryImageOfPage\":{\"@id\":\"https:\\\/\\\/fanmerch.fi\\\/tuote\\\/if-gnistan-navy-small-crest-flat-peak-cap\\\/#primaryimage\"},\"image\":{\"@id\":\"https:\\\/\\\/fanmerch.fi\\\/tuote\\\/if-gnistan-navy-small-crest-flat-peak-cap\\\/#primaryimage\"},\"thumbnailUrl\":\"https:\\\/\\\/fanmerch.fi\\\/wp-content\\\/uploads\\\/2024\\\/07\\\/if-gnistan-small-crest-flatpeak-cap.jpg\",\"datePublished\":\"2024-11-01T17:22:14+00:00\",\"dateModified\":\"2025-03-16T17:55:36+00:00\",\"breadcrumb\":{\"@id\":\"https:\\\/\\\/fanmerch.fi\\\/tuote\\\/if-gnistan-navy-small-crest-flat-peak-cap\\\/#breadcrumb\"},\"inLanguage\":\"en-GB\",\"potentialAction\":[{\"@type\":\"ReadAction\",\"target\":[\"https:\\\/\\\/fanmerch.fi\\\/tuote\\\/if-gnistan-navy-small-crest-flat-peak-cap\\\/\"]}]},{\"@type\":\"ImageObject\",\"inLanguage\":\"en-GB\",\"@id\":\"https:\\\/\\\/fanmerch.fi\\\/tuote\\\/if-gnistan-navy-small-crest-flat-peak-cap\\\/#primaryimage\",\"url\":\"https:\\\/\\\/fanmerch.fi\\\/wp-content\\\/uploads\\\/2024\\\/07\\\/if-gnistan-small-crest-flatpeak-cap.jpg\",\"contentUrl\":\"https:\\\/\\\/fanmerch.fi\\\/wp-content\\\/uploads\\\/2024\\\/07\\\/if-gnistan-small-crest-flatpeak-cap.jpg\",\"width\":1000,\"height\":1300},{\"@type\":\"BreadcrumbList\",\"@id\":\"https:\\\/\\\/fanmerch.fi\\\/tuote\\\/if-gnistan-navy-small-crest-flat-peak-cap\\\/#breadcrumb\",\"itemListElement\":[{\"@type\":\"ListItem\",\"position\":1,\"name\":\"Etusivu\",\"item\":\"https:\\\/\\\/fanmerch.fi\\\/\"},{\"@type\":\"ListItem\",\"position\":2,\"name\":\"Kauppa\",\"item\":\"https:\\\/\\\/fanmerch.fi\\\/kauppa\\\/\"},{\"@type\":\"ListItem\",\"position\":3,\"name\":\"Small Crest, Flat Peak Cap\"}]},{\"@type\":\"WebSite\",\"@id\":\"https:\\\/\\\/fanmerch.fi\\\/#website\",\"url\":\"https:\\\/\\\/fanmerch.fi\\\/\",\"name\":\"Fanmerch Finland\",\"description\":\"\",\"potentialAction\":[{\"@type\":\"SearchAction\",\"target\":{\"@type\":\"EntryPoint\",\"urlTemplate\":\"https:\\\/\\\/fanmerch.fi\\\/?s={search_term_string}\"},\"query-input\":{\"@type\":\"PropertyValueSpecification\",\"valueRequired\":true,\"valueName\":\"search_term_string\"}}],\"inLanguage\":\"en-GB\"}]}<\/script>\n<meta property=\"product:price:amount\" content=\"25.00\" \/>\n<meta property=\"product:price:currency\" content=\"EUR\" \/>\n<meta property=\"og:availability\" content=\"out of stock\" \/>\n<meta property=\"product:availability\" content=\"out of stock\" \/>\n<meta property=\"product:retailer_item_id\" content=\"IF Gnistan \/ Small Crest \/ Navy \/ Flat Peak Hat\" \/>\n<meta property=\"product:condition\" content=\"new\" \/>\n<!-- \/ Yoast SEO Premium plugin. -->","yoast_head_json":{"title":"IF Gnistan - Small Crest, Flat Peak Cap | Fanmerch Finland","robots":{"index":"index","follow":"follow","max-snippet":"max-snippet:-1","max-image-preview":"max-image-preview:large","max-video-preview":"max-video-preview:-1"},"canonical":"https:\/\/fanmerch.fi\/en\/product\/if-gnistan-navy-small-crest-flat-peak-cap\/","og_locale":"en_GB","og_type":"article","og_title":"Small Crest, Flat Peak Cap","og_description":"Tummansininen Flat Peak-lippalakki, jossa edess\u00e4 IF Gnistan -logobrodeeraus ja takana IF Gnistan -tekstibrodeeraus. Takaosan snapback-kiinnitys toimii mainiosti koon s\u00e4\u00e4t\u00e4j\u00e4n\u00e4, jolloin lippis sopii jokaiseen p\u00e4\u00e4h\u00e4n.    Toimitusaika 3-5 arkip\u00e4iv\u00e4\u00e4    Koko:\u00a0 57,5cm    Kiinnitys: Snapback    Materiaali: 100% Puuvilla","og_url":"https:\/\/fanmerch.fi\/en\/product\/if-gnistan-navy-small-crest-flat-peak-cap\/","og_site_name":"Fanmerch Finland","article_modified_time":"2025-03-16T17:55:36+00:00","og_image":[{"width":1000,"height":1300,"url":"https:\/\/fanmerch.fi\/wp-content\/uploads\/2024\/07\/if-gnistan-small-crest-flatpeak-cap.jpg","type":"image\/jpeg"}],"twitter_card":"summary_large_image","twitter_misc":{"Price":"25.00&euro;","Availability":"Out of stock"},"schema":{"@context":"https:\/\/schema.org","@graph":[{"@type":"WebPage","@id":"https:\/\/fanmerch.fi\/tuote\/if-gnistan-navy-small-crest-flat-peak-cap\/","url":"https:\/\/fanmerch.fi\/tuote\/if-gnistan-navy-small-crest-flat-peak-cap\/","name":"IF Gnistan - Small Crest, Flat Peak Cap | Fanmerch Finland","isPartOf":{"@id":"https:\/\/fanmerch.fi\/#website"},"primaryImageOfPage":{"@id":"https:\/\/fanmerch.fi\/tuote\/if-gnistan-navy-small-crest-flat-peak-cap\/#primaryimage"},"image":{"@id":"https:\/\/fanmerch.fi\/tuote\/if-gnistan-navy-small-crest-flat-peak-cap\/#primaryimage"},"thumbnailUrl":"https:\/\/fanmerch.fi\/wp-content\/uploads\/2024\/07\/if-gnistan-small-crest-flatpeak-cap.jpg","datePublished":"2024-11-01T17:22:14+00:00","dateModified":"2025-03-16T17:55:36+00:00","breadcrumb":{"@id":"https:\/\/fanmerch.fi\/tuote\/if-gnistan-navy-small-crest-flat-peak-cap\/#breadcrumb"},"inLanguage":"en-GB","potentialAction":[{"@type":"ReadAction","target":["https:\/\/fanmerch.fi\/tuote\/if-gnistan-navy-small-crest-flat-peak-cap\/"]}]},{"@type":"ImageObject","inLanguage":"en-GB","@id":"https:\/\/fanmerch.fi\/tuote\/if-gnistan-navy-small-crest-flat-peak-cap\/#primaryimage","url":"https:\/\/fanmerch.fi\/wp-content\/uploads\/2024\/07\/if-gnistan-small-crest-flatpeak-cap.jpg","contentUrl":"https:\/\/fanmerch.fi\/wp-content\/uploads\/2024\/07\/if-gnistan-small-crest-flatpeak-cap.jpg","width":1000,"height":1300},{"@type":"BreadcrumbList","@id":"https:\/\/fanmerch.fi\/tuote\/if-gnistan-navy-small-crest-flat-peak-cap\/#breadcrumb","itemListElement":[{"@type":"ListItem","position":1,"name":"Etusivu","item":"https:\/\/fanmerch.fi\/"},{"@type":"ListItem","position":2,"name":"Kauppa","item":"https:\/\/fanmerch.fi\/kauppa\/"},{"@type":"ListItem","position":3,"name":"Small Crest, Flat Peak Cap"}]},{"@type":"WebSite","@id":"https:\/\/fanmerch.fi\/#website","url":"https:\/\/fanmerch.fi\/","name":"Fanmerch Finland","description":"","potentialAction":[{"@type":"SearchAction","target":{"@type":"EntryPoint","urlTemplate":"https:\/\/fanmerch.fi\/?s={search_term_string}"},"query-input":{"@type":"PropertyValueSpecification","valueRequired":true,"valueName":"search_term_string"}}],"inLanguage":"en-GB"}]},"product_price_amount":"25.00","product_price_currency":"EUR","og_availability":"out of stock","product_availability":"out of stock","product_retailer_item_id":"IF Gnistan \/ Small Crest \/ Navy \/ Flat Peak Hat","product_condition":"new"},"_links":{"self":[{"href":"https:\/\/fanmerch.fi\/en\/wp-json\/wp\/v2\/product\/47614","targetHints":{"allow":["GET"]}}],"collection":[{"href":"https:\/\/fanmerch.fi\/en\/wp-json\/wp\/v2\/product"}],"about":[{"href":"https:\/\/fanmerch.fi\/en\/wp-json\/wp\/v2\/types\/product"}],"author":[{"embeddable":true,"href":"https:\/\/fanmerch.fi\/en\/wp-json\/wp\/v2\/users\/26"}],"version-history":[{"count":0,"href":"https:\/\/fanmerch.fi\/en\/wp-json\/wp\/v2\/product\/47614\/revisions"}],"wp:featuredmedia":[{"embeddable":true,"href":"https:\/\/fanmerch.fi\/en\/wp-json\/wp\/v2\/media\/43817"}],"wp:attachment":[{"href":"https:\/\/fanmerch.fi\/en\/wp-json\/wp\/v2\/media?parent=47614"}],"wp:term":[{"taxonomy":"product_brand","embeddable":true,"href":"https:\/\/fanmerch.fi\/en\/wp-json\/wp\/v2\/product_brand?post=47614"},{"taxonomy":"product_cat","embeddable":true,"href":"https:\/\/fanmerch.fi\/en\/wp-json\/wp\/v2\/product_cat?post=47614"},{"taxonomy":"product_tag","embeddable":true,"href":"https:\/\/fanmerch.fi\/en\/wp-json\/wp\/v2\/product_tag?post=47614"}],"curies":[{"name":"wp","href":"https:\/\/api.w.org\/{rel}","templated":true}]}}