{"id":47691,"date":"2024-11-04T12:07:48","date_gmt":"2024-11-04T09:07:48","guid":{"rendered":"https:\/\/fanmerch.fi\/?post_type=product&#038;p=47691"},"modified":"2025-11-21T12:47:03","modified_gmt":"2025-11-21T09:47:03","slug":"baby-box","status":"publish","type":"product","link":"https:\/\/fanmerch.fi\/en\/product\/baby-box\/","title":{"rendered":"Baby Box"},"content":{"rendered":"","protected":false},"excerpt":{"rendered":"<p class=\"ai-optimize-10\">Discover Gnistan's new \"Baby Box\" \u2013 perfectly designed for your baby's first year! The \"Baby Box\" includes a soft and warm blanket, a cute beanie, a high-quality shirt, and a comfortable pajama.<\/p>\n<p class=\"ai-optimize-11\">IF Gnistan's Baby Box is designed to provide top-notch quality and adorable style, with each product made from gentle and safe materials that feel soft against delicate skin. This package is the perfect gift for new families or your own little one \u2013 all the essentials beautifully packed into one!<\/p>\n<ul>\n<li class=\"ai-optimize-12\">\n<h5 class=\"ai-optimize-13\">T-shirt: 74\/80cm.<\/h5>\n<\/li>\n<li class=\"ai-optimize-14\">\n<h5 class=\"ai-optimize-15\">Bodysuit: 62\/68cm.<\/h5>\n<\/li>\n<li class=\"ai-optimize-16\">\n<h5 class=\"ai-optimize-17\">Beanie: One size.<\/h5>\n<\/li>\n<li class=\"ai-optimize-18\">\n<h5 class=\"ai-optimize-19\">Blanket: 80cm X 80cm.<\/h5>\n<\/li>\n<\/ul>\n<p>&nbsp;<\/p>","protected":false},"author":30,"featured_media":47773,"template":"","meta":[],"product_brand":[],"product_cat":[214],"product_tag":[215,136,31],"class_list":{"0":"post-47691","1":"product","2":"type-product","3":"status-publish","4":"has-post-thumbnail","6":"product_cat-if-gnistan","7":"product_tag-if-gnistan","8":"product_tag-kaikki","9":"product_tag-lasten-tuotteet","11":"first","12":"instock","13":"taxable","14":"shipping-taxable","15":"purchasable","16":"product-type-simple"},"yoast_head":"<!-- This site is optimized with the Yoast SEO Premium plugin v26.9 (Yoast SEO v27.4) - https:\/\/yoast.com\/product\/yoast-seo-premium-wordpress\/ -->\n<title>IF Gnistan | Baby Box | Fanmerch Finland<\/title>\n<meta name=\"robots\" content=\"index, follow, max-snippet:-1, max-image-preview:large, max-video-preview:-1\" \/>\n<link rel=\"canonical\" href=\"https:\/\/fanmerch.fi\/en\/product\/baby-box\/\" \/>\n<meta property=\"og:locale\" content=\"en_GB\" \/>\n<meta property=\"og:type\" content=\"article\" \/>\n<meta property=\"og:title\" content=\"Baby Box\" \/>\n<meta property=\"og:description\" content=\"Tutustu Gnistanin uuteen &quot;Baby Boxiin&quot; \u2013 t\u00e4ydellisesti suunniteltu vauvan ensimm\u00e4iselle vuodelle! &quot;Baby Box&quot; sis\u00e4lt\u00e4\u00e4 pehme\u00e4n ja l\u00e4mpim\u00e4n viltin, suloisen pipon, laadukkaan paidan sek\u00e4 mukavan pyjaman. Gnistanin Baby Box on suunniteltu tarjoamaan ensiluokkaista laatua ja hellytt\u00e4v\u00e4\u00e4 tyyli\u00e4, ja jokainen tuote on valmistettu hell\u00e4varaisista ja turvallisista materiaaleista, jotka tuntuvat miellytt\u00e4v\u00e4lt\u00e4 herkk\u00e4\u00e4 ihoa vasten. T\u00e4m\u00e4 paketti on ihanteellinen lahja niin uusille perheille kuin omalle vauvalle \u2013 kaikki olennaiset asiat kauniisti pakattuna\u00a0yhteen!     T-paita: 74\/80cm    Potkupuku: 62\/68cm    Pipo: One size    Peitto: 80cm X 80cm   &nbsp;\" \/>\n<meta property=\"og:url\" content=\"https:\/\/fanmerch.fi\/en\/product\/baby-box\/\" \/>\n<meta property=\"og:site_name\" content=\"Fanmerch Finland\" \/>\n<meta property=\"article:modified_time\" content=\"2025-11-21T09:47:03+00:00\" \/>\n<meta property=\"og:image\" content=\"https:\/\/fanmerch.fi\/wp-content\/uploads\/2024\/11\/if-gnistan-babybox.jpg\" \/>\n\t<meta property=\"og:image:width\" content=\"1695\" \/>\n\t<meta property=\"og:image:height\" content=\"2200\" \/>\n\t<meta property=\"og:image:type\" content=\"image\/jpeg\" \/>\n<meta name=\"twitter:card\" content=\"summary_large_image\" \/>\n<meta name=\"twitter:label1\" content=\"Price\" \/>\n\t<meta name=\"twitter:data1\" content=\"40.00&euro;\" \/>\n\t<meta name=\"twitter:label2\" content=\"Availability\" \/>\n\t<meta name=\"twitter:data2\" content=\"In stock\" \/>\n<script type=\"application\/ld+json\" class=\"yoast-schema-graph\">{\"@context\":\"https:\\\/\\\/schema.org\",\"@graph\":[{\"@type\":\"WebPage\",\"@id\":\"https:\\\/\\\/fanmerch.fi\\\/tuote\\\/baby-box\\\/\",\"url\":\"https:\\\/\\\/fanmerch.fi\\\/tuote\\\/baby-box\\\/\",\"name\":\"IF Gnistan | Baby Box | Fanmerch Finland\",\"isPartOf\":{\"@id\":\"https:\\\/\\\/fanmerch.fi\\\/#website\"},\"primaryImageOfPage\":{\"@id\":\"https:\\\/\\\/fanmerch.fi\\\/tuote\\\/baby-box\\\/#primaryimage\"},\"image\":{\"@id\":\"https:\\\/\\\/fanmerch.fi\\\/tuote\\\/baby-box\\\/#primaryimage\"},\"thumbnailUrl\":\"https:\\\/\\\/fanmerch.fi\\\/wp-content\\\/uploads\\\/2024\\\/11\\\/if-gnistan-babybox.jpg\",\"datePublished\":\"2024-11-04T09:07:48+00:00\",\"dateModified\":\"2025-11-21T09:47:03+00:00\",\"breadcrumb\":{\"@id\":\"https:\\\/\\\/fanmerch.fi\\\/tuote\\\/baby-box\\\/#breadcrumb\"},\"inLanguage\":\"en-GB\",\"potentialAction\":[{\"@type\":\"ReadAction\",\"target\":[\"https:\\\/\\\/fanmerch.fi\\\/tuote\\\/baby-box\\\/\"]}]},{\"@type\":\"ImageObject\",\"inLanguage\":\"en-GB\",\"@id\":\"https:\\\/\\\/fanmerch.fi\\\/tuote\\\/baby-box\\\/#primaryimage\",\"url\":\"https:\\\/\\\/fanmerch.fi\\\/wp-content\\\/uploads\\\/2024\\\/11\\\/if-gnistan-babybox.jpg\",\"contentUrl\":\"https:\\\/\\\/fanmerch.fi\\\/wp-content\\\/uploads\\\/2024\\\/11\\\/if-gnistan-babybox.jpg\",\"width\":1695,\"height\":2200},{\"@type\":\"BreadcrumbList\",\"@id\":\"https:\\\/\\\/fanmerch.fi\\\/tuote\\\/baby-box\\\/#breadcrumb\",\"itemListElement\":[{\"@type\":\"ListItem\",\"position\":1,\"name\":\"Etusivu\",\"item\":\"https:\\\/\\\/fanmerch.fi\\\/\"},{\"@type\":\"ListItem\",\"position\":2,\"name\":\"Kauppa\",\"item\":\"https:\\\/\\\/fanmerch.fi\\\/kauppa\\\/\"},{\"@type\":\"ListItem\",\"position\":3,\"name\":\"Baby Box\"}]},{\"@type\":\"WebSite\",\"@id\":\"https:\\\/\\\/fanmerch.fi\\\/#website\",\"url\":\"https:\\\/\\\/fanmerch.fi\\\/\",\"name\":\"Fanmerch Finland\",\"description\":\"\",\"potentialAction\":[{\"@type\":\"SearchAction\",\"target\":{\"@type\":\"EntryPoint\",\"urlTemplate\":\"https:\\\/\\\/fanmerch.fi\\\/?s={search_term_string}\"},\"query-input\":{\"@type\":\"PropertyValueSpecification\",\"valueRequired\":true,\"valueName\":\"search_term_string\"}}],\"inLanguage\":\"en-GB\"}]}<\/script>\n<meta property=\"product:price:amount\" content=\"40.00\" \/>\n<meta property=\"product:price:currency\" content=\"EUR\" \/>\n<meta property=\"og:availability\" content=\"instock\" \/>\n<meta property=\"product:availability\" content=\"instock\" \/>\n<meta property=\"product:retailer_item_id\" content=\"IF Gnistan \/ Baby Box\" \/>\n<meta property=\"product:condition\" content=\"new\" \/>\n<!-- \/ Yoast SEO Premium plugin. -->","yoast_head_json":{"title":"IF Gnistan | Baby Box | Fanmerch Finland","robots":{"index":"index","follow":"follow","max-snippet":"max-snippet:-1","max-image-preview":"max-image-preview:large","max-video-preview":"max-video-preview:-1"},"canonical":"https:\/\/fanmerch.fi\/en\/product\/baby-box\/","og_locale":"en_GB","og_type":"article","og_title":"Baby Box","og_description":"Tutustu Gnistanin uuteen \"Baby Boxiin\" \u2013 t\u00e4ydellisesti suunniteltu vauvan ensimm\u00e4iselle vuodelle! \"Baby Box\" sis\u00e4lt\u00e4\u00e4 pehme\u00e4n ja l\u00e4mpim\u00e4n viltin, suloisen pipon, laadukkaan paidan sek\u00e4 mukavan pyjaman. Gnistanin Baby Box on suunniteltu tarjoamaan ensiluokkaista laatua ja hellytt\u00e4v\u00e4\u00e4 tyyli\u00e4, ja jokainen tuote on valmistettu hell\u00e4varaisista ja turvallisista materiaaleista, jotka tuntuvat miellytt\u00e4v\u00e4lt\u00e4 herkk\u00e4\u00e4 ihoa vasten. T\u00e4m\u00e4 paketti on ihanteellinen lahja niin uusille perheille kuin omalle vauvalle \u2013 kaikki olennaiset asiat kauniisti pakattuna\u00a0yhteen!     T-paita: 74\/80cm    Potkupuku: 62\/68cm    Pipo: One size    Peitto: 80cm X 80cm   &nbsp;","og_url":"https:\/\/fanmerch.fi\/en\/product\/baby-box\/","og_site_name":"Fanmerch Finland","article_modified_time":"2025-11-21T09:47:03+00:00","og_image":[{"width":1695,"height":2200,"url":"https:\/\/fanmerch.fi\/wp-content\/uploads\/2024\/11\/if-gnistan-babybox.jpg","type":"image\/jpeg"}],"twitter_card":"summary_large_image","twitter_misc":{"Price":"40.00&euro;","Availability":"In stock"},"schema":{"@context":"https:\/\/schema.org","@graph":[{"@type":"WebPage","@id":"https:\/\/fanmerch.fi\/tuote\/baby-box\/","url":"https:\/\/fanmerch.fi\/tuote\/baby-box\/","name":"IF Gnistan | Baby Box | Fanmerch Finland","isPartOf":{"@id":"https:\/\/fanmerch.fi\/#website"},"primaryImageOfPage":{"@id":"https:\/\/fanmerch.fi\/tuote\/baby-box\/#primaryimage"},"image":{"@id":"https:\/\/fanmerch.fi\/tuote\/baby-box\/#primaryimage"},"thumbnailUrl":"https:\/\/fanmerch.fi\/wp-content\/uploads\/2024\/11\/if-gnistan-babybox.jpg","datePublished":"2024-11-04T09:07:48+00:00","dateModified":"2025-11-21T09:47:03+00:00","breadcrumb":{"@id":"https:\/\/fanmerch.fi\/tuote\/baby-box\/#breadcrumb"},"inLanguage":"en-GB","potentialAction":[{"@type":"ReadAction","target":["https:\/\/fanmerch.fi\/tuote\/baby-box\/"]}]},{"@type":"ImageObject","inLanguage":"en-GB","@id":"https:\/\/fanmerch.fi\/tuote\/baby-box\/#primaryimage","url":"https:\/\/fanmerch.fi\/wp-content\/uploads\/2024\/11\/if-gnistan-babybox.jpg","contentUrl":"https:\/\/fanmerch.fi\/wp-content\/uploads\/2024\/11\/if-gnistan-babybox.jpg","width":1695,"height":2200},{"@type":"BreadcrumbList","@id":"https:\/\/fanmerch.fi\/tuote\/baby-box\/#breadcrumb","itemListElement":[{"@type":"ListItem","position":1,"name":"Etusivu","item":"https:\/\/fanmerch.fi\/"},{"@type":"ListItem","position":2,"name":"Kauppa","item":"https:\/\/fanmerch.fi\/kauppa\/"},{"@type":"ListItem","position":3,"name":"Baby Box"}]},{"@type":"WebSite","@id":"https:\/\/fanmerch.fi\/#website","url":"https:\/\/fanmerch.fi\/","name":"Fanmerch Finland","description":"","potentialAction":[{"@type":"SearchAction","target":{"@type":"EntryPoint","urlTemplate":"https:\/\/fanmerch.fi\/?s={search_term_string}"},"query-input":{"@type":"PropertyValueSpecification","valueRequired":true,"valueName":"search_term_string"}}],"inLanguage":"en-GB"}]},"product_price_amount":"40.00","product_price_currency":"EUR","og_availability":"instock","product_availability":"instock","product_retailer_item_id":"IF Gnistan \/ Baby Box","product_condition":"new"},"_links":{"self":[{"href":"https:\/\/fanmerch.fi\/en\/wp-json\/wp\/v2\/product\/47691","targetHints":{"allow":["GET"]}}],"collection":[{"href":"https:\/\/fanmerch.fi\/en\/wp-json\/wp\/v2\/product"}],"about":[{"href":"https:\/\/fanmerch.fi\/en\/wp-json\/wp\/v2\/types\/product"}],"author":[{"embeddable":true,"href":"https:\/\/fanmerch.fi\/en\/wp-json\/wp\/v2\/users\/30"}],"version-history":[{"count":1,"href":"https:\/\/fanmerch.fi\/en\/wp-json\/wp\/v2\/product\/47691\/revisions"}],"predecessor-version":[{"id":53621,"href":"https:\/\/fanmerch.fi\/en\/wp-json\/wp\/v2\/product\/47691\/revisions\/53621"}],"wp:featuredmedia":[{"embeddable":true,"href":"https:\/\/fanmerch.fi\/en\/wp-json\/wp\/v2\/media\/47773"}],"wp:attachment":[{"href":"https:\/\/fanmerch.fi\/en\/wp-json\/wp\/v2\/media?parent=47691"}],"wp:term":[{"taxonomy":"product_brand","embeddable":true,"href":"https:\/\/fanmerch.fi\/en\/wp-json\/wp\/v2\/product_brand?post=47691"},{"taxonomy":"product_cat","embeddable":true,"href":"https:\/\/fanmerch.fi\/en\/wp-json\/wp\/v2\/product_cat?post=47691"},{"taxonomy":"product_tag","embeddable":true,"href":"https:\/\/fanmerch.fi\/en\/wp-json\/wp\/v2\/product_tag?post=47691"}],"curies":[{"name":"wp","href":"https:\/\/api.w.org\/{rel}","templated":true}]}}