{"id":48005,"date":"2024-11-21T12:10:50","date_gmt":"2024-11-21T09:10:50","guid":{"rendered":"https:\/\/fanmerch.fi\/?post_type=product&#038;p=48005"},"modified":"2025-11-18T20:48:29","modified_gmt":"2025-11-18T17:48:29","slug":"gladiators-hockey-tupsupipo","status":"publish","type":"product","link":"https:\/\/fanmerch.fi\/en\/product\/gladiators-hockey-tupsupipo\/","title":{"rendered":"Pom Pom Beanie"},"content":{"rendered":"","protected":false},"excerpt":{"rendered":"<p class=\"ai-optimize-11\">Tyylik\u00e4s kudottu Gladiators Hockey tupsupipo. Edess\u00e4 Gladiators Hockey -logobrodeeraus. Yksi koko, sopii useimmille.<strong>\u00a0<\/strong><\/p>\n<ul>\n<li class=\"ai-optimize-12\">\n<h5 class=\"ai-optimize-13\"><strong>Delivery time 5-10 business days<\/strong><\/h5>\n<\/li>\n<li class=\"ai-optimize-14\">\n<h5 class=\"ai-optimize-15\"><strong>100% Acrylic<\/strong><\/h5>\n<\/li>\n<\/ul>","protected":false},"author":31,"featured_media":48300,"template":"","meta":[],"product_brand":[],"product_cat":[227],"product_tag":[228,136,170],"class_list":{"0":"post-48005","1":"product","2":"type-product","3":"status-publish","4":"has-post-thumbnail","6":"product_cat-gladiators-hockey","7":"product_tag-gladiators-hockey","8":"product_tag-kaikki","9":"product_tag-paahineet","11":"first","12":"instock","13":"sale","14":"taxable","15":"shipping-taxable","16":"purchasable","17":"product-type-simple"},"yoast_head":"<!-- This site is optimized with the Yoast SEO Premium plugin v26.9 (Yoast SEO v27.4) - https:\/\/yoast.com\/product\/yoast-seo-premium-wordpress\/ -->\n<title>Gladiators Hockey | Tupsupipo | Fanmerch Finland<\/title>\n<meta name=\"robots\" content=\"index, follow, max-snippet:-1, max-image-preview:large, max-video-preview:-1\" \/>\n<link rel=\"canonical\" href=\"https:\/\/fanmerch.fi\/en\/product\/gladiators-hockey-tupsupipo\/\" \/>\n<meta property=\"og:locale\" content=\"en_GB\" \/>\n<meta property=\"og:type\" content=\"article\" \/>\n<meta property=\"og:title\" content=\"Tupsupipo\" \/>\n<meta property=\"og:description\" content=\"Tyylik\u00e4s kudottu Gladiators Hockey tupsupipo. Edess\u00e4 Gladiators Hockey -logobrodeeraus. Yksi koko, sopii useimmille.\u00a0     Toimitusaika 3-5 arkip\u00e4iv\u00e4\u00e4    100% Akryyli\" \/>\n<meta property=\"og:url\" content=\"https:\/\/fanmerch.fi\/en\/product\/gladiators-hockey-tupsupipo\/\" \/>\n<meta property=\"og:site_name\" content=\"Fanmerch Finland\" \/>\n<meta property=\"article:modified_time\" content=\"2025-11-18T17:48:29+00:00\" \/>\n<meta property=\"og:image\" content=\"https:\/\/fanmerch.fi\/wp-content\/uploads\/2024\/11\/gladiators-hockey-tupsupipo-front2.jpg\" \/>\n\t<meta property=\"og:image:width\" content=\"1696\" \/>\n\t<meta property=\"og:image:height\" content=\"2200\" \/>\n\t<meta property=\"og:image:type\" content=\"image\/jpeg\" \/>\n<meta name=\"twitter:card\" content=\"summary_large_image\" \/>\n<meta name=\"twitter:label1\" content=\"Price\" \/>\n\t<meta name=\"twitter:data1\" content=\"15.00&euro;\" \/>\n\t<meta name=\"twitter:label2\" content=\"Availability\" \/>\n\t<meta name=\"twitter:data2\" content=\"In stock\" \/>\n<script type=\"application\/ld+json\" class=\"yoast-schema-graph\">{\"@context\":\"https:\\\/\\\/schema.org\",\"@graph\":[{\"@type\":\"WebPage\",\"@id\":\"https:\\\/\\\/fanmerch.fi\\\/tuote\\\/gladiators-hockey-tupsupipo\\\/\",\"url\":\"https:\\\/\\\/fanmerch.fi\\\/tuote\\\/gladiators-hockey-tupsupipo\\\/\",\"name\":\"Gladiators Hockey | Tupsupipo | Fanmerch Finland\",\"isPartOf\":{\"@id\":\"https:\\\/\\\/fanmerch.fi\\\/#website\"},\"primaryImageOfPage\":{\"@id\":\"https:\\\/\\\/fanmerch.fi\\\/tuote\\\/gladiators-hockey-tupsupipo\\\/#primaryimage\"},\"image\":{\"@id\":\"https:\\\/\\\/fanmerch.fi\\\/tuote\\\/gladiators-hockey-tupsupipo\\\/#primaryimage\"},\"thumbnailUrl\":\"https:\\\/\\\/fanmerch.fi\\\/wp-content\\\/uploads\\\/2024\\\/11\\\/gladiators-hockey-tupsupipo-front2.jpg\",\"datePublished\":\"2024-11-21T09:10:50+00:00\",\"dateModified\":\"2025-11-18T17:48:29+00:00\",\"breadcrumb\":{\"@id\":\"https:\\\/\\\/fanmerch.fi\\\/tuote\\\/gladiators-hockey-tupsupipo\\\/#breadcrumb\"},\"inLanguage\":\"en-GB\",\"potentialAction\":[{\"@type\":\"ReadAction\",\"target\":[\"https:\\\/\\\/fanmerch.fi\\\/tuote\\\/gladiators-hockey-tupsupipo\\\/\"]}]},{\"@type\":\"ImageObject\",\"inLanguage\":\"en-GB\",\"@id\":\"https:\\\/\\\/fanmerch.fi\\\/tuote\\\/gladiators-hockey-tupsupipo\\\/#primaryimage\",\"url\":\"https:\\\/\\\/fanmerch.fi\\\/wp-content\\\/uploads\\\/2024\\\/11\\\/gladiators-hockey-tupsupipo-front2.jpg\",\"contentUrl\":\"https:\\\/\\\/fanmerch.fi\\\/wp-content\\\/uploads\\\/2024\\\/11\\\/gladiators-hockey-tupsupipo-front2.jpg\",\"width\":1696,\"height\":2200},{\"@type\":\"BreadcrumbList\",\"@id\":\"https:\\\/\\\/fanmerch.fi\\\/tuote\\\/gladiators-hockey-tupsupipo\\\/#breadcrumb\",\"itemListElement\":[{\"@type\":\"ListItem\",\"position\":1,\"name\":\"Etusivu\",\"item\":\"https:\\\/\\\/fanmerch.fi\\\/\"},{\"@type\":\"ListItem\",\"position\":2,\"name\":\"Kauppa\",\"item\":\"https:\\\/\\\/fanmerch.fi\\\/kauppa\\\/\"},{\"@type\":\"ListItem\",\"position\":3,\"name\":\"Tupsupipo\"}]},{\"@type\":\"WebSite\",\"@id\":\"https:\\\/\\\/fanmerch.fi\\\/#website\",\"url\":\"https:\\\/\\\/fanmerch.fi\\\/\",\"name\":\"Fanmerch Finland\",\"description\":\"\",\"potentialAction\":[{\"@type\":\"SearchAction\",\"target\":{\"@type\":\"EntryPoint\",\"urlTemplate\":\"https:\\\/\\\/fanmerch.fi\\\/?s={search_term_string}\"},\"query-input\":{\"@type\":\"PropertyValueSpecification\",\"valueRequired\":true,\"valueName\":\"search_term_string\"}}],\"inLanguage\":\"en-GB\"}]}<\/script>\n<meta property=\"product:price:amount\" content=\"15.00\" \/>\n<meta property=\"product:price:currency\" content=\"EUR\" \/>\n<meta property=\"og:availability\" content=\"instock\" \/>\n<meta property=\"product:availability\" content=\"instock\" \/>\n<meta property=\"product:retailer_item_id\" content=\"Gladiators Hockey \/ Tupsupipo\" \/>\n<meta property=\"product:condition\" content=\"new\" \/>\n<!-- \/ Yoast SEO Premium plugin. -->","yoast_head_json":{"title":"Gladiators Hockey | Tupsupipo | Fanmerch Finland","robots":{"index":"index","follow":"follow","max-snippet":"max-snippet:-1","max-image-preview":"max-image-preview:large","max-video-preview":"max-video-preview:-1"},"canonical":"https:\/\/fanmerch.fi\/en\/product\/gladiators-hockey-tupsupipo\/","og_locale":"en_GB","og_type":"article","og_title":"Tupsupipo","og_description":"Tyylik\u00e4s kudottu Gladiators Hockey tupsupipo. Edess\u00e4 Gladiators Hockey -logobrodeeraus. Yksi koko, sopii useimmille.\u00a0     Toimitusaika 3-5 arkip\u00e4iv\u00e4\u00e4    100% Akryyli","og_url":"https:\/\/fanmerch.fi\/en\/product\/gladiators-hockey-tupsupipo\/","og_site_name":"Fanmerch Finland","article_modified_time":"2025-11-18T17:48:29+00:00","og_image":[{"width":1696,"height":2200,"url":"https:\/\/fanmerch.fi\/wp-content\/uploads\/2024\/11\/gladiators-hockey-tupsupipo-front2.jpg","type":"image\/jpeg"}],"twitter_card":"summary_large_image","twitter_misc":{"Price":"15.00&euro;","Availability":"In stock"},"schema":{"@context":"https:\/\/schema.org","@graph":[{"@type":"WebPage","@id":"https:\/\/fanmerch.fi\/tuote\/gladiators-hockey-tupsupipo\/","url":"https:\/\/fanmerch.fi\/tuote\/gladiators-hockey-tupsupipo\/","name":"Gladiators Hockey | Tupsupipo | Fanmerch Finland","isPartOf":{"@id":"https:\/\/fanmerch.fi\/#website"},"primaryImageOfPage":{"@id":"https:\/\/fanmerch.fi\/tuote\/gladiators-hockey-tupsupipo\/#primaryimage"},"image":{"@id":"https:\/\/fanmerch.fi\/tuote\/gladiators-hockey-tupsupipo\/#primaryimage"},"thumbnailUrl":"https:\/\/fanmerch.fi\/wp-content\/uploads\/2024\/11\/gladiators-hockey-tupsupipo-front2.jpg","datePublished":"2024-11-21T09:10:50+00:00","dateModified":"2025-11-18T17:48:29+00:00","breadcrumb":{"@id":"https:\/\/fanmerch.fi\/tuote\/gladiators-hockey-tupsupipo\/#breadcrumb"},"inLanguage":"en-GB","potentialAction":[{"@type":"ReadAction","target":["https:\/\/fanmerch.fi\/tuote\/gladiators-hockey-tupsupipo\/"]}]},{"@type":"ImageObject","inLanguage":"en-GB","@id":"https:\/\/fanmerch.fi\/tuote\/gladiators-hockey-tupsupipo\/#primaryimage","url":"https:\/\/fanmerch.fi\/wp-content\/uploads\/2024\/11\/gladiators-hockey-tupsupipo-front2.jpg","contentUrl":"https:\/\/fanmerch.fi\/wp-content\/uploads\/2024\/11\/gladiators-hockey-tupsupipo-front2.jpg","width":1696,"height":2200},{"@type":"BreadcrumbList","@id":"https:\/\/fanmerch.fi\/tuote\/gladiators-hockey-tupsupipo\/#breadcrumb","itemListElement":[{"@type":"ListItem","position":1,"name":"Etusivu","item":"https:\/\/fanmerch.fi\/"},{"@type":"ListItem","position":2,"name":"Kauppa","item":"https:\/\/fanmerch.fi\/kauppa\/"},{"@type":"ListItem","position":3,"name":"Tupsupipo"}]},{"@type":"WebSite","@id":"https:\/\/fanmerch.fi\/#website","url":"https:\/\/fanmerch.fi\/","name":"Fanmerch Finland","description":"","potentialAction":[{"@type":"SearchAction","target":{"@type":"EntryPoint","urlTemplate":"https:\/\/fanmerch.fi\/?s={search_term_string}"},"query-input":{"@type":"PropertyValueSpecification","valueRequired":true,"valueName":"search_term_string"}}],"inLanguage":"en-GB"}]},"product_price_amount":"15.00","product_price_currency":"EUR","og_availability":"instock","product_availability":"instock","product_retailer_item_id":"Gladiators Hockey \/ Tupsupipo","product_condition":"new"},"_links":{"self":[{"href":"https:\/\/fanmerch.fi\/en\/wp-json\/wp\/v2\/product\/48005","targetHints":{"allow":["GET"]}}],"collection":[{"href":"https:\/\/fanmerch.fi\/en\/wp-json\/wp\/v2\/product"}],"about":[{"href":"https:\/\/fanmerch.fi\/en\/wp-json\/wp\/v2\/types\/product"}],"author":[{"embeddable":true,"href":"https:\/\/fanmerch.fi\/en\/wp-json\/wp\/v2\/users\/31"}],"version-history":[{"count":1,"href":"https:\/\/fanmerch.fi\/en\/wp-json\/wp\/v2\/product\/48005\/revisions"}],"predecessor-version":[{"id":52824,"href":"https:\/\/fanmerch.fi\/en\/wp-json\/wp\/v2\/product\/48005\/revisions\/52824"}],"wp:featuredmedia":[{"embeddable":true,"href":"https:\/\/fanmerch.fi\/en\/wp-json\/wp\/v2\/media\/48300"}],"wp:attachment":[{"href":"https:\/\/fanmerch.fi\/en\/wp-json\/wp\/v2\/media?parent=48005"}],"wp:term":[{"taxonomy":"product_brand","embeddable":true,"href":"https:\/\/fanmerch.fi\/en\/wp-json\/wp\/v2\/product_brand?post=48005"},{"taxonomy":"product_cat","embeddable":true,"href":"https:\/\/fanmerch.fi\/en\/wp-json\/wp\/v2\/product_cat?post=48005"},{"taxonomy":"product_tag","embeddable":true,"href":"https:\/\/fanmerch.fi\/en\/wp-json\/wp\/v2\/product_tag?post=48005"}],"curies":[{"name":"wp","href":"https:\/\/api.w.org\/{rel}","templated":true}]}}