{"id":48139,"date":"2024-11-24T01:36:37","date_gmt":"2024-11-23T22:36:37","guid":{"rendered":"https:\/\/fanmerch.fi\/?post_type=product&#038;p=48139"},"modified":"2025-01-07T22:29:26","modified_gmt":"2025-01-07T19:29:26","slug":"if-gnistan-text-crest-narureppu","status":"publish","type":"product","link":"https:\/\/fanmerch.fi\/en\/product\/if-gnistan-text-crest-narureppu\/","title":{"rendered":"Text Crest, Drawstring Bag"},"content":{"rendered":"","protected":false},"excerpt":{"rendered":"<p>IF Gnistan drawstring backpack with black adjustable cords. Featuring a \"Text Crest\" print on the front.<\/p>\n<ul>\n<li>\n<h5>100% Polyester<\/h5>\n<\/li>\n<\/ul>","protected":false},"author":26,"featured_media":48140,"template":"","meta":[],"product_brand":[],"product_cat":[214],"product_tag":[215,136,25],"class_list":{"0":"post-48139","1":"product","2":"type-product","3":"status-publish","4":"has-post-thumbnail","6":"product_cat-if-gnistan","7":"product_tag-if-gnistan","8":"product_tag-kaikki","9":"product_tag-muut","11":"first","12":"instock","13":"taxable","14":"shipping-taxable","15":"purchasable","16":"product-type-simple"},"yoast_head":"<!-- This site is optimized with the Yoast SEO Premium plugin v26.9 (Yoast SEO v27.4) - https:\/\/yoast.com\/product\/yoast-seo-premium-wordpress\/ -->\n<title>IF Gnistan - Text Crest, Narureppu | Fanmerch Finland<\/title>\n<meta name=\"description\" content=\"IF Gnistan selk\u00e4reppu. Kaksi vetoketjullista taskua, sis\u00e4tasku l\u00e4pp\u00e4rille, s\u00e4\u00e4dett\u00e4v\u00e4t olkahihnat, kantolenkki ja hengitt\u00e4v\u00e4 pehmustettu takaosa\" \/>\n<meta name=\"robots\" content=\"index, follow, max-snippet:-1, max-image-preview:large, max-video-preview:-1\" \/>\n<link rel=\"canonical\" href=\"https:\/\/fanmerch.fi\/en\/product\/if-gnistan-text-crest-narureppu\/\" \/>\n<meta property=\"og:locale\" content=\"en_GB\" \/>\n<meta property=\"og:type\" content=\"article\" \/>\n<meta property=\"og:title\" content=\"Text Crest, Narureppu\" \/>\n<meta property=\"og:description\" content=\"IF Gnistan selk\u00e4reppu. Kaksi vetoketjullista taskua, sis\u00e4tasku l\u00e4pp\u00e4rille, s\u00e4\u00e4dett\u00e4v\u00e4t olkahihnat, kantolenkki ja hengitt\u00e4v\u00e4 pehmustettu takaosa\" \/>\n<meta property=\"og:url\" content=\"https:\/\/fanmerch.fi\/en\/product\/if-gnistan-text-crest-narureppu\/\" \/>\n<meta property=\"og:site_name\" content=\"Fanmerch Finland\" \/>\n<meta property=\"article:modified_time\" content=\"2025-01-07T19:29:26+00:00\" \/>\n<meta property=\"og:image\" content=\"https:\/\/fanmerch.fi\/wp-content\/uploads\/2024\/11\/if-gnistan-navy-gymbag.jpg\" \/>\n\t<meta property=\"og:image:width\" content=\"1695\" \/>\n\t<meta property=\"og:image:height\" content=\"2200\" \/>\n\t<meta property=\"og:image:type\" content=\"image\/jpeg\" \/>\n<meta name=\"twitter:card\" content=\"summary_large_image\" \/>\n<meta name=\"twitter:label1\" content=\"Price\" \/>\n\t<meta name=\"twitter:data1\" content=\"12.00&euro;\" \/>\n\t<meta name=\"twitter:label2\" content=\"Availability\" \/>\n\t<meta name=\"twitter:data2\" content=\"In stock\" \/>\n<script type=\"application\/ld+json\" class=\"yoast-schema-graph\">{\"@context\":\"https:\\\/\\\/schema.org\",\"@graph\":[{\"@type\":\"WebPage\",\"@id\":\"https:\\\/\\\/fanmerch.fi\\\/tuote\\\/if-gnistan-text-crest-narureppu\\\/\",\"url\":\"https:\\\/\\\/fanmerch.fi\\\/tuote\\\/if-gnistan-text-crest-narureppu\\\/\",\"name\":\"IF Gnistan - Text Crest, Narureppu | Fanmerch Finland\",\"isPartOf\":{\"@id\":\"https:\\\/\\\/fanmerch.fi\\\/#website\"},\"primaryImageOfPage\":{\"@id\":\"https:\\\/\\\/fanmerch.fi\\\/tuote\\\/if-gnistan-text-crest-narureppu\\\/#primaryimage\"},\"image\":{\"@id\":\"https:\\\/\\\/fanmerch.fi\\\/tuote\\\/if-gnistan-text-crest-narureppu\\\/#primaryimage\"},\"thumbnailUrl\":\"https:\\\/\\\/fanmerch.fi\\\/wp-content\\\/uploads\\\/2024\\\/11\\\/if-gnistan-navy-gymbag.jpg\",\"datePublished\":\"2024-11-23T22:36:37+00:00\",\"dateModified\":\"2025-01-07T19:29:26+00:00\",\"description\":\"IF Gnistan selk\u00e4reppu. Kaksi vetoketjullista taskua, sis\u00e4tasku l\u00e4pp\u00e4rille, s\u00e4\u00e4dett\u00e4v\u00e4t olkahihnat, kantolenkki ja hengitt\u00e4v\u00e4 pehmustettu takaosa\",\"breadcrumb\":{\"@id\":\"https:\\\/\\\/fanmerch.fi\\\/tuote\\\/if-gnistan-text-crest-narureppu\\\/#breadcrumb\"},\"inLanguage\":\"en-GB\",\"potentialAction\":[{\"@type\":\"ReadAction\",\"target\":[\"https:\\\/\\\/fanmerch.fi\\\/tuote\\\/if-gnistan-text-crest-narureppu\\\/\"]}]},{\"@type\":\"ImageObject\",\"inLanguage\":\"en-GB\",\"@id\":\"https:\\\/\\\/fanmerch.fi\\\/tuote\\\/if-gnistan-text-crest-narureppu\\\/#primaryimage\",\"url\":\"https:\\\/\\\/fanmerch.fi\\\/wp-content\\\/uploads\\\/2024\\\/11\\\/if-gnistan-navy-gymbag.jpg\",\"contentUrl\":\"https:\\\/\\\/fanmerch.fi\\\/wp-content\\\/uploads\\\/2024\\\/11\\\/if-gnistan-navy-gymbag.jpg\",\"width\":1695,\"height\":2200},{\"@type\":\"BreadcrumbList\",\"@id\":\"https:\\\/\\\/fanmerch.fi\\\/tuote\\\/if-gnistan-text-crest-narureppu\\\/#breadcrumb\",\"itemListElement\":[{\"@type\":\"ListItem\",\"position\":1,\"name\":\"Etusivu\",\"item\":\"https:\\\/\\\/fanmerch.fi\\\/\"},{\"@type\":\"ListItem\",\"position\":2,\"name\":\"Kauppa\",\"item\":\"https:\\\/\\\/fanmerch.fi\\\/kauppa\\\/\"},{\"@type\":\"ListItem\",\"position\":3,\"name\":\"Text Crest, Narureppu\"}]},{\"@type\":\"WebSite\",\"@id\":\"https:\\\/\\\/fanmerch.fi\\\/#website\",\"url\":\"https:\\\/\\\/fanmerch.fi\\\/\",\"name\":\"Fanmerch Finland\",\"description\":\"\",\"potentialAction\":[{\"@type\":\"SearchAction\",\"target\":{\"@type\":\"EntryPoint\",\"urlTemplate\":\"https:\\\/\\\/fanmerch.fi\\\/?s={search_term_string}\"},\"query-input\":{\"@type\":\"PropertyValueSpecification\",\"valueRequired\":true,\"valueName\":\"search_term_string\"}}],\"inLanguage\":\"en-GB\"}]}<\/script>\n<meta property=\"product:price:amount\" content=\"12.00\" \/>\n<meta property=\"product:price:currency\" content=\"EUR\" \/>\n<meta property=\"og:availability\" content=\"instock\" \/>\n<meta property=\"product:availability\" content=\"instock\" \/>\n<meta property=\"product:retailer_item_id\" content=\"IF Gnistan \/ Text Crest \/ Navy \/ Narupussi\" \/>\n<meta property=\"product:condition\" content=\"new\" \/>\n<!-- \/ Yoast SEO Premium plugin. -->","yoast_head_json":{"title":"IF Gnistan - Text Crest, Narureppu | Fanmerch Finland","description":"IF Gnistan selk\u00e4reppu. Kaksi vetoketjullista taskua, sis\u00e4tasku l\u00e4pp\u00e4rille, s\u00e4\u00e4dett\u00e4v\u00e4t olkahihnat, kantolenkki ja hengitt\u00e4v\u00e4 pehmustettu takaosa","robots":{"index":"index","follow":"follow","max-snippet":"max-snippet:-1","max-image-preview":"max-image-preview:large","max-video-preview":"max-video-preview:-1"},"canonical":"https:\/\/fanmerch.fi\/en\/product\/if-gnistan-text-crest-narureppu\/","og_locale":"en_GB","og_type":"article","og_title":"Text Crest, Narureppu","og_description":"IF Gnistan selk\u00e4reppu. Kaksi vetoketjullista taskua, sis\u00e4tasku l\u00e4pp\u00e4rille, s\u00e4\u00e4dett\u00e4v\u00e4t olkahihnat, kantolenkki ja hengitt\u00e4v\u00e4 pehmustettu takaosa","og_url":"https:\/\/fanmerch.fi\/en\/product\/if-gnistan-text-crest-narureppu\/","og_site_name":"Fanmerch Finland","article_modified_time":"2025-01-07T19:29:26+00:00","og_image":[{"width":1695,"height":2200,"url":"https:\/\/fanmerch.fi\/wp-content\/uploads\/2024\/11\/if-gnistan-navy-gymbag.jpg","type":"image\/jpeg"}],"twitter_card":"summary_large_image","twitter_misc":{"Price":"12.00&euro;","Availability":"In stock"},"schema":{"@context":"https:\/\/schema.org","@graph":[{"@type":"WebPage","@id":"https:\/\/fanmerch.fi\/tuote\/if-gnistan-text-crest-narureppu\/","url":"https:\/\/fanmerch.fi\/tuote\/if-gnistan-text-crest-narureppu\/","name":"IF Gnistan - Text Crest, Narureppu | Fanmerch Finland","isPartOf":{"@id":"https:\/\/fanmerch.fi\/#website"},"primaryImageOfPage":{"@id":"https:\/\/fanmerch.fi\/tuote\/if-gnistan-text-crest-narureppu\/#primaryimage"},"image":{"@id":"https:\/\/fanmerch.fi\/tuote\/if-gnistan-text-crest-narureppu\/#primaryimage"},"thumbnailUrl":"https:\/\/fanmerch.fi\/wp-content\/uploads\/2024\/11\/if-gnistan-navy-gymbag.jpg","datePublished":"2024-11-23T22:36:37+00:00","dateModified":"2025-01-07T19:29:26+00:00","description":"IF Gnistan selk\u00e4reppu. Kaksi vetoketjullista taskua, sis\u00e4tasku l\u00e4pp\u00e4rille, s\u00e4\u00e4dett\u00e4v\u00e4t olkahihnat, kantolenkki ja hengitt\u00e4v\u00e4 pehmustettu takaosa","breadcrumb":{"@id":"https:\/\/fanmerch.fi\/tuote\/if-gnistan-text-crest-narureppu\/#breadcrumb"},"inLanguage":"en-GB","potentialAction":[{"@type":"ReadAction","target":["https:\/\/fanmerch.fi\/tuote\/if-gnistan-text-crest-narureppu\/"]}]},{"@type":"ImageObject","inLanguage":"en-GB","@id":"https:\/\/fanmerch.fi\/tuote\/if-gnistan-text-crest-narureppu\/#primaryimage","url":"https:\/\/fanmerch.fi\/wp-content\/uploads\/2024\/11\/if-gnistan-navy-gymbag.jpg","contentUrl":"https:\/\/fanmerch.fi\/wp-content\/uploads\/2024\/11\/if-gnistan-navy-gymbag.jpg","width":1695,"height":2200},{"@type":"BreadcrumbList","@id":"https:\/\/fanmerch.fi\/tuote\/if-gnistan-text-crest-narureppu\/#breadcrumb","itemListElement":[{"@type":"ListItem","position":1,"name":"Etusivu","item":"https:\/\/fanmerch.fi\/"},{"@type":"ListItem","position":2,"name":"Kauppa","item":"https:\/\/fanmerch.fi\/kauppa\/"},{"@type":"ListItem","position":3,"name":"Text Crest, Narureppu"}]},{"@type":"WebSite","@id":"https:\/\/fanmerch.fi\/#website","url":"https:\/\/fanmerch.fi\/","name":"Fanmerch Finland","description":"","potentialAction":[{"@type":"SearchAction","target":{"@type":"EntryPoint","urlTemplate":"https:\/\/fanmerch.fi\/?s={search_term_string}"},"query-input":{"@type":"PropertyValueSpecification","valueRequired":true,"valueName":"search_term_string"}}],"inLanguage":"en-GB"}]},"product_price_amount":"12.00","product_price_currency":"EUR","og_availability":"instock","product_availability":"instock","product_retailer_item_id":"IF Gnistan \/ Text Crest \/ Navy \/ Narupussi","product_condition":"new"},"_links":{"self":[{"href":"https:\/\/fanmerch.fi\/en\/wp-json\/wp\/v2\/product\/48139","targetHints":{"allow":["GET"]}}],"collection":[{"href":"https:\/\/fanmerch.fi\/en\/wp-json\/wp\/v2\/product"}],"about":[{"href":"https:\/\/fanmerch.fi\/en\/wp-json\/wp\/v2\/types\/product"}],"author":[{"embeddable":true,"href":"https:\/\/fanmerch.fi\/en\/wp-json\/wp\/v2\/users\/26"}],"version-history":[{"count":0,"href":"https:\/\/fanmerch.fi\/en\/wp-json\/wp\/v2\/product\/48139\/revisions"}],"wp:featuredmedia":[{"embeddable":true,"href":"https:\/\/fanmerch.fi\/en\/wp-json\/wp\/v2\/media\/48140"}],"wp:attachment":[{"href":"https:\/\/fanmerch.fi\/en\/wp-json\/wp\/v2\/media?parent=48139"}],"wp:term":[{"taxonomy":"product_brand","embeddable":true,"href":"https:\/\/fanmerch.fi\/en\/wp-json\/wp\/v2\/product_brand?post=48139"},{"taxonomy":"product_cat","embeddable":true,"href":"https:\/\/fanmerch.fi\/en\/wp-json\/wp\/v2\/product_cat?post=48139"},{"taxonomy":"product_tag","embeddable":true,"href":"https:\/\/fanmerch.fi\/en\/wp-json\/wp\/v2\/product_tag?post=48139"}],"curies":[{"name":"wp","href":"https:\/\/api.w.org\/{rel}","templated":true}]}}