{"id":48452,"date":"2024-11-27T14:20:31","date_gmt":"2024-11-27T11:20:31","guid":{"rendered":"https:\/\/fanmerch.fi\/?post_type=product&#038;p=48452"},"modified":"2026-01-30T13:31:30","modified_gmt":"2026-01-30T10:31:30","slug":"if-gnistan-sata-vuotta-kipinaa-kirja","status":"publish","type":"product","link":"https:\/\/fanmerch.fi\/en\/product\/if-gnistan-sata-vuotta-kipinaa-kirja\/","title":{"rendered":"Sata Vuotta Kipin\u00e4\u00e4 \u2013 Book"},"content":{"rendered":"","protected":false},"excerpt":{"rendered":"<p>IF Gnistan 100th Anniversary Book. The book is written in both Finnish and Swedish.<\/p>","protected":false},"author":30,"featured_media":48453,"template":"","meta":[],"product_brand":[],"product_cat":[214],"product_tag":[215,136,25],"class_list":{"0":"post-48452","1":"product","2":"type-product","3":"status-publish","4":"has-post-thumbnail","6":"product_cat-if-gnistan","7":"product_tag-if-gnistan","8":"product_tag-kaikki","9":"product_tag-muut","11":"first","12":"instock","13":"sale","14":"taxable","15":"shipping-taxable","16":"purchasable","17":"product-type-simple"},"yoast_head":"<!-- This site is optimized with the Yoast SEO Premium plugin v26.9 (Yoast SEO v27.4) - https:\/\/yoast.com\/product\/yoast-seo-premium-wordpress\/ -->\n<title>IF Gnistan | Sata Vuotta Kipin\u00e4\u00e4 - Kirja | Fanmerch Finland<\/title>\n<meta name=\"robots\" content=\"index, follow, max-snippet:-1, max-image-preview:large, max-video-preview:-1\" \/>\n<link rel=\"canonical\" href=\"https:\/\/fanmerch.fi\/en\/product\/if-gnistan-sata-vuotta-kipinaa-kirja\/\" \/>\n<meta property=\"og:locale\" content=\"en_GB\" \/>\n<meta property=\"og:type\" content=\"article\" \/>\n<meta property=\"og:title\" content=\"Sata Vuotta Kipin\u00e4\u00e4 - Kirja\" \/>\n<meta property=\"og:description\" content=\"IF Gnistanin 100-vuotisjuhlakirja. Kirja on kirjoitettu sek\u00e4 suomeksi ett\u00e4 ruotsiksi.\" \/>\n<meta property=\"og:url\" content=\"https:\/\/fanmerch.fi\/en\/product\/if-gnistan-sata-vuotta-kipinaa-kirja\/\" \/>\n<meta property=\"og:site_name\" content=\"Fanmerch Finland\" \/>\n<meta property=\"article:modified_time\" content=\"2026-01-30T10:31:30+00:00\" \/>\n<meta property=\"og:image\" content=\"https:\/\/fanmerch.fi\/wp-content\/uploads\/2024\/11\/if-gnistan-sata-vuotta-kipinaa-kirja.jpg\" \/>\n\t<meta property=\"og:image:width\" content=\"1695\" \/>\n\t<meta property=\"og:image:height\" content=\"2200\" \/>\n\t<meta property=\"og:image:type\" content=\"image\/jpeg\" \/>\n<meta name=\"twitter:card\" content=\"summary_large_image\" \/>\n<meta name=\"twitter:label1\" content=\"Price\" \/>\n\t<meta name=\"twitter:data1\" content=\"29.00&euro;\" \/>\n\t<meta name=\"twitter:label2\" content=\"Availability\" \/>\n\t<meta name=\"twitter:data2\" content=\"In stock\" \/>\n<script type=\"application\/ld+json\" class=\"yoast-schema-graph\">{\"@context\":\"https:\\\/\\\/schema.org\",\"@graph\":[{\"@type\":\"WebPage\",\"@id\":\"https:\\\/\\\/fanmerch.fi\\\/tuote\\\/if-gnistan-sata-vuotta-kipinaa-kirja\\\/\",\"url\":\"https:\\\/\\\/fanmerch.fi\\\/tuote\\\/if-gnistan-sata-vuotta-kipinaa-kirja\\\/\",\"name\":\"IF Gnistan | Sata Vuotta Kipin\u00e4\u00e4 - Kirja | Fanmerch Finland\",\"isPartOf\":{\"@id\":\"https:\\\/\\\/fanmerch.fi\\\/#website\"},\"primaryImageOfPage\":{\"@id\":\"https:\\\/\\\/fanmerch.fi\\\/tuote\\\/if-gnistan-sata-vuotta-kipinaa-kirja\\\/#primaryimage\"},\"image\":{\"@id\":\"https:\\\/\\\/fanmerch.fi\\\/tuote\\\/if-gnistan-sata-vuotta-kipinaa-kirja\\\/#primaryimage\"},\"thumbnailUrl\":\"https:\\\/\\\/fanmerch.fi\\\/wp-content\\\/uploads\\\/2024\\\/11\\\/if-gnistan-sata-vuotta-kipinaa-kirja.jpg\",\"datePublished\":\"2024-11-27T11:20:31+00:00\",\"dateModified\":\"2026-01-30T10:31:30+00:00\",\"breadcrumb\":{\"@id\":\"https:\\\/\\\/fanmerch.fi\\\/tuote\\\/if-gnistan-sata-vuotta-kipinaa-kirja\\\/#breadcrumb\"},\"inLanguage\":\"en-GB\",\"potentialAction\":[{\"@type\":\"ReadAction\",\"target\":[\"https:\\\/\\\/fanmerch.fi\\\/tuote\\\/if-gnistan-sata-vuotta-kipinaa-kirja\\\/\"]}]},{\"@type\":\"ImageObject\",\"inLanguage\":\"en-GB\",\"@id\":\"https:\\\/\\\/fanmerch.fi\\\/tuote\\\/if-gnistan-sata-vuotta-kipinaa-kirja\\\/#primaryimage\",\"url\":\"https:\\\/\\\/fanmerch.fi\\\/wp-content\\\/uploads\\\/2024\\\/11\\\/if-gnistan-sata-vuotta-kipinaa-kirja.jpg\",\"contentUrl\":\"https:\\\/\\\/fanmerch.fi\\\/wp-content\\\/uploads\\\/2024\\\/11\\\/if-gnistan-sata-vuotta-kipinaa-kirja.jpg\",\"width\":1695,\"height\":2200},{\"@type\":\"BreadcrumbList\",\"@id\":\"https:\\\/\\\/fanmerch.fi\\\/tuote\\\/if-gnistan-sata-vuotta-kipinaa-kirja\\\/#breadcrumb\",\"itemListElement\":[{\"@type\":\"ListItem\",\"position\":1,\"name\":\"Etusivu\",\"item\":\"https:\\\/\\\/fanmerch.fi\\\/\"},{\"@type\":\"ListItem\",\"position\":2,\"name\":\"Kauppa\",\"item\":\"https:\\\/\\\/fanmerch.fi\\\/kauppa\\\/\"},{\"@type\":\"ListItem\",\"position\":3,\"name\":\"Sata Vuotta Kipin\u00e4\u00e4 &#8211; Kirja\"}]},{\"@type\":\"WebSite\",\"@id\":\"https:\\\/\\\/fanmerch.fi\\\/#website\",\"url\":\"https:\\\/\\\/fanmerch.fi\\\/\",\"name\":\"Fanmerch Finland\",\"description\":\"\",\"potentialAction\":[{\"@type\":\"SearchAction\",\"target\":{\"@type\":\"EntryPoint\",\"urlTemplate\":\"https:\\\/\\\/fanmerch.fi\\\/?s={search_term_string}\"},\"query-input\":{\"@type\":\"PropertyValueSpecification\",\"valueRequired\":true,\"valueName\":\"search_term_string\"}}],\"inLanguage\":\"en-GB\"}]}<\/script>\n<meta property=\"product:price:amount\" content=\"29.00\" \/>\n<meta property=\"product:price:currency\" content=\"EUR\" \/>\n<meta property=\"og:availability\" content=\"instock\" \/>\n<meta property=\"product:availability\" content=\"instock\" \/>\n<meta property=\"product:retailer_item_id\" content=\"IF Gnistan \/ Sata Vuotta Kipin\u00e4\u00e4 \/ Kirja\" \/>\n<meta property=\"product:condition\" content=\"new\" \/>\n<!-- \/ Yoast SEO Premium plugin. -->","yoast_head_json":{"title":"IF Gnistan | Sata Vuotta Kipin\u00e4\u00e4 - Kirja | Fanmerch Finland","robots":{"index":"index","follow":"follow","max-snippet":"max-snippet:-1","max-image-preview":"max-image-preview:large","max-video-preview":"max-video-preview:-1"},"canonical":"https:\/\/fanmerch.fi\/en\/product\/if-gnistan-sata-vuotta-kipinaa-kirja\/","og_locale":"en_GB","og_type":"article","og_title":"Sata Vuotta Kipin\u00e4\u00e4 - Kirja","og_description":"IF Gnistanin 100-vuotisjuhlakirja. Kirja on kirjoitettu sek\u00e4 suomeksi ett\u00e4 ruotsiksi.","og_url":"https:\/\/fanmerch.fi\/en\/product\/if-gnistan-sata-vuotta-kipinaa-kirja\/","og_site_name":"Fanmerch Finland","article_modified_time":"2026-01-30T10:31:30+00:00","og_image":[{"width":1695,"height":2200,"url":"https:\/\/fanmerch.fi\/wp-content\/uploads\/2024\/11\/if-gnistan-sata-vuotta-kipinaa-kirja.jpg","type":"image\/jpeg"}],"twitter_card":"summary_large_image","twitter_misc":{"Price":"29.00&euro;","Availability":"In stock"},"schema":{"@context":"https:\/\/schema.org","@graph":[{"@type":"WebPage","@id":"https:\/\/fanmerch.fi\/tuote\/if-gnistan-sata-vuotta-kipinaa-kirja\/","url":"https:\/\/fanmerch.fi\/tuote\/if-gnistan-sata-vuotta-kipinaa-kirja\/","name":"IF Gnistan | Sata Vuotta Kipin\u00e4\u00e4 - Kirja | Fanmerch Finland","isPartOf":{"@id":"https:\/\/fanmerch.fi\/#website"},"primaryImageOfPage":{"@id":"https:\/\/fanmerch.fi\/tuote\/if-gnistan-sata-vuotta-kipinaa-kirja\/#primaryimage"},"image":{"@id":"https:\/\/fanmerch.fi\/tuote\/if-gnistan-sata-vuotta-kipinaa-kirja\/#primaryimage"},"thumbnailUrl":"https:\/\/fanmerch.fi\/wp-content\/uploads\/2024\/11\/if-gnistan-sata-vuotta-kipinaa-kirja.jpg","datePublished":"2024-11-27T11:20:31+00:00","dateModified":"2026-01-30T10:31:30+00:00","breadcrumb":{"@id":"https:\/\/fanmerch.fi\/tuote\/if-gnistan-sata-vuotta-kipinaa-kirja\/#breadcrumb"},"inLanguage":"en-GB","potentialAction":[{"@type":"ReadAction","target":["https:\/\/fanmerch.fi\/tuote\/if-gnistan-sata-vuotta-kipinaa-kirja\/"]}]},{"@type":"ImageObject","inLanguage":"en-GB","@id":"https:\/\/fanmerch.fi\/tuote\/if-gnistan-sata-vuotta-kipinaa-kirja\/#primaryimage","url":"https:\/\/fanmerch.fi\/wp-content\/uploads\/2024\/11\/if-gnistan-sata-vuotta-kipinaa-kirja.jpg","contentUrl":"https:\/\/fanmerch.fi\/wp-content\/uploads\/2024\/11\/if-gnistan-sata-vuotta-kipinaa-kirja.jpg","width":1695,"height":2200},{"@type":"BreadcrumbList","@id":"https:\/\/fanmerch.fi\/tuote\/if-gnistan-sata-vuotta-kipinaa-kirja\/#breadcrumb","itemListElement":[{"@type":"ListItem","position":1,"name":"Etusivu","item":"https:\/\/fanmerch.fi\/"},{"@type":"ListItem","position":2,"name":"Kauppa","item":"https:\/\/fanmerch.fi\/kauppa\/"},{"@type":"ListItem","position":3,"name":"Sata Vuotta Kipin\u00e4\u00e4 &#8211; Kirja"}]},{"@type":"WebSite","@id":"https:\/\/fanmerch.fi\/#website","url":"https:\/\/fanmerch.fi\/","name":"Fanmerch Finland","description":"","potentialAction":[{"@type":"SearchAction","target":{"@type":"EntryPoint","urlTemplate":"https:\/\/fanmerch.fi\/?s={search_term_string}"},"query-input":{"@type":"PropertyValueSpecification","valueRequired":true,"valueName":"search_term_string"}}],"inLanguage":"en-GB"}]},"product_price_amount":"29.00","product_price_currency":"EUR","og_availability":"instock","product_availability":"instock","product_retailer_item_id":"IF Gnistan \/ Sata Vuotta Kipin\u00e4\u00e4 \/ Kirja","product_condition":"new"},"_links":{"self":[{"href":"https:\/\/fanmerch.fi\/en\/wp-json\/wp\/v2\/product\/48452","targetHints":{"allow":["GET"]}}],"collection":[{"href":"https:\/\/fanmerch.fi\/en\/wp-json\/wp\/v2\/product"}],"about":[{"href":"https:\/\/fanmerch.fi\/en\/wp-json\/wp\/v2\/types\/product"}],"author":[{"embeddable":true,"href":"https:\/\/fanmerch.fi\/en\/wp-json\/wp\/v2\/users\/30"}],"version-history":[{"count":0,"href":"https:\/\/fanmerch.fi\/en\/wp-json\/wp\/v2\/product\/48452\/revisions"}],"wp:featuredmedia":[{"embeddable":true,"href":"https:\/\/fanmerch.fi\/en\/wp-json\/wp\/v2\/media\/48453"}],"wp:attachment":[{"href":"https:\/\/fanmerch.fi\/en\/wp-json\/wp\/v2\/media?parent=48452"}],"wp:term":[{"taxonomy":"product_brand","embeddable":true,"href":"https:\/\/fanmerch.fi\/en\/wp-json\/wp\/v2\/product_brand?post=48452"},{"taxonomy":"product_cat","embeddable":true,"href":"https:\/\/fanmerch.fi\/en\/wp-json\/wp\/v2\/product_cat?post=48452"},{"taxonomy":"product_tag","embeddable":true,"href":"https:\/\/fanmerch.fi\/en\/wp-json\/wp\/v2\/product_tag?post=48452"}],"curies":[{"name":"wp","href":"https:\/\/api.w.org\/{rel}","templated":true}]}}