{"id":48977,"date":"2024-12-09T15:05:27","date_gmt":"2024-12-09T12:05:27","guid":{"rendered":"https:\/\/fanmerch.fi\/?post_type=product&#038;p=48977"},"modified":"2026-03-13T07:56:59","modified_gmt":"2026-03-13T04:56:59","slug":"kipina-ei-sammu-kaulahuivi","status":"publish","type":"product","link":"https:\/\/fanmerch.fi\/en\/product\/kipina-ei-sammu-kaulahuivi\/","title":{"rendered":"Kipin\u00e4 Ei Sammu, Scarf"},"content":{"rendered":"","protected":false},"excerpt":{"rendered":"<p class=\"ai-optimize-21\">A 130cm x 19cm IF Gnistan \"Kipin\u00e4 Ei Sammu\" scarf made from warm material.<\/p>\n<ul>\n<li class=\"ai-optimize-22\">\n<h5 class=\"ai-optimize-23\">Delivery time: 3-5 business days.<\/h5>\n<\/li>\n<li class=\"ai-optimize-24\">\n<h5 class=\"ai-optimize-25\"><strong>100% Acrylic<\/strong><\/h5>\n<\/li>\n<\/ul>","protected":false},"author":30,"featured_media":48978,"template":"","meta":[],"product_brand":[],"product_cat":[214],"product_tag":[215,136,25],"class_list":{"0":"post-48977","1":"product","2":"type-product","3":"status-publish","4":"has-post-thumbnail","6":"product_cat-if-gnistan","7":"product_tag-if-gnistan","8":"product_tag-kaikki","9":"product_tag-muut","11":"first","12":"instock","13":"taxable","14":"shipping-taxable","15":"purchasable","16":"product-type-simple"},"yoast_head":"<!-- This site is optimized with the Yoast SEO Premium plugin v26.9 (Yoast SEO v27.4) - https:\/\/yoast.com\/product\/yoast-seo-premium-wordpress\/ -->\n<title>IF Gnistan | Kipin\u00e4 Ei Sammu, Kaulahuivi | Fanmerch Finland<\/title>\n<meta name=\"robots\" content=\"index, follow, max-snippet:-1, max-image-preview:large, max-video-preview:-1\" \/>\n<link rel=\"canonical\" href=\"https:\/\/fanmerch.fi\/en\/product\/kipina-ei-sammu-kaulahuivi\/\" \/>\n<meta property=\"og:locale\" content=\"en_GB\" \/>\n<meta property=\"og:type\" content=\"article\" \/>\n<meta property=\"og:title\" content=\"Kipin\u00e4 Ei Sammu, Kaulahuivi\" \/>\n<meta property=\"og:description\" content=\"L\u00e4mpim\u00e4st\u00e4 materiaalista valmistettu 130cm X 19cm IF Gnistan &quot;Kipin\u00e4 Ei Sammu&quot; kaulahuivi.     Toimitusaika: 3-5 arkip\u00e4iv\u00e4\u00e4    100% Akryyli\" \/>\n<meta property=\"og:url\" content=\"https:\/\/fanmerch.fi\/en\/product\/kipina-ei-sammu-kaulahuivi\/\" \/>\n<meta property=\"og:site_name\" content=\"Fanmerch Finland\" \/>\n<meta property=\"article:modified_time\" content=\"2026-03-13T04:56:59+00:00\" \/>\n<meta property=\"og:image\" content=\"https:\/\/fanmerch.fi\/wp-content\/uploads\/2024\/12\/if-gnista-kaulahuivi-130cmx19cm-flat.jpg\" \/>\n\t<meta property=\"og:image:width\" content=\"1695\" \/>\n\t<meta property=\"og:image:height\" content=\"2200\" \/>\n\t<meta property=\"og:image:type\" content=\"image\/jpeg\" \/>\n<meta name=\"twitter:card\" content=\"summary_large_image\" \/>\n<meta name=\"twitter:label1\" content=\"Price\" \/>\n\t<meta name=\"twitter:data1\" content=\"25.00&euro;\" \/>\n\t<meta name=\"twitter:label2\" content=\"Availability\" \/>\n\t<meta name=\"twitter:data2\" content=\"In stock\" \/>\n<script type=\"application\/ld+json\" class=\"yoast-schema-graph\">{\"@context\":\"https:\\\/\\\/schema.org\",\"@graph\":[{\"@type\":\"WebPage\",\"@id\":\"https:\\\/\\\/fanmerch.fi\\\/tuote\\\/kipina-ei-sammu-kaulahuivi\\\/\",\"url\":\"https:\\\/\\\/fanmerch.fi\\\/tuote\\\/kipina-ei-sammu-kaulahuivi\\\/\",\"name\":\"IF Gnistan | Kipin\u00e4 Ei Sammu, Kaulahuivi | Fanmerch Finland\",\"isPartOf\":{\"@id\":\"https:\\\/\\\/fanmerch.fi\\\/#website\"},\"primaryImageOfPage\":{\"@id\":\"https:\\\/\\\/fanmerch.fi\\\/tuote\\\/kipina-ei-sammu-kaulahuivi\\\/#primaryimage\"},\"image\":{\"@id\":\"https:\\\/\\\/fanmerch.fi\\\/tuote\\\/kipina-ei-sammu-kaulahuivi\\\/#primaryimage\"},\"thumbnailUrl\":\"https:\\\/\\\/fanmerch.fi\\\/wp-content\\\/uploads\\\/2024\\\/12\\\/if-gnista-kaulahuivi-130cmx19cm-flat.jpg\",\"datePublished\":\"2024-12-09T12:05:27+00:00\",\"dateModified\":\"2026-03-13T04:56:59+00:00\",\"breadcrumb\":{\"@id\":\"https:\\\/\\\/fanmerch.fi\\\/tuote\\\/kipina-ei-sammu-kaulahuivi\\\/#breadcrumb\"},\"inLanguage\":\"en-GB\",\"potentialAction\":[{\"@type\":\"ReadAction\",\"target\":[\"https:\\\/\\\/fanmerch.fi\\\/tuote\\\/kipina-ei-sammu-kaulahuivi\\\/\"]}]},{\"@type\":\"ImageObject\",\"inLanguage\":\"en-GB\",\"@id\":\"https:\\\/\\\/fanmerch.fi\\\/tuote\\\/kipina-ei-sammu-kaulahuivi\\\/#primaryimage\",\"url\":\"https:\\\/\\\/fanmerch.fi\\\/wp-content\\\/uploads\\\/2024\\\/12\\\/if-gnista-kaulahuivi-130cmx19cm-flat.jpg\",\"contentUrl\":\"https:\\\/\\\/fanmerch.fi\\\/wp-content\\\/uploads\\\/2024\\\/12\\\/if-gnista-kaulahuivi-130cmx19cm-flat.jpg\",\"width\":1695,\"height\":2200},{\"@type\":\"BreadcrumbList\",\"@id\":\"https:\\\/\\\/fanmerch.fi\\\/tuote\\\/kipina-ei-sammu-kaulahuivi\\\/#breadcrumb\",\"itemListElement\":[{\"@type\":\"ListItem\",\"position\":1,\"name\":\"Etusivu\",\"item\":\"https:\\\/\\\/fanmerch.fi\\\/\"},{\"@type\":\"ListItem\",\"position\":2,\"name\":\"Kauppa\",\"item\":\"https:\\\/\\\/fanmerch.fi\\\/kauppa\\\/\"},{\"@type\":\"ListItem\",\"position\":3,\"name\":\"Kipin\u00e4 Ei Sammu, Kaulahuivi\"}]},{\"@type\":\"WebSite\",\"@id\":\"https:\\\/\\\/fanmerch.fi\\\/#website\",\"url\":\"https:\\\/\\\/fanmerch.fi\\\/\",\"name\":\"Fanmerch Finland\",\"description\":\"\",\"potentialAction\":[{\"@type\":\"SearchAction\",\"target\":{\"@type\":\"EntryPoint\",\"urlTemplate\":\"https:\\\/\\\/fanmerch.fi\\\/?s={search_term_string}\"},\"query-input\":{\"@type\":\"PropertyValueSpecification\",\"valueRequired\":true,\"valueName\":\"search_term_string\"}}],\"inLanguage\":\"en-GB\"}]}<\/script>\n<meta property=\"product:price:amount\" content=\"25.00\" \/>\n<meta property=\"product:price:currency\" content=\"EUR\" \/>\n<meta property=\"og:availability\" content=\"instock\" \/>\n<meta property=\"product:availability\" content=\"instock\" \/>\n<meta property=\"product:retailer_item_id\" content=\"IF Gnistan \/ Kipin\u00e4 Ei Sammu \/ Kaulahuivi\" \/>\n<meta property=\"product:condition\" content=\"new\" \/>\n<!-- \/ Yoast SEO Premium plugin. -->","yoast_head_json":{"title":"IF Gnistan | Kipin\u00e4 Ei Sammu, Kaulahuivi | Fanmerch Finland","robots":{"index":"index","follow":"follow","max-snippet":"max-snippet:-1","max-image-preview":"max-image-preview:large","max-video-preview":"max-video-preview:-1"},"canonical":"https:\/\/fanmerch.fi\/en\/product\/kipina-ei-sammu-kaulahuivi\/","og_locale":"en_GB","og_type":"article","og_title":"Kipin\u00e4 Ei Sammu, Kaulahuivi","og_description":"L\u00e4mpim\u00e4st\u00e4 materiaalista valmistettu 130cm X 19cm IF Gnistan \"Kipin\u00e4 Ei Sammu\" kaulahuivi.     Toimitusaika: 3-5 arkip\u00e4iv\u00e4\u00e4    100% Akryyli","og_url":"https:\/\/fanmerch.fi\/en\/product\/kipina-ei-sammu-kaulahuivi\/","og_site_name":"Fanmerch Finland","article_modified_time":"2026-03-13T04:56:59+00:00","og_image":[{"width":1695,"height":2200,"url":"https:\/\/fanmerch.fi\/wp-content\/uploads\/2024\/12\/if-gnista-kaulahuivi-130cmx19cm-flat.jpg","type":"image\/jpeg"}],"twitter_card":"summary_large_image","twitter_misc":{"Price":"25.00&euro;","Availability":"In stock"},"schema":{"@context":"https:\/\/schema.org","@graph":[{"@type":"WebPage","@id":"https:\/\/fanmerch.fi\/tuote\/kipina-ei-sammu-kaulahuivi\/","url":"https:\/\/fanmerch.fi\/tuote\/kipina-ei-sammu-kaulahuivi\/","name":"IF Gnistan | Kipin\u00e4 Ei Sammu, Kaulahuivi | Fanmerch Finland","isPartOf":{"@id":"https:\/\/fanmerch.fi\/#website"},"primaryImageOfPage":{"@id":"https:\/\/fanmerch.fi\/tuote\/kipina-ei-sammu-kaulahuivi\/#primaryimage"},"image":{"@id":"https:\/\/fanmerch.fi\/tuote\/kipina-ei-sammu-kaulahuivi\/#primaryimage"},"thumbnailUrl":"https:\/\/fanmerch.fi\/wp-content\/uploads\/2024\/12\/if-gnista-kaulahuivi-130cmx19cm-flat.jpg","datePublished":"2024-12-09T12:05:27+00:00","dateModified":"2026-03-13T04:56:59+00:00","breadcrumb":{"@id":"https:\/\/fanmerch.fi\/tuote\/kipina-ei-sammu-kaulahuivi\/#breadcrumb"},"inLanguage":"en-GB","potentialAction":[{"@type":"ReadAction","target":["https:\/\/fanmerch.fi\/tuote\/kipina-ei-sammu-kaulahuivi\/"]}]},{"@type":"ImageObject","inLanguage":"en-GB","@id":"https:\/\/fanmerch.fi\/tuote\/kipina-ei-sammu-kaulahuivi\/#primaryimage","url":"https:\/\/fanmerch.fi\/wp-content\/uploads\/2024\/12\/if-gnista-kaulahuivi-130cmx19cm-flat.jpg","contentUrl":"https:\/\/fanmerch.fi\/wp-content\/uploads\/2024\/12\/if-gnista-kaulahuivi-130cmx19cm-flat.jpg","width":1695,"height":2200},{"@type":"BreadcrumbList","@id":"https:\/\/fanmerch.fi\/tuote\/kipina-ei-sammu-kaulahuivi\/#breadcrumb","itemListElement":[{"@type":"ListItem","position":1,"name":"Etusivu","item":"https:\/\/fanmerch.fi\/"},{"@type":"ListItem","position":2,"name":"Kauppa","item":"https:\/\/fanmerch.fi\/kauppa\/"},{"@type":"ListItem","position":3,"name":"Kipin\u00e4 Ei Sammu, Kaulahuivi"}]},{"@type":"WebSite","@id":"https:\/\/fanmerch.fi\/#website","url":"https:\/\/fanmerch.fi\/","name":"Fanmerch Finland","description":"","potentialAction":[{"@type":"SearchAction","target":{"@type":"EntryPoint","urlTemplate":"https:\/\/fanmerch.fi\/?s={search_term_string}"},"query-input":{"@type":"PropertyValueSpecification","valueRequired":true,"valueName":"search_term_string"}}],"inLanguage":"en-GB"}]},"product_price_amount":"25.00","product_price_currency":"EUR","og_availability":"instock","product_availability":"instock","product_retailer_item_id":"IF Gnistan \/ Kipin\u00e4 Ei Sammu \/ Kaulahuivi","product_condition":"new"},"_links":{"self":[{"href":"https:\/\/fanmerch.fi\/en\/wp-json\/wp\/v2\/product\/48977","targetHints":{"allow":["GET"]}}],"collection":[{"href":"https:\/\/fanmerch.fi\/en\/wp-json\/wp\/v2\/product"}],"about":[{"href":"https:\/\/fanmerch.fi\/en\/wp-json\/wp\/v2\/types\/product"}],"author":[{"embeddable":true,"href":"https:\/\/fanmerch.fi\/en\/wp-json\/wp\/v2\/users\/30"}],"version-history":[{"count":1,"href":"https:\/\/fanmerch.fi\/en\/wp-json\/wp\/v2\/product\/48977\/revisions"}],"predecessor-version":[{"id":52338,"href":"https:\/\/fanmerch.fi\/en\/wp-json\/wp\/v2\/product\/48977\/revisions\/52338"}],"wp:featuredmedia":[{"embeddable":true,"href":"https:\/\/fanmerch.fi\/en\/wp-json\/wp\/v2\/media\/48978"}],"wp:attachment":[{"href":"https:\/\/fanmerch.fi\/en\/wp-json\/wp\/v2\/media?parent=48977"}],"wp:term":[{"taxonomy":"product_brand","embeddable":true,"href":"https:\/\/fanmerch.fi\/en\/wp-json\/wp\/v2\/product_brand?post=48977"},{"taxonomy":"product_cat","embeddable":true,"href":"https:\/\/fanmerch.fi\/en\/wp-json\/wp\/v2\/product_cat?post=48977"},{"taxonomy":"product_tag","embeddable":true,"href":"https:\/\/fanmerch.fi\/en\/wp-json\/wp\/v2\/product_tag?post=48977"}],"curies":[{"name":"wp","href":"https:\/\/api.w.org\/{rel}","templated":true}]}}