{"id":49423,"date":"2025-01-08T17:20:25","date_gmt":"2025-01-08T14:20:25","guid":{"rendered":"https:\/\/fanmerch.fi\/?post_type=product&#038;p=49423"},"modified":"2025-05-30T13:50:26","modified_gmt":"2025-05-30T10:50:26","slug":"if-gnistan-kotipelipaita-2024","status":"publish","type":"product","link":"https:\/\/fanmerch.fi\/en\/product\/if-gnistan-kotipelipaita-2024\/","title":{"rendered":"IF Gnistan, Kotipelipaita 2024"},"content":{"rendered":"","protected":false},"excerpt":{"rendered":"<p>IF Gnistanin kauden 2024 kotipelipaita yhdist\u00e4\u00e4 tyylin ja toimivuuden. Hengitt\u00e4v\u00e4 ja kevyt materiaali takaa mukavuuden niin kent\u00e4ll\u00e4 kuin katsomossakin. Keltasininen v\u00e4ritys heijastaa seuran perinteit\u00e4 ja historiaa. Paita on eritt\u00e4in korkealaatuinen ja huolellisesti viimeistelty.<\/p>\n<p><strong>Lis\u00e4\u00e4th\u00e4n haluamasi oman nimen ja pelinumeron alla oleviin kenttiin, kiitos.<\/strong><\/p>\n<ul>\n<li>\n<h5>Printed product, delivery time 5-10 business days<\/h5>\n<\/li>\n<\/ul>","protected":false},"author":30,"featured_media":49429,"template":"","meta":[],"product_brand":[],"product_cat":[214],"product_tag":[215,136],"class_list":{"0":"post-49423","1":"product","2":"type-product","3":"status-publish","4":"has-post-thumbnail","6":"product_cat-if-gnistan","7":"product_tag-if-gnistan","8":"product_tag-kaikki","10":"first","11":"outofstock","12":"taxable","13":"shipping-taxable","14":"product-type-variable"},"yoast_head":"<!-- This site is optimized with the Yoast SEO Premium plugin v26.9 (Yoast SEO v27.4) - https:\/\/yoast.com\/product\/yoast-seo-premium-wordpress\/ -->\n<title>IF Gnistan, Kotipelipaita 2024 | Fanmerch Finland<\/title>\n<meta name=\"robots\" content=\"index, follow, max-snippet:-1, max-image-preview:large, max-video-preview:-1\" \/>\n<link rel=\"canonical\" href=\"https:\/\/fanmerch.fi\/en\/product\/if-gnistan-kotipelipaita-2024\/\" \/>\n<meta property=\"og:locale\" content=\"en_GB\" \/>\n<meta property=\"og:type\" content=\"article\" \/>\n<meta property=\"og:title\" content=\"IF Gnistan, Kotipelipaita 2024\" \/>\n<meta property=\"og:description\" content=\"IF Gnistanin kauden 2024 kotipelipaita yhdist\u00e4\u00e4 tyylin ja toimivuuden. Hengitt\u00e4v\u00e4 ja kevyt materiaali takaa mukavuuden niin kent\u00e4ll\u00e4 kuin katsomossakin. Keltasininen v\u00e4ritys heijastaa seuran perinteit\u00e4 ja historiaa. Paita on eritt\u00e4in korkealaatuinen ja huolellisesti viimeistelty.  Lis\u00e4\u00e4th\u00e4n haluamasi oman nimen ja pelinumeron alla oleviin kenttiin, kiitos.    Painotuote, toimitusaika 5-10 arkip\u00e4iv\u00e4\u00e4\" \/>\n<meta property=\"og:url\" content=\"https:\/\/fanmerch.fi\/en\/product\/if-gnistan-kotipelipaita-2024\/\" \/>\n<meta property=\"og:site_name\" content=\"Fanmerch Finland\" \/>\n<meta property=\"article:modified_time\" content=\"2025-05-30T10:50:26+00:00\" \/>\n<meta property=\"og:image\" content=\"https:\/\/fanmerch.fi\/wp-content\/uploads\/2025\/01\/if-gnistan-pelipaita-joakim-latonen.jpg\" \/>\n\t<meta property=\"og:image:width\" content=\"1695\" \/>\n\t<meta property=\"og:image:height\" content=\"2200\" \/>\n\t<meta property=\"og:image:type\" content=\"image\/jpeg\" \/>\n<meta name=\"twitter:card\" content=\"summary_large_image\" \/>\n<meta name=\"twitter:label1\" content=\"Availability\" \/>\n\t<meta name=\"twitter:data1\" content=\"Out of stock\" \/>\n<script type=\"application\/ld+json\" class=\"yoast-schema-graph\">{\"@context\":\"https:\\\/\\\/schema.org\",\"@graph\":[{\"@type\":\"WebPage\",\"@id\":\"https:\\\/\\\/fanmerch.fi\\\/tuote\\\/if-gnistan-kotipelipaita-2024\\\/\",\"url\":\"https:\\\/\\\/fanmerch.fi\\\/tuote\\\/if-gnistan-kotipelipaita-2024\\\/\",\"name\":\"IF Gnistan, Kotipelipaita 2024 | Fanmerch Finland\",\"isPartOf\":{\"@id\":\"https:\\\/\\\/fanmerch.fi\\\/#website\"},\"primaryImageOfPage\":{\"@id\":\"https:\\\/\\\/fanmerch.fi\\\/tuote\\\/if-gnistan-kotipelipaita-2024\\\/#primaryimage\"},\"image\":{\"@id\":\"https:\\\/\\\/fanmerch.fi\\\/tuote\\\/if-gnistan-kotipelipaita-2024\\\/#primaryimage\"},\"thumbnailUrl\":\"https:\\\/\\\/fanmerch.fi\\\/wp-content\\\/uploads\\\/2025\\\/01\\\/if-gnistan-pelipaita-joakim-latonen.jpg\",\"datePublished\":\"2025-01-08T14:20:25+00:00\",\"dateModified\":\"2025-05-30T10:50:26+00:00\",\"breadcrumb\":{\"@id\":\"https:\\\/\\\/fanmerch.fi\\\/tuote\\\/if-gnistan-kotipelipaita-2024\\\/#breadcrumb\"},\"inLanguage\":\"en-GB\",\"potentialAction\":[{\"@type\":\"ReadAction\",\"target\":[\"https:\\\/\\\/fanmerch.fi\\\/tuote\\\/if-gnistan-kotipelipaita-2024\\\/\"]}]},{\"@type\":\"ImageObject\",\"inLanguage\":\"en-GB\",\"@id\":\"https:\\\/\\\/fanmerch.fi\\\/tuote\\\/if-gnistan-kotipelipaita-2024\\\/#primaryimage\",\"url\":\"https:\\\/\\\/fanmerch.fi\\\/wp-content\\\/uploads\\\/2025\\\/01\\\/if-gnistan-pelipaita-joakim-latonen.jpg\",\"contentUrl\":\"https:\\\/\\\/fanmerch.fi\\\/wp-content\\\/uploads\\\/2025\\\/01\\\/if-gnistan-pelipaita-joakim-latonen.jpg\",\"width\":1695,\"height\":2200},{\"@type\":\"BreadcrumbList\",\"@id\":\"https:\\\/\\\/fanmerch.fi\\\/tuote\\\/if-gnistan-kotipelipaita-2024\\\/#breadcrumb\",\"itemListElement\":[{\"@type\":\"ListItem\",\"position\":1,\"name\":\"Etusivu\",\"item\":\"https:\\\/\\\/fanmerch.fi\\\/\"},{\"@type\":\"ListItem\",\"position\":2,\"name\":\"Kauppa\",\"item\":\"https:\\\/\\\/fanmerch.fi\\\/kauppa\\\/\"},{\"@type\":\"ListItem\",\"position\":3,\"name\":\"IF Gnistan, Kotipelipaita 2024\"}]},{\"@type\":\"WebSite\",\"@id\":\"https:\\\/\\\/fanmerch.fi\\\/#website\",\"url\":\"https:\\\/\\\/fanmerch.fi\\\/\",\"name\":\"Fanmerch Finland\",\"description\":\"\",\"potentialAction\":[{\"@type\":\"SearchAction\",\"target\":{\"@type\":\"EntryPoint\",\"urlTemplate\":\"https:\\\/\\\/fanmerch.fi\\\/?s={search_term_string}\"},\"query-input\":{\"@type\":\"PropertyValueSpecification\",\"valueRequired\":true,\"valueName\":\"search_term_string\"}}],\"inLanguage\":\"en-GB\"}]}<\/script>\n<meta property=\"og:availability\" content=\"out of stock\" \/>\n<meta property=\"product:availability\" content=\"out of stock\" \/>\n<meta property=\"product:retailer_item_id\" content=\"IF Gnistan \/ Kotipelipaita \/ keltasininen\" \/>\n<meta property=\"product:condition\" content=\"new\" \/>\n<!-- \/ Yoast SEO Premium plugin. -->","yoast_head_json":{"title":"IF Gnistan, Kotipelipaita 2024 | Fanmerch Finland","robots":{"index":"index","follow":"follow","max-snippet":"max-snippet:-1","max-image-preview":"max-image-preview:large","max-video-preview":"max-video-preview:-1"},"canonical":"https:\/\/fanmerch.fi\/en\/product\/if-gnistan-kotipelipaita-2024\/","og_locale":"en_GB","og_type":"article","og_title":"IF Gnistan, Kotipelipaita 2024","og_description":"IF Gnistanin kauden 2024 kotipelipaita yhdist\u00e4\u00e4 tyylin ja toimivuuden. Hengitt\u00e4v\u00e4 ja kevyt materiaali takaa mukavuuden niin kent\u00e4ll\u00e4 kuin katsomossakin. Keltasininen v\u00e4ritys heijastaa seuran perinteit\u00e4 ja historiaa. Paita on eritt\u00e4in korkealaatuinen ja huolellisesti viimeistelty.  Lis\u00e4\u00e4th\u00e4n haluamasi oman nimen ja pelinumeron alla oleviin kenttiin, kiitos.    Painotuote, toimitusaika 5-10 arkip\u00e4iv\u00e4\u00e4","og_url":"https:\/\/fanmerch.fi\/en\/product\/if-gnistan-kotipelipaita-2024\/","og_site_name":"Fanmerch Finland","article_modified_time":"2025-05-30T10:50:26+00:00","og_image":[{"width":1695,"height":2200,"url":"https:\/\/fanmerch.fi\/wp-content\/uploads\/2025\/01\/if-gnistan-pelipaita-joakim-latonen.jpg","type":"image\/jpeg"}],"twitter_card":"summary_large_image","twitter_misc":{"Availability":"Out of stock"},"schema":{"@context":"https:\/\/schema.org","@graph":[{"@type":"WebPage","@id":"https:\/\/fanmerch.fi\/tuote\/if-gnistan-kotipelipaita-2024\/","url":"https:\/\/fanmerch.fi\/tuote\/if-gnistan-kotipelipaita-2024\/","name":"IF Gnistan, Kotipelipaita 2024 | Fanmerch Finland","isPartOf":{"@id":"https:\/\/fanmerch.fi\/#website"},"primaryImageOfPage":{"@id":"https:\/\/fanmerch.fi\/tuote\/if-gnistan-kotipelipaita-2024\/#primaryimage"},"image":{"@id":"https:\/\/fanmerch.fi\/tuote\/if-gnistan-kotipelipaita-2024\/#primaryimage"},"thumbnailUrl":"https:\/\/fanmerch.fi\/wp-content\/uploads\/2025\/01\/if-gnistan-pelipaita-joakim-latonen.jpg","datePublished":"2025-01-08T14:20:25+00:00","dateModified":"2025-05-30T10:50:26+00:00","breadcrumb":{"@id":"https:\/\/fanmerch.fi\/tuote\/if-gnistan-kotipelipaita-2024\/#breadcrumb"},"inLanguage":"en-GB","potentialAction":[{"@type":"ReadAction","target":["https:\/\/fanmerch.fi\/tuote\/if-gnistan-kotipelipaita-2024\/"]}]},{"@type":"ImageObject","inLanguage":"en-GB","@id":"https:\/\/fanmerch.fi\/tuote\/if-gnistan-kotipelipaita-2024\/#primaryimage","url":"https:\/\/fanmerch.fi\/wp-content\/uploads\/2025\/01\/if-gnistan-pelipaita-joakim-latonen.jpg","contentUrl":"https:\/\/fanmerch.fi\/wp-content\/uploads\/2025\/01\/if-gnistan-pelipaita-joakim-latonen.jpg","width":1695,"height":2200},{"@type":"BreadcrumbList","@id":"https:\/\/fanmerch.fi\/tuote\/if-gnistan-kotipelipaita-2024\/#breadcrumb","itemListElement":[{"@type":"ListItem","position":1,"name":"Etusivu","item":"https:\/\/fanmerch.fi\/"},{"@type":"ListItem","position":2,"name":"Kauppa","item":"https:\/\/fanmerch.fi\/kauppa\/"},{"@type":"ListItem","position":3,"name":"IF Gnistan, Kotipelipaita 2024"}]},{"@type":"WebSite","@id":"https:\/\/fanmerch.fi\/#website","url":"https:\/\/fanmerch.fi\/","name":"Fanmerch Finland","description":"","potentialAction":[{"@type":"SearchAction","target":{"@type":"EntryPoint","urlTemplate":"https:\/\/fanmerch.fi\/?s={search_term_string}"},"query-input":{"@type":"PropertyValueSpecification","valueRequired":true,"valueName":"search_term_string"}}],"inLanguage":"en-GB"}]},"og_availability":"out of stock","product_availability":"out of stock","product_retailer_item_id":"IF Gnistan \/ Kotipelipaita \/ keltasininen","product_condition":"new"},"_links":{"self":[{"href":"https:\/\/fanmerch.fi\/en\/wp-json\/wp\/v2\/product\/49423","targetHints":{"allow":["GET"]}}],"collection":[{"href":"https:\/\/fanmerch.fi\/en\/wp-json\/wp\/v2\/product"}],"about":[{"href":"https:\/\/fanmerch.fi\/en\/wp-json\/wp\/v2\/types\/product"}],"author":[{"embeddable":true,"href":"https:\/\/fanmerch.fi\/en\/wp-json\/wp\/v2\/users\/30"}],"version-history":[{"count":0,"href":"https:\/\/fanmerch.fi\/en\/wp-json\/wp\/v2\/product\/49423\/revisions"}],"wp:featuredmedia":[{"embeddable":true,"href":"https:\/\/fanmerch.fi\/en\/wp-json\/wp\/v2\/media\/49429"}],"wp:attachment":[{"href":"https:\/\/fanmerch.fi\/en\/wp-json\/wp\/v2\/media?parent=49423"}],"wp:term":[{"taxonomy":"product_brand","embeddable":true,"href":"https:\/\/fanmerch.fi\/en\/wp-json\/wp\/v2\/product_brand?post=49423"},{"taxonomy":"product_cat","embeddable":true,"href":"https:\/\/fanmerch.fi\/en\/wp-json\/wp\/v2\/product_cat?post=49423"},{"taxonomy":"product_tag","embeddable":true,"href":"https:\/\/fanmerch.fi\/en\/wp-json\/wp\/v2\/product_tag?post=49423"}],"curies":[{"name":"wp","href":"https:\/\/api.w.org\/{rel}","templated":true}]}}