{"id":51389,"date":"2025-05-20T13:40:29","date_gmt":"2025-05-20T10:40:29","guid":{"rendered":"https:\/\/fanmerch.fi\/?post_type=product&#038;p=51389"},"modified":"2025-12-05T18:35:45","modified_gmt":"2025-12-05T15:35:45","slug":"if-gnistan-kuusamo-rasanen-uistin","status":"publish","type":"product","link":"https:\/\/fanmerch.fi\/en\/product\/if-gnistan-kuusamo-rasanen-uistin\/","title":{"rendered":"IF Gnistan Kuusamo R\u00e4s\u00e4nen, Uistin"},"content":{"rendered":"","protected":false},"excerpt":{"rendered":"<p><strong>Kuusamo R\u00e4s\u00e4nen Helmi 70mm 20g<\/strong> on uistinklassikko vailla vertaa! Jokaisen kalastusj\u00e4\u00e4r\u00e4n pakista l\u00f6ytyy t\u00e4m\u00e4 uistin, jota pidet\u00e4\u00e4n monipuolisena pyyt\u00e4j\u00e4n\u00e4. Haet sitten lohta tai isoa haukea, valitse t\u00e4m\u00e4 uistin. T\u00e4m\u00e4 on sopivan kokoinen suupala my\u00f6s isolle ahvenelle. Nyt t\u00e4m\u00e4 legendaarinen uistin IF Gnistanin v\u00e4reiss\u00e4 rajoitetusti, nappaa omasi ennen kuin loppuu!<\/p>\n<ul>\n<li>\n<h5>Delivery time 5-10 business days<\/h5>\n<\/li>\n<li>\n<h5>Koko:\u00a0 70mm<\/h5>\n<\/li>\n<li>\n<h5><strong>Paino: 20g<\/strong><\/h5>\n<\/li>\n<\/ul>","protected":false},"author":30,"featured_media":51390,"template":"","meta":[],"product_brand":[],"product_cat":[214],"product_tag":[215,136,25],"class_list":{"0":"post-51389","1":"product","2":"type-product","3":"status-publish","4":"has-post-thumbnail","6":"product_cat-if-gnistan","7":"product_tag-if-gnistan","8":"product_tag-kaikki","9":"product_tag-muut","11":"first","12":"instock","13":"taxable","14":"shipping-taxable","15":"purchasable","16":"product-type-simple"},"yoast_head":"<!-- This site is optimized with the Yoast SEO Premium plugin v26.9 (Yoast SEO v27.4) - https:\/\/yoast.com\/product\/yoast-seo-premium-wordpress\/ -->\n<title>IF Gnistan | IF Gnistan Kuusamo R\u00e4s\u00e4nen, Uistin | Fanmerch Finland<\/title>\n<meta name=\"robots\" content=\"index, follow, max-snippet:-1, max-image-preview:large, max-video-preview:-1\" \/>\n<link rel=\"canonical\" href=\"https:\/\/fanmerch.fi\/en\/product\/if-gnistan-kuusamo-rasanen-uistin\/\" \/>\n<meta property=\"og:locale\" content=\"en_GB\" \/>\n<meta property=\"og:type\" content=\"article\" \/>\n<meta property=\"og:title\" content=\"IF Gnistan Kuusamo R\u00e4s\u00e4nen, Uistin\" \/>\n<meta property=\"og:description\" content=\"Kuusamo R\u00e4s\u00e4nen Helmi 70mm 20g on uistinklassikko vailla vertaa! Jokaisen kalastusj\u00e4\u00e4r\u00e4n pakista l\u00f6ytyy t\u00e4m\u00e4 uistin, jota pidet\u00e4\u00e4n monipuolisena pyyt\u00e4j\u00e4n\u00e4. Haet sitten lohta tai isoa haukea, valitse t\u00e4m\u00e4 uistin. T\u00e4m\u00e4 on sopivan kokoinen suupala my\u00f6s isolle ahvenelle. Nyt t\u00e4m\u00e4 legendaarinen uistin IF Gnistanin v\u00e4reiss\u00e4 rajoitetusti, nappaa omasi ennen kuin loppuu!    Toimitusaika 3-5 arkip\u00e4iv\u00e4\u00e4    Koko:\u00a0 70mm    Paino: 20g\" \/>\n<meta property=\"og:url\" content=\"https:\/\/fanmerch.fi\/en\/product\/if-gnistan-kuusamo-rasanen-uistin\/\" \/>\n<meta property=\"og:site_name\" content=\"Fanmerch Finland\" \/>\n<meta property=\"article:modified_time\" content=\"2025-12-05T15:35:45+00:00\" \/>\n<meta property=\"og:image\" content=\"https:\/\/fanmerch.fi\/wp-content\/uploads\/2025\/05\/if-gnistan-kuusamo-rasanen.jpg\" \/>\n\t<meta property=\"og:image:width\" content=\"1695\" \/>\n\t<meta property=\"og:image:height\" content=\"2200\" \/>\n\t<meta property=\"og:image:type\" content=\"image\/jpeg\" \/>\n<meta name=\"twitter:card\" content=\"summary_large_image\" \/>\n<meta name=\"twitter:label1\" content=\"Price\" \/>\n\t<meta name=\"twitter:data1\" content=\"20.00&euro;\" \/>\n\t<meta name=\"twitter:label2\" content=\"Availability\" \/>\n\t<meta name=\"twitter:data2\" content=\"In stock\" \/>\n<script type=\"application\/ld+json\" class=\"yoast-schema-graph\">{\"@context\":\"https:\\\/\\\/schema.org\",\"@graph\":[{\"@type\":\"WebPage\",\"@id\":\"https:\\\/\\\/fanmerch.fi\\\/tuote\\\/if-gnistan-kuusamo-rasanen-uistin\\\/\",\"url\":\"https:\\\/\\\/fanmerch.fi\\\/tuote\\\/if-gnistan-kuusamo-rasanen-uistin\\\/\",\"name\":\"IF Gnistan | IF Gnistan Kuusamo R\u00e4s\u00e4nen, Uistin | Fanmerch Finland\",\"isPartOf\":{\"@id\":\"https:\\\/\\\/fanmerch.fi\\\/#website\"},\"primaryImageOfPage\":{\"@id\":\"https:\\\/\\\/fanmerch.fi\\\/tuote\\\/if-gnistan-kuusamo-rasanen-uistin\\\/#primaryimage\"},\"image\":{\"@id\":\"https:\\\/\\\/fanmerch.fi\\\/tuote\\\/if-gnistan-kuusamo-rasanen-uistin\\\/#primaryimage\"},\"thumbnailUrl\":\"https:\\\/\\\/fanmerch.fi\\\/wp-content\\\/uploads\\\/2025\\\/05\\\/if-gnistan-kuusamo-rasanen.jpg\",\"datePublished\":\"2025-05-20T10:40:29+00:00\",\"dateModified\":\"2025-12-05T15:35:45+00:00\",\"breadcrumb\":{\"@id\":\"https:\\\/\\\/fanmerch.fi\\\/tuote\\\/if-gnistan-kuusamo-rasanen-uistin\\\/#breadcrumb\"},\"inLanguage\":\"en-GB\",\"potentialAction\":[{\"@type\":\"ReadAction\",\"target\":[\"https:\\\/\\\/fanmerch.fi\\\/tuote\\\/if-gnistan-kuusamo-rasanen-uistin\\\/\"]}]},{\"@type\":\"ImageObject\",\"inLanguage\":\"en-GB\",\"@id\":\"https:\\\/\\\/fanmerch.fi\\\/tuote\\\/if-gnistan-kuusamo-rasanen-uistin\\\/#primaryimage\",\"url\":\"https:\\\/\\\/fanmerch.fi\\\/wp-content\\\/uploads\\\/2025\\\/05\\\/if-gnistan-kuusamo-rasanen.jpg\",\"contentUrl\":\"https:\\\/\\\/fanmerch.fi\\\/wp-content\\\/uploads\\\/2025\\\/05\\\/if-gnistan-kuusamo-rasanen.jpg\",\"width\":1695,\"height\":2200},{\"@type\":\"BreadcrumbList\",\"@id\":\"https:\\\/\\\/fanmerch.fi\\\/tuote\\\/if-gnistan-kuusamo-rasanen-uistin\\\/#breadcrumb\",\"itemListElement\":[{\"@type\":\"ListItem\",\"position\":1,\"name\":\"Etusivu\",\"item\":\"https:\\\/\\\/fanmerch.fi\\\/\"},{\"@type\":\"ListItem\",\"position\":2,\"name\":\"Kauppa\",\"item\":\"https:\\\/\\\/fanmerch.fi\\\/kauppa\\\/\"},{\"@type\":\"ListItem\",\"position\":3,\"name\":\"IF Gnistan Kuusamo R\u00e4s\u00e4nen, Uistin\"}]},{\"@type\":\"WebSite\",\"@id\":\"https:\\\/\\\/fanmerch.fi\\\/#website\",\"url\":\"https:\\\/\\\/fanmerch.fi\\\/\",\"name\":\"Fanmerch Finland\",\"description\":\"\",\"potentialAction\":[{\"@type\":\"SearchAction\",\"target\":{\"@type\":\"EntryPoint\",\"urlTemplate\":\"https:\\\/\\\/fanmerch.fi\\\/?s={search_term_string}\"},\"query-input\":{\"@type\":\"PropertyValueSpecification\",\"valueRequired\":true,\"valueName\":\"search_term_string\"}}],\"inLanguage\":\"en-GB\"}]}<\/script>\n<meta property=\"product:price:amount\" content=\"20.00\" \/>\n<meta property=\"product:price:currency\" content=\"EUR\" \/>\n<meta property=\"og:availability\" content=\"instock\" \/>\n<meta property=\"product:availability\" content=\"instock\" \/>\n<meta property=\"product:retailer_item_id\" content=\"IF Gnistan \/ Kuusamo R\u00e4s\u00e4nen \/ Uistin\" \/>\n<meta property=\"product:condition\" content=\"new\" \/>\n<!-- \/ Yoast SEO Premium plugin. -->","yoast_head_json":{"title":"IF Gnistan | IF Gnistan Kuusamo R\u00e4s\u00e4nen, Uistin | Fanmerch Finland","robots":{"index":"index","follow":"follow","max-snippet":"max-snippet:-1","max-image-preview":"max-image-preview:large","max-video-preview":"max-video-preview:-1"},"canonical":"https:\/\/fanmerch.fi\/en\/product\/if-gnistan-kuusamo-rasanen-uistin\/","og_locale":"en_GB","og_type":"article","og_title":"IF Gnistan Kuusamo R\u00e4s\u00e4nen, Uistin","og_description":"Kuusamo R\u00e4s\u00e4nen Helmi 70mm 20g on uistinklassikko vailla vertaa! Jokaisen kalastusj\u00e4\u00e4r\u00e4n pakista l\u00f6ytyy t\u00e4m\u00e4 uistin, jota pidet\u00e4\u00e4n monipuolisena pyyt\u00e4j\u00e4n\u00e4. Haet sitten lohta tai isoa haukea, valitse t\u00e4m\u00e4 uistin. T\u00e4m\u00e4 on sopivan kokoinen suupala my\u00f6s isolle ahvenelle. Nyt t\u00e4m\u00e4 legendaarinen uistin IF Gnistanin v\u00e4reiss\u00e4 rajoitetusti, nappaa omasi ennen kuin loppuu!    Toimitusaika 3-5 arkip\u00e4iv\u00e4\u00e4    Koko:\u00a0 70mm    Paino: 20g","og_url":"https:\/\/fanmerch.fi\/en\/product\/if-gnistan-kuusamo-rasanen-uistin\/","og_site_name":"Fanmerch Finland","article_modified_time":"2025-12-05T15:35:45+00:00","og_image":[{"width":1695,"height":2200,"url":"https:\/\/fanmerch.fi\/wp-content\/uploads\/2025\/05\/if-gnistan-kuusamo-rasanen.jpg","type":"image\/jpeg"}],"twitter_card":"summary_large_image","twitter_misc":{"Price":"20.00&euro;","Availability":"In stock"},"schema":{"@context":"https:\/\/schema.org","@graph":[{"@type":"WebPage","@id":"https:\/\/fanmerch.fi\/tuote\/if-gnistan-kuusamo-rasanen-uistin\/","url":"https:\/\/fanmerch.fi\/tuote\/if-gnistan-kuusamo-rasanen-uistin\/","name":"IF Gnistan | IF Gnistan Kuusamo R\u00e4s\u00e4nen, Uistin | Fanmerch Finland","isPartOf":{"@id":"https:\/\/fanmerch.fi\/#website"},"primaryImageOfPage":{"@id":"https:\/\/fanmerch.fi\/tuote\/if-gnistan-kuusamo-rasanen-uistin\/#primaryimage"},"image":{"@id":"https:\/\/fanmerch.fi\/tuote\/if-gnistan-kuusamo-rasanen-uistin\/#primaryimage"},"thumbnailUrl":"https:\/\/fanmerch.fi\/wp-content\/uploads\/2025\/05\/if-gnistan-kuusamo-rasanen.jpg","datePublished":"2025-05-20T10:40:29+00:00","dateModified":"2025-12-05T15:35:45+00:00","breadcrumb":{"@id":"https:\/\/fanmerch.fi\/tuote\/if-gnistan-kuusamo-rasanen-uistin\/#breadcrumb"},"inLanguage":"en-GB","potentialAction":[{"@type":"ReadAction","target":["https:\/\/fanmerch.fi\/tuote\/if-gnistan-kuusamo-rasanen-uistin\/"]}]},{"@type":"ImageObject","inLanguage":"en-GB","@id":"https:\/\/fanmerch.fi\/tuote\/if-gnistan-kuusamo-rasanen-uistin\/#primaryimage","url":"https:\/\/fanmerch.fi\/wp-content\/uploads\/2025\/05\/if-gnistan-kuusamo-rasanen.jpg","contentUrl":"https:\/\/fanmerch.fi\/wp-content\/uploads\/2025\/05\/if-gnistan-kuusamo-rasanen.jpg","width":1695,"height":2200},{"@type":"BreadcrumbList","@id":"https:\/\/fanmerch.fi\/tuote\/if-gnistan-kuusamo-rasanen-uistin\/#breadcrumb","itemListElement":[{"@type":"ListItem","position":1,"name":"Etusivu","item":"https:\/\/fanmerch.fi\/"},{"@type":"ListItem","position":2,"name":"Kauppa","item":"https:\/\/fanmerch.fi\/kauppa\/"},{"@type":"ListItem","position":3,"name":"IF Gnistan Kuusamo R\u00e4s\u00e4nen, Uistin"}]},{"@type":"WebSite","@id":"https:\/\/fanmerch.fi\/#website","url":"https:\/\/fanmerch.fi\/","name":"Fanmerch Finland","description":"","potentialAction":[{"@type":"SearchAction","target":{"@type":"EntryPoint","urlTemplate":"https:\/\/fanmerch.fi\/?s={search_term_string}"},"query-input":{"@type":"PropertyValueSpecification","valueRequired":true,"valueName":"search_term_string"}}],"inLanguage":"en-GB"}]},"product_price_amount":"20.00","product_price_currency":"EUR","og_availability":"instock","product_availability":"instock","product_retailer_item_id":"IF Gnistan \/ Kuusamo R\u00e4s\u00e4nen \/ Uistin","product_condition":"new"},"_links":{"self":[{"href":"https:\/\/fanmerch.fi\/en\/wp-json\/wp\/v2\/product\/51389","targetHints":{"allow":["GET"]}}],"collection":[{"href":"https:\/\/fanmerch.fi\/en\/wp-json\/wp\/v2\/product"}],"about":[{"href":"https:\/\/fanmerch.fi\/en\/wp-json\/wp\/v2\/types\/product"}],"author":[{"embeddable":true,"href":"https:\/\/fanmerch.fi\/en\/wp-json\/wp\/v2\/users\/30"}],"version-history":[{"count":0,"href":"https:\/\/fanmerch.fi\/en\/wp-json\/wp\/v2\/product\/51389\/revisions"}],"wp:featuredmedia":[{"embeddable":true,"href":"https:\/\/fanmerch.fi\/en\/wp-json\/wp\/v2\/media\/51390"}],"wp:attachment":[{"href":"https:\/\/fanmerch.fi\/en\/wp-json\/wp\/v2\/media?parent=51389"}],"wp:term":[{"taxonomy":"product_brand","embeddable":true,"href":"https:\/\/fanmerch.fi\/en\/wp-json\/wp\/v2\/product_brand?post=51389"},{"taxonomy":"product_cat","embeddable":true,"href":"https:\/\/fanmerch.fi\/en\/wp-json\/wp\/v2\/product_cat?post=51389"},{"taxonomy":"product_tag","embeddable":true,"href":"https:\/\/fanmerch.fi\/en\/wp-json\/wp\/v2\/product_tag?post=51389"}],"curies":[{"name":"wp","href":"https:\/\/api.w.org\/{rel}","templated":true}]}}