{"id":51689,"date":"2025-05-30T17:09:11","date_gmt":"2025-05-30T14:09:11","guid":{"rendered":"https:\/\/fanmerch.fi\/?post_type=product&#038;p=51689"},"modified":"2026-04-16T10:19:31","modified_gmt":"2026-04-16T07:19:31","slug":"if-gnistan-kotipelipaita-2025-keltasininen","status":"publish","type":"product","link":"https:\/\/fanmerch.fi\/en\/product\/if-gnistan-kotipelipaita-2025-keltasininen\/","title":{"rendered":"IF Gnistan, Kotipelipaita 2025"},"content":{"rendered":"","protected":false},"excerpt":{"rendered":"<p class=\"ai-optimize-11\">IF Gnistanin kauden 2025 kotipelipaita yhdist\u00e4\u00e4 tyylin ja toimivuuden. Hengitt\u00e4v\u00e4 ja kevyt materiaali takaa mukavuuden niin kent\u00e4ll\u00e4 kuin katsomossakin. Keltasininen v\u00e4ritys heijastaa seuran perinteit\u00e4 ja historiaa. Paita on eritt\u00e4in korkealaatuinen ja huolellisesti viimeistelty.<\/p>\n<p class=\"ai-optimize-12\"><strong>Lis\u00e4\u00e4th\u00e4n haluamasi oman nimen ja pelinumeron alla oleviin kenttiin, kiitos.<\/strong><\/p>\n<ul>\n<li class=\"ai-optimize-13\">\n<h5 class=\"ai-optimize-14\">Painotuote, toimitusaika arviolta n. 2-3 viikkoa<\/h5>\n<\/li>\n<\/ul>","protected":false},"author":30,"featured_media":54780,"template":"","meta":[],"product_brand":[],"product_cat":[214],"product_tag":[215,136,24],"class_list":{"0":"post-51689","1":"product","2":"type-product","3":"status-publish","4":"has-post-thumbnail","6":"product_cat-if-gnistan","7":"product_tag-if-gnistan","8":"product_tag-kaikki","9":"product_tag-t-paidat","11":"first","12":"instock","13":"taxable","14":"shipping-taxable","15":"purchasable","16":"product-type-variable"},"yoast_head":"<!-- This site is optimized with the Yoast SEO Premium plugin v26.9 (Yoast SEO v27.4) - https:\/\/yoast.com\/product\/yoast-seo-premium-wordpress\/ -->\n<title>IF Gnistan, Kotipelipaita 2025 | Fanmerch Finland<\/title>\n<meta name=\"robots\" content=\"index, follow, max-snippet:-1, max-image-preview:large, max-video-preview:-1\" \/>\n<link rel=\"canonical\" href=\"https:\/\/fanmerch.fi\/en\/product\/if-gnistan-kotipelipaita-2025-keltasininen\/\" \/>\n<meta property=\"og:locale\" content=\"en_GB\" \/>\n<meta property=\"og:type\" content=\"article\" \/>\n<meta property=\"og:title\" content=\"IF Gnistan, Kotipelipaita 2025\" \/>\n<meta property=\"og:description\" content=\"IF Gnistanin kauden 2025 kotipelipaita yhdist\u00e4\u00e4 tyylin ja toimivuuden. Hengitt\u00e4v\u00e4 ja kevyt materiaali takaa mukavuuden niin kent\u00e4ll\u00e4 kuin katsomossakin. Keltasininen v\u00e4ritys heijastaa seuran perinteit\u00e4 ja historiaa. Paita on eritt\u00e4in korkealaatuinen ja huolellisesti viimeistelty. Lis\u00e4\u00e4th\u00e4n haluamasi oman nimen ja pelinumeron alla oleviin kenttiin, kiitos.     Painotuote, toimitusaika arviolta n. 2-3 viikkoa\" \/>\n<meta property=\"og:url\" content=\"https:\/\/fanmerch.fi\/en\/product\/if-gnistan-kotipelipaita-2025-keltasininen\/\" \/>\n<meta property=\"og:site_name\" content=\"Fanmerch Finland\" \/>\n<meta property=\"article:modified_time\" content=\"2026-04-16T07:19:31+00:00\" \/>\n<meta property=\"og:image\" content=\"https:\/\/fanmerch.fi\/wp-content\/uploads\/2025\/05\/if-gnistan-kotipelipaita-yb-2025.jpg\" \/>\n\t<meta property=\"og:image:width\" content=\"848\" \/>\n\t<meta property=\"og:image:height\" content=\"1100\" \/>\n\t<meta property=\"og:image:type\" content=\"image\/jpeg\" \/>\n<meta name=\"twitter:card\" content=\"summary_large_image\" \/>\n<meta name=\"twitter:label1\" content=\"Availability\" \/>\n\t<meta name=\"twitter:data1\" content=\"In stock\" \/>\n<script type=\"application\/ld+json\" class=\"yoast-schema-graph\">{\"@context\":\"https:\\\/\\\/schema.org\",\"@graph\":[{\"@type\":\"WebPage\",\"@id\":\"https:\\\/\\\/fanmerch.fi\\\/tuote\\\/if-gnistan-kotipelipaita-2025-keltasininen\\\/\",\"url\":\"https:\\\/\\\/fanmerch.fi\\\/tuote\\\/if-gnistan-kotipelipaita-2025-keltasininen\\\/\",\"name\":\"IF Gnistan, Kotipelipaita 2025 | Fanmerch Finland\",\"isPartOf\":{\"@id\":\"https:\\\/\\\/fanmerch.fi\\\/#website\"},\"primaryImageOfPage\":{\"@id\":\"https:\\\/\\\/fanmerch.fi\\\/tuote\\\/if-gnistan-kotipelipaita-2025-keltasininen\\\/#primaryimage\"},\"image\":{\"@id\":\"https:\\\/\\\/fanmerch.fi\\\/tuote\\\/if-gnistan-kotipelipaita-2025-keltasininen\\\/#primaryimage\"},\"thumbnailUrl\":\"https:\\\/\\\/fanmerch.fi\\\/wp-content\\\/uploads\\\/2025\\\/05\\\/if-gnistan-kotipelipaita-yb-2025.jpg\",\"datePublished\":\"2025-05-30T14:09:11+00:00\",\"dateModified\":\"2026-04-16T07:19:31+00:00\",\"breadcrumb\":{\"@id\":\"https:\\\/\\\/fanmerch.fi\\\/tuote\\\/if-gnistan-kotipelipaita-2025-keltasininen\\\/#breadcrumb\"},\"inLanguage\":\"en-GB\",\"potentialAction\":[{\"@type\":\"ReadAction\",\"target\":[\"https:\\\/\\\/fanmerch.fi\\\/tuote\\\/if-gnistan-kotipelipaita-2025-keltasininen\\\/\"]}]},{\"@type\":\"ImageObject\",\"inLanguage\":\"en-GB\",\"@id\":\"https:\\\/\\\/fanmerch.fi\\\/tuote\\\/if-gnistan-kotipelipaita-2025-keltasininen\\\/#primaryimage\",\"url\":\"https:\\\/\\\/fanmerch.fi\\\/wp-content\\\/uploads\\\/2025\\\/05\\\/if-gnistan-kotipelipaita-yb-2025.jpg\",\"contentUrl\":\"https:\\\/\\\/fanmerch.fi\\\/wp-content\\\/uploads\\\/2025\\\/05\\\/if-gnistan-kotipelipaita-yb-2025.jpg\",\"width\":848,\"height\":1100},{\"@type\":\"BreadcrumbList\",\"@id\":\"https:\\\/\\\/fanmerch.fi\\\/tuote\\\/if-gnistan-kotipelipaita-2025-keltasininen\\\/#breadcrumb\",\"itemListElement\":[{\"@type\":\"ListItem\",\"position\":1,\"name\":\"Etusivu\",\"item\":\"https:\\\/\\\/fanmerch.fi\\\/\"},{\"@type\":\"ListItem\",\"position\":2,\"name\":\"Kauppa\",\"item\":\"https:\\\/\\\/fanmerch.fi\\\/kauppa\\\/\"},{\"@type\":\"ListItem\",\"position\":3,\"name\":\"IF Gnistan, Kotipelipaita 2025\"}]},{\"@type\":\"WebSite\",\"@id\":\"https:\\\/\\\/fanmerch.fi\\\/#website\",\"url\":\"https:\\\/\\\/fanmerch.fi\\\/\",\"name\":\"Fanmerch Finland\",\"description\":\"\",\"potentialAction\":[{\"@type\":\"SearchAction\",\"target\":{\"@type\":\"EntryPoint\",\"urlTemplate\":\"https:\\\/\\\/fanmerch.fi\\\/?s={search_term_string}\"},\"query-input\":{\"@type\":\"PropertyValueSpecification\",\"valueRequired\":true,\"valueName\":\"search_term_string\"}}],\"inLanguage\":\"en-GB\"}]}<\/script>\n<meta property=\"og:availability\" content=\"instock\" \/>\n<meta property=\"product:availability\" content=\"instock\" \/>\n<meta property=\"product:retailer_item_id\" content=\"IF Gnistan \/ Kotipelipaita 2025 \/ keltasininen\" \/>\n<meta property=\"product:condition\" content=\"new\" \/>\n<!-- \/ Yoast SEO Premium plugin. -->","yoast_head_json":{"title":"IF Gnistan, Kotipelipaita 2025 | Fanmerch Finland","robots":{"index":"index","follow":"follow","max-snippet":"max-snippet:-1","max-image-preview":"max-image-preview:large","max-video-preview":"max-video-preview:-1"},"canonical":"https:\/\/fanmerch.fi\/en\/product\/if-gnistan-kotipelipaita-2025-keltasininen\/","og_locale":"en_GB","og_type":"article","og_title":"IF Gnistan, Kotipelipaita 2025","og_description":"IF Gnistanin kauden 2025 kotipelipaita yhdist\u00e4\u00e4 tyylin ja toimivuuden. Hengitt\u00e4v\u00e4 ja kevyt materiaali takaa mukavuuden niin kent\u00e4ll\u00e4 kuin katsomossakin. Keltasininen v\u00e4ritys heijastaa seuran perinteit\u00e4 ja historiaa. Paita on eritt\u00e4in korkealaatuinen ja huolellisesti viimeistelty. Lis\u00e4\u00e4th\u00e4n haluamasi oman nimen ja pelinumeron alla oleviin kenttiin, kiitos.     Painotuote, toimitusaika arviolta n. 2-3 viikkoa","og_url":"https:\/\/fanmerch.fi\/en\/product\/if-gnistan-kotipelipaita-2025-keltasininen\/","og_site_name":"Fanmerch Finland","article_modified_time":"2026-04-16T07:19:31+00:00","og_image":[{"width":848,"height":1100,"url":"https:\/\/fanmerch.fi\/wp-content\/uploads\/2025\/05\/if-gnistan-kotipelipaita-yb-2025.jpg","type":"image\/jpeg"}],"twitter_card":"summary_large_image","twitter_misc":{"Availability":"In stock"},"schema":{"@context":"https:\/\/schema.org","@graph":[{"@type":"WebPage","@id":"https:\/\/fanmerch.fi\/tuote\/if-gnistan-kotipelipaita-2025-keltasininen\/","url":"https:\/\/fanmerch.fi\/tuote\/if-gnistan-kotipelipaita-2025-keltasininen\/","name":"IF Gnistan, Kotipelipaita 2025 | Fanmerch Finland","isPartOf":{"@id":"https:\/\/fanmerch.fi\/#website"},"primaryImageOfPage":{"@id":"https:\/\/fanmerch.fi\/tuote\/if-gnistan-kotipelipaita-2025-keltasininen\/#primaryimage"},"image":{"@id":"https:\/\/fanmerch.fi\/tuote\/if-gnistan-kotipelipaita-2025-keltasininen\/#primaryimage"},"thumbnailUrl":"https:\/\/fanmerch.fi\/wp-content\/uploads\/2025\/05\/if-gnistan-kotipelipaita-yb-2025.jpg","datePublished":"2025-05-30T14:09:11+00:00","dateModified":"2026-04-16T07:19:31+00:00","breadcrumb":{"@id":"https:\/\/fanmerch.fi\/tuote\/if-gnistan-kotipelipaita-2025-keltasininen\/#breadcrumb"},"inLanguage":"en-GB","potentialAction":[{"@type":"ReadAction","target":["https:\/\/fanmerch.fi\/tuote\/if-gnistan-kotipelipaita-2025-keltasininen\/"]}]},{"@type":"ImageObject","inLanguage":"en-GB","@id":"https:\/\/fanmerch.fi\/tuote\/if-gnistan-kotipelipaita-2025-keltasininen\/#primaryimage","url":"https:\/\/fanmerch.fi\/wp-content\/uploads\/2025\/05\/if-gnistan-kotipelipaita-yb-2025.jpg","contentUrl":"https:\/\/fanmerch.fi\/wp-content\/uploads\/2025\/05\/if-gnistan-kotipelipaita-yb-2025.jpg","width":848,"height":1100},{"@type":"BreadcrumbList","@id":"https:\/\/fanmerch.fi\/tuote\/if-gnistan-kotipelipaita-2025-keltasininen\/#breadcrumb","itemListElement":[{"@type":"ListItem","position":1,"name":"Etusivu","item":"https:\/\/fanmerch.fi\/"},{"@type":"ListItem","position":2,"name":"Kauppa","item":"https:\/\/fanmerch.fi\/kauppa\/"},{"@type":"ListItem","position":3,"name":"IF Gnistan, Kotipelipaita 2025"}]},{"@type":"WebSite","@id":"https:\/\/fanmerch.fi\/#website","url":"https:\/\/fanmerch.fi\/","name":"Fanmerch Finland","description":"","potentialAction":[{"@type":"SearchAction","target":{"@type":"EntryPoint","urlTemplate":"https:\/\/fanmerch.fi\/?s={search_term_string}"},"query-input":{"@type":"PropertyValueSpecification","valueRequired":true,"valueName":"search_term_string"}}],"inLanguage":"en-GB"}]},"og_availability":"instock","product_availability":"instock","product_retailer_item_id":"IF Gnistan \/ Kotipelipaita 2025 \/ keltasininen","product_condition":"new"},"_links":{"self":[{"href":"https:\/\/fanmerch.fi\/en\/wp-json\/wp\/v2\/product\/51689","targetHints":{"allow":["GET"]}}],"collection":[{"href":"https:\/\/fanmerch.fi\/en\/wp-json\/wp\/v2\/product"}],"about":[{"href":"https:\/\/fanmerch.fi\/en\/wp-json\/wp\/v2\/types\/product"}],"author":[{"embeddable":true,"href":"https:\/\/fanmerch.fi\/en\/wp-json\/wp\/v2\/users\/30"}],"version-history":[{"count":2,"href":"https:\/\/fanmerch.fi\/en\/wp-json\/wp\/v2\/product\/51689\/revisions"}],"predecessor-version":[{"id":54781,"href":"https:\/\/fanmerch.fi\/en\/wp-json\/wp\/v2\/product\/51689\/revisions\/54781"}],"wp:featuredmedia":[{"embeddable":true,"href":"https:\/\/fanmerch.fi\/en\/wp-json\/wp\/v2\/media\/54780"}],"wp:attachment":[{"href":"https:\/\/fanmerch.fi\/en\/wp-json\/wp\/v2\/media?parent=51689"}],"wp:term":[{"taxonomy":"product_brand","embeddable":true,"href":"https:\/\/fanmerch.fi\/en\/wp-json\/wp\/v2\/product_brand?post=51689"},{"taxonomy":"product_cat","embeddable":true,"href":"https:\/\/fanmerch.fi\/en\/wp-json\/wp\/v2\/product_cat?post=51689"},{"taxonomy":"product_tag","embeddable":true,"href":"https:\/\/fanmerch.fi\/en\/wp-json\/wp\/v2\/product_tag?post=51689"}],"curies":[{"name":"wp","href":"https:\/\/api.w.org\/{rel}","templated":true}]}}