{"id":51801,"date":"2025-06-08T17:13:10","date_gmt":"2025-06-08T14:13:10","guid":{"rendered":"https:\/\/fanmerch.fi\/?post_type=product&#038;p=51801"},"modified":"2025-11-28T13:27:27","modified_gmt":"2025-11-28T10:27:27","slug":"grifk-fotboll-100-vuotta-kaulahuivi","status":"publish","type":"product","link":"https:\/\/fanmerch.fi\/en\/product\/grifk-fotboll-100-vuotta-kaulahuivi\/","title":{"rendered":"Grankulla IFK 100-vuotta, Kaulahuivi"},"content":{"rendered":"","protected":false},"excerpt":{"rendered":"<p class=\"ai-optimize-17\">L\u00e4mpim\u00e4st\u00e4 materiaalista valmistettu 138cm X 18cm (ilman hapsuja) Grankulla IFK juhlavuoden kaulahuivi.<\/p>\n<ul>\n<li class=\"ai-optimize-18\">\n<h5 class=\"ai-optimize-19\">Delivery time: 3-5 business days.<\/h5>\n<\/li>\n<li class=\"ai-optimize-20\">\n<h5 class=\"ai-optimize-21\"><strong>97% Polyakryyli, 3% lycra<\/strong><\/h5>\n<\/li>\n<\/ul>","protected":false},"author":32,"featured_media":51802,"template":"","meta":[],"product_brand":[],"product_cat":[230],"product_tag":[231,136,25],"class_list":{"0":"post-51801","1":"product","2":"type-product","3":"status-publish","4":"has-post-thumbnail","6":"product_cat-grifk-fotboll","7":"product_tag-grifk","8":"product_tag-kaikki","9":"product_tag-muut","11":"first","12":"outofstock","13":"taxable","14":"shipping-taxable","15":"purchasable","16":"product-type-simple"},"yoast_head":"<!-- This site is optimized with the Yoast SEO Premium plugin v26.9 (Yoast SEO v27.4) - https:\/\/yoast.com\/product\/yoast-seo-premium-wordpress\/ -->\n<title>GrIFK Fotboll | Grankulla IFK 100-vuotta, Kaulahuivi | Fanmerch Finland<\/title>\n<meta name=\"robots\" content=\"index, follow, max-snippet:-1, max-image-preview:large, max-video-preview:-1\" \/>\n<link rel=\"canonical\" href=\"https:\/\/fanmerch.fi\/en\/product\/grifk-fotboll-100-vuotta-kaulahuivi\/\" \/>\n<meta property=\"og:locale\" content=\"en_GB\" \/>\n<meta property=\"og:type\" content=\"article\" \/>\n<meta property=\"og:title\" content=\"Grankulla IFK 100-vuotta, Kaulahuivi\" \/>\n<meta property=\"og:description\" content=\"L\u00e4mpim\u00e4st\u00e4 materiaalista valmistettu 138cm X 18cm (ilman hapsuja) Grankulla IFK juhlavuoden kaulahuivi.     Toimitusaika: 3-5 arkip\u00e4iv\u00e4\u00e4    97% Polyakryyli, 3% lycra\" \/>\n<meta property=\"og:url\" content=\"https:\/\/fanmerch.fi\/en\/product\/grifk-fotboll-100-vuotta-kaulahuivi\/\" \/>\n<meta property=\"og:site_name\" content=\"Fanmerch Finland\" \/>\n<meta property=\"article:modified_time\" content=\"2025-11-28T10:27:27+00:00\" \/>\n<meta property=\"og:image\" content=\"https:\/\/fanmerch.fi\/wp-content\/uploads\/2025\/06\/grifk-fotboll-100v-scarf-folded.jpg\" \/>\n\t<meta property=\"og:image:width\" content=\"769\" \/>\n\t<meta property=\"og:image:height\" content=\"1000\" \/>\n\t<meta property=\"og:image:type\" content=\"image\/jpeg\" \/>\n<meta name=\"twitter:card\" content=\"summary_large_image\" \/>\n<meta name=\"twitter:label1\" content=\"Price\" \/>\n\t<meta name=\"twitter:data1\" content=\"25.00&euro;\" \/>\n\t<meta name=\"twitter:label2\" content=\"Availability\" \/>\n\t<meta name=\"twitter:data2\" content=\"Out of stock\" \/>\n<script type=\"application\/ld+json\" class=\"yoast-schema-graph\">{\"@context\":\"https:\\\/\\\/schema.org\",\"@graph\":[{\"@type\":\"WebPage\",\"@id\":\"https:\\\/\\\/fanmerch.fi\\\/tuote\\\/grifk-fotboll-100-vuotta-kaulahuivi\\\/\",\"url\":\"https:\\\/\\\/fanmerch.fi\\\/tuote\\\/grifk-fotboll-100-vuotta-kaulahuivi\\\/\",\"name\":\"GrIFK Fotboll | Grankulla IFK 100-vuotta, Kaulahuivi | Fanmerch Finland\",\"isPartOf\":{\"@id\":\"https:\\\/\\\/fanmerch.fi\\\/#website\"},\"primaryImageOfPage\":{\"@id\":\"https:\\\/\\\/fanmerch.fi\\\/tuote\\\/grifk-fotboll-100-vuotta-kaulahuivi\\\/#primaryimage\"},\"image\":{\"@id\":\"https:\\\/\\\/fanmerch.fi\\\/tuote\\\/grifk-fotboll-100-vuotta-kaulahuivi\\\/#primaryimage\"},\"thumbnailUrl\":\"https:\\\/\\\/fanmerch.fi\\\/wp-content\\\/uploads\\\/2025\\\/06\\\/grifk-fotboll-100v-scarf-folded.jpg\",\"datePublished\":\"2025-06-08T14:13:10+00:00\",\"dateModified\":\"2025-11-28T10:27:27+00:00\",\"breadcrumb\":{\"@id\":\"https:\\\/\\\/fanmerch.fi\\\/tuote\\\/grifk-fotboll-100-vuotta-kaulahuivi\\\/#breadcrumb\"},\"inLanguage\":\"en-GB\",\"potentialAction\":[{\"@type\":\"ReadAction\",\"target\":[\"https:\\\/\\\/fanmerch.fi\\\/tuote\\\/grifk-fotboll-100-vuotta-kaulahuivi\\\/\"]}]},{\"@type\":\"ImageObject\",\"inLanguage\":\"en-GB\",\"@id\":\"https:\\\/\\\/fanmerch.fi\\\/tuote\\\/grifk-fotboll-100-vuotta-kaulahuivi\\\/#primaryimage\",\"url\":\"https:\\\/\\\/fanmerch.fi\\\/wp-content\\\/uploads\\\/2025\\\/06\\\/grifk-fotboll-100v-scarf-folded.jpg\",\"contentUrl\":\"https:\\\/\\\/fanmerch.fi\\\/wp-content\\\/uploads\\\/2025\\\/06\\\/grifk-fotboll-100v-scarf-folded.jpg\",\"width\":769,\"height\":1000},{\"@type\":\"BreadcrumbList\",\"@id\":\"https:\\\/\\\/fanmerch.fi\\\/tuote\\\/grifk-fotboll-100-vuotta-kaulahuivi\\\/#breadcrumb\",\"itemListElement\":[{\"@type\":\"ListItem\",\"position\":1,\"name\":\"Etusivu\",\"item\":\"https:\\\/\\\/fanmerch.fi\\\/\"},{\"@type\":\"ListItem\",\"position\":2,\"name\":\"Kauppa\",\"item\":\"https:\\\/\\\/fanmerch.fi\\\/kauppa\\\/\"},{\"@type\":\"ListItem\",\"position\":3,\"name\":\"Grankulla IFK 100-vuotta, Kaulahuivi\"}]},{\"@type\":\"WebSite\",\"@id\":\"https:\\\/\\\/fanmerch.fi\\\/#website\",\"url\":\"https:\\\/\\\/fanmerch.fi\\\/\",\"name\":\"Fanmerch Finland\",\"description\":\"\",\"potentialAction\":[{\"@type\":\"SearchAction\",\"target\":{\"@type\":\"EntryPoint\",\"urlTemplate\":\"https:\\\/\\\/fanmerch.fi\\\/?s={search_term_string}\"},\"query-input\":{\"@type\":\"PropertyValueSpecification\",\"valueRequired\":true,\"valueName\":\"search_term_string\"}}],\"inLanguage\":\"en-GB\"}]}<\/script>\n<meta property=\"product:price:amount\" content=\"25.00\" \/>\n<meta property=\"product:price:currency\" content=\"EUR\" \/>\n<meta property=\"og:availability\" content=\"out of stock\" \/>\n<meta property=\"product:availability\" content=\"out of stock\" \/>\n<meta property=\"product:retailer_item_id\" content=\"GrIFK Fotboll \/ !00-vuotta \/ Kaulahuivi\" \/>\n<meta property=\"product:condition\" content=\"new\" \/>\n<!-- \/ Yoast SEO Premium plugin. -->","yoast_head_json":{"title":"GrIFK Fotboll | Grankulla IFK 100-vuotta, Kaulahuivi | Fanmerch Finland","robots":{"index":"index","follow":"follow","max-snippet":"max-snippet:-1","max-image-preview":"max-image-preview:large","max-video-preview":"max-video-preview:-1"},"canonical":"https:\/\/fanmerch.fi\/en\/product\/grifk-fotboll-100-vuotta-kaulahuivi\/","og_locale":"en_GB","og_type":"article","og_title":"Grankulla IFK 100-vuotta, Kaulahuivi","og_description":"L\u00e4mpim\u00e4st\u00e4 materiaalista valmistettu 138cm X 18cm (ilman hapsuja) Grankulla IFK juhlavuoden kaulahuivi.     Toimitusaika: 3-5 arkip\u00e4iv\u00e4\u00e4    97% Polyakryyli, 3% lycra","og_url":"https:\/\/fanmerch.fi\/en\/product\/grifk-fotboll-100-vuotta-kaulahuivi\/","og_site_name":"Fanmerch Finland","article_modified_time":"2025-11-28T10:27:27+00:00","og_image":[{"width":769,"height":1000,"url":"https:\/\/fanmerch.fi\/wp-content\/uploads\/2025\/06\/grifk-fotboll-100v-scarf-folded.jpg","type":"image\/jpeg"}],"twitter_card":"summary_large_image","twitter_misc":{"Price":"25.00&euro;","Availability":"Out of stock"},"schema":{"@context":"https:\/\/schema.org","@graph":[{"@type":"WebPage","@id":"https:\/\/fanmerch.fi\/tuote\/grifk-fotboll-100-vuotta-kaulahuivi\/","url":"https:\/\/fanmerch.fi\/tuote\/grifk-fotboll-100-vuotta-kaulahuivi\/","name":"GrIFK Fotboll | Grankulla IFK 100-vuotta, Kaulahuivi | Fanmerch Finland","isPartOf":{"@id":"https:\/\/fanmerch.fi\/#website"},"primaryImageOfPage":{"@id":"https:\/\/fanmerch.fi\/tuote\/grifk-fotboll-100-vuotta-kaulahuivi\/#primaryimage"},"image":{"@id":"https:\/\/fanmerch.fi\/tuote\/grifk-fotboll-100-vuotta-kaulahuivi\/#primaryimage"},"thumbnailUrl":"https:\/\/fanmerch.fi\/wp-content\/uploads\/2025\/06\/grifk-fotboll-100v-scarf-folded.jpg","datePublished":"2025-06-08T14:13:10+00:00","dateModified":"2025-11-28T10:27:27+00:00","breadcrumb":{"@id":"https:\/\/fanmerch.fi\/tuote\/grifk-fotboll-100-vuotta-kaulahuivi\/#breadcrumb"},"inLanguage":"en-GB","potentialAction":[{"@type":"ReadAction","target":["https:\/\/fanmerch.fi\/tuote\/grifk-fotboll-100-vuotta-kaulahuivi\/"]}]},{"@type":"ImageObject","inLanguage":"en-GB","@id":"https:\/\/fanmerch.fi\/tuote\/grifk-fotboll-100-vuotta-kaulahuivi\/#primaryimage","url":"https:\/\/fanmerch.fi\/wp-content\/uploads\/2025\/06\/grifk-fotboll-100v-scarf-folded.jpg","contentUrl":"https:\/\/fanmerch.fi\/wp-content\/uploads\/2025\/06\/grifk-fotboll-100v-scarf-folded.jpg","width":769,"height":1000},{"@type":"BreadcrumbList","@id":"https:\/\/fanmerch.fi\/tuote\/grifk-fotboll-100-vuotta-kaulahuivi\/#breadcrumb","itemListElement":[{"@type":"ListItem","position":1,"name":"Etusivu","item":"https:\/\/fanmerch.fi\/"},{"@type":"ListItem","position":2,"name":"Kauppa","item":"https:\/\/fanmerch.fi\/kauppa\/"},{"@type":"ListItem","position":3,"name":"Grankulla IFK 100-vuotta, Kaulahuivi"}]},{"@type":"WebSite","@id":"https:\/\/fanmerch.fi\/#website","url":"https:\/\/fanmerch.fi\/","name":"Fanmerch Finland","description":"","potentialAction":[{"@type":"SearchAction","target":{"@type":"EntryPoint","urlTemplate":"https:\/\/fanmerch.fi\/?s={search_term_string}"},"query-input":{"@type":"PropertyValueSpecification","valueRequired":true,"valueName":"search_term_string"}}],"inLanguage":"en-GB"}]},"product_price_amount":"25.00","product_price_currency":"EUR","og_availability":"out of stock","product_availability":"out of stock","product_retailer_item_id":"GrIFK Fotboll \/ !00-vuotta \/ Kaulahuivi","product_condition":"new"},"_links":{"self":[{"href":"https:\/\/fanmerch.fi\/en\/wp-json\/wp\/v2\/product\/51801","targetHints":{"allow":["GET"]}}],"collection":[{"href":"https:\/\/fanmerch.fi\/en\/wp-json\/wp\/v2\/product"}],"about":[{"href":"https:\/\/fanmerch.fi\/en\/wp-json\/wp\/v2\/types\/product"}],"author":[{"embeddable":true,"href":"https:\/\/fanmerch.fi\/en\/wp-json\/wp\/v2\/users\/32"}],"version-history":[{"count":2,"href":"https:\/\/fanmerch.fi\/en\/wp-json\/wp\/v2\/product\/51801\/revisions"}],"predecessor-version":[{"id":51805,"href":"https:\/\/fanmerch.fi\/en\/wp-json\/wp\/v2\/product\/51801\/revisions\/51805"}],"wp:featuredmedia":[{"embeddable":true,"href":"https:\/\/fanmerch.fi\/en\/wp-json\/wp\/v2\/media\/51802"}],"wp:attachment":[{"href":"https:\/\/fanmerch.fi\/en\/wp-json\/wp\/v2\/media?parent=51801"}],"wp:term":[{"taxonomy":"product_brand","embeddable":true,"href":"https:\/\/fanmerch.fi\/en\/wp-json\/wp\/v2\/product_brand?post=51801"},{"taxonomy":"product_cat","embeddable":true,"href":"https:\/\/fanmerch.fi\/en\/wp-json\/wp\/v2\/product_cat?post=51801"},{"taxonomy":"product_tag","embeddable":true,"href":"https:\/\/fanmerch.fi\/en\/wp-json\/wp\/v2\/product_tag?post=51801"}],"curies":[{"name":"wp","href":"https:\/\/api.w.org\/{rel}","templated":true}]}}