{"id":52283,"date":"2025-07-24T23:20:47","date_gmt":"2025-07-24T20:20:47","guid":{"rendered":"https:\/\/fanmerch.fi\/?post_type=product&#038;p=52283"},"modified":"2025-07-24T23:22:02","modified_gmt":"2025-07-24T20:22:02","slug":"pakkalan-palloseura-aviapolis-black-kids-tee","status":"publish","type":"product","link":"https:\/\/fanmerch.fi\/en\/product\/pakkalan-palloseura-aviapolis-black-kids-tee\/","title":{"rendered":"Aviapolis, Kids Tee"},"content":{"rendered":"","protected":false},"excerpt":{"rendered":"<p class=\"ai-optimize-16\">Lasten musta t-paita pehme\u00e4st\u00e4 puuvillasta. Kaularesorissa joustavaa elastaania. Edess\u00e4 &#8221;Aviapolis&#8221; -painatus.<\/p>\n<ul>\n<li class=\"ai-optimize-17\">\n<h5 class=\"ai-optimize-18\"><strong>Printed product, delivery time 5-10 business days<\/strong><\/h5>\n<\/li>\n<li class=\"ai-optimize-19\">\n<h5 class=\"ai-optimize-20\"><strong>100% puuvilla, 145 g\/m2<\/strong><\/h5>\n<\/li>\n<\/ul>","protected":false},"author":1,"featured_media":52286,"template":"","meta":[],"product_brand":[],"product_cat":[234],"product_tag":[136,31,235],"class_list":{"0":"post-52283","1":"product","2":"type-product","3":"status-publish","4":"has-post-thumbnail","6":"product_cat-pakkalan-palloseura","7":"product_tag-kaikki","8":"product_tag-lasten-tuotteet","9":"product_tag-pakkalan-palloseura","10":"product_shipping_class-matkahuolto","12":"first","13":"instock","14":"taxable","15":"shipping-taxable","16":"purchasable","17":"product-type-variable"},"yoast_head":"<!-- This site is optimized with the Yoast SEO Premium plugin v26.9 (Yoast SEO v27.4) - https:\/\/yoast.com\/product\/yoast-seo-premium-wordpress\/ -->\n<title>Pakalan Palloseura | Aviapolis, Kids Tee | Fanmerch Finland<\/title>\n<meta name=\"robots\" content=\"index, follow, max-snippet:-1, max-image-preview:large, max-video-preview:-1\" \/>\n<link rel=\"canonical\" href=\"https:\/\/fanmerch.fi\/en\/product\/pakkalan-palloseura-aviapolis-black-kids-tee\/\" \/>\n<meta property=\"og:locale\" content=\"en_GB\" \/>\n<meta property=\"og:type\" content=\"article\" \/>\n<meta property=\"og:title\" content=\"Gladiators Hockey | Aviapolis, Kids Tee | Fanmerch Finland\" \/>\n<meta property=\"og:description\" content=\"Sporttinen ja trendik\u00e4s vaalenaharmaa huppari s\u00e4\u00e4dett\u00e4v\u00e4ll\u00e4 hupulla ja isolla kengurutaskulla. Huppari on eritt\u00e4in laadukas ja valmistettu korkeatasoisista materiaaleista. Edess\u00e4 iso &quot;Distressed Shield&quot; -painatus.\" \/>\n<meta property=\"og:url\" content=\"https:\/\/fanmerch.fi\/en\/product\/pakkalan-palloseura-aviapolis-black-kids-tee\/\" \/>\n<meta property=\"og:site_name\" content=\"Fanmerch Finland\" \/>\n<meta property=\"article:modified_time\" content=\"2025-07-24T20:22:02+00:00\" \/>\n<meta property=\"og:image\" content=\"https:\/\/fanmerch.fi\/wp-content\/uploads\/2025\/07\/pps-aviapolis-black-kids-tee-torso.jpg\" \/>\n\t<meta property=\"og:image:width\" content=\"848\" \/>\n\t<meta property=\"og:image:height\" content=\"1100\" \/>\n\t<meta property=\"og:image:type\" content=\"image\/jpeg\" \/>\n<meta name=\"twitter:card\" content=\"summary_large_image\" \/>\n<meta name=\"twitter:title\" content=\"Gladiators Hockey | Aviapolis, Kids Tee | Fanmerch Finland\" \/>\n<meta name=\"twitter:description\" content=\"Sporttinen ja trendik\u00e4s vaalenaharmaa huppari s\u00e4\u00e4dett\u00e4v\u00e4ll\u00e4 hupulla ja isolla kengurutaskulla. Huppari on eritt\u00e4in laadukas ja valmistettu korkeatasoisista materiaaleista. Edess\u00e4 iso &quot;Distressed Shield&quot; -painatus.\" \/>\n<meta name=\"twitter:label1\" content=\"Availability\" \/>\n\t<meta name=\"twitter:data1\" content=\"In stock\" \/>\n<script type=\"application\/ld+json\" class=\"yoast-schema-graph\">{\"@context\":\"https:\\\/\\\/schema.org\",\"@graph\":[{\"@type\":\"WebPage\",\"@id\":\"https:\\\/\\\/fanmerch.fi\\\/tuote\\\/pakkalan-palloseura-aviapolis-black-kids-tee\\\/\",\"url\":\"https:\\\/\\\/fanmerch.fi\\\/tuote\\\/pakkalan-palloseura-aviapolis-black-kids-tee\\\/\",\"name\":\"Pakalan Palloseura | Aviapolis, Kids Tee | Fanmerch Finland\",\"isPartOf\":{\"@id\":\"https:\\\/\\\/fanmerch.fi\\\/#website\"},\"primaryImageOfPage\":{\"@id\":\"https:\\\/\\\/fanmerch.fi\\\/tuote\\\/pakkalan-palloseura-aviapolis-black-kids-tee\\\/#primaryimage\"},\"image\":{\"@id\":\"https:\\\/\\\/fanmerch.fi\\\/tuote\\\/pakkalan-palloseura-aviapolis-black-kids-tee\\\/#primaryimage\"},\"thumbnailUrl\":\"https:\\\/\\\/fanmerch.fi\\\/wp-content\\\/uploads\\\/2025\\\/07\\\/pps-aviapolis-black-kids-tee-torso.jpg\",\"datePublished\":\"2025-07-24T20:20:47+00:00\",\"dateModified\":\"2025-07-24T20:22:02+00:00\",\"breadcrumb\":{\"@id\":\"https:\\\/\\\/fanmerch.fi\\\/tuote\\\/pakkalan-palloseura-aviapolis-black-kids-tee\\\/#breadcrumb\"},\"inLanguage\":\"en-GB\",\"potentialAction\":[{\"@type\":\"ReadAction\",\"target\":[\"https:\\\/\\\/fanmerch.fi\\\/tuote\\\/pakkalan-palloseura-aviapolis-black-kids-tee\\\/\"]}]},{\"@type\":\"ImageObject\",\"inLanguage\":\"en-GB\",\"@id\":\"https:\\\/\\\/fanmerch.fi\\\/tuote\\\/pakkalan-palloseura-aviapolis-black-kids-tee\\\/#primaryimage\",\"url\":\"https:\\\/\\\/fanmerch.fi\\\/wp-content\\\/uploads\\\/2025\\\/07\\\/pps-aviapolis-black-kids-tee-torso.jpg\",\"contentUrl\":\"https:\\\/\\\/fanmerch.fi\\\/wp-content\\\/uploads\\\/2025\\\/07\\\/pps-aviapolis-black-kids-tee-torso.jpg\",\"width\":848,\"height\":1100},{\"@type\":\"BreadcrumbList\",\"@id\":\"https:\\\/\\\/fanmerch.fi\\\/tuote\\\/pakkalan-palloseura-aviapolis-black-kids-tee\\\/#breadcrumb\",\"itemListElement\":[{\"@type\":\"ListItem\",\"position\":1,\"name\":\"Etusivu\",\"item\":\"https:\\\/\\\/fanmerch.fi\\\/\"},{\"@type\":\"ListItem\",\"position\":2,\"name\":\"Kauppa\",\"item\":\"https:\\\/\\\/fanmerch.fi\\\/kauppa\\\/\"},{\"@type\":\"ListItem\",\"position\":3,\"name\":\"Aviapolis, Kids Tee\"}]},{\"@type\":\"WebSite\",\"@id\":\"https:\\\/\\\/fanmerch.fi\\\/#website\",\"url\":\"https:\\\/\\\/fanmerch.fi\\\/\",\"name\":\"Fanmerch Finland\",\"description\":\"\",\"potentialAction\":[{\"@type\":\"SearchAction\",\"target\":{\"@type\":\"EntryPoint\",\"urlTemplate\":\"https:\\\/\\\/fanmerch.fi\\\/?s={search_term_string}\"},\"query-input\":{\"@type\":\"PropertyValueSpecification\",\"valueRequired\":true,\"valueName\":\"search_term_string\"}}],\"inLanguage\":\"en-GB\"}]}<\/script>\n<meta property=\"og:availability\" content=\"instock\" \/>\n<meta property=\"product:availability\" content=\"instock\" \/>\n<meta property=\"product:retailer_item_id\" content=\"Pakkalan Palloseura \/ Aviapolis \/ Black \/ Kids \/ Tee\" \/>\n<meta property=\"product:condition\" content=\"new\" \/>\n<!-- \/ Yoast SEO Premium plugin. -->","yoast_head_json":{"title":"Pakalan Palloseura | Aviapolis, Kids Tee | Fanmerch Finland","robots":{"index":"index","follow":"follow","max-snippet":"max-snippet:-1","max-image-preview":"max-image-preview:large","max-video-preview":"max-video-preview:-1"},"canonical":"https:\/\/fanmerch.fi\/en\/product\/pakkalan-palloseura-aviapolis-black-kids-tee\/","og_locale":"en_GB","og_type":"article","og_title":"Gladiators Hockey | Aviapolis, Kids Tee | Fanmerch Finland","og_description":"Sporttinen ja trendik\u00e4s vaalenaharmaa huppari s\u00e4\u00e4dett\u00e4v\u00e4ll\u00e4 hupulla ja isolla kengurutaskulla. Huppari on eritt\u00e4in laadukas ja valmistettu korkeatasoisista materiaaleista. Edess\u00e4 iso \"Distressed Shield\" -painatus.","og_url":"https:\/\/fanmerch.fi\/en\/product\/pakkalan-palloseura-aviapolis-black-kids-tee\/","og_site_name":"Fanmerch Finland","article_modified_time":"2025-07-24T20:22:02+00:00","og_image":[{"width":848,"height":1100,"url":"https:\/\/fanmerch.fi\/wp-content\/uploads\/2025\/07\/pps-aviapolis-black-kids-tee-torso.jpg","type":"image\/jpeg"}],"twitter_card":"summary_large_image","twitter_title":"Gladiators Hockey | Aviapolis, Kids Tee | Fanmerch Finland","twitter_description":"Sporttinen ja trendik\u00e4s vaalenaharmaa huppari s\u00e4\u00e4dett\u00e4v\u00e4ll\u00e4 hupulla ja isolla kengurutaskulla. Huppari on eritt\u00e4in laadukas ja valmistettu korkeatasoisista materiaaleista. Edess\u00e4 iso \"Distressed Shield\" -painatus.","twitter_misc":{"Availability":"In stock"},"schema":{"@context":"https:\/\/schema.org","@graph":[{"@type":"WebPage","@id":"https:\/\/fanmerch.fi\/tuote\/pakkalan-palloseura-aviapolis-black-kids-tee\/","url":"https:\/\/fanmerch.fi\/tuote\/pakkalan-palloseura-aviapolis-black-kids-tee\/","name":"Pakalan Palloseura | Aviapolis, Kids Tee | Fanmerch Finland","isPartOf":{"@id":"https:\/\/fanmerch.fi\/#website"},"primaryImageOfPage":{"@id":"https:\/\/fanmerch.fi\/tuote\/pakkalan-palloseura-aviapolis-black-kids-tee\/#primaryimage"},"image":{"@id":"https:\/\/fanmerch.fi\/tuote\/pakkalan-palloseura-aviapolis-black-kids-tee\/#primaryimage"},"thumbnailUrl":"https:\/\/fanmerch.fi\/wp-content\/uploads\/2025\/07\/pps-aviapolis-black-kids-tee-torso.jpg","datePublished":"2025-07-24T20:20:47+00:00","dateModified":"2025-07-24T20:22:02+00:00","breadcrumb":{"@id":"https:\/\/fanmerch.fi\/tuote\/pakkalan-palloseura-aviapolis-black-kids-tee\/#breadcrumb"},"inLanguage":"en-GB","potentialAction":[{"@type":"ReadAction","target":["https:\/\/fanmerch.fi\/tuote\/pakkalan-palloseura-aviapolis-black-kids-tee\/"]}]},{"@type":"ImageObject","inLanguage":"en-GB","@id":"https:\/\/fanmerch.fi\/tuote\/pakkalan-palloseura-aviapolis-black-kids-tee\/#primaryimage","url":"https:\/\/fanmerch.fi\/wp-content\/uploads\/2025\/07\/pps-aviapolis-black-kids-tee-torso.jpg","contentUrl":"https:\/\/fanmerch.fi\/wp-content\/uploads\/2025\/07\/pps-aviapolis-black-kids-tee-torso.jpg","width":848,"height":1100},{"@type":"BreadcrumbList","@id":"https:\/\/fanmerch.fi\/tuote\/pakkalan-palloseura-aviapolis-black-kids-tee\/#breadcrumb","itemListElement":[{"@type":"ListItem","position":1,"name":"Etusivu","item":"https:\/\/fanmerch.fi\/"},{"@type":"ListItem","position":2,"name":"Kauppa","item":"https:\/\/fanmerch.fi\/kauppa\/"},{"@type":"ListItem","position":3,"name":"Aviapolis, Kids Tee"}]},{"@type":"WebSite","@id":"https:\/\/fanmerch.fi\/#website","url":"https:\/\/fanmerch.fi\/","name":"Fanmerch Finland","description":"","potentialAction":[{"@type":"SearchAction","target":{"@type":"EntryPoint","urlTemplate":"https:\/\/fanmerch.fi\/?s={search_term_string}"},"query-input":{"@type":"PropertyValueSpecification","valueRequired":true,"valueName":"search_term_string"}}],"inLanguage":"en-GB"}]},"og_availability":"instock","product_availability":"instock","product_retailer_item_id":"Pakkalan Palloseura \/ Aviapolis \/ Black \/ Kids \/ Tee","product_condition":"new"},"_links":{"self":[{"href":"https:\/\/fanmerch.fi\/en\/wp-json\/wp\/v2\/product\/52283","targetHints":{"allow":["GET"]}}],"collection":[{"href":"https:\/\/fanmerch.fi\/en\/wp-json\/wp\/v2\/product"}],"about":[{"href":"https:\/\/fanmerch.fi\/en\/wp-json\/wp\/v2\/types\/product"}],"author":[{"embeddable":true,"href":"https:\/\/fanmerch.fi\/en\/wp-json\/wp\/v2\/users\/1"}],"version-history":[{"count":1,"href":"https:\/\/fanmerch.fi\/en\/wp-json\/wp\/v2\/product\/52283\/revisions"}],"predecessor-version":[{"id":52287,"href":"https:\/\/fanmerch.fi\/en\/wp-json\/wp\/v2\/product\/52283\/revisions\/52287"}],"wp:featuredmedia":[{"embeddable":true,"href":"https:\/\/fanmerch.fi\/en\/wp-json\/wp\/v2\/media\/52286"}],"wp:attachment":[{"href":"https:\/\/fanmerch.fi\/en\/wp-json\/wp\/v2\/media?parent=52283"}],"wp:term":[{"taxonomy":"product_brand","embeddable":true,"href":"https:\/\/fanmerch.fi\/en\/wp-json\/wp\/v2\/product_brand?post=52283"},{"taxonomy":"product_cat","embeddable":true,"href":"https:\/\/fanmerch.fi\/en\/wp-json\/wp\/v2\/product_cat?post=52283"},{"taxonomy":"product_tag","embeddable":true,"href":"https:\/\/fanmerch.fi\/en\/wp-json\/wp\/v2\/product_tag?post=52283"}],"curies":[{"name":"wp","href":"https:\/\/api.w.org\/{rel}","templated":true}]}}