{"id":53151,"date":"2025-11-03T15:25:14","date_gmt":"2025-11-03T12:25:14","guid":{"rendered":"https:\/\/fanmerch.fi\/?post_type=product&#038;p=53151"},"modified":"2026-01-27T18:46:30","modified_gmt":"2026-01-27T15:46:30","slug":"suolahden-urho-tupsupipo","status":"publish","type":"product","link":"https:\/\/fanmerch.fi\/en\/product\/suolahden-urho-tupsupipo\/","title":{"rendered":"Pom Pom Beanie"},"content":{"rendered":"","protected":false},"excerpt":{"rendered":"<p class=\"ai-optimize-10\">Tyylik\u00e4s kudottu Suolahden Urho tupsupipo. Edess\u00e4 Urho -logobrodeeraus. Yksi koko, sopii useimmille.<\/p>\n<ul>\n<li class=\"ai-optimize-11\">\n<h5 class=\"ai-optimize-12\"><strong>Delivery time 5-10 business days<\/strong><\/h5>\n<\/li>\n<li class=\"ai-optimize-13\">\n<h5 class=\"ai-optimize-14\"><strong>100% Acrylic<\/strong><\/h5>\n<\/li>\n<\/ul>","protected":false},"author":36,"featured_media":53152,"template":"","meta":[],"product_brand":[],"product_cat":[245],"product_tag":[136,170,244],"class_list":{"0":"post-53151","1":"product","2":"type-product","3":"status-publish","4":"has-post-thumbnail","6":"product_cat-suolahden-urho","7":"product_tag-kaikki","8":"product_tag-paahineet","9":"product_tag-suolahden-urho","11":"first","12":"outofstock","13":"taxable","14":"shipping-taxable","15":"purchasable","16":"product-type-simple"},"yoast_head":"<!-- This site is optimized with the Yoast SEO Premium plugin v26.9 (Yoast SEO v27.4) - https:\/\/yoast.com\/product\/yoast-seo-premium-wordpress\/ -->\n<title>Suolahden Urho - Tupsupipo | Fanmerch Finland<\/title>\n<meta name=\"robots\" content=\"index, follow, max-snippet:-1, max-image-preview:large, max-video-preview:-1\" \/>\n<link rel=\"canonical\" href=\"https:\/\/fanmerch.fi\/en\/product\/suolahden-urho-tupsupipo\/\" \/>\n<meta property=\"og:locale\" content=\"en_GB\" \/>\n<meta property=\"og:type\" content=\"article\" \/>\n<meta property=\"og:title\" content=\"Tupsupipo\" \/>\n<meta property=\"og:description\" content=\"Tyylik\u00e4s kudottu Suolahden Urho tupsupipo. Edess\u00e4 Urho -logobrodeeraus. Yksi koko, sopii useimmille.     Toimitusaika 3-5 arkip\u00e4iv\u00e4\u00e4    100% Akryyli\" \/>\n<meta property=\"og:url\" content=\"https:\/\/fanmerch.fi\/en\/product\/suolahden-urho-tupsupipo\/\" \/>\n<meta property=\"og:site_name\" content=\"Fanmerch Finland\" \/>\n<meta property=\"article:modified_time\" content=\"2026-01-27T15:46:30+00:00\" \/>\n<meta property=\"og:image\" content=\"https:\/\/fanmerch.fi\/wp-content\/uploads\/2025\/11\/suolahden-urho-tupsupipo-2025.jpg\" \/>\n\t<meta property=\"og:image:width\" content=\"1695\" \/>\n\t<meta property=\"og:image:height\" content=\"2200\" \/>\n\t<meta property=\"og:image:type\" content=\"image\/jpeg\" \/>\n<meta name=\"twitter:card\" content=\"summary_large_image\" \/>\n<meta name=\"twitter:label1\" content=\"Price\" \/>\n\t<meta name=\"twitter:data1\" content=\"25.00&euro;\" \/>\n\t<meta name=\"twitter:label2\" content=\"Availability\" \/>\n\t<meta name=\"twitter:data2\" content=\"Out of stock\" \/>\n<script type=\"application\/ld+json\" class=\"yoast-schema-graph\">{\"@context\":\"https:\\\/\\\/schema.org\",\"@graph\":[{\"@type\":\"WebPage\",\"@id\":\"https:\\\/\\\/fanmerch.fi\\\/tuote\\\/suolahden-urho-tupsupipo\\\/\",\"url\":\"https:\\\/\\\/fanmerch.fi\\\/tuote\\\/suolahden-urho-tupsupipo\\\/\",\"name\":\"Suolahden Urho - Tupsupipo | Fanmerch Finland\",\"isPartOf\":{\"@id\":\"https:\\\/\\\/fanmerch.fi\\\/#website\"},\"primaryImageOfPage\":{\"@id\":\"https:\\\/\\\/fanmerch.fi\\\/tuote\\\/suolahden-urho-tupsupipo\\\/#primaryimage\"},\"image\":{\"@id\":\"https:\\\/\\\/fanmerch.fi\\\/tuote\\\/suolahden-urho-tupsupipo\\\/#primaryimage\"},\"thumbnailUrl\":\"https:\\\/\\\/fanmerch.fi\\\/wp-content\\\/uploads\\\/2025\\\/11\\\/suolahden-urho-tupsupipo-2025.jpg\",\"datePublished\":\"2025-11-03T12:25:14+00:00\",\"dateModified\":\"2026-01-27T15:46:30+00:00\",\"breadcrumb\":{\"@id\":\"https:\\\/\\\/fanmerch.fi\\\/tuote\\\/suolahden-urho-tupsupipo\\\/#breadcrumb\"},\"inLanguage\":\"en-GB\",\"potentialAction\":[{\"@type\":\"ReadAction\",\"target\":[\"https:\\\/\\\/fanmerch.fi\\\/tuote\\\/suolahden-urho-tupsupipo\\\/\"]}]},{\"@type\":\"ImageObject\",\"inLanguage\":\"en-GB\",\"@id\":\"https:\\\/\\\/fanmerch.fi\\\/tuote\\\/suolahden-urho-tupsupipo\\\/#primaryimage\",\"url\":\"https:\\\/\\\/fanmerch.fi\\\/wp-content\\\/uploads\\\/2025\\\/11\\\/suolahden-urho-tupsupipo-2025.jpg\",\"contentUrl\":\"https:\\\/\\\/fanmerch.fi\\\/wp-content\\\/uploads\\\/2025\\\/11\\\/suolahden-urho-tupsupipo-2025.jpg\",\"width\":1695,\"height\":2200},{\"@type\":\"BreadcrumbList\",\"@id\":\"https:\\\/\\\/fanmerch.fi\\\/tuote\\\/suolahden-urho-tupsupipo\\\/#breadcrumb\",\"itemListElement\":[{\"@type\":\"ListItem\",\"position\":1,\"name\":\"Etusivu\",\"item\":\"https:\\\/\\\/fanmerch.fi\\\/\"},{\"@type\":\"ListItem\",\"position\":2,\"name\":\"Kauppa\",\"item\":\"https:\\\/\\\/fanmerch.fi\\\/kauppa\\\/\"},{\"@type\":\"ListItem\",\"position\":3,\"name\":\"Tupsupipo\"}]},{\"@type\":\"WebSite\",\"@id\":\"https:\\\/\\\/fanmerch.fi\\\/#website\",\"url\":\"https:\\\/\\\/fanmerch.fi\\\/\",\"name\":\"Fanmerch Finland\",\"description\":\"\",\"potentialAction\":[{\"@type\":\"SearchAction\",\"target\":{\"@type\":\"EntryPoint\",\"urlTemplate\":\"https:\\\/\\\/fanmerch.fi\\\/?s={search_term_string}\"},\"query-input\":{\"@type\":\"PropertyValueSpecification\",\"valueRequired\":true,\"valueName\":\"search_term_string\"}}],\"inLanguage\":\"en-GB\"}]}<\/script>\n<meta property=\"product:price:amount\" content=\"25.00\" \/>\n<meta property=\"product:price:currency\" content=\"EUR\" \/>\n<meta property=\"og:availability\" content=\"out of stock\" \/>\n<meta property=\"product:availability\" content=\"out of stock\" \/>\n<meta property=\"product:retailer_item_id\" content=\"Suolahden Urho \/ Tupsupipo\" \/>\n<meta property=\"product:condition\" content=\"new\" \/>\n<!-- \/ Yoast SEO Premium plugin. -->","yoast_head_json":{"title":"Suolahden Urho - Tupsupipo | Fanmerch Finland","robots":{"index":"index","follow":"follow","max-snippet":"max-snippet:-1","max-image-preview":"max-image-preview:large","max-video-preview":"max-video-preview:-1"},"canonical":"https:\/\/fanmerch.fi\/en\/product\/suolahden-urho-tupsupipo\/","og_locale":"en_GB","og_type":"article","og_title":"Tupsupipo","og_description":"Tyylik\u00e4s kudottu Suolahden Urho tupsupipo. Edess\u00e4 Urho -logobrodeeraus. Yksi koko, sopii useimmille.     Toimitusaika 3-5 arkip\u00e4iv\u00e4\u00e4    100% Akryyli","og_url":"https:\/\/fanmerch.fi\/en\/product\/suolahden-urho-tupsupipo\/","og_site_name":"Fanmerch Finland","article_modified_time":"2026-01-27T15:46:30+00:00","og_image":[{"width":1695,"height":2200,"url":"https:\/\/fanmerch.fi\/wp-content\/uploads\/2025\/11\/suolahden-urho-tupsupipo-2025.jpg","type":"image\/jpeg"}],"twitter_card":"summary_large_image","twitter_misc":{"Price":"25.00&euro;","Availability":"Out of stock"},"schema":{"@context":"https:\/\/schema.org","@graph":[{"@type":"WebPage","@id":"https:\/\/fanmerch.fi\/tuote\/suolahden-urho-tupsupipo\/","url":"https:\/\/fanmerch.fi\/tuote\/suolahden-urho-tupsupipo\/","name":"Suolahden Urho - Tupsupipo | Fanmerch Finland","isPartOf":{"@id":"https:\/\/fanmerch.fi\/#website"},"primaryImageOfPage":{"@id":"https:\/\/fanmerch.fi\/tuote\/suolahden-urho-tupsupipo\/#primaryimage"},"image":{"@id":"https:\/\/fanmerch.fi\/tuote\/suolahden-urho-tupsupipo\/#primaryimage"},"thumbnailUrl":"https:\/\/fanmerch.fi\/wp-content\/uploads\/2025\/11\/suolahden-urho-tupsupipo-2025.jpg","datePublished":"2025-11-03T12:25:14+00:00","dateModified":"2026-01-27T15:46:30+00:00","breadcrumb":{"@id":"https:\/\/fanmerch.fi\/tuote\/suolahden-urho-tupsupipo\/#breadcrumb"},"inLanguage":"en-GB","potentialAction":[{"@type":"ReadAction","target":["https:\/\/fanmerch.fi\/tuote\/suolahden-urho-tupsupipo\/"]}]},{"@type":"ImageObject","inLanguage":"en-GB","@id":"https:\/\/fanmerch.fi\/tuote\/suolahden-urho-tupsupipo\/#primaryimage","url":"https:\/\/fanmerch.fi\/wp-content\/uploads\/2025\/11\/suolahden-urho-tupsupipo-2025.jpg","contentUrl":"https:\/\/fanmerch.fi\/wp-content\/uploads\/2025\/11\/suolahden-urho-tupsupipo-2025.jpg","width":1695,"height":2200},{"@type":"BreadcrumbList","@id":"https:\/\/fanmerch.fi\/tuote\/suolahden-urho-tupsupipo\/#breadcrumb","itemListElement":[{"@type":"ListItem","position":1,"name":"Etusivu","item":"https:\/\/fanmerch.fi\/"},{"@type":"ListItem","position":2,"name":"Kauppa","item":"https:\/\/fanmerch.fi\/kauppa\/"},{"@type":"ListItem","position":3,"name":"Tupsupipo"}]},{"@type":"WebSite","@id":"https:\/\/fanmerch.fi\/#website","url":"https:\/\/fanmerch.fi\/","name":"Fanmerch Finland","description":"","potentialAction":[{"@type":"SearchAction","target":{"@type":"EntryPoint","urlTemplate":"https:\/\/fanmerch.fi\/?s={search_term_string}"},"query-input":{"@type":"PropertyValueSpecification","valueRequired":true,"valueName":"search_term_string"}}],"inLanguage":"en-GB"}]},"product_price_amount":"25.00","product_price_currency":"EUR","og_availability":"out of stock","product_availability":"out of stock","product_retailer_item_id":"Suolahden Urho \/ Tupsupipo","product_condition":"new"},"_links":{"self":[{"href":"https:\/\/fanmerch.fi\/en\/wp-json\/wp\/v2\/product\/53151","targetHints":{"allow":["GET"]}}],"collection":[{"href":"https:\/\/fanmerch.fi\/en\/wp-json\/wp\/v2\/product"}],"about":[{"href":"https:\/\/fanmerch.fi\/en\/wp-json\/wp\/v2\/types\/product"}],"author":[{"embeddable":true,"href":"https:\/\/fanmerch.fi\/en\/wp-json\/wp\/v2\/users\/36"}],"version-history":[{"count":1,"href":"https:\/\/fanmerch.fi\/en\/wp-json\/wp\/v2\/product\/53151\/revisions"}],"predecessor-version":[{"id":53153,"href":"https:\/\/fanmerch.fi\/en\/wp-json\/wp\/v2\/product\/53151\/revisions\/53153"}],"wp:featuredmedia":[{"embeddable":true,"href":"https:\/\/fanmerch.fi\/en\/wp-json\/wp\/v2\/media\/53152"}],"wp:attachment":[{"href":"https:\/\/fanmerch.fi\/en\/wp-json\/wp\/v2\/media?parent=53151"}],"wp:term":[{"taxonomy":"product_brand","embeddable":true,"href":"https:\/\/fanmerch.fi\/en\/wp-json\/wp\/v2\/product_brand?post=53151"},{"taxonomy":"product_cat","embeddable":true,"href":"https:\/\/fanmerch.fi\/en\/wp-json\/wp\/v2\/product_cat?post=53151"},{"taxonomy":"product_tag","embeddable":true,"href":"https:\/\/fanmerch.fi\/en\/wp-json\/wp\/v2\/product_tag?post=53151"}],"curies":[{"name":"wp","href":"https:\/\/api.w.org\/{rel}","templated":true}]}}