{"id":53589,"date":"2025-11-20T18:15:23","date_gmt":"2025-11-20T15:15:23","guid":{"rendered":"https:\/\/fanmerch.fi\/?post_type=product&#038;p=53589"},"modified":"2025-12-04T12:41:53","modified_gmt":"2025-12-04T09:41:53","slug":"pallo-iirot-royal-blue-baseball-lippis","status":"publish","type":"product","link":"https:\/\/fanmerch.fi\/en\/product\/pallo-iirot-royal-blue-baseball-lippis\/","title":{"rendered":"Baseball -lippis"},"content":{"rendered":"","protected":false},"excerpt":{"rendered":"<p class=\"ai-optimize-18\">Laadukas sininen Pallo-Iirot baseball -lippis. Edess\u00e4 n\u00e4ytt\u00e4v\u00e4 Pallo-Iirot-patch-logobrodeeraus. Yksi koko \u2013 sopii useimmille.<\/p>\n<ul>\n<li class=\"ai-optimize-19\">\n<h5 class=\"ai-optimize-20\"><strong>Delivery time 5-10 business days<\/strong><\/h5>\n<\/li>\n<li class=\"ai-optimize-21\">\n<h5 class=\"ai-optimize-22\"><strong>100% puuvilla, snapback -kiinnitys<\/strong><\/h5>\n<\/li>\n<\/ul>","protected":false},"author":16,"featured_media":53302,"template":"","meta":[],"product_brand":[],"product_cat":[140],"product_tag":[136,170,143],"class_list":{"0":"post-53589","1":"product","2":"type-product","3":"status-publish","4":"has-post-thumbnail","6":"product_cat-pallo-iirot","7":"product_tag-kaikki","8":"product_tag-paahineet","9":"product_tag-pallo-iirot","11":"first","12":"instock","13":"taxable","14":"shipping-taxable","15":"purchasable","16":"product-type-simple"},"yoast_head":"<!-- This site is optimized with the Yoast SEO Premium plugin v26.9 (Yoast SEO v27.4) - https:\/\/yoast.com\/product\/yoast-seo-premium-wordpress\/ -->\n<title>Pallo-Iirot | Baseball -lippis | Fanmerch Finland<\/title>\n<meta name=\"robots\" content=\"index, follow, max-snippet:-1, max-image-preview:large, max-video-preview:-1\" \/>\n<link rel=\"canonical\" href=\"https:\/\/fanmerch.fi\/en\/product\/pallo-iirot-royal-blue-baseball-lippis\/\" \/>\n<meta property=\"og:locale\" content=\"en_GB\" \/>\n<meta property=\"og:type\" content=\"article\" \/>\n<meta property=\"og:title\" content=\"Baseball -lippis\" \/>\n<meta property=\"og:description\" content=\"Laadukas sininen Pallo-Iirot baseball -lippis. Edess\u00e4 n\u00e4ytt\u00e4v\u00e4 Pallo-Iirot-patch-logobrodeeraus. Yksi koko \u2013 sopii useimmille.     Toimitusaika 3-5 arkip\u00e4iv\u00e4\u00e4    100% puuvilla, snapback -kiinnitys\" \/>\n<meta property=\"og:url\" content=\"https:\/\/fanmerch.fi\/en\/product\/pallo-iirot-royal-blue-baseball-lippis\/\" \/>\n<meta property=\"og:site_name\" content=\"Fanmerch Finland\" \/>\n<meta property=\"article:modified_time\" content=\"2025-12-04T09:41:53+00:00\" \/>\n<meta property=\"og:image\" content=\"https:\/\/fanmerch.fi\/wp-content\/uploads\/2024\/11\/pallo-iirot-baseball-lippis-royal-blue-side.jpg\" \/>\n\t<meta property=\"og:image:width\" content=\"1538\" \/>\n\t<meta property=\"og:image:height\" content=\"2000\" \/>\n\t<meta property=\"og:image:type\" content=\"image\/jpeg\" \/>\n<meta name=\"twitter:card\" content=\"summary_large_image\" \/>\n<meta name=\"twitter:label1\" content=\"Price\" \/>\n\t<meta name=\"twitter:data1\" content=\"20.00&euro;\" \/>\n\t<meta name=\"twitter:label2\" content=\"Availability\" \/>\n\t<meta name=\"twitter:data2\" content=\"In stock\" \/>\n<script type=\"application\/ld+json\" class=\"yoast-schema-graph\">{\"@context\":\"https:\\\/\\\/schema.org\",\"@graph\":[{\"@type\":\"WebPage\",\"@id\":\"https:\\\/\\\/fanmerch.fi\\\/tuote\\\/pallo-iirot-royal-blue-baseball-lippis\\\/\",\"url\":\"https:\\\/\\\/fanmerch.fi\\\/tuote\\\/pallo-iirot-royal-blue-baseball-lippis\\\/\",\"name\":\"Pallo-Iirot | Baseball -lippis | Fanmerch Finland\",\"isPartOf\":{\"@id\":\"https:\\\/\\\/fanmerch.fi\\\/#website\"},\"primaryImageOfPage\":{\"@id\":\"https:\\\/\\\/fanmerch.fi\\\/tuote\\\/pallo-iirot-royal-blue-baseball-lippis\\\/#primaryimage\"},\"image\":{\"@id\":\"https:\\\/\\\/fanmerch.fi\\\/tuote\\\/pallo-iirot-royal-blue-baseball-lippis\\\/#primaryimage\"},\"thumbnailUrl\":\"https:\\\/\\\/fanmerch.fi\\\/wp-content\\\/uploads\\\/2024\\\/11\\\/pallo-iirot-baseball-lippis-royal-blue-side.jpg\",\"datePublished\":\"2025-11-20T15:15:23+00:00\",\"dateModified\":\"2025-12-04T09:41:53+00:00\",\"breadcrumb\":{\"@id\":\"https:\\\/\\\/fanmerch.fi\\\/tuote\\\/pallo-iirot-royal-blue-baseball-lippis\\\/#breadcrumb\"},\"inLanguage\":\"en-GB\",\"potentialAction\":[{\"@type\":\"ReadAction\",\"target\":[\"https:\\\/\\\/fanmerch.fi\\\/tuote\\\/pallo-iirot-royal-blue-baseball-lippis\\\/\"]}]},{\"@type\":\"ImageObject\",\"inLanguage\":\"en-GB\",\"@id\":\"https:\\\/\\\/fanmerch.fi\\\/tuote\\\/pallo-iirot-royal-blue-baseball-lippis\\\/#primaryimage\",\"url\":\"https:\\\/\\\/fanmerch.fi\\\/wp-content\\\/uploads\\\/2024\\\/11\\\/pallo-iirot-baseball-lippis-royal-blue-side.jpg\",\"contentUrl\":\"https:\\\/\\\/fanmerch.fi\\\/wp-content\\\/uploads\\\/2024\\\/11\\\/pallo-iirot-baseball-lippis-royal-blue-side.jpg\",\"width\":1538,\"height\":2000},{\"@type\":\"BreadcrumbList\",\"@id\":\"https:\\\/\\\/fanmerch.fi\\\/tuote\\\/pallo-iirot-royal-blue-baseball-lippis\\\/#breadcrumb\",\"itemListElement\":[{\"@type\":\"ListItem\",\"position\":1,\"name\":\"Etusivu\",\"item\":\"https:\\\/\\\/fanmerch.fi\\\/\"},{\"@type\":\"ListItem\",\"position\":2,\"name\":\"Kauppa\",\"item\":\"https:\\\/\\\/fanmerch.fi\\\/kauppa\\\/\"},{\"@type\":\"ListItem\",\"position\":3,\"name\":\"Baseball -lippis\"}]},{\"@type\":\"WebSite\",\"@id\":\"https:\\\/\\\/fanmerch.fi\\\/#website\",\"url\":\"https:\\\/\\\/fanmerch.fi\\\/\",\"name\":\"Fanmerch Finland\",\"description\":\"\",\"potentialAction\":[{\"@type\":\"SearchAction\",\"target\":{\"@type\":\"EntryPoint\",\"urlTemplate\":\"https:\\\/\\\/fanmerch.fi\\\/?s={search_term_string}\"},\"query-input\":{\"@type\":\"PropertyValueSpecification\",\"valueRequired\":true,\"valueName\":\"search_term_string\"}}],\"inLanguage\":\"en-GB\"}]}<\/script>\n<meta property=\"product:price:amount\" content=\"20.00\" \/>\n<meta property=\"product:price:currency\" content=\"EUR\" \/>\n<meta property=\"og:availability\" content=\"instock\" \/>\n<meta property=\"product:availability\" content=\"instock\" \/>\n<meta property=\"product:retailer_item_id\" content=\"Pallo-Iirot \/ Royal Blue \/ Baseball lippis\" \/>\n<meta property=\"product:condition\" content=\"new\" \/>\n<!-- \/ Yoast SEO Premium plugin. -->","yoast_head_json":{"title":"Pallo-Iirot | Baseball -lippis | Fanmerch Finland","robots":{"index":"index","follow":"follow","max-snippet":"max-snippet:-1","max-image-preview":"max-image-preview:large","max-video-preview":"max-video-preview:-1"},"canonical":"https:\/\/fanmerch.fi\/en\/product\/pallo-iirot-royal-blue-baseball-lippis\/","og_locale":"en_GB","og_type":"article","og_title":"Baseball -lippis","og_description":"Laadukas sininen Pallo-Iirot baseball -lippis. Edess\u00e4 n\u00e4ytt\u00e4v\u00e4 Pallo-Iirot-patch-logobrodeeraus. Yksi koko \u2013 sopii useimmille.     Toimitusaika 3-5 arkip\u00e4iv\u00e4\u00e4    100% puuvilla, snapback -kiinnitys","og_url":"https:\/\/fanmerch.fi\/en\/product\/pallo-iirot-royal-blue-baseball-lippis\/","og_site_name":"Fanmerch Finland","article_modified_time":"2025-12-04T09:41:53+00:00","og_image":[{"width":1538,"height":2000,"url":"https:\/\/fanmerch.fi\/wp-content\/uploads\/2024\/11\/pallo-iirot-baseball-lippis-royal-blue-side.jpg","type":"image\/jpeg"}],"twitter_card":"summary_large_image","twitter_misc":{"Price":"20.00&euro;","Availability":"In stock"},"schema":{"@context":"https:\/\/schema.org","@graph":[{"@type":"WebPage","@id":"https:\/\/fanmerch.fi\/tuote\/pallo-iirot-royal-blue-baseball-lippis\/","url":"https:\/\/fanmerch.fi\/tuote\/pallo-iirot-royal-blue-baseball-lippis\/","name":"Pallo-Iirot | Baseball -lippis | Fanmerch Finland","isPartOf":{"@id":"https:\/\/fanmerch.fi\/#website"},"primaryImageOfPage":{"@id":"https:\/\/fanmerch.fi\/tuote\/pallo-iirot-royal-blue-baseball-lippis\/#primaryimage"},"image":{"@id":"https:\/\/fanmerch.fi\/tuote\/pallo-iirot-royal-blue-baseball-lippis\/#primaryimage"},"thumbnailUrl":"https:\/\/fanmerch.fi\/wp-content\/uploads\/2024\/11\/pallo-iirot-baseball-lippis-royal-blue-side.jpg","datePublished":"2025-11-20T15:15:23+00:00","dateModified":"2025-12-04T09:41:53+00:00","breadcrumb":{"@id":"https:\/\/fanmerch.fi\/tuote\/pallo-iirot-royal-blue-baseball-lippis\/#breadcrumb"},"inLanguage":"en-GB","potentialAction":[{"@type":"ReadAction","target":["https:\/\/fanmerch.fi\/tuote\/pallo-iirot-royal-blue-baseball-lippis\/"]}]},{"@type":"ImageObject","inLanguage":"en-GB","@id":"https:\/\/fanmerch.fi\/tuote\/pallo-iirot-royal-blue-baseball-lippis\/#primaryimage","url":"https:\/\/fanmerch.fi\/wp-content\/uploads\/2024\/11\/pallo-iirot-baseball-lippis-royal-blue-side.jpg","contentUrl":"https:\/\/fanmerch.fi\/wp-content\/uploads\/2024\/11\/pallo-iirot-baseball-lippis-royal-blue-side.jpg","width":1538,"height":2000},{"@type":"BreadcrumbList","@id":"https:\/\/fanmerch.fi\/tuote\/pallo-iirot-royal-blue-baseball-lippis\/#breadcrumb","itemListElement":[{"@type":"ListItem","position":1,"name":"Etusivu","item":"https:\/\/fanmerch.fi\/"},{"@type":"ListItem","position":2,"name":"Kauppa","item":"https:\/\/fanmerch.fi\/kauppa\/"},{"@type":"ListItem","position":3,"name":"Baseball -lippis"}]},{"@type":"WebSite","@id":"https:\/\/fanmerch.fi\/#website","url":"https:\/\/fanmerch.fi\/","name":"Fanmerch Finland","description":"","potentialAction":[{"@type":"SearchAction","target":{"@type":"EntryPoint","urlTemplate":"https:\/\/fanmerch.fi\/?s={search_term_string}"},"query-input":{"@type":"PropertyValueSpecification","valueRequired":true,"valueName":"search_term_string"}}],"inLanguage":"en-GB"}]},"product_price_amount":"20.00","product_price_currency":"EUR","og_availability":"instock","product_availability":"instock","product_retailer_item_id":"Pallo-Iirot \/ Royal Blue \/ Baseball lippis","product_condition":"new"},"_links":{"self":[{"href":"https:\/\/fanmerch.fi\/en\/wp-json\/wp\/v2\/product\/53589","targetHints":{"allow":["GET"]}}],"collection":[{"href":"https:\/\/fanmerch.fi\/en\/wp-json\/wp\/v2\/product"}],"about":[{"href":"https:\/\/fanmerch.fi\/en\/wp-json\/wp\/v2\/types\/product"}],"author":[{"embeddable":true,"href":"https:\/\/fanmerch.fi\/en\/wp-json\/wp\/v2\/users\/16"}],"version-history":[{"count":1,"href":"https:\/\/fanmerch.fi\/en\/wp-json\/wp\/v2\/product\/53589\/revisions"}],"predecessor-version":[{"id":53590,"href":"https:\/\/fanmerch.fi\/en\/wp-json\/wp\/v2\/product\/53589\/revisions\/53590"}],"wp:featuredmedia":[{"embeddable":true,"href":"https:\/\/fanmerch.fi\/en\/wp-json\/wp\/v2\/media\/53302"}],"wp:attachment":[{"href":"https:\/\/fanmerch.fi\/en\/wp-json\/wp\/v2\/media?parent=53589"}],"wp:term":[{"taxonomy":"product_brand","embeddable":true,"href":"https:\/\/fanmerch.fi\/en\/wp-json\/wp\/v2\/product_brand?post=53589"},{"taxonomy":"product_cat","embeddable":true,"href":"https:\/\/fanmerch.fi\/en\/wp-json\/wp\/v2\/product_cat?post=53589"},{"taxonomy":"product_tag","embeddable":true,"href":"https:\/\/fanmerch.fi\/en\/wp-json\/wp\/v2\/product_tag?post=53589"}],"curies":[{"name":"wp","href":"https:\/\/api.w.org\/{rel}","templated":true}]}}