{"id":54178,"date":"2025-12-03T07:00:24","date_gmt":"2025-12-03T04:00:24","guid":{"rendered":"https:\/\/fanmerch.fi\/?post_type=product&#038;p=54178"},"modified":"2025-12-03T09:57:27","modified_gmt":"2025-12-03T06:57:27","slug":"sb-vantaa-floorball-heritage-kids-black-hoody","status":"publish","type":"product","link":"https:\/\/fanmerch.fi\/en\/product\/sb-vantaa-floorball-heritage-kids-black-hoody\/","title":{"rendered":"Floorball Heritage, Kids Hoody"},"content":{"rendered":"","protected":false},"excerpt":{"rendered":"<p class=\"ai-optimize-13\">Laadukas ja vastuullisesti valmistettu musta lasten huppari. Miellytt\u00e4v\u00e4 ja kest\u00e4v\u00e4 kangas tekee hupparista mukavan jokap\u00e4iv\u00e4iseen k\u00e4ytt\u00f6\u00f6n. Edess\u00e4 \u201dFloorball Heritage\u201d -painatus.<\/p>\n<ul>\n<li class=\"ai-optimize-14\">\n<h5 class=\"ai-optimize-15\">Painotuote, toimitusaika 1-4 arkip\u00e4iv\u00e4\u00e4<\/h5>\n<\/li>\n<li class=\"ai-optimize-18\">\n<h5 class=\"ai-optimize-19\">80% Puuvilla, 20% polyesteri, 280 g\/m\u00b2<\/h5>\n<\/li>\n<\/ul>","protected":false},"author":1,"featured_media":54136,"template":"","meta":[],"product_brand":[],"product_cat":[223],"product_tag":[136,31,78],"class_list":{"0":"post-54178","1":"product","2":"type-product","3":"status-publish","4":"has-post-thumbnail","6":"product_cat-sb-vantaa","7":"product_tag-kaikki","8":"product_tag-lasten-tuotteet","9":"product_tag-sb-vantaa","10":"product_shipping_class-matkahuolto","12":"first","13":"instock","14":"taxable","15":"shipping-taxable","16":"purchasable","17":"product-type-variable"},"yoast_head":"<!-- This site is optimized with the Yoast SEO Premium plugin v26.9 (Yoast SEO v27.4) - https:\/\/yoast.com\/product\/yoast-seo-premium-wordpress\/ -->\n<title>SB Vantaa | Floorball Heritage, Kids Hoody | Fanmerch Finland<\/title>\n<meta name=\"robots\" content=\"index, follow, max-snippet:-1, max-image-preview:large, max-video-preview:-1\" \/>\n<link rel=\"canonical\" href=\"https:\/\/fanmerch.fi\/en\/product\/sb-vantaa-floorball-heritage-kids-black-hoody\/\" \/>\n<meta property=\"og:locale\" content=\"en_GB\" \/>\n<meta property=\"og:type\" content=\"article\" \/>\n<meta property=\"og:title\" content=\"Gladiators Hockey | Floorball Heritage, Kids Hoody | Fanmerch Finland\" \/>\n<meta property=\"og:description\" content=\"Sporttinen ja trendik\u00e4s vaalenaharmaa huppari s\u00e4\u00e4dett\u00e4v\u00e4ll\u00e4 hupulla ja isolla kengurutaskulla. Huppari on eritt\u00e4in laadukas ja valmistettu korkeatasoisista materiaaleista. Edess\u00e4 iso &quot;Distressed Shield&quot; -painatus.\" \/>\n<meta property=\"og:url\" content=\"https:\/\/fanmerch.fi\/en\/product\/sb-vantaa-floorball-heritage-kids-black-hoody\/\" \/>\n<meta property=\"og:site_name\" content=\"Fanmerch Finland\" \/>\n<meta property=\"article:modified_time\" content=\"2025-12-03T06:57:27+00:00\" \/>\n<meta property=\"og:image\" content=\"https:\/\/fanmerch.fi\/wp-content\/uploads\/2024\/08\/sb-vantaa-floorball-heritage-kids-black-hoody.jpg\" \/>\n\t<meta property=\"og:image:width\" content=\"1695\" \/>\n\t<meta property=\"og:image:height\" content=\"2200\" \/>\n\t<meta property=\"og:image:type\" content=\"image\/jpeg\" \/>\n<meta name=\"twitter:card\" content=\"summary_large_image\" \/>\n<meta name=\"twitter:title\" content=\"Gladiators Hockey | Floorball Heritage, Kids Hoody | Fanmerch Finland\" \/>\n<meta name=\"twitter:description\" content=\"Sporttinen ja trendik\u00e4s vaalenaharmaa huppari s\u00e4\u00e4dett\u00e4v\u00e4ll\u00e4 hupulla ja isolla kengurutaskulla. Huppari on eritt\u00e4in laadukas ja valmistettu korkeatasoisista materiaaleista. Edess\u00e4 iso &quot;Distressed Shield&quot; -painatus.\" \/>\n<meta name=\"twitter:label1\" content=\"Availability\" \/>\n\t<meta name=\"twitter:data1\" content=\"In stock\" \/>\n<script type=\"application\/ld+json\" class=\"yoast-schema-graph\">{\"@context\":\"https:\\\/\\\/schema.org\",\"@graph\":[{\"@type\":\"WebPage\",\"@id\":\"https:\\\/\\\/fanmerch.fi\\\/tuote\\\/sb-vantaa-floorball-heritage-kids-black-hoody\\\/\",\"url\":\"https:\\\/\\\/fanmerch.fi\\\/tuote\\\/sb-vantaa-floorball-heritage-kids-black-hoody\\\/\",\"name\":\"SB Vantaa | Floorball Heritage, Kids Hoody | Fanmerch Finland\",\"isPartOf\":{\"@id\":\"https:\\\/\\\/fanmerch.fi\\\/#website\"},\"primaryImageOfPage\":{\"@id\":\"https:\\\/\\\/fanmerch.fi\\\/tuote\\\/sb-vantaa-floorball-heritage-kids-black-hoody\\\/#primaryimage\"},\"image\":{\"@id\":\"https:\\\/\\\/fanmerch.fi\\\/tuote\\\/sb-vantaa-floorball-heritage-kids-black-hoody\\\/#primaryimage\"},\"thumbnailUrl\":\"https:\\\/\\\/fanmerch.fi\\\/wp-content\\\/uploads\\\/2024\\\/08\\\/sb-vantaa-floorball-heritage-kids-black-hoody.jpg\",\"datePublished\":\"2025-12-03T04:00:24+00:00\",\"dateModified\":\"2025-12-03T06:57:27+00:00\",\"breadcrumb\":{\"@id\":\"https:\\\/\\\/fanmerch.fi\\\/tuote\\\/sb-vantaa-floorball-heritage-kids-black-hoody\\\/#breadcrumb\"},\"inLanguage\":\"en-GB\",\"potentialAction\":[{\"@type\":\"ReadAction\",\"target\":[\"https:\\\/\\\/fanmerch.fi\\\/tuote\\\/sb-vantaa-floorball-heritage-kids-black-hoody\\\/\"]}]},{\"@type\":\"ImageObject\",\"inLanguage\":\"en-GB\",\"@id\":\"https:\\\/\\\/fanmerch.fi\\\/tuote\\\/sb-vantaa-floorball-heritage-kids-black-hoody\\\/#primaryimage\",\"url\":\"https:\\\/\\\/fanmerch.fi\\\/wp-content\\\/uploads\\\/2024\\\/08\\\/sb-vantaa-floorball-heritage-kids-black-hoody.jpg\",\"contentUrl\":\"https:\\\/\\\/fanmerch.fi\\\/wp-content\\\/uploads\\\/2024\\\/08\\\/sb-vantaa-floorball-heritage-kids-black-hoody.jpg\",\"width\":1695,\"height\":2200},{\"@type\":\"BreadcrumbList\",\"@id\":\"https:\\\/\\\/fanmerch.fi\\\/tuote\\\/sb-vantaa-floorball-heritage-kids-black-hoody\\\/#breadcrumb\",\"itemListElement\":[{\"@type\":\"ListItem\",\"position\":1,\"name\":\"Etusivu\",\"item\":\"https:\\\/\\\/fanmerch.fi\\\/\"},{\"@type\":\"ListItem\",\"position\":2,\"name\":\"Kauppa\",\"item\":\"https:\\\/\\\/fanmerch.fi\\\/kauppa\\\/\"},{\"@type\":\"ListItem\",\"position\":3,\"name\":\"Floorball Heritage, Kids Hoody\"}]},{\"@type\":\"WebSite\",\"@id\":\"https:\\\/\\\/fanmerch.fi\\\/#website\",\"url\":\"https:\\\/\\\/fanmerch.fi\\\/\",\"name\":\"Fanmerch Finland\",\"description\":\"\",\"potentialAction\":[{\"@type\":\"SearchAction\",\"target\":{\"@type\":\"EntryPoint\",\"urlTemplate\":\"https:\\\/\\\/fanmerch.fi\\\/?s={search_term_string}\"},\"query-input\":{\"@type\":\"PropertyValueSpecification\",\"valueRequired\":true,\"valueName\":\"search_term_string\"}}],\"inLanguage\":\"en-GB\"}]}<\/script>\n<meta property=\"og:availability\" content=\"instock\" \/>\n<meta property=\"product:availability\" content=\"instock\" \/>\n<meta property=\"product:retailer_item_id\" content=\"SB Vantaa \/ Floorball Heritage \/ Black \/ Kids \/ Hoody\" \/>\n<meta property=\"product:condition\" content=\"new\" \/>\n<!-- \/ Yoast SEO Premium plugin. -->","yoast_head_json":{"title":"SB Vantaa | Floorball Heritage, Kids Hoody | Fanmerch Finland","robots":{"index":"index","follow":"follow","max-snippet":"max-snippet:-1","max-image-preview":"max-image-preview:large","max-video-preview":"max-video-preview:-1"},"canonical":"https:\/\/fanmerch.fi\/en\/product\/sb-vantaa-floorball-heritage-kids-black-hoody\/","og_locale":"en_GB","og_type":"article","og_title":"Gladiators Hockey | Floorball Heritage, Kids Hoody | Fanmerch Finland","og_description":"Sporttinen ja trendik\u00e4s vaalenaharmaa huppari s\u00e4\u00e4dett\u00e4v\u00e4ll\u00e4 hupulla ja isolla kengurutaskulla. Huppari on eritt\u00e4in laadukas ja valmistettu korkeatasoisista materiaaleista. Edess\u00e4 iso \"Distressed Shield\" -painatus.","og_url":"https:\/\/fanmerch.fi\/en\/product\/sb-vantaa-floorball-heritage-kids-black-hoody\/","og_site_name":"Fanmerch Finland","article_modified_time":"2025-12-03T06:57:27+00:00","og_image":[{"width":1695,"height":2200,"url":"https:\/\/fanmerch.fi\/wp-content\/uploads\/2024\/08\/sb-vantaa-floorball-heritage-kids-black-hoody.jpg","type":"image\/jpeg"}],"twitter_card":"summary_large_image","twitter_title":"Gladiators Hockey | Floorball Heritage, Kids Hoody | Fanmerch Finland","twitter_description":"Sporttinen ja trendik\u00e4s vaalenaharmaa huppari s\u00e4\u00e4dett\u00e4v\u00e4ll\u00e4 hupulla ja isolla kengurutaskulla. Huppari on eritt\u00e4in laadukas ja valmistettu korkeatasoisista materiaaleista. Edess\u00e4 iso \"Distressed Shield\" -painatus.","twitter_misc":{"Availability":"In stock"},"schema":{"@context":"https:\/\/schema.org","@graph":[{"@type":"WebPage","@id":"https:\/\/fanmerch.fi\/tuote\/sb-vantaa-floorball-heritage-kids-black-hoody\/","url":"https:\/\/fanmerch.fi\/tuote\/sb-vantaa-floorball-heritage-kids-black-hoody\/","name":"SB Vantaa | Floorball Heritage, Kids Hoody | Fanmerch Finland","isPartOf":{"@id":"https:\/\/fanmerch.fi\/#website"},"primaryImageOfPage":{"@id":"https:\/\/fanmerch.fi\/tuote\/sb-vantaa-floorball-heritage-kids-black-hoody\/#primaryimage"},"image":{"@id":"https:\/\/fanmerch.fi\/tuote\/sb-vantaa-floorball-heritage-kids-black-hoody\/#primaryimage"},"thumbnailUrl":"https:\/\/fanmerch.fi\/wp-content\/uploads\/2024\/08\/sb-vantaa-floorball-heritage-kids-black-hoody.jpg","datePublished":"2025-12-03T04:00:24+00:00","dateModified":"2025-12-03T06:57:27+00:00","breadcrumb":{"@id":"https:\/\/fanmerch.fi\/tuote\/sb-vantaa-floorball-heritage-kids-black-hoody\/#breadcrumb"},"inLanguage":"en-GB","potentialAction":[{"@type":"ReadAction","target":["https:\/\/fanmerch.fi\/tuote\/sb-vantaa-floorball-heritage-kids-black-hoody\/"]}]},{"@type":"ImageObject","inLanguage":"en-GB","@id":"https:\/\/fanmerch.fi\/tuote\/sb-vantaa-floorball-heritage-kids-black-hoody\/#primaryimage","url":"https:\/\/fanmerch.fi\/wp-content\/uploads\/2024\/08\/sb-vantaa-floorball-heritage-kids-black-hoody.jpg","contentUrl":"https:\/\/fanmerch.fi\/wp-content\/uploads\/2024\/08\/sb-vantaa-floorball-heritage-kids-black-hoody.jpg","width":1695,"height":2200},{"@type":"BreadcrumbList","@id":"https:\/\/fanmerch.fi\/tuote\/sb-vantaa-floorball-heritage-kids-black-hoody\/#breadcrumb","itemListElement":[{"@type":"ListItem","position":1,"name":"Etusivu","item":"https:\/\/fanmerch.fi\/"},{"@type":"ListItem","position":2,"name":"Kauppa","item":"https:\/\/fanmerch.fi\/kauppa\/"},{"@type":"ListItem","position":3,"name":"Floorball Heritage, Kids Hoody"}]},{"@type":"WebSite","@id":"https:\/\/fanmerch.fi\/#website","url":"https:\/\/fanmerch.fi\/","name":"Fanmerch Finland","description":"","potentialAction":[{"@type":"SearchAction","target":{"@type":"EntryPoint","urlTemplate":"https:\/\/fanmerch.fi\/?s={search_term_string}"},"query-input":{"@type":"PropertyValueSpecification","valueRequired":true,"valueName":"search_term_string"}}],"inLanguage":"en-GB"}]},"og_availability":"instock","product_availability":"instock","product_retailer_item_id":"SB Vantaa \/ Floorball Heritage \/ Black \/ Kids \/ Hoody","product_condition":"new"},"_links":{"self":[{"href":"https:\/\/fanmerch.fi\/en\/wp-json\/wp\/v2\/product\/54178","targetHints":{"allow":["GET"]}}],"collection":[{"href":"https:\/\/fanmerch.fi\/en\/wp-json\/wp\/v2\/product"}],"about":[{"href":"https:\/\/fanmerch.fi\/en\/wp-json\/wp\/v2\/types\/product"}],"author":[{"embeddable":true,"href":"https:\/\/fanmerch.fi\/en\/wp-json\/wp\/v2\/users\/1"}],"version-history":[{"count":1,"href":"https:\/\/fanmerch.fi\/en\/wp-json\/wp\/v2\/product\/54178\/revisions"}],"predecessor-version":[{"id":54180,"href":"https:\/\/fanmerch.fi\/en\/wp-json\/wp\/v2\/product\/54178\/revisions\/54180"}],"wp:featuredmedia":[{"embeddable":true,"href":"https:\/\/fanmerch.fi\/en\/wp-json\/wp\/v2\/media\/54136"}],"wp:attachment":[{"href":"https:\/\/fanmerch.fi\/en\/wp-json\/wp\/v2\/media?parent=54178"}],"wp:term":[{"taxonomy":"product_brand","embeddable":true,"href":"https:\/\/fanmerch.fi\/en\/wp-json\/wp\/v2\/product_brand?post=54178"},{"taxonomy":"product_cat","embeddable":true,"href":"https:\/\/fanmerch.fi\/en\/wp-json\/wp\/v2\/product_cat?post=54178"},{"taxonomy":"product_tag","embeddable":true,"href":"https:\/\/fanmerch.fi\/en\/wp-json\/wp\/v2\/product_tag?post=54178"}],"curies":[{"name":"wp","href":"https:\/\/api.w.org\/{rel}","templated":true}]}}